{"id":73964,"date":"2024-09-30T11:51:58","date_gmt":"2024-09-30T09:51:59","guid":{"rendered":"https:\/\/www.champmarket.com\/?post_type=product&#038;p=73964"},"modified":"2024-10-10T10:44:36","modified_gmt":"2024-10-10T08:44:36","slug":"veuve-clicquot-rose-bottiglia-2","status":"publish","type":"product","link":"https:\/\/www.champmarket.com\/it\/champagne\/veuve-clicquot-rose-bottiglia-2\/","title":{"rendered":"Veuve Clicquot Ros\u00e9 Bottiglia nuova"},"content":{"rendered":"<p>Uno champagne fresco, strutturato e gourmet da condividere con gli amici.<\/p>\n","protected":false},"excerpt":{"rendered":"<p>Veuve Clicquot Ros\u00e9 \u00e8 una cuv\u00e9es per tutti i momenti pi\u00f9 belli, uno champagne fresco, strutturato e gourmet da condividere con gli amici. Brut Pinot Noir Chardonnay Espressione ros\u00e9 della Carte Jaune, la firma di Veuve Clicquot, il Ros\u00e9 ha la stessa struttura: l&#8217;intensit\u00e0 dell&#8217;uva, che domina l&#8217;assemblaggio e segna lo stile della Maison Veuve Clicquot, la finezza e l&#8217;eleganza dell&#8217;uva e la rotondit\u00e0 del tocco di Meunier.  <\/p>\n","protected":false},"featured_media":73986,"template":"","meta":{"_acf_changed":false},"product_brand":[],"product_cat":[3537,3494,3410,2729,3307,2387,2411,2238,2775,2376,2223],"product_tag":[2228,2250],"class_list":{"0":"post-73964","1":"product","2":"type-product","3":"status-publish","4":"has-post-thumbnail","6":"maisons-selection-champagne-veuve-clicquot-it","7":"product_cat-offerta-di-bottiglie-allingrosso-b2b","8":"product_cat-selezione-per-box-da-bottiglia-rose","9":"product_cat-champagne-di-primavera","10":"product_cat-selezione-per-box-composita-da-6-bottiglie-469e","11":"product_cat-tutti-gli-champagne-e-i-set-regalo-esclusivi","12":"product_cat-categorie-maisons-de-champagne-it","13":"product_cat-categorie-veuve-clicquot-it","14":"product_cat-bouteilles-it","15":"product_cat-tutti-gli-champagne","16":"product_cat-champagne-rose-it","17":"product_cat-aperitif-it","18":"product_tag-aperitif-it","19":"product_tag-la-vie-en-rose-it","21":"first","22":"instock","23":"taxable","24":"shipping-taxable","25":"purchasable","26":"product-type-simple"},"acf":[],"yoast_head":"<!-- This site is optimized with the Yoast SEO plugin v26.4 - https:\/\/yoast.com\/wordpress\/plugins\/seo\/ -->\n<title>Veuve Clicquot Ros\u00e9 Bottiglia nuova - Champmarket<\/title>\n<meta name=\"description\" content=\"Veuve Clicquot Ros\u00e9 \u00e8 una cuv\u00e9es per tutti quei momenti speciali, uno champagne fresco, strutturato e delizioso da condividere con gli amici.\" \/>\n<meta name=\"robots\" content=\"index, follow, max-snippet:-1, max-image-preview:large, max-video-preview:-1\" \/>\n<link rel=\"canonical\" href=\"https:\/\/www.champmarket.com\/it\/champagne\/veuve-clicquot-rose-bottiglia-2\/\" \/>\n<meta property=\"og:locale\" content=\"it_IT\" \/>\n<meta property=\"og:type\" content=\"article\" \/>\n<meta property=\"og:title\" content=\"Veuve Clicquot Ros\u00e9 Bottiglia nuova - Champmarket\" \/>\n<meta property=\"og:description\" content=\"Veuve Clicquot Ros\u00e9 \u00e8 una cuv\u00e9es per tutti quei momenti speciali, uno champagne fresco, strutturato e delizioso da condividere con gli amici.\" \/>\n<meta property=\"og:url\" content=\"https:\/\/www.champmarket.com\/it\/champagne\/veuve-clicquot-rose-bottiglia-2\/\" \/>\n<meta property=\"og:site_name\" content=\"Champmarket\" \/>\n<meta property=\"article:publisher\" content=\"https:\/\/www.facebook.com\/ChampMarket\/\" \/>\n<meta property=\"article:modified_time\" content=\"2024-10-10T08:44:36+00:00\" \/>\n<meta property=\"og:image\" content=\"https:\/\/www.champmarket.com\/wp-content\/uploads\/2024\/09\/veuve-clicquot-rose-bouteille.webp\" \/>\n\t<meta property=\"og:image:width\" content=\"1200\" \/>\n\t<meta property=\"og:image:height\" content=\"1200\" \/>\n\t<meta property=\"og:image:type\" content=\"image\/webp\" \/>\n<meta name=\"twitter:card\" content=\"summary_large_image\" \/>\n<meta name=\"twitter:site\" content=\"@champmarket\" \/>\n<meta name=\"twitter:label1\" content=\"Tempo di lettura stimato\" \/>\n\t<meta name=\"twitter:data1\" content=\"1 minuto\" \/>\n<script type=\"application\/ld+json\" class=\"yoast-schema-graph\">{\"@context\":\"https:\/\/schema.org\",\"@graph\":[{\"@type\":\"WebPage\",\"@id\":\"https:\/\/www.champmarket.com\/it\/champagne\/veuve-clicquot-rose-bottiglia-2\/\",\"url\":\"https:\/\/www.champmarket.com\/it\/champagne\/veuve-clicquot-rose-bottiglia-2\/\",\"name\":\"Veuve Clicquot Ros\u00e9 Bottiglia nuova - Champmarket\",\"isPartOf\":{\"@id\":\"https:\/\/www.champmarket.com\/#website\"},\"primaryImageOfPage\":{\"@id\":\"https:\/\/www.champmarket.com\/it\/champagne\/veuve-clicquot-rose-bottiglia-2\/#primaryimage\"},\"image\":{\"@id\":\"https:\/\/www.champmarket.com\/it\/champagne\/veuve-clicquot-rose-bottiglia-2\/#primaryimage\"},\"thumbnailUrl\":\"https:\/\/www.champmarket.com\/wp-content\/uploads\/2024\/09\/veuve-clicquot-rose-bouteille.webp\",\"datePublished\":\"2024-09-30T09:51:59+00:00\",\"dateModified\":\"2024-10-10T08:44:36+00:00\",\"description\":\"Veuve Clicquot Ros\u00e9 \u00e8 una cuv\u00e9es per tutti quei momenti speciali, uno champagne fresco, strutturato e delizioso da condividere con gli amici.\",\"breadcrumb\":{\"@id\":\"https:\/\/www.champmarket.com\/it\/champagne\/veuve-clicquot-rose-bottiglia-2\/#breadcrumb\"},\"inLanguage\":\"it-IT\",\"potentialAction\":[{\"@type\":\"ReadAction\",\"target\":[\"https:\/\/www.champmarket.com\/it\/champagne\/veuve-clicquot-rose-bottiglia-2\/\"]}]},{\"@type\":\"ImageObject\",\"inLanguage\":\"it-IT\",\"@id\":\"https:\/\/www.champmarket.com\/it\/champagne\/veuve-clicquot-rose-bottiglia-2\/#primaryimage\",\"url\":\"https:\/\/www.champmarket.com\/wp-content\/uploads\/2024\/09\/veuve-clicquot-rose-bouteille.webp\",\"contentUrl\":\"https:\/\/www.champmarket.com\/wp-content\/uploads\/2024\/09\/veuve-clicquot-rose-bouteille.webp\",\"width\":1200,\"height\":1200,\"caption\":\"Champagne Veuve Clicquot Ros\u00e9 - Champmarket\"},{\"@type\":\"BreadcrumbList\",\"@id\":\"https:\/\/www.champmarket.com\/it\/champagne\/veuve-clicquot-rose-bottiglia-2\/#breadcrumb\",\"itemListElement\":[{\"@type\":\"ListItem\",\"position\":1,\"name\":\"Home\",\"item\":\"https:\/\/www.champmarket.com\/it\/acquista-champagne-online-champmarket\/\"},{\"@type\":\"ListItem\",\"position\":2,\"name\":\"Shop\",\"item\":\"https:\/\/www.champmarket.com\/it\/shop\/\"},{\"@type\":\"ListItem\",\"position\":3,\"name\":\"Veuve Clicquot\",\"item\":\"https:\/\/www.champmarket.com\/it\/maisons\/selection-champagne-veuve-clicquot-it\/\"},{\"@type\":\"ListItem\",\"position\":4,\"name\":\"Veuve Clicquot Ros\u00e9 Bottiglia nuova\"}]},{\"@type\":\"WebSite\",\"@id\":\"https:\/\/www.champmarket.com\/#website\",\"url\":\"https:\/\/www.champmarket.com\/\",\"name\":\"Champmarket\",\"description\":\"Champmarket, Champagnes, Cadeaux et Art de Vivre\",\"publisher\":{\"@id\":\"https:\/\/www.champmarket.com\/#organization\"},\"potentialAction\":[{\"@type\":\"SearchAction\",\"target\":{\"@type\":\"EntryPoint\",\"urlTemplate\":\"https:\/\/www.champmarket.com\/?s={search_term_string}\"},\"query-input\":{\"@type\":\"PropertyValueSpecification\",\"valueRequired\":true,\"valueName\":\"search_term_string\"}}],\"inLanguage\":\"it-IT\"},{\"@type\":\"Organization\",\"@id\":\"https:\/\/www.champmarket.com\/#organization\",\"name\":\"Champmarket\",\"url\":\"https:\/\/www.champmarket.com\/\",\"logo\":{\"@type\":\"ImageObject\",\"inLanguage\":\"it-IT\",\"@id\":\"https:\/\/www.champmarket.com\/#\/schema\/logo\/image\/\",\"url\":\"https:\/\/www.champmarket.com\/wp-content\/uploads\/2024\/08\/logo2024-1.svg\",\"contentUrl\":\"https:\/\/www.champmarket.com\/wp-content\/uploads\/2024\/08\/logo2024-1.svg\",\"width\":579.8,\"height\":80,\"caption\":\"Champmarket\"},\"image\":{\"@id\":\"https:\/\/www.champmarket.com\/#\/schema\/logo\/image\/\"},\"sameAs\":[\"https:\/\/www.facebook.com\/ChampMarket\/\",\"https:\/\/x.com\/champmarket\",\"https:\/\/www.instagram.com\/champmarket.paris\/\",\"https:\/\/www.pinterest.fr\/champmarketparis\/\",\"https:\/\/www.linkedin.com\/company\/champmarket\/\"]}]}<\/script>\n<!-- \/ Yoast SEO plugin. -->","yoast_head_json":{"title":"Veuve Clicquot Ros\u00e9 Bottiglia nuova - Champmarket","description":"Veuve Clicquot Ros\u00e9 \u00e8 una cuv\u00e9es per tutti quei momenti speciali, uno champagne fresco, strutturato e delizioso da condividere con gli amici.","robots":{"index":"index","follow":"follow","max-snippet":"max-snippet:-1","max-image-preview":"max-image-preview:large","max-video-preview":"max-video-preview:-1"},"canonical":"https:\/\/www.champmarket.com\/it\/champagne\/veuve-clicquot-rose-bottiglia-2\/","og_locale":"it_IT","og_type":"article","og_title":"Veuve Clicquot Ros\u00e9 Bottiglia nuova - Champmarket","og_description":"Veuve Clicquot Ros\u00e9 \u00e8 una cuv\u00e9es per tutti quei momenti speciali, uno champagne fresco, strutturato e delizioso da condividere con gli amici.","og_url":"https:\/\/www.champmarket.com\/it\/champagne\/veuve-clicquot-rose-bottiglia-2\/","og_site_name":"Champmarket","article_publisher":"https:\/\/www.facebook.com\/ChampMarket\/","article_modified_time":"2024-10-10T08:44:36+00:00","og_image":[{"width":1200,"height":1200,"url":"https:\/\/www.champmarket.com\/wp-content\/uploads\/2024\/09\/veuve-clicquot-rose-bouteille.webp","type":"image\/webp"}],"twitter_card":"summary_large_image","twitter_site":"@champmarket","twitter_misc":{"Tempo di lettura stimato":"1 minuto"},"schema":{"@context":"https:\/\/schema.org","@graph":[{"@type":"WebPage","@id":"https:\/\/www.champmarket.com\/it\/champagne\/veuve-clicquot-rose-bottiglia-2\/","url":"https:\/\/www.champmarket.com\/it\/champagne\/veuve-clicquot-rose-bottiglia-2\/","name":"Veuve Clicquot Ros\u00e9 Bottiglia nuova - Champmarket","isPartOf":{"@id":"https:\/\/www.champmarket.com\/#website"},"primaryImageOfPage":{"@id":"https:\/\/www.champmarket.com\/it\/champagne\/veuve-clicquot-rose-bottiglia-2\/#primaryimage"},"image":{"@id":"https:\/\/www.champmarket.com\/it\/champagne\/veuve-clicquot-rose-bottiglia-2\/#primaryimage"},"thumbnailUrl":"https:\/\/www.champmarket.com\/wp-content\/uploads\/2024\/09\/veuve-clicquot-rose-bouteille.webp","datePublished":"2024-09-30T09:51:59+00:00","dateModified":"2024-10-10T08:44:36+00:00","description":"Veuve Clicquot Ros\u00e9 \u00e8 una cuv\u00e9es per tutti quei momenti speciali, uno champagne fresco, strutturato e delizioso da condividere con gli amici.","breadcrumb":{"@id":"https:\/\/www.champmarket.com\/it\/champagne\/veuve-clicquot-rose-bottiglia-2\/#breadcrumb"},"inLanguage":"it-IT","potentialAction":[{"@type":"ReadAction","target":["https:\/\/www.champmarket.com\/it\/champagne\/veuve-clicquot-rose-bottiglia-2\/"]}]},{"@type":"ImageObject","inLanguage":"it-IT","@id":"https:\/\/www.champmarket.com\/it\/champagne\/veuve-clicquot-rose-bottiglia-2\/#primaryimage","url":"https:\/\/www.champmarket.com\/wp-content\/uploads\/2024\/09\/veuve-clicquot-rose-bouteille.webp","contentUrl":"https:\/\/www.champmarket.com\/wp-content\/uploads\/2024\/09\/veuve-clicquot-rose-bouteille.webp","width":1200,"height":1200,"caption":"Champagne Veuve Clicquot Ros\u00e9 - Champmarket"},{"@type":"BreadcrumbList","@id":"https:\/\/www.champmarket.com\/it\/champagne\/veuve-clicquot-rose-bottiglia-2\/#breadcrumb","itemListElement":[{"@type":"ListItem","position":1,"name":"Home","item":"https:\/\/www.champmarket.com\/it\/acquista-champagne-online-champmarket\/"},{"@type":"ListItem","position":2,"name":"Shop","item":"https:\/\/www.champmarket.com\/it\/shop\/"},{"@type":"ListItem","position":3,"name":"Veuve Clicquot","item":"https:\/\/www.champmarket.com\/it\/maisons\/selection-champagne-veuve-clicquot-it\/"},{"@type":"ListItem","position":4,"name":"Veuve Clicquot Ros\u00e9 Bottiglia nuova"}]},{"@type":"WebSite","@id":"https:\/\/www.champmarket.com\/#website","url":"https:\/\/www.champmarket.com\/","name":"Champmarket","description":"Champmarket, Champagnes, Cadeaux et Art de Vivre","publisher":{"@id":"https:\/\/www.champmarket.com\/#organization"},"potentialAction":[{"@type":"SearchAction","target":{"@type":"EntryPoint","urlTemplate":"https:\/\/www.champmarket.com\/?s={search_term_string}"},"query-input":{"@type":"PropertyValueSpecification","valueRequired":true,"valueName":"search_term_string"}}],"inLanguage":"it-IT"},{"@type":"Organization","@id":"https:\/\/www.champmarket.com\/#organization","name":"Champmarket","url":"https:\/\/www.champmarket.com\/","logo":{"@type":"ImageObject","inLanguage":"it-IT","@id":"https:\/\/www.champmarket.com\/#\/schema\/logo\/image\/","url":"https:\/\/www.champmarket.com\/wp-content\/uploads\/2024\/08\/logo2024-1.svg","contentUrl":"https:\/\/www.champmarket.com\/wp-content\/uploads\/2024\/08\/logo2024-1.svg","width":579.8,"height":80,"caption":"Champmarket"},"image":{"@id":"https:\/\/www.champmarket.com\/#\/schema\/logo\/image\/"},"sameAs":["https:\/\/www.facebook.com\/ChampMarket\/","https:\/\/x.com\/champmarket","https:\/\/www.instagram.com\/champmarket.paris\/","https:\/\/www.pinterest.fr\/champmarketparis\/","https:\/\/www.linkedin.com\/company\/champmarket\/"]}]}},"_links":{"self":[{"href":"https:\/\/www.champmarket.com\/it\/wp-json\/wp\/v2\/product\/73964","targetHints":{"allow":["GET"]}}],"collection":[{"href":"https:\/\/www.champmarket.com\/it\/wp-json\/wp\/v2\/product"}],"about":[{"href":"https:\/\/www.champmarket.com\/it\/wp-json\/wp\/v2\/types\/product"}],"version-history":[{"count":4,"href":"https:\/\/www.champmarket.com\/it\/wp-json\/wp\/v2\/product\/73964\/revisions"}],"predecessor-version":[{"id":74634,"href":"https:\/\/www.champmarket.com\/it\/wp-json\/wp\/v2\/product\/73964\/revisions\/74634"}],"wp:featuredmedia":[{"embeddable":true,"href":"https:\/\/www.champmarket.com\/it\/wp-json\/wp\/v2\/media\/73986"}],"wp:attachment":[{"href":"https:\/\/www.champmarket.com\/it\/wp-json\/wp\/v2\/media?parent=73964"}],"wp:term":[{"taxonomy":"product_brand","embeddable":true,"href":"https:\/\/www.champmarket.com\/it\/wp-json\/wp\/v2\/product_brand?post=73964"},{"taxonomy":"product_cat","embeddable":true,"href":"https:\/\/www.champmarket.com\/it\/wp-json\/wp\/v2\/product_cat?post=73964"},{"taxonomy":"product_tag","embeddable":true,"href":"https:\/\/www.champmarket.com\/it\/wp-json\/wp\/v2\/product_tag?post=73964"}],"curies":[{"name":"wp","href":"https:\/\/api.w.org\/{rel}","templated":true}]}}