{"id":74872,"date":"2024-10-14T14:59:53","date_gmt":"2024-10-14T12:59:53","guid":{"rendered":"https:\/\/www.champmarket.com\/?post_type=product&#038;p=74872"},"modified":"2025-05-13T14:48:32","modified_gmt":"2025-05-13T12:48:32","slug":"dom-perignon-vintage-2015-jean-michel-basquiat-bottiglia-con-box","status":"publish","type":"product","link":"https:\/\/www.champmarket.com\/it\/champagne\/dom-perignon-vintage-2015-jean-michel-basquiat-bottiglia-con-box\/","title":{"rendered":"Dom P\u00e9rignon Vintage 2015 Edizione Speciale Jean-Michel Basquiat bottiglia con box"},"content":{"rendered":"<p>La struttura del Vintage 2015 \u00e8 percepita come orizzontale, ampia e dritta, riflettendo l&#8217;intensit\u00e0 del vino. Ogni sorso copre il palato, lasciando il suo segno con sapori chiari e netti, tracciati in linee rette piuttosto che in curve. Questa concezione strutturata \u00e8 la vera firma di Dom P\u00e9rignon, dove il tatto diventa fondamentale. Senza questa dimensione tattile, il gusto del vino non potrebbe dispiegarsi pienamente nello spazio e nel tempo della sua degustazione.<\/p>\n<p>Dom P\u00e9rignon porta un&#8217;ambizione creativa, quella della ricerca, incessantemente rinnovata, di un&#8217;armonia dello champagne. Le sue qualit\u00e0 sensoriali vi si dispiegano: la precisione, l&#8217;intensit\u00e0, il tattile, il minerale, la complessit\u00e0, la completezza, un modo di tenere la nota.<\/p>\n<p>Tout processus cr\u00e9atif a sa contrainte. Per Dom P\u00e9rignon, \u00e8 quella dell&#8217;annata. Un impegno assoluto a essere testimoni della vendemmia di un&#8217;unica e stessa annata, qualunque sia la sfida, fino ad accettare di non dichiarare il millesimo.<\/p>\n<p>Il tempo \u00e8 nell&#8217;equazione di Dom P\u00e9rignon. Il tempo di una maturazione attiva sui lieviti, nell&#8217;oscurit\u00e0 delle cantine, ogni annata si rivela. Per Dom P\u00e9rignon Vintage 2015 con cofanetto, questa lenta metamorfosi ha richiesto quasi dieci anni.<\/p>\n","protected":false},"excerpt":{"rendered":"<p>Scoprite Dom P\u00e9rignon Vintage 2015 Edizione Speciale realizzata con i diritti ereditari di Jean-Michel Basquiat, una collezione singolare di tre bottiglie e cofanetti di colori diversi. \u00a9 Estate di Jean-Michel Basquiat. Licenziato da Artestar, New York. Con questa Edizione Limitata storica del Vintage 2015, Dom P\u00e9rignon rende omaggio all&#8217;arte dell&#8217;assemblaggio dei suoi champagne. Dom P\u00e9rignon Vintage 2015 Edizione Speciale esiste in 3 colori: Blu, Verde e Giallo. Il colore consegnato al momento dell&#8217;ordine \u00e8 casuale. Dom P\u00e9rignon Vintage 2015, nato da un anno dai contrasti eccezionali, si distingue per la sua forza e la sua presenza tattile, marcante. Questo millesimo, inizialmente oscuro ed enigmatico, rivela una texture che tocca in modo straordinario, offrendo un&#8217;esperienza sensoriale unica. L&#8217;emozione suscitata dal Vintage 2015 oscilla tra stimolazione e armonia. L&#8217;amarezza sottile agisce, mentre la generosit\u00e0 del vino dispiega una vibrazione lunga e una trama strutturata, aprendo progressivamente. Questa annata illustra perfettamente la capacit\u00e0 di Dom P\u00e9rignon di catturare l&#8217;essenza degli ingredienti con cui \u00e8 servito, promettendo una degustazione memorabile caratterizzata dalla sua intensit\u00e0 e dalla sua finezza.<\/p>\n","protected":false},"featured_media":74908,"template":"","meta":{"_acf_changed":false},"product_brand":[],"product_cat":[3307,2387,2393,2238,2423,2368,2775,2225,2375,2223,2224],"product_tag":[2248,2249,2259,2228,2255,2229,2232],"class_list":{"0":"post-74872","1":"product","2":"type-product","3":"status-publish","4":"has-post-thumbnail","6":"maisons-selection-champagne-dom-perignon-it","7":"product_cat-tutti-gli-champagne-e-i-set-regalo-esclusivi","8":"product_cat-categorie-maisons-de-champagne-it","9":"product_cat-categorie-dom-perignon-it","10":"product_cat-bouteilles-it","11":"product_cat-editions-limitees-it","12":"product_cat-regali-professionali-it","13":"product_cat-tutti-gli-champagne","14":"product_cat-champagne-millesime-it","15":"product_cat-champagne-prestige-it","16":"product_cat-aperitif-it","17":"product_cat-repas-it","18":"product_tag-haute-couture-it","19":"product_tag-incontournable-it","20":"product_tag-edition-limitee-it","21":"product_tag-aperitif-it","22":"product_tag-pour-offrir-it","23":"product_tag-per-un-pasto-con-champagne","24":"product_tag-vintage-it","26":"first","27":"outofstock","28":"taxable","29":"shipping-taxable","30":"purchasable","31":"product-type-simple"},"acf":[],"yoast_head":"<!-- This site is optimized with the Yoast SEO plugin v26.4 - https:\/\/yoast.com\/wordpress\/plugins\/seo\/ -->\n<title>Dom P\u00e9rignon Vintage 2015 Edizione Speciale Jean-Michel Basquiat bottiglia con box - Champmarket<\/title>\n<meta name=\"description\" content=\"Scoprite Dom P\u00e9rignon Vintage 2015 Edizione Speciale realizzata con i diritti ereditari di Jean-Michel Basquiat, una collezione singolare di tre bottiglie e cofanetti.\" \/>\n<meta name=\"robots\" content=\"index, follow, max-snippet:-1, max-image-preview:large, max-video-preview:-1\" \/>\n<link rel=\"canonical\" href=\"https:\/\/www.champmarket.com\/it\/champagne\/dom-perignon-vintage-2015-jean-michel-basquiat-bottiglia-con-box\/\" \/>\n<meta property=\"og:locale\" content=\"it_IT\" \/>\n<meta property=\"og:type\" content=\"article\" \/>\n<meta property=\"og:title\" content=\"Dom P\u00e9rignon Vintage 2015 Edizione Speciale Jean-Michel Basquiat bottiglia con box - Champmarket\" \/>\n<meta property=\"og:description\" content=\"Scoprite Dom P\u00e9rignon Vintage 2015 Edizione Speciale realizzata con i diritti ereditari di Jean-Michel Basquiat, una collezione singolare di tre bottiglie e cofanetti.\" \/>\n<meta property=\"og:url\" content=\"https:\/\/www.champmarket.com\/it\/champagne\/dom-perignon-vintage-2015-jean-michel-basquiat-bottiglia-con-box\/\" \/>\n<meta property=\"og:site_name\" content=\"Champmarket\" \/>\n<meta property=\"article:publisher\" content=\"https:\/\/www.facebook.com\/ChampMarket\/\" \/>\n<meta property=\"article:modified_time\" content=\"2025-05-13T12:48:32+00:00\" \/>\n<meta property=\"og:image\" content=\"https:\/\/www.champmarket.com\/wp-content\/uploads\/2024\/10\/dom-perignon-vintage-2015-edition-speciale-tribute-jean-michel-basquiat-bouteille-yellow-coffret.webp\" \/>\n\t<meta property=\"og:image:width\" content=\"1200\" \/>\n\t<meta property=\"og:image:height\" content=\"1200\" \/>\n\t<meta property=\"og:image:type\" content=\"image\/webp\" \/>\n<meta name=\"twitter:card\" content=\"summary_large_image\" \/>\n<meta name=\"twitter:site\" content=\"@champmarket\" \/>\n<meta name=\"twitter:label1\" content=\"Tempo di lettura stimato\" \/>\n\t<meta name=\"twitter:data1\" content=\"2 minuti\" \/>\n<script type=\"application\/ld+json\" class=\"yoast-schema-graph\">{\"@context\":\"https:\/\/schema.org\",\"@graph\":[{\"@type\":\"WebPage\",\"@id\":\"https:\/\/www.champmarket.com\/it\/champagne\/dom-perignon-vintage-2015-jean-michel-basquiat-bottiglia-con-box\/\",\"url\":\"https:\/\/www.champmarket.com\/it\/champagne\/dom-perignon-vintage-2015-jean-michel-basquiat-bottiglia-con-box\/\",\"name\":\"Dom P\u00e9rignon Vintage 2015 Edizione Speciale Jean-Michel Basquiat bottiglia con box - Champmarket\",\"isPartOf\":{\"@id\":\"https:\/\/www.champmarket.com\/#website\"},\"primaryImageOfPage\":{\"@id\":\"https:\/\/www.champmarket.com\/it\/champagne\/dom-perignon-vintage-2015-jean-michel-basquiat-bottiglia-con-box\/#primaryimage\"},\"image\":{\"@id\":\"https:\/\/www.champmarket.com\/it\/champagne\/dom-perignon-vintage-2015-jean-michel-basquiat-bottiglia-con-box\/#primaryimage\"},\"thumbnailUrl\":\"https:\/\/www.champmarket.com\/wp-content\/uploads\/2024\/10\/dom-perignon-vintage-2015-edition-speciale-tribute-jean-michel-basquiat-bouteille-yellow-coffret.webp\",\"datePublished\":\"2024-10-14T12:59:53+00:00\",\"dateModified\":\"2025-05-13T12:48:32+00:00\",\"description\":\"Scoprite Dom P\u00e9rignon Vintage 2015 Edizione Speciale realizzata con i diritti ereditari di Jean-Michel Basquiat, una collezione singolare di tre bottiglie e cofanetti.\",\"breadcrumb\":{\"@id\":\"https:\/\/www.champmarket.com\/it\/champagne\/dom-perignon-vintage-2015-jean-michel-basquiat-bottiglia-con-box\/#breadcrumb\"},\"inLanguage\":\"it-IT\",\"potentialAction\":[{\"@type\":\"ReadAction\",\"target\":[\"https:\/\/www.champmarket.com\/it\/champagne\/dom-perignon-vintage-2015-jean-michel-basquiat-bottiglia-con-box\/\"]}]},{\"@type\":\"ImageObject\",\"inLanguage\":\"it-IT\",\"@id\":\"https:\/\/www.champmarket.com\/it\/champagne\/dom-perignon-vintage-2015-jean-michel-basquiat-bottiglia-con-box\/#primaryimage\",\"url\":\"https:\/\/www.champmarket.com\/wp-content\/uploads\/2024\/10\/dom-perignon-vintage-2015-edition-speciale-tribute-jean-michel-basquiat-bouteille-yellow-coffret.webp\",\"contentUrl\":\"https:\/\/www.champmarket.com\/wp-content\/uploads\/2024\/10\/dom-perignon-vintage-2015-edition-speciale-tribute-jean-michel-basquiat-bouteille-yellow-coffret.webp\",\"width\":1200,\"height\":1200,\"caption\":\"Dom P\u00e9rignon Vintage 2015 \u00c9dition Sp\u00e9ciale Jean-Michel Basquiat Yellow Bouteille avec coffret - Champmarket\"},{\"@type\":\"BreadcrumbList\",\"@id\":\"https:\/\/www.champmarket.com\/it\/champagne\/dom-perignon-vintage-2015-jean-michel-basquiat-bottiglia-con-box\/#breadcrumb\",\"itemListElement\":[{\"@type\":\"ListItem\",\"position\":1,\"name\":\"Home\",\"item\":\"https:\/\/www.champmarket.com\/it\/acquista-champagne-online-champmarket\/\"},{\"@type\":\"ListItem\",\"position\":2,\"name\":\"Shop\",\"item\":\"https:\/\/www.champmarket.com\/it\/shop\/\"},{\"@type\":\"ListItem\",\"position\":3,\"name\":\"Dom P\u00e9rignon\",\"item\":\"https:\/\/www.champmarket.com\/it\/maisons\/selection-champagne-dom-perignon-it\/\"},{\"@type\":\"ListItem\",\"position\":4,\"name\":\"Dom P\u00e9rignon Vintage 2015 Edizione Speciale Jean-Michel Basquiat bottiglia con box\"}]},{\"@type\":\"WebSite\",\"@id\":\"https:\/\/www.champmarket.com\/#website\",\"url\":\"https:\/\/www.champmarket.com\/\",\"name\":\"Champmarket\",\"description\":\"Champmarket, Champagnes, Cadeaux et Art de Vivre\",\"publisher\":{\"@id\":\"https:\/\/www.champmarket.com\/#organization\"},\"potentialAction\":[{\"@type\":\"SearchAction\",\"target\":{\"@type\":\"EntryPoint\",\"urlTemplate\":\"https:\/\/www.champmarket.com\/?s={search_term_string}\"},\"query-input\":{\"@type\":\"PropertyValueSpecification\",\"valueRequired\":true,\"valueName\":\"search_term_string\"}}],\"inLanguage\":\"it-IT\"},{\"@type\":\"Organization\",\"@id\":\"https:\/\/www.champmarket.com\/#organization\",\"name\":\"Champmarket\",\"url\":\"https:\/\/www.champmarket.com\/\",\"logo\":{\"@type\":\"ImageObject\",\"inLanguage\":\"it-IT\",\"@id\":\"https:\/\/www.champmarket.com\/#\/schema\/logo\/image\/\",\"url\":\"https:\/\/www.champmarket.com\/wp-content\/uploads\/2024\/08\/logo2024-1.svg\",\"contentUrl\":\"https:\/\/www.champmarket.com\/wp-content\/uploads\/2024\/08\/logo2024-1.svg\",\"width\":579.8,\"height\":80,\"caption\":\"Champmarket\"},\"image\":{\"@id\":\"https:\/\/www.champmarket.com\/#\/schema\/logo\/image\/\"},\"sameAs\":[\"https:\/\/www.facebook.com\/ChampMarket\/\",\"https:\/\/x.com\/champmarket\",\"https:\/\/www.instagram.com\/champmarket.paris\/\",\"https:\/\/www.pinterest.fr\/champmarketparis\/\",\"https:\/\/www.linkedin.com\/company\/champmarket\/\"]}]}<\/script>\n<!-- \/ Yoast SEO plugin. -->","yoast_head_json":{"title":"Dom P\u00e9rignon Vintage 2015 Edizione Speciale Jean-Michel Basquiat bottiglia con box - Champmarket","description":"Scoprite Dom P\u00e9rignon Vintage 2015 Edizione Speciale realizzata con i diritti ereditari di Jean-Michel Basquiat, una collezione singolare di tre bottiglie e cofanetti.","robots":{"index":"index","follow":"follow","max-snippet":"max-snippet:-1","max-image-preview":"max-image-preview:large","max-video-preview":"max-video-preview:-1"},"canonical":"https:\/\/www.champmarket.com\/it\/champagne\/dom-perignon-vintage-2015-jean-michel-basquiat-bottiglia-con-box\/","og_locale":"it_IT","og_type":"article","og_title":"Dom P\u00e9rignon Vintage 2015 Edizione Speciale Jean-Michel Basquiat bottiglia con box - Champmarket","og_description":"Scoprite Dom P\u00e9rignon Vintage 2015 Edizione Speciale realizzata con i diritti ereditari di Jean-Michel Basquiat, una collezione singolare di tre bottiglie e cofanetti.","og_url":"https:\/\/www.champmarket.com\/it\/champagne\/dom-perignon-vintage-2015-jean-michel-basquiat-bottiglia-con-box\/","og_site_name":"Champmarket","article_publisher":"https:\/\/www.facebook.com\/ChampMarket\/","article_modified_time":"2025-05-13T12:48:32+00:00","og_image":[{"width":1200,"height":1200,"url":"https:\/\/www.champmarket.com\/wp-content\/uploads\/2024\/10\/dom-perignon-vintage-2015-edition-speciale-tribute-jean-michel-basquiat-bouteille-yellow-coffret.webp","type":"image\/webp"}],"twitter_card":"summary_large_image","twitter_site":"@champmarket","twitter_misc":{"Tempo di lettura stimato":"2 minuti"},"schema":{"@context":"https:\/\/schema.org","@graph":[{"@type":"WebPage","@id":"https:\/\/www.champmarket.com\/it\/champagne\/dom-perignon-vintage-2015-jean-michel-basquiat-bottiglia-con-box\/","url":"https:\/\/www.champmarket.com\/it\/champagne\/dom-perignon-vintage-2015-jean-michel-basquiat-bottiglia-con-box\/","name":"Dom P\u00e9rignon Vintage 2015 Edizione Speciale Jean-Michel Basquiat bottiglia con box - Champmarket","isPartOf":{"@id":"https:\/\/www.champmarket.com\/#website"},"primaryImageOfPage":{"@id":"https:\/\/www.champmarket.com\/it\/champagne\/dom-perignon-vintage-2015-jean-michel-basquiat-bottiglia-con-box\/#primaryimage"},"image":{"@id":"https:\/\/www.champmarket.com\/it\/champagne\/dom-perignon-vintage-2015-jean-michel-basquiat-bottiglia-con-box\/#primaryimage"},"thumbnailUrl":"https:\/\/www.champmarket.com\/wp-content\/uploads\/2024\/10\/dom-perignon-vintage-2015-edition-speciale-tribute-jean-michel-basquiat-bouteille-yellow-coffret.webp","datePublished":"2024-10-14T12:59:53+00:00","dateModified":"2025-05-13T12:48:32+00:00","description":"Scoprite Dom P\u00e9rignon Vintage 2015 Edizione Speciale realizzata con i diritti ereditari di Jean-Michel Basquiat, una collezione singolare di tre bottiglie e cofanetti.","breadcrumb":{"@id":"https:\/\/www.champmarket.com\/it\/champagne\/dom-perignon-vintage-2015-jean-michel-basquiat-bottiglia-con-box\/#breadcrumb"},"inLanguage":"it-IT","potentialAction":[{"@type":"ReadAction","target":["https:\/\/www.champmarket.com\/it\/champagne\/dom-perignon-vintage-2015-jean-michel-basquiat-bottiglia-con-box\/"]}]},{"@type":"ImageObject","inLanguage":"it-IT","@id":"https:\/\/www.champmarket.com\/it\/champagne\/dom-perignon-vintage-2015-jean-michel-basquiat-bottiglia-con-box\/#primaryimage","url":"https:\/\/www.champmarket.com\/wp-content\/uploads\/2024\/10\/dom-perignon-vintage-2015-edition-speciale-tribute-jean-michel-basquiat-bouteille-yellow-coffret.webp","contentUrl":"https:\/\/www.champmarket.com\/wp-content\/uploads\/2024\/10\/dom-perignon-vintage-2015-edition-speciale-tribute-jean-michel-basquiat-bouteille-yellow-coffret.webp","width":1200,"height":1200,"caption":"Dom P\u00e9rignon Vintage 2015 \u00c9dition Sp\u00e9ciale Jean-Michel Basquiat Yellow Bouteille avec coffret - Champmarket"},{"@type":"BreadcrumbList","@id":"https:\/\/www.champmarket.com\/it\/champagne\/dom-perignon-vintage-2015-jean-michel-basquiat-bottiglia-con-box\/#breadcrumb","itemListElement":[{"@type":"ListItem","position":1,"name":"Home","item":"https:\/\/www.champmarket.com\/it\/acquista-champagne-online-champmarket\/"},{"@type":"ListItem","position":2,"name":"Shop","item":"https:\/\/www.champmarket.com\/it\/shop\/"},{"@type":"ListItem","position":3,"name":"Dom P\u00e9rignon","item":"https:\/\/www.champmarket.com\/it\/maisons\/selection-champagne-dom-perignon-it\/"},{"@type":"ListItem","position":4,"name":"Dom P\u00e9rignon Vintage 2015 Edizione Speciale Jean-Michel Basquiat bottiglia con box"}]},{"@type":"WebSite","@id":"https:\/\/www.champmarket.com\/#website","url":"https:\/\/www.champmarket.com\/","name":"Champmarket","description":"Champmarket, Champagnes, Cadeaux et Art de Vivre","publisher":{"@id":"https:\/\/www.champmarket.com\/#organization"},"potentialAction":[{"@type":"SearchAction","target":{"@type":"EntryPoint","urlTemplate":"https:\/\/www.champmarket.com\/?s={search_term_string}"},"query-input":{"@type":"PropertyValueSpecification","valueRequired":true,"valueName":"search_term_string"}}],"inLanguage":"it-IT"},{"@type":"Organization","@id":"https:\/\/www.champmarket.com\/#organization","name":"Champmarket","url":"https:\/\/www.champmarket.com\/","logo":{"@type":"ImageObject","inLanguage":"it-IT","@id":"https:\/\/www.champmarket.com\/#\/schema\/logo\/image\/","url":"https:\/\/www.champmarket.com\/wp-content\/uploads\/2024\/08\/logo2024-1.svg","contentUrl":"https:\/\/www.champmarket.com\/wp-content\/uploads\/2024\/08\/logo2024-1.svg","width":579.8,"height":80,"caption":"Champmarket"},"image":{"@id":"https:\/\/www.champmarket.com\/#\/schema\/logo\/image\/"},"sameAs":["https:\/\/www.facebook.com\/ChampMarket\/","https:\/\/x.com\/champmarket","https:\/\/www.instagram.com\/champmarket.paris\/","https:\/\/www.pinterest.fr\/champmarketparis\/","https:\/\/www.linkedin.com\/company\/champmarket\/"]}]}},"_links":{"self":[{"href":"https:\/\/www.champmarket.com\/it\/wp-json\/wp\/v2\/product\/74872","targetHints":{"allow":["GET"]}}],"collection":[{"href":"https:\/\/www.champmarket.com\/it\/wp-json\/wp\/v2\/product"}],"about":[{"href":"https:\/\/www.champmarket.com\/it\/wp-json\/wp\/v2\/types\/product"}],"version-history":[{"count":3,"href":"https:\/\/www.champmarket.com\/it\/wp-json\/wp\/v2\/product\/74872\/revisions"}],"predecessor-version":[{"id":78951,"href":"https:\/\/www.champmarket.com\/it\/wp-json\/wp\/v2\/product\/74872\/revisions\/78951"}],"wp:featuredmedia":[{"embeddable":true,"href":"https:\/\/www.champmarket.com\/it\/wp-json\/wp\/v2\/media\/74908"}],"wp:attachment":[{"href":"https:\/\/www.champmarket.com\/it\/wp-json\/wp\/v2\/media?parent=74872"}],"wp:term":[{"taxonomy":"product_brand","embeddable":true,"href":"https:\/\/www.champmarket.com\/it\/wp-json\/wp\/v2\/product_brand?post=74872"},{"taxonomy":"product_cat","embeddable":true,"href":"https:\/\/www.champmarket.com\/it\/wp-json\/wp\/v2\/product_cat?post=74872"},{"taxonomy":"product_tag","embeddable":true,"href":"https:\/\/www.champmarket.com\/it\/wp-json\/wp\/v2\/product_tag?post=74872"}],"curies":[{"name":"wp","href":"https:\/\/api.w.org\/{rel}","templated":true}]}}