{"id":75562,"date":"2024-11-12T12:57:40","date_gmt":"2024-11-12T11:57:40","guid":{"rendered":"https:\/\/www.champmarket.com\/?post_type=product&#038;p=75562"},"modified":"2025-05-13T11:01:22","modified_gmt":"2025-05-13T09:01:22","slug":"moet-chandon-grand-vintage-rose-2016-bottiglia-con-box","status":"publish","type":"product","link":"https:\/\/www.champmarket.com\/it\/champagne\/moet-chandon-grand-vintage-rose-2016-bottiglia-con-box\/","title":{"rendered":"Mo\u00ebt &amp; Chandon Grand Vintage Ros\u00e9 2016 Bottiglia con box"},"content":{"rendered":"<p>Con le sue note di lampone, fragole leggermente schiacciate e frutti rossi in sciroppo, Mo\u00ebt &amp; Chandon Grand Vintage 2016 Ros\u00e9 con cofanetto \u00e8 il riflesso di un raccolto di uve nere di qualit\u00e0 eccezionale che hanno rivelato una maturit\u00e0 straordinaria.<\/p>\n","protected":false},"excerpt":{"rendered":"<p>Ogni Grand Vintage \u00e8 unico, rivela un&#8217;interpretazione libera e personale dell&#8217;anno da parte del Chef de Cave. In Champagne, l&#8217;anno 2016 \u00e8 stata segnata da un meteo turbolento e pieno di colpi di scena, secondo il volere della natura, ha dato vita a uve Pinot Noir e Meunier eccezionali, che compongono l&#8217;85% di questo champagne. Espressione unica di un anno straordinario in Champagne, Mo\u00ebt &amp; Chandon Grand Vintage 2016 Ros\u00e9 con cofanetto, 46\u00b0 annata ros\u00e9 dalla fondazione della Maison nel 1743, esprime la serenit\u00e0 dopo la tempesta. Offre una sensazione in bocca leggera e senza sforzo, in un universo estivo di sapori leggeri e aciduli, con una grande freschezza. L&#8217;insieme \u00e8 leggero e aereo, con una bella tensione finale.<\/p>\n","protected":false},"featured_media":75603,"template":"","meta":{"_acf_changed":false},"product_brand":[],"product_cat":[3366,3307,2387,2402,2238,2776,2368,2775,2376,2225,2375,2374,2224],"product_tag":[2250,2255,2229,2232],"class_list":{"0":"post-75562","1":"product","2":"type-product","3":"status-publish","4":"has-post-thumbnail","6":"maisons-selection-champagne-moet-chandon-it","7":"product_cat-champagne-di-natale","8":"product_cat-tutti-gli-champagne-e-i-set-regalo-esclusivi","9":"product_cat-categorie-maisons-de-champagne-it","10":"product_cat-categorie-moet-et-chandon-it","11":"product_cat-bouteilles-it","12":"product_cat-nuovi-prodotti-it","13":"product_cat-regali-professionali-it","14":"product_cat-tutti-gli-champagne","15":"product_cat-champagne-rose-it","16":"product_cat-champagne-millesime-it","17":"product_cat-champagne-prestige-it","18":"product_cat-champagne-extra-brut-non-dose-zero-dosage","19":"product_cat-repas-it","20":"product_tag-la-vie-en-rose-it","21":"product_tag-pour-offrir-it","22":"product_tag-per-un-pasto-con-champagne","23":"product_tag-vintage-it","25":"first","26":"instock","27":"taxable","28":"shipping-taxable","29":"purchasable","30":"product-type-simple"},"acf":[],"yoast_head":"<!-- This site is optimized with the Yoast SEO plugin v26.4 - https:\/\/yoast.com\/wordpress\/plugins\/seo\/ -->\n<title>Mo\u00ebt &amp; Chandon Grand Vintage Ros\u00e9 2016 Bottiglia con box - Champmarket<\/title>\n<meta name=\"description\" content=\"Espressione unica di un anno straordinario in Champagne, Mo\u00ebt &amp; Chandon Grand Vintage 2016 Ros\u00e9 con cofanetto esprime la serenit\u00e0 dopo la tempesta.\" \/>\n<meta name=\"robots\" content=\"index, follow, max-snippet:-1, max-image-preview:large, max-video-preview:-1\" \/>\n<link rel=\"canonical\" href=\"https:\/\/www.champmarket.com\/it\/champagne\/moet-chandon-grand-vintage-rose-2016-bottiglia-con-box\/\" \/>\n<meta property=\"og:locale\" content=\"it_IT\" \/>\n<meta property=\"og:type\" content=\"article\" \/>\n<meta property=\"og:title\" content=\"Mo\u00ebt &amp; Chandon Grand Vintage Ros\u00e9 2016 Bottiglia con box - Champmarket\" \/>\n<meta property=\"og:description\" content=\"Espressione unica di un anno straordinario in Champagne, Mo\u00ebt &amp; Chandon Grand Vintage 2016 Ros\u00e9 con cofanetto esprime la serenit\u00e0 dopo la tempesta.\" \/>\n<meta property=\"og:url\" content=\"https:\/\/www.champmarket.com\/it\/champagne\/moet-chandon-grand-vintage-rose-2016-bottiglia-con-box\/\" \/>\n<meta property=\"og:site_name\" content=\"Champmarket\" \/>\n<meta property=\"article:publisher\" content=\"https:\/\/www.facebook.com\/ChampMarket\/\" \/>\n<meta property=\"article:modified_time\" content=\"2025-05-13T09:01:22+00:00\" \/>\n<meta property=\"og:image\" content=\"https:\/\/www.champmarket.com\/wp-content\/uploads\/2024\/11\/moet-et-chandon-grand-vintage-rose-2016-bouteille-coffret.webp\" \/>\n\t<meta property=\"og:image:width\" content=\"1200\" \/>\n\t<meta property=\"og:image:height\" content=\"1200\" \/>\n\t<meta property=\"og:image:type\" content=\"image\/webp\" \/>\n<meta name=\"twitter:card\" content=\"summary_large_image\" \/>\n<meta name=\"twitter:site\" content=\"@champmarket\" \/>\n<meta name=\"twitter:label1\" content=\"Tempo di lettura stimato\" \/>\n\t<meta name=\"twitter:data1\" content=\"1 minuto\" \/>\n<script type=\"application\/ld+json\" class=\"yoast-schema-graph\">{\"@context\":\"https:\/\/schema.org\",\"@graph\":[{\"@type\":\"WebPage\",\"@id\":\"https:\/\/www.champmarket.com\/it\/champagne\/moet-chandon-grand-vintage-rose-2016-bottiglia-con-box\/\",\"url\":\"https:\/\/www.champmarket.com\/it\/champagne\/moet-chandon-grand-vintage-rose-2016-bottiglia-con-box\/\",\"name\":\"Mo\u00ebt &amp; Chandon Grand Vintage Ros\u00e9 2016 Bottiglia con box - Champmarket\",\"isPartOf\":{\"@id\":\"https:\/\/www.champmarket.com\/#website\"},\"primaryImageOfPage\":{\"@id\":\"https:\/\/www.champmarket.com\/it\/champagne\/moet-chandon-grand-vintage-rose-2016-bottiglia-con-box\/#primaryimage\"},\"image\":{\"@id\":\"https:\/\/www.champmarket.com\/it\/champagne\/moet-chandon-grand-vintage-rose-2016-bottiglia-con-box\/#primaryimage\"},\"thumbnailUrl\":\"https:\/\/www.champmarket.com\/wp-content\/uploads\/2024\/11\/moet-et-chandon-grand-vintage-rose-2016-bouteille-coffret.webp\",\"datePublished\":\"2024-11-12T11:57:40+00:00\",\"dateModified\":\"2025-05-13T09:01:22+00:00\",\"description\":\"Espressione unica di un anno straordinario in Champagne, Mo\u00ebt & Chandon Grand Vintage 2016 Ros\u00e9 con cofanetto esprime la serenit\u00e0 dopo la tempesta.\",\"breadcrumb\":{\"@id\":\"https:\/\/www.champmarket.com\/it\/champagne\/moet-chandon-grand-vintage-rose-2016-bottiglia-con-box\/#breadcrumb\"},\"inLanguage\":\"it-IT\",\"potentialAction\":[{\"@type\":\"ReadAction\",\"target\":[\"https:\/\/www.champmarket.com\/it\/champagne\/moet-chandon-grand-vintage-rose-2016-bottiglia-con-box\/\"]}]},{\"@type\":\"ImageObject\",\"inLanguage\":\"it-IT\",\"@id\":\"https:\/\/www.champmarket.com\/it\/champagne\/moet-chandon-grand-vintage-rose-2016-bottiglia-con-box\/#primaryimage\",\"url\":\"https:\/\/www.champmarket.com\/wp-content\/uploads\/2024\/11\/moet-et-chandon-grand-vintage-rose-2016-bouteille-coffret.webp\",\"contentUrl\":\"https:\/\/www.champmarket.com\/wp-content\/uploads\/2024\/11\/moet-et-chandon-grand-vintage-rose-2016-bouteille-coffret.webp\",\"width\":1200,\"height\":1200,\"caption\":\"Champagne Mo\u00ebt & Chandon Grand Vintage Ros\u00e9 2016 - Champmarket\"},{\"@type\":\"BreadcrumbList\",\"@id\":\"https:\/\/www.champmarket.com\/it\/champagne\/moet-chandon-grand-vintage-rose-2016-bottiglia-con-box\/#breadcrumb\",\"itemListElement\":[{\"@type\":\"ListItem\",\"position\":1,\"name\":\"Home\",\"item\":\"https:\/\/www.champmarket.com\/it\/acquista-champagne-online-champmarket\/\"},{\"@type\":\"ListItem\",\"position\":2,\"name\":\"Shop\",\"item\":\"https:\/\/www.champmarket.com\/it\/shop\/\"},{\"@type\":\"ListItem\",\"position\":3,\"name\":\"Mo\u00ebt &amp; Chandon\",\"item\":\"https:\/\/www.champmarket.com\/it\/maisons\/selection-champagne-moet-chandon-it\/\"},{\"@type\":\"ListItem\",\"position\":4,\"name\":\"Mo\u00ebt &amp; Chandon Grand Vintage Ros\u00e9 2016 Bottiglia con box\"}]},{\"@type\":\"WebSite\",\"@id\":\"https:\/\/www.champmarket.com\/#website\",\"url\":\"https:\/\/www.champmarket.com\/\",\"name\":\"Champmarket\",\"description\":\"Champmarket, Champagnes, Cadeaux et Art de Vivre\",\"publisher\":{\"@id\":\"https:\/\/www.champmarket.com\/#organization\"},\"potentialAction\":[{\"@type\":\"SearchAction\",\"target\":{\"@type\":\"EntryPoint\",\"urlTemplate\":\"https:\/\/www.champmarket.com\/?s={search_term_string}\"},\"query-input\":{\"@type\":\"PropertyValueSpecification\",\"valueRequired\":true,\"valueName\":\"search_term_string\"}}],\"inLanguage\":\"it-IT\"},{\"@type\":\"Organization\",\"@id\":\"https:\/\/www.champmarket.com\/#organization\",\"name\":\"Champmarket\",\"url\":\"https:\/\/www.champmarket.com\/\",\"logo\":{\"@type\":\"ImageObject\",\"inLanguage\":\"it-IT\",\"@id\":\"https:\/\/www.champmarket.com\/#\/schema\/logo\/image\/\",\"url\":\"https:\/\/www.champmarket.com\/wp-content\/uploads\/2024\/08\/logo2024-1.svg\",\"contentUrl\":\"https:\/\/www.champmarket.com\/wp-content\/uploads\/2024\/08\/logo2024-1.svg\",\"width\":579.8,\"height\":80,\"caption\":\"Champmarket\"},\"image\":{\"@id\":\"https:\/\/www.champmarket.com\/#\/schema\/logo\/image\/\"},\"sameAs\":[\"https:\/\/www.facebook.com\/ChampMarket\/\",\"https:\/\/x.com\/champmarket\",\"https:\/\/www.instagram.com\/champmarket.paris\/\",\"https:\/\/www.pinterest.fr\/champmarketparis\/\",\"https:\/\/www.linkedin.com\/company\/champmarket\/\"]}]}<\/script>\n<!-- \/ Yoast SEO plugin. -->","yoast_head_json":{"title":"Mo\u00ebt &amp; Chandon Grand Vintage Ros\u00e9 2016 Bottiglia con box - Champmarket","description":"Espressione unica di un anno straordinario in Champagne, Mo\u00ebt & Chandon Grand Vintage 2016 Ros\u00e9 con cofanetto esprime la serenit\u00e0 dopo la tempesta.","robots":{"index":"index","follow":"follow","max-snippet":"max-snippet:-1","max-image-preview":"max-image-preview:large","max-video-preview":"max-video-preview:-1"},"canonical":"https:\/\/www.champmarket.com\/it\/champagne\/moet-chandon-grand-vintage-rose-2016-bottiglia-con-box\/","og_locale":"it_IT","og_type":"article","og_title":"Mo\u00ebt &amp; Chandon Grand Vintage Ros\u00e9 2016 Bottiglia con box - Champmarket","og_description":"Espressione unica di un anno straordinario in Champagne, Mo\u00ebt & Chandon Grand Vintage 2016 Ros\u00e9 con cofanetto esprime la serenit\u00e0 dopo la tempesta.","og_url":"https:\/\/www.champmarket.com\/it\/champagne\/moet-chandon-grand-vintage-rose-2016-bottiglia-con-box\/","og_site_name":"Champmarket","article_publisher":"https:\/\/www.facebook.com\/ChampMarket\/","article_modified_time":"2025-05-13T09:01:22+00:00","og_image":[{"width":1200,"height":1200,"url":"https:\/\/www.champmarket.com\/wp-content\/uploads\/2024\/11\/moet-et-chandon-grand-vintage-rose-2016-bouteille-coffret.webp","type":"image\/webp"}],"twitter_card":"summary_large_image","twitter_site":"@champmarket","twitter_misc":{"Tempo di lettura stimato":"1 minuto"},"schema":{"@context":"https:\/\/schema.org","@graph":[{"@type":"WebPage","@id":"https:\/\/www.champmarket.com\/it\/champagne\/moet-chandon-grand-vintage-rose-2016-bottiglia-con-box\/","url":"https:\/\/www.champmarket.com\/it\/champagne\/moet-chandon-grand-vintage-rose-2016-bottiglia-con-box\/","name":"Mo\u00ebt &amp; Chandon Grand Vintage Ros\u00e9 2016 Bottiglia con box - Champmarket","isPartOf":{"@id":"https:\/\/www.champmarket.com\/#website"},"primaryImageOfPage":{"@id":"https:\/\/www.champmarket.com\/it\/champagne\/moet-chandon-grand-vintage-rose-2016-bottiglia-con-box\/#primaryimage"},"image":{"@id":"https:\/\/www.champmarket.com\/it\/champagne\/moet-chandon-grand-vintage-rose-2016-bottiglia-con-box\/#primaryimage"},"thumbnailUrl":"https:\/\/www.champmarket.com\/wp-content\/uploads\/2024\/11\/moet-et-chandon-grand-vintage-rose-2016-bouteille-coffret.webp","datePublished":"2024-11-12T11:57:40+00:00","dateModified":"2025-05-13T09:01:22+00:00","description":"Espressione unica di un anno straordinario in Champagne, Mo\u00ebt & Chandon Grand Vintage 2016 Ros\u00e9 con cofanetto esprime la serenit\u00e0 dopo la tempesta.","breadcrumb":{"@id":"https:\/\/www.champmarket.com\/it\/champagne\/moet-chandon-grand-vintage-rose-2016-bottiglia-con-box\/#breadcrumb"},"inLanguage":"it-IT","potentialAction":[{"@type":"ReadAction","target":["https:\/\/www.champmarket.com\/it\/champagne\/moet-chandon-grand-vintage-rose-2016-bottiglia-con-box\/"]}]},{"@type":"ImageObject","inLanguage":"it-IT","@id":"https:\/\/www.champmarket.com\/it\/champagne\/moet-chandon-grand-vintage-rose-2016-bottiglia-con-box\/#primaryimage","url":"https:\/\/www.champmarket.com\/wp-content\/uploads\/2024\/11\/moet-et-chandon-grand-vintage-rose-2016-bouteille-coffret.webp","contentUrl":"https:\/\/www.champmarket.com\/wp-content\/uploads\/2024\/11\/moet-et-chandon-grand-vintage-rose-2016-bouteille-coffret.webp","width":1200,"height":1200,"caption":"Champagne Mo\u00ebt & Chandon Grand Vintage Ros\u00e9 2016 - Champmarket"},{"@type":"BreadcrumbList","@id":"https:\/\/www.champmarket.com\/it\/champagne\/moet-chandon-grand-vintage-rose-2016-bottiglia-con-box\/#breadcrumb","itemListElement":[{"@type":"ListItem","position":1,"name":"Home","item":"https:\/\/www.champmarket.com\/it\/acquista-champagne-online-champmarket\/"},{"@type":"ListItem","position":2,"name":"Shop","item":"https:\/\/www.champmarket.com\/it\/shop\/"},{"@type":"ListItem","position":3,"name":"Mo\u00ebt &amp; Chandon","item":"https:\/\/www.champmarket.com\/it\/maisons\/selection-champagne-moet-chandon-it\/"},{"@type":"ListItem","position":4,"name":"Mo\u00ebt &amp; Chandon Grand Vintage Ros\u00e9 2016 Bottiglia con box"}]},{"@type":"WebSite","@id":"https:\/\/www.champmarket.com\/#website","url":"https:\/\/www.champmarket.com\/","name":"Champmarket","description":"Champmarket, Champagnes, Cadeaux et Art de Vivre","publisher":{"@id":"https:\/\/www.champmarket.com\/#organization"},"potentialAction":[{"@type":"SearchAction","target":{"@type":"EntryPoint","urlTemplate":"https:\/\/www.champmarket.com\/?s={search_term_string}"},"query-input":{"@type":"PropertyValueSpecification","valueRequired":true,"valueName":"search_term_string"}}],"inLanguage":"it-IT"},{"@type":"Organization","@id":"https:\/\/www.champmarket.com\/#organization","name":"Champmarket","url":"https:\/\/www.champmarket.com\/","logo":{"@type":"ImageObject","inLanguage":"it-IT","@id":"https:\/\/www.champmarket.com\/#\/schema\/logo\/image\/","url":"https:\/\/www.champmarket.com\/wp-content\/uploads\/2024\/08\/logo2024-1.svg","contentUrl":"https:\/\/www.champmarket.com\/wp-content\/uploads\/2024\/08\/logo2024-1.svg","width":579.8,"height":80,"caption":"Champmarket"},"image":{"@id":"https:\/\/www.champmarket.com\/#\/schema\/logo\/image\/"},"sameAs":["https:\/\/www.facebook.com\/ChampMarket\/","https:\/\/x.com\/champmarket","https:\/\/www.instagram.com\/champmarket.paris\/","https:\/\/www.pinterest.fr\/champmarketparis\/","https:\/\/www.linkedin.com\/company\/champmarket\/"]}]}},"_links":{"self":[{"href":"https:\/\/www.champmarket.com\/it\/wp-json\/wp\/v2\/product\/75562","targetHints":{"allow":["GET"]}}],"collection":[{"href":"https:\/\/www.champmarket.com\/it\/wp-json\/wp\/v2\/product"}],"about":[{"href":"https:\/\/www.champmarket.com\/it\/wp-json\/wp\/v2\/types\/product"}],"version-history":[{"count":3,"href":"https:\/\/www.champmarket.com\/it\/wp-json\/wp\/v2\/product\/75562\/revisions"}],"predecessor-version":[{"id":78906,"href":"https:\/\/www.champmarket.com\/it\/wp-json\/wp\/v2\/product\/75562\/revisions\/78906"}],"wp:featuredmedia":[{"embeddable":true,"href":"https:\/\/www.champmarket.com\/it\/wp-json\/wp\/v2\/media\/75603"}],"wp:attachment":[{"href":"https:\/\/www.champmarket.com\/it\/wp-json\/wp\/v2\/media?parent=75562"}],"wp:term":[{"taxonomy":"product_brand","embeddable":true,"href":"https:\/\/www.champmarket.com\/it\/wp-json\/wp\/v2\/product_brand?post=75562"},{"taxonomy":"product_cat","embeddable":true,"href":"https:\/\/www.champmarket.com\/it\/wp-json\/wp\/v2\/product_cat?post=75562"},{"taxonomy":"product_tag","embeddable":true,"href":"https:\/\/www.champmarket.com\/it\/wp-json\/wp\/v2\/product_tag?post=75562"}],"curies":[{"name":"wp","href":"https:\/\/api.w.org\/{rel}","templated":true}]}}