{"id":75626,"date":"2024-11-15T08:18:30","date_gmt":"2024-11-15T07:18:30","guid":{"rendered":"https:\/\/www.champmarket.com\/?post_type=product&#038;p=75626"},"modified":"2025-05-14T18:01:47","modified_gmt":"2025-05-14T16:01:47","slug":"krug-grande-cuvee-edition-172-bottiglia","status":"publish","type":"product","link":"https:\/\/www.champmarket.com\/it\/champagne\/krug-grande-cuvee-edition-172-bottiglia\/","title":{"rendered":"Krug Grande Cuv\u00e9e Edition 172 Bottiglia"},"content":{"rendered":"<p>Krug considera ogni vino proveniente da ogni parcella come un musicista unico. Dal Clos solista, la purezza di una sola parcella di un solo anno, all&#8217;orchestra completa che offre la sinfonia di sapori di Krug Grande Cuv\u00e9e, passando per un insieme di musicisti che interpretano la melodia gustativa di un anno con il millesimo. Dei musicisti hanno selezionato delle melodie per accompagnare la degustazione.<\/p>\n","protected":false},"excerpt":{"rendered":"<p>Krug Grande Cuv\u00e9e \u00e8 nata dal sogno di Joseph Krug, di ricreare ogni anno il miglior champagne, indipendentemente dalle avversit\u00e0 climatiche. Dal 1843, la Maison Krug rende omaggio a questa visione con una nuova edizione di Krug Grande Cuv\u00e9e: l&#8217;espressione pi\u00f9 generosa dello champagne. Krug Grande Cuv\u00e9e 172\u00aa Edizione, creata attorno alla vendemmia del 2016, \u00e8 uno champagne di grande ricchezza e fine eleganza, al di l\u00e0 delle annate. Per creare questa Edizione di Krug Grande Cuv\u00e9e, Julie Cavil, la Chef de Caves, ha cercato di accentuare le diverse espressioni aromatiche dell&#8217;anno con vini di riserva di diverse parcelle e di 10 altri anni, conferendole un&#8217;ampiezza di sapori e aromi, impossibile da esprimere con i vini di un solo anno. L&#8217;attenzione dedicata ai vigneti e il rispetto unico di Krug per il carattere individuale di ogni parcella e del suo vino hanno permesso la profondit\u00e0 di espressione di questa Edizione di Krug Grande Cuv\u00e9e.<\/p>\n","protected":false},"featured_media":75642,"template":"","meta":{"_acf_changed":false},"product_brand":[],"product_cat":[3537,3366,3317,3307,2387,2397,2238,2776,2775,2372,2375,2223,2224],"product_tag":[2248,2228,2229],"class_list":{"0":"post-75626","1":"product","2":"type-product","3":"status-publish","4":"has-post-thumbnail","6":"maisons-selection-champagne-krug-it","7":"product_cat-offerta-di-bottiglie-allingrosso-b2b","8":"product_cat-champagne-di-natale","9":"product_cat-i-migliori-champagne","10":"product_cat-tutti-gli-champagne-e-i-set-regalo-esclusivi","11":"product_cat-categorie-maisons-de-champagne-it","12":"product_cat-categorie-krug-it","13":"product_cat-bouteilles-it","14":"product_cat-nuovi-prodotti-it","15":"product_cat-tutti-gli-champagne","16":"product_cat-champagne-brut-it","17":"product_cat-champagne-prestige-it","18":"product_cat-aperitif-it","19":"product_cat-repas-it","20":"product_tag-haute-couture-it","21":"product_tag-aperitif-it","22":"product_tag-per-un-pasto-con-champagne","24":"first","25":"instock","26":"taxable","27":"shipping-taxable","28":"purchasable","29":"product-type-simple"},"acf":[],"yoast_head":"<!-- This site is optimized with the Yoast SEO plugin v26.4 - https:\/\/yoast.com\/wordpress\/plugins\/seo\/ -->\n<title>Krug Grande Cuv\u00e9e Edition 172 Bottiglia - Champmarket<\/title>\n<meta name=\"description\" content=\"Krug Grande Cuv\u00e9e 172\u00e8me \u00c9dition con cofanetto \u00e8 uno champagne di grande ricchezza e fine eleganza, al di l\u00e0 delle annate.\" \/>\n<meta name=\"robots\" content=\"index, follow, max-snippet:-1, max-image-preview:large, max-video-preview:-1\" \/>\n<link rel=\"canonical\" href=\"https:\/\/www.champmarket.com\/it\/champagne\/krug-grande-cuvee-edition-172-bottiglia\/\" \/>\n<meta property=\"og:locale\" content=\"it_IT\" \/>\n<meta property=\"og:type\" content=\"article\" \/>\n<meta property=\"og:title\" content=\"Krug Grande Cuv\u00e9e Edition 172 Bottiglia - Champmarket\" \/>\n<meta property=\"og:description\" content=\"Krug Grande Cuv\u00e9e 172\u00e8me \u00c9dition con cofanetto \u00e8 uno champagne di grande ricchezza e fine eleganza, al di l\u00e0 delle annate.\" \/>\n<meta property=\"og:url\" content=\"https:\/\/www.champmarket.com\/it\/champagne\/krug-grande-cuvee-edition-172-bottiglia\/\" \/>\n<meta property=\"og:site_name\" content=\"Champmarket\" \/>\n<meta property=\"article:publisher\" content=\"https:\/\/www.facebook.com\/ChampMarket\/\" \/>\n<meta property=\"article:modified_time\" content=\"2025-05-14T16:01:47+00:00\" \/>\n<meta property=\"og:image\" content=\"https:\/\/www.champmarket.com\/wp-content\/uploads\/2024\/11\/krug-172-eme-edition-bouteille.webp\" \/>\n\t<meta property=\"og:image:width\" content=\"1200\" \/>\n\t<meta property=\"og:image:height\" content=\"1200\" \/>\n\t<meta property=\"og:image:type\" content=\"image\/webp\" \/>\n<meta name=\"twitter:card\" content=\"summary_large_image\" \/>\n<meta name=\"twitter:site\" content=\"@champmarket\" \/>\n<meta name=\"twitter:label1\" content=\"Tempo di lettura stimato\" \/>\n\t<meta name=\"twitter:data1\" content=\"1 minuto\" \/>\n<script type=\"application\/ld+json\" class=\"yoast-schema-graph\">{\"@context\":\"https:\/\/schema.org\",\"@graph\":[{\"@type\":\"WebPage\",\"@id\":\"https:\/\/www.champmarket.com\/it\/champagne\/krug-grande-cuvee-edition-172-bottiglia\/\",\"url\":\"https:\/\/www.champmarket.com\/it\/champagne\/krug-grande-cuvee-edition-172-bottiglia\/\",\"name\":\"Krug Grande Cuv\u00e9e Edition 172 Bottiglia - Champmarket\",\"isPartOf\":{\"@id\":\"https:\/\/www.champmarket.com\/#website\"},\"primaryImageOfPage\":{\"@id\":\"https:\/\/www.champmarket.com\/it\/champagne\/krug-grande-cuvee-edition-172-bottiglia\/#primaryimage\"},\"image\":{\"@id\":\"https:\/\/www.champmarket.com\/it\/champagne\/krug-grande-cuvee-edition-172-bottiglia\/#primaryimage\"},\"thumbnailUrl\":\"https:\/\/www.champmarket.com\/wp-content\/uploads\/2024\/11\/krug-172-eme-edition-bouteille.webp\",\"datePublished\":\"2024-11-15T07:18:30+00:00\",\"dateModified\":\"2025-05-14T16:01:47+00:00\",\"description\":\"Krug Grande Cuv\u00e9e 172\u00e8me \u00c9dition con cofanetto \u00e8 uno champagne di grande ricchezza e fine eleganza, al di l\u00e0 delle annate.\",\"breadcrumb\":{\"@id\":\"https:\/\/www.champmarket.com\/it\/champagne\/krug-grande-cuvee-edition-172-bottiglia\/#breadcrumb\"},\"inLanguage\":\"it-IT\",\"potentialAction\":[{\"@type\":\"ReadAction\",\"target\":[\"https:\/\/www.champmarket.com\/it\/champagne\/krug-grande-cuvee-edition-172-bottiglia\/\"]}]},{\"@type\":\"ImageObject\",\"inLanguage\":\"it-IT\",\"@id\":\"https:\/\/www.champmarket.com\/it\/champagne\/krug-grande-cuvee-edition-172-bottiglia\/#primaryimage\",\"url\":\"https:\/\/www.champmarket.com\/wp-content\/uploads\/2024\/11\/krug-172-eme-edition-bouteille.webp\",\"contentUrl\":\"https:\/\/www.champmarket.com\/wp-content\/uploads\/2024\/11\/krug-172-eme-edition-bouteille.webp\",\"width\":1200,\"height\":1200,\"caption\":\"Champagne Krug Grande Cuv\u00e9e 172\u00e8me \u00e9dition - Champmarket\"},{\"@type\":\"BreadcrumbList\",\"@id\":\"https:\/\/www.champmarket.com\/it\/champagne\/krug-grande-cuvee-edition-172-bottiglia\/#breadcrumb\",\"itemListElement\":[{\"@type\":\"ListItem\",\"position\":1,\"name\":\"Home\",\"item\":\"https:\/\/www.champmarket.com\/it\/acquista-champagne-online-champmarket\/\"},{\"@type\":\"ListItem\",\"position\":2,\"name\":\"Shop\",\"item\":\"https:\/\/www.champmarket.com\/it\/shop\/\"},{\"@type\":\"ListItem\",\"position\":3,\"name\":\"Krug\",\"item\":\"https:\/\/www.champmarket.com\/maisons\/selection-champagne-krug\/\"},{\"@type\":\"ListItem\",\"position\":4,\"name\":\"Krug Grande Cuv\u00e9e Edition 172 Bottiglia\"}]},{\"@type\":\"WebSite\",\"@id\":\"https:\/\/www.champmarket.com\/#website\",\"url\":\"https:\/\/www.champmarket.com\/\",\"name\":\"Champmarket\",\"description\":\"Champmarket, Champagnes, Cadeaux et Art de Vivre\",\"publisher\":{\"@id\":\"https:\/\/www.champmarket.com\/#organization\"},\"potentialAction\":[{\"@type\":\"SearchAction\",\"target\":{\"@type\":\"EntryPoint\",\"urlTemplate\":\"https:\/\/www.champmarket.com\/?s={search_term_string}\"},\"query-input\":{\"@type\":\"PropertyValueSpecification\",\"valueRequired\":true,\"valueName\":\"search_term_string\"}}],\"inLanguage\":\"it-IT\"},{\"@type\":\"Organization\",\"@id\":\"https:\/\/www.champmarket.com\/#organization\",\"name\":\"Champmarket\",\"url\":\"https:\/\/www.champmarket.com\/\",\"logo\":{\"@type\":\"ImageObject\",\"inLanguage\":\"it-IT\",\"@id\":\"https:\/\/www.champmarket.com\/#\/schema\/logo\/image\/\",\"url\":\"https:\/\/www.champmarket.com\/wp-content\/uploads\/2024\/08\/logo2024-1.svg\",\"contentUrl\":\"https:\/\/www.champmarket.com\/wp-content\/uploads\/2024\/08\/logo2024-1.svg\",\"width\":579.8,\"height\":80,\"caption\":\"Champmarket\"},\"image\":{\"@id\":\"https:\/\/www.champmarket.com\/#\/schema\/logo\/image\/\"},\"sameAs\":[\"https:\/\/www.facebook.com\/ChampMarket\/\",\"https:\/\/x.com\/champmarket\",\"https:\/\/www.instagram.com\/champmarket.paris\/\",\"https:\/\/www.pinterest.fr\/champmarketparis\/\",\"https:\/\/www.linkedin.com\/company\/champmarket\/\"]}]}<\/script>\n<!-- \/ Yoast SEO plugin. -->","yoast_head_json":{"title":"Krug Grande Cuv\u00e9e Edition 172 Bottiglia - Champmarket","description":"Krug Grande Cuv\u00e9e 172\u00e8me \u00c9dition con cofanetto \u00e8 uno champagne di grande ricchezza e fine eleganza, al di l\u00e0 delle annate.","robots":{"index":"index","follow":"follow","max-snippet":"max-snippet:-1","max-image-preview":"max-image-preview:large","max-video-preview":"max-video-preview:-1"},"canonical":"https:\/\/www.champmarket.com\/it\/champagne\/krug-grande-cuvee-edition-172-bottiglia\/","og_locale":"it_IT","og_type":"article","og_title":"Krug Grande Cuv\u00e9e Edition 172 Bottiglia - Champmarket","og_description":"Krug Grande Cuv\u00e9e 172\u00e8me \u00c9dition con cofanetto \u00e8 uno champagne di grande ricchezza e fine eleganza, al di l\u00e0 delle annate.","og_url":"https:\/\/www.champmarket.com\/it\/champagne\/krug-grande-cuvee-edition-172-bottiglia\/","og_site_name":"Champmarket","article_publisher":"https:\/\/www.facebook.com\/ChampMarket\/","article_modified_time":"2025-05-14T16:01:47+00:00","og_image":[{"width":1200,"height":1200,"url":"https:\/\/www.champmarket.com\/wp-content\/uploads\/2024\/11\/krug-172-eme-edition-bouteille.webp","type":"image\/webp"}],"twitter_card":"summary_large_image","twitter_site":"@champmarket","twitter_misc":{"Tempo di lettura stimato":"1 minuto"},"schema":{"@context":"https:\/\/schema.org","@graph":[{"@type":"WebPage","@id":"https:\/\/www.champmarket.com\/it\/champagne\/krug-grande-cuvee-edition-172-bottiglia\/","url":"https:\/\/www.champmarket.com\/it\/champagne\/krug-grande-cuvee-edition-172-bottiglia\/","name":"Krug Grande Cuv\u00e9e Edition 172 Bottiglia - Champmarket","isPartOf":{"@id":"https:\/\/www.champmarket.com\/#website"},"primaryImageOfPage":{"@id":"https:\/\/www.champmarket.com\/it\/champagne\/krug-grande-cuvee-edition-172-bottiglia\/#primaryimage"},"image":{"@id":"https:\/\/www.champmarket.com\/it\/champagne\/krug-grande-cuvee-edition-172-bottiglia\/#primaryimage"},"thumbnailUrl":"https:\/\/www.champmarket.com\/wp-content\/uploads\/2024\/11\/krug-172-eme-edition-bouteille.webp","datePublished":"2024-11-15T07:18:30+00:00","dateModified":"2025-05-14T16:01:47+00:00","description":"Krug Grande Cuv\u00e9e 172\u00e8me \u00c9dition con cofanetto \u00e8 uno champagne di grande ricchezza e fine eleganza, al di l\u00e0 delle annate.","breadcrumb":{"@id":"https:\/\/www.champmarket.com\/it\/champagne\/krug-grande-cuvee-edition-172-bottiglia\/#breadcrumb"},"inLanguage":"it-IT","potentialAction":[{"@type":"ReadAction","target":["https:\/\/www.champmarket.com\/it\/champagne\/krug-grande-cuvee-edition-172-bottiglia\/"]}]},{"@type":"ImageObject","inLanguage":"it-IT","@id":"https:\/\/www.champmarket.com\/it\/champagne\/krug-grande-cuvee-edition-172-bottiglia\/#primaryimage","url":"https:\/\/www.champmarket.com\/wp-content\/uploads\/2024\/11\/krug-172-eme-edition-bouteille.webp","contentUrl":"https:\/\/www.champmarket.com\/wp-content\/uploads\/2024\/11\/krug-172-eme-edition-bouteille.webp","width":1200,"height":1200,"caption":"Champagne Krug Grande Cuv\u00e9e 172\u00e8me \u00e9dition - Champmarket"},{"@type":"BreadcrumbList","@id":"https:\/\/www.champmarket.com\/it\/champagne\/krug-grande-cuvee-edition-172-bottiglia\/#breadcrumb","itemListElement":[{"@type":"ListItem","position":1,"name":"Home","item":"https:\/\/www.champmarket.com\/it\/acquista-champagne-online-champmarket\/"},{"@type":"ListItem","position":2,"name":"Shop","item":"https:\/\/www.champmarket.com\/it\/shop\/"},{"@type":"ListItem","position":3,"name":"Krug","item":"https:\/\/www.champmarket.com\/maisons\/selection-champagne-krug\/"},{"@type":"ListItem","position":4,"name":"Krug Grande Cuv\u00e9e Edition 172 Bottiglia"}]},{"@type":"WebSite","@id":"https:\/\/www.champmarket.com\/#website","url":"https:\/\/www.champmarket.com\/","name":"Champmarket","description":"Champmarket, Champagnes, Cadeaux et Art de Vivre","publisher":{"@id":"https:\/\/www.champmarket.com\/#organization"},"potentialAction":[{"@type":"SearchAction","target":{"@type":"EntryPoint","urlTemplate":"https:\/\/www.champmarket.com\/?s={search_term_string}"},"query-input":{"@type":"PropertyValueSpecification","valueRequired":true,"valueName":"search_term_string"}}],"inLanguage":"it-IT"},{"@type":"Organization","@id":"https:\/\/www.champmarket.com\/#organization","name":"Champmarket","url":"https:\/\/www.champmarket.com\/","logo":{"@type":"ImageObject","inLanguage":"it-IT","@id":"https:\/\/www.champmarket.com\/#\/schema\/logo\/image\/","url":"https:\/\/www.champmarket.com\/wp-content\/uploads\/2024\/08\/logo2024-1.svg","contentUrl":"https:\/\/www.champmarket.com\/wp-content\/uploads\/2024\/08\/logo2024-1.svg","width":579.8,"height":80,"caption":"Champmarket"},"image":{"@id":"https:\/\/www.champmarket.com\/#\/schema\/logo\/image\/"},"sameAs":["https:\/\/www.facebook.com\/ChampMarket\/","https:\/\/x.com\/champmarket","https:\/\/www.instagram.com\/champmarket.paris\/","https:\/\/www.pinterest.fr\/champmarketparis\/","https:\/\/www.linkedin.com\/company\/champmarket\/"]}]}},"_links":{"self":[{"href":"https:\/\/www.champmarket.com\/it\/wp-json\/wp\/v2\/product\/75626","targetHints":{"allow":["GET"]}}],"collection":[{"href":"https:\/\/www.champmarket.com\/it\/wp-json\/wp\/v2\/product"}],"about":[{"href":"https:\/\/www.champmarket.com\/it\/wp-json\/wp\/v2\/types\/product"}],"version-history":[{"count":3,"href":"https:\/\/www.champmarket.com\/it\/wp-json\/wp\/v2\/product\/75626\/revisions"}],"predecessor-version":[{"id":78899,"href":"https:\/\/www.champmarket.com\/it\/wp-json\/wp\/v2\/product\/75626\/revisions\/78899"}],"wp:featuredmedia":[{"embeddable":true,"href":"https:\/\/www.champmarket.com\/it\/wp-json\/wp\/v2\/media\/75642"}],"wp:attachment":[{"href":"https:\/\/www.champmarket.com\/it\/wp-json\/wp\/v2\/media?parent=75626"}],"wp:term":[{"taxonomy":"product_brand","embeddable":true,"href":"https:\/\/www.champmarket.com\/it\/wp-json\/wp\/v2\/product_brand?post=75626"},{"taxonomy":"product_cat","embeddable":true,"href":"https:\/\/www.champmarket.com\/it\/wp-json\/wp\/v2\/product_cat?post=75626"},{"taxonomy":"product_tag","embeddable":true,"href":"https:\/\/www.champmarket.com\/it\/wp-json\/wp\/v2\/product_tag?post=75626"}],"curies":[{"name":"wp","href":"https:\/\/api.w.org\/{rel}","templated":true}]}}