{"id":75648,"date":"2024-11-15T08:49:05","date_gmt":"2024-11-15T07:49:05","guid":{"rendered":"https:\/\/www.champmarket.com\/?post_type=product&#038;p=75648"},"modified":"2025-05-26T10:06:15","modified_gmt":"2025-05-26T08:06:15","slug":"krug-grande-cuvee-edition-172-bottiglia-con-box","status":"publish","type":"product","link":"https:\/\/www.champmarket.com\/it\/champagne\/krug-grande-cuvee-edition-172-bottiglia-con-box\/","title":{"rendered":"Krug Grande Cuv\u00e9e 172\u00b0 Edizione -bottiglia con box"},"content":{"rendered":"<p>Uno champagne per le occasioni speciali, presentato in un box di lusso, Krug Grande Cuv\u00e9e 172\u00e8me Edizione \u00e8 il regalo ideale. Krug considera ogni vino di ogni parcella come un musicista unico. Dal Clos solista, la purezza di una singola parcella di una singola annata, all&#8217;orchestra completa che offre la sinfonia di sapori di Krug Grande Cuv\u00e9e, fino a un ensemble di musicisti che interpretano la melodia gustativa di un anno con il Vintage. I musicisti hanno selezionato delle melodie per accompagnare la degustazione.<\/p>\n","protected":false},"excerpt":{"rendered":"<p>Krug Grande Cuv\u00e9e nasce dal sogno di Joseph Krug di ricreare ogni anno il miglior champagne, indipendentemente dai capricci del tempo. Dal 1843, la Maison Krug rende omaggio a questa visione con una nuova Edizione di Krug Grande Cuv\u00e9e: l&#8217;espressione pi\u00f9 generosa dello champagne. Krug Grande Cuv\u00e9e 172\u00b0 Edizione con box, creata intorno alla vendemmia 2016, \u00e8 uno champagne di grande ricchezza ed eleganza, al di l\u00e0 delle annate. Per creare questa Edizione di Krug Grande Cuv\u00e9e, Julie Cavil, il Capo di Casa, ha cercato di accentuare le varie espressioni aromatiche dell&#8217;anno con vini di riserva provenienti da diverse parcelle e da altre 10 annate, conferendogli un&#8217;ampiezza di sapori e aromi impossibile da esprimere con i vini di una sola annata. L&#8217;attenzione prestata alle vigne e il rispetto unico di Krug per il carattere individuale di ogni parcella e del suo vino hanno permesso la profondit\u00e0 di espressione di questa edizione di Krug Grande Cuv\u00e9e.<\/p>\n","protected":false},"featured_media":75638,"template":"","meta":{"_acf_changed":false},"product_brand":[],"product_cat":[3366,3317,3307,2387,2397,2238,2776,2368,2775,2372,2375,2223,2224],"product_tag":[2248,2228,2255,2229],"class_list":{"0":"post-75648","1":"product","2":"type-product","3":"status-publish","4":"has-post-thumbnail","6":"maisons-selection-champagne-krug-it","7":"product_cat-champagne-di-natale","8":"product_cat-i-migliori-champagne","9":"product_cat-tutti-gli-champagne-e-i-set-regalo-esclusivi","10":"product_cat-categorie-maisons-de-champagne-it","11":"product_cat-categorie-krug-it","12":"product_cat-bouteilles-it","13":"product_cat-nuovi-prodotti-it","14":"product_cat-regali-professionali-it","15":"product_cat-tutti-gli-champagne","16":"product_cat-champagne-brut-it","17":"product_cat-champagne-prestige-it","18":"product_cat-aperitif-it","19":"product_cat-repas-it","20":"product_tag-haute-couture-it","21":"product_tag-aperitif-it","22":"product_tag-pour-offrir-it","23":"product_tag-per-un-pasto-con-champagne","25":"first","26":"instock","27":"taxable","28":"shipping-taxable","29":"purchasable","30":"product-type-simple"},"acf":[],"yoast_head":"<!-- This site is optimized with the Yoast SEO plugin v26.4 - https:\/\/yoast.com\/wordpress\/plugins\/seo\/ -->\n<title>Krug Grande Cuv\u00e9e 172\u00b0 Edizione -bottiglia con box - Champmarket<\/title>\n<meta name=\"description\" content=\"Krug Grande Cuv\u00e9es 172\u00b0 Edizione con box \u00e8 uno champagne di grande ricchezza e fine eleganza, al di l\u00e0 dei vintage.\" \/>\n<meta name=\"robots\" content=\"index, follow, max-snippet:-1, max-image-preview:large, max-video-preview:-1\" \/>\n<link rel=\"canonical\" href=\"https:\/\/www.champmarket.com\/it\/champagne\/krug-grande-cuvee-edition-172-bottiglia-con-box\/\" \/>\n<meta property=\"og:locale\" content=\"it_IT\" \/>\n<meta property=\"og:type\" content=\"article\" \/>\n<meta property=\"og:title\" content=\"Krug Grande Cuv\u00e9e 172\u00b0 Edizione -bottiglia con box - Champmarket\" \/>\n<meta property=\"og:description\" content=\"Krug Grande Cuv\u00e9es 172\u00b0 Edizione con box \u00e8 uno champagne di grande ricchezza e fine eleganza, al di l\u00e0 dei vintage.\" \/>\n<meta property=\"og:url\" content=\"https:\/\/www.champmarket.com\/it\/champagne\/krug-grande-cuvee-edition-172-bottiglia-con-box\/\" \/>\n<meta property=\"og:site_name\" content=\"Champmarket\" \/>\n<meta property=\"article:publisher\" content=\"https:\/\/www.facebook.com\/ChampMarket\/\" \/>\n<meta property=\"article:modified_time\" content=\"2025-05-26T08:06:15+00:00\" \/>\n<meta property=\"og:image\" content=\"https:\/\/www.champmarket.com\/wp-content\/uploads\/2024\/11\/krug-172-eme-edition-bouteille-coffret.webp\" \/>\n\t<meta property=\"og:image:width\" content=\"1200\" \/>\n\t<meta property=\"og:image:height\" content=\"1200\" \/>\n\t<meta property=\"og:image:type\" content=\"image\/webp\" \/>\n<meta name=\"twitter:card\" content=\"summary_large_image\" \/>\n<meta name=\"twitter:site\" content=\"@champmarket\" \/>\n<meta name=\"twitter:label1\" content=\"Tempo di lettura stimato\" \/>\n\t<meta name=\"twitter:data1\" content=\"1 minuto\" \/>\n<script type=\"application\/ld+json\" class=\"yoast-schema-graph\">{\"@context\":\"https:\/\/schema.org\",\"@graph\":[{\"@type\":\"WebPage\",\"@id\":\"https:\/\/www.champmarket.com\/it\/champagne\/krug-grande-cuvee-edition-172-bottiglia-con-box\/\",\"url\":\"https:\/\/www.champmarket.com\/it\/champagne\/krug-grande-cuvee-edition-172-bottiglia-con-box\/\",\"name\":\"Krug Grande Cuv\u00e9e 172\u00b0 Edizione -bottiglia con box - Champmarket\",\"isPartOf\":{\"@id\":\"https:\/\/www.champmarket.com\/#website\"},\"primaryImageOfPage\":{\"@id\":\"https:\/\/www.champmarket.com\/it\/champagne\/krug-grande-cuvee-edition-172-bottiglia-con-box\/#primaryimage\"},\"image\":{\"@id\":\"https:\/\/www.champmarket.com\/it\/champagne\/krug-grande-cuvee-edition-172-bottiglia-con-box\/#primaryimage\"},\"thumbnailUrl\":\"https:\/\/www.champmarket.com\/wp-content\/uploads\/2024\/11\/krug-172-eme-edition-bouteille-coffret.webp\",\"datePublished\":\"2024-11-15T07:49:05+00:00\",\"dateModified\":\"2025-05-26T08:06:15+00:00\",\"description\":\"Krug Grande Cuv\u00e9es 172\u00b0 Edizione con box \u00e8 uno champagne di grande ricchezza e fine eleganza, al di l\u00e0 dei vintage.\",\"breadcrumb\":{\"@id\":\"https:\/\/www.champmarket.com\/it\/champagne\/krug-grande-cuvee-edition-172-bottiglia-con-box\/#breadcrumb\"},\"inLanguage\":\"it-IT\",\"potentialAction\":[{\"@type\":\"ReadAction\",\"target\":[\"https:\/\/www.champmarket.com\/it\/champagne\/krug-grande-cuvee-edition-172-bottiglia-con-box\/\"]}]},{\"@type\":\"ImageObject\",\"inLanguage\":\"it-IT\",\"@id\":\"https:\/\/www.champmarket.com\/it\/champagne\/krug-grande-cuvee-edition-172-bottiglia-con-box\/#primaryimage\",\"url\":\"https:\/\/www.champmarket.com\/wp-content\/uploads\/2024\/11\/krug-172-eme-edition-bouteille-coffret.webp\",\"contentUrl\":\"https:\/\/www.champmarket.com\/wp-content\/uploads\/2024\/11\/krug-172-eme-edition-bouteille-coffret.webp\",\"width\":1200,\"height\":1200,\"caption\":\"Champagne Krug Grande Cuv\u00e9e 172\u00e8me \u00e9dition - Champmarket\"},{\"@type\":\"BreadcrumbList\",\"@id\":\"https:\/\/www.champmarket.com\/it\/champagne\/krug-grande-cuvee-edition-172-bottiglia-con-box\/#breadcrumb\",\"itemListElement\":[{\"@type\":\"ListItem\",\"position\":1,\"name\":\"Home\",\"item\":\"https:\/\/www.champmarket.com\/it\/acquista-champagne-online-champmarket\/\"},{\"@type\":\"ListItem\",\"position\":2,\"name\":\"Shop\",\"item\":\"https:\/\/www.champmarket.com\/it\/shop\/\"},{\"@type\":\"ListItem\",\"position\":3,\"name\":\"Krug\",\"item\":\"https:\/\/www.champmarket.com\/it\/maisons\/selection-champagne-krug-it\/\"},{\"@type\":\"ListItem\",\"position\":4,\"name\":\"Krug Grande Cuv\u00e9e 172\u00b0 Edizione -bottiglia con box\"}]},{\"@type\":\"WebSite\",\"@id\":\"https:\/\/www.champmarket.com\/#website\",\"url\":\"https:\/\/www.champmarket.com\/\",\"name\":\"Champmarket\",\"description\":\"Champmarket, Champagnes, Cadeaux et Art de Vivre\",\"publisher\":{\"@id\":\"https:\/\/www.champmarket.com\/#organization\"},\"potentialAction\":[{\"@type\":\"SearchAction\",\"target\":{\"@type\":\"EntryPoint\",\"urlTemplate\":\"https:\/\/www.champmarket.com\/?s={search_term_string}\"},\"query-input\":{\"@type\":\"PropertyValueSpecification\",\"valueRequired\":true,\"valueName\":\"search_term_string\"}}],\"inLanguage\":\"it-IT\"},{\"@type\":\"Organization\",\"@id\":\"https:\/\/www.champmarket.com\/#organization\",\"name\":\"Champmarket\",\"url\":\"https:\/\/www.champmarket.com\/\",\"logo\":{\"@type\":\"ImageObject\",\"inLanguage\":\"it-IT\",\"@id\":\"https:\/\/www.champmarket.com\/#\/schema\/logo\/image\/\",\"url\":\"https:\/\/www.champmarket.com\/wp-content\/uploads\/2024\/08\/logo2024-1.svg\",\"contentUrl\":\"https:\/\/www.champmarket.com\/wp-content\/uploads\/2024\/08\/logo2024-1.svg\",\"width\":579.8,\"height\":80,\"caption\":\"Champmarket\"},\"image\":{\"@id\":\"https:\/\/www.champmarket.com\/#\/schema\/logo\/image\/\"},\"sameAs\":[\"https:\/\/www.facebook.com\/ChampMarket\/\",\"https:\/\/x.com\/champmarket\",\"https:\/\/www.instagram.com\/champmarket.paris\/\",\"https:\/\/www.pinterest.fr\/champmarketparis\/\",\"https:\/\/www.linkedin.com\/company\/champmarket\/\"]}]}<\/script>\n<!-- \/ Yoast SEO plugin. -->","yoast_head_json":{"title":"Krug Grande Cuv\u00e9e 172\u00b0 Edizione -bottiglia con box - Champmarket","description":"Krug Grande Cuv\u00e9es 172\u00b0 Edizione con box \u00e8 uno champagne di grande ricchezza e fine eleganza, al di l\u00e0 dei vintage.","robots":{"index":"index","follow":"follow","max-snippet":"max-snippet:-1","max-image-preview":"max-image-preview:large","max-video-preview":"max-video-preview:-1"},"canonical":"https:\/\/www.champmarket.com\/it\/champagne\/krug-grande-cuvee-edition-172-bottiglia-con-box\/","og_locale":"it_IT","og_type":"article","og_title":"Krug Grande Cuv\u00e9e 172\u00b0 Edizione -bottiglia con box - Champmarket","og_description":"Krug Grande Cuv\u00e9es 172\u00b0 Edizione con box \u00e8 uno champagne di grande ricchezza e fine eleganza, al di l\u00e0 dei vintage.","og_url":"https:\/\/www.champmarket.com\/it\/champagne\/krug-grande-cuvee-edition-172-bottiglia-con-box\/","og_site_name":"Champmarket","article_publisher":"https:\/\/www.facebook.com\/ChampMarket\/","article_modified_time":"2025-05-26T08:06:15+00:00","og_image":[{"width":1200,"height":1200,"url":"https:\/\/www.champmarket.com\/wp-content\/uploads\/2024\/11\/krug-172-eme-edition-bouteille-coffret.webp","type":"image\/webp"}],"twitter_card":"summary_large_image","twitter_site":"@champmarket","twitter_misc":{"Tempo di lettura stimato":"1 minuto"},"schema":{"@context":"https:\/\/schema.org","@graph":[{"@type":"WebPage","@id":"https:\/\/www.champmarket.com\/it\/champagne\/krug-grande-cuvee-edition-172-bottiglia-con-box\/","url":"https:\/\/www.champmarket.com\/it\/champagne\/krug-grande-cuvee-edition-172-bottiglia-con-box\/","name":"Krug Grande Cuv\u00e9e 172\u00b0 Edizione -bottiglia con box - Champmarket","isPartOf":{"@id":"https:\/\/www.champmarket.com\/#website"},"primaryImageOfPage":{"@id":"https:\/\/www.champmarket.com\/it\/champagne\/krug-grande-cuvee-edition-172-bottiglia-con-box\/#primaryimage"},"image":{"@id":"https:\/\/www.champmarket.com\/it\/champagne\/krug-grande-cuvee-edition-172-bottiglia-con-box\/#primaryimage"},"thumbnailUrl":"https:\/\/www.champmarket.com\/wp-content\/uploads\/2024\/11\/krug-172-eme-edition-bouteille-coffret.webp","datePublished":"2024-11-15T07:49:05+00:00","dateModified":"2025-05-26T08:06:15+00:00","description":"Krug Grande Cuv\u00e9es 172\u00b0 Edizione con box \u00e8 uno champagne di grande ricchezza e fine eleganza, al di l\u00e0 dei vintage.","breadcrumb":{"@id":"https:\/\/www.champmarket.com\/it\/champagne\/krug-grande-cuvee-edition-172-bottiglia-con-box\/#breadcrumb"},"inLanguage":"it-IT","potentialAction":[{"@type":"ReadAction","target":["https:\/\/www.champmarket.com\/it\/champagne\/krug-grande-cuvee-edition-172-bottiglia-con-box\/"]}]},{"@type":"ImageObject","inLanguage":"it-IT","@id":"https:\/\/www.champmarket.com\/it\/champagne\/krug-grande-cuvee-edition-172-bottiglia-con-box\/#primaryimage","url":"https:\/\/www.champmarket.com\/wp-content\/uploads\/2024\/11\/krug-172-eme-edition-bouteille-coffret.webp","contentUrl":"https:\/\/www.champmarket.com\/wp-content\/uploads\/2024\/11\/krug-172-eme-edition-bouteille-coffret.webp","width":1200,"height":1200,"caption":"Champagne Krug Grande Cuv\u00e9e 172\u00e8me \u00e9dition - Champmarket"},{"@type":"BreadcrumbList","@id":"https:\/\/www.champmarket.com\/it\/champagne\/krug-grande-cuvee-edition-172-bottiglia-con-box\/#breadcrumb","itemListElement":[{"@type":"ListItem","position":1,"name":"Home","item":"https:\/\/www.champmarket.com\/it\/acquista-champagne-online-champmarket\/"},{"@type":"ListItem","position":2,"name":"Shop","item":"https:\/\/www.champmarket.com\/it\/shop\/"},{"@type":"ListItem","position":3,"name":"Krug","item":"https:\/\/www.champmarket.com\/it\/maisons\/selection-champagne-krug-it\/"},{"@type":"ListItem","position":4,"name":"Krug Grande Cuv\u00e9e 172\u00b0 Edizione -bottiglia con box"}]},{"@type":"WebSite","@id":"https:\/\/www.champmarket.com\/#website","url":"https:\/\/www.champmarket.com\/","name":"Champmarket","description":"Champmarket, Champagnes, Cadeaux et Art de Vivre","publisher":{"@id":"https:\/\/www.champmarket.com\/#organization"},"potentialAction":[{"@type":"SearchAction","target":{"@type":"EntryPoint","urlTemplate":"https:\/\/www.champmarket.com\/?s={search_term_string}"},"query-input":{"@type":"PropertyValueSpecification","valueRequired":true,"valueName":"search_term_string"}}],"inLanguage":"it-IT"},{"@type":"Organization","@id":"https:\/\/www.champmarket.com\/#organization","name":"Champmarket","url":"https:\/\/www.champmarket.com\/","logo":{"@type":"ImageObject","inLanguage":"it-IT","@id":"https:\/\/www.champmarket.com\/#\/schema\/logo\/image\/","url":"https:\/\/www.champmarket.com\/wp-content\/uploads\/2024\/08\/logo2024-1.svg","contentUrl":"https:\/\/www.champmarket.com\/wp-content\/uploads\/2024\/08\/logo2024-1.svg","width":579.8,"height":80,"caption":"Champmarket"},"image":{"@id":"https:\/\/www.champmarket.com\/#\/schema\/logo\/image\/"},"sameAs":["https:\/\/www.facebook.com\/ChampMarket\/","https:\/\/x.com\/champmarket","https:\/\/www.instagram.com\/champmarket.paris\/","https:\/\/www.pinterest.fr\/champmarketparis\/","https:\/\/www.linkedin.com\/company\/champmarket\/"]}]}},"_links":{"self":[{"href":"https:\/\/www.champmarket.com\/it\/wp-json\/wp\/v2\/product\/75648","targetHints":{"allow":["GET"]}}],"collection":[{"href":"https:\/\/www.champmarket.com\/it\/wp-json\/wp\/v2\/product"}],"about":[{"href":"https:\/\/www.champmarket.com\/it\/wp-json\/wp\/v2\/types\/product"}],"version-history":[{"count":2,"href":"https:\/\/www.champmarket.com\/it\/wp-json\/wp\/v2\/product\/75648\/revisions"}],"predecessor-version":[{"id":78656,"href":"https:\/\/www.champmarket.com\/it\/wp-json\/wp\/v2\/product\/75648\/revisions\/78656"}],"wp:featuredmedia":[{"embeddable":true,"href":"https:\/\/www.champmarket.com\/it\/wp-json\/wp\/v2\/media\/75638"}],"wp:attachment":[{"href":"https:\/\/www.champmarket.com\/it\/wp-json\/wp\/v2\/media?parent=75648"}],"wp:term":[{"taxonomy":"product_brand","embeddable":true,"href":"https:\/\/www.champmarket.com\/it\/wp-json\/wp\/v2\/product_brand?post=75648"},{"taxonomy":"product_cat","embeddable":true,"href":"https:\/\/www.champmarket.com\/it\/wp-json\/wp\/v2\/product_cat?post=75648"},{"taxonomy":"product_tag","embeddable":true,"href":"https:\/\/www.champmarket.com\/it\/wp-json\/wp\/v2\/product_tag?post=75648"}],"curies":[{"name":"wp","href":"https:\/\/api.w.org\/{rel}","templated":true}]}}