{"id":76424,"date":"2024-12-17T16:37:59","date_gmt":"2024-12-17T15:37:59","guid":{"rendered":"https:\/\/www.champmarket.com\/?post_type=product&#038;p=76424"},"modified":"2025-05-13T10:12:35","modified_gmt":"2025-05-13T08:12:35","slug":"rare-2012-bottiglia","status":"publish","type":"product","link":"https:\/\/www.champmarket.com\/it\/champagne\/rare-2012-bottiglia\/","title":{"rendered":"Rare 2012 bottiglia"},"content":{"rendered":"<p>Dotato di una freschezza senza pari, ogni Rare Mill\u00e9sime \u00e8 un vino non convenzionale, sempre edito in serie limitata. Rare Champagne celebra la personalit\u00e0 di un&#8217;annata eccezionale, che sia singolare, inaspettata o ribelle.<\/p>\n","protected":false},"excerpt":{"rendered":"<p>Rare Mill\u00e9sime 2012 \u00e8 luminoso! Questo champagne molto strutturato \u00e8 di una vivacit\u00e0 giocosa. La sua personalit\u00e0 radiosa, come un&#8217;ode alla gioia, irradia in una lunghezza eccezionale. Presenta un grande potenziale di conservazione.<\/p>\n<p>Rare Mill\u00e9sime 2012 si inserisce nella linea di Rare Mill\u00e9sime 2002 per la sua purezza e il suo carattere iconico. L&#8217;associazione degli aromi speziati e delle note tropicali si esprime con una precisione ineguagliabile e golosa. La sua mineralit\u00e0 solare e gioiosa si eleva con grazia. , \u00c9milien Boutillat, Chef de caves di Rare Champagne.<\/p>\n","protected":false},"featured_media":76501,"template":"","meta":{"_acf_changed":false},"product_brand":[],"product_cat":[3366,3317,3307,2387,2408,2238,2775,2225,2375,2224],"product_tag":[2248,2229,2232],"class_list":{"0":"post-76424","1":"product","2":"type-product","3":"status-publish","4":"has-post-thumbnail","6":"maisons-selection-champagne-rare-it","7":"product_cat-champagne-di-natale","8":"product_cat-i-migliori-champagne","9":"product_cat-tutti-gli-champagne-e-i-set-regalo-esclusivi","10":"product_cat-categorie-maisons-de-champagne-it","11":"product_cat-categorie-rare-it","12":"product_cat-bouteilles-it","13":"product_cat-tutti-gli-champagne","14":"product_cat-champagne-millesime-it","15":"product_cat-champagne-prestige-it","16":"product_cat-repas-it","17":"product_tag-haute-couture-it","18":"product_tag-per-un-pasto-con-champagne","19":"product_tag-vintage-it","21":"first","22":"instock","23":"taxable","24":"shipping-taxable","25":"purchasable","26":"product-type-simple"},"acf":[],"yoast_head":"<!-- This site is optimized with the Yoast SEO plugin v26.4 - https:\/\/yoast.com\/wordpress\/plugins\/seo\/ -->\n<title>Rare 2012 bottiglia - Champmarket<\/title>\n<meta name=\"description\" content=\"Rare Mill\u00e9sime 2012 \u00e8 luminoso! Questo champagne molto strutturato \u00e8 di una vivacit\u00e0 giocosa. La sua personalit\u00e0 radiosa, come un&#039;ode alla gioia, irradia...\" \/>\n<meta name=\"robots\" content=\"index, follow, max-snippet:-1, max-image-preview:large, max-video-preview:-1\" \/>\n<link rel=\"canonical\" href=\"https:\/\/www.champmarket.com\/it\/champagne\/rare-2012-bottiglia\/\" \/>\n<meta property=\"og:locale\" content=\"it_IT\" \/>\n<meta property=\"og:type\" content=\"article\" \/>\n<meta property=\"og:title\" content=\"Rare 2012 bottiglia - Champmarket\" \/>\n<meta property=\"og:description\" content=\"Rare Mill\u00e9sime 2012 \u00e8 luminoso! Questo champagne molto strutturato \u00e8 di una vivacit\u00e0 giocosa. La sua personalit\u00e0 radiosa, come un&#039;ode alla gioia, irradia...\" \/>\n<meta property=\"og:url\" content=\"https:\/\/www.champmarket.com\/it\/champagne\/rare-2012-bottiglia\/\" \/>\n<meta property=\"og:site_name\" content=\"Champmarket\" \/>\n<meta property=\"article:publisher\" content=\"https:\/\/www.facebook.com\/ChampMarket\/\" \/>\n<meta property=\"article:modified_time\" content=\"2025-05-13T08:12:35+00:00\" \/>\n<meta property=\"og:image\" content=\"https:\/\/www.champmarket.com\/wp-content\/uploads\/2024\/12\/Rare-millesime-2012-bouteille.webp\" \/>\n\t<meta property=\"og:image:width\" content=\"1200\" \/>\n\t<meta property=\"og:image:height\" content=\"1200\" \/>\n\t<meta property=\"og:image:type\" content=\"image\/webp\" \/>\n<meta name=\"twitter:card\" content=\"summary_large_image\" \/>\n<meta name=\"twitter:site\" content=\"@champmarket\" \/>\n<meta name=\"twitter:label1\" content=\"Tempo di lettura stimato\" \/>\n\t<meta name=\"twitter:data1\" content=\"1 minuto\" \/>\n<script type=\"application\/ld+json\" class=\"yoast-schema-graph\">{\"@context\":\"https:\/\/schema.org\",\"@graph\":[{\"@type\":\"WebPage\",\"@id\":\"https:\/\/www.champmarket.com\/it\/champagne\/rare-2012-bottiglia\/\",\"url\":\"https:\/\/www.champmarket.com\/it\/champagne\/rare-2012-bottiglia\/\",\"name\":\"Rare 2012 bottiglia - Champmarket\",\"isPartOf\":{\"@id\":\"https:\/\/www.champmarket.com\/#website\"},\"primaryImageOfPage\":{\"@id\":\"https:\/\/www.champmarket.com\/it\/champagne\/rare-2012-bottiglia\/#primaryimage\"},\"image\":{\"@id\":\"https:\/\/www.champmarket.com\/it\/champagne\/rare-2012-bottiglia\/#primaryimage\"},\"thumbnailUrl\":\"https:\/\/www.champmarket.com\/wp-content\/uploads\/2024\/12\/Rare-millesime-2012-bouteille.webp\",\"datePublished\":\"2024-12-17T15:37:59+00:00\",\"dateModified\":\"2025-05-13T08:12:35+00:00\",\"description\":\"Rare Mill\u00e9sime 2012 \u00e8 luminoso! Questo champagne molto strutturato \u00e8 di una vivacit\u00e0 giocosa. La sua personalit\u00e0 radiosa, come un'ode alla gioia, irradia...\",\"breadcrumb\":{\"@id\":\"https:\/\/www.champmarket.com\/it\/champagne\/rare-2012-bottiglia\/#breadcrumb\"},\"inLanguage\":\"it-IT\",\"potentialAction\":[{\"@type\":\"ReadAction\",\"target\":[\"https:\/\/www.champmarket.com\/it\/champagne\/rare-2012-bottiglia\/\"]}]},{\"@type\":\"ImageObject\",\"inLanguage\":\"it-IT\",\"@id\":\"https:\/\/www.champmarket.com\/it\/champagne\/rare-2012-bottiglia\/#primaryimage\",\"url\":\"https:\/\/www.champmarket.com\/wp-content\/uploads\/2024\/12\/Rare-millesime-2012-bouteille.webp\",\"contentUrl\":\"https:\/\/www.champmarket.com\/wp-content\/uploads\/2024\/12\/Rare-millesime-2012-bouteille.webp\",\"width\":1200,\"height\":1200,\"caption\":\"Champagne Rare mill\u00e9sime 2012 - Champmarket\"},{\"@type\":\"BreadcrumbList\",\"@id\":\"https:\/\/www.champmarket.com\/it\/champagne\/rare-2012-bottiglia\/#breadcrumb\",\"itemListElement\":[{\"@type\":\"ListItem\",\"position\":1,\"name\":\"Home\",\"item\":\"https:\/\/www.champmarket.com\/it\/acquista-champagne-online-champmarket\/\"},{\"@type\":\"ListItem\",\"position\":2,\"name\":\"Shop\",\"item\":\"https:\/\/www.champmarket.com\/it\/shop\/\"},{\"@type\":\"ListItem\",\"position\":3,\"name\":\"Rare Champagne\",\"item\":\"https:\/\/www.champmarket.com\/it\/maisons\/selection-champagne-rare-it\/\"},{\"@type\":\"ListItem\",\"position\":4,\"name\":\"Rare 2012 bottiglia\"}]},{\"@type\":\"WebSite\",\"@id\":\"https:\/\/www.champmarket.com\/#website\",\"url\":\"https:\/\/www.champmarket.com\/\",\"name\":\"Champmarket\",\"description\":\"Champmarket, Champagnes, Cadeaux et Art de Vivre\",\"publisher\":{\"@id\":\"https:\/\/www.champmarket.com\/#organization\"},\"potentialAction\":[{\"@type\":\"SearchAction\",\"target\":{\"@type\":\"EntryPoint\",\"urlTemplate\":\"https:\/\/www.champmarket.com\/?s={search_term_string}\"},\"query-input\":{\"@type\":\"PropertyValueSpecification\",\"valueRequired\":true,\"valueName\":\"search_term_string\"}}],\"inLanguage\":\"it-IT\"},{\"@type\":\"Organization\",\"@id\":\"https:\/\/www.champmarket.com\/#organization\",\"name\":\"Champmarket\",\"url\":\"https:\/\/www.champmarket.com\/\",\"logo\":{\"@type\":\"ImageObject\",\"inLanguage\":\"it-IT\",\"@id\":\"https:\/\/www.champmarket.com\/#\/schema\/logo\/image\/\",\"url\":\"https:\/\/www.champmarket.com\/wp-content\/uploads\/2024\/08\/logo2024-1.svg\",\"contentUrl\":\"https:\/\/www.champmarket.com\/wp-content\/uploads\/2024\/08\/logo2024-1.svg\",\"width\":579.8,\"height\":80,\"caption\":\"Champmarket\"},\"image\":{\"@id\":\"https:\/\/www.champmarket.com\/#\/schema\/logo\/image\/\"},\"sameAs\":[\"https:\/\/www.facebook.com\/ChampMarket\/\",\"https:\/\/x.com\/champmarket\",\"https:\/\/www.instagram.com\/champmarket.paris\/\",\"https:\/\/www.pinterest.fr\/champmarketparis\/\",\"https:\/\/www.linkedin.com\/company\/champmarket\/\"]}]}<\/script>\n<!-- \/ Yoast SEO plugin. -->","yoast_head_json":{"title":"Rare 2012 bottiglia - Champmarket","description":"Rare Mill\u00e9sime 2012 \u00e8 luminoso! Questo champagne molto strutturato \u00e8 di una vivacit\u00e0 giocosa. La sua personalit\u00e0 radiosa, come un'ode alla gioia, irradia...","robots":{"index":"index","follow":"follow","max-snippet":"max-snippet:-1","max-image-preview":"max-image-preview:large","max-video-preview":"max-video-preview:-1"},"canonical":"https:\/\/www.champmarket.com\/it\/champagne\/rare-2012-bottiglia\/","og_locale":"it_IT","og_type":"article","og_title":"Rare 2012 bottiglia - Champmarket","og_description":"Rare Mill\u00e9sime 2012 \u00e8 luminoso! Questo champagne molto strutturato \u00e8 di una vivacit\u00e0 giocosa. La sua personalit\u00e0 radiosa, come un'ode alla gioia, irradia...","og_url":"https:\/\/www.champmarket.com\/it\/champagne\/rare-2012-bottiglia\/","og_site_name":"Champmarket","article_publisher":"https:\/\/www.facebook.com\/ChampMarket\/","article_modified_time":"2025-05-13T08:12:35+00:00","og_image":[{"width":1200,"height":1200,"url":"https:\/\/www.champmarket.com\/wp-content\/uploads\/2024\/12\/Rare-millesime-2012-bouteille.webp","type":"image\/webp"}],"twitter_card":"summary_large_image","twitter_site":"@champmarket","twitter_misc":{"Tempo di lettura stimato":"1 minuto"},"schema":{"@context":"https:\/\/schema.org","@graph":[{"@type":"WebPage","@id":"https:\/\/www.champmarket.com\/it\/champagne\/rare-2012-bottiglia\/","url":"https:\/\/www.champmarket.com\/it\/champagne\/rare-2012-bottiglia\/","name":"Rare 2012 bottiglia - Champmarket","isPartOf":{"@id":"https:\/\/www.champmarket.com\/#website"},"primaryImageOfPage":{"@id":"https:\/\/www.champmarket.com\/it\/champagne\/rare-2012-bottiglia\/#primaryimage"},"image":{"@id":"https:\/\/www.champmarket.com\/it\/champagne\/rare-2012-bottiglia\/#primaryimage"},"thumbnailUrl":"https:\/\/www.champmarket.com\/wp-content\/uploads\/2024\/12\/Rare-millesime-2012-bouteille.webp","datePublished":"2024-12-17T15:37:59+00:00","dateModified":"2025-05-13T08:12:35+00:00","description":"Rare Mill\u00e9sime 2012 \u00e8 luminoso! Questo champagne molto strutturato \u00e8 di una vivacit\u00e0 giocosa. La sua personalit\u00e0 radiosa, come un'ode alla gioia, irradia...","breadcrumb":{"@id":"https:\/\/www.champmarket.com\/it\/champagne\/rare-2012-bottiglia\/#breadcrumb"},"inLanguage":"it-IT","potentialAction":[{"@type":"ReadAction","target":["https:\/\/www.champmarket.com\/it\/champagne\/rare-2012-bottiglia\/"]}]},{"@type":"ImageObject","inLanguage":"it-IT","@id":"https:\/\/www.champmarket.com\/it\/champagne\/rare-2012-bottiglia\/#primaryimage","url":"https:\/\/www.champmarket.com\/wp-content\/uploads\/2024\/12\/Rare-millesime-2012-bouteille.webp","contentUrl":"https:\/\/www.champmarket.com\/wp-content\/uploads\/2024\/12\/Rare-millesime-2012-bouteille.webp","width":1200,"height":1200,"caption":"Champagne Rare mill\u00e9sime 2012 - Champmarket"},{"@type":"BreadcrumbList","@id":"https:\/\/www.champmarket.com\/it\/champagne\/rare-2012-bottiglia\/#breadcrumb","itemListElement":[{"@type":"ListItem","position":1,"name":"Home","item":"https:\/\/www.champmarket.com\/it\/acquista-champagne-online-champmarket\/"},{"@type":"ListItem","position":2,"name":"Shop","item":"https:\/\/www.champmarket.com\/it\/shop\/"},{"@type":"ListItem","position":3,"name":"Rare Champagne","item":"https:\/\/www.champmarket.com\/it\/maisons\/selection-champagne-rare-it\/"},{"@type":"ListItem","position":4,"name":"Rare 2012 bottiglia"}]},{"@type":"WebSite","@id":"https:\/\/www.champmarket.com\/#website","url":"https:\/\/www.champmarket.com\/","name":"Champmarket","description":"Champmarket, Champagnes, Cadeaux et Art de Vivre","publisher":{"@id":"https:\/\/www.champmarket.com\/#organization"},"potentialAction":[{"@type":"SearchAction","target":{"@type":"EntryPoint","urlTemplate":"https:\/\/www.champmarket.com\/?s={search_term_string}"},"query-input":{"@type":"PropertyValueSpecification","valueRequired":true,"valueName":"search_term_string"}}],"inLanguage":"it-IT"},{"@type":"Organization","@id":"https:\/\/www.champmarket.com\/#organization","name":"Champmarket","url":"https:\/\/www.champmarket.com\/","logo":{"@type":"ImageObject","inLanguage":"it-IT","@id":"https:\/\/www.champmarket.com\/#\/schema\/logo\/image\/","url":"https:\/\/www.champmarket.com\/wp-content\/uploads\/2024\/08\/logo2024-1.svg","contentUrl":"https:\/\/www.champmarket.com\/wp-content\/uploads\/2024\/08\/logo2024-1.svg","width":579.8,"height":80,"caption":"Champmarket"},"image":{"@id":"https:\/\/www.champmarket.com\/#\/schema\/logo\/image\/"},"sameAs":["https:\/\/www.facebook.com\/ChampMarket\/","https:\/\/x.com\/champmarket","https:\/\/www.instagram.com\/champmarket.paris\/","https:\/\/www.pinterest.fr\/champmarketparis\/","https:\/\/www.linkedin.com\/company\/champmarket\/"]}]}},"_links":{"self":[{"href":"https:\/\/www.champmarket.com\/it\/wp-json\/wp\/v2\/product\/76424","targetHints":{"allow":["GET"]}}],"collection":[{"href":"https:\/\/www.champmarket.com\/it\/wp-json\/wp\/v2\/product"}],"about":[{"href":"https:\/\/www.champmarket.com\/it\/wp-json\/wp\/v2\/types\/product"}],"version-history":[{"count":3,"href":"https:\/\/www.champmarket.com\/it\/wp-json\/wp\/v2\/product\/76424\/revisions"}],"predecessor-version":[{"id":78892,"href":"https:\/\/www.champmarket.com\/it\/wp-json\/wp\/v2\/product\/76424\/revisions\/78892"}],"wp:featuredmedia":[{"embeddable":true,"href":"https:\/\/www.champmarket.com\/it\/wp-json\/wp\/v2\/media\/76501"}],"wp:attachment":[{"href":"https:\/\/www.champmarket.com\/it\/wp-json\/wp\/v2\/media?parent=76424"}],"wp:term":[{"taxonomy":"product_brand","embeddable":true,"href":"https:\/\/www.champmarket.com\/it\/wp-json\/wp\/v2\/product_brand?post=76424"},{"taxonomy":"product_cat","embeddable":true,"href":"https:\/\/www.champmarket.com\/it\/wp-json\/wp\/v2\/product_cat?post=76424"},{"taxonomy":"product_tag","embeddable":true,"href":"https:\/\/www.champmarket.com\/it\/wp-json\/wp\/v2\/product_tag?post=76424"}],"curies":[{"name":"wp","href":"https:\/\/api.w.org\/{rel}","templated":true}]}}