{"id":76753,"date":"2025-01-24T11:19:21","date_gmt":"2025-01-24T10:19:21","guid":{"rendered":"https:\/\/www.champmarket.com\/?post_type=product&#038;p=76753"},"modified":"2025-05-22T12:10:52","modified_gmt":"2025-05-22T10:10:52","slug":"barons-de-rothschild-rare-collection-blanc-de-blancs-2014-magnum-con-box","status":"publish","type":"product","link":"https:\/\/www.champmarket.com\/it\/champagne\/barons-de-rothschild-rare-collection-blanc-de-blancs-2014-magnum-con-box\/","title":{"rendered":"Barons de Rothschild Rare Collection Blanc de Blancs 2014 Magnum con box"},"content":{"rendered":"<p>Lo Champagne Barons de Rothschild Rare Collection Blanc de Blancs 2014 con Luxury Box \u00e8 prodotto in quantit\u00e0 molto limitate e beneficia della stessa cura dei pi\u00f9 grandi vini della Famiglia Rothschild.<\/p>\n<p>Quando la Maison di Champagne \u00e8 stata fondata nel 2005, la famiglia Rothschild si \u00e8 stabilita in Champagne con l&#8217;eccellenza come unica ambizione. Meno di un anno dopo, la creazione di una cuv\u00e9e eccezionale posta sotto il segno di una grande annata, come i vini dei loro pi\u00f9 grandi Ch\u00e2teaux, completava le sue fondamenta.<\/p>\n","protected":false},"excerpt":{"rendered":"<p>La cuv\u00e9e di prestigio Barons de Rothschild Rare Collection Blanc de Blancs 2014 magnum con cofanetto di lusso, prodotta in quantit\u00e0 molto limitata, esprime la quintessenza dello stile Barons de Rothschild. Questo champagne \u00e8 la perfetta armonia di freschezza e carattere.<\/p>\n","protected":false},"featured_media":76746,"template":"","meta":{"_acf_changed":false},"product_brand":[],"product_cat":[3307,2387,2391,2226,2227,2775,2370,2225,2375,2224],"product_tag":[2240,2248,2230,2255,2231,2229,2232],"class_list":{"0":"post-76753","1":"product","2":"type-product","3":"status-publish","4":"has-post-thumbnail","6":"maisons-selection-champagne-barons-de-rothschild-it","7":"product_cat-tutti-gli-champagne-e-i-set-regalo-esclusivi","8":"product_cat-categorie-maisons-de-champagne-it","9":"product_cat-categorie-barons-de-rothschild-it","10":"product_cat-bottiglie-grande-it","11":"product_cat-magnum-it","12":"product_cat-tutti-gli-champagne","13":"product_cat-champagne-blanc-de-blancs-it","14":"product_cat-champagne-millesime-it","15":"product_cat-champagne-prestige-it","16":"product_cat-repas-it","17":"product_tag-100-chardonnay-it","18":"product_tag-haute-couture-it","19":"product_tag-grande-fiaschetta","20":"product_tag-pour-offrir-it","21":"product_tag-cocktail-event-it","22":"product_tag-per-un-pasto-con-champagne","23":"product_tag-vintage-it","25":"first","26":"instock","27":"taxable","28":"shipping-taxable","29":"purchasable","30":"product-type-simple"},"acf":[],"yoast_head":"<!-- This site is optimized with the Yoast SEO plugin v26.4 - https:\/\/yoast.com\/wordpress\/plugins\/seo\/ -->\n<title>Barons de Rothschild Rare Collection Blanc de Blancs 2014 Magnum con box - Champmarket<\/title>\n<meta name=\"description\" content=\"Il Barons de Rothschild Rare Collection Blanc de Blancs 2014 cuv\u00e9e di prestigio con cofanetto di lusso, prodotto in quantit\u00e0 molto limitate, esprime la quintessenza del\" \/>\n<meta name=\"robots\" content=\"index, follow, max-snippet:-1, max-image-preview:large, max-video-preview:-1\" \/>\n<link rel=\"canonical\" href=\"https:\/\/www.champmarket.com\/it\/champagne\/barons-de-rothschild-rare-collection-blanc-de-blancs-2014-magnum-con-box\/\" \/>\n<meta property=\"og:locale\" content=\"it_IT\" \/>\n<meta property=\"og:type\" content=\"article\" \/>\n<meta property=\"og:title\" content=\"Barons de Rothschild Rare Collection Blanc de Blancs 2014 Magnum con box - Champmarket\" \/>\n<meta property=\"og:description\" content=\"Il Barons de Rothschild Rare Collection Blanc de Blancs 2014 cuv\u00e9e di prestigio con cofanetto di lusso, prodotto in quantit\u00e0 molto limitate, esprime la quintessenza del\" \/>\n<meta property=\"og:url\" content=\"https:\/\/www.champmarket.com\/it\/champagne\/barons-de-rothschild-rare-collection-blanc-de-blancs-2014-magnum-con-box\/\" \/>\n<meta property=\"og:site_name\" content=\"Champmarket\" \/>\n<meta property=\"article:publisher\" content=\"https:\/\/www.facebook.com\/ChampMarket\/\" \/>\n<meta property=\"article:modified_time\" content=\"2025-05-22T10:10:52+00:00\" \/>\n<meta property=\"og:image\" content=\"https:\/\/www.champmarket.com\/wp-content\/uploads\/2025\/01\/barons-de-rothschild-rare-collection-blanc-de-blancs-2014-magnum-coffret-luxe.webp\" \/>\n\t<meta property=\"og:image:width\" content=\"1200\" \/>\n\t<meta property=\"og:image:height\" content=\"1200\" \/>\n\t<meta property=\"og:image:type\" content=\"image\/webp\" \/>\n<meta name=\"twitter:card\" content=\"summary_large_image\" \/>\n<meta name=\"twitter:site\" content=\"@champmarket\" \/>\n<meta name=\"twitter:label1\" content=\"Tempo di lettura stimato\" \/>\n\t<meta name=\"twitter:data1\" content=\"1 minuto\" \/>\n<script type=\"application\/ld+json\" class=\"yoast-schema-graph\">{\"@context\":\"https:\/\/schema.org\",\"@graph\":[{\"@type\":\"WebPage\",\"@id\":\"https:\/\/www.champmarket.com\/it\/champagne\/barons-de-rothschild-rare-collection-blanc-de-blancs-2014-magnum-con-box\/\",\"url\":\"https:\/\/www.champmarket.com\/it\/champagne\/barons-de-rothschild-rare-collection-blanc-de-blancs-2014-magnum-con-box\/\",\"name\":\"Barons de Rothschild Rare Collection Blanc de Blancs 2014 Magnum con box - Champmarket\",\"isPartOf\":{\"@id\":\"https:\/\/www.champmarket.com\/#website\"},\"primaryImageOfPage\":{\"@id\":\"https:\/\/www.champmarket.com\/it\/champagne\/barons-de-rothschild-rare-collection-blanc-de-blancs-2014-magnum-con-box\/#primaryimage\"},\"image\":{\"@id\":\"https:\/\/www.champmarket.com\/it\/champagne\/barons-de-rothschild-rare-collection-blanc-de-blancs-2014-magnum-con-box\/#primaryimage\"},\"thumbnailUrl\":\"https:\/\/www.champmarket.com\/wp-content\/uploads\/2025\/01\/barons-de-rothschild-rare-collection-blanc-de-blancs-2014-magnum-coffret-luxe.webp\",\"datePublished\":\"2025-01-24T10:19:21+00:00\",\"dateModified\":\"2025-05-22T10:10:52+00:00\",\"description\":\"Il Barons de Rothschild Rare Collection Blanc de Blancs 2014 cuv\u00e9e di prestigio con cofanetto di lusso, prodotto in quantit\u00e0 molto limitate, esprime la quintessenza del\",\"breadcrumb\":{\"@id\":\"https:\/\/www.champmarket.com\/it\/champagne\/barons-de-rothschild-rare-collection-blanc-de-blancs-2014-magnum-con-box\/#breadcrumb\"},\"inLanguage\":\"it-IT\",\"potentialAction\":[{\"@type\":\"ReadAction\",\"target\":[\"https:\/\/www.champmarket.com\/it\/champagne\/barons-de-rothschild-rare-collection-blanc-de-blancs-2014-magnum-con-box\/\"]}]},{\"@type\":\"ImageObject\",\"inLanguage\":\"it-IT\",\"@id\":\"https:\/\/www.champmarket.com\/it\/champagne\/barons-de-rothschild-rare-collection-blanc-de-blancs-2014-magnum-con-box\/#primaryimage\",\"url\":\"https:\/\/www.champmarket.com\/wp-content\/uploads\/2025\/01\/barons-de-rothschild-rare-collection-blanc-de-blancs-2014-magnum-coffret-luxe.webp\",\"contentUrl\":\"https:\/\/www.champmarket.com\/wp-content\/uploads\/2025\/01\/barons-de-rothschild-rare-collection-blanc-de-blancs-2014-magnum-coffret-luxe.webp\",\"width\":1200,\"height\":1200,\"caption\":\"Champagne Barons de Rothschild Rare Collection Blanc de Blancs 2014 Magnum avec coffret Luxe - Champmarket\"},{\"@type\":\"BreadcrumbList\",\"@id\":\"https:\/\/www.champmarket.com\/it\/champagne\/barons-de-rothschild-rare-collection-blanc-de-blancs-2014-magnum-con-box\/#breadcrumb\",\"itemListElement\":[{\"@type\":\"ListItem\",\"position\":1,\"name\":\"Home\",\"item\":\"https:\/\/www.champmarket.com\/it\/acquista-champagne-online-champmarket\/\"},{\"@type\":\"ListItem\",\"position\":2,\"name\":\"Shop\",\"item\":\"https:\/\/www.champmarket.com\/it\/shop\/\"},{\"@type\":\"ListItem\",\"position\":3,\"name\":\"Barons de Rothschild\",\"item\":\"https:\/\/www.champmarket.com\/it\/maisons\/selection-champagne-barons-de-rothschild-it\/\"},{\"@type\":\"ListItem\",\"position\":4,\"name\":\"Barons de Rothschild Rare Collection Blanc de Blancs 2014 Magnum con box\"}]},{\"@type\":\"WebSite\",\"@id\":\"https:\/\/www.champmarket.com\/#website\",\"url\":\"https:\/\/www.champmarket.com\/\",\"name\":\"Champmarket\",\"description\":\"Champmarket, Champagnes, Cadeaux et Art de Vivre\",\"publisher\":{\"@id\":\"https:\/\/www.champmarket.com\/#organization\"},\"potentialAction\":[{\"@type\":\"SearchAction\",\"target\":{\"@type\":\"EntryPoint\",\"urlTemplate\":\"https:\/\/www.champmarket.com\/?s={search_term_string}\"},\"query-input\":{\"@type\":\"PropertyValueSpecification\",\"valueRequired\":true,\"valueName\":\"search_term_string\"}}],\"inLanguage\":\"it-IT\"},{\"@type\":\"Organization\",\"@id\":\"https:\/\/www.champmarket.com\/#organization\",\"name\":\"Champmarket\",\"url\":\"https:\/\/www.champmarket.com\/\",\"logo\":{\"@type\":\"ImageObject\",\"inLanguage\":\"it-IT\",\"@id\":\"https:\/\/www.champmarket.com\/#\/schema\/logo\/image\/\",\"url\":\"https:\/\/www.champmarket.com\/wp-content\/uploads\/2024\/08\/logo2024-1.svg\",\"contentUrl\":\"https:\/\/www.champmarket.com\/wp-content\/uploads\/2024\/08\/logo2024-1.svg\",\"width\":579.8,\"height\":80,\"caption\":\"Champmarket\"},\"image\":{\"@id\":\"https:\/\/www.champmarket.com\/#\/schema\/logo\/image\/\"},\"sameAs\":[\"https:\/\/www.facebook.com\/ChampMarket\/\",\"https:\/\/x.com\/champmarket\",\"https:\/\/www.instagram.com\/champmarket.paris\/\",\"https:\/\/www.pinterest.fr\/champmarketparis\/\",\"https:\/\/www.linkedin.com\/company\/champmarket\/\"]}]}<\/script>\n<!-- \/ Yoast SEO plugin. -->","yoast_head_json":{"title":"Barons de Rothschild Rare Collection Blanc de Blancs 2014 Magnum con box - Champmarket","description":"Il Barons de Rothschild Rare Collection Blanc de Blancs 2014 cuv\u00e9e di prestigio con cofanetto di lusso, prodotto in quantit\u00e0 molto limitate, esprime la quintessenza del","robots":{"index":"index","follow":"follow","max-snippet":"max-snippet:-1","max-image-preview":"max-image-preview:large","max-video-preview":"max-video-preview:-1"},"canonical":"https:\/\/www.champmarket.com\/it\/champagne\/barons-de-rothschild-rare-collection-blanc-de-blancs-2014-magnum-con-box\/","og_locale":"it_IT","og_type":"article","og_title":"Barons de Rothschild Rare Collection Blanc de Blancs 2014 Magnum con box - Champmarket","og_description":"Il Barons de Rothschild Rare Collection Blanc de Blancs 2014 cuv\u00e9e di prestigio con cofanetto di lusso, prodotto in quantit\u00e0 molto limitate, esprime la quintessenza del","og_url":"https:\/\/www.champmarket.com\/it\/champagne\/barons-de-rothschild-rare-collection-blanc-de-blancs-2014-magnum-con-box\/","og_site_name":"Champmarket","article_publisher":"https:\/\/www.facebook.com\/ChampMarket\/","article_modified_time":"2025-05-22T10:10:52+00:00","og_image":[{"width":1200,"height":1200,"url":"https:\/\/www.champmarket.com\/wp-content\/uploads\/2025\/01\/barons-de-rothschild-rare-collection-blanc-de-blancs-2014-magnum-coffret-luxe.webp","type":"image\/webp"}],"twitter_card":"summary_large_image","twitter_site":"@champmarket","twitter_misc":{"Tempo di lettura stimato":"1 minuto"},"schema":{"@context":"https:\/\/schema.org","@graph":[{"@type":"WebPage","@id":"https:\/\/www.champmarket.com\/it\/champagne\/barons-de-rothschild-rare-collection-blanc-de-blancs-2014-magnum-con-box\/","url":"https:\/\/www.champmarket.com\/it\/champagne\/barons-de-rothschild-rare-collection-blanc-de-blancs-2014-magnum-con-box\/","name":"Barons de Rothschild Rare Collection Blanc de Blancs 2014 Magnum con box - Champmarket","isPartOf":{"@id":"https:\/\/www.champmarket.com\/#website"},"primaryImageOfPage":{"@id":"https:\/\/www.champmarket.com\/it\/champagne\/barons-de-rothschild-rare-collection-blanc-de-blancs-2014-magnum-con-box\/#primaryimage"},"image":{"@id":"https:\/\/www.champmarket.com\/it\/champagne\/barons-de-rothschild-rare-collection-blanc-de-blancs-2014-magnum-con-box\/#primaryimage"},"thumbnailUrl":"https:\/\/www.champmarket.com\/wp-content\/uploads\/2025\/01\/barons-de-rothschild-rare-collection-blanc-de-blancs-2014-magnum-coffret-luxe.webp","datePublished":"2025-01-24T10:19:21+00:00","dateModified":"2025-05-22T10:10:52+00:00","description":"Il Barons de Rothschild Rare Collection Blanc de Blancs 2014 cuv\u00e9e di prestigio con cofanetto di lusso, prodotto in quantit\u00e0 molto limitate, esprime la quintessenza del","breadcrumb":{"@id":"https:\/\/www.champmarket.com\/it\/champagne\/barons-de-rothschild-rare-collection-blanc-de-blancs-2014-magnum-con-box\/#breadcrumb"},"inLanguage":"it-IT","potentialAction":[{"@type":"ReadAction","target":["https:\/\/www.champmarket.com\/it\/champagne\/barons-de-rothschild-rare-collection-blanc-de-blancs-2014-magnum-con-box\/"]}]},{"@type":"ImageObject","inLanguage":"it-IT","@id":"https:\/\/www.champmarket.com\/it\/champagne\/barons-de-rothschild-rare-collection-blanc-de-blancs-2014-magnum-con-box\/#primaryimage","url":"https:\/\/www.champmarket.com\/wp-content\/uploads\/2025\/01\/barons-de-rothschild-rare-collection-blanc-de-blancs-2014-magnum-coffret-luxe.webp","contentUrl":"https:\/\/www.champmarket.com\/wp-content\/uploads\/2025\/01\/barons-de-rothschild-rare-collection-blanc-de-blancs-2014-magnum-coffret-luxe.webp","width":1200,"height":1200,"caption":"Champagne Barons de Rothschild Rare Collection Blanc de Blancs 2014 Magnum avec coffret Luxe - Champmarket"},{"@type":"BreadcrumbList","@id":"https:\/\/www.champmarket.com\/it\/champagne\/barons-de-rothschild-rare-collection-blanc-de-blancs-2014-magnum-con-box\/#breadcrumb","itemListElement":[{"@type":"ListItem","position":1,"name":"Home","item":"https:\/\/www.champmarket.com\/it\/acquista-champagne-online-champmarket\/"},{"@type":"ListItem","position":2,"name":"Shop","item":"https:\/\/www.champmarket.com\/it\/shop\/"},{"@type":"ListItem","position":3,"name":"Barons de Rothschild","item":"https:\/\/www.champmarket.com\/it\/maisons\/selection-champagne-barons-de-rothschild-it\/"},{"@type":"ListItem","position":4,"name":"Barons de Rothschild Rare Collection Blanc de Blancs 2014 Magnum con box"}]},{"@type":"WebSite","@id":"https:\/\/www.champmarket.com\/#website","url":"https:\/\/www.champmarket.com\/","name":"Champmarket","description":"Champmarket, Champagnes, Cadeaux et Art de Vivre","publisher":{"@id":"https:\/\/www.champmarket.com\/#organization"},"potentialAction":[{"@type":"SearchAction","target":{"@type":"EntryPoint","urlTemplate":"https:\/\/www.champmarket.com\/?s={search_term_string}"},"query-input":{"@type":"PropertyValueSpecification","valueRequired":true,"valueName":"search_term_string"}}],"inLanguage":"it-IT"},{"@type":"Organization","@id":"https:\/\/www.champmarket.com\/#organization","name":"Champmarket","url":"https:\/\/www.champmarket.com\/","logo":{"@type":"ImageObject","inLanguage":"it-IT","@id":"https:\/\/www.champmarket.com\/#\/schema\/logo\/image\/","url":"https:\/\/www.champmarket.com\/wp-content\/uploads\/2024\/08\/logo2024-1.svg","contentUrl":"https:\/\/www.champmarket.com\/wp-content\/uploads\/2024\/08\/logo2024-1.svg","width":579.8,"height":80,"caption":"Champmarket"},"image":{"@id":"https:\/\/www.champmarket.com\/#\/schema\/logo\/image\/"},"sameAs":["https:\/\/www.facebook.com\/ChampMarket\/","https:\/\/x.com\/champmarket","https:\/\/www.instagram.com\/champmarket.paris\/","https:\/\/www.pinterest.fr\/champmarketparis\/","https:\/\/www.linkedin.com\/company\/champmarket\/"]}]}},"_links":{"self":[{"href":"https:\/\/www.champmarket.com\/it\/wp-json\/wp\/v2\/product\/76753","targetHints":{"allow":["GET"]}}],"collection":[{"href":"https:\/\/www.champmarket.com\/it\/wp-json\/wp\/v2\/product"}],"about":[{"href":"https:\/\/www.champmarket.com\/it\/wp-json\/wp\/v2\/types\/product"}],"version-history":[{"count":6,"href":"https:\/\/www.champmarket.com\/it\/wp-json\/wp\/v2\/product\/76753\/revisions"}],"predecessor-version":[{"id":79518,"href":"https:\/\/www.champmarket.com\/it\/wp-json\/wp\/v2\/product\/76753\/revisions\/79518"}],"wp:featuredmedia":[{"embeddable":true,"href":"https:\/\/www.champmarket.com\/it\/wp-json\/wp\/v2\/media\/76746"}],"wp:attachment":[{"href":"https:\/\/www.champmarket.com\/it\/wp-json\/wp\/v2\/media?parent=76753"}],"wp:term":[{"taxonomy":"product_brand","embeddable":true,"href":"https:\/\/www.champmarket.com\/it\/wp-json\/wp\/v2\/product_brand?post=76753"},{"taxonomy":"product_cat","embeddable":true,"href":"https:\/\/www.champmarket.com\/it\/wp-json\/wp\/v2\/product_cat?post=76753"},{"taxonomy":"product_tag","embeddable":true,"href":"https:\/\/www.champmarket.com\/it\/wp-json\/wp\/v2\/product_tag?post=76753"}],"curies":[{"name":"wp","href":"https:\/\/api.w.org\/{rel}","templated":true}]}}