{"id":77098,"date":"2025-02-11T17:42:32","date_gmt":"2025-02-11T16:42:32","guid":{"rendered":"https:\/\/www.champmarket.com\/?post_type=product&#038;p=77098"},"modified":"2025-05-22T11:55:09","modified_gmt":"2025-05-22T09:55:09","slug":"barons-de-rothschild-triptyque-2018-bottiglia-con-astuccio","status":"publish","type":"product","link":"https:\/\/www.champmarket.com\/it\/champagne\/barons-de-rothschild-triptyque-2018-bottiglia-con-astuccio\/","title":{"rendered":"Barons de Rothschild Triptyque 2018 bottiglia con astuccio"},"content":{"rendered":"<p>Lo champagne Barons de Rothschild Triptyque 2018 riflette una viticoltura di precisione. Sono state selezionate solo 80 are per riflettere al meglio le condizioni di questo Vintage: 40 are ad Avize, 20 are ad Ambonnay e 20 are ad A\u00ff. La scelta audace e impegnativa di assemblare questi tre Grands Crus nelle stesse proporzioni ogni anno evidenzia le variazioni climatiche che caratterizzano questi terroir nel corso del tempo. Con astuccio, questo champagne \u00e8 ideale per tutte le occasioni speciali e per i regali.<\/p>\n","protected":false},"excerpt":{"rendered":"<p>La cuv\u00e9e Barons de Rothschild Triptyque 2018 con astuccio \u00e8 un approccio audace allo champagne Vintage, il legame tra terroir ed enologia di precisione. Ispirandosi ai Grands Vins della famiglia Rothschild, il Capo di Casa Guillaume L\u00e9t\u00e9 si \u00e8 posto la sfida di creare ogni anno una cuv\u00e9e d&#8217;annata assemblando le migliori parcelle degli stessi tre Grands Crus: Avize, Ambonnay e A\u00ff, selezionate per la loro complementariet\u00e0 in linea con lo stile della Maison.<\/p>\n","protected":false},"featured_media":77117,"template":"","meta":{"_acf_changed":false},"product_brand":[],"product_cat":[3307,2387,2391,2238,2368,2775,2225,2224],"product_tag":[2255,2229,2232],"class_list":{"0":"post-77098","1":"product","2":"type-product","3":"status-publish","4":"has-post-thumbnail","6":"maisons-selection-champagne-barons-de-rothschild-it","7":"product_cat-tutti-gli-champagne-e-i-set-regalo-esclusivi","8":"product_cat-categorie-maisons-de-champagne-it","9":"product_cat-categorie-barons-de-rothschild-it","10":"product_cat-bouteilles-it","11":"product_cat-regali-professionali-it","12":"product_cat-tutti-gli-champagne","13":"product_cat-champagne-millesime-it","14":"product_cat-repas-it","15":"product_tag-pour-offrir-it","16":"product_tag-per-un-pasto-con-champagne","17":"product_tag-vintage-it","19":"first","20":"instock","21":"taxable","22":"shipping-taxable","23":"purchasable","24":"product-type-simple"},"acf":[],"yoast_head":"<!-- This site is optimized with the Yoast SEO plugin v26.4 - https:\/\/yoast.com\/wordpress\/plugins\/seo\/ -->\n<title>Barons de Rothschild Triptyque 2018 bottiglia con astuccio - Champmarket<\/title>\n<meta name=\"description\" content=\"Barons de Rothschild Triptyque 2018 con astuccio \u00e8 un approccio audace allo champagne Vintage, il legame tra terroir ed enologia di precisione.\" \/>\n<meta name=\"robots\" content=\"index, follow, max-snippet:-1, max-image-preview:large, max-video-preview:-1\" \/>\n<link rel=\"canonical\" href=\"https:\/\/www.champmarket.com\/it\/champagne\/barons-de-rothschild-triptyque-2018-bottiglia-con-astuccio\/\" \/>\n<meta property=\"og:locale\" content=\"it_IT\" \/>\n<meta property=\"og:type\" content=\"article\" \/>\n<meta property=\"og:title\" content=\"Barons de Rothschild Triptyque 2018 bottiglia con astuccio - Champmarket\" \/>\n<meta property=\"og:description\" content=\"Barons de Rothschild Triptyque 2018 con astuccio \u00e8 un approccio audace allo champagne Vintage, il legame tra terroir ed enologia di precisione.\" \/>\n<meta property=\"og:url\" content=\"https:\/\/www.champmarket.com\/it\/champagne\/barons-de-rothschild-triptyque-2018-bottiglia-con-astuccio\/\" \/>\n<meta property=\"og:site_name\" content=\"Champmarket\" \/>\n<meta property=\"article:publisher\" content=\"https:\/\/www.facebook.com\/ChampMarket\/\" \/>\n<meta property=\"article:modified_time\" content=\"2025-05-22T09:55:09+00:00\" \/>\n<meta property=\"og:image\" content=\"https:\/\/www.champmarket.com\/wp-content\/uploads\/2025\/02\/barons-de-rothschild-triptyque-2018-bouteille-etui.webp\" \/>\n\t<meta property=\"og:image:width\" content=\"1200\" \/>\n\t<meta property=\"og:image:height\" content=\"1200\" \/>\n\t<meta property=\"og:image:type\" content=\"image\/webp\" \/>\n<meta name=\"twitter:card\" content=\"summary_large_image\" \/>\n<meta name=\"twitter:site\" content=\"@champmarket\" \/>\n<meta name=\"twitter:label1\" content=\"Tempo di lettura stimato\" \/>\n\t<meta name=\"twitter:data1\" content=\"1 minuto\" \/>\n<script type=\"application\/ld+json\" class=\"yoast-schema-graph\">{\"@context\":\"https:\/\/schema.org\",\"@graph\":[{\"@type\":\"WebPage\",\"@id\":\"https:\/\/www.champmarket.com\/it\/champagne\/barons-de-rothschild-triptyque-2018-bottiglia-con-astuccio\/\",\"url\":\"https:\/\/www.champmarket.com\/it\/champagne\/barons-de-rothschild-triptyque-2018-bottiglia-con-astuccio\/\",\"name\":\"Barons de Rothschild Triptyque 2018 bottiglia con astuccio - Champmarket\",\"isPartOf\":{\"@id\":\"https:\/\/www.champmarket.com\/#website\"},\"primaryImageOfPage\":{\"@id\":\"https:\/\/www.champmarket.com\/it\/champagne\/barons-de-rothschild-triptyque-2018-bottiglia-con-astuccio\/#primaryimage\"},\"image\":{\"@id\":\"https:\/\/www.champmarket.com\/it\/champagne\/barons-de-rothschild-triptyque-2018-bottiglia-con-astuccio\/#primaryimage\"},\"thumbnailUrl\":\"https:\/\/www.champmarket.com\/wp-content\/uploads\/2025\/02\/barons-de-rothschild-triptyque-2018-bouteille-etui.webp\",\"datePublished\":\"2025-02-11T16:42:32+00:00\",\"dateModified\":\"2025-05-22T09:55:09+00:00\",\"description\":\"Barons de Rothschild Triptyque 2018 con astuccio \u00e8 un approccio audace allo champagne Vintage, il legame tra terroir ed enologia di precisione.\",\"breadcrumb\":{\"@id\":\"https:\/\/www.champmarket.com\/it\/champagne\/barons-de-rothschild-triptyque-2018-bottiglia-con-astuccio\/#breadcrumb\"},\"inLanguage\":\"it-IT\",\"potentialAction\":[{\"@type\":\"ReadAction\",\"target\":[\"https:\/\/www.champmarket.com\/it\/champagne\/barons-de-rothschild-triptyque-2018-bottiglia-con-astuccio\/\"]}]},{\"@type\":\"ImageObject\",\"inLanguage\":\"it-IT\",\"@id\":\"https:\/\/www.champmarket.com\/it\/champagne\/barons-de-rothschild-triptyque-2018-bottiglia-con-astuccio\/#primaryimage\",\"url\":\"https:\/\/www.champmarket.com\/wp-content\/uploads\/2025\/02\/barons-de-rothschild-triptyque-2018-bouteille-etui.webp\",\"contentUrl\":\"https:\/\/www.champmarket.com\/wp-content\/uploads\/2025\/02\/barons-de-rothschild-triptyque-2018-bouteille-etui.webp\",\"width\":1200,\"height\":1200,\"caption\":\"Champagne Barons de Rothschild Triptyque 2018 - Champmarket\"},{\"@type\":\"BreadcrumbList\",\"@id\":\"https:\/\/www.champmarket.com\/it\/champagne\/barons-de-rothschild-triptyque-2018-bottiglia-con-astuccio\/#breadcrumb\",\"itemListElement\":[{\"@type\":\"ListItem\",\"position\":1,\"name\":\"Home\",\"item\":\"https:\/\/www.champmarket.com\/it\/acquista-champagne-online-champmarket\/\"},{\"@type\":\"ListItem\",\"position\":2,\"name\":\"Shop\",\"item\":\"https:\/\/www.champmarket.com\/it\/shop\/\"},{\"@type\":\"ListItem\",\"position\":3,\"name\":\"Barons de Rothschild\",\"item\":\"https:\/\/www.champmarket.com\/it\/maisons\/selection-champagne-barons-de-rothschild-it\/\"},{\"@type\":\"ListItem\",\"position\":4,\"name\":\"Barons de Rothschild Triptyque 2018 bottiglia con astuccio\"}]},{\"@type\":\"WebSite\",\"@id\":\"https:\/\/www.champmarket.com\/#website\",\"url\":\"https:\/\/www.champmarket.com\/\",\"name\":\"Champmarket\",\"description\":\"Champmarket, Champagnes, Cadeaux et Art de Vivre\",\"publisher\":{\"@id\":\"https:\/\/www.champmarket.com\/#organization\"},\"potentialAction\":[{\"@type\":\"SearchAction\",\"target\":{\"@type\":\"EntryPoint\",\"urlTemplate\":\"https:\/\/www.champmarket.com\/?s={search_term_string}\"},\"query-input\":{\"@type\":\"PropertyValueSpecification\",\"valueRequired\":true,\"valueName\":\"search_term_string\"}}],\"inLanguage\":\"it-IT\"},{\"@type\":\"Organization\",\"@id\":\"https:\/\/www.champmarket.com\/#organization\",\"name\":\"Champmarket\",\"url\":\"https:\/\/www.champmarket.com\/\",\"logo\":{\"@type\":\"ImageObject\",\"inLanguage\":\"it-IT\",\"@id\":\"https:\/\/www.champmarket.com\/#\/schema\/logo\/image\/\",\"url\":\"https:\/\/www.champmarket.com\/wp-content\/uploads\/2024\/08\/logo2024-1.svg\",\"contentUrl\":\"https:\/\/www.champmarket.com\/wp-content\/uploads\/2024\/08\/logo2024-1.svg\",\"width\":579.8,\"height\":80,\"caption\":\"Champmarket\"},\"image\":{\"@id\":\"https:\/\/www.champmarket.com\/#\/schema\/logo\/image\/\"},\"sameAs\":[\"https:\/\/www.facebook.com\/ChampMarket\/\",\"https:\/\/x.com\/champmarket\",\"https:\/\/www.instagram.com\/champmarket.paris\/\",\"https:\/\/www.pinterest.fr\/champmarketparis\/\",\"https:\/\/www.linkedin.com\/company\/champmarket\/\"]}]}<\/script>\n<!-- \/ Yoast SEO plugin. -->","yoast_head_json":{"title":"Barons de Rothschild Triptyque 2018 bottiglia con astuccio - Champmarket","description":"Barons de Rothschild Triptyque 2018 con astuccio \u00e8 un approccio audace allo champagne Vintage, il legame tra terroir ed enologia di precisione.","robots":{"index":"index","follow":"follow","max-snippet":"max-snippet:-1","max-image-preview":"max-image-preview:large","max-video-preview":"max-video-preview:-1"},"canonical":"https:\/\/www.champmarket.com\/it\/champagne\/barons-de-rothschild-triptyque-2018-bottiglia-con-astuccio\/","og_locale":"it_IT","og_type":"article","og_title":"Barons de Rothschild Triptyque 2018 bottiglia con astuccio - Champmarket","og_description":"Barons de Rothschild Triptyque 2018 con astuccio \u00e8 un approccio audace allo champagne Vintage, il legame tra terroir ed enologia di precisione.","og_url":"https:\/\/www.champmarket.com\/it\/champagne\/barons-de-rothschild-triptyque-2018-bottiglia-con-astuccio\/","og_site_name":"Champmarket","article_publisher":"https:\/\/www.facebook.com\/ChampMarket\/","article_modified_time":"2025-05-22T09:55:09+00:00","og_image":[{"width":1200,"height":1200,"url":"https:\/\/www.champmarket.com\/wp-content\/uploads\/2025\/02\/barons-de-rothschild-triptyque-2018-bouteille-etui.webp","type":"image\/webp"}],"twitter_card":"summary_large_image","twitter_site":"@champmarket","twitter_misc":{"Tempo di lettura stimato":"1 minuto"},"schema":{"@context":"https:\/\/schema.org","@graph":[{"@type":"WebPage","@id":"https:\/\/www.champmarket.com\/it\/champagne\/barons-de-rothschild-triptyque-2018-bottiglia-con-astuccio\/","url":"https:\/\/www.champmarket.com\/it\/champagne\/barons-de-rothschild-triptyque-2018-bottiglia-con-astuccio\/","name":"Barons de Rothschild Triptyque 2018 bottiglia con astuccio - Champmarket","isPartOf":{"@id":"https:\/\/www.champmarket.com\/#website"},"primaryImageOfPage":{"@id":"https:\/\/www.champmarket.com\/it\/champagne\/barons-de-rothschild-triptyque-2018-bottiglia-con-astuccio\/#primaryimage"},"image":{"@id":"https:\/\/www.champmarket.com\/it\/champagne\/barons-de-rothschild-triptyque-2018-bottiglia-con-astuccio\/#primaryimage"},"thumbnailUrl":"https:\/\/www.champmarket.com\/wp-content\/uploads\/2025\/02\/barons-de-rothschild-triptyque-2018-bouteille-etui.webp","datePublished":"2025-02-11T16:42:32+00:00","dateModified":"2025-05-22T09:55:09+00:00","description":"Barons de Rothschild Triptyque 2018 con astuccio \u00e8 un approccio audace allo champagne Vintage, il legame tra terroir ed enologia di precisione.","breadcrumb":{"@id":"https:\/\/www.champmarket.com\/it\/champagne\/barons-de-rothschild-triptyque-2018-bottiglia-con-astuccio\/#breadcrumb"},"inLanguage":"it-IT","potentialAction":[{"@type":"ReadAction","target":["https:\/\/www.champmarket.com\/it\/champagne\/barons-de-rothschild-triptyque-2018-bottiglia-con-astuccio\/"]}]},{"@type":"ImageObject","inLanguage":"it-IT","@id":"https:\/\/www.champmarket.com\/it\/champagne\/barons-de-rothschild-triptyque-2018-bottiglia-con-astuccio\/#primaryimage","url":"https:\/\/www.champmarket.com\/wp-content\/uploads\/2025\/02\/barons-de-rothschild-triptyque-2018-bouteille-etui.webp","contentUrl":"https:\/\/www.champmarket.com\/wp-content\/uploads\/2025\/02\/barons-de-rothschild-triptyque-2018-bouteille-etui.webp","width":1200,"height":1200,"caption":"Champagne Barons de Rothschild Triptyque 2018 - Champmarket"},{"@type":"BreadcrumbList","@id":"https:\/\/www.champmarket.com\/it\/champagne\/barons-de-rothschild-triptyque-2018-bottiglia-con-astuccio\/#breadcrumb","itemListElement":[{"@type":"ListItem","position":1,"name":"Home","item":"https:\/\/www.champmarket.com\/it\/acquista-champagne-online-champmarket\/"},{"@type":"ListItem","position":2,"name":"Shop","item":"https:\/\/www.champmarket.com\/it\/shop\/"},{"@type":"ListItem","position":3,"name":"Barons de Rothschild","item":"https:\/\/www.champmarket.com\/it\/maisons\/selection-champagne-barons-de-rothschild-it\/"},{"@type":"ListItem","position":4,"name":"Barons de Rothschild Triptyque 2018 bottiglia con astuccio"}]},{"@type":"WebSite","@id":"https:\/\/www.champmarket.com\/#website","url":"https:\/\/www.champmarket.com\/","name":"Champmarket","description":"Champmarket, Champagnes, Cadeaux et Art de Vivre","publisher":{"@id":"https:\/\/www.champmarket.com\/#organization"},"potentialAction":[{"@type":"SearchAction","target":{"@type":"EntryPoint","urlTemplate":"https:\/\/www.champmarket.com\/?s={search_term_string}"},"query-input":{"@type":"PropertyValueSpecification","valueRequired":true,"valueName":"search_term_string"}}],"inLanguage":"it-IT"},{"@type":"Organization","@id":"https:\/\/www.champmarket.com\/#organization","name":"Champmarket","url":"https:\/\/www.champmarket.com\/","logo":{"@type":"ImageObject","inLanguage":"it-IT","@id":"https:\/\/www.champmarket.com\/#\/schema\/logo\/image\/","url":"https:\/\/www.champmarket.com\/wp-content\/uploads\/2024\/08\/logo2024-1.svg","contentUrl":"https:\/\/www.champmarket.com\/wp-content\/uploads\/2024\/08\/logo2024-1.svg","width":579.8,"height":80,"caption":"Champmarket"},"image":{"@id":"https:\/\/www.champmarket.com\/#\/schema\/logo\/image\/"},"sameAs":["https:\/\/www.facebook.com\/ChampMarket\/","https:\/\/x.com\/champmarket","https:\/\/www.instagram.com\/champmarket.paris\/","https:\/\/www.pinterest.fr\/champmarketparis\/","https:\/\/www.linkedin.com\/company\/champmarket\/"]}]}},"_links":{"self":[{"href":"https:\/\/www.champmarket.com\/it\/wp-json\/wp\/v2\/product\/77098","targetHints":{"allow":["GET"]}}],"collection":[{"href":"https:\/\/www.champmarket.com\/it\/wp-json\/wp\/v2\/product"}],"about":[{"href":"https:\/\/www.champmarket.com\/it\/wp-json\/wp\/v2\/types\/product"}],"version-history":[{"count":2,"href":"https:\/\/www.champmarket.com\/it\/wp-json\/wp\/v2\/product\/77098\/revisions"}],"predecessor-version":[{"id":78336,"href":"https:\/\/www.champmarket.com\/it\/wp-json\/wp\/v2\/product\/77098\/revisions\/78336"}],"wp:featuredmedia":[{"embeddable":true,"href":"https:\/\/www.champmarket.com\/it\/wp-json\/wp\/v2\/media\/77117"}],"wp:attachment":[{"href":"https:\/\/www.champmarket.com\/it\/wp-json\/wp\/v2\/media?parent=77098"}],"wp:term":[{"taxonomy":"product_brand","embeddable":true,"href":"https:\/\/www.champmarket.com\/it\/wp-json\/wp\/v2\/product_brand?post=77098"},{"taxonomy":"product_cat","embeddable":true,"href":"https:\/\/www.champmarket.com\/it\/wp-json\/wp\/v2\/product_cat?post=77098"},{"taxonomy":"product_tag","embeddable":true,"href":"https:\/\/www.champmarket.com\/it\/wp-json\/wp\/v2\/product_tag?post=77098"}],"curies":[{"name":"wp","href":"https:\/\/api.w.org\/{rel}","templated":true}]}}