{"id":77448,"date":"2025-03-13T15:22:39","date_gmt":"2025-03-13T14:22:39","guid":{"rendered":"https:\/\/www.champmarket.com\/?post_type=product&#038;p=77448"},"modified":"2025-05-12T13:40:11","modified_gmt":"2025-05-12T11:40:11","slug":"dom-ruinart-blanc-de-blancs-2010-bottiglia-copie-copie","status":"publish","type":"product","link":"https:\/\/www.champmarket.com\/it\/champagne\/dom-ruinart-blanc-de-blancs-2010-bottiglia-copie-copie\/","title":{"rendered":"Dom Ruinart Blanc de Blancs 2013 -bottiglia astuccio Cray\u00e8res"},"content":{"rendered":"<p>Un Vintage Dom Ruinart \u00e8 l&#8217;espressione di uno Chardonnay plasmato dal tempo, grazie a un invecchiamento minimo di 9 anni nelle nostre cantine. Grand Cru caratterizzati dalla loro complessit\u00e0 aromatica e dal loro potenziale di maturit\u00e0.  Dalla scelta dei terroir all&#8217;imbottigliamento, dall&#8217;invecchiamento alla sboccatura, ogni fase della produzione di una cuv\u00e9e Dom Ruinart contribuisce alla nascita di un vino nato dall&#8217;intuizione di un&#8217;annata promettente.<\/p>\n<p>A partire dal Vintage 2010, la cuv\u00e9es ha beneficiato della tappatura e di un prolungato invecchiamento in cantina (oltre 10 anni).<\/p>\n","protected":false},"excerpt":{"rendered":"<p>Il 2013 \u00e8 il 28\u00b0 Vintage di questa eccezionale cuv\u00e9es, creata come tributo a Dom Thierry Ruinart. Il Dom Ruinart Blanc de Blancs 2013 con astuccio \u00e8 un grande champagne. Questa cuv\u00e9e ha la freschezza aromatica di Chardonnay, la firma della casa. Con il passare del tempo, si esprime con una profondit\u00e0, un&#8217;ampiezza e una complessit\u00e0 ancora maggiori.     <i>&#8220;L&#8217;uscita di una cuv\u00e9es Dom Ruinart \u00e8 una rara opportunit\u00e0 per scoprire l&#8217;impronta di un anno particolare in un grande Blanc de Blancs. Il 2013 \u00e8 stato caratterizzato da una vendemmia molto tardiva, che ha aggiunto freschezza e aromi tostati esaltati dall&#8217;invecchiamento sotto sughero.   <\/i><i>&#8221; &#8211; <\/i><i>Fr\u00e9d\u00e9ric Pana\u00efotis, Capo di Casa di Ruinart<\/i><\/p>\n","protected":false},"featured_media":77438,"template":"","meta":{"_acf_changed":false},"product_brand":[],"product_cat":[3526,3373,3366,3317,3307,2387,2409,2238,2386,2775,2370,2225,2375,2374,2223,2224],"product_tag":[2240,2248,2245,2228,2255,2229,2232],"class_list":{"0":"post-77448","1":"product","2":"type-product","3":"status-publish","4":"has-post-thumbnail","6":"maisons-selection-champagne-ruinart-it","7":"product_cat-champagne-extra-brut-it","8":"product_cat-champagne-e-ostriche","9":"product_cat-champagne-di-natale","10":"product_cat-i-migliori-champagne","11":"product_cat-tutti-gli-champagne-e-i-set-regalo-esclusivi","12":"product_cat-categorie-maisons-de-champagne-it","13":"product_cat-categorie-ruinart-it","14":"product_cat-bouteilles-it","15":"product_cat-essenziali-it","16":"product_cat-tutti-gli-champagne","17":"product_cat-champagne-blanc-de-blancs-it","18":"product_cat-champagne-millesime-it","19":"product_cat-champagne-prestige-it","20":"product_cat-champagne-extra-brut-non-dose-zero-dosage","21":"product_cat-aperitif-it","22":"product_cat-repas-it","23":"product_tag-100-chardonnay-it","24":"product_tag-haute-couture-it","25":"product_tag-fruits-de-mer-it","26":"product_tag-aperitif-it","27":"product_tag-pour-offrir-it","28":"product_tag-per-un-pasto-con-champagne","29":"product_tag-vintage-it","31":"first","32":"instock","33":"taxable","34":"shipping-taxable","35":"purchasable","36":"product-type-simple"},"acf":[],"yoast_head":"<!-- This site is optimized with the Yoast SEO plugin v26.4 - https:\/\/yoast.com\/wordpress\/plugins\/seo\/ -->\n<title>Dom Ruinart Blanc de Blancs 2013 -bottiglia astuccio Cray\u00e8res - Champmarket<\/title>\n<meta name=\"description\" content=\"Il Dom Ruinart Blanc de Blancs 2013 con astuccio Cray\u00e8res \u00e8 un ottimo champagne. Questa cuv\u00e9e ha la freschezza aromatica di Chardonnay...\" \/>\n<meta name=\"robots\" content=\"index, follow, max-snippet:-1, max-image-preview:large, max-video-preview:-1\" \/>\n<link rel=\"canonical\" href=\"https:\/\/www.champmarket.com\/it\/champagne\/dom-ruinart-blanc-de-blancs-2010-bottiglia-copie-copie\/\" \/>\n<meta property=\"og:locale\" content=\"it_IT\" \/>\n<meta property=\"og:type\" content=\"article\" \/>\n<meta property=\"og:title\" content=\"Dom Ruinart Blanc de Blancs 2013 -bottiglia astuccio Cray\u00e8res - Champmarket\" \/>\n<meta property=\"og:description\" content=\"Il Dom Ruinart Blanc de Blancs 2013 con astuccio Cray\u00e8res \u00e8 un ottimo champagne. Questa cuv\u00e9e ha la freschezza aromatica di Chardonnay...\" \/>\n<meta property=\"og:url\" content=\"https:\/\/www.champmarket.com\/it\/champagne\/dom-ruinart-blanc-de-blancs-2010-bottiglia-copie-copie\/\" \/>\n<meta property=\"og:site_name\" content=\"Champmarket\" \/>\n<meta property=\"article:publisher\" content=\"https:\/\/www.facebook.com\/ChampMarket\/\" \/>\n<meta property=\"article:modified_time\" content=\"2025-05-12T11:40:11+00:00\" \/>\n<meta property=\"og:image\" content=\"https:\/\/www.champmarket.com\/wp-content\/uploads\/2025\/03\/dom-ruinart-blanc-de-blancs-2013-bouteille-etui-crayeres.webp\" \/>\n\t<meta property=\"og:image:width\" content=\"1200\" \/>\n\t<meta property=\"og:image:height\" content=\"1200\" \/>\n\t<meta property=\"og:image:type\" content=\"image\/webp\" \/>\n<meta name=\"twitter:card\" content=\"summary_large_image\" \/>\n<meta name=\"twitter:site\" content=\"@champmarket\" \/>\n<meta name=\"twitter:label1\" content=\"Tempo di lettura stimato\" \/>\n\t<meta name=\"twitter:data1\" content=\"2 minuti\" \/>\n<script type=\"application\/ld+json\" class=\"yoast-schema-graph\">{\"@context\":\"https:\/\/schema.org\",\"@graph\":[{\"@type\":\"WebPage\",\"@id\":\"https:\/\/www.champmarket.com\/it\/champagne\/dom-ruinart-blanc-de-blancs-2010-bottiglia-copie-copie\/\",\"url\":\"https:\/\/www.champmarket.com\/it\/champagne\/dom-ruinart-blanc-de-blancs-2010-bottiglia-copie-copie\/\",\"name\":\"Dom Ruinart Blanc de Blancs 2013 -bottiglia astuccio Cray\u00e8res - Champmarket\",\"isPartOf\":{\"@id\":\"https:\/\/www.champmarket.com\/#website\"},\"primaryImageOfPage\":{\"@id\":\"https:\/\/www.champmarket.com\/it\/champagne\/dom-ruinart-blanc-de-blancs-2010-bottiglia-copie-copie\/#primaryimage\"},\"image\":{\"@id\":\"https:\/\/www.champmarket.com\/it\/champagne\/dom-ruinart-blanc-de-blancs-2010-bottiglia-copie-copie\/#primaryimage\"},\"thumbnailUrl\":\"https:\/\/www.champmarket.com\/wp-content\/uploads\/2025\/03\/dom-ruinart-blanc-de-blancs-2013-bouteille-etui-crayeres.webp\",\"datePublished\":\"2025-03-13T14:22:39+00:00\",\"dateModified\":\"2025-05-12T11:40:11+00:00\",\"description\":\"Il Dom Ruinart Blanc de Blancs 2013 con astuccio Cray\u00e8res \u00e8 un ottimo champagne. Questa cuv\u00e9e ha la freschezza aromatica di Chardonnay...\",\"breadcrumb\":{\"@id\":\"https:\/\/www.champmarket.com\/it\/champagne\/dom-ruinart-blanc-de-blancs-2010-bottiglia-copie-copie\/#breadcrumb\"},\"inLanguage\":\"it-IT\",\"potentialAction\":[{\"@type\":\"ReadAction\",\"target\":[\"https:\/\/www.champmarket.com\/it\/champagne\/dom-ruinart-blanc-de-blancs-2010-bottiglia-copie-copie\/\"]}]},{\"@type\":\"ImageObject\",\"inLanguage\":\"it-IT\",\"@id\":\"https:\/\/www.champmarket.com\/it\/champagne\/dom-ruinart-blanc-de-blancs-2010-bottiglia-copie-copie\/#primaryimage\",\"url\":\"https:\/\/www.champmarket.com\/wp-content\/uploads\/2025\/03\/dom-ruinart-blanc-de-blancs-2013-bouteille-etui-crayeres.webp\",\"contentUrl\":\"https:\/\/www.champmarket.com\/wp-content\/uploads\/2025\/03\/dom-ruinart-blanc-de-blancs-2013-bouteille-etui-crayeres.webp\",\"width\":1200,\"height\":1200,\"caption\":\"Champagne Dom Ruinart Blanc de Blancs 2013 - Champmarket\"},{\"@type\":\"BreadcrumbList\",\"@id\":\"https:\/\/www.champmarket.com\/it\/champagne\/dom-ruinart-blanc-de-blancs-2010-bottiglia-copie-copie\/#breadcrumb\",\"itemListElement\":[{\"@type\":\"ListItem\",\"position\":1,\"name\":\"Home\",\"item\":\"https:\/\/www.champmarket.com\/it\/acquista-champagne-online-champmarket\/\"},{\"@type\":\"ListItem\",\"position\":2,\"name\":\"Shop\",\"item\":\"https:\/\/www.champmarket.com\/it\/shop\/\"},{\"@type\":\"ListItem\",\"position\":3,\"name\":\"Ruinart\",\"item\":\"https:\/\/www.champmarket.com\/it\/maisons\/selection-champagne-ruinart-it\/\"},{\"@type\":\"ListItem\",\"position\":4,\"name\":\"Dom Ruinart Blanc de Blancs 2013 -bottiglia astuccio Cray\u00e8res\"}]},{\"@type\":\"WebSite\",\"@id\":\"https:\/\/www.champmarket.com\/#website\",\"url\":\"https:\/\/www.champmarket.com\/\",\"name\":\"Champmarket\",\"description\":\"Champmarket, Champagnes, Cadeaux et Art de Vivre\",\"publisher\":{\"@id\":\"https:\/\/www.champmarket.com\/#organization\"},\"potentialAction\":[{\"@type\":\"SearchAction\",\"target\":{\"@type\":\"EntryPoint\",\"urlTemplate\":\"https:\/\/www.champmarket.com\/?s={search_term_string}\"},\"query-input\":{\"@type\":\"PropertyValueSpecification\",\"valueRequired\":true,\"valueName\":\"search_term_string\"}}],\"inLanguage\":\"it-IT\"},{\"@type\":\"Organization\",\"@id\":\"https:\/\/www.champmarket.com\/#organization\",\"name\":\"Champmarket\",\"url\":\"https:\/\/www.champmarket.com\/\",\"logo\":{\"@type\":\"ImageObject\",\"inLanguage\":\"it-IT\",\"@id\":\"https:\/\/www.champmarket.com\/#\/schema\/logo\/image\/\",\"url\":\"https:\/\/www.champmarket.com\/wp-content\/uploads\/2024\/08\/logo2024-1.svg\",\"contentUrl\":\"https:\/\/www.champmarket.com\/wp-content\/uploads\/2024\/08\/logo2024-1.svg\",\"width\":579.8,\"height\":80,\"caption\":\"Champmarket\"},\"image\":{\"@id\":\"https:\/\/www.champmarket.com\/#\/schema\/logo\/image\/\"},\"sameAs\":[\"https:\/\/www.facebook.com\/ChampMarket\/\",\"https:\/\/x.com\/champmarket\",\"https:\/\/www.instagram.com\/champmarket.paris\/\",\"https:\/\/www.pinterest.fr\/champmarketparis\/\",\"https:\/\/www.linkedin.com\/company\/champmarket\/\"]}]}<\/script>\n<!-- \/ Yoast SEO plugin. -->","yoast_head_json":{"title":"Dom Ruinart Blanc de Blancs 2013 -bottiglia astuccio Cray\u00e8res - Champmarket","description":"Il Dom Ruinart Blanc de Blancs 2013 con astuccio Cray\u00e8res \u00e8 un ottimo champagne. Questa cuv\u00e9e ha la freschezza aromatica di Chardonnay...","robots":{"index":"index","follow":"follow","max-snippet":"max-snippet:-1","max-image-preview":"max-image-preview:large","max-video-preview":"max-video-preview:-1"},"canonical":"https:\/\/www.champmarket.com\/it\/champagne\/dom-ruinart-blanc-de-blancs-2010-bottiglia-copie-copie\/","og_locale":"it_IT","og_type":"article","og_title":"Dom Ruinart Blanc de Blancs 2013 -bottiglia astuccio Cray\u00e8res - Champmarket","og_description":"Il Dom Ruinart Blanc de Blancs 2013 con astuccio Cray\u00e8res \u00e8 un ottimo champagne. Questa cuv\u00e9e ha la freschezza aromatica di Chardonnay...","og_url":"https:\/\/www.champmarket.com\/it\/champagne\/dom-ruinart-blanc-de-blancs-2010-bottiglia-copie-copie\/","og_site_name":"Champmarket","article_publisher":"https:\/\/www.facebook.com\/ChampMarket\/","article_modified_time":"2025-05-12T11:40:11+00:00","og_image":[{"width":1200,"height":1200,"url":"https:\/\/www.champmarket.com\/wp-content\/uploads\/2025\/03\/dom-ruinart-blanc-de-blancs-2013-bouteille-etui-crayeres.webp","type":"image\/webp"}],"twitter_card":"summary_large_image","twitter_site":"@champmarket","twitter_misc":{"Tempo di lettura stimato":"2 minuti"},"schema":{"@context":"https:\/\/schema.org","@graph":[{"@type":"WebPage","@id":"https:\/\/www.champmarket.com\/it\/champagne\/dom-ruinart-blanc-de-blancs-2010-bottiglia-copie-copie\/","url":"https:\/\/www.champmarket.com\/it\/champagne\/dom-ruinart-blanc-de-blancs-2010-bottiglia-copie-copie\/","name":"Dom Ruinart Blanc de Blancs 2013 -bottiglia astuccio Cray\u00e8res - Champmarket","isPartOf":{"@id":"https:\/\/www.champmarket.com\/#website"},"primaryImageOfPage":{"@id":"https:\/\/www.champmarket.com\/it\/champagne\/dom-ruinart-blanc-de-blancs-2010-bottiglia-copie-copie\/#primaryimage"},"image":{"@id":"https:\/\/www.champmarket.com\/it\/champagne\/dom-ruinart-blanc-de-blancs-2010-bottiglia-copie-copie\/#primaryimage"},"thumbnailUrl":"https:\/\/www.champmarket.com\/wp-content\/uploads\/2025\/03\/dom-ruinart-blanc-de-blancs-2013-bouteille-etui-crayeres.webp","datePublished":"2025-03-13T14:22:39+00:00","dateModified":"2025-05-12T11:40:11+00:00","description":"Il Dom Ruinart Blanc de Blancs 2013 con astuccio Cray\u00e8res \u00e8 un ottimo champagne. Questa cuv\u00e9e ha la freschezza aromatica di Chardonnay...","breadcrumb":{"@id":"https:\/\/www.champmarket.com\/it\/champagne\/dom-ruinart-blanc-de-blancs-2010-bottiglia-copie-copie\/#breadcrumb"},"inLanguage":"it-IT","potentialAction":[{"@type":"ReadAction","target":["https:\/\/www.champmarket.com\/it\/champagne\/dom-ruinart-blanc-de-blancs-2010-bottiglia-copie-copie\/"]}]},{"@type":"ImageObject","inLanguage":"it-IT","@id":"https:\/\/www.champmarket.com\/it\/champagne\/dom-ruinart-blanc-de-blancs-2010-bottiglia-copie-copie\/#primaryimage","url":"https:\/\/www.champmarket.com\/wp-content\/uploads\/2025\/03\/dom-ruinart-blanc-de-blancs-2013-bouteille-etui-crayeres.webp","contentUrl":"https:\/\/www.champmarket.com\/wp-content\/uploads\/2025\/03\/dom-ruinart-blanc-de-blancs-2013-bouteille-etui-crayeres.webp","width":1200,"height":1200,"caption":"Champagne Dom Ruinart Blanc de Blancs 2013 - Champmarket"},{"@type":"BreadcrumbList","@id":"https:\/\/www.champmarket.com\/it\/champagne\/dom-ruinart-blanc-de-blancs-2010-bottiglia-copie-copie\/#breadcrumb","itemListElement":[{"@type":"ListItem","position":1,"name":"Home","item":"https:\/\/www.champmarket.com\/it\/acquista-champagne-online-champmarket\/"},{"@type":"ListItem","position":2,"name":"Shop","item":"https:\/\/www.champmarket.com\/it\/shop\/"},{"@type":"ListItem","position":3,"name":"Ruinart","item":"https:\/\/www.champmarket.com\/it\/maisons\/selection-champagne-ruinart-it\/"},{"@type":"ListItem","position":4,"name":"Dom Ruinart Blanc de Blancs 2013 -bottiglia astuccio Cray\u00e8res"}]},{"@type":"WebSite","@id":"https:\/\/www.champmarket.com\/#website","url":"https:\/\/www.champmarket.com\/","name":"Champmarket","description":"Champmarket, Champagnes, Cadeaux et Art de Vivre","publisher":{"@id":"https:\/\/www.champmarket.com\/#organization"},"potentialAction":[{"@type":"SearchAction","target":{"@type":"EntryPoint","urlTemplate":"https:\/\/www.champmarket.com\/?s={search_term_string}"},"query-input":{"@type":"PropertyValueSpecification","valueRequired":true,"valueName":"search_term_string"}}],"inLanguage":"it-IT"},{"@type":"Organization","@id":"https:\/\/www.champmarket.com\/#organization","name":"Champmarket","url":"https:\/\/www.champmarket.com\/","logo":{"@type":"ImageObject","inLanguage":"it-IT","@id":"https:\/\/www.champmarket.com\/#\/schema\/logo\/image\/","url":"https:\/\/www.champmarket.com\/wp-content\/uploads\/2024\/08\/logo2024-1.svg","contentUrl":"https:\/\/www.champmarket.com\/wp-content\/uploads\/2024\/08\/logo2024-1.svg","width":579.8,"height":80,"caption":"Champmarket"},"image":{"@id":"https:\/\/www.champmarket.com\/#\/schema\/logo\/image\/"},"sameAs":["https:\/\/www.facebook.com\/ChampMarket\/","https:\/\/x.com\/champmarket","https:\/\/www.instagram.com\/champmarket.paris\/","https:\/\/www.pinterest.fr\/champmarketparis\/","https:\/\/www.linkedin.com\/company\/champmarket\/"]}]}},"_links":{"self":[{"href":"https:\/\/www.champmarket.com\/it\/wp-json\/wp\/v2\/product\/77448","targetHints":{"allow":["GET"]}}],"collection":[{"href":"https:\/\/www.champmarket.com\/it\/wp-json\/wp\/v2\/product"}],"about":[{"href":"https:\/\/www.champmarket.com\/it\/wp-json\/wp\/v2\/types\/product"}],"version-history":[{"count":2,"href":"https:\/\/www.champmarket.com\/it\/wp-json\/wp\/v2\/product\/77448\/revisions"}],"predecessor-version":[{"id":78029,"href":"https:\/\/www.champmarket.com\/it\/wp-json\/wp\/v2\/product\/77448\/revisions\/78029"}],"wp:featuredmedia":[{"embeddable":true,"href":"https:\/\/www.champmarket.com\/it\/wp-json\/wp\/v2\/media\/77438"}],"wp:attachment":[{"href":"https:\/\/www.champmarket.com\/it\/wp-json\/wp\/v2\/media?parent=77448"}],"wp:term":[{"taxonomy":"product_brand","embeddable":true,"href":"https:\/\/www.champmarket.com\/it\/wp-json\/wp\/v2\/product_brand?post=77448"},{"taxonomy":"product_cat","embeddable":true,"href":"https:\/\/www.champmarket.com\/it\/wp-json\/wp\/v2\/product_cat?post=77448"},{"taxonomy":"product_tag","embeddable":true,"href":"https:\/\/www.champmarket.com\/it\/wp-json\/wp\/v2\/product_tag?post=77448"}],"curies":[{"name":"wp","href":"https:\/\/api.w.org\/{rel}","templated":true}]}}