{"id":77461,"date":"2025-03-13T16:56:04","date_gmt":"2025-03-13T15:56:05","guid":{"rendered":"https:\/\/www.champmarket.com\/?post_type=product&#038;p=77461"},"modified":"2025-05-12T10:28:17","modified_gmt":"2025-05-12T08:28:17","slug":"veuve-clicquot-extra-brut-extra-old-4-bottiglia","status":"publish","type":"product","link":"https:\/\/www.champmarket.com\/it\/champagne\/veuve-clicquot-extra-brut-extra-old-4-bottiglia\/","title":{"rendered":"Veuve Clicquot Extra Brut Extra Old 4 Bottiglia"},"content":{"rendered":"<p>Ancora oggi, anno dopo anno, Didier Mariotti (11\u00b0 maestro di cantina della Maison), con questa idea di trasmissione, offre una gamma di vini eccezionali per i quali Veuve Clicquot \u00e8 rinomata. Il 96% dei vigneti di Veuve Clicquot sono classificati come Grands Crus o Premiers Crus. Veuve Clicquot possiede la pi\u00f9 ampia e variegata collezione di vini di riserva della regione dello Champagne: oltre 400 variet\u00e0 in tutto. Ciascuno dei suoi champagne viene invecchiato per un minimo di 3 anni, il che gli conferisce una singolare ricchezza aromatica. Tutte le cuv\u00e9e sono conservate nelle cantine di Cray\u00e8res della Maison dal 1909.<\/p>\n","protected":false},"excerpt":{"rendered":"<p>Per Veuve Clicquot, i vini di riserva svolgono un ruolo essenziale nell&#8217;arte dell&#8217;assemblaggio degli champagne, conferendo loro profondit\u00e0, complessit\u00e0 e raffinatezza. L&#8217;Extra Brut Extra Old testimonia la storica competenza della Maison in questo settore. Veuve Clicquot Extra Brut Extra Old 4 \u00e8 infatti un blend composto esclusivamente da questi pregiati vini di riserva. La quarta edizione della cuv\u00e9e Extra Brut Extra Old \u00e8 un assemblaggio di sei dei pi\u00f9 prestigiosi vini di riserva di Veuve Clicquot del 1996, 2008, 2010, 2012, 2013 e 2014. Il dosaggio Extra Brut consente a questi vini di riserva maturi o \u201cspeziati\u201d di apportare concentrazione e profondit\u00e0 all&#8217;assemblaggio. I vini vengono affinati in bottiglia nelle Cray\u00e8res de la Maison per almeno tre anni prima di essere sboccati, conferendo loro una consistenza e una complessit\u00e0 aromatica uniche.<\/p>\n","protected":false},"featured_media":77490,"template":"","meta":{"_acf_changed":false},"product_brand":[],"product_cat":[3526,3373,2387,2411,2238,2775,2374,2223,2224],"product_tag":[2244,2245,2228,2229],"class_list":{"0":"post-77461","1":"product","2":"type-product","3":"status-publish","4":"has-post-thumbnail","6":"maisons-selection-champagne-veuve-clicquot-it","7":"product_cat-champagne-extra-brut-it","8":"product_cat-champagne-e-ostriche","9":"product_cat-categorie-maisons-de-champagne-it","10":"product_cat-categorie-veuve-clicquot-it","11":"product_cat-bouteilles-it","12":"product_cat-tutti-gli-champagne","13":"product_cat-champagne-extra-brut-non-dose-zero-dosage","14":"product_cat-aperitif-it","15":"product_cat-repas-it","16":"product_tag-sushis-it","17":"product_tag-fruits-de-mer-it","18":"product_tag-aperitif-it","19":"product_tag-per-un-pasto-con-champagne","21":"first","22":"instock","23":"taxable","24":"shipping-taxable","25":"purchasable","26":"product-type-simple"},"acf":[],"yoast_head":"<!-- This site is optimized with the Yoast SEO plugin v26.4 - https:\/\/yoast.com\/wordpress\/plugins\/seo\/ -->\n<title>Veuve Clicquot Extra Brut Extra Old 4 Bottiglia - Champmarket<\/title>\n<meta name=\"description\" content=\"Prodotto esclusivamente con vini di riserva, Veuve Clicquot Extra Brut Extra Old 4 testimonia la storica esperienza della Maison nell&#039;assemblaggio...\" \/>\n<meta name=\"robots\" content=\"index, follow, max-snippet:-1, max-image-preview:large, max-video-preview:-1\" \/>\n<link rel=\"canonical\" href=\"https:\/\/www.champmarket.com\/it\/champagne\/veuve-clicquot-extra-brut-extra-old-4-bottiglia\/\" \/>\n<meta property=\"og:locale\" content=\"it_IT\" \/>\n<meta property=\"og:type\" content=\"article\" \/>\n<meta property=\"og:title\" content=\"Veuve Clicquot Extra Brut Extra Old 4 Bottiglia - Champmarket\" \/>\n<meta property=\"og:description\" content=\"Prodotto esclusivamente con vini di riserva, Veuve Clicquot Extra Brut Extra Old 4 testimonia la storica esperienza della Maison nell&#039;assemblaggio...\" \/>\n<meta property=\"og:url\" content=\"https:\/\/www.champmarket.com\/it\/champagne\/veuve-clicquot-extra-brut-extra-old-4-bottiglia\/\" \/>\n<meta property=\"og:site_name\" content=\"Champmarket\" \/>\n<meta property=\"article:publisher\" content=\"https:\/\/www.facebook.com\/ChampMarket\/\" \/>\n<meta property=\"article:modified_time\" content=\"2025-05-12T08:28:17+00:00\" \/>\n<meta property=\"og:image\" content=\"https:\/\/www.champmarket.com\/wp-content\/uploads\/2025\/03\/veuve-clicquot-extra-brut-extra-old-4-bouteille.webp\" \/>\n\t<meta property=\"og:image:width\" content=\"1200\" \/>\n\t<meta property=\"og:image:height\" content=\"1200\" \/>\n\t<meta property=\"og:image:type\" content=\"image\/webp\" \/>\n<meta name=\"twitter:card\" content=\"summary_large_image\" \/>\n<meta name=\"twitter:site\" content=\"@champmarket\" \/>\n<meta name=\"twitter:label1\" content=\"Tempo di lettura stimato\" \/>\n\t<meta name=\"twitter:data1\" content=\"1 minuto\" \/>\n<script type=\"application\/ld+json\" class=\"yoast-schema-graph\">{\"@context\":\"https:\/\/schema.org\",\"@graph\":[{\"@type\":\"WebPage\",\"@id\":\"https:\/\/www.champmarket.com\/it\/champagne\/veuve-clicquot-extra-brut-extra-old-4-bottiglia\/\",\"url\":\"https:\/\/www.champmarket.com\/it\/champagne\/veuve-clicquot-extra-brut-extra-old-4-bottiglia\/\",\"name\":\"Veuve Clicquot Extra Brut Extra Old 4 Bottiglia - Champmarket\",\"isPartOf\":{\"@id\":\"https:\/\/www.champmarket.com\/#website\"},\"primaryImageOfPage\":{\"@id\":\"https:\/\/www.champmarket.com\/it\/champagne\/veuve-clicquot-extra-brut-extra-old-4-bottiglia\/#primaryimage\"},\"image\":{\"@id\":\"https:\/\/www.champmarket.com\/it\/champagne\/veuve-clicquot-extra-brut-extra-old-4-bottiglia\/#primaryimage\"},\"thumbnailUrl\":\"https:\/\/www.champmarket.com\/wp-content\/uploads\/2025\/03\/veuve-clicquot-extra-brut-extra-old-4-bouteille.webp\",\"datePublished\":\"2025-03-13T15:56:05+00:00\",\"dateModified\":\"2025-05-12T08:28:17+00:00\",\"description\":\"Prodotto esclusivamente con vini di riserva, Veuve Clicquot Extra Brut Extra Old 4 testimonia la storica esperienza della Maison nell'assemblaggio...\",\"breadcrumb\":{\"@id\":\"https:\/\/www.champmarket.com\/it\/champagne\/veuve-clicquot-extra-brut-extra-old-4-bottiglia\/#breadcrumb\"},\"inLanguage\":\"it-IT\",\"potentialAction\":[{\"@type\":\"ReadAction\",\"target\":[\"https:\/\/www.champmarket.com\/it\/champagne\/veuve-clicquot-extra-brut-extra-old-4-bottiglia\/\"]}]},{\"@type\":\"ImageObject\",\"inLanguage\":\"it-IT\",\"@id\":\"https:\/\/www.champmarket.com\/it\/champagne\/veuve-clicquot-extra-brut-extra-old-4-bottiglia\/#primaryimage\",\"url\":\"https:\/\/www.champmarket.com\/wp-content\/uploads\/2025\/03\/veuve-clicquot-extra-brut-extra-old-4-bouteille.webp\",\"contentUrl\":\"https:\/\/www.champmarket.com\/wp-content\/uploads\/2025\/03\/veuve-clicquot-extra-brut-extra-old-4-bouteille.webp\",\"width\":1200,\"height\":1200,\"caption\":\"Champagne Veuve Clicquot Extra Brut Extra Old 4 - Champmarket\"},{\"@type\":\"BreadcrumbList\",\"@id\":\"https:\/\/www.champmarket.com\/it\/champagne\/veuve-clicquot-extra-brut-extra-old-4-bottiglia\/#breadcrumb\",\"itemListElement\":[{\"@type\":\"ListItem\",\"position\":1,\"name\":\"Home\",\"item\":\"https:\/\/www.champmarket.com\/it\/acquista-champagne-online-champmarket\/\"},{\"@type\":\"ListItem\",\"position\":2,\"name\":\"Shop\",\"item\":\"https:\/\/www.champmarket.com\/it\/shop\/\"},{\"@type\":\"ListItem\",\"position\":3,\"name\":\"Veuve Clicquot\",\"item\":\"https:\/\/www.champmarket.com\/it\/maisons\/selection-champagne-veuve-clicquot-it\/\"},{\"@type\":\"ListItem\",\"position\":4,\"name\":\"Veuve Clicquot Extra Brut Extra Old 4 Bottiglia\"}]},{\"@type\":\"WebSite\",\"@id\":\"https:\/\/www.champmarket.com\/#website\",\"url\":\"https:\/\/www.champmarket.com\/\",\"name\":\"Champmarket\",\"description\":\"Champmarket, Champagnes, Cadeaux et Art de Vivre\",\"publisher\":{\"@id\":\"https:\/\/www.champmarket.com\/#organization\"},\"potentialAction\":[{\"@type\":\"SearchAction\",\"target\":{\"@type\":\"EntryPoint\",\"urlTemplate\":\"https:\/\/www.champmarket.com\/?s={search_term_string}\"},\"query-input\":{\"@type\":\"PropertyValueSpecification\",\"valueRequired\":true,\"valueName\":\"search_term_string\"}}],\"inLanguage\":\"it-IT\"},{\"@type\":\"Organization\",\"@id\":\"https:\/\/www.champmarket.com\/#organization\",\"name\":\"Champmarket\",\"url\":\"https:\/\/www.champmarket.com\/\",\"logo\":{\"@type\":\"ImageObject\",\"inLanguage\":\"it-IT\",\"@id\":\"https:\/\/www.champmarket.com\/#\/schema\/logo\/image\/\",\"url\":\"https:\/\/www.champmarket.com\/wp-content\/uploads\/2024\/08\/logo2024-1.svg\",\"contentUrl\":\"https:\/\/www.champmarket.com\/wp-content\/uploads\/2024\/08\/logo2024-1.svg\",\"width\":579.8,\"height\":80,\"caption\":\"Champmarket\"},\"image\":{\"@id\":\"https:\/\/www.champmarket.com\/#\/schema\/logo\/image\/\"},\"sameAs\":[\"https:\/\/www.facebook.com\/ChampMarket\/\",\"https:\/\/x.com\/champmarket\",\"https:\/\/www.instagram.com\/champmarket.paris\/\",\"https:\/\/www.pinterest.fr\/champmarketparis\/\",\"https:\/\/www.linkedin.com\/company\/champmarket\/\"]}]}<\/script>\n<!-- \/ Yoast SEO plugin. -->","yoast_head_json":{"title":"Veuve Clicquot Extra Brut Extra Old 4 Bottiglia - Champmarket","description":"Prodotto esclusivamente con vini di riserva, Veuve Clicquot Extra Brut Extra Old 4 testimonia la storica esperienza della Maison nell'assemblaggio...","robots":{"index":"index","follow":"follow","max-snippet":"max-snippet:-1","max-image-preview":"max-image-preview:large","max-video-preview":"max-video-preview:-1"},"canonical":"https:\/\/www.champmarket.com\/it\/champagne\/veuve-clicquot-extra-brut-extra-old-4-bottiglia\/","og_locale":"it_IT","og_type":"article","og_title":"Veuve Clicquot Extra Brut Extra Old 4 Bottiglia - Champmarket","og_description":"Prodotto esclusivamente con vini di riserva, Veuve Clicquot Extra Brut Extra Old 4 testimonia la storica esperienza della Maison nell'assemblaggio...","og_url":"https:\/\/www.champmarket.com\/it\/champagne\/veuve-clicquot-extra-brut-extra-old-4-bottiglia\/","og_site_name":"Champmarket","article_publisher":"https:\/\/www.facebook.com\/ChampMarket\/","article_modified_time":"2025-05-12T08:28:17+00:00","og_image":[{"width":1200,"height":1200,"url":"https:\/\/www.champmarket.com\/wp-content\/uploads\/2025\/03\/veuve-clicquot-extra-brut-extra-old-4-bouteille.webp","type":"image\/webp"}],"twitter_card":"summary_large_image","twitter_site":"@champmarket","twitter_misc":{"Tempo di lettura stimato":"1 minuto"},"schema":{"@context":"https:\/\/schema.org","@graph":[{"@type":"WebPage","@id":"https:\/\/www.champmarket.com\/it\/champagne\/veuve-clicquot-extra-brut-extra-old-4-bottiglia\/","url":"https:\/\/www.champmarket.com\/it\/champagne\/veuve-clicquot-extra-brut-extra-old-4-bottiglia\/","name":"Veuve Clicquot Extra Brut Extra Old 4 Bottiglia - Champmarket","isPartOf":{"@id":"https:\/\/www.champmarket.com\/#website"},"primaryImageOfPage":{"@id":"https:\/\/www.champmarket.com\/it\/champagne\/veuve-clicquot-extra-brut-extra-old-4-bottiglia\/#primaryimage"},"image":{"@id":"https:\/\/www.champmarket.com\/it\/champagne\/veuve-clicquot-extra-brut-extra-old-4-bottiglia\/#primaryimage"},"thumbnailUrl":"https:\/\/www.champmarket.com\/wp-content\/uploads\/2025\/03\/veuve-clicquot-extra-brut-extra-old-4-bouteille.webp","datePublished":"2025-03-13T15:56:05+00:00","dateModified":"2025-05-12T08:28:17+00:00","description":"Prodotto esclusivamente con vini di riserva, Veuve Clicquot Extra Brut Extra Old 4 testimonia la storica esperienza della Maison nell'assemblaggio...","breadcrumb":{"@id":"https:\/\/www.champmarket.com\/it\/champagne\/veuve-clicquot-extra-brut-extra-old-4-bottiglia\/#breadcrumb"},"inLanguage":"it-IT","potentialAction":[{"@type":"ReadAction","target":["https:\/\/www.champmarket.com\/it\/champagne\/veuve-clicquot-extra-brut-extra-old-4-bottiglia\/"]}]},{"@type":"ImageObject","inLanguage":"it-IT","@id":"https:\/\/www.champmarket.com\/it\/champagne\/veuve-clicquot-extra-brut-extra-old-4-bottiglia\/#primaryimage","url":"https:\/\/www.champmarket.com\/wp-content\/uploads\/2025\/03\/veuve-clicquot-extra-brut-extra-old-4-bouteille.webp","contentUrl":"https:\/\/www.champmarket.com\/wp-content\/uploads\/2025\/03\/veuve-clicquot-extra-brut-extra-old-4-bouteille.webp","width":1200,"height":1200,"caption":"Champagne Veuve Clicquot Extra Brut Extra Old 4 - Champmarket"},{"@type":"BreadcrumbList","@id":"https:\/\/www.champmarket.com\/it\/champagne\/veuve-clicquot-extra-brut-extra-old-4-bottiglia\/#breadcrumb","itemListElement":[{"@type":"ListItem","position":1,"name":"Home","item":"https:\/\/www.champmarket.com\/it\/acquista-champagne-online-champmarket\/"},{"@type":"ListItem","position":2,"name":"Shop","item":"https:\/\/www.champmarket.com\/it\/shop\/"},{"@type":"ListItem","position":3,"name":"Veuve Clicquot","item":"https:\/\/www.champmarket.com\/it\/maisons\/selection-champagne-veuve-clicquot-it\/"},{"@type":"ListItem","position":4,"name":"Veuve Clicquot Extra Brut Extra Old 4 Bottiglia"}]},{"@type":"WebSite","@id":"https:\/\/www.champmarket.com\/#website","url":"https:\/\/www.champmarket.com\/","name":"Champmarket","description":"Champmarket, Champagnes, Cadeaux et Art de Vivre","publisher":{"@id":"https:\/\/www.champmarket.com\/#organization"},"potentialAction":[{"@type":"SearchAction","target":{"@type":"EntryPoint","urlTemplate":"https:\/\/www.champmarket.com\/?s={search_term_string}"},"query-input":{"@type":"PropertyValueSpecification","valueRequired":true,"valueName":"search_term_string"}}],"inLanguage":"it-IT"},{"@type":"Organization","@id":"https:\/\/www.champmarket.com\/#organization","name":"Champmarket","url":"https:\/\/www.champmarket.com\/","logo":{"@type":"ImageObject","inLanguage":"it-IT","@id":"https:\/\/www.champmarket.com\/#\/schema\/logo\/image\/","url":"https:\/\/www.champmarket.com\/wp-content\/uploads\/2024\/08\/logo2024-1.svg","contentUrl":"https:\/\/www.champmarket.com\/wp-content\/uploads\/2024\/08\/logo2024-1.svg","width":579.8,"height":80,"caption":"Champmarket"},"image":{"@id":"https:\/\/www.champmarket.com\/#\/schema\/logo\/image\/"},"sameAs":["https:\/\/www.facebook.com\/ChampMarket\/","https:\/\/x.com\/champmarket","https:\/\/www.instagram.com\/champmarket.paris\/","https:\/\/www.pinterest.fr\/champmarketparis\/","https:\/\/www.linkedin.com\/company\/champmarket\/"]}]}},"_links":{"self":[{"href":"https:\/\/www.champmarket.com\/it\/wp-json\/wp\/v2\/product\/77461","targetHints":{"allow":["GET"]}}],"collection":[{"href":"https:\/\/www.champmarket.com\/it\/wp-json\/wp\/v2\/product"}],"about":[{"href":"https:\/\/www.champmarket.com\/it\/wp-json\/wp\/v2\/types\/product"}],"version-history":[{"count":3,"href":"https:\/\/www.champmarket.com\/it\/wp-json\/wp\/v2\/product\/77461\/revisions"}],"predecessor-version":[{"id":78845,"href":"https:\/\/www.champmarket.com\/it\/wp-json\/wp\/v2\/product\/77461\/revisions\/78845"}],"wp:featuredmedia":[{"embeddable":true,"href":"https:\/\/www.champmarket.com\/it\/wp-json\/wp\/v2\/media\/77490"}],"wp:attachment":[{"href":"https:\/\/www.champmarket.com\/it\/wp-json\/wp\/v2\/media?parent=77461"}],"wp:term":[{"taxonomy":"product_brand","embeddable":true,"href":"https:\/\/www.champmarket.com\/it\/wp-json\/wp\/v2\/product_brand?post=77461"},{"taxonomy":"product_cat","embeddable":true,"href":"https:\/\/www.champmarket.com\/it\/wp-json\/wp\/v2\/product_cat?post=77461"},{"taxonomy":"product_tag","embeddable":true,"href":"https:\/\/www.champmarket.com\/it\/wp-json\/wp\/v2\/product_tag?post=77461"}],"curies":[{"name":"wp","href":"https:\/\/api.w.org\/{rel}","templated":true}]}}