{"id":78640,"date":"2021-02-18T16:02:21","date_gmt":"2025-05-05T14:38:50","guid":{"rendered":"https:\/\/www.champmarket.com\/champagne\/delamotte-brut-bottiglia\/"},"modified":"2025-05-05T16:38:50","modified_gmt":"2025-05-05T14:38:50","slug":"delamotte-brut-bottiglia","status":"publish","type":"product","link":"https:\/\/www.champmarket.com\/it\/champagne\/delamotte-brut-bottiglia\/","title":{"rendered":"Delamotte Brut -bottiglia"},"content":{"rendered":"<p>Un grande champagne \u00e8 prima di tutto un grande vino! E a Mesnil-sur-Oger, dove la Maison Delamotte \u00e8 stata fondata nel 1760, questa \u00e8 una regola d&#8217;oro. Se Delamotte \u00e8 una delle pi\u00f9 antiche case di Champagne, \u00e8 perch\u00e9 rispetta la tradizione, serve il gusto e produce vini nel cuore della leggendaria C\u00f4te des Blancs.  <\/p>\n","protected":false},"excerpt":{"rendered":"<p>Un grande champagne \u00e8 soprattutto un grande vino. Questa \u00e8 la sfida fondante della Maison Delamotte ed \u00e8 perfettamente illustrata nella cuv\u00e9e Delamotte Brut. La sua potenza senza aggressivit\u00e0, la sua piacevole freschezza, la sua morbida rotondit\u00e0 e il suo finale pulito e fruttato fanno di questo blend equilibrato ed elegante lo champagne ideale sia per le occasioni speciali che per le ricorrenze.  <\/p>\n","protected":false},"featured_media":75421,"template":"","meta":{"_acf_changed":false},"product_brand":[],"product_cat":[3472,2387,3551,2238,2386,2775,2372,2223,2222],"product_tag":[2249,2228,2231],"class_list":{"0":"post-78640","1":"product","2":"type-product","3":"status-publish","4":"has-post-thumbnail","6":"maisons-selection-champagne-delamotte-it","7":"product_cat-i-nostri-preferiti","8":"product_cat-categorie-maisons-de-champagne-it","9":"product_cat-delamotte-it","10":"product_cat-bouteilles-it","11":"product_cat-essenziali-it","12":"product_cat-tutti-gli-champagne","13":"product_cat-champagne-brut-it","14":"product_cat-aperitif-it","15":"product_cat-evenement-cocktail-it","16":"product_tag-incontournable-it","17":"product_tag-aperitif-it","18":"product_tag-cocktail-event-it","20":"first","21":"instock","22":"taxable","23":"shipping-taxable","24":"purchasable","25":"product-type-simple"},"acf":[],"yoast_head":"<!-- This site is optimized with the Yoast SEO plugin v26.4 - https:\/\/yoast.com\/wordpress\/plugins\/seo\/ -->\n<title>Delamotte Brut -bottiglia - Champmarket<\/title>\n<meta name=\"description\" content=\"Cuv\u00e9e Delamotte Brut \u00e8 un blend di champagne equilibrato ed elegante, ideale sia per le occasioni speciali che per le ricorrenze.\" \/>\n<meta name=\"robots\" content=\"index, follow, max-snippet:-1, max-image-preview:large, max-video-preview:-1\" \/>\n<link rel=\"canonical\" href=\"https:\/\/www.champmarket.com\/it\/champagne\/delamotte-brut-bottiglia\/\" \/>\n<meta property=\"og:locale\" content=\"it_IT\" \/>\n<meta property=\"og:type\" content=\"article\" \/>\n<meta property=\"og:title\" content=\"Delamotte Brut -bottiglia - Champmarket\" \/>\n<meta property=\"og:description\" content=\"Cuv\u00e9e Delamotte Brut \u00e8 un blend di champagne equilibrato ed elegante, ideale sia per le occasioni speciali che per le ricorrenze.\" \/>\n<meta property=\"og:url\" content=\"https:\/\/www.champmarket.com\/it\/champagne\/delamotte-brut-bottiglia\/\" \/>\n<meta property=\"og:site_name\" content=\"Champmarket\" \/>\n<meta property=\"article:publisher\" content=\"https:\/\/www.facebook.com\/ChampMarket\/\" \/>\n<meta property=\"og:image\" content=\"https:\/\/www.champmarket.com\/wp-content\/uploads\/2021\/02\/delamotte-brut-bouteille.webp\" \/>\n\t<meta property=\"og:image:width\" content=\"1200\" \/>\n\t<meta property=\"og:image:height\" content=\"1200\" \/>\n\t<meta property=\"og:image:type\" content=\"image\/webp\" \/>\n<meta name=\"twitter:card\" content=\"summary_large_image\" \/>\n<meta name=\"twitter:site\" content=\"@champmarket\" \/>\n<script type=\"application\/ld+json\" class=\"yoast-schema-graph\">{\"@context\":\"https:\/\/schema.org\",\"@graph\":[{\"@type\":\"WebPage\",\"@id\":\"https:\/\/www.champmarket.com\/it\/champagne\/delamotte-brut-bottiglia\/\",\"url\":\"https:\/\/www.champmarket.com\/it\/champagne\/delamotte-brut-bottiglia\/\",\"name\":\"Delamotte Brut -bottiglia - Champmarket\",\"isPartOf\":{\"@id\":\"https:\/\/www.champmarket.com\/#website\"},\"primaryImageOfPage\":{\"@id\":\"https:\/\/www.champmarket.com\/it\/champagne\/delamotte-brut-bottiglia\/#primaryimage\"},\"image\":{\"@id\":\"https:\/\/www.champmarket.com\/it\/champagne\/delamotte-brut-bottiglia\/#primaryimage\"},\"thumbnailUrl\":\"https:\/\/www.champmarket.com\/wp-content\/uploads\/2021\/02\/delamotte-brut-bouteille.webp\",\"datePublished\":\"2025-05-05T14:38:50+00:00\",\"description\":\"Cuv\u00e9e Delamotte Brut \u00e8 un blend di champagne equilibrato ed elegante, ideale sia per le occasioni speciali che per le ricorrenze.\",\"breadcrumb\":{\"@id\":\"https:\/\/www.champmarket.com\/it\/champagne\/delamotte-brut-bottiglia\/#breadcrumb\"},\"inLanguage\":\"it-IT\",\"potentialAction\":[{\"@type\":\"ReadAction\",\"target\":[\"https:\/\/www.champmarket.com\/it\/champagne\/delamotte-brut-bottiglia\/\"]}]},{\"@type\":\"ImageObject\",\"inLanguage\":\"it-IT\",\"@id\":\"https:\/\/www.champmarket.com\/it\/champagne\/delamotte-brut-bottiglia\/#primaryimage\",\"url\":\"https:\/\/www.champmarket.com\/wp-content\/uploads\/2021\/02\/delamotte-brut-bouteille.webp\",\"contentUrl\":\"https:\/\/www.champmarket.com\/wp-content\/uploads\/2021\/02\/delamotte-brut-bouteille.webp\",\"width\":1200,\"height\":1200,\"caption\":\"Champagne Delamotte Brut - Champmarket\"},{\"@type\":\"BreadcrumbList\",\"@id\":\"https:\/\/www.champmarket.com\/it\/champagne\/delamotte-brut-bottiglia\/#breadcrumb\",\"itemListElement\":[{\"@type\":\"ListItem\",\"position\":1,\"name\":\"Home\",\"item\":\"https:\/\/www.champmarket.com\/it\/acquista-champagne-online-champmarket\/\"},{\"@type\":\"ListItem\",\"position\":2,\"name\":\"Shop\",\"item\":\"https:\/\/www.champmarket.com\/it\/shop\/\"},{\"@type\":\"ListItem\",\"position\":3,\"name\":\"Delamotte\",\"item\":\"https:\/\/www.champmarket.com\/it\/maisons\/selection-champagne-delamotte-it\/\"},{\"@type\":\"ListItem\",\"position\":4,\"name\":\"Delamotte Brut -bottiglia\"}]},{\"@type\":\"WebSite\",\"@id\":\"https:\/\/www.champmarket.com\/#website\",\"url\":\"https:\/\/www.champmarket.com\/\",\"name\":\"Champmarket\",\"description\":\"Champmarket, Champagnes, Cadeaux et Art de Vivre\",\"publisher\":{\"@id\":\"https:\/\/www.champmarket.com\/#organization\"},\"potentialAction\":[{\"@type\":\"SearchAction\",\"target\":{\"@type\":\"EntryPoint\",\"urlTemplate\":\"https:\/\/www.champmarket.com\/?s={search_term_string}\"},\"query-input\":{\"@type\":\"PropertyValueSpecification\",\"valueRequired\":true,\"valueName\":\"search_term_string\"}}],\"inLanguage\":\"it-IT\"},{\"@type\":\"Organization\",\"@id\":\"https:\/\/www.champmarket.com\/#organization\",\"name\":\"Champmarket\",\"url\":\"https:\/\/www.champmarket.com\/\",\"logo\":{\"@type\":\"ImageObject\",\"inLanguage\":\"it-IT\",\"@id\":\"https:\/\/www.champmarket.com\/#\/schema\/logo\/image\/\",\"url\":\"https:\/\/www.champmarket.com\/wp-content\/uploads\/2024\/08\/logo2024-1.svg\",\"contentUrl\":\"https:\/\/www.champmarket.com\/wp-content\/uploads\/2024\/08\/logo2024-1.svg\",\"width\":579.8,\"height\":80,\"caption\":\"Champmarket\"},\"image\":{\"@id\":\"https:\/\/www.champmarket.com\/#\/schema\/logo\/image\/\"},\"sameAs\":[\"https:\/\/www.facebook.com\/ChampMarket\/\",\"https:\/\/x.com\/champmarket\",\"https:\/\/www.instagram.com\/champmarket.paris\/\",\"https:\/\/www.pinterest.fr\/champmarketparis\/\",\"https:\/\/www.linkedin.com\/company\/champmarket\/\"]}]}<\/script>\n<!-- \/ Yoast SEO plugin. -->","yoast_head_json":{"title":"Delamotte Brut -bottiglia - Champmarket","description":"Cuv\u00e9e Delamotte Brut \u00e8 un blend di champagne equilibrato ed elegante, ideale sia per le occasioni speciali che per le ricorrenze.","robots":{"index":"index","follow":"follow","max-snippet":"max-snippet:-1","max-image-preview":"max-image-preview:large","max-video-preview":"max-video-preview:-1"},"canonical":"https:\/\/www.champmarket.com\/it\/champagne\/delamotte-brut-bottiglia\/","og_locale":"it_IT","og_type":"article","og_title":"Delamotte Brut -bottiglia - Champmarket","og_description":"Cuv\u00e9e Delamotte Brut \u00e8 un blend di champagne equilibrato ed elegante, ideale sia per le occasioni speciali che per le ricorrenze.","og_url":"https:\/\/www.champmarket.com\/it\/champagne\/delamotte-brut-bottiglia\/","og_site_name":"Champmarket","article_publisher":"https:\/\/www.facebook.com\/ChampMarket\/","og_image":[{"width":1200,"height":1200,"url":"https:\/\/www.champmarket.com\/wp-content\/uploads\/2021\/02\/delamotte-brut-bouteille.webp","type":"image\/webp"}],"twitter_card":"summary_large_image","twitter_site":"@champmarket","schema":{"@context":"https:\/\/schema.org","@graph":[{"@type":"WebPage","@id":"https:\/\/www.champmarket.com\/it\/champagne\/delamotte-brut-bottiglia\/","url":"https:\/\/www.champmarket.com\/it\/champagne\/delamotte-brut-bottiglia\/","name":"Delamotte Brut -bottiglia - Champmarket","isPartOf":{"@id":"https:\/\/www.champmarket.com\/#website"},"primaryImageOfPage":{"@id":"https:\/\/www.champmarket.com\/it\/champagne\/delamotte-brut-bottiglia\/#primaryimage"},"image":{"@id":"https:\/\/www.champmarket.com\/it\/champagne\/delamotte-brut-bottiglia\/#primaryimage"},"thumbnailUrl":"https:\/\/www.champmarket.com\/wp-content\/uploads\/2021\/02\/delamotte-brut-bouteille.webp","datePublished":"2025-05-05T14:38:50+00:00","description":"Cuv\u00e9e Delamotte Brut \u00e8 un blend di champagne equilibrato ed elegante, ideale sia per le occasioni speciali che per le ricorrenze.","breadcrumb":{"@id":"https:\/\/www.champmarket.com\/it\/champagne\/delamotte-brut-bottiglia\/#breadcrumb"},"inLanguage":"it-IT","potentialAction":[{"@type":"ReadAction","target":["https:\/\/www.champmarket.com\/it\/champagne\/delamotte-brut-bottiglia\/"]}]},{"@type":"ImageObject","inLanguage":"it-IT","@id":"https:\/\/www.champmarket.com\/it\/champagne\/delamotte-brut-bottiglia\/#primaryimage","url":"https:\/\/www.champmarket.com\/wp-content\/uploads\/2021\/02\/delamotte-brut-bouteille.webp","contentUrl":"https:\/\/www.champmarket.com\/wp-content\/uploads\/2021\/02\/delamotte-brut-bouteille.webp","width":1200,"height":1200,"caption":"Champagne Delamotte Brut - Champmarket"},{"@type":"BreadcrumbList","@id":"https:\/\/www.champmarket.com\/it\/champagne\/delamotte-brut-bottiglia\/#breadcrumb","itemListElement":[{"@type":"ListItem","position":1,"name":"Home","item":"https:\/\/www.champmarket.com\/it\/acquista-champagne-online-champmarket\/"},{"@type":"ListItem","position":2,"name":"Shop","item":"https:\/\/www.champmarket.com\/it\/shop\/"},{"@type":"ListItem","position":3,"name":"Delamotte","item":"https:\/\/www.champmarket.com\/it\/maisons\/selection-champagne-delamotte-it\/"},{"@type":"ListItem","position":4,"name":"Delamotte Brut -bottiglia"}]},{"@type":"WebSite","@id":"https:\/\/www.champmarket.com\/#website","url":"https:\/\/www.champmarket.com\/","name":"Champmarket","description":"Champmarket, Champagnes, Cadeaux et Art de Vivre","publisher":{"@id":"https:\/\/www.champmarket.com\/#organization"},"potentialAction":[{"@type":"SearchAction","target":{"@type":"EntryPoint","urlTemplate":"https:\/\/www.champmarket.com\/?s={search_term_string}"},"query-input":{"@type":"PropertyValueSpecification","valueRequired":true,"valueName":"search_term_string"}}],"inLanguage":"it-IT"},{"@type":"Organization","@id":"https:\/\/www.champmarket.com\/#organization","name":"Champmarket","url":"https:\/\/www.champmarket.com\/","logo":{"@type":"ImageObject","inLanguage":"it-IT","@id":"https:\/\/www.champmarket.com\/#\/schema\/logo\/image\/","url":"https:\/\/www.champmarket.com\/wp-content\/uploads\/2024\/08\/logo2024-1.svg","contentUrl":"https:\/\/www.champmarket.com\/wp-content\/uploads\/2024\/08\/logo2024-1.svg","width":579.8,"height":80,"caption":"Champmarket"},"image":{"@id":"https:\/\/www.champmarket.com\/#\/schema\/logo\/image\/"},"sameAs":["https:\/\/www.facebook.com\/ChampMarket\/","https:\/\/x.com\/champmarket","https:\/\/www.instagram.com\/champmarket.paris\/","https:\/\/www.pinterest.fr\/champmarketparis\/","https:\/\/www.linkedin.com\/company\/champmarket\/"]}]}},"_links":{"self":[{"href":"https:\/\/www.champmarket.com\/it\/wp-json\/wp\/v2\/product\/78640","targetHints":{"allow":["GET"]}}],"collection":[{"href":"https:\/\/www.champmarket.com\/it\/wp-json\/wp\/v2\/product"}],"about":[{"href":"https:\/\/www.champmarket.com\/it\/wp-json\/wp\/v2\/types\/product"}],"version-history":[{"count":0,"href":"https:\/\/www.champmarket.com\/it\/wp-json\/wp\/v2\/product\/78640\/revisions"}],"wp:featuredmedia":[{"embeddable":true,"href":"https:\/\/www.champmarket.com\/it\/wp-json\/wp\/v2\/media\/75421"}],"wp:attachment":[{"href":"https:\/\/www.champmarket.com\/it\/wp-json\/wp\/v2\/media?parent=78640"}],"wp:term":[{"taxonomy":"product_brand","embeddable":true,"href":"https:\/\/www.champmarket.com\/it\/wp-json\/wp\/v2\/product_brand?post=78640"},{"taxonomy":"product_cat","embeddable":true,"href":"https:\/\/www.champmarket.com\/it\/wp-json\/wp\/v2\/product_cat?post=78640"},{"taxonomy":"product_tag","embeddable":true,"href":"https:\/\/www.champmarket.com\/it\/wp-json\/wp\/v2\/product_tag?post=78640"}],"curies":[{"name":"wp","href":"https:\/\/api.w.org\/{rel}","templated":true}]}}