{"id":80225,"date":"2025-06-10T18:12:09","date_gmt":"2025-06-10T16:12:09","guid":{"rendered":"https:\/\/www.champmarket.com\/?post_type=product&#038;p=80225"},"modified":"2025-06-10T18:15:24","modified_gmt":"2025-06-10T16:15:24","slug":"piper-heidsieck-rose-sauvage-bottiglia-con-astuccio-copie-copie","status":"publish","type":"product","link":"https:\/\/www.champmarket.com\/it\/champagne\/piper-heidsieck-rose-sauvage-bottiglia-con-astuccio-copie-copie\/","title":{"rendered":"Piper-Heidsieck Ros\u00e9 Sauvage Bottiglia con astuccio (Copie) (Copie)"},"content":{"rendered":"<p>Scelta coraggiosa che riflette i valori della Maison Piper-Heidsieck, il Ros\u00e9 Sauvage \u00e8 uno champagne strutturato e gastronomico.<\/p>\n<p>Per s\u00e9 o come regalo, la sua elegante astuccio \u00e8 adatta a tutte le occasioni.<\/p>\n","protected":false},"excerpt":{"rendered":"<p>Piper-Heidsieck Ros\u00e9 Sauvage Bottiglia con astuccio \u00e8 la perfetta alleanza tra vini bianchi e rossi uniti in un blend unico, una scelta coraggiosa che riflette i valori della Casa Piper-Heidsieck.<\/p>\n","protected":false},"featured_media":80217,"template":"","meta":{"_acf_changed":false},"product_brand":[],"product_cat":[2407,2238,2775,2376,2223],"product_tag":[2228,2250],"class_list":{"0":"post-80225","1":"product","2":"type-product","3":"status-publish","4":"has-post-thumbnail","6":"maisons-selection-champagne-piper-heidsieck-it","7":"product_cat-categorie-piper-heidsieck-it","8":"product_cat-bouteilles-it","9":"product_cat-tutti-gli-champagne","10":"product_cat-champagne-rose-it","11":"product_cat-aperitif-it","12":"product_tag-aperitif-it","13":"product_tag-la-vie-en-rose-it","15":"first","16":"instock","17":"taxable","18":"shipping-taxable","19":"purchasable","20":"product-type-simple"},"acf":[],"yoast_head":"<!-- This site is optimized with the Yoast SEO plugin v26.4 - https:\/\/yoast.com\/wordpress\/plugins\/seo\/ -->\n<title>Piper-Heidsieck Ros\u00e9 Sauvage Bottiglia con astuccio (Copie) (Copie) - Champmarket<\/title>\n<meta name=\"description\" content=\"Piper-Heidsieck Ros\u00e9 Sauvage Bottiglia con astuccio \u00e8 la perfetta alleanza tra vini bianchi e rossi uniti in un blend unico.\" \/>\n<meta name=\"robots\" content=\"index, follow, max-snippet:-1, max-image-preview:large, max-video-preview:-1\" \/>\n<link rel=\"canonical\" href=\"https:\/\/www.champmarket.com\/it\/champagne\/piper-heidsieck-rose-sauvage-bottiglia-con-astuccio-copie-copie\/\" \/>\n<meta property=\"og:locale\" content=\"it_IT\" \/>\n<meta property=\"og:type\" content=\"article\" \/>\n<meta property=\"og:title\" content=\"Piper-Heidsieck Ros\u00e9 Sauvage Bottiglia con astuccio (Copie) (Copie) - Champmarket\" \/>\n<meta property=\"og:description\" content=\"Piper-Heidsieck Ros\u00e9 Sauvage Bottiglia con astuccio \u00e8 la perfetta alleanza tra vini bianchi e rossi uniti in un blend unico.\" \/>\n<meta property=\"og:url\" content=\"https:\/\/www.champmarket.com\/it\/champagne\/piper-heidsieck-rose-sauvage-bottiglia-con-astuccio-copie-copie\/\" \/>\n<meta property=\"og:site_name\" content=\"Champmarket\" \/>\n<meta property=\"article:publisher\" content=\"https:\/\/www.facebook.com\/ChampMarket\/\" \/>\n<meta property=\"article:modified_time\" content=\"2025-06-10T16:15:24+00:00\" \/>\n<meta property=\"og:image\" content=\"https:\/\/www.champmarket.com\/wp-content\/uploads\/2025\/06\/piper-heidsieck-brut-rose-bouteille.webp\" \/>\n\t<meta property=\"og:image:width\" content=\"1200\" \/>\n\t<meta property=\"og:image:height\" content=\"1200\" \/>\n\t<meta property=\"og:image:type\" content=\"image\/webp\" \/>\n<meta name=\"twitter:card\" content=\"summary_large_image\" \/>\n<meta name=\"twitter:site\" content=\"@champmarket\" \/>\n<script type=\"application\/ld+json\" class=\"yoast-schema-graph\">{\"@context\":\"https:\/\/schema.org\",\"@graph\":[{\"@type\":\"WebPage\",\"@id\":\"https:\/\/www.champmarket.com\/it\/champagne\/piper-heidsieck-rose-sauvage-bottiglia-con-astuccio-copie-copie\/\",\"url\":\"https:\/\/www.champmarket.com\/it\/champagne\/piper-heidsieck-rose-sauvage-bottiglia-con-astuccio-copie-copie\/\",\"name\":\"Piper-Heidsieck Ros\u00e9 Sauvage Bottiglia con astuccio (Copie) (Copie) - Champmarket\",\"isPartOf\":{\"@id\":\"https:\/\/www.champmarket.com\/#website\"},\"primaryImageOfPage\":{\"@id\":\"https:\/\/www.champmarket.com\/it\/champagne\/piper-heidsieck-rose-sauvage-bottiglia-con-astuccio-copie-copie\/#primaryimage\"},\"image\":{\"@id\":\"https:\/\/www.champmarket.com\/it\/champagne\/piper-heidsieck-rose-sauvage-bottiglia-con-astuccio-copie-copie\/#primaryimage\"},\"thumbnailUrl\":\"https:\/\/www.champmarket.com\/wp-content\/uploads\/2025\/06\/piper-heidsieck-brut-rose-bouteille.webp\",\"datePublished\":\"2025-06-10T16:12:09+00:00\",\"dateModified\":\"2025-06-10T16:15:24+00:00\",\"description\":\"Piper-Heidsieck Ros\u00e9 Sauvage Bottiglia con astuccio \u00e8 la perfetta alleanza tra vini bianchi e rossi uniti in un blend unico.\",\"breadcrumb\":{\"@id\":\"https:\/\/www.champmarket.com\/it\/champagne\/piper-heidsieck-rose-sauvage-bottiglia-con-astuccio-copie-copie\/#breadcrumb\"},\"inLanguage\":\"it-IT\",\"potentialAction\":[{\"@type\":\"ReadAction\",\"target\":[\"https:\/\/www.champmarket.com\/it\/champagne\/piper-heidsieck-rose-sauvage-bottiglia-con-astuccio-copie-copie\/\"]}]},{\"@type\":\"ImageObject\",\"inLanguage\":\"it-IT\",\"@id\":\"https:\/\/www.champmarket.com\/it\/champagne\/piper-heidsieck-rose-sauvage-bottiglia-con-astuccio-copie-copie\/#primaryimage\",\"url\":\"https:\/\/www.champmarket.com\/wp-content\/uploads\/2025\/06\/piper-heidsieck-brut-rose-bouteille.webp\",\"contentUrl\":\"https:\/\/www.champmarket.com\/wp-content\/uploads\/2025\/06\/piper-heidsieck-brut-rose-bouteille.webp\",\"width\":1200,\"height\":1200,\"caption\":\"Champagne Piper-Heidsieck Brut Ros\u00e9 - Champmarket\"},{\"@type\":\"BreadcrumbList\",\"@id\":\"https:\/\/www.champmarket.com\/it\/champagne\/piper-heidsieck-rose-sauvage-bottiglia-con-astuccio-copie-copie\/#breadcrumb\",\"itemListElement\":[{\"@type\":\"ListItem\",\"position\":1,\"name\":\"Home\",\"item\":\"https:\/\/www.champmarket.com\/it\/acquista-champagne-online-champmarket\/\"},{\"@type\":\"ListItem\",\"position\":2,\"name\":\"Shop\",\"item\":\"https:\/\/www.champmarket.com\/it\/shop\/\"},{\"@type\":\"ListItem\",\"position\":3,\"name\":\"Piper-Heidsieck\",\"item\":\"https:\/\/www.champmarket.com\/it\/maisons\/selection-champagne-piper-heidsieck-it\/\"},{\"@type\":\"ListItem\",\"position\":4,\"name\":\"Piper-Heidsieck Ros\u00e9 Sauvage Bottiglia con astuccio (Copie) (Copie)\"}]},{\"@type\":\"WebSite\",\"@id\":\"https:\/\/www.champmarket.com\/#website\",\"url\":\"https:\/\/www.champmarket.com\/\",\"name\":\"Champmarket\",\"description\":\"Champmarket, Champagnes, Cadeaux et Art de Vivre\",\"publisher\":{\"@id\":\"https:\/\/www.champmarket.com\/#organization\"},\"potentialAction\":[{\"@type\":\"SearchAction\",\"target\":{\"@type\":\"EntryPoint\",\"urlTemplate\":\"https:\/\/www.champmarket.com\/?s={search_term_string}\"},\"query-input\":{\"@type\":\"PropertyValueSpecification\",\"valueRequired\":true,\"valueName\":\"search_term_string\"}}],\"inLanguage\":\"it-IT\"},{\"@type\":\"Organization\",\"@id\":\"https:\/\/www.champmarket.com\/#organization\",\"name\":\"Champmarket\",\"url\":\"https:\/\/www.champmarket.com\/\",\"logo\":{\"@type\":\"ImageObject\",\"inLanguage\":\"it-IT\",\"@id\":\"https:\/\/www.champmarket.com\/#\/schema\/logo\/image\/\",\"url\":\"https:\/\/www.champmarket.com\/wp-content\/uploads\/2024\/08\/logo2024-1.svg\",\"contentUrl\":\"https:\/\/www.champmarket.com\/wp-content\/uploads\/2024\/08\/logo2024-1.svg\",\"width\":579.8,\"height\":80,\"caption\":\"Champmarket\"},\"image\":{\"@id\":\"https:\/\/www.champmarket.com\/#\/schema\/logo\/image\/\"},\"sameAs\":[\"https:\/\/www.facebook.com\/ChampMarket\/\",\"https:\/\/x.com\/champmarket\",\"https:\/\/www.instagram.com\/champmarket.paris\/\",\"https:\/\/www.pinterest.fr\/champmarketparis\/\",\"https:\/\/www.linkedin.com\/company\/champmarket\/\"]}]}<\/script>\n<!-- \/ Yoast SEO plugin. -->","yoast_head_json":{"title":"Piper-Heidsieck Ros\u00e9 Sauvage Bottiglia con astuccio (Copie) (Copie) - Champmarket","description":"Piper-Heidsieck Ros\u00e9 Sauvage Bottiglia con astuccio \u00e8 la perfetta alleanza tra vini bianchi e rossi uniti in un blend unico.","robots":{"index":"index","follow":"follow","max-snippet":"max-snippet:-1","max-image-preview":"max-image-preview:large","max-video-preview":"max-video-preview:-1"},"canonical":"https:\/\/www.champmarket.com\/it\/champagne\/piper-heidsieck-rose-sauvage-bottiglia-con-astuccio-copie-copie\/","og_locale":"it_IT","og_type":"article","og_title":"Piper-Heidsieck Ros\u00e9 Sauvage Bottiglia con astuccio (Copie) (Copie) - Champmarket","og_description":"Piper-Heidsieck Ros\u00e9 Sauvage Bottiglia con astuccio \u00e8 la perfetta alleanza tra vini bianchi e rossi uniti in un blend unico.","og_url":"https:\/\/www.champmarket.com\/it\/champagne\/piper-heidsieck-rose-sauvage-bottiglia-con-astuccio-copie-copie\/","og_site_name":"Champmarket","article_publisher":"https:\/\/www.facebook.com\/ChampMarket\/","article_modified_time":"2025-06-10T16:15:24+00:00","og_image":[{"width":1200,"height":1200,"url":"https:\/\/www.champmarket.com\/wp-content\/uploads\/2025\/06\/piper-heidsieck-brut-rose-bouteille.webp","type":"image\/webp"}],"twitter_card":"summary_large_image","twitter_site":"@champmarket","schema":{"@context":"https:\/\/schema.org","@graph":[{"@type":"WebPage","@id":"https:\/\/www.champmarket.com\/it\/champagne\/piper-heidsieck-rose-sauvage-bottiglia-con-astuccio-copie-copie\/","url":"https:\/\/www.champmarket.com\/it\/champagne\/piper-heidsieck-rose-sauvage-bottiglia-con-astuccio-copie-copie\/","name":"Piper-Heidsieck Ros\u00e9 Sauvage Bottiglia con astuccio (Copie) (Copie) - Champmarket","isPartOf":{"@id":"https:\/\/www.champmarket.com\/#website"},"primaryImageOfPage":{"@id":"https:\/\/www.champmarket.com\/it\/champagne\/piper-heidsieck-rose-sauvage-bottiglia-con-astuccio-copie-copie\/#primaryimage"},"image":{"@id":"https:\/\/www.champmarket.com\/it\/champagne\/piper-heidsieck-rose-sauvage-bottiglia-con-astuccio-copie-copie\/#primaryimage"},"thumbnailUrl":"https:\/\/www.champmarket.com\/wp-content\/uploads\/2025\/06\/piper-heidsieck-brut-rose-bouteille.webp","datePublished":"2025-06-10T16:12:09+00:00","dateModified":"2025-06-10T16:15:24+00:00","description":"Piper-Heidsieck Ros\u00e9 Sauvage Bottiglia con astuccio \u00e8 la perfetta alleanza tra vini bianchi e rossi uniti in un blend unico.","breadcrumb":{"@id":"https:\/\/www.champmarket.com\/it\/champagne\/piper-heidsieck-rose-sauvage-bottiglia-con-astuccio-copie-copie\/#breadcrumb"},"inLanguage":"it-IT","potentialAction":[{"@type":"ReadAction","target":["https:\/\/www.champmarket.com\/it\/champagne\/piper-heidsieck-rose-sauvage-bottiglia-con-astuccio-copie-copie\/"]}]},{"@type":"ImageObject","inLanguage":"it-IT","@id":"https:\/\/www.champmarket.com\/it\/champagne\/piper-heidsieck-rose-sauvage-bottiglia-con-astuccio-copie-copie\/#primaryimage","url":"https:\/\/www.champmarket.com\/wp-content\/uploads\/2025\/06\/piper-heidsieck-brut-rose-bouteille.webp","contentUrl":"https:\/\/www.champmarket.com\/wp-content\/uploads\/2025\/06\/piper-heidsieck-brut-rose-bouteille.webp","width":1200,"height":1200,"caption":"Champagne Piper-Heidsieck Brut Ros\u00e9 - Champmarket"},{"@type":"BreadcrumbList","@id":"https:\/\/www.champmarket.com\/it\/champagne\/piper-heidsieck-rose-sauvage-bottiglia-con-astuccio-copie-copie\/#breadcrumb","itemListElement":[{"@type":"ListItem","position":1,"name":"Home","item":"https:\/\/www.champmarket.com\/it\/acquista-champagne-online-champmarket\/"},{"@type":"ListItem","position":2,"name":"Shop","item":"https:\/\/www.champmarket.com\/it\/shop\/"},{"@type":"ListItem","position":3,"name":"Piper-Heidsieck","item":"https:\/\/www.champmarket.com\/it\/maisons\/selection-champagne-piper-heidsieck-it\/"},{"@type":"ListItem","position":4,"name":"Piper-Heidsieck Ros\u00e9 Sauvage Bottiglia con astuccio (Copie) (Copie)"}]},{"@type":"WebSite","@id":"https:\/\/www.champmarket.com\/#website","url":"https:\/\/www.champmarket.com\/","name":"Champmarket","description":"Champmarket, Champagnes, Cadeaux et Art de Vivre","publisher":{"@id":"https:\/\/www.champmarket.com\/#organization"},"potentialAction":[{"@type":"SearchAction","target":{"@type":"EntryPoint","urlTemplate":"https:\/\/www.champmarket.com\/?s={search_term_string}"},"query-input":{"@type":"PropertyValueSpecification","valueRequired":true,"valueName":"search_term_string"}}],"inLanguage":"it-IT"},{"@type":"Organization","@id":"https:\/\/www.champmarket.com\/#organization","name":"Champmarket","url":"https:\/\/www.champmarket.com\/","logo":{"@type":"ImageObject","inLanguage":"it-IT","@id":"https:\/\/www.champmarket.com\/#\/schema\/logo\/image\/","url":"https:\/\/www.champmarket.com\/wp-content\/uploads\/2024\/08\/logo2024-1.svg","contentUrl":"https:\/\/www.champmarket.com\/wp-content\/uploads\/2024\/08\/logo2024-1.svg","width":579.8,"height":80,"caption":"Champmarket"},"image":{"@id":"https:\/\/www.champmarket.com\/#\/schema\/logo\/image\/"},"sameAs":["https:\/\/www.facebook.com\/ChampMarket\/","https:\/\/x.com\/champmarket","https:\/\/www.instagram.com\/champmarket.paris\/","https:\/\/www.pinterest.fr\/champmarketparis\/","https:\/\/www.linkedin.com\/company\/champmarket\/"]}]}},"_links":{"self":[{"href":"https:\/\/www.champmarket.com\/it\/wp-json\/wp\/v2\/product\/80225","targetHints":{"allow":["GET"]}}],"collection":[{"href":"https:\/\/www.champmarket.com\/it\/wp-json\/wp\/v2\/product"}],"about":[{"href":"https:\/\/www.champmarket.com\/it\/wp-json\/wp\/v2\/types\/product"}],"version-history":[{"count":1,"href":"https:\/\/www.champmarket.com\/it\/wp-json\/wp\/v2\/product\/80225\/revisions"}],"predecessor-version":[{"id":80228,"href":"https:\/\/www.champmarket.com\/it\/wp-json\/wp\/v2\/product\/80225\/revisions\/80228"}],"wp:featuredmedia":[{"embeddable":true,"href":"https:\/\/www.champmarket.com\/it\/wp-json\/wp\/v2\/media\/80217"}],"wp:attachment":[{"href":"https:\/\/www.champmarket.com\/it\/wp-json\/wp\/v2\/media?parent=80225"}],"wp:term":[{"taxonomy":"product_brand","embeddable":true,"href":"https:\/\/www.champmarket.com\/it\/wp-json\/wp\/v2\/product_brand?post=80225"},{"taxonomy":"product_cat","embeddable":true,"href":"https:\/\/www.champmarket.com\/it\/wp-json\/wp\/v2\/product_cat?post=80225"},{"taxonomy":"product_tag","embeddable":true,"href":"https:\/\/www.champmarket.com\/it\/wp-json\/wp\/v2\/product_tag?post=80225"}],"curies":[{"name":"wp","href":"https:\/\/api.w.org\/{rel}","templated":true}]}}