{"id":80439,"date":"2025-06-11T16:55:57","date_gmt":"2025-06-11T14:55:57","guid":{"rendered":"https:\/\/www.champmarket.com\/?post_type=product&#038;p=80439"},"modified":"2025-06-12T08:50:02","modified_gmt":"2025-06-12T06:50:02","slug":"piper-heidsieck-edizione-speciale-1971-bottiglia-copie","status":"publish","type":"product","link":"https:\/\/www.champmarket.com\/it\/champagne\/piper-heidsieck-edizione-speciale-1971-bottiglia-copie\/","title":{"rendered":"Piper-Heidsieck Edizione Speciale 1971 Bottiglia (Copie)"},"content":{"rendered":"<p>Da oltre 235 anni, l&#8217;eccellenza dei vini e gli elevati standard di know-how sono al centro del DNA di Piper-Heidsieck. Esplorando il patrimonio enologico della casa e confrontandolo con la sua visione degli champagne Piper-Heidsieck, lo Chef de Caves<span class=\"Apple-converted-space\"> <\/span>\u00c9milien Boutillat ha avuto l&#8217;idea della collezione EDIZIONE SPECIALE, che riunisce la riedizione di vecchie annate e la creazione di annate inaspettate.<\/p>\n<p class=\"p2\"><em>&#8220;Ho ricevuto in eredit\u00e0 l&#8217;annata 1971 e ho voluto reinterpretarla con una sboccatura recente e poterla cos\u00ec condividere con tutti. \u00c8 un&#8217;opportunit\u00e0 incredibile poter offrire un simile viaggio nel tempo.<\/em> &#8211;<span class=\"Apple-converted-space\"> \u00c9milien <\/span>Boutillat<span class=\"Apple-converted-space\"> Maestro di cantina Champagne Piper-Heidsieck.<\/span><\/p>\n<p>Nel 1971, questa annata era considerata il gioiello della casa. Riunisce i dodici cru simili alla storica miscela che Florens-Louis Heidsieck present\u00f2 a Maria Antonietta nel 1785. In questo modo divenne fornitore della corte francese per privilegio reale.<\/p>\n<p>EDIZIONE SPECIALE 1971 \u00e8 un tesoro della regione dello Champagne, prodotto in sole 2021 bottiglie. Patinato dal suo mezzo secolo di invecchiamento in cantina, ravvivato dalla recente sboccatura, EDIZIONE SPECIALE 1971 \u00e8 sia il regalo ideale per un amante dei grandi vini sia lo champagne perfetto per un momento di degustazione senza tempo, tra due epoche.<\/p>\n","protected":false},"excerpt":{"rendered":"<p>La collezione di champagne EDIZIONE SPECIALE di Piper-Heidsieck d\u00e0 libero sfogo alla creativit\u00e0 del Capo di Casa, \u00c9milien Boutillat. Per inaugurare questa nuova collezione, reinterpreta uno champagne di 50 anni: EDIZIONE SPECIALE 1971.<\/p>\n","protected":false},"featured_media":80490,"template":"","meta":{"_acf_changed":false},"product_brand":[],"product_cat":[2387,2407,2238,2775,2371,2225,2224],"product_tag":[2248,2229,2232],"class_list":{"0":"post-80439","1":"product","2":"type-product","3":"status-publish","4":"has-post-thumbnail","6":"maisons-selection-champagne-piper-heidsieck-it","7":"product_cat-categorie-maisons-de-champagne-it","8":"product_cat-categorie-piper-heidsieck-it","9":"product_cat-bouteilles-it","10":"product_cat-tutti-gli-champagne","11":"product_cat-champagne-blanc-de-noirs-it","12":"product_cat-champagne-millesime-it","13":"product_cat-repas-it","14":"product_tag-haute-couture-it","15":"product_tag-per-un-pasto-con-champagne","16":"product_tag-vintage-it","18":"first","19":"instock","20":"taxable","21":"shipping-taxable","22":"product-type-simple"},"acf":[],"yoast_head":"<!-- This site is optimized with the Yoast SEO plugin v26.4 - https:\/\/yoast.com\/wordpress\/plugins\/seo\/ -->\n<title>Piper-Heidsieck Edizione Speciale 1971 Bottiglia (Copie) - Champmarket<\/title>\n<meta name=\"description\" content=\"Piper-Heidsieck EDIZIONE SPECIALE 1971 \u00e8 un tesoro di Champagne che inaugura una nuova collezione. Vengono prodotte solo 2021 bottiglie.\" \/>\n<meta name=\"robots\" content=\"index, follow, max-snippet:-1, max-image-preview:large, max-video-preview:-1\" \/>\n<link rel=\"canonical\" href=\"https:\/\/www.champmarket.com\/it\/champagne\/piper-heidsieck-edizione-speciale-1971-bottiglia-copie\/\" \/>\n<meta property=\"og:locale\" content=\"it_IT\" \/>\n<meta property=\"og:type\" content=\"article\" \/>\n<meta property=\"og:title\" content=\"Piper-Heidsieck Edizione Speciale 1971 Bottiglia (Copie) - Champmarket\" \/>\n<meta property=\"og:description\" content=\"Piper-Heidsieck EDIZIONE SPECIALE 1971 \u00e8 un tesoro di Champagne che inaugura una nuova collezione. Vengono prodotte solo 2021 bottiglie.\" \/>\n<meta property=\"og:url\" content=\"https:\/\/www.champmarket.com\/it\/champagne\/piper-heidsieck-edizione-speciale-1971-bottiglia-copie\/\" \/>\n<meta property=\"og:site_name\" content=\"Champmarket\" \/>\n<meta property=\"article:publisher\" content=\"https:\/\/www.facebook.com\/ChampMarket\/\" \/>\n<meta property=\"article:modified_time\" content=\"2025-06-12T06:50:02+00:00\" \/>\n<meta property=\"og:image\" content=\"https:\/\/www.champmarket.com\/wp-content\/uploads\/2025\/06\/piper-heidsieck-hors-serie-coteaux-champenois-ay-2022-bouteille.webp\" \/>\n\t<meta property=\"og:image:width\" content=\"1200\" \/>\n\t<meta property=\"og:image:height\" content=\"1200\" \/>\n\t<meta property=\"og:image:type\" content=\"image\/webp\" \/>\n<meta name=\"twitter:card\" content=\"summary_large_image\" \/>\n<meta name=\"twitter:site\" content=\"@champmarket\" \/>\n<meta name=\"twitter:label1\" content=\"Tempo di lettura stimato\" \/>\n\t<meta name=\"twitter:data1\" content=\"1 minuto\" \/>\n<script type=\"application\/ld+json\" class=\"yoast-schema-graph\">{\"@context\":\"https:\/\/schema.org\",\"@graph\":[{\"@type\":\"WebPage\",\"@id\":\"https:\/\/www.champmarket.com\/it\/champagne\/piper-heidsieck-edizione-speciale-1971-bottiglia-copie\/\",\"url\":\"https:\/\/www.champmarket.com\/it\/champagne\/piper-heidsieck-edizione-speciale-1971-bottiglia-copie\/\",\"name\":\"Piper-Heidsieck Edizione Speciale 1971 Bottiglia (Copie) - Champmarket\",\"isPartOf\":{\"@id\":\"https:\/\/www.champmarket.com\/#website\"},\"primaryImageOfPage\":{\"@id\":\"https:\/\/www.champmarket.com\/it\/champagne\/piper-heidsieck-edizione-speciale-1971-bottiglia-copie\/#primaryimage\"},\"image\":{\"@id\":\"https:\/\/www.champmarket.com\/it\/champagne\/piper-heidsieck-edizione-speciale-1971-bottiglia-copie\/#primaryimage\"},\"thumbnailUrl\":\"https:\/\/www.champmarket.com\/wp-content\/uploads\/2025\/06\/piper-heidsieck-hors-serie-coteaux-champenois-ay-2022-bouteille.webp\",\"datePublished\":\"2025-06-11T14:55:57+00:00\",\"dateModified\":\"2025-06-12T06:50:02+00:00\",\"description\":\"Piper-Heidsieck EDIZIONE SPECIALE 1971 \u00e8 un tesoro di Champagne che inaugura una nuova collezione. Vengono prodotte solo 2021 bottiglie.\",\"breadcrumb\":{\"@id\":\"https:\/\/www.champmarket.com\/it\/champagne\/piper-heidsieck-edizione-speciale-1971-bottiglia-copie\/#breadcrumb\"},\"inLanguage\":\"it-IT\",\"potentialAction\":[{\"@type\":\"ReadAction\",\"target\":[\"https:\/\/www.champmarket.com\/it\/champagne\/piper-heidsieck-edizione-speciale-1971-bottiglia-copie\/\"]}]},{\"@type\":\"ImageObject\",\"inLanguage\":\"it-IT\",\"@id\":\"https:\/\/www.champmarket.com\/it\/champagne\/piper-heidsieck-edizione-speciale-1971-bottiglia-copie\/#primaryimage\",\"url\":\"https:\/\/www.champmarket.com\/wp-content\/uploads\/2025\/06\/piper-heidsieck-hors-serie-coteaux-champenois-ay-2022-bouteille.webp\",\"contentUrl\":\"https:\/\/www.champmarket.com\/wp-content\/uploads\/2025\/06\/piper-heidsieck-hors-serie-coteaux-champenois-ay-2022-bouteille.webp\",\"width\":1200,\"height\":1200,\"caption\":\"Champagne Piper-Heidsieck Hors-S\u00e9rie Coteaux Champenois A\u00ff 2022 - Champmarket\"},{\"@type\":\"BreadcrumbList\",\"@id\":\"https:\/\/www.champmarket.com\/it\/champagne\/piper-heidsieck-edizione-speciale-1971-bottiglia-copie\/#breadcrumb\",\"itemListElement\":[{\"@type\":\"ListItem\",\"position\":1,\"name\":\"Home\",\"item\":\"https:\/\/www.champmarket.com\/it\/acquista-champagne-online-champmarket\/\"},{\"@type\":\"ListItem\",\"position\":2,\"name\":\"Shop\",\"item\":\"https:\/\/www.champmarket.com\/it\/shop\/\"},{\"@type\":\"ListItem\",\"position\":3,\"name\":\"Piper-Heidsieck\",\"item\":\"https:\/\/www.champmarket.com\/it\/maisons\/selection-champagne-piper-heidsieck-it\/\"},{\"@type\":\"ListItem\",\"position\":4,\"name\":\"Piper-Heidsieck Edizione Speciale 1971 Bottiglia (Copie)\"}]},{\"@type\":\"WebSite\",\"@id\":\"https:\/\/www.champmarket.com\/#website\",\"url\":\"https:\/\/www.champmarket.com\/\",\"name\":\"Champmarket\",\"description\":\"Champmarket, Champagnes, Cadeaux et Art de Vivre\",\"publisher\":{\"@id\":\"https:\/\/www.champmarket.com\/#organization\"},\"potentialAction\":[{\"@type\":\"SearchAction\",\"target\":{\"@type\":\"EntryPoint\",\"urlTemplate\":\"https:\/\/www.champmarket.com\/?s={search_term_string}\"},\"query-input\":{\"@type\":\"PropertyValueSpecification\",\"valueRequired\":true,\"valueName\":\"search_term_string\"}}],\"inLanguage\":\"it-IT\"},{\"@type\":\"Organization\",\"@id\":\"https:\/\/www.champmarket.com\/#organization\",\"name\":\"Champmarket\",\"url\":\"https:\/\/www.champmarket.com\/\",\"logo\":{\"@type\":\"ImageObject\",\"inLanguage\":\"it-IT\",\"@id\":\"https:\/\/www.champmarket.com\/#\/schema\/logo\/image\/\",\"url\":\"https:\/\/www.champmarket.com\/wp-content\/uploads\/2024\/08\/logo2024-1.svg\",\"contentUrl\":\"https:\/\/www.champmarket.com\/wp-content\/uploads\/2024\/08\/logo2024-1.svg\",\"width\":579.8,\"height\":80,\"caption\":\"Champmarket\"},\"image\":{\"@id\":\"https:\/\/www.champmarket.com\/#\/schema\/logo\/image\/\"},\"sameAs\":[\"https:\/\/www.facebook.com\/ChampMarket\/\",\"https:\/\/x.com\/champmarket\",\"https:\/\/www.instagram.com\/champmarket.paris\/\",\"https:\/\/www.pinterest.fr\/champmarketparis\/\",\"https:\/\/www.linkedin.com\/company\/champmarket\/\"]}]}<\/script>\n<!-- \/ Yoast SEO plugin. -->","yoast_head_json":{"title":"Piper-Heidsieck Edizione Speciale 1971 Bottiglia (Copie) - Champmarket","description":"Piper-Heidsieck EDIZIONE SPECIALE 1971 \u00e8 un tesoro di Champagne che inaugura una nuova collezione. Vengono prodotte solo 2021 bottiglie.","robots":{"index":"index","follow":"follow","max-snippet":"max-snippet:-1","max-image-preview":"max-image-preview:large","max-video-preview":"max-video-preview:-1"},"canonical":"https:\/\/www.champmarket.com\/it\/champagne\/piper-heidsieck-edizione-speciale-1971-bottiglia-copie\/","og_locale":"it_IT","og_type":"article","og_title":"Piper-Heidsieck Edizione Speciale 1971 Bottiglia (Copie) - Champmarket","og_description":"Piper-Heidsieck EDIZIONE SPECIALE 1971 \u00e8 un tesoro di Champagne che inaugura una nuova collezione. Vengono prodotte solo 2021 bottiglie.","og_url":"https:\/\/www.champmarket.com\/it\/champagne\/piper-heidsieck-edizione-speciale-1971-bottiglia-copie\/","og_site_name":"Champmarket","article_publisher":"https:\/\/www.facebook.com\/ChampMarket\/","article_modified_time":"2025-06-12T06:50:02+00:00","og_image":[{"width":1200,"height":1200,"url":"https:\/\/www.champmarket.com\/wp-content\/uploads\/2025\/06\/piper-heidsieck-hors-serie-coteaux-champenois-ay-2022-bouteille.webp","type":"image\/webp"}],"twitter_card":"summary_large_image","twitter_site":"@champmarket","twitter_misc":{"Tempo di lettura stimato":"1 minuto"},"schema":{"@context":"https:\/\/schema.org","@graph":[{"@type":"WebPage","@id":"https:\/\/www.champmarket.com\/it\/champagne\/piper-heidsieck-edizione-speciale-1971-bottiglia-copie\/","url":"https:\/\/www.champmarket.com\/it\/champagne\/piper-heidsieck-edizione-speciale-1971-bottiglia-copie\/","name":"Piper-Heidsieck Edizione Speciale 1971 Bottiglia (Copie) - Champmarket","isPartOf":{"@id":"https:\/\/www.champmarket.com\/#website"},"primaryImageOfPage":{"@id":"https:\/\/www.champmarket.com\/it\/champagne\/piper-heidsieck-edizione-speciale-1971-bottiglia-copie\/#primaryimage"},"image":{"@id":"https:\/\/www.champmarket.com\/it\/champagne\/piper-heidsieck-edizione-speciale-1971-bottiglia-copie\/#primaryimage"},"thumbnailUrl":"https:\/\/www.champmarket.com\/wp-content\/uploads\/2025\/06\/piper-heidsieck-hors-serie-coteaux-champenois-ay-2022-bouteille.webp","datePublished":"2025-06-11T14:55:57+00:00","dateModified":"2025-06-12T06:50:02+00:00","description":"Piper-Heidsieck EDIZIONE SPECIALE 1971 \u00e8 un tesoro di Champagne che inaugura una nuova collezione. Vengono prodotte solo 2021 bottiglie.","breadcrumb":{"@id":"https:\/\/www.champmarket.com\/it\/champagne\/piper-heidsieck-edizione-speciale-1971-bottiglia-copie\/#breadcrumb"},"inLanguage":"it-IT","potentialAction":[{"@type":"ReadAction","target":["https:\/\/www.champmarket.com\/it\/champagne\/piper-heidsieck-edizione-speciale-1971-bottiglia-copie\/"]}]},{"@type":"ImageObject","inLanguage":"it-IT","@id":"https:\/\/www.champmarket.com\/it\/champagne\/piper-heidsieck-edizione-speciale-1971-bottiglia-copie\/#primaryimage","url":"https:\/\/www.champmarket.com\/wp-content\/uploads\/2025\/06\/piper-heidsieck-hors-serie-coteaux-champenois-ay-2022-bouteille.webp","contentUrl":"https:\/\/www.champmarket.com\/wp-content\/uploads\/2025\/06\/piper-heidsieck-hors-serie-coteaux-champenois-ay-2022-bouteille.webp","width":1200,"height":1200,"caption":"Champagne Piper-Heidsieck Hors-S\u00e9rie Coteaux Champenois A\u00ff 2022 - Champmarket"},{"@type":"BreadcrumbList","@id":"https:\/\/www.champmarket.com\/it\/champagne\/piper-heidsieck-edizione-speciale-1971-bottiglia-copie\/#breadcrumb","itemListElement":[{"@type":"ListItem","position":1,"name":"Home","item":"https:\/\/www.champmarket.com\/it\/acquista-champagne-online-champmarket\/"},{"@type":"ListItem","position":2,"name":"Shop","item":"https:\/\/www.champmarket.com\/it\/shop\/"},{"@type":"ListItem","position":3,"name":"Piper-Heidsieck","item":"https:\/\/www.champmarket.com\/it\/maisons\/selection-champagne-piper-heidsieck-it\/"},{"@type":"ListItem","position":4,"name":"Piper-Heidsieck Edizione Speciale 1971 Bottiglia (Copie)"}]},{"@type":"WebSite","@id":"https:\/\/www.champmarket.com\/#website","url":"https:\/\/www.champmarket.com\/","name":"Champmarket","description":"Champmarket, Champagnes, Cadeaux et Art de Vivre","publisher":{"@id":"https:\/\/www.champmarket.com\/#organization"},"potentialAction":[{"@type":"SearchAction","target":{"@type":"EntryPoint","urlTemplate":"https:\/\/www.champmarket.com\/?s={search_term_string}"},"query-input":{"@type":"PropertyValueSpecification","valueRequired":true,"valueName":"search_term_string"}}],"inLanguage":"it-IT"},{"@type":"Organization","@id":"https:\/\/www.champmarket.com\/#organization","name":"Champmarket","url":"https:\/\/www.champmarket.com\/","logo":{"@type":"ImageObject","inLanguage":"it-IT","@id":"https:\/\/www.champmarket.com\/#\/schema\/logo\/image\/","url":"https:\/\/www.champmarket.com\/wp-content\/uploads\/2024\/08\/logo2024-1.svg","contentUrl":"https:\/\/www.champmarket.com\/wp-content\/uploads\/2024\/08\/logo2024-1.svg","width":579.8,"height":80,"caption":"Champmarket"},"image":{"@id":"https:\/\/www.champmarket.com\/#\/schema\/logo\/image\/"},"sameAs":["https:\/\/www.facebook.com\/ChampMarket\/","https:\/\/x.com\/champmarket","https:\/\/www.instagram.com\/champmarket.paris\/","https:\/\/www.pinterest.fr\/champmarketparis\/","https:\/\/www.linkedin.com\/company\/champmarket\/"]}]}},"_links":{"self":[{"href":"https:\/\/www.champmarket.com\/it\/wp-json\/wp\/v2\/product\/80439","targetHints":{"allow":["GET"]}}],"collection":[{"href":"https:\/\/www.champmarket.com\/it\/wp-json\/wp\/v2\/product"}],"about":[{"href":"https:\/\/www.champmarket.com\/it\/wp-json\/wp\/v2\/types\/product"}],"version-history":[{"count":1,"href":"https:\/\/www.champmarket.com\/it\/wp-json\/wp\/v2\/product\/80439\/revisions"}],"predecessor-version":[{"id":80493,"href":"https:\/\/www.champmarket.com\/it\/wp-json\/wp\/v2\/product\/80439\/revisions\/80493"}],"wp:featuredmedia":[{"embeddable":true,"href":"https:\/\/www.champmarket.com\/it\/wp-json\/wp\/v2\/media\/80490"}],"wp:attachment":[{"href":"https:\/\/www.champmarket.com\/it\/wp-json\/wp\/v2\/media?parent=80439"}],"wp:term":[{"taxonomy":"product_brand","embeddable":true,"href":"https:\/\/www.champmarket.com\/it\/wp-json\/wp\/v2\/product_brand?post=80439"},{"taxonomy":"product_cat","embeddable":true,"href":"https:\/\/www.champmarket.com\/it\/wp-json\/wp\/v2\/product_cat?post=80439"},{"taxonomy":"product_tag","embeddable":true,"href":"https:\/\/www.champmarket.com\/it\/wp-json\/wp\/v2\/product_tag?post=80439"}],"curies":[{"name":"wp","href":"https:\/\/api.w.org\/{rel}","templated":true}]}}