{"id":83103,"date":"2025-07-24T09:15:17","date_gmt":"2025-07-24T07:15:17","guid":{"rendered":"https:\/\/www.champmarket.com\/?post_type=product&#038;p=83103"},"modified":"2025-09-05T15:41:39","modified_gmt":"2025-09-05T13:41:39","slug":"charles-heidsieck-blanc-des-millenaires-2014-bottiglia-copie-copie-copie","status":"publish","type":"product","link":"https:\/\/www.champmarket.com\/it\/champagne\/charles-heidsieck-blanc-des-millenaires-2014-bottiglia-copie-copie-copie\/","title":{"rendered":"Charles Heidsieck Blanc des Mill\u00e9naires 2014 -bottiglia (Copie) (Copie) (Copie)"},"content":{"rendered":"<p>Charles Heidsieck \u00e8 stato un precursore nello sviluppo di miscele composte interamente da Chardonnay e ha mostrato molto presto interesse per questa categoria, i Blancs de Blancs, che all&#8217;epoca era ancora marginale.<\/p>\n<p>Charles Heidsieck Blanc des Mill\u00e9naires 2014, l&#8217;ottavo Vintage degli ultimi 40 anni, \u00e8 :<\/p>\n<p><strong>Una texture incomparabile. <\/strong>Maturit\u00e0, vivacit\u00e0 e potenziale di invecchiamento conferiscono a questo vino la sua inconfondibile complessit\u00e0 aromatica.<\/p>\n<p><strong>L&#8217;espressione estrema del tempo.<\/strong> Invecchiato per 9 anni nelle antiche cray\u00e8res da cui il vino prende il nome.<\/p>\n<p><strong>Il prodotto esclusivo dei grandi Chardonnay.<\/strong> 5 Grands Crus e 1 Premier Cru della C\u00f4te des Blancs, selezionati per la loro capacit\u00e0 di svilupparsi ed esprimere la loro ricchezza con la maturazione: Oger, Mesnil-sur-Oger, Avize, Cramant, Vertus.<\/p>\n","protected":false},"excerpt":{"rendered":"<p>Una rivelazione sottile e profonda della C\u00f4te des Blancs. Uno champagne intenso e radioso. &#8221; <em>La cuv\u00e9e Charles Heidsieck Blanc des Mill\u00e9naires 2014 esprime con intensit\u00e0 ed eleganza l&#8217;essenza del tempo per la Casa di Charles Heidsieck. Dieci anni di pazienza e l&#8217;esperienza di tre capi di Casa hanno dato forma a questo capolavoro della C\u00f4te des Blancs. Un viaggio nel tempo e nella consistenza, dai terroir gessosi alle nostre antiche cray\u00e8res.<\/em> &#8220;Elise Losfelt, responsabile della cantina<\/p>\n","protected":false},"featured_media":83519,"template":"","meta":{"_acf_changed":false},"product_brand":[],"product_cat":[3366,3317,3307,2387,2392,2238,2776,2775,2370,2225,2375,2223,2224],"product_tag":[2240,2248,2245,2255,2229,2232],"class_list":{"0":"post-83103","1":"product","2":"type-product","3":"status-publish","4":"has-post-thumbnail","6":"maisons-selection-champagne-charles-heidsieck-it","7":"product_cat-champagne-di-natale","8":"product_cat-i-migliori-champagne","9":"product_cat-tutti-gli-champagne-e-i-set-regalo-esclusivi","10":"product_cat-categorie-maisons-de-champagne-it","11":"product_cat-categorie-charles-heidsieck-it","12":"product_cat-bouteilles-it","13":"product_cat-nuovi-prodotti-it","14":"product_cat-tutti-gli-champagne","15":"product_cat-champagne-blanc-de-blancs-it","16":"product_cat-champagne-millesime-it","17":"product_cat-champagne-prestige-it","18":"product_cat-aperitif-it","19":"product_cat-repas-it","20":"product_tag-100-chardonnay-it","21":"product_tag-haute-couture-it","22":"product_tag-fruits-de-mer-it","23":"product_tag-pour-offrir-it","24":"product_tag-per-un-pasto-con-champagne","25":"product_tag-vintage-it","27":"first","28":"instock","29":"taxable","30":"shipping-taxable","31":"purchasable","32":"product-type-simple"},"acf":[],"yoast_head":"<!-- This site is optimized with the Yoast SEO plugin v26.4 - https:\/\/yoast.com\/wordpress\/plugins\/seo\/ -->\n<title>Charles Heidsieck Blanc des Mill\u00e9naires 2014 -bottiglia (Copie) (Copie) (Copie) - Champmarket<\/title>\n<meta name=\"description\" content=\"Charles Heidsieck Blanc des Mill\u00e9naires 2014 esprime con intensit\u00e0 ed eleganza l&#039;essenza del tempo per la Casa di Charles Heidsieck. Dieci anni di pazienza...\" \/>\n<meta name=\"robots\" content=\"index, follow, max-snippet:-1, max-image-preview:large, max-video-preview:-1\" \/>\n<link rel=\"canonical\" href=\"https:\/\/www.champmarket.com\/it\/champagne\/charles-heidsieck-blanc-des-millenaires-2014-bottiglia-copie-copie-copie\/\" \/>\n<meta property=\"og:locale\" content=\"it_IT\" \/>\n<meta property=\"og:type\" content=\"article\" \/>\n<meta property=\"og:title\" content=\"Charles Heidsieck Blanc des Mill\u00e9naires 2014 -bottiglia (Copie) (Copie) (Copie) - Champmarket\" \/>\n<meta property=\"og:description\" content=\"Charles Heidsieck Blanc des Mill\u00e9naires 2014 esprime con intensit\u00e0 ed eleganza l&#039;essenza del tempo per la Casa di Charles Heidsieck. Dieci anni di pazienza...\" \/>\n<meta property=\"og:url\" content=\"https:\/\/www.champmarket.com\/it\/champagne\/charles-heidsieck-blanc-des-millenaires-2014-bottiglia-copie-copie-copie\/\" \/>\n<meta property=\"og:site_name\" content=\"Champmarket\" \/>\n<meta property=\"article:publisher\" content=\"https:\/\/www.facebook.com\/ChampMarket\/\" \/>\n<meta property=\"article:modified_time\" content=\"2025-09-05T13:41:39+00:00\" \/>\n<meta property=\"og:image\" content=\"https:\/\/www.champmarket.com\/wp-content\/uploads\/2025\/07\/Charles-Heidsieck-blanc-des-millenaires-1985-bouteille-coffret.webp\" \/>\n\t<meta property=\"og:image:width\" content=\"1200\" \/>\n\t<meta property=\"og:image:height\" content=\"1200\" \/>\n\t<meta property=\"og:image:type\" content=\"image\/webp\" \/>\n<meta name=\"twitter:card\" content=\"summary_large_image\" \/>\n<meta name=\"twitter:site\" content=\"@champmarket\" \/>\n<meta name=\"twitter:label1\" content=\"Tempo di lettura stimato\" \/>\n\t<meta name=\"twitter:data1\" content=\"1 minuto\" \/>\n<script type=\"application\/ld+json\" class=\"yoast-schema-graph\">{\"@context\":\"https:\/\/schema.org\",\"@graph\":[{\"@type\":\"WebPage\",\"@id\":\"https:\/\/www.champmarket.com\/it\/champagne\/charles-heidsieck-blanc-des-millenaires-2014-bottiglia-copie-copie-copie\/\",\"url\":\"https:\/\/www.champmarket.com\/it\/champagne\/charles-heidsieck-blanc-des-millenaires-2014-bottiglia-copie-copie-copie\/\",\"name\":\"Charles Heidsieck Blanc des Mill\u00e9naires 2014 -bottiglia (Copie) (Copie) (Copie) - Champmarket\",\"isPartOf\":{\"@id\":\"https:\/\/www.champmarket.com\/#website\"},\"primaryImageOfPage\":{\"@id\":\"https:\/\/www.champmarket.com\/it\/champagne\/charles-heidsieck-blanc-des-millenaires-2014-bottiglia-copie-copie-copie\/#primaryimage\"},\"image\":{\"@id\":\"https:\/\/www.champmarket.com\/it\/champagne\/charles-heidsieck-blanc-des-millenaires-2014-bottiglia-copie-copie-copie\/#primaryimage\"},\"thumbnailUrl\":\"https:\/\/www.champmarket.com\/wp-content\/uploads\/2025\/07\/Charles-Heidsieck-blanc-des-millenaires-1985-bouteille-coffret.webp\",\"datePublished\":\"2025-07-24T07:15:17+00:00\",\"dateModified\":\"2025-09-05T13:41:39+00:00\",\"description\":\"Charles Heidsieck Blanc des Mill\u00e9naires 2014 esprime con intensit\u00e0 ed eleganza l'essenza del tempo per la Casa di Charles Heidsieck. Dieci anni di pazienza...\",\"breadcrumb\":{\"@id\":\"https:\/\/www.champmarket.com\/it\/champagne\/charles-heidsieck-blanc-des-millenaires-2014-bottiglia-copie-copie-copie\/#breadcrumb\"},\"inLanguage\":\"it-IT\",\"potentialAction\":[{\"@type\":\"ReadAction\",\"target\":[\"https:\/\/www.champmarket.com\/it\/champagne\/charles-heidsieck-blanc-des-millenaires-2014-bottiglia-copie-copie-copie\/\"]}]},{\"@type\":\"ImageObject\",\"inLanguage\":\"it-IT\",\"@id\":\"https:\/\/www.champmarket.com\/it\/champagne\/charles-heidsieck-blanc-des-millenaires-2014-bottiglia-copie-copie-copie\/#primaryimage\",\"url\":\"https:\/\/www.champmarket.com\/wp-content\/uploads\/2025\/07\/Charles-Heidsieck-blanc-des-millenaires-1985-bouteille-coffret.webp\",\"contentUrl\":\"https:\/\/www.champmarket.com\/wp-content\/uploads\/2025\/07\/Charles-Heidsieck-blanc-des-millenaires-1985-bouteille-coffret.webp\",\"width\":1200,\"height\":1200,\"caption\":\"Champagne Charles Heidsieck Blanc des Mill\u00e9naires 1985 avec coffret sur Champmarket\"},{\"@type\":\"BreadcrumbList\",\"@id\":\"https:\/\/www.champmarket.com\/it\/champagne\/charles-heidsieck-blanc-des-millenaires-2014-bottiglia-copie-copie-copie\/#breadcrumb\",\"itemListElement\":[{\"@type\":\"ListItem\",\"position\":1,\"name\":\"Home\",\"item\":\"https:\/\/www.champmarket.com\/it\/acquista-champagne-online-champmarket\/\"},{\"@type\":\"ListItem\",\"position\":2,\"name\":\"Shop\",\"item\":\"https:\/\/www.champmarket.com\/it\/shop\/\"},{\"@type\":\"ListItem\",\"position\":3,\"name\":\"Charles Heidsieck\",\"item\":\"https:\/\/www.champmarket.com\/it\/maisons\/selection-champagne-charles-heidsieck-it\/\"},{\"@type\":\"ListItem\",\"position\":4,\"name\":\"Charles Heidsieck Blanc des Mill\u00e9naires 2014 -bottiglia (Copie) (Copie) (Copie)\"}]},{\"@type\":\"WebSite\",\"@id\":\"https:\/\/www.champmarket.com\/#website\",\"url\":\"https:\/\/www.champmarket.com\/\",\"name\":\"Champmarket\",\"description\":\"Champmarket, Champagnes, Cadeaux et Art de Vivre\",\"publisher\":{\"@id\":\"https:\/\/www.champmarket.com\/#organization\"},\"potentialAction\":[{\"@type\":\"SearchAction\",\"target\":{\"@type\":\"EntryPoint\",\"urlTemplate\":\"https:\/\/www.champmarket.com\/?s={search_term_string}\"},\"query-input\":{\"@type\":\"PropertyValueSpecification\",\"valueRequired\":true,\"valueName\":\"search_term_string\"}}],\"inLanguage\":\"it-IT\"},{\"@type\":\"Organization\",\"@id\":\"https:\/\/www.champmarket.com\/#organization\",\"name\":\"Champmarket\",\"url\":\"https:\/\/www.champmarket.com\/\",\"logo\":{\"@type\":\"ImageObject\",\"inLanguage\":\"it-IT\",\"@id\":\"https:\/\/www.champmarket.com\/#\/schema\/logo\/image\/\",\"url\":\"https:\/\/www.champmarket.com\/wp-content\/uploads\/2024\/08\/logo2024-1.svg\",\"contentUrl\":\"https:\/\/www.champmarket.com\/wp-content\/uploads\/2024\/08\/logo2024-1.svg\",\"width\":579.8,\"height\":80,\"caption\":\"Champmarket\"},\"image\":{\"@id\":\"https:\/\/www.champmarket.com\/#\/schema\/logo\/image\/\"},\"sameAs\":[\"https:\/\/www.facebook.com\/ChampMarket\/\",\"https:\/\/x.com\/champmarket\",\"https:\/\/www.instagram.com\/champmarket.paris\/\",\"https:\/\/www.pinterest.fr\/champmarketparis\/\",\"https:\/\/www.linkedin.com\/company\/champmarket\/\"]}]}<\/script>\n<!-- \/ Yoast SEO plugin. -->","yoast_head_json":{"title":"Charles Heidsieck Blanc des Mill\u00e9naires 2014 -bottiglia (Copie) (Copie) (Copie) - Champmarket","description":"Charles Heidsieck Blanc des Mill\u00e9naires 2014 esprime con intensit\u00e0 ed eleganza l'essenza del tempo per la Casa di Charles Heidsieck. Dieci anni di pazienza...","robots":{"index":"index","follow":"follow","max-snippet":"max-snippet:-1","max-image-preview":"max-image-preview:large","max-video-preview":"max-video-preview:-1"},"canonical":"https:\/\/www.champmarket.com\/it\/champagne\/charles-heidsieck-blanc-des-millenaires-2014-bottiglia-copie-copie-copie\/","og_locale":"it_IT","og_type":"article","og_title":"Charles Heidsieck Blanc des Mill\u00e9naires 2014 -bottiglia (Copie) (Copie) (Copie) - Champmarket","og_description":"Charles Heidsieck Blanc des Mill\u00e9naires 2014 esprime con intensit\u00e0 ed eleganza l'essenza del tempo per la Casa di Charles Heidsieck. Dieci anni di pazienza...","og_url":"https:\/\/www.champmarket.com\/it\/champagne\/charles-heidsieck-blanc-des-millenaires-2014-bottiglia-copie-copie-copie\/","og_site_name":"Champmarket","article_publisher":"https:\/\/www.facebook.com\/ChampMarket\/","article_modified_time":"2025-09-05T13:41:39+00:00","og_image":[{"width":1200,"height":1200,"url":"https:\/\/www.champmarket.com\/wp-content\/uploads\/2025\/07\/Charles-Heidsieck-blanc-des-millenaires-1985-bouteille-coffret.webp","type":"image\/webp"}],"twitter_card":"summary_large_image","twitter_site":"@champmarket","twitter_misc":{"Tempo di lettura stimato":"1 minuto"},"schema":{"@context":"https:\/\/schema.org","@graph":[{"@type":"WebPage","@id":"https:\/\/www.champmarket.com\/it\/champagne\/charles-heidsieck-blanc-des-millenaires-2014-bottiglia-copie-copie-copie\/","url":"https:\/\/www.champmarket.com\/it\/champagne\/charles-heidsieck-blanc-des-millenaires-2014-bottiglia-copie-copie-copie\/","name":"Charles Heidsieck Blanc des Mill\u00e9naires 2014 -bottiglia (Copie) (Copie) (Copie) - Champmarket","isPartOf":{"@id":"https:\/\/www.champmarket.com\/#website"},"primaryImageOfPage":{"@id":"https:\/\/www.champmarket.com\/it\/champagne\/charles-heidsieck-blanc-des-millenaires-2014-bottiglia-copie-copie-copie\/#primaryimage"},"image":{"@id":"https:\/\/www.champmarket.com\/it\/champagne\/charles-heidsieck-blanc-des-millenaires-2014-bottiglia-copie-copie-copie\/#primaryimage"},"thumbnailUrl":"https:\/\/www.champmarket.com\/wp-content\/uploads\/2025\/07\/Charles-Heidsieck-blanc-des-millenaires-1985-bouteille-coffret.webp","datePublished":"2025-07-24T07:15:17+00:00","dateModified":"2025-09-05T13:41:39+00:00","description":"Charles Heidsieck Blanc des Mill\u00e9naires 2014 esprime con intensit\u00e0 ed eleganza l'essenza del tempo per la Casa di Charles Heidsieck. Dieci anni di pazienza...","breadcrumb":{"@id":"https:\/\/www.champmarket.com\/it\/champagne\/charles-heidsieck-blanc-des-millenaires-2014-bottiglia-copie-copie-copie\/#breadcrumb"},"inLanguage":"it-IT","potentialAction":[{"@type":"ReadAction","target":["https:\/\/www.champmarket.com\/it\/champagne\/charles-heidsieck-blanc-des-millenaires-2014-bottiglia-copie-copie-copie\/"]}]},{"@type":"ImageObject","inLanguage":"it-IT","@id":"https:\/\/www.champmarket.com\/it\/champagne\/charles-heidsieck-blanc-des-millenaires-2014-bottiglia-copie-copie-copie\/#primaryimage","url":"https:\/\/www.champmarket.com\/wp-content\/uploads\/2025\/07\/Charles-Heidsieck-blanc-des-millenaires-1985-bouteille-coffret.webp","contentUrl":"https:\/\/www.champmarket.com\/wp-content\/uploads\/2025\/07\/Charles-Heidsieck-blanc-des-millenaires-1985-bouteille-coffret.webp","width":1200,"height":1200,"caption":"Champagne Charles Heidsieck Blanc des Mill\u00e9naires 1985 avec coffret sur Champmarket"},{"@type":"BreadcrumbList","@id":"https:\/\/www.champmarket.com\/it\/champagne\/charles-heidsieck-blanc-des-millenaires-2014-bottiglia-copie-copie-copie\/#breadcrumb","itemListElement":[{"@type":"ListItem","position":1,"name":"Home","item":"https:\/\/www.champmarket.com\/it\/acquista-champagne-online-champmarket\/"},{"@type":"ListItem","position":2,"name":"Shop","item":"https:\/\/www.champmarket.com\/it\/shop\/"},{"@type":"ListItem","position":3,"name":"Charles Heidsieck","item":"https:\/\/www.champmarket.com\/it\/maisons\/selection-champagne-charles-heidsieck-it\/"},{"@type":"ListItem","position":4,"name":"Charles Heidsieck Blanc des Mill\u00e9naires 2014 -bottiglia (Copie) (Copie) (Copie)"}]},{"@type":"WebSite","@id":"https:\/\/www.champmarket.com\/#website","url":"https:\/\/www.champmarket.com\/","name":"Champmarket","description":"Champmarket, Champagnes, Cadeaux et Art de Vivre","publisher":{"@id":"https:\/\/www.champmarket.com\/#organization"},"potentialAction":[{"@type":"SearchAction","target":{"@type":"EntryPoint","urlTemplate":"https:\/\/www.champmarket.com\/?s={search_term_string}"},"query-input":{"@type":"PropertyValueSpecification","valueRequired":true,"valueName":"search_term_string"}}],"inLanguage":"it-IT"},{"@type":"Organization","@id":"https:\/\/www.champmarket.com\/#organization","name":"Champmarket","url":"https:\/\/www.champmarket.com\/","logo":{"@type":"ImageObject","inLanguage":"it-IT","@id":"https:\/\/www.champmarket.com\/#\/schema\/logo\/image\/","url":"https:\/\/www.champmarket.com\/wp-content\/uploads\/2024\/08\/logo2024-1.svg","contentUrl":"https:\/\/www.champmarket.com\/wp-content\/uploads\/2024\/08\/logo2024-1.svg","width":579.8,"height":80,"caption":"Champmarket"},"image":{"@id":"https:\/\/www.champmarket.com\/#\/schema\/logo\/image\/"},"sameAs":["https:\/\/www.facebook.com\/ChampMarket\/","https:\/\/x.com\/champmarket","https:\/\/www.instagram.com\/champmarket.paris\/","https:\/\/www.pinterest.fr\/champmarketparis\/","https:\/\/www.linkedin.com\/company\/champmarket\/"]}]}},"_links":{"self":[{"href":"https:\/\/www.champmarket.com\/it\/wp-json\/wp\/v2\/product\/83103","targetHints":{"allow":["GET"]}}],"collection":[{"href":"https:\/\/www.champmarket.com\/it\/wp-json\/wp\/v2\/product"}],"about":[{"href":"https:\/\/www.champmarket.com\/it\/wp-json\/wp\/v2\/types\/product"}],"version-history":[{"count":1,"href":"https:\/\/www.champmarket.com\/it\/wp-json\/wp\/v2\/product\/83103\/revisions"}],"predecessor-version":[{"id":83528,"href":"https:\/\/www.champmarket.com\/it\/wp-json\/wp\/v2\/product\/83103\/revisions\/83528"}],"wp:featuredmedia":[{"embeddable":true,"href":"https:\/\/www.champmarket.com\/it\/wp-json\/wp\/v2\/media\/83519"}],"wp:attachment":[{"href":"https:\/\/www.champmarket.com\/it\/wp-json\/wp\/v2\/media?parent=83103"}],"wp:term":[{"taxonomy":"product_brand","embeddable":true,"href":"https:\/\/www.champmarket.com\/it\/wp-json\/wp\/v2\/product_brand?post=83103"},{"taxonomy":"product_cat","embeddable":true,"href":"https:\/\/www.champmarket.com\/it\/wp-json\/wp\/v2\/product_cat?post=83103"},{"taxonomy":"product_tag","embeddable":true,"href":"https:\/\/www.champmarket.com\/it\/wp-json\/wp\/v2\/product_tag?post=83103"}],"curies":[{"name":"wp","href":"https:\/\/api.w.org\/{rel}","templated":true}]}}