{"id":84584,"date":"2025-11-20T15:23:41","date_gmt":"2025-11-20T14:23:41","guid":{"rendered":"https:\/\/www.champmarket.com\/?post_type=product&#038;p=84584"},"modified":"2025-11-20T15:37:56","modified_gmt":"2025-11-20T14:37:56","slug":"drappier-carte-dor-bottiglia-copie-copie-copie-copie-3","status":"publish","type":"product","link":"https:\/\/www.champmarket.com\/it\/champagne\/drappier-carte-dor-bottiglia-copie-copie-copie-copie-3\/","title":{"rendered":"Drappier Carte d&#8217;Or -bottiglia (Copie) (Copie) (Copie) (Copie)"},"content":{"rendered":"<p>Il cuv\u00e9e Carte d&#8217;Or \u00e8 l&#8217;espressione stessa dello stile Drappier: potenza, complessit\u00e0 e freschezza. La cuv\u00e9es Carte d&#8217;Or \u00e8 un blend con un&#8217;alta percentuale di uve Pinot Noir, che offre uno champagne espressivo e ricco di bouquet.<\/p>\n","protected":false},"excerpt":{"rendered":"<p>Drappier Carte d&#8217;Or \u00e8 l&#8217;espressione stessa dello stile Drappier: potenza, complessit\u00e0 e freschezza che offrono uno champagne di grande ricchezza aromatica.<\/p>\n","protected":false},"featured_media":84591,"template":"","meta":{"_acf_changed":false},"product_brand":[],"product_cat":[3448,2387,2238,2776,2775,2370,2223,2222,2224],"product_tag":[2240,2228,2231,2229],"class_list":{"0":"post-84584","1":"product","2":"type-product","3":"status-publish","4":"has-post-thumbnail","6":"product_cat-per-i-tuoi-eventi-aziendali-cocktail-party-e-funzioni-private","7":"product_cat-categorie-maisons-de-champagne-it","8":"product_cat-bouteilles-it","9":"product_cat-nuovi-prodotti-it","10":"product_cat-tutti-gli-champagne","11":"product_cat-champagne-blanc-de-blancs-it","12":"product_cat-aperitif-it","13":"product_cat-evenement-cocktail-it","14":"product_cat-repas-it","15":"product_tag-100-chardonnay-it","16":"product_tag-aperitif-it","17":"product_tag-cocktail-event-it","18":"product_tag-per-un-pasto-con-champagne","20":"first","21":"instock","22":"taxable","23":"shipping-taxable","24":"purchasable","25":"product-type-simple"},"acf":[],"yoast_head":"<!-- This site is optimized with the Yoast SEO plugin v26.4 - https:\/\/yoast.com\/wordpress\/plugins\/seo\/ -->\n<title>Drappier Carte d&#039;Or -bottiglia (Copie) (Copie) (Copie) (Copie) - Champmarket<\/title>\n<meta name=\"description\" content=\"Drappier Carte d&#039;Or \u00e8 l&#039;espressione stessa dello stile Drappier: potenza, complessit\u00e0 e freschezza che offrono uno champagne di grande ricchezza aromatica.\" \/>\n<meta name=\"robots\" content=\"index, follow, max-snippet:-1, max-image-preview:large, max-video-preview:-1\" \/>\n<link rel=\"canonical\" href=\"https:\/\/www.champmarket.com\/it\/champagne\/drappier-carte-dor-bottiglia-copie-copie-copie-copie-3\/\" \/>\n<meta property=\"og:locale\" content=\"it_IT\" \/>\n<meta property=\"og:type\" content=\"article\" \/>\n<meta property=\"og:title\" content=\"Drappier Carte d&#039;Or -bottiglia (Copie) (Copie) (Copie) (Copie) - Champmarket\" \/>\n<meta property=\"og:description\" content=\"Drappier Carte d&#039;Or \u00e8 l&#039;espressione stessa dello stile Drappier: potenza, complessit\u00e0 e freschezza che offrono uno champagne di grande ricchezza aromatica.\" \/>\n<meta property=\"og:url\" content=\"https:\/\/www.champmarket.com\/it\/champagne\/drappier-carte-dor-bottiglia-copie-copie-copie-copie-3\/\" \/>\n<meta property=\"og:site_name\" content=\"Champmarket\" \/>\n<meta property=\"article:publisher\" content=\"https:\/\/www.facebook.com\/ChampMarket\/\" \/>\n<meta property=\"article:modified_time\" content=\"2025-11-20T14:37:56+00:00\" \/>\n<meta property=\"og:image\" content=\"https:\/\/www.champmarket.com\/wp-content\/uploads\/2025\/11\/bouby-et-fils-blanc-de-blancs.jpg\" \/>\n\t<meta property=\"og:image:width\" content=\"1200\" \/>\n\t<meta property=\"og:image:height\" content=\"1200\" \/>\n\t<meta property=\"og:image:type\" content=\"image\/jpeg\" \/>\n<meta name=\"twitter:card\" content=\"summary_large_image\" \/>\n<meta name=\"twitter:site\" content=\"@champmarket\" \/>\n<script type=\"application\/ld+json\" class=\"yoast-schema-graph\">{\"@context\":\"https:\/\/schema.org\",\"@graph\":[{\"@type\":\"WebPage\",\"@id\":\"https:\/\/www.champmarket.com\/it\/champagne\/drappier-carte-dor-bottiglia-copie-copie-copie-copie-3\/\",\"url\":\"https:\/\/www.champmarket.com\/it\/champagne\/drappier-carte-dor-bottiglia-copie-copie-copie-copie-3\/\",\"name\":\"Drappier Carte d'Or -bottiglia (Copie) (Copie) (Copie) (Copie) - Champmarket\",\"isPartOf\":{\"@id\":\"https:\/\/www.champmarket.com\/#website\"},\"primaryImageOfPage\":{\"@id\":\"https:\/\/www.champmarket.com\/it\/champagne\/drappier-carte-dor-bottiglia-copie-copie-copie-copie-3\/#primaryimage\"},\"image\":{\"@id\":\"https:\/\/www.champmarket.com\/it\/champagne\/drappier-carte-dor-bottiglia-copie-copie-copie-copie-3\/#primaryimage\"},\"thumbnailUrl\":\"https:\/\/www.champmarket.com\/wp-content\/uploads\/2025\/11\/bouby-et-fils-blanc-de-blancs.jpg\",\"datePublished\":\"2025-11-20T14:23:41+00:00\",\"dateModified\":\"2025-11-20T14:37:56+00:00\",\"description\":\"Drappier Carte d'Or \u00e8 l'espressione stessa dello stile Drappier: potenza, complessit\u00e0 e freschezza che offrono uno champagne di grande ricchezza aromatica.\",\"breadcrumb\":{\"@id\":\"https:\/\/www.champmarket.com\/it\/champagne\/drappier-carte-dor-bottiglia-copie-copie-copie-copie-3\/#breadcrumb\"},\"inLanguage\":\"it-IT\",\"potentialAction\":[{\"@type\":\"ReadAction\",\"target\":[\"https:\/\/www.champmarket.com\/it\/champagne\/drappier-carte-dor-bottiglia-copie-copie-copie-copie-3\/\"]}]},{\"@type\":\"ImageObject\",\"inLanguage\":\"it-IT\",\"@id\":\"https:\/\/www.champmarket.com\/it\/champagne\/drappier-carte-dor-bottiglia-copie-copie-copie-copie-3\/#primaryimage\",\"url\":\"https:\/\/www.champmarket.com\/wp-content\/uploads\/2025\/11\/bouby-et-fils-blanc-de-blancs.jpg\",\"contentUrl\":\"https:\/\/www.champmarket.com\/wp-content\/uploads\/2025\/11\/bouby-et-fils-blanc-de-blancs.jpg\",\"width\":1200,\"height\":1200,\"caption\":\"Champagne Bouby & Fils\"},{\"@type\":\"BreadcrumbList\",\"@id\":\"https:\/\/www.champmarket.com\/it\/champagne\/drappier-carte-dor-bottiglia-copie-copie-copie-copie-3\/#breadcrumb\",\"itemListElement\":[{\"@type\":\"ListItem\",\"position\":1,\"name\":\"Home\",\"item\":\"https:\/\/www.champmarket.com\/it\/acquista-champagne-online-champmarket\/\"},{\"@type\":\"ListItem\",\"position\":2,\"name\":\"Shop\",\"item\":\"https:\/\/www.champmarket.com\/it\/shop\/\"},{\"@type\":\"ListItem\",\"position\":3,\"name\":\"Bouby &amp; Fils\",\"item\":\"https:\/\/www.champmarket.com\/maisons\/bouby-et-fils\/\"},{\"@type\":\"ListItem\",\"position\":4,\"name\":\"Drappier Carte d&#8217;Or -bottiglia (Copie) (Copie) (Copie) (Copie)\"}]},{\"@type\":\"WebSite\",\"@id\":\"https:\/\/www.champmarket.com\/#website\",\"url\":\"https:\/\/www.champmarket.com\/\",\"name\":\"Champmarket\",\"description\":\"Champmarket, Champagnes, Cadeaux et Art de Vivre\",\"publisher\":{\"@id\":\"https:\/\/www.champmarket.com\/#organization\"},\"potentialAction\":[{\"@type\":\"SearchAction\",\"target\":{\"@type\":\"EntryPoint\",\"urlTemplate\":\"https:\/\/www.champmarket.com\/?s={search_term_string}\"},\"query-input\":{\"@type\":\"PropertyValueSpecification\",\"valueRequired\":true,\"valueName\":\"search_term_string\"}}],\"inLanguage\":\"it-IT\"},{\"@type\":\"Organization\",\"@id\":\"https:\/\/www.champmarket.com\/#organization\",\"name\":\"Champmarket\",\"url\":\"https:\/\/www.champmarket.com\/\",\"logo\":{\"@type\":\"ImageObject\",\"inLanguage\":\"it-IT\",\"@id\":\"https:\/\/www.champmarket.com\/#\/schema\/logo\/image\/\",\"url\":\"https:\/\/www.champmarket.com\/wp-content\/uploads\/2024\/08\/logo2024-1.svg\",\"contentUrl\":\"https:\/\/www.champmarket.com\/wp-content\/uploads\/2024\/08\/logo2024-1.svg\",\"width\":579.8,\"height\":80,\"caption\":\"Champmarket\"},\"image\":{\"@id\":\"https:\/\/www.champmarket.com\/#\/schema\/logo\/image\/\"},\"sameAs\":[\"https:\/\/www.facebook.com\/ChampMarket\/\",\"https:\/\/x.com\/champmarket\",\"https:\/\/www.instagram.com\/champmarket.paris\/\",\"https:\/\/www.pinterest.fr\/champmarketparis\/\",\"https:\/\/www.linkedin.com\/company\/champmarket\/\"]}]}<\/script>\n<!-- \/ Yoast SEO plugin. -->","yoast_head_json":{"title":"Drappier Carte d'Or -bottiglia (Copie) (Copie) (Copie) (Copie) - Champmarket","description":"Drappier Carte d'Or \u00e8 l'espressione stessa dello stile Drappier: potenza, complessit\u00e0 e freschezza che offrono uno champagne di grande ricchezza aromatica.","robots":{"index":"index","follow":"follow","max-snippet":"max-snippet:-1","max-image-preview":"max-image-preview:large","max-video-preview":"max-video-preview:-1"},"canonical":"https:\/\/www.champmarket.com\/it\/champagne\/drappier-carte-dor-bottiglia-copie-copie-copie-copie-3\/","og_locale":"it_IT","og_type":"article","og_title":"Drappier Carte d'Or -bottiglia (Copie) (Copie) (Copie) (Copie) - Champmarket","og_description":"Drappier Carte d'Or \u00e8 l'espressione stessa dello stile Drappier: potenza, complessit\u00e0 e freschezza che offrono uno champagne di grande ricchezza aromatica.","og_url":"https:\/\/www.champmarket.com\/it\/champagne\/drappier-carte-dor-bottiglia-copie-copie-copie-copie-3\/","og_site_name":"Champmarket","article_publisher":"https:\/\/www.facebook.com\/ChampMarket\/","article_modified_time":"2025-11-20T14:37:56+00:00","og_image":[{"width":1200,"height":1200,"url":"https:\/\/www.champmarket.com\/wp-content\/uploads\/2025\/11\/bouby-et-fils-blanc-de-blancs.jpg","type":"image\/jpeg"}],"twitter_card":"summary_large_image","twitter_site":"@champmarket","schema":{"@context":"https:\/\/schema.org","@graph":[{"@type":"WebPage","@id":"https:\/\/www.champmarket.com\/it\/champagne\/drappier-carte-dor-bottiglia-copie-copie-copie-copie-3\/","url":"https:\/\/www.champmarket.com\/it\/champagne\/drappier-carte-dor-bottiglia-copie-copie-copie-copie-3\/","name":"Drappier Carte d'Or -bottiglia (Copie) (Copie) (Copie) (Copie) - Champmarket","isPartOf":{"@id":"https:\/\/www.champmarket.com\/#website"},"primaryImageOfPage":{"@id":"https:\/\/www.champmarket.com\/it\/champagne\/drappier-carte-dor-bottiglia-copie-copie-copie-copie-3\/#primaryimage"},"image":{"@id":"https:\/\/www.champmarket.com\/it\/champagne\/drappier-carte-dor-bottiglia-copie-copie-copie-copie-3\/#primaryimage"},"thumbnailUrl":"https:\/\/www.champmarket.com\/wp-content\/uploads\/2025\/11\/bouby-et-fils-blanc-de-blancs.jpg","datePublished":"2025-11-20T14:23:41+00:00","dateModified":"2025-11-20T14:37:56+00:00","description":"Drappier Carte d'Or \u00e8 l'espressione stessa dello stile Drappier: potenza, complessit\u00e0 e freschezza che offrono uno champagne di grande ricchezza aromatica.","breadcrumb":{"@id":"https:\/\/www.champmarket.com\/it\/champagne\/drappier-carte-dor-bottiglia-copie-copie-copie-copie-3\/#breadcrumb"},"inLanguage":"it-IT","potentialAction":[{"@type":"ReadAction","target":["https:\/\/www.champmarket.com\/it\/champagne\/drappier-carte-dor-bottiglia-copie-copie-copie-copie-3\/"]}]},{"@type":"ImageObject","inLanguage":"it-IT","@id":"https:\/\/www.champmarket.com\/it\/champagne\/drappier-carte-dor-bottiglia-copie-copie-copie-copie-3\/#primaryimage","url":"https:\/\/www.champmarket.com\/wp-content\/uploads\/2025\/11\/bouby-et-fils-blanc-de-blancs.jpg","contentUrl":"https:\/\/www.champmarket.com\/wp-content\/uploads\/2025\/11\/bouby-et-fils-blanc-de-blancs.jpg","width":1200,"height":1200,"caption":"Champagne Bouby & Fils"},{"@type":"BreadcrumbList","@id":"https:\/\/www.champmarket.com\/it\/champagne\/drappier-carte-dor-bottiglia-copie-copie-copie-copie-3\/#breadcrumb","itemListElement":[{"@type":"ListItem","position":1,"name":"Home","item":"https:\/\/www.champmarket.com\/it\/acquista-champagne-online-champmarket\/"},{"@type":"ListItem","position":2,"name":"Shop","item":"https:\/\/www.champmarket.com\/it\/shop\/"},{"@type":"ListItem","position":3,"name":"Bouby &amp; Fils","item":"https:\/\/www.champmarket.com\/maisons\/bouby-et-fils\/"},{"@type":"ListItem","position":4,"name":"Drappier Carte d&#8217;Or -bottiglia (Copie) (Copie) (Copie) (Copie)"}]},{"@type":"WebSite","@id":"https:\/\/www.champmarket.com\/#website","url":"https:\/\/www.champmarket.com\/","name":"Champmarket","description":"Champmarket, Champagnes, Cadeaux et Art de Vivre","publisher":{"@id":"https:\/\/www.champmarket.com\/#organization"},"potentialAction":[{"@type":"SearchAction","target":{"@type":"EntryPoint","urlTemplate":"https:\/\/www.champmarket.com\/?s={search_term_string}"},"query-input":{"@type":"PropertyValueSpecification","valueRequired":true,"valueName":"search_term_string"}}],"inLanguage":"it-IT"},{"@type":"Organization","@id":"https:\/\/www.champmarket.com\/#organization","name":"Champmarket","url":"https:\/\/www.champmarket.com\/","logo":{"@type":"ImageObject","inLanguage":"it-IT","@id":"https:\/\/www.champmarket.com\/#\/schema\/logo\/image\/","url":"https:\/\/www.champmarket.com\/wp-content\/uploads\/2024\/08\/logo2024-1.svg","contentUrl":"https:\/\/www.champmarket.com\/wp-content\/uploads\/2024\/08\/logo2024-1.svg","width":579.8,"height":80,"caption":"Champmarket"},"image":{"@id":"https:\/\/www.champmarket.com\/#\/schema\/logo\/image\/"},"sameAs":["https:\/\/www.facebook.com\/ChampMarket\/","https:\/\/x.com\/champmarket","https:\/\/www.instagram.com\/champmarket.paris\/","https:\/\/www.pinterest.fr\/champmarketparis\/","https:\/\/www.linkedin.com\/company\/champmarket\/"]}]}},"_links":{"self":[{"href":"https:\/\/www.champmarket.com\/it\/wp-json\/wp\/v2\/product\/84584","targetHints":{"allow":["GET"]}}],"collection":[{"href":"https:\/\/www.champmarket.com\/it\/wp-json\/wp\/v2\/product"}],"about":[{"href":"https:\/\/www.champmarket.com\/it\/wp-json\/wp\/v2\/types\/product"}],"version-history":[{"count":1,"href":"https:\/\/www.champmarket.com\/it\/wp-json\/wp\/v2\/product\/84584\/revisions"}],"predecessor-version":[{"id":84594,"href":"https:\/\/www.champmarket.com\/it\/wp-json\/wp\/v2\/product\/84584\/revisions\/84594"}],"wp:featuredmedia":[{"embeddable":true,"href":"https:\/\/www.champmarket.com\/it\/wp-json\/wp\/v2\/media\/84591"}],"wp:attachment":[{"href":"https:\/\/www.champmarket.com\/it\/wp-json\/wp\/v2\/media?parent=84584"}],"wp:term":[{"taxonomy":"product_brand","embeddable":true,"href":"https:\/\/www.champmarket.com\/it\/wp-json\/wp\/v2\/product_brand?post=84584"},{"taxonomy":"product_cat","embeddable":true,"href":"https:\/\/www.champmarket.com\/it\/wp-json\/wp\/v2\/product_cat?post=84584"},{"taxonomy":"product_tag","embeddable":true,"href":"https:\/\/www.champmarket.com\/it\/wp-json\/wp\/v2\/product_tag?post=84584"}],"curies":[{"name":"wp","href":"https:\/\/api.w.org\/{rel}","templated":true}]}}