{"id":49764,"date":"2021-03-25T14:26:10","date_gmt":"2021-03-25T13:26:10","guid":{"rendered":"https:\/\/www.champmarket.com\/cookies\/"},"modified":"2023-03-16T13:32:50","modified_gmt":"2023-03-16T12:32:50","slug":"cookies","status":"publish","type":"page","link":"https:\/\/www.champmarket.com\/nl\/cookies\/","title":{"rendered":"Cookiebeleid"},"content":{"rendered":"\t\t<div data-elementor-type=\"wp-page\" data-elementor-id=\"49764\" class=\"elementor elementor-49764 elementor-21499\" data-elementor-post-type=\"page\">\n\t\t\t\t<div class=\"elementor-element elementor-element-41491609 e-flex e-con-boxed e-con e-parent\" data-id=\"41491609\" data-element_type=\"container\" data-settings=\"{&quot;background_background&quot;:&quot;classic&quot;}\">\n\t\t\t\t\t<div class=\"e-con-inner\">\n\t\t<div class=\"elementor-element elementor-element-700f0ee4 e-con-full e-flex e-con e-parent\" data-id=\"700f0ee4\" data-element_type=\"container\" data-settings=\"{&quot;background_background&quot;:&quot;classic&quot;}\">\n\t\t\t\t<div class=\"elementor-element elementor-element-4d2870b elementor-widget elementor-widget-heading\" data-id=\"4d2870b\" data-element_type=\"widget\" data-widget_type=\"heading.default\">\n\t\t\t\t<div class=\"elementor-widget-container\">\n\t\t\t\t\t<h1 class=\"elementor-heading-title elementor-size-default\">Cookiesbeleid<\/h1>\t\t\t\t<\/div>\n\t\t\t\t<\/div>\n\t\t\t\t<\/div>\n\t\t\t\t\t<\/div>\n\t\t\t\t<\/div>\n\t\t<div class=\"elementor-element elementor-element-ef49d8b e-flex e-con-boxed e-con e-parent\" data-id=\"ef49d8b\" data-element_type=\"container\">\n\t\t\t\t\t<div class=\"e-con-inner\">\n\t\t<div class=\"elementor-element elementor-element-58900dd e-con-full e-flex e-con e-parent\" data-id=\"58900dd\" data-element_type=\"container\">\n\t\t\t\t<div class=\"elementor-element elementor-element-80a6946 elementor-widget elementor-widget-text-editor\" data-id=\"80a6946\" data-element_type=\"widget\" data-widget_type=\"text-editor.default\">\n\t\t\t\t<div class=\"elementor-widget-container\">\n\t\t\t\t\t\t\t\t\t<p><strong style=\"font-size: 1rem; font-family: Montserrat, sans-serif;\">Voorwoord<\/strong><\/p>\n<p>Dit Cookies Management Beleid is bedoeld voor gebruikers (hierna de &#8220;GEBRUIKERS&#8221;) van de website <a href=\"https:\/\/champmarket-wordpress-ejt1d.artifakt.dev\/\" target=\"_blank\" rel=\"noreferrer noopener\">https:\/\/www.champmarket.com\/<\/a> (hierna de &#8220;SITE&#8221;), d.w.z. elke persoon die de SITE bezoekt en er doorheen navigeert als Klant of als gewone internetgebruiker.<\/p>\n<p><span style=\"font-size: 1rem;\">Door de SITE te bezoeken, gaat u ermee akkoord dat de hieronder beschreven cookies op uw terminal worden geplaatst in overeenstemming met dit Cookie Management Beleid. U kunt uw toestemming echter te allen tijde intrekken en het plaatsen van een bepaalde cookies weigeren.<\/span><\/p>\n<p><span style=\"font-size: 1rem;\"> <\/span><\/p>\n<p><strong style=\"font-family: Montserrat, sans-serif; font-size: 1rem;\">1. Wie verzamelt mijn gegevens?<\/strong><\/p>\n<p><span style=\"font-size: 1rem;\">De verantwoordelijke voor de verwerking van de via de WEBSITE verzamelde gegevens van de GEBRUIKERS is AM&amp;Co, een Franse Soci\u00e9t\u00e9 par Action Simplifi\u00e9e (vereenvoudigde naamloze vennootschap) met een kapitaal van 42.855 euro, ingeschreven in het Handels- en vennootschapsregister van Parijs onder nummer 528 328 677, waarvan de maatschappelijke zetel gevestigd is te 47 Boulevard de Courcelles 75008 Parijs &#8211; Frankrijk, in de persoon van haar wettelijke vertegenwoordiger die gemachtigd is deze overeenkomst aan te gaan (hierna &#8220;AM&amp;Co (CHAMPMARKET)&#8221;, of &#8220;Wij&#8221;).<\/span><\/p>\n<p><span style=\"font-size: 1rem;\"> <\/span><\/p>\n<p><strong style=\"font-size: 1rem; font-family: Montserrat, sans-serif;\">2. Wat is een cookie?<\/strong><\/p>\n<p><span style=\"font-size: 1rem;\">Een cookie is een klein tekstbestand dat op de harde schijf van uw computer wordt geplaatst wanneer u een website bezoekt. Het registreert bepaalde informatie over uw surf- of onlinegedrag waarmee wij uw ervaring als internetgebruiker kunnen verbeteren en vergemakkelijken.<\/span><\/p>\n<p><span style=\"font-size: 1rem;\"> <\/span><\/p>\n<p><strong style=\"font-size: 1rem; font-family: Montserrat, sans-serif;\">3. Waar dienen cookies voor?<\/strong><\/p>\n<p><span style=\"font-size: 1rem;\">De cookies die op de SITE worden gebruikt, worden gebruikt om u te onderscheiden om uw navigatie en de diensten die wij u aanbieden te verbeteren. Wij maken onderscheid tussen twee soorten cookies: die welke door ons worden geplaatst, de zogenaamde &#8220;eigen cookies&#8221;, die essentieel of functioneel zijn; en die welke door derden worden geplaatst, de zogenaamde &#8220;cookies van derden&#8221;, die verband houden met publieksanalyse, reclame of sociale netwerken.<\/span><\/p>\n<p><span style=\"font-size: 1rem;\">In de praktijk stellen technische cookies ons in staat u te authenticeren, u te identificeren en uw navigatie op onze SITE en de toegang tot de verschillende functies ervan te versnellen. Zij kunnen, indien nodig, uw voorkeuren registreren of de verschillende vormen van gebruik van de SITE meten.<\/span><\/p>\n<p><span style=\"font-size: 1rem;\">Andere cookies en tracers voor publieksmeting kunnen worden gebruikt om statistieken over het publiek van onze SITE op te stellen, om u bij uw bezoek aan onze SITE steeds beter en comfortabeler te maken, en om u op basis van uw surfgedrag gerichte reclame en promotieaanbiedingen aan te bieden.<\/span><\/p>\n<p><span style=\"font-size: 1rem;\"> <\/span><\/p>\n<p><strong style=\"font-size: 1rem; font-family: Montserrat, sans-serif;\">4. De cookies van de site en hun doel<\/strong><\/p>\n<p><span style=\"font-size: 1rem;\">AM&amp;Co (CHAMPMARKET) streeft naar transparantie bij de verwerking van uw gegevens. In dit verband, en om ervoor te zorgen dat uw informatie zo duidelijk mogelijk is, vindt u hieronder de verschillende cookies die op de SITE worden gebruikt en hun doel:<\/span><\/p>\n<p><span style=\"font-size: 1rem;\">4.1. Eigen cookies<\/span><\/p>\n<p><span style=\"font-size: 1rem;\">4.1.a. Functionele en technische cookies worden voornamelijk gebruikt om uw surfervaring op de SITE te verbeteren. Zij sturen informatie naar onze SITE en naar uw browser: het onthouden van informatie met betrekking tot een formulier (identificatie, adres), de weergavevoorkeuren van uw terminal (taal, resolutie), veiligheidsmaatregelen zoals het aflopen van uw sessie, enz.<\/span><\/p>\n<p><span style=\"font-size: 1rem;\">Wij wijzen u erop dat de navigatie op de SITE en\/of het gebruik van bepaalde functionaliteiten kan worden gewijzigd als u ervoor kiest deze cookies te deactiveren.<\/span><\/p>\n<p>4.1.b. Technische cookies voor statistieken en publieksmeting helpen ons om beter te begrijpen hoe de SITE wordt gebruikt en om u kwaliteitsdiensten aan te bieden:<\/p>\n<p><i>Google Analytics<\/i><br \/>Deze cookies worden gebruikt om het verkeer op de website van Champmarket te meten. AM&amp;Co (CHAMPMARKET) informeert u dat het de diensten van Google Analytics gebruikt om het publiek van de SITE te meten. U kunt weigeren dat uw browsen op de SITE wordt gevolgd via de Google Analytics tool door het downloaden en installeren van de Google Analytics Opt-out Browser addon voor uw huidige browser op de SITE toegankelijk op het volgende adres: <u><a href=\"https:\/\/tools.google.com\/dlpage\/gaoptout?hl=fr.\" target=\"_blank\" rel=\"noreferrer noopener\">Klik hie<\/a> <a href=\"http:\/\/tools.google.com\/dlpage\/gaoptout?hl=fr.\" target=\"_blank\" rel=\"noreferrer noopener\">r<\/a><\/u><\/p>\n<p><span style=\"font-size: 1rem;\">Levensduur tot 13 maanden: <\/span><a style=\"font-size: 1rem; background-color: #ffffff;\" href=\"https:\/\/developers.google.com\/analytics\/devguides\/collection\/analyticsjs\/cookie-usage\" target=\"_blank\" rel=\"noreferrer noopener\"><u>Klik hier<\/u><\/a><\/p>\n<p><span style=\"font-size: 1rem;\">4.2. Cookies van derden<\/span><\/p>\n<p><span style=\"font-size: 1rem;\">Wanneer u de INTERNET SITE bezoekt, is het mogelijk dat partnerbedrijven cookies op uw terminal installeren.<\/span><\/p>\n<p><span style=\"font-size: 1rem;\">Het gebruik van deze cookies is onderworpen aan dezelfde beperkingen op de bescherming van persoonsgegevens die zijn vastgelegd in de wet &#8220;Informatique et Libert\u00e9s&#8221; n\u00b078-17 van 6 januari 1978, zoals gewijzigd, en de EU-verordening n\u00b02016\/679 van 27 april 2016 (hierna &#8220;GDPR&#8221;). In uw browserinstellingen kunt u deze cookies van derden alleen of samen met de onze uitschakelen. In het bijzonder zijn er :<\/span><\/p>\n<p><span style=\"font-size: 1rem;\">4.2.a. Cookies met betrekking tot reclameactiviteiten: Deze cookies worden gebruikt door reclameaanbieders op de SITE.<\/span><\/p>\n<p><span style=\"font-size: 1rem;\">Zij maken het mogelijk de geraadpleegde of gekochte diensten te identificeren en vergemakkelijken de personalisering van het reclameaanbod. De cookies in de advertenties zelf zijn bedoeld om informatie en statistieken te verstrekken over de relevantie van de levering ervan (aantal gebruikers dat op de advertentie klikt, aantal keren dat deze wordt weergegeven, enz.)<\/span><\/p>\n<p><span style=\"font-size: 1rem;\"><i>Facebook<\/i><\/span><\/p>\n<p>Ad server, Ad targeting, Analyse\/meting, Content personalisatie, Optimalisatie<br \/>Partnerbeleid : <a href=\"http:\/\/www.facebook.com\/about\/privacy\" target=\"_blank\" rel=\"noreferrer noopener\"><u>Klik hier<\/u><\/a><\/p>\n<p><span style=\"font-size: 1rem;\">4.2.b. Andere cookies van derden<\/span><\/p>\n<p><strong style=\"font-family: Montserrat, sans-serif; font-size: 1rem;\">5. Hoe kan ik cookies beheren?<\/strong><\/p>\n<p><span style=\"font-size: 1rem;\">Op uw computers, smartphones en andere internettoegangsterminals accepteert de browsersoftware standaard cookies van websites.<\/span><\/p>\n<p><span style=\"font-size: 1rem;\">U hebt echter nog steeds controle over de installatie van deze cookies, aangezien u uw browser kunt configureren om :<\/span><\/p>\n<ul>\n<li>Accepteer of weiger de cookies op de SITE;<\/li>\n<li>Systematisch alle cookies weigeren;<\/li>\n<li>Vraag uw toestemming voor elke cookie die u tijdens het surfen op internet tegenkomt.<\/li>\n<\/ul>\n<p><span style=\"font-size: 1rem;\">Raadpleeg hiervoor uw browsersoftware en volg de instructies. Bijvoorbeeld:<\/span><\/p>\n<ul>\n<li>Met Internet Explorer\u2122: menu Extra \u279b Internetopties \u279b Tabblad Privacy \u279b Kies het gewenste niveau<\/li>\n<\/ul>\n<ul>\n<li>Met Firefox\u2122: menu Extra \u279b Opties \u279b Tabblad Privacy \u279b Kies de gewenste opties<\/li>\n<\/ul>\n<ul>\n<li>Met Chrome\u2122: configuratiemenu (instellingenlogo) \u279b Instellingen \u279b Geavanceerde instellingen \u279b Inhoudsinstellingen \u279b Kies de gewenste opties<\/li>\n<\/ul>\n<ul>\n<li>Met Safari\u2122: Safari (logo-instellingen) \u279b Voorkeuren \u279b Beveiliging \u279b Cookies tonen \u279b Kies de gewenste opties<\/li>\n<\/ul>\n<ul>\n<li>Met Opera\u2122: menu Extra \u279b Voorkeuren \u279b tabblad Geavanceerd \u279b Cookies sectie \u279b Cookies beheren \u279b Kies de gewenste opties<\/li>\n<\/ul>\n<p><span style=\"font-size: 1rem;\">Zoals hierboven vermeld, informeren wij u dat het blokkeren van onze cookies de navigatie op de Site en\/of het gebruik van bepaalde functies kan belemmeren. Hoe dan ook, als u ervoor kiest om alle cookies te verwijderen, zal uw gebruikerservaring aanzienlijk worden be\u00efnvloed en zullen uw browservoorkeuren worden gewist.<\/span><\/p>\n<p><strong style=\"font-family: Montserrat, sans-serif; font-size: 1rem;\">6. Uw toestemming<\/strong><\/p>\n<p><span style=\"font-size: 1rem;\">Door de SITE te bezoeken, aanvaardt u dat AM&amp;Co (CHAMPMARKET) zogenaamde &#8220;technische&#8221; cookies installeert die toegang hebben tot informatie die in uw eindapparatuur is opgeslagen en deze informatie registreren en raadplegen:<\/span><\/p>\n<ul>\n<li>waarvan het enige doel is communicatie langs elektronische weg mogelijk te maken of te vergemakkelijken;<\/li>\n<li>Strikt noodzakelijk voor het verlenen van de online communicatiedienst van de SITE.<\/li>\n<\/ul>\n<p><span style=\"font-size: 1rem;\">Bij uw inschrijving op de SITE werd u eveneens ingelicht over de aanwezigheid van tracking cookies die met name bestemd zijn om u aanbiedingen te doen die aangepast zijn aan uw interessecentra en om bezoekstatistieken op te stellen, en over de mogelijkheid om u daartegen te verzetten door naar het huidige Cookie Management Beleid te gaan.<\/span><\/p>\n<p><span style=\"font-size: 1rem;\">In alle gevallen wordt u ge\u00efnformeerd over de doeleinden waarvoor uw gegevens door ons worden verzameld via de verschillende formulieren voor het online verzamelen van gegevens, uw klantenaccount of via ons Privacybeleid dat toegankelijk is op de volgende pagina: <\/span><a href=\"https:\/\/www.champmarket.com\/donnees-personnelles\/\"><u>Klik hier<\/u><\/a><\/p>\n<p><span style=\"font-size: 1rem;\">Als de browser het toelaat, kunt u deze cookies op elk moment deactiveren door de procedure te volgen die de browser aangeeft. AM&amp;Co (CHAMPMARKET) informeert u echter dat een dergelijke deactivering kan leiden tot vertraging en\/of verstoring van de toegang tot de SITE.<\/span><\/p>\n<p><strong style=\"font-family: Montserrat, sans-serif; font-size: 1rem;\">7. Uw rechten<\/strong><\/p>\n<p><span style=\"font-size: 1rem;\">In overeenstemming met de Franse wet inzake gegevensbescherming nr. 78-17 van 6 januari 1978 en Verordening (EU) 2016\/679 van het Europees Parlement en de Raad van 27 april 2016, die op 25 mei 2018 in werking is getreden (hierna &#8220;GDPR&#8221;), hebt u de volgende rechten:<\/span><\/p>\n<ul>\n<li>Recht op toegang (artikel 15 GDPR), rectificatie (artikel 16 GDPR), actualisering, volledigheid van uw gegevens;<\/li>\n<li>Recht om uw persoonsgegevens te blokkeren of te wissen (artikel 17 GDPR), indien deze onjuist, onvolledig, dubbelzinnig of verouderd zijn, of indien het verzamelen, gebruiken, bekendmaken of opslaan ervan verboden is;<\/li>\n<li>Recht om uw toestemming te allen tijde in te trekken (artikel 13-2c GDPR);<\/li>\n<li>Recht om de verwerking van uw gegevens te beperken (artikel 18 GDPR);<\/li>\n<li>Recht om bezwaar te maken tegen de verwerking van uw gegevens (artikel 21 GDPR) ;<\/li>\n<li>Recht op overdraagbaarheid van de gegevens die u aan ons heeft verstrekt, wanneer uw gegevens onderworpen zijn aan geautomatiseerde verwerking op basis van uw toestemming of op basis van een contract (artikel 20 GDPR);<\/li>\n<li>Het recht om te bepalen wat er met uw gegevens gebeurt na uw overlijden en om te kiezen of wij uw gegevens al dan niet doorgeven aan een door u aangewezen derde.<\/li>\n<\/ul>\n<p><span style=\"font-size: 1rem;\">In geval van uw overlijden en bij ontstentenis van instructies van uwentwege verbinden wij ons ertoe uw gegevens te vernietigen, behalve wanneer het bewaren ervan noodzakelijk is voor bewijsdoeleinden of om te voldoen aan een wettelijke verplichting.<\/span><\/p>\n<p><span style=\"font-size: 1rem;\">U kunt uw rechten op een van de volgende manieren uitoefenen:<\/span><\/p>\n<ul>\n<li>Of per e-mail naar: <a href=\"mailto:contact@champmarket.com\" target=\"_blank\" rel=\"noreferrer noopener\">contact@champmarket.com<\/a><\/li>\n<li>Of per post naar het volgende adres AM&amp;Co (CHAMPMARKET) 47 Boulevard de Courcelles 75008 Parijs &#8211; Frankrijk.<\/li>\n<\/ul>\n<p><span style=\"font-size: 1rem;\">Bovendien kunt u, indien uw internetbrowser dit toelaat, deze cookies te allen tijde deactiveren door de hierboven beschreven procedures te volgen.<\/span><\/p>\n<p><span style=\"font-size: 1rem;\">Voor meer informatie over onze behandeling van uw persoonlijke gegevens, zie ons Privacybeleid op de volgende pagina: <\/span><a style=\"font-size: 1rem; background-color: #ffffff;\" href=\"https:\/\/champmarket-wordpress-ejt1d.artifakt.dev\/donnees-personnelles\" target=\"_blank\" rel=\"noreferrer noopener\"><u>Klik hier<\/u><\/a><\/p>\n<p><strong style=\"font-family: Montserrat, sans-serif; font-size: 1rem;\">8. Houdbaarheid<\/strong><\/p>\n<p><span style=\"font-size: 1rem;\">In elk geval wordt de informatie die in uw terminal is opgeslagen (bijvoorbeeld cookies) of elk ander element dat wordt gebruikt om u te identificeren voor publieksstatistieken, niet langer dan dertien (13) maanden bewaard. Na deze periode worden de ruwe verkeersgegevens die aan een identificatiecode zijn gekoppeld, gewist of geanonimiseerd.<\/span><\/p>\n<p><span style=\"font-size: 1rem;\">Voor meer informatie over cookies (beheer, verwijdering, identificatie) kunt u de website van de CNIL raadplegen: <\/span><a style=\"font-size: 1rem; background-color: #ffffff;\" href=\"http:\/\/www.cnil.fr\/vos-droits\/vos-traces\/les-cookies\/#c5554\" target=\"_blank\" rel=\"noreferrer noopener\"><u>Klik hier<\/u><\/a><\/p>\n\t\t\t\t\t\t\t\t<\/div>\n\t\t\t\t<\/div>\n\t\t\t\t<\/div>\n\t\t\t\t\t<\/div>\n\t\t\t\t<\/div>\n\t\t\t\t<\/div>\n\t\t","protected":false},"excerpt":{"rendered":"<p>Cookiesbeleid Voorwoord Dit Cookies Management Beleid is bedoeld voor gebruikers (hierna de &#8220;GEBRUIKERS&#8221;) van de website https:\/\/www.champmarket.com\/ (hierna de &#8220;SITE&#8221;), d.w.z. elke persoon die de SITE bezoekt en er doorheen navigeert als Klant of als gewone internetgebruiker. Door de SITE te bezoeken, gaat u ermee akkoord dat de hieronder beschreven cookies op uw terminal worden [&hellip;]<\/p>\n","protected":false},"author":2,"featured_media":0,"parent":0,"menu_order":0,"comment_status":"closed","ping_status":"closed","template":"elementor_header_footer","meta":{"_acf_changed":false,"footnotes":""},"class_list":["post-49764","page","type-page","status-publish","hentry"],"acf":[],"yoast_head":"<!-- This site is optimized with the Yoast SEO plugin v26.4 - https:\/\/yoast.com\/wordpress\/plugins\/seo\/ -->\n<title>Cookiebeleid - Champmarket<\/title>\n<meta name=\"description\" content=\"Cookiesbeleid Voorwoord Dit Cookies Management Beleid is bedoeld voor gebruikers (hierna de &quot;GEBRUIKERS&quot;) van de website https:\/\/www.champmarket.com\/\" \/>\n<meta name=\"robots\" content=\"index, follow, max-snippet:-1, max-image-preview:large, max-video-preview:-1\" \/>\n<link rel=\"canonical\" href=\"https:\/\/www.champmarket.com\/nl\/cookies\/\" \/>\n<meta property=\"og:locale\" content=\"nl_NL\" \/>\n<meta property=\"og:type\" content=\"article\" \/>\n<meta property=\"og:title\" content=\"Cookiebeleid - Champmarket\" \/>\n<meta property=\"og:description\" content=\"Cookiesbeleid Voorwoord Dit Cookies Management Beleid is bedoeld voor gebruikers (hierna de &quot;GEBRUIKERS&quot;) van de website https:\/\/www.champmarket.com\/\" \/>\n<meta property=\"og:url\" content=\"https:\/\/www.champmarket.com\/nl\/cookies\/\" \/>\n<meta property=\"og:site_name\" content=\"Champmarket\" \/>\n<meta property=\"article:publisher\" content=\"https:\/\/www.facebook.com\/ChampMarket\/\" \/>\n<meta property=\"article:modified_time\" content=\"2023-03-16T12:32:50+00:00\" \/>\n<meta name=\"twitter:card\" content=\"summary_large_image\" \/>\n<meta name=\"twitter:site\" content=\"@champmarket\" \/>\n<meta name=\"twitter:label1\" content=\"Geschatte leestijd\" \/>\n\t<meta name=\"twitter:data1\" content=\"8 minuten\" \/>\n<script type=\"application\/ld+json\" class=\"yoast-schema-graph\">{\"@context\":\"https:\/\/schema.org\",\"@graph\":[{\"@type\":\"WebPage\",\"@id\":\"https:\/\/www.champmarket.com\/nl\/cookies\/\",\"url\":\"https:\/\/www.champmarket.com\/nl\/cookies\/\",\"name\":\"Cookiebeleid - Champmarket\",\"isPartOf\":{\"@id\":\"https:\/\/www.champmarket.com\/#website\"},\"datePublished\":\"2021-03-25T13:26:10+00:00\",\"dateModified\":\"2023-03-16T12:32:50+00:00\",\"description\":\"Cookiesbeleid Voorwoord Dit Cookies Management Beleid is bedoeld voor gebruikers (hierna de \\\"GEBRUIKERS\\\") van de website https:\/\/www.champmarket.com\/\",\"breadcrumb\":{\"@id\":\"https:\/\/www.champmarket.com\/nl\/cookies\/#breadcrumb\"},\"inLanguage\":\"nl-NL\",\"potentialAction\":[{\"@type\":\"ReadAction\",\"target\":[\"https:\/\/www.champmarket.com\/nl\/cookies\/\"]}]},{\"@type\":\"BreadcrumbList\",\"@id\":\"https:\/\/www.champmarket.com\/nl\/cookies\/#breadcrumb\",\"itemListElement\":[{\"@type\":\"ListItem\",\"position\":1,\"name\":\"Accueil\",\"item\":\"https:\/\/www.champmarket.com\/nl\/\"},{\"@type\":\"ListItem\",\"position\":2,\"name\":\"Cookiebeleid\"}]},{\"@type\":\"WebSite\",\"@id\":\"https:\/\/www.champmarket.com\/#website\",\"url\":\"https:\/\/www.champmarket.com\/\",\"name\":\"Champmarket\",\"description\":\"Champmarket, Champagnes, Cadeaus en Levenskunst\",\"publisher\":{\"@id\":\"https:\/\/www.champmarket.com\/#organization\"},\"potentialAction\":[{\"@type\":\"SearchAction\",\"target\":{\"@type\":\"EntryPoint\",\"urlTemplate\":\"https:\/\/www.champmarket.com\/?s={search_term_string}\"},\"query-input\":{\"@type\":\"PropertyValueSpecification\",\"valueRequired\":true,\"valueName\":\"search_term_string\"}}],\"inLanguage\":\"nl-NL\"},{\"@type\":\"Organization\",\"@id\":\"https:\/\/www.champmarket.com\/#organization\",\"name\":\"Champmarket\",\"url\":\"https:\/\/www.champmarket.com\/\",\"logo\":{\"@type\":\"ImageObject\",\"inLanguage\":\"nl-NL\",\"@id\":\"https:\/\/www.champmarket.com\/#\/schema\/logo\/image\/\",\"url\":\"https:\/\/www.champmarket.com\/wp-content\/uploads\/2024\/08\/logo2024-1.svg\",\"contentUrl\":\"https:\/\/www.champmarket.com\/wp-content\/uploads\/2024\/08\/logo2024-1.svg\",\"width\":579.8,\"height\":80,\"caption\":\"Champmarket\"},\"image\":{\"@id\":\"https:\/\/www.champmarket.com\/#\/schema\/logo\/image\/\"},\"sameAs\":[\"https:\/\/www.facebook.com\/ChampMarket\/\",\"https:\/\/x.com\/champmarket\",\"https:\/\/www.instagram.com\/champmarket.paris\/\",\"https:\/\/www.pinterest.fr\/champmarketparis\/\",\"https:\/\/www.linkedin.com\/company\/champmarket\/\"]}]}<\/script>\n<!-- \/ Yoast SEO plugin. -->","yoast_head_json":{"title":"Cookiebeleid - Champmarket","description":"Cookiesbeleid Voorwoord Dit Cookies Management Beleid is bedoeld voor gebruikers (hierna de \"GEBRUIKERS\") van de website https:\/\/www.champmarket.com\/","robots":{"index":"index","follow":"follow","max-snippet":"max-snippet:-1","max-image-preview":"max-image-preview:large","max-video-preview":"max-video-preview:-1"},"canonical":"https:\/\/www.champmarket.com\/nl\/cookies\/","og_locale":"nl_NL","og_type":"article","og_title":"Cookiebeleid - Champmarket","og_description":"Cookiesbeleid Voorwoord Dit Cookies Management Beleid is bedoeld voor gebruikers (hierna de \"GEBRUIKERS\") van de website https:\/\/www.champmarket.com\/","og_url":"https:\/\/www.champmarket.com\/nl\/cookies\/","og_site_name":"Champmarket","article_publisher":"https:\/\/www.facebook.com\/ChampMarket\/","article_modified_time":"2023-03-16T12:32:50+00:00","twitter_card":"summary_large_image","twitter_site":"@champmarket","twitter_misc":{"Geschatte leestijd":"8 minuten"},"schema":{"@context":"https:\/\/schema.org","@graph":[{"@type":"WebPage","@id":"https:\/\/www.champmarket.com\/nl\/cookies\/","url":"https:\/\/www.champmarket.com\/nl\/cookies\/","name":"Cookiebeleid - Champmarket","isPartOf":{"@id":"https:\/\/www.champmarket.com\/#website"},"datePublished":"2021-03-25T13:26:10+00:00","dateModified":"2023-03-16T12:32:50+00:00","description":"Cookiesbeleid Voorwoord Dit Cookies Management Beleid is bedoeld voor gebruikers (hierna de \"GEBRUIKERS\") van de website https:\/\/www.champmarket.com\/","breadcrumb":{"@id":"https:\/\/www.champmarket.com\/nl\/cookies\/#breadcrumb"},"inLanguage":"nl-NL","potentialAction":[{"@type":"ReadAction","target":["https:\/\/www.champmarket.com\/nl\/cookies\/"]}]},{"@type":"BreadcrumbList","@id":"https:\/\/www.champmarket.com\/nl\/cookies\/#breadcrumb","itemListElement":[{"@type":"ListItem","position":1,"name":"Accueil","item":"https:\/\/www.champmarket.com\/nl\/"},{"@type":"ListItem","position":2,"name":"Cookiebeleid"}]},{"@type":"WebSite","@id":"https:\/\/www.champmarket.com\/#website","url":"https:\/\/www.champmarket.com\/","name":"Champmarket","description":"Champmarket, Champagnes, Cadeaus en Levenskunst","publisher":{"@id":"https:\/\/www.champmarket.com\/#organization"},"potentialAction":[{"@type":"SearchAction","target":{"@type":"EntryPoint","urlTemplate":"https:\/\/www.champmarket.com\/?s={search_term_string}"},"query-input":{"@type":"PropertyValueSpecification","valueRequired":true,"valueName":"search_term_string"}}],"inLanguage":"nl-NL"},{"@type":"Organization","@id":"https:\/\/www.champmarket.com\/#organization","name":"Champmarket","url":"https:\/\/www.champmarket.com\/","logo":{"@type":"ImageObject","inLanguage":"nl-NL","@id":"https:\/\/www.champmarket.com\/#\/schema\/logo\/image\/","url":"https:\/\/www.champmarket.com\/wp-content\/uploads\/2024\/08\/logo2024-1.svg","contentUrl":"https:\/\/www.champmarket.com\/wp-content\/uploads\/2024\/08\/logo2024-1.svg","width":579.8,"height":80,"caption":"Champmarket"},"image":{"@id":"https:\/\/www.champmarket.com\/#\/schema\/logo\/image\/"},"sameAs":["https:\/\/www.facebook.com\/ChampMarket\/","https:\/\/x.com\/champmarket","https:\/\/www.instagram.com\/champmarket.paris\/","https:\/\/www.pinterest.fr\/champmarketparis\/","https:\/\/www.linkedin.com\/company\/champmarket\/"]}]}},"_links":{"self":[{"href":"https:\/\/www.champmarket.com\/nl\/wp-json\/wp\/v2\/pages\/49764","targetHints":{"allow":["GET"]}}],"collection":[{"href":"https:\/\/www.champmarket.com\/nl\/wp-json\/wp\/v2\/pages"}],"about":[{"href":"https:\/\/www.champmarket.com\/nl\/wp-json\/wp\/v2\/types\/page"}],"author":[{"embeddable":true,"href":"https:\/\/www.champmarket.com\/nl\/wp-json\/wp\/v2\/users\/2"}],"replies":[{"embeddable":true,"href":"https:\/\/www.champmarket.com\/nl\/wp-json\/wp\/v2\/comments?post=49764"}],"version-history":[{"count":0,"href":"https:\/\/www.champmarket.com\/nl\/wp-json\/wp\/v2\/pages\/49764\/revisions"}],"wp:attachment":[{"href":"https:\/\/www.champmarket.com\/nl\/wp-json\/wp\/v2\/media?parent=49764"}],"curies":[{"name":"wp","href":"https:\/\/api.w.org\/{rel}","templated":true}]}}