{"id":49771,"date":"2021-02-26T16:26:03","date_gmt":"2021-02-26T15:26:03","guid":{"rendered":"https:\/\/www.champmarket.com\/la-grande-dame-veuve-clicquot\/"},"modified":"2024-03-15T23:55:54","modified_gmt":"2024-03-15T22:55:54","slug":"la-grande-dame-veuve-clicquot","status":"publish","type":"page","link":"https:\/\/www.champmarket.com\/nl\/la-grande-dame-veuve-clicquot\/","title":{"rendered":"La Grande Dame Veuve Clicquot"},"content":{"rendered":"\t\t<div data-elementor-type=\"wp-page\" data-elementor-id=\"49771\" class=\"elementor elementor-49771 elementor-11526\" data-elementor-post-type=\"page\">\n\t\t\t\t\t\t<section class=\"elementor-section elementor-top-section elementor-element elementor-element-16093c8 elementor-section-boxed elementor-section-height-default elementor-section-height-default\" data-id=\"16093c8\" data-element_type=\"section\">\n\t\t\t\t\t\t<div class=\"elementor-container elementor-column-gap-default\">\n\t\t\t\t\t<div class=\"elementor-column elementor-col-100 elementor-top-column elementor-element elementor-element-04439b4\" data-id=\"04439b4\" data-element_type=\"column\">\n\t\t\t<div class=\"elementor-widget-wrap elementor-element-populated\">\n\t\t\t\t\t\t<div class=\"elementor-element elementor-element-24385f3 elementor-widget elementor-widget-woocommerce-breadcrumb\" data-id=\"24385f3\" data-element_type=\"widget\" data-widget_type=\"woocommerce-breadcrumb.default\">\n\t\t\t\t<div class=\"elementor-widget-container\">\n\t\t\t\t\t<nav class=\"woocommerce-breadcrumb\" aria-label=\"Breadcrumb\">Home<\/nav>\t\t\t\t<\/div>\n\t\t\t\t<\/div>\n\t\t\t\t<div class=\"elementor-element elementor-element-27e54a6 elementor-widget elementor-widget-image\" data-id=\"27e54a6\" data-element_type=\"widget\" data-widget_type=\"image.default\">\n\t\t\t\t<div class=\"elementor-widget-container\">\n\t\t\t\t\t\t\t\t\t\t\t\t\t\t\t\t<a href=\"\/champagne\/veuve-clicquot-la-grande-dame-brut-2008-bouteille-coffret\/\">\n\t\t\t\t\t\t\t<img fetchpriority=\"high\" decoding=\"async\" width=\"640\" height=\"296\" src=\"https:\/\/www.champmarket.com\/wp-content\/uploads\/2021\/03\/visuel-header-page-veuve-clicquot-la-grande-dame.webp\" class=\"attachment-large size-large wp-image-48168\" alt=\"\" srcset=\"https:\/\/www.champmarket.com\/wp-content\/uploads\/2021\/03\/visuel-header-page-veuve-clicquot-la-grande-dame.webp 980w, https:\/\/www.champmarket.com\/wp-content\/uploads\/2021\/03\/visuel-header-page-veuve-clicquot-la-grande-dame-600x278.webp 600w, https:\/\/www.champmarket.com\/wp-content\/uploads\/2021\/03\/visuel-header-page-veuve-clicquot-la-grande-dame-700x324.jpg 700w, https:\/\/www.champmarket.com\/wp-content\/uploads\/2021\/03\/visuel-header-page-veuve-clicquot-la-grande-dame-64x30.webp 64w, https:\/\/www.champmarket.com\/wp-content\/uploads\/2021\/03\/visuel-header-page-veuve-clicquot-la-grande-dame-300x139.jpg 300w, https:\/\/www.champmarket.com\/wp-content\/uploads\/2021\/03\/visuel-header-page-veuve-clicquot-la-grande-dame-768x356.jpg 768w\" sizes=\"(max-width: 640px) 100vw, 640px\" \/>\t\t\t\t\t\t\t\t<\/a>\n\t\t\t\t\t\t\t\t\t\t\t\t\t\t\t<\/div>\n\t\t\t\t<\/div>\n\t\t\t\t\t<\/div>\n\t\t<\/div>\n\t\t\t\t\t<\/div>\n\t\t<\/section>\n\t\t\t\t<section class=\"elementor-section elementor-top-section elementor-element elementor-element-57631e2 elementor-section-boxed elementor-section-height-default elementor-section-height-default\" data-id=\"57631e2\" data-element_type=\"section\">\n\t\t\t\t\t\t<div class=\"elementor-container elementor-column-gap-default\">\n\t\t\t\t\t<div class=\"elementor-column elementor-col-66 elementor-top-column elementor-element elementor-element-10952df\" data-id=\"10952df\" data-element_type=\"column\">\n\t\t\t<div class=\"elementor-widget-wrap elementor-element-populated\">\n\t\t\t\t\t\t<div class=\"elementor-element elementor-element-3f4b46e elementor-widget elementor-widget-heading\" data-id=\"3f4b46e\" data-element_type=\"widget\" data-widget_type=\"heading.default\">\n\t\t\t\t<div class=\"elementor-widget-container\">\n\t\t\t\t\t<h2 class=\"elementor-heading-title elementor-size-default\">L'EXPRESSION DU STYLE VEUVE CLICQUOT<\/h2>\t\t\t\t<\/div>\n\t\t\t\t<\/div>\n\t\t\t\t<div class=\"elementor-element elementor-element-0fbecad elementor-widget elementor-widget-text-editor\" data-id=\"0fbecad\" data-element_type=\"widget\" data-widget_type=\"text-editor.default\">\n\t\t\t\t<div class=\"elementor-widget-container\">\n\t\t\t\t\t\t\t\t\t<p>La Grande Dame 2008 est l&#8217;expression par excellence du style Veuve Clicquot et le reflet de son terroir. Son assemblage in\u00e9dit de 92% de Pinot Noir et 8% de Chardonnay porte \u00e0 sa quintessence le style de la Maison, garanti par la pr\u00e9dominance du Pinot Noir. Une prouesse \u0153nologique qui d\u00e9voile toute sa puissance avec finesse et \u00e9l\u00e9gance.<\/p>\t\t\t\t\t\t\t\t<\/div>\n\t\t\t\t<\/div>\n\t\t\t\t<div class=\"elementor-element elementor-element-5a0335d elementor-widget elementor-widget-heading\" data-id=\"5a0335d\" data-element_type=\"widget\" data-widget_type=\"heading.default\">\n\t\t\t\t<div class=\"elementor-widget-container\">\n\t\t\t\t\t<h2 class=\"elementor-heading-title elementor-size-default\">HOMMAGE \u00c0 MADAME CLICQUOT<\/h2>\t\t\t\t<\/div>\n\t\t\t\t<\/div>\n\t\t\t\t<div class=\"elementor-element elementor-element-b01308a elementor-widget elementor-widget-text-editor\" data-id=\"b01308a\" data-element_type=\"widget\" data-widget_type=\"text-editor.default\">\n\t\t\t\t<div class=\"elementor-widget-container\">\n\t\t\t\t\t\t\t\t\t<p>Cr\u00e9\u00e9e en 1962 et lanc\u00e9e en 1972 pour c\u00e9l\u00e9brer le bicentenaire de la Maison, La Grande Dame est un hommage \u00e0 \u00ab La Grande Dame de la Champagne \u00bb, Madame Clicquot. Ce vin remarquable est un \u00e9quilibre parfait de complexit\u00e9, structure et puissance. Ces caract\u00e9ristiques s\u2019unissent pour cr\u00e9er un \u00e9quilibre \u00e9l\u00e9gant de fra\u00eecheur et de structure, mis en valeur par un dosage parfait (6 g\/l) qui r\u00e9sonne avec le potentiel de cette cuv\u00e9e.<\/p>\t\t\t\t\t\t\t\t<\/div>\n\t\t\t\t<\/div>\n\t\t\t\t\t<\/div>\n\t\t<\/div>\n\t\t\t\t<div class=\"elementor-column elementor-col-33 elementor-top-column elementor-element elementor-element-5e34d03\" data-id=\"5e34d03\" data-element_type=\"column\">\n\t\t\t<div class=\"elementor-widget-wrap elementor-element-populated\">\n\t\t\t\t\t\t<div class=\"elementor-element elementor-element-3f3dac1 elementor-widget elementor-widget-image\" data-id=\"3f3dac1\" data-element_type=\"widget\" data-widget_type=\"image.default\">\n\t\t\t\t<div class=\"elementor-widget-container\">\n\t\t\t\t\t\t\t\t\t\t\t\t\t\t\t\t<a href=\"\/champagne\/veuve-clicquot-la-grande-dame-brut-2008-bouteille-coffret\/\">\n\t\t\t\t\t\t\t<img decoding=\"async\" width=\"314\" height=\"340\" src=\"https:\/\/www.champmarket.com\/wp-content\/uploads\/2021\/03\/vignette-page-veuve-clicquot-la-grande-dame-bouteille-coffret.webp\" class=\"attachment-large size-large wp-image-48169\" alt=\"\" srcset=\"https:\/\/www.champmarket.com\/wp-content\/uploads\/2021\/03\/vignette-page-veuve-clicquot-la-grande-dame-bouteille-coffret.webp 314w, https:\/\/www.champmarket.com\/wp-content\/uploads\/2021\/03\/vignette-page-veuve-clicquot-la-grande-dame-bouteille-coffret-64x69.webp 64w, https:\/\/www.champmarket.com\/wp-content\/uploads\/2021\/03\/vignette-page-veuve-clicquot-la-grande-dame-bouteille-coffret-277x300.jpg 277w\" sizes=\"(max-width: 314px) 100vw, 314px\" \/>\t\t\t\t\t\t\t\t<\/a>\n\t\t\t\t\t\t\t\t\t\t\t\t\t\t\t<\/div>\n\t\t\t\t<\/div>\n\t\t\t\t\t<\/div>\n\t\t<\/div>\n\t\t\t\t\t<\/div>\n\t\t<\/section>\n\t\t\t\t<section class=\"elementor-section elementor-top-section elementor-element elementor-element-ce40f92 elementor-section-boxed elementor-section-height-default elementor-section-height-default\" data-id=\"ce40f92\" data-element_type=\"section\">\n\t\t\t\t\t\t<div class=\"elementor-container elementor-column-gap-default\">\n\t\t\t\t\t<div class=\"elementor-column elementor-col-33 elementor-top-column elementor-element elementor-element-79e2129\" data-id=\"79e2129\" data-element_type=\"column\">\n\t\t\t<div class=\"elementor-widget-wrap elementor-element-populated\">\n\t\t\t\t\t\t<div class=\"elementor-element elementor-element-3f691c8 elementor-widget elementor-widget-heading\" data-id=\"3f691c8\" data-element_type=\"widget\" data-widget_type=\"heading.default\">\n\t\t\t\t<div class=\"elementor-widget-container\">\n\t\t\t\t\t<h2 class=\"elementor-heading-title elementor-size-default\">NOTES DE D\u00c9GUSTATION<\/h2>\t\t\t\t<\/div>\n\t\t\t\t<\/div>\n\t\t\t\t<div class=\"elementor-element elementor-element-cd3f632 elementor-widget elementor-widget-text-editor\" data-id=\"cd3f632\" data-element_type=\"widget\" data-widget_type=\"text-editor.default\">\n\t\t\t\t<div class=\"elementor-widget-container\">\n\t\t\t\t\t\t\t\t\t<p><strong>Au nez :<\/strong><br \/><br \/>Notes de fruits secs (amandes, figues, abricots), de fruits blancs m\u00fbrs (poires) et enfin, de subtiles notes toast\u00e9es de noisette et de praline.<br \/><br \/><strong>En bouche :<\/strong><br \/><br \/>Texture soyeuse et de fruits jeunes, port\u00e9s par les agrumes et des notes de fruits rouges (cerise).<br \/>Cette cuv\u00e9e peut accompagner des huitres, un tartare de poisson, des fruits de mer ou un poulet au s\u00e9same.<\/p>\t\t\t\t\t\t\t\t<\/div>\n\t\t\t\t<\/div>\n\t\t\t\t\t<\/div>\n\t\t<\/div>\n\t\t\t\t<div class=\"elementor-column elementor-col-33 elementor-top-column elementor-element elementor-element-19ab0b5\" data-id=\"19ab0b5\" data-element_type=\"column\">\n\t\t\t<div class=\"elementor-widget-wrap elementor-element-populated\">\n\t\t\t\t\t\t<div class=\"elementor-element elementor-element-34b4bd8 elementor-widget elementor-widget-heading\" data-id=\"34b4bd8\" data-element_type=\"widget\" data-widget_type=\"heading.default\">\n\t\t\t\t<div class=\"elementor-widget-container\">\n\t\t\t\t\t<h2 class=\"elementor-heading-title elementor-size-default\">\u00c9DITION LIMIT\u00c9E<\/h2>\t\t\t\t<\/div>\n\t\t\t\t<\/div>\n\t\t\t\t<div class=\"elementor-element elementor-element-b408ce9 elementor-widget elementor-widget-text-editor\" data-id=\"b408ce9\" data-element_type=\"widget\" data-widget_type=\"text-editor.default\">\n\t\t\t\t<div class=\"elementor-widget-container\">\n\t\t\t\t\t\t\t\t\t<p>Un flacon d&#8217;exception pour une cuv\u00e9e exceptionnelle. Seuls quelques exemplaires de La Grande Dame Brut 2008 en format J\u00e9roboam sont disponibles.<\/p>\t\t\t\t\t\t\t\t<\/div>\n\t\t\t\t<\/div>\n\t\t\t\t<div class=\"elementor-element elementor-element-845be40 elementor-widget elementor-widget-image\" data-id=\"845be40\" data-element_type=\"widget\" data-widget_type=\"image.default\">\n\t\t\t\t<div class=\"elementor-widget-container\">\n\t\t\t\t\t\t\t\t\t\t\t\t\t\t\t<img decoding=\"async\" width=\"314\" height=\"340\" src=\"https:\/\/www.champmarket.com\/wp-content\/uploads\/2021\/03\/vignette-page-veuve-clicquot-la-grande-dame-jeroboam.webp\" class=\"attachment-large size-large wp-image-48170\" alt=\"\" srcset=\"https:\/\/www.champmarket.com\/wp-content\/uploads\/2021\/03\/vignette-page-veuve-clicquot-la-grande-dame-jeroboam.webp 314w, https:\/\/www.champmarket.com\/wp-content\/uploads\/2021\/03\/vignette-page-veuve-clicquot-la-grande-dame-jeroboam-64x69.webp 64w, https:\/\/www.champmarket.com\/wp-content\/uploads\/2021\/03\/vignette-page-veuve-clicquot-la-grande-dame-jeroboam-277x300.jpg 277w\" sizes=\"(max-width: 314px) 100vw, 314px\" \/>\t\t\t\t\t\t\t\t\t\t\t\t\t\t\t<\/div>\n\t\t\t\t<\/div>\n\t\t\t\t\t<\/div>\n\t\t<\/div>\n\t\t\t\t<div class=\"elementor-column elementor-col-33 elementor-top-column elementor-element elementor-element-67a7480\" data-id=\"67a7480\" data-element_type=\"column\">\n\t\t\t<div class=\"elementor-widget-wrap elementor-element-populated\">\n\t\t\t\t\t\t<div class=\"elementor-element elementor-element-a0de238 elementor-widget elementor-widget-text-editor\" data-id=\"a0de238\" data-element_type=\"widget\" data-widget_type=\"text-editor.default\">\n\t\t\t\t<div class=\"elementor-widget-container\">\n\t\t\t\t\t\t\t\t\t<p>Cette cuv\u00e9e est le fruit de l\u2019assemblage exclusif de 6 des 8 Grands Crus historiques de la Maison, compos\u00e9e de 92% de Pinot Noir et de 8% de Chardonnay.<\/p>\t\t\t\t\t\t\t\t<\/div>\n\t\t\t\t<\/div>\n\t\t\t\t<div class=\"elementor-element elementor-element-478181f elementor-widget elementor-widget-heading\" data-id=\"478181f\" data-element_type=\"widget\" data-widget_type=\"heading.default\">\n\t\t\t\t<div class=\"elementor-widget-container\">\n\t\t\t\t\t<h2 class=\"elementor-heading-title elementor-size-default\">ID\u00c9ES CADEAUX CHAMPAGNE<\/h2>\t\t\t\t<\/div>\n\t\t\t\t<\/div>\n\t\t\t\t<div class=\"elementor-element elementor-element-7ed0553 elementor-widget elementor-widget-text-editor\" data-id=\"7ed0553\" data-element_type=\"widget\" data-widget_type=\"text-editor.default\">\n\t\t\t\t<div class=\"elementor-widget-container\">\n\t\t\t\t\t\t\t\t\t<p>D\u00e9couvrez les id\u00e9es cadeaux Champagne Veuve Clicquot sur Champmarket<\/p>\t\t\t\t\t\t\t\t<\/div>\n\t\t\t\t<\/div>\n\t\t\t\t<div class=\"elementor-element elementor-element-87bd337 elementor-align-center elementor-widget elementor-widget-button\" data-id=\"87bd337\" data-element_type=\"widget\" data-widget_type=\"button.default\">\n\t\t\t\t<div class=\"elementor-widget-container\">\n\t\t\t\t\t\t\t\t\t<div class=\"elementor-button-wrapper\">\n\t\t\t\t\t<a class=\"elementor-button elementor-button-link elementor-size-sm\" href=\"\/cadeaux-champagne\/\">\n\t\t\t\t\t\t<span class=\"elementor-button-content-wrapper\">\n\t\t\t\t\t\t\t\t\t<span class=\"elementor-button-text\">VOIR LA S\u00c9LECTION<\/span>\n\t\t\t\t\t<\/span>\n\t\t\t\t\t<\/a>\n\t\t\t\t<\/div>\n\t\t\t\t\t\t\t\t<\/div>\n\t\t\t\t<\/div>\n\t\t\t\t\t<\/div>\n\t\t<\/div>\n\t\t\t\t\t<\/div>\n\t\t<\/section>\n\t\t\t\t<section class=\"elementor-section elementor-top-section elementor-element elementor-element-5bc9ed8 elementor-section-boxed elementor-section-height-default elementor-section-height-default\" data-id=\"5bc9ed8\" data-element_type=\"section\">\n\t\t\t\t\t\t<div class=\"elementor-container elementor-column-gap-default\">\n\t\t\t\t\t<div class=\"elementor-column elementor-col-100 elementor-top-column elementor-element elementor-element-7501514\" data-id=\"7501514\" data-element_type=\"column\">\n\t\t\t<div class=\"elementor-widget-wrap elementor-element-populated\">\n\t\t\t\t\t\t<div class=\"elementor-element elementor-element-d2823ff elementor-widget elementor-widget-image\" data-id=\"d2823ff\" data-element_type=\"widget\" data-widget_type=\"image.default\">\n\t\t\t\t<div class=\"elementor-widget-container\">\n\t\t\t\t\t\t\t\t\t\t\t\t\t\t\t\t<a href=\"\/maisons\/selection-champagne-veuve-clicquot\/\">\n\t\t\t\t\t\t\t<img loading=\"lazy\" decoding=\"async\" width=\"640\" height=\"278\" src=\"https:\/\/www.champmarket.com\/wp-content\/uploads\/2021\/03\/visuel-bas-page-veuve-clicquot3.webp\" class=\"attachment-large size-large wp-image-48171\" alt=\"\" srcset=\"https:\/\/www.champmarket.com\/wp-content\/uploads\/2021\/03\/visuel-bas-page-veuve-clicquot3.webp 980w, https:\/\/www.champmarket.com\/wp-content\/uploads\/2021\/03\/visuel-bas-page-veuve-clicquot3-600x260.webp 600w, https:\/\/www.champmarket.com\/wp-content\/uploads\/2021\/03\/visuel-bas-page-veuve-clicquot3-700x304.jpg 700w, https:\/\/www.champmarket.com\/wp-content\/uploads\/2021\/03\/visuel-bas-page-veuve-clicquot3-64x28.webp 64w, https:\/\/www.champmarket.com\/wp-content\/uploads\/2021\/03\/visuel-bas-page-veuve-clicquot3-300x130.jpg 300w, https:\/\/www.champmarket.com\/wp-content\/uploads\/2021\/03\/visuel-bas-page-veuve-clicquot3-768x333.jpg 768w\" sizes=\"(max-width: 640px) 100vw, 640px\" \/>\t\t\t\t\t\t\t\t<\/a>\n\t\t\t\t\t\t\t\t\t\t\t\t\t\t\t<\/div>\n\t\t\t\t<\/div>\n\t\t\t\t\t<\/div>\n\t\t<\/div>\n\t\t\t\t\t<\/div>\n\t\t<\/section>\n\t\t\t\t<\/div>\n\t\t","protected":false},"excerpt":{"rendered":"<p>L&#8217;EXPRESSION DU STYLE VEUVE CLICQUOT La Grande Dame 2008 est l&#8217;expression par excellence du style Veuve Clicquot et le reflet de son terroir. Son assemblage in\u00e9dit de 92% de Pinot Noir et 8% de Chardonnay porte \u00e0 sa quintessence le style de la Maison, garanti par la pr\u00e9dominance du Pinot Noir. Une prouesse \u0153nologique qui [&hellip;]<\/p>\n","protected":false},"author":2,"featured_media":0,"parent":0,"menu_order":0,"comment_status":"closed","ping_status":"closed","template":"","meta":{"_acf_changed":false,"footnotes":""},"class_list":["post-49771","page","type-page","status-publish","hentry"],"acf":[],"yoast_head":"<!-- This site is optimized with the Yoast SEO plugin v26.4 - https:\/\/yoast.com\/wordpress\/plugins\/seo\/ -->\n<title>La Grande Dame Veuve Clicquot - Champmarket<\/title>\n<meta name=\"description\" content=\"L&#039;EXPRESSION DU STYLE VEUVE CLICQUOT La Grande Dame 2008 est l&#039;expression par excellence du style Veuve Clicquot et le reflet de son terroir. Son\" \/>\n<meta name=\"robots\" content=\"index, follow, max-snippet:-1, max-image-preview:large, max-video-preview:-1\" \/>\n<link rel=\"canonical\" href=\"https:\/\/www.champmarket.com\/nl\/la-grande-dame-veuve-clicquot\/\" \/>\n<meta property=\"og:locale\" content=\"nl_NL\" \/>\n<meta property=\"og:type\" content=\"article\" \/>\n<meta property=\"og:title\" content=\"La Grande Dame Veuve Clicquot - Champmarket\" \/>\n<meta property=\"og:description\" content=\"L&#039;EXPRESSION DU STYLE VEUVE CLICQUOT La Grande Dame 2008 est l&#039;expression par excellence du style Veuve Clicquot et le reflet de son terroir. Son\" \/>\n<meta property=\"og:url\" content=\"https:\/\/www.champmarket.com\/nl\/la-grande-dame-veuve-clicquot\/\" \/>\n<meta property=\"og:site_name\" content=\"Champmarket\" \/>\n<meta property=\"article:publisher\" content=\"https:\/\/www.facebook.com\/ChampMarket\/\" \/>\n<meta property=\"article:modified_time\" content=\"2024-03-15T22:55:54+00:00\" \/>\n<meta property=\"og:image\" content=\"https:\/\/www.champmarket.com\/wp-content\/uploads\/2021\/03\/visuel-header-page-veuve-clicquot-la-grande-dame.webp\" \/>\n<meta name=\"twitter:card\" content=\"summary_large_image\" \/>\n<meta name=\"twitter:site\" content=\"@champmarket\" \/>\n<meta name=\"twitter:label1\" content=\"Geschatte leestijd\" \/>\n\t<meta name=\"twitter:data1\" content=\"1 minuut\" \/>\n<script type=\"application\/ld+json\" class=\"yoast-schema-graph\">{\"@context\":\"https:\/\/schema.org\",\"@graph\":[{\"@type\":\"WebPage\",\"@id\":\"https:\/\/www.champmarket.com\/nl\/la-grande-dame-veuve-clicquot\/\",\"url\":\"https:\/\/www.champmarket.com\/nl\/la-grande-dame-veuve-clicquot\/\",\"name\":\"La Grande Dame Veuve Clicquot - Champmarket\",\"isPartOf\":{\"@id\":\"https:\/\/www.champmarket.com\/#website\"},\"primaryImageOfPage\":{\"@id\":\"https:\/\/www.champmarket.com\/nl\/la-grande-dame-veuve-clicquot\/#primaryimage\"},\"image\":{\"@id\":\"https:\/\/www.champmarket.com\/nl\/la-grande-dame-veuve-clicquot\/#primaryimage\"},\"thumbnailUrl\":\"https:\/\/www.champmarket.com\/wp-content\/uploads\/2021\/03\/visuel-header-page-veuve-clicquot-la-grande-dame.webp\",\"datePublished\":\"2021-02-26T15:26:03+00:00\",\"dateModified\":\"2024-03-15T22:55:54+00:00\",\"description\":\"L'EXPRESSION DU STYLE VEUVE CLICQUOT La Grande Dame 2008 est l'expression par excellence du style Veuve Clicquot et le reflet de son terroir. Son\",\"breadcrumb\":{\"@id\":\"https:\/\/www.champmarket.com\/nl\/la-grande-dame-veuve-clicquot\/#breadcrumb\"},\"inLanguage\":\"nl-NL\",\"potentialAction\":[{\"@type\":\"ReadAction\",\"target\":[\"https:\/\/www.champmarket.com\/nl\/la-grande-dame-veuve-clicquot\/\"]}]},{\"@type\":\"ImageObject\",\"inLanguage\":\"nl-NL\",\"@id\":\"https:\/\/www.champmarket.com\/nl\/la-grande-dame-veuve-clicquot\/#primaryimage\",\"url\":\"https:\/\/www.champmarket.com\/wp-content\/uploads\/2021\/03\/visuel-header-page-veuve-clicquot-la-grande-dame.webp\",\"contentUrl\":\"https:\/\/www.champmarket.com\/wp-content\/uploads\/2021\/03\/visuel-header-page-veuve-clicquot-la-grande-dame.webp\"},{\"@type\":\"BreadcrumbList\",\"@id\":\"https:\/\/www.champmarket.com\/nl\/la-grande-dame-veuve-clicquot\/#breadcrumb\",\"itemListElement\":[{\"@type\":\"ListItem\",\"position\":1,\"name\":\"Accueil\",\"item\":\"https:\/\/www.champmarket.com\/nl\/\"},{\"@type\":\"ListItem\",\"position\":2,\"name\":\"La Grande Dame Veuve Clicquot\"}]},{\"@type\":\"WebSite\",\"@id\":\"https:\/\/www.champmarket.com\/#website\",\"url\":\"https:\/\/www.champmarket.com\/\",\"name\":\"Champmarket\",\"description\":\"Champmarket, Champagnes, Cadeaus en Levenskunst\",\"publisher\":{\"@id\":\"https:\/\/www.champmarket.com\/#organization\"},\"potentialAction\":[{\"@type\":\"SearchAction\",\"target\":{\"@type\":\"EntryPoint\",\"urlTemplate\":\"https:\/\/www.champmarket.com\/?s={search_term_string}\"},\"query-input\":{\"@type\":\"PropertyValueSpecification\",\"valueRequired\":true,\"valueName\":\"search_term_string\"}}],\"inLanguage\":\"nl-NL\"},{\"@type\":\"Organization\",\"@id\":\"https:\/\/www.champmarket.com\/#organization\",\"name\":\"Champmarket\",\"url\":\"https:\/\/www.champmarket.com\/\",\"logo\":{\"@type\":\"ImageObject\",\"inLanguage\":\"nl-NL\",\"@id\":\"https:\/\/www.champmarket.com\/#\/schema\/logo\/image\/\",\"url\":\"https:\/\/www.champmarket.com\/wp-content\/uploads\/2024\/08\/logo2024-1.svg\",\"contentUrl\":\"https:\/\/www.champmarket.com\/wp-content\/uploads\/2024\/08\/logo2024-1.svg\",\"width\":579.8,\"height\":80,\"caption\":\"Champmarket\"},\"image\":{\"@id\":\"https:\/\/www.champmarket.com\/#\/schema\/logo\/image\/\"},\"sameAs\":[\"https:\/\/www.facebook.com\/ChampMarket\/\",\"https:\/\/x.com\/champmarket\",\"https:\/\/www.instagram.com\/champmarket.paris\/\",\"https:\/\/www.pinterest.fr\/champmarketparis\/\",\"https:\/\/www.linkedin.com\/company\/champmarket\/\"]}]}<\/script>\n<!-- \/ Yoast SEO plugin. -->","yoast_head_json":{"title":"La Grande Dame Veuve Clicquot - Champmarket","description":"L'EXPRESSION DU STYLE VEUVE CLICQUOT La Grande Dame 2008 est l'expression par excellence du style Veuve Clicquot et le reflet de son terroir. Son","robots":{"index":"index","follow":"follow","max-snippet":"max-snippet:-1","max-image-preview":"max-image-preview:large","max-video-preview":"max-video-preview:-1"},"canonical":"https:\/\/www.champmarket.com\/nl\/la-grande-dame-veuve-clicquot\/","og_locale":"nl_NL","og_type":"article","og_title":"La Grande Dame Veuve Clicquot - Champmarket","og_description":"L'EXPRESSION DU STYLE VEUVE CLICQUOT La Grande Dame 2008 est l'expression par excellence du style Veuve Clicquot et le reflet de son terroir. Son","og_url":"https:\/\/www.champmarket.com\/nl\/la-grande-dame-veuve-clicquot\/","og_site_name":"Champmarket","article_publisher":"https:\/\/www.facebook.com\/ChampMarket\/","article_modified_time":"2024-03-15T22:55:54+00:00","og_image":[{"url":"https:\/\/www.champmarket.com\/wp-content\/uploads\/2021\/03\/visuel-header-page-veuve-clicquot-la-grande-dame.webp","type":"","width":"","height":""}],"twitter_card":"summary_large_image","twitter_site":"@champmarket","twitter_misc":{"Geschatte leestijd":"1 minuut"},"schema":{"@context":"https:\/\/schema.org","@graph":[{"@type":"WebPage","@id":"https:\/\/www.champmarket.com\/nl\/la-grande-dame-veuve-clicquot\/","url":"https:\/\/www.champmarket.com\/nl\/la-grande-dame-veuve-clicquot\/","name":"La Grande Dame Veuve Clicquot - Champmarket","isPartOf":{"@id":"https:\/\/www.champmarket.com\/#website"},"primaryImageOfPage":{"@id":"https:\/\/www.champmarket.com\/nl\/la-grande-dame-veuve-clicquot\/#primaryimage"},"image":{"@id":"https:\/\/www.champmarket.com\/nl\/la-grande-dame-veuve-clicquot\/#primaryimage"},"thumbnailUrl":"https:\/\/www.champmarket.com\/wp-content\/uploads\/2021\/03\/visuel-header-page-veuve-clicquot-la-grande-dame.webp","datePublished":"2021-02-26T15:26:03+00:00","dateModified":"2024-03-15T22:55:54+00:00","description":"L'EXPRESSION DU STYLE VEUVE CLICQUOT La Grande Dame 2008 est l'expression par excellence du style Veuve Clicquot et le reflet de son terroir. Son","breadcrumb":{"@id":"https:\/\/www.champmarket.com\/nl\/la-grande-dame-veuve-clicquot\/#breadcrumb"},"inLanguage":"nl-NL","potentialAction":[{"@type":"ReadAction","target":["https:\/\/www.champmarket.com\/nl\/la-grande-dame-veuve-clicquot\/"]}]},{"@type":"ImageObject","inLanguage":"nl-NL","@id":"https:\/\/www.champmarket.com\/nl\/la-grande-dame-veuve-clicquot\/#primaryimage","url":"https:\/\/www.champmarket.com\/wp-content\/uploads\/2021\/03\/visuel-header-page-veuve-clicquot-la-grande-dame.webp","contentUrl":"https:\/\/www.champmarket.com\/wp-content\/uploads\/2021\/03\/visuel-header-page-veuve-clicquot-la-grande-dame.webp"},{"@type":"BreadcrumbList","@id":"https:\/\/www.champmarket.com\/nl\/la-grande-dame-veuve-clicquot\/#breadcrumb","itemListElement":[{"@type":"ListItem","position":1,"name":"Accueil","item":"https:\/\/www.champmarket.com\/nl\/"},{"@type":"ListItem","position":2,"name":"La Grande Dame Veuve Clicquot"}]},{"@type":"WebSite","@id":"https:\/\/www.champmarket.com\/#website","url":"https:\/\/www.champmarket.com\/","name":"Champmarket","description":"Champmarket, Champagnes, Cadeaus en Levenskunst","publisher":{"@id":"https:\/\/www.champmarket.com\/#organization"},"potentialAction":[{"@type":"SearchAction","target":{"@type":"EntryPoint","urlTemplate":"https:\/\/www.champmarket.com\/?s={search_term_string}"},"query-input":{"@type":"PropertyValueSpecification","valueRequired":true,"valueName":"search_term_string"}}],"inLanguage":"nl-NL"},{"@type":"Organization","@id":"https:\/\/www.champmarket.com\/#organization","name":"Champmarket","url":"https:\/\/www.champmarket.com\/","logo":{"@type":"ImageObject","inLanguage":"nl-NL","@id":"https:\/\/www.champmarket.com\/#\/schema\/logo\/image\/","url":"https:\/\/www.champmarket.com\/wp-content\/uploads\/2024\/08\/logo2024-1.svg","contentUrl":"https:\/\/www.champmarket.com\/wp-content\/uploads\/2024\/08\/logo2024-1.svg","width":579.8,"height":80,"caption":"Champmarket"},"image":{"@id":"https:\/\/www.champmarket.com\/#\/schema\/logo\/image\/"},"sameAs":["https:\/\/www.facebook.com\/ChampMarket\/","https:\/\/x.com\/champmarket","https:\/\/www.instagram.com\/champmarket.paris\/","https:\/\/www.pinterest.fr\/champmarketparis\/","https:\/\/www.linkedin.com\/company\/champmarket\/"]}]}},"_links":{"self":[{"href":"https:\/\/www.champmarket.com\/nl\/wp-json\/wp\/v2\/pages\/49771","targetHints":{"allow":["GET"]}}],"collection":[{"href":"https:\/\/www.champmarket.com\/nl\/wp-json\/wp\/v2\/pages"}],"about":[{"href":"https:\/\/www.champmarket.com\/nl\/wp-json\/wp\/v2\/types\/page"}],"author":[{"embeddable":true,"href":"https:\/\/www.champmarket.com\/nl\/wp-json\/wp\/v2\/users\/2"}],"replies":[{"embeddable":true,"href":"https:\/\/www.champmarket.com\/nl\/wp-json\/wp\/v2\/comments?post=49771"}],"version-history":[{"count":4,"href":"https:\/\/www.champmarket.com\/nl\/wp-json\/wp\/v2\/pages\/49771\/revisions"}],"predecessor-version":[{"id":66544,"href":"https:\/\/www.champmarket.com\/nl\/wp-json\/wp\/v2\/pages\/49771\/revisions\/66544"}],"wp:attachment":[{"href":"https:\/\/www.champmarket.com\/nl\/wp-json\/wp\/v2\/media?parent=49771"}],"curies":[{"name":"wp","href":"https:\/\/api.w.org\/{rel}","templated":true}]}}