{"id":49773,"date":"2021-02-26T16:07:56","date_gmt":"2021-02-26T15:07:56","guid":{"rendered":"https:\/\/www.champmarket.com\/infos-legales\/"},"modified":"2023-07-24T15:49:38","modified_gmt":"2023-07-24T13:49:38","slug":"infos-legales","status":"publish","type":"page","link":"https:\/\/www.champmarket.com\/nl\/infos-legales\/","title":{"rendered":"Juridische informatie"},"content":{"rendered":"\t\t<div data-elementor-type=\"wp-page\" data-elementor-id=\"49773\" class=\"elementor elementor-49773 elementor-11521\" data-elementor-post-type=\"page\">\n\t\t\t\t<div class=\"elementor-element elementor-element-5e73a875 e-flex e-con-boxed e-con e-parent\" data-id=\"5e73a875\" data-element_type=\"container\">\n\t\t\t\t\t<div class=\"e-con-inner\">\n\t\t\t\t<div class=\"elementor-element elementor-element-111402c8 elementor-widget elementor-widget-heading\" data-id=\"111402c8\" data-element_type=\"widget\" data-widget_type=\"heading.default\">\n\t\t\t\t<div class=\"elementor-widget-container\">\n\t\t\t\t\t<h1 class=\"elementor-heading-title elementor-size-default\">Juridische informatie<\/h1>\t\t\t\t<\/div>\n\t\t\t\t<\/div>\n\t\t\t\t\t<\/div>\n\t\t\t\t<\/div>\n\t\t\t\t<section class=\"elementor-section elementor-top-section elementor-element elementor-element-4620f410 elementor-section-boxed elementor-section-height-default elementor-section-height-default\" data-id=\"4620f410\" data-element_type=\"section\">\n\t\t\t\t\t\t<div class=\"elementor-container elementor-column-gap-default\">\n\t\t\t\t\t<div class=\"elementor-column elementor-col-100 elementor-top-column elementor-element elementor-element-7b84840c\" data-id=\"7b84840c\" data-element_type=\"column\">\n\t\t\t<div class=\"elementor-widget-wrap elementor-element-populated\">\n\t\t\t\t\t\t<div class=\"elementor-element elementor-element-515f97af elementor-widget elementor-widget-text-editor\" data-id=\"515f97af\" data-element_type=\"widget\" data-widget_type=\"text-editor.default\">\n\t\t\t\t<div class=\"elementor-widget-container\">\n\t\t\t\t\t\t\t\t\t<p><strong>Benaming<\/strong><\/p>\n<p>Champmarket.com is een website van AM&amp;Co, een Franse Soci\u00e9t\u00e9 par Action Simplifi\u00e9e (vereenvoudigde naamloze vennootschap) met een kapitaal van 42.855 euro, waarvan de maatschappelijke zetel gevestigd is te 47 Boulevard de Courcelles 75008 Parijs &#8211; Frankrijk, en ingeschreven bij het handels- en ondernemingsregister van Parijs onder de nummers:<\/p>\n<p>RCS Parijs 528 328 677<br \/>SIRET : 528 328 677 00042<br \/>Intracommunautaire BTW: BTW FR 29 528 328 677<\/p>\n<p>Uitgever: Champmarket.com is uitgegeven door AM&amp;Co PARIS RCS Paris 528 328 677 CHAMPMARKET 47 Boulevard de Courcelles 75008 Parijs &#8211; FRANKRIJK<\/p>\n<p>Hosting : Kinsta<\/p>\n<p>Directeur van de publicatie: Arnaud MOLIN &#8211; CEO<\/p>\n<p>CNIL: De website www.champmarket.com is geregistreerd bij de CNIL onder het nummer 1466614.<\/p>\n<p><strong>Contact en klantenservice<\/strong><\/p>\n<p>Per post: CHAMPMARKET Klantendienst 47 Boulevard de Courcelles 75008 Parijs &#8211; FRANKRIJK<\/p>\n<p>Per telefoon: 01 46 34 74 17<\/p>\n<p>Per mail: contact@champmarket.com<\/p>\n<p>Via het formulier op de site onder de rubriek: <a href=\"https:\/\/champmarket-wordpress-ejt1d.artifakt.dev\/contacts\" target=\"_blank\" rel=\"noreferrer noopener\">Contact<\/a><\/p>\n<p><strong>Intellectueel eigendom<\/strong><\/p>\n<p>Deze site is eigendom van de verkoper.<br \/>Alle elementen van de Website (teksten, commentaren, werken, illustraties en beelden, zowel visueel als geluid&#8230;), zijn beschermd door het auteursrecht, het merkenrecht, het octrooirecht, en dit voor de hele wereld. Zij zijn het exclusieve eigendom van de verkoper. Bijgevolg mogen zij niet worden gereproduceerd, ge\u00ebxploiteerd of gebruikt voor welk doel dan ook.<\/p>\n\t\t\t\t\t\t\t\t<\/div>\n\t\t\t\t<\/div>\n\t\t\t\t\t<\/div>\n\t\t<\/div>\n\t\t\t\t\t<\/div>\n\t\t<\/section>\n\t\t\t\t<\/div>\n\t\t","protected":false},"excerpt":{"rendered":"<p>Juridische informatie Benaming Champmarket.com is een website van AM&amp;Co, een Franse Soci\u00e9t\u00e9 par Action Simplifi\u00e9e (vereenvoudigde naamloze vennootschap) met een kapitaal van 42.855 euro, waarvan de maatschappelijke zetel gevestigd is te 47 Boulevard de Courcelles 75008 Parijs &#8211; Frankrijk, en ingeschreven bij het handels- en ondernemingsregister van Parijs onder de nummers: RCS Parijs 528 328 [&hellip;]<\/p>\n","protected":false},"author":2,"featured_media":0,"parent":0,"menu_order":0,"comment_status":"closed","ping_status":"closed","template":"elementor_header_footer","meta":{"_acf_changed":false,"footnotes":""},"class_list":["post-49773","page","type-page","status-publish","hentry"],"acf":[],"yoast_head":"<!-- This site is optimized with the Yoast SEO plugin v26.4 - https:\/\/yoast.com\/wordpress\/plugins\/seo\/ -->\n<title>Juridische informatie - Champmarket<\/title>\n<meta name=\"description\" content=\"Juridische informatie Benaming Champmarket.com is een website van AM&amp;Co, een Franse Soci\u00e9t\u00e9 par Action Simplifi\u00e9e (vereenvoudigde naamloze\" \/>\n<meta name=\"robots\" content=\"index, follow, max-snippet:-1, max-image-preview:large, max-video-preview:-1\" \/>\n<link rel=\"canonical\" href=\"https:\/\/www.champmarket.com\/nl\/infos-legales\/\" \/>\n<meta property=\"og:locale\" content=\"nl_NL\" \/>\n<meta property=\"og:type\" content=\"article\" \/>\n<meta property=\"og:title\" content=\"Juridische informatie - Champmarket\" \/>\n<meta property=\"og:description\" content=\"Juridische informatie Benaming Champmarket.com is een website van AM&amp;Co, een Franse Soci\u00e9t\u00e9 par Action Simplifi\u00e9e (vereenvoudigde naamloze\" \/>\n<meta property=\"og:url\" content=\"https:\/\/www.champmarket.com\/nl\/infos-legales\/\" \/>\n<meta property=\"og:site_name\" content=\"Champmarket\" \/>\n<meta property=\"article:publisher\" content=\"https:\/\/www.facebook.com\/ChampMarket\/\" \/>\n<meta property=\"article:modified_time\" content=\"2023-07-24T13:49:38+00:00\" \/>\n<meta name=\"twitter:card\" content=\"summary_large_image\" \/>\n<meta name=\"twitter:site\" content=\"@champmarket\" \/>\n<meta name=\"twitter:label1\" content=\"Geschatte leestijd\" \/>\n\t<meta name=\"twitter:data1\" content=\"1 minuut\" \/>\n<script type=\"application\/ld+json\" class=\"yoast-schema-graph\">{\"@context\":\"https:\/\/schema.org\",\"@graph\":[{\"@type\":\"WebPage\",\"@id\":\"https:\/\/www.champmarket.com\/nl\/infos-legales\/\",\"url\":\"https:\/\/www.champmarket.com\/nl\/infos-legales\/\",\"name\":\"Juridische informatie - Champmarket\",\"isPartOf\":{\"@id\":\"https:\/\/www.champmarket.com\/#website\"},\"datePublished\":\"2021-02-26T15:07:56+00:00\",\"dateModified\":\"2023-07-24T13:49:38+00:00\",\"description\":\"Juridische informatie Benaming Champmarket.com is een website van AM&amp;Co, een Franse Soci\u00e9t\u00e9 par Action Simplifi\u00e9e (vereenvoudigde naamloze\",\"breadcrumb\":{\"@id\":\"https:\/\/www.champmarket.com\/nl\/infos-legales\/#breadcrumb\"},\"inLanguage\":\"nl-NL\",\"potentialAction\":[{\"@type\":\"ReadAction\",\"target\":[\"https:\/\/www.champmarket.com\/nl\/infos-legales\/\"]}]},{\"@type\":\"BreadcrumbList\",\"@id\":\"https:\/\/www.champmarket.com\/nl\/infos-legales\/#breadcrumb\",\"itemListElement\":[{\"@type\":\"ListItem\",\"position\":1,\"name\":\"Accueil\",\"item\":\"https:\/\/www.champmarket.com\/nl\/\"},{\"@type\":\"ListItem\",\"position\":2,\"name\":\"Juridische informatie\"}]},{\"@type\":\"WebSite\",\"@id\":\"https:\/\/www.champmarket.com\/#website\",\"url\":\"https:\/\/www.champmarket.com\/\",\"name\":\"Champmarket\",\"description\":\"Champmarket, Champagnes, Cadeaus en Levenskunst\",\"publisher\":{\"@id\":\"https:\/\/www.champmarket.com\/#organization\"},\"potentialAction\":[{\"@type\":\"SearchAction\",\"target\":{\"@type\":\"EntryPoint\",\"urlTemplate\":\"https:\/\/www.champmarket.com\/?s={search_term_string}\"},\"query-input\":{\"@type\":\"PropertyValueSpecification\",\"valueRequired\":true,\"valueName\":\"search_term_string\"}}],\"inLanguage\":\"nl-NL\"},{\"@type\":\"Organization\",\"@id\":\"https:\/\/www.champmarket.com\/#organization\",\"name\":\"Champmarket\",\"url\":\"https:\/\/www.champmarket.com\/\",\"logo\":{\"@type\":\"ImageObject\",\"inLanguage\":\"nl-NL\",\"@id\":\"https:\/\/www.champmarket.com\/#\/schema\/logo\/image\/\",\"url\":\"https:\/\/www.champmarket.com\/wp-content\/uploads\/2024\/08\/logo2024-1.svg\",\"contentUrl\":\"https:\/\/www.champmarket.com\/wp-content\/uploads\/2024\/08\/logo2024-1.svg\",\"width\":579.8,\"height\":80,\"caption\":\"Champmarket\"},\"image\":{\"@id\":\"https:\/\/www.champmarket.com\/#\/schema\/logo\/image\/\"},\"sameAs\":[\"https:\/\/www.facebook.com\/ChampMarket\/\",\"https:\/\/x.com\/champmarket\",\"https:\/\/www.instagram.com\/champmarket.paris\/\",\"https:\/\/www.pinterest.fr\/champmarketparis\/\",\"https:\/\/www.linkedin.com\/company\/champmarket\/\"]}]}<\/script>\n<!-- \/ Yoast SEO plugin. -->","yoast_head_json":{"title":"Juridische informatie - Champmarket","description":"Juridische informatie Benaming Champmarket.com is een website van AM&amp;Co, een Franse Soci\u00e9t\u00e9 par Action Simplifi\u00e9e (vereenvoudigde naamloze","robots":{"index":"index","follow":"follow","max-snippet":"max-snippet:-1","max-image-preview":"max-image-preview:large","max-video-preview":"max-video-preview:-1"},"canonical":"https:\/\/www.champmarket.com\/nl\/infos-legales\/","og_locale":"nl_NL","og_type":"article","og_title":"Juridische informatie - Champmarket","og_description":"Juridische informatie Benaming Champmarket.com is een website van AM&amp;Co, een Franse Soci\u00e9t\u00e9 par Action Simplifi\u00e9e (vereenvoudigde naamloze","og_url":"https:\/\/www.champmarket.com\/nl\/infos-legales\/","og_site_name":"Champmarket","article_publisher":"https:\/\/www.facebook.com\/ChampMarket\/","article_modified_time":"2023-07-24T13:49:38+00:00","twitter_card":"summary_large_image","twitter_site":"@champmarket","twitter_misc":{"Geschatte leestijd":"1 minuut"},"schema":{"@context":"https:\/\/schema.org","@graph":[{"@type":"WebPage","@id":"https:\/\/www.champmarket.com\/nl\/infos-legales\/","url":"https:\/\/www.champmarket.com\/nl\/infos-legales\/","name":"Juridische informatie - Champmarket","isPartOf":{"@id":"https:\/\/www.champmarket.com\/#website"},"datePublished":"2021-02-26T15:07:56+00:00","dateModified":"2023-07-24T13:49:38+00:00","description":"Juridische informatie Benaming Champmarket.com is een website van AM&amp;Co, een Franse Soci\u00e9t\u00e9 par Action Simplifi\u00e9e (vereenvoudigde naamloze","breadcrumb":{"@id":"https:\/\/www.champmarket.com\/nl\/infos-legales\/#breadcrumb"},"inLanguage":"nl-NL","potentialAction":[{"@type":"ReadAction","target":["https:\/\/www.champmarket.com\/nl\/infos-legales\/"]}]},{"@type":"BreadcrumbList","@id":"https:\/\/www.champmarket.com\/nl\/infos-legales\/#breadcrumb","itemListElement":[{"@type":"ListItem","position":1,"name":"Accueil","item":"https:\/\/www.champmarket.com\/nl\/"},{"@type":"ListItem","position":2,"name":"Juridische informatie"}]},{"@type":"WebSite","@id":"https:\/\/www.champmarket.com\/#website","url":"https:\/\/www.champmarket.com\/","name":"Champmarket","description":"Champmarket, Champagnes, Cadeaus en Levenskunst","publisher":{"@id":"https:\/\/www.champmarket.com\/#organization"},"potentialAction":[{"@type":"SearchAction","target":{"@type":"EntryPoint","urlTemplate":"https:\/\/www.champmarket.com\/?s={search_term_string}"},"query-input":{"@type":"PropertyValueSpecification","valueRequired":true,"valueName":"search_term_string"}}],"inLanguage":"nl-NL"},{"@type":"Organization","@id":"https:\/\/www.champmarket.com\/#organization","name":"Champmarket","url":"https:\/\/www.champmarket.com\/","logo":{"@type":"ImageObject","inLanguage":"nl-NL","@id":"https:\/\/www.champmarket.com\/#\/schema\/logo\/image\/","url":"https:\/\/www.champmarket.com\/wp-content\/uploads\/2024\/08\/logo2024-1.svg","contentUrl":"https:\/\/www.champmarket.com\/wp-content\/uploads\/2024\/08\/logo2024-1.svg","width":579.8,"height":80,"caption":"Champmarket"},"image":{"@id":"https:\/\/www.champmarket.com\/#\/schema\/logo\/image\/"},"sameAs":["https:\/\/www.facebook.com\/ChampMarket\/","https:\/\/x.com\/champmarket","https:\/\/www.instagram.com\/champmarket.paris\/","https:\/\/www.pinterest.fr\/champmarketparis\/","https:\/\/www.linkedin.com\/company\/champmarket\/"]}]}},"_links":{"self":[{"href":"https:\/\/www.champmarket.com\/nl\/wp-json\/wp\/v2\/pages\/49773","targetHints":{"allow":["GET"]}}],"collection":[{"href":"https:\/\/www.champmarket.com\/nl\/wp-json\/wp\/v2\/pages"}],"about":[{"href":"https:\/\/www.champmarket.com\/nl\/wp-json\/wp\/v2\/types\/page"}],"author":[{"embeddable":true,"href":"https:\/\/www.champmarket.com\/nl\/wp-json\/wp\/v2\/users\/2"}],"replies":[{"embeddable":true,"href":"https:\/\/www.champmarket.com\/nl\/wp-json\/wp\/v2\/comments?post=49773"}],"version-history":[{"count":0,"href":"https:\/\/www.champmarket.com\/nl\/wp-json\/wp\/v2\/pages\/49773\/revisions"}],"wp:attachment":[{"href":"https:\/\/www.champmarket.com\/nl\/wp-json\/wp\/v2\/media?parent=49773"}],"curies":[{"name":"wp","href":"https:\/\/api.w.org\/{rel}","templated":true}]}}