{"id":49780,"date":"2021-01-13T11:01:34","date_gmt":"2021-01-13T10:01:34","guid":{"rendered":"https:\/\/www.champmarket.com\/wishlist\/"},"modified":"2024-09-03T22:38:56","modified_gmt":"2024-09-03T20:38:56","slug":"wishlist","status":"publish","type":"page","link":"https:\/\/www.champmarket.com\/nl\/wishlist\/","title":{"rendered":"Mes Champagnes Favoris"},"content":{"rendered":"\t\t<div data-elementor-type=\"wp-page\" data-elementor-id=\"49780\" class=\"elementor elementor-49780 elementor-23\" data-elementor-post-type=\"page\">\n\t\t\t\t<div class=\"elementor-element elementor-element-7e0148ba e-flex e-con-boxed e-con e-parent\" data-id=\"7e0148ba\" data-element_type=\"container\">\n\t\t\t\t\t<div class=\"e-con-inner\">\n\t\t\t\t<div class=\"elementor-element elementor-element-24e3fff4 elementor-widget elementor-widget-heading\" data-id=\"24e3fff4\" data-element_type=\"widget\" data-widget_type=\"heading.default\">\n\t\t\t\t<div class=\"elementor-widget-container\">\n\t\t\t\t\t<h1 class=\"elementor-heading-title elementor-size-default\">Mes champagnes favoris<\/h1>\t\t\t\t<\/div>\n\t\t\t\t<\/div>\n\t\t\t\t<div class=\"elementor-element elementor-element-4e8fbb2a elementor-widget elementor-widget-heading\" data-id=\"4e8fbb2a\" data-element_type=\"widget\" data-widget_type=\"heading.default\">\n\t\t\t\t<div class=\"elementor-widget-container\">\n\t\t\t\t\t<h2 class=\"elementor-heading-title elementor-size-default\">WISHList<\/h2>\t\t\t\t<\/div>\n\t\t\t\t<\/div>\n\t\t\t\t<div class=\"elementor-element elementor-element-6a421fe3 elementor-widget elementor-widget-text-editor\" data-id=\"6a421fe3\" data-element_type=\"widget\" data-widget_type=\"text-editor.default\">\n\t\t\t\t<div class=\"elementor-widget-container\">\n\t\t\t\t\t\t\t\t\t<p>Pour vous ou pour offrir, enregistrez ici vos cuv\u00e9es de pr\u00e9f\u00e9rence. Vous pourrez les retrouver simplement lors de vos prochaines connexions et pourrez les ajouter tr\u00e8s facilement \u00e0 votre panier.\u00a0<\/p>\t\t\t\t\t\t\t\t<\/div>\n\t\t\t\t<\/div>\n\t\t\t\t\t<\/div>\n\t\t\t\t<\/div>\n\t\t\t\t<section class=\"elementor-section elementor-top-section elementor-element elementor-element-7c7676c4 elementor-section-boxed elementor-section-height-default elementor-section-height-default\" data-id=\"7c7676c4\" data-element_type=\"section\">\n\t\t\t\t\t\t<div class=\"elementor-container elementor-column-gap-default\">\n\t\t\t\t\t<div class=\"elementor-column elementor-col-100 elementor-top-column elementor-element elementor-element-1be83f5\" data-id=\"1be83f5\" data-element_type=\"column\">\n\t\t\t<div class=\"elementor-widget-wrap elementor-element-populated\">\n\t\t\t\t\t\t<div class=\"elementor-element elementor-element-59b11cc0 elementor-widget elementor-widget-shortcode\" data-id=\"59b11cc0\" data-element_type=\"widget\" data-widget_type=\"shortcode.default\">\n\t\t\t\t<div class=\"elementor-widget-container\">\n\t\t\t\t\t\t\t<div class=\"elementor-shortcode\">[ti_wishlistsview]<\/div>\n\t\t\t\t\t\t<\/div>\n\t\t\t\t<\/div>\n\t\t\t\t\t<\/div>\n\t\t<\/div>\n\t\t\t\t\t<\/div>\n\t\t<\/section>\n\t\t\t\t<\/div>\n\t\t","protected":false},"excerpt":{"rendered":"<p>Mes champagnes favoris WISHList Pour vous ou pour offrir, enregistrez ici vos cuv\u00e9es de pr\u00e9f\u00e9rence. Vous pourrez les retrouver simplement lors de vos prochaines connexions et pourrez les ajouter tr\u00e8s facilement \u00e0 votre panier.\u00a0 [ti_wishlistsview]<\/p>\n","protected":false},"author":1,"featured_media":0,"parent":0,"menu_order":0,"comment_status":"closed","ping_status":"closed","template":"elementor_header_footer","meta":{"_acf_changed":false,"footnotes":""},"class_list":["post-49780","page","type-page","status-publish","hentry"],"acf":[],"yoast_head":"<!-- This site is optimized with the Yoast SEO plugin v26.4 - https:\/\/yoast.com\/wordpress\/plugins\/seo\/ -->\n<title>Mes Champagnes Favoris - Champmarket<\/title>\n<meta name=\"description\" content=\"Mes champagnes favoris WISHList Pour vous ou pour offrir, enregistrez ici vos cuv\u00e9es de pr\u00e9f\u00e9rence. Vous pourrez les retrouver simplement lors de vos\" \/>\n<meta name=\"robots\" content=\"index, follow, max-snippet:-1, max-image-preview:large, max-video-preview:-1\" \/>\n<link rel=\"canonical\" href=\"https:\/\/www.champmarket.com\/nl\/wishlist\/\" \/>\n<meta property=\"og:locale\" content=\"nl_NL\" \/>\n<meta property=\"og:type\" content=\"article\" \/>\n<meta property=\"og:title\" content=\"Mes Champagnes Favoris - Champmarket\" \/>\n<meta property=\"og:description\" content=\"Mes champagnes favoris WISHList Pour vous ou pour offrir, enregistrez ici vos cuv\u00e9es de pr\u00e9f\u00e9rence. Vous pourrez les retrouver simplement lors de vos\" \/>\n<meta property=\"og:url\" content=\"https:\/\/www.champmarket.com\/nl\/wishlist\/\" \/>\n<meta property=\"og:site_name\" content=\"Champmarket\" \/>\n<meta property=\"article:publisher\" content=\"https:\/\/www.facebook.com\/ChampMarket\/\" \/>\n<meta property=\"article:modified_time\" content=\"2024-09-03T20:38:56+00:00\" \/>\n<meta name=\"twitter:card\" content=\"summary_large_image\" \/>\n<meta name=\"twitter:site\" content=\"@champmarket\" \/>\n<script type=\"application\/ld+json\" class=\"yoast-schema-graph\">{\"@context\":\"https:\/\/schema.org\",\"@graph\":[{\"@type\":\"WebPage\",\"@id\":\"https:\/\/www.champmarket.com\/nl\/wishlist\/\",\"url\":\"https:\/\/www.champmarket.com\/nl\/wishlist\/\",\"name\":\"Mes Champagnes Favoris - Champmarket\",\"isPartOf\":{\"@id\":\"https:\/\/www.champmarket.com\/#website\"},\"datePublished\":\"2021-01-13T10:01:34+00:00\",\"dateModified\":\"2024-09-03T20:38:56+00:00\",\"description\":\"Mes champagnes favoris WISHList Pour vous ou pour offrir, enregistrez ici vos cuv\u00e9es de pr\u00e9f\u00e9rence. Vous pourrez les retrouver simplement lors de vos\",\"breadcrumb\":{\"@id\":\"https:\/\/www.champmarket.com\/nl\/wishlist\/#breadcrumb\"},\"inLanguage\":\"nl-NL\",\"potentialAction\":[{\"@type\":\"ReadAction\",\"target\":[\"https:\/\/www.champmarket.com\/nl\/wishlist\/\"]}]},{\"@type\":\"BreadcrumbList\",\"@id\":\"https:\/\/www.champmarket.com\/nl\/wishlist\/#breadcrumb\",\"itemListElement\":[{\"@type\":\"ListItem\",\"position\":1,\"name\":\"Accueil\",\"item\":\"https:\/\/www.champmarket.com\/nl\/\"},{\"@type\":\"ListItem\",\"position\":2,\"name\":\"Mes Champagnes Favoris\"}]},{\"@type\":\"WebSite\",\"@id\":\"https:\/\/www.champmarket.com\/#website\",\"url\":\"https:\/\/www.champmarket.com\/\",\"name\":\"Champmarket\",\"description\":\"Champmarket, Champagnes, Cadeaus en Levenskunst\",\"publisher\":{\"@id\":\"https:\/\/www.champmarket.com\/#organization\"},\"potentialAction\":[{\"@type\":\"SearchAction\",\"target\":{\"@type\":\"EntryPoint\",\"urlTemplate\":\"https:\/\/www.champmarket.com\/?s={search_term_string}\"},\"query-input\":{\"@type\":\"PropertyValueSpecification\",\"valueRequired\":true,\"valueName\":\"search_term_string\"}}],\"inLanguage\":\"nl-NL\"},{\"@type\":\"Organization\",\"@id\":\"https:\/\/www.champmarket.com\/#organization\",\"name\":\"Champmarket\",\"url\":\"https:\/\/www.champmarket.com\/\",\"logo\":{\"@type\":\"ImageObject\",\"inLanguage\":\"nl-NL\",\"@id\":\"https:\/\/www.champmarket.com\/#\/schema\/logo\/image\/\",\"url\":\"https:\/\/www.champmarket.com\/wp-content\/uploads\/2024\/08\/logo2024-1.svg\",\"contentUrl\":\"https:\/\/www.champmarket.com\/wp-content\/uploads\/2024\/08\/logo2024-1.svg\",\"width\":579.8,\"height\":80,\"caption\":\"Champmarket\"},\"image\":{\"@id\":\"https:\/\/www.champmarket.com\/#\/schema\/logo\/image\/\"},\"sameAs\":[\"https:\/\/www.facebook.com\/ChampMarket\/\",\"https:\/\/x.com\/champmarket\",\"https:\/\/www.instagram.com\/champmarket.paris\/\",\"https:\/\/www.pinterest.fr\/champmarketparis\/\",\"https:\/\/www.linkedin.com\/company\/champmarket\/\"]}]}<\/script>\n<!-- \/ Yoast SEO plugin. -->","yoast_head_json":{"title":"Mes Champagnes Favoris - Champmarket","description":"Mes champagnes favoris WISHList Pour vous ou pour offrir, enregistrez ici vos cuv\u00e9es de pr\u00e9f\u00e9rence. Vous pourrez les retrouver simplement lors de vos","robots":{"index":"index","follow":"follow","max-snippet":"max-snippet:-1","max-image-preview":"max-image-preview:large","max-video-preview":"max-video-preview:-1"},"canonical":"https:\/\/www.champmarket.com\/nl\/wishlist\/","og_locale":"nl_NL","og_type":"article","og_title":"Mes Champagnes Favoris - Champmarket","og_description":"Mes champagnes favoris WISHList Pour vous ou pour offrir, enregistrez ici vos cuv\u00e9es de pr\u00e9f\u00e9rence. Vous pourrez les retrouver simplement lors de vos","og_url":"https:\/\/www.champmarket.com\/nl\/wishlist\/","og_site_name":"Champmarket","article_publisher":"https:\/\/www.facebook.com\/ChampMarket\/","article_modified_time":"2024-09-03T20:38:56+00:00","twitter_card":"summary_large_image","twitter_site":"@champmarket","schema":{"@context":"https:\/\/schema.org","@graph":[{"@type":"WebPage","@id":"https:\/\/www.champmarket.com\/nl\/wishlist\/","url":"https:\/\/www.champmarket.com\/nl\/wishlist\/","name":"Mes Champagnes Favoris - Champmarket","isPartOf":{"@id":"https:\/\/www.champmarket.com\/#website"},"datePublished":"2021-01-13T10:01:34+00:00","dateModified":"2024-09-03T20:38:56+00:00","description":"Mes champagnes favoris WISHList Pour vous ou pour offrir, enregistrez ici vos cuv\u00e9es de pr\u00e9f\u00e9rence. Vous pourrez les retrouver simplement lors de vos","breadcrumb":{"@id":"https:\/\/www.champmarket.com\/nl\/wishlist\/#breadcrumb"},"inLanguage":"nl-NL","potentialAction":[{"@type":"ReadAction","target":["https:\/\/www.champmarket.com\/nl\/wishlist\/"]}]},{"@type":"BreadcrumbList","@id":"https:\/\/www.champmarket.com\/nl\/wishlist\/#breadcrumb","itemListElement":[{"@type":"ListItem","position":1,"name":"Accueil","item":"https:\/\/www.champmarket.com\/nl\/"},{"@type":"ListItem","position":2,"name":"Mes Champagnes Favoris"}]},{"@type":"WebSite","@id":"https:\/\/www.champmarket.com\/#website","url":"https:\/\/www.champmarket.com\/","name":"Champmarket","description":"Champmarket, Champagnes, Cadeaus en Levenskunst","publisher":{"@id":"https:\/\/www.champmarket.com\/#organization"},"potentialAction":[{"@type":"SearchAction","target":{"@type":"EntryPoint","urlTemplate":"https:\/\/www.champmarket.com\/?s={search_term_string}"},"query-input":{"@type":"PropertyValueSpecification","valueRequired":true,"valueName":"search_term_string"}}],"inLanguage":"nl-NL"},{"@type":"Organization","@id":"https:\/\/www.champmarket.com\/#organization","name":"Champmarket","url":"https:\/\/www.champmarket.com\/","logo":{"@type":"ImageObject","inLanguage":"nl-NL","@id":"https:\/\/www.champmarket.com\/#\/schema\/logo\/image\/","url":"https:\/\/www.champmarket.com\/wp-content\/uploads\/2024\/08\/logo2024-1.svg","contentUrl":"https:\/\/www.champmarket.com\/wp-content\/uploads\/2024\/08\/logo2024-1.svg","width":579.8,"height":80,"caption":"Champmarket"},"image":{"@id":"https:\/\/www.champmarket.com\/#\/schema\/logo\/image\/"},"sameAs":["https:\/\/www.facebook.com\/ChampMarket\/","https:\/\/x.com\/champmarket","https:\/\/www.instagram.com\/champmarket.paris\/","https:\/\/www.pinterest.fr\/champmarketparis\/","https:\/\/www.linkedin.com\/company\/champmarket\/"]}]}},"_links":{"self":[{"href":"https:\/\/www.champmarket.com\/nl\/wp-json\/wp\/v2\/pages\/49780","targetHints":{"allow":["GET"]}}],"collection":[{"href":"https:\/\/www.champmarket.com\/nl\/wp-json\/wp\/v2\/pages"}],"about":[{"href":"https:\/\/www.champmarket.com\/nl\/wp-json\/wp\/v2\/types\/page"}],"author":[{"embeddable":true,"href":"https:\/\/www.champmarket.com\/nl\/wp-json\/wp\/v2\/users\/1"}],"replies":[{"embeddable":true,"href":"https:\/\/www.champmarket.com\/nl\/wp-json\/wp\/v2\/comments?post=49780"}],"version-history":[{"count":9,"href":"https:\/\/www.champmarket.com\/nl\/wp-json\/wp\/v2\/pages\/49780\/revisions"}],"predecessor-version":[{"id":71352,"href":"https:\/\/www.champmarket.com\/nl\/wp-json\/wp\/v2\/pages\/49780\/revisions\/71352"}],"wp:attachment":[{"href":"https:\/\/www.champmarket.com\/nl\/wp-json\/wp\/v2\/media?parent=49780"}],"curies":[{"name":"wp","href":"https:\/\/api.w.org\/{rel}","templated":true}]}}