{"id":50076,"date":"2022-06-27T15:06:00","date_gmt":"2023-03-22T13:05:09","guid":{"rendered":"https:\/\/www.champmarket.com\/champagne\/barons-de-rothschild-rare-collection-rose-2012-magnum-2\/"},"modified":"2023-04-14T10:07:49","modified_gmt":"2023-04-14T08:07:49","slug":"barons-de-rothschild-rare-collection-rose-2012-magnum","status":"publish","type":"product","link":"https:\/\/www.champmarket.com\/nl\/champagne\/barons-de-rothschild-rare-collection-rose-2012-magnum\/","title":{"rendered":"Barons de Rothschild Rare Collection Ros\u00e9 2012 Magnum"},"content":{"rendered":"<p>De Barons de Rothschild Rare Collection Ros\u00e9 2012 Magnum wordt in zeer beperkte hoeveelheden geproduceerd en krijgt dezelfde zorg als de beste wijnen van de familie Rothschild.<\/p>\n<p>Sinds de oprichting van het Champagnehuis in 2005 heeft de familie Rothschild zich in de Champagne gevestigd met als enige ambitie uitmuntendheid. Nog geen jaar later voltooit de creatie van een uitzonderlijke cuv\u00e9e in het teken van een groots wijnjaar, zoals de wijnen van hun grootste Ch\u00e2teaux.<\/p>\n<p>Het Magnum-formaat is een grote fles met een inhoud van 1,5 liter, die staat voor 2 flessen champagne of 12 glazen. Dit grote formaat is ideaal voor recepties, diners en speciale gelegenheden.<\/p>\n","protected":false},"excerpt":{"rendered":"<p>De Barons de Rothschild Rare Collection Ros\u00e9 2012 Magnum, geproduceerd in zeer beperkte hoeveelheden, is een unieke blend van vier Chardonnay Grands Crus en een vleugje rode wijn uit een uitzonderlijk jaar. Een prestigieuze cuv\u00e9e met een perfecte harmonie, tussen volheid en delicatesse.<\/p>\n","protected":false},"featured_media":48874,"template":"","meta":{"_acf_changed":false},"product_brand":[],"product_cat":[3308,3141,3129,3132,3176,3117,3115,3116,3114,3168],"product_tag":[3187,3188,3190,3200,3196,3198],"class_list":{"0":"post-50076","1":"product","2":"type-product","3":"status-publish","4":"has-post-thumbnail","6":"maisons-selectie-champagne-barons-de-rothschild-nl","7":"product_cat-alle-champagnes-en-boxes","8":"product_cat-barons-de-rothschild-nl","9":"product_cat-grote-flessen","10":"product_cat-magnum-nl","11":"product_cat-tous-les-champagnes-nl","12":"product_cat-rose-champagne","13":"product_cat-vintage-champagne","14":"product_cat-prestige-champagne","15":"product_cat-champagne-extra-brut-non-dose-zero-dosage-nl","16":"product_cat-repas-nl","17":"product_tag-grand-flacon-nl","18":"product_tag-haute-couture-nl","19":"product_tag-la-vie-en-rose-nl","20":"product_tag-vintage-nl","21":"product_tag-repas-champagne-nl","22":"product_tag-cocktail-event-nl","24":"first","25":"instock","26":"taxable","27":"shipping-taxable","28":"purchasable","29":"product-type-simple"},"acf":[],"yoast_head":"<!-- This site is optimized with the Yoast SEO plugin v26.4 - https:\/\/yoast.com\/wordpress\/plugins\/seo\/ -->\n<title>Barons de Rothschild Rare Collection Ros\u00e9 2012 Magnum - Champmarket<\/title>\n<meta name=\"description\" content=\"Barons de Rothschild Rare Collection Ros\u00e9 2012 Magnum wordt in zeer beperkte hoeveelheden geproduceerd. Een prestigieuze cuv\u00e9e met een perfecte harmonie, tussen volheid en delicatesse.\" \/>\n<meta name=\"robots\" content=\"index, follow, max-snippet:-1, max-image-preview:large, max-video-preview:-1\" \/>\n<link rel=\"canonical\" href=\"https:\/\/www.champmarket.com\/nl\/champagne\/barons-de-rothschild-rare-collection-rose-2012-magnum\/\" \/>\n<meta property=\"og:locale\" content=\"nl_NL\" \/>\n<meta property=\"og:type\" content=\"article\" \/>\n<meta property=\"og:title\" content=\"Barons de Rothschild Rare Collection Ros\u00e9 2012 Magnum - Champmarket\" \/>\n<meta property=\"og:description\" content=\"Barons de Rothschild Rare Collection Ros\u00e9 2012 Magnum wordt in zeer beperkte hoeveelheden geproduceerd. Een prestigieuze cuv\u00e9e met een perfecte harmonie, tussen volheid en delicatesse.\" \/>\n<meta property=\"og:url\" content=\"https:\/\/www.champmarket.com\/nl\/champagne\/barons-de-rothschild-rare-collection-rose-2012-magnum\/\" \/>\n<meta property=\"og:site_name\" content=\"Champmarket\" \/>\n<meta property=\"article:publisher\" content=\"https:\/\/www.facebook.com\/ChampMarket\/\" \/>\n<meta property=\"article:modified_time\" content=\"2023-04-14T08:07:49+00:00\" \/>\n<meta property=\"og:image\" content=\"https:\/\/www.champmarket.com\/wp-content\/uploads\/2022\/06\/barons-de-rothschild-rare-collection-rose-2012-magnum.jpg\" \/>\n\t<meta property=\"og:image:width\" content=\"2000\" \/>\n\t<meta property=\"og:image:height\" content=\"2000\" \/>\n\t<meta property=\"og:image:type\" content=\"image\/jpeg\" \/>\n<meta name=\"twitter:card\" content=\"summary_large_image\" \/>\n<meta name=\"twitter:site\" content=\"@champmarket\" \/>\n<meta name=\"twitter:label1\" content=\"Geschatte leestijd\" \/>\n\t<meta name=\"twitter:data1\" content=\"1 minuut\" \/>\n<script type=\"application\/ld+json\" class=\"yoast-schema-graph\">{\"@context\":\"https:\/\/schema.org\",\"@graph\":[{\"@type\":\"WebPage\",\"@id\":\"https:\/\/www.champmarket.com\/nl\/champagne\/barons-de-rothschild-rare-collection-rose-2012-magnum\/\",\"url\":\"https:\/\/www.champmarket.com\/nl\/champagne\/barons-de-rothschild-rare-collection-rose-2012-magnum\/\",\"name\":\"Barons de Rothschild Rare Collection Ros\u00e9 2012 Magnum - Champmarket\",\"isPartOf\":{\"@id\":\"https:\/\/www.champmarket.com\/#website\"},\"primaryImageOfPage\":{\"@id\":\"https:\/\/www.champmarket.com\/nl\/champagne\/barons-de-rothschild-rare-collection-rose-2012-magnum\/#primaryimage\"},\"image\":{\"@id\":\"https:\/\/www.champmarket.com\/nl\/champagne\/barons-de-rothschild-rare-collection-rose-2012-magnum\/#primaryimage\"},\"thumbnailUrl\":\"https:\/\/www.champmarket.com\/wp-content\/uploads\/2022\/06\/barons-de-rothschild-rare-collection-rose-2012-magnum.webp\",\"datePublished\":\"2023-03-22T13:05:09+00:00\",\"dateModified\":\"2023-04-14T08:07:49+00:00\",\"description\":\"Barons de Rothschild Rare Collection Ros\u00e9 2012 Magnum wordt in zeer beperkte hoeveelheden geproduceerd. Een prestigieuze cuv\u00e9e met een perfecte harmonie, tussen volheid en delicatesse.\",\"breadcrumb\":{\"@id\":\"https:\/\/www.champmarket.com\/nl\/champagne\/barons-de-rothschild-rare-collection-rose-2012-magnum\/#breadcrumb\"},\"inLanguage\":\"nl-NL\",\"potentialAction\":[{\"@type\":\"ReadAction\",\"target\":[\"https:\/\/www.champmarket.com\/nl\/champagne\/barons-de-rothschild-rare-collection-rose-2012-magnum\/\"]}]},{\"@type\":\"ImageObject\",\"inLanguage\":\"nl-NL\",\"@id\":\"https:\/\/www.champmarket.com\/nl\/champagne\/barons-de-rothschild-rare-collection-rose-2012-magnum\/#primaryimage\",\"url\":\"https:\/\/www.champmarket.com\/wp-content\/uploads\/2022\/06\/barons-de-rothschild-rare-collection-rose-2012-magnum.webp\",\"contentUrl\":\"https:\/\/www.champmarket.com\/wp-content\/uploads\/2022\/06\/barons-de-rothschild-rare-collection-rose-2012-magnum.webp\",\"width\":2000,\"height\":2000},{\"@type\":\"BreadcrumbList\",\"@id\":\"https:\/\/www.champmarket.com\/nl\/champagne\/barons-de-rothschild-rare-collection-rose-2012-magnum\/#breadcrumb\",\"itemListElement\":[{\"@type\":\"ListItem\",\"position\":1,\"name\":\"Accueil\",\"item\":\"https:\/\/www.champmarket.com\/nl\/\"},{\"@type\":\"ListItem\",\"position\":2,\"name\":\"Winkel\",\"item\":\"https:\/\/www.champmarket.com\/nl\/boutique\/\"},{\"@type\":\"ListItem\",\"position\":3,\"name\":\"Barons de Rothschild\",\"item\":\"https:\/\/www.champmarket.com\/nl\/maisons\/selectie-champagne-barons-de-rothschild-nl\/\"},{\"@type\":\"ListItem\",\"position\":4,\"name\":\"Barons de Rothschild Rare Collection Ros\u00e9 2012 Magnum\"}]},{\"@type\":\"WebSite\",\"@id\":\"https:\/\/www.champmarket.com\/#website\",\"url\":\"https:\/\/www.champmarket.com\/\",\"name\":\"Champmarket\",\"description\":\"Champmarket, Champagnes, Cadeaus en Levenskunst\",\"publisher\":{\"@id\":\"https:\/\/www.champmarket.com\/#organization\"},\"potentialAction\":[{\"@type\":\"SearchAction\",\"target\":{\"@type\":\"EntryPoint\",\"urlTemplate\":\"https:\/\/www.champmarket.com\/?s={search_term_string}\"},\"query-input\":{\"@type\":\"PropertyValueSpecification\",\"valueRequired\":true,\"valueName\":\"search_term_string\"}}],\"inLanguage\":\"nl-NL\"},{\"@type\":\"Organization\",\"@id\":\"https:\/\/www.champmarket.com\/#organization\",\"name\":\"Champmarket\",\"url\":\"https:\/\/www.champmarket.com\/\",\"logo\":{\"@type\":\"ImageObject\",\"inLanguage\":\"nl-NL\",\"@id\":\"https:\/\/www.champmarket.com\/#\/schema\/logo\/image\/\",\"url\":\"https:\/\/www.champmarket.com\/wp-content\/uploads\/2024\/08\/logo2024-1.svg\",\"contentUrl\":\"https:\/\/www.champmarket.com\/wp-content\/uploads\/2024\/08\/logo2024-1.svg\",\"width\":579.8,\"height\":80,\"caption\":\"Champmarket\"},\"image\":{\"@id\":\"https:\/\/www.champmarket.com\/#\/schema\/logo\/image\/\"},\"sameAs\":[\"https:\/\/www.facebook.com\/ChampMarket\/\",\"https:\/\/x.com\/champmarket\",\"https:\/\/www.instagram.com\/champmarket.paris\/\",\"https:\/\/www.pinterest.fr\/champmarketparis\/\",\"https:\/\/www.linkedin.com\/company\/champmarket\/\"]}]}<\/script>\n<!-- \/ Yoast SEO plugin. -->","yoast_head_json":{"title":"Barons de Rothschild Rare Collection Ros\u00e9 2012 Magnum - Champmarket","description":"Barons de Rothschild Rare Collection Ros\u00e9 2012 Magnum wordt in zeer beperkte hoeveelheden geproduceerd. Een prestigieuze cuv\u00e9e met een perfecte harmonie, tussen volheid en delicatesse.","robots":{"index":"index","follow":"follow","max-snippet":"max-snippet:-1","max-image-preview":"max-image-preview:large","max-video-preview":"max-video-preview:-1"},"canonical":"https:\/\/www.champmarket.com\/nl\/champagne\/barons-de-rothschild-rare-collection-rose-2012-magnum\/","og_locale":"nl_NL","og_type":"article","og_title":"Barons de Rothschild Rare Collection Ros\u00e9 2012 Magnum - Champmarket","og_description":"Barons de Rothschild Rare Collection Ros\u00e9 2012 Magnum wordt in zeer beperkte hoeveelheden geproduceerd. Een prestigieuze cuv\u00e9e met een perfecte harmonie, tussen volheid en delicatesse.","og_url":"https:\/\/www.champmarket.com\/nl\/champagne\/barons-de-rothschild-rare-collection-rose-2012-magnum\/","og_site_name":"Champmarket","article_publisher":"https:\/\/www.facebook.com\/ChampMarket\/","article_modified_time":"2023-04-14T08:07:49+00:00","og_image":[{"width":2000,"height":2000,"url":"https:\/\/www.champmarket.com\/wp-content\/uploads\/2022\/06\/barons-de-rothschild-rare-collection-rose-2012-magnum.jpg","type":"image\/jpeg"}],"twitter_card":"summary_large_image","twitter_site":"@champmarket","twitter_misc":{"Geschatte leestijd":"1 minuut"},"schema":{"@context":"https:\/\/schema.org","@graph":[{"@type":"WebPage","@id":"https:\/\/www.champmarket.com\/nl\/champagne\/barons-de-rothschild-rare-collection-rose-2012-magnum\/","url":"https:\/\/www.champmarket.com\/nl\/champagne\/barons-de-rothschild-rare-collection-rose-2012-magnum\/","name":"Barons de Rothschild Rare Collection Ros\u00e9 2012 Magnum - Champmarket","isPartOf":{"@id":"https:\/\/www.champmarket.com\/#website"},"primaryImageOfPage":{"@id":"https:\/\/www.champmarket.com\/nl\/champagne\/barons-de-rothschild-rare-collection-rose-2012-magnum\/#primaryimage"},"image":{"@id":"https:\/\/www.champmarket.com\/nl\/champagne\/barons-de-rothschild-rare-collection-rose-2012-magnum\/#primaryimage"},"thumbnailUrl":"https:\/\/www.champmarket.com\/wp-content\/uploads\/2022\/06\/barons-de-rothschild-rare-collection-rose-2012-magnum.webp","datePublished":"2023-03-22T13:05:09+00:00","dateModified":"2023-04-14T08:07:49+00:00","description":"Barons de Rothschild Rare Collection Ros\u00e9 2012 Magnum wordt in zeer beperkte hoeveelheden geproduceerd. Een prestigieuze cuv\u00e9e met een perfecte harmonie, tussen volheid en delicatesse.","breadcrumb":{"@id":"https:\/\/www.champmarket.com\/nl\/champagne\/barons-de-rothschild-rare-collection-rose-2012-magnum\/#breadcrumb"},"inLanguage":"nl-NL","potentialAction":[{"@type":"ReadAction","target":["https:\/\/www.champmarket.com\/nl\/champagne\/barons-de-rothschild-rare-collection-rose-2012-magnum\/"]}]},{"@type":"ImageObject","inLanguage":"nl-NL","@id":"https:\/\/www.champmarket.com\/nl\/champagne\/barons-de-rothschild-rare-collection-rose-2012-magnum\/#primaryimage","url":"https:\/\/www.champmarket.com\/wp-content\/uploads\/2022\/06\/barons-de-rothschild-rare-collection-rose-2012-magnum.webp","contentUrl":"https:\/\/www.champmarket.com\/wp-content\/uploads\/2022\/06\/barons-de-rothschild-rare-collection-rose-2012-magnum.webp","width":2000,"height":2000},{"@type":"BreadcrumbList","@id":"https:\/\/www.champmarket.com\/nl\/champagne\/barons-de-rothschild-rare-collection-rose-2012-magnum\/#breadcrumb","itemListElement":[{"@type":"ListItem","position":1,"name":"Accueil","item":"https:\/\/www.champmarket.com\/nl\/"},{"@type":"ListItem","position":2,"name":"Winkel","item":"https:\/\/www.champmarket.com\/nl\/boutique\/"},{"@type":"ListItem","position":3,"name":"Barons de Rothschild","item":"https:\/\/www.champmarket.com\/nl\/maisons\/selectie-champagne-barons-de-rothschild-nl\/"},{"@type":"ListItem","position":4,"name":"Barons de Rothschild Rare Collection Ros\u00e9 2012 Magnum"}]},{"@type":"WebSite","@id":"https:\/\/www.champmarket.com\/#website","url":"https:\/\/www.champmarket.com\/","name":"Champmarket","description":"Champmarket, Champagnes, Cadeaus en Levenskunst","publisher":{"@id":"https:\/\/www.champmarket.com\/#organization"},"potentialAction":[{"@type":"SearchAction","target":{"@type":"EntryPoint","urlTemplate":"https:\/\/www.champmarket.com\/?s={search_term_string}"},"query-input":{"@type":"PropertyValueSpecification","valueRequired":true,"valueName":"search_term_string"}}],"inLanguage":"nl-NL"},{"@type":"Organization","@id":"https:\/\/www.champmarket.com\/#organization","name":"Champmarket","url":"https:\/\/www.champmarket.com\/","logo":{"@type":"ImageObject","inLanguage":"nl-NL","@id":"https:\/\/www.champmarket.com\/#\/schema\/logo\/image\/","url":"https:\/\/www.champmarket.com\/wp-content\/uploads\/2024\/08\/logo2024-1.svg","contentUrl":"https:\/\/www.champmarket.com\/wp-content\/uploads\/2024\/08\/logo2024-1.svg","width":579.8,"height":80,"caption":"Champmarket"},"image":{"@id":"https:\/\/www.champmarket.com\/#\/schema\/logo\/image\/"},"sameAs":["https:\/\/www.facebook.com\/ChampMarket\/","https:\/\/x.com\/champmarket","https:\/\/www.instagram.com\/champmarket.paris\/","https:\/\/www.pinterest.fr\/champmarketparis\/","https:\/\/www.linkedin.com\/company\/champmarket\/"]}]}},"_links":{"self":[{"href":"https:\/\/www.champmarket.com\/nl\/wp-json\/wp\/v2\/product\/50076","targetHints":{"allow":["GET"]}}],"collection":[{"href":"https:\/\/www.champmarket.com\/nl\/wp-json\/wp\/v2\/product"}],"about":[{"href":"https:\/\/www.champmarket.com\/nl\/wp-json\/wp\/v2\/types\/product"}],"version-history":[{"count":0,"href":"https:\/\/www.champmarket.com\/nl\/wp-json\/wp\/v2\/product\/50076\/revisions"}],"wp:featuredmedia":[{"embeddable":true,"href":"https:\/\/www.champmarket.com\/nl\/wp-json\/wp\/v2\/media\/48874"}],"wp:attachment":[{"href":"https:\/\/www.champmarket.com\/nl\/wp-json\/wp\/v2\/media?parent=50076"}],"wp:term":[{"taxonomy":"product_brand","embeddable":true,"href":"https:\/\/www.champmarket.com\/nl\/wp-json\/wp\/v2\/product_brand?post=50076"},{"taxonomy":"product_cat","embeddable":true,"href":"https:\/\/www.champmarket.com\/nl\/wp-json\/wp\/v2\/product_cat?post=50076"},{"taxonomy":"product_tag","embeddable":true,"href":"https:\/\/www.champmarket.com\/nl\/wp-json\/wp\/v2\/product_tag?post=50076"}],"curies":[{"name":"wp","href":"https:\/\/api.w.org\/{rel}","templated":true}]}}