{"id":50317,"date":"2023-01-12T08:45:14","date_gmt":"2023-03-27T11:56:12","guid":{"rendered":"https:\/\/www.champmarket.com\/champagne\/rare-rose-vintage-2012-fles\/"},"modified":"2023-04-14T10:11:54","modified_gmt":"2023-04-14T08:11:54","slug":"rare-rose-vintage-2012-fles","status":"publish","type":"product","link":"https:\/\/www.champmarket.com\/nl\/champagne\/rare-rose-vintage-2012-fles\/","title":{"rendered":"Rare Ros\u00e9 Vintage 2012 Fles"},"content":{"rendered":"<p>Na Rare Ros\u00e9 Vintage 2008 heeft het huis niet zo lang gewacht met het uitroepen van een nieuwe ros\u00e9 vintage. Ondanks de moeilijke weersomstandigheden in 2012 heeft Rare Champagne opnieuw zijn uitzonderlijke visie op champagne en zijn oenologische expertise bewezen. Rare Ros\u00e9 Vintage 2012 getuigt van deze spannende uitdaging om een gedenkwaardig wijnjaar te blenden.<\/p>\n<p>Kostbare en raadselachtige roos. Rare Champagne bewijst zijn meesterschap en meer. Als we de bubbels van Rare Ros\u00e9 Vintage 2012 in het glas zien stijgen, lijkt het erop dat de stijl, gecre\u00eberd met Rare Ros\u00e9 Vintage 2007, nauwgezet wordt nageleefd. In feite is het onmogelijk voor te stellen wat de tien jaar in de kelder de wijn hebben gebracht: een floraal accent, maar niet alleen. Bloemig, fruitig en kruidig zijn verenigd in Rare Ros\u00e9 Vintage 2012.<\/p>\n","protected":false},"excerpt":{"rendered":"<p>Rare Ros\u00e9 Vintage 2012 verrijkt de stijl van het huis met een nieuw facet. Drie families van aroma&#8217;s, bloemig, fruitig en kruidig, zijn in evenwicht in de zelfverzekerde signatuur van deze nieuwe ros\u00e9.<br \/>\nVan levendige energie tot minerale frisheid. Rare Ros\u00e9 Vintage 2012 drukt de delicatesse uit van een geherinterpreteerde bloem. Een mooie complexiteit van kruidige spanning en verfrissend fruit. Blauwachtige tinten roepen een minerale afdronk op met zowel tannine als jodium.<br \/>\nEen geweldige champagne, voor al uw speciale momenten.<\/p>\n","protected":false},"featured_media":49554,"template":"","meta":{"_acf_changed":false},"product_brand":[],"product_cat":[3353,3321,3308,3138,3158,3106,3176,3117,3115,3116,3168],"product_tag":[3188,3190,3200,3196],"class_list":{"0":"post-50317","1":"product","2":"type-product","3":"status-publish","4":"has-post-thumbnail","6":"maisons-selectie-champagne-rare-nl","7":"product_cat-kerstchampagnes","8":"product_cat-beste-champagnes","9":"product_cat-alle-champagnes-en-boxes","10":"product_cat-categorie-champagnehuizen","11":"product_cat-rare-champagne-nl","12":"product_cat-flessen","13":"product_cat-tous-les-champagnes-nl","14":"product_cat-rose-champagne","15":"product_cat-vintage-champagne","16":"product_cat-prestige-champagne","17":"product_cat-repas-nl","18":"product_tag-haute-couture-nl","19":"product_tag-la-vie-en-rose-nl","20":"product_tag-vintage-nl","21":"product_tag-repas-champagne-nl","23":"first","24":"instock","25":"taxable","26":"shipping-taxable","27":"purchasable","28":"product-type-simple"},"acf":[],"yoast_head":"<!-- This site is optimized with the Yoast SEO plugin v26.4 - https:\/\/yoast.com\/wordpress\/plugins\/seo\/ -->\n<title>Rare Ros\u00e9 Vintage 2012 Fles - Champmarket<\/title>\n<meta name=\"description\" content=\"Rare Ros\u00e9 Vintage 2012 verrijkt de stijl van het huis met een nieuw facet. Drie families van aroma&#039;s, bloemig, fruitig en kruidig, zijn in evenwicht in de zelfverzekerde signatuur van deze nieuwe ros\u00e9. Een geweldige champagne, voor al uw speciale momenten.\" \/>\n<meta name=\"robots\" content=\"index, follow, max-snippet:-1, max-image-preview:large, max-video-preview:-1\" \/>\n<link rel=\"canonical\" href=\"https:\/\/www.champmarket.com\/nl\/champagne\/rare-rose-vintage-2012-fles\/\" \/>\n<meta property=\"og:locale\" content=\"nl_NL\" \/>\n<meta property=\"og:type\" content=\"article\" \/>\n<meta property=\"og:title\" content=\"Rare Ros\u00e9 Vintage 2012 Fles - Champmarket\" \/>\n<meta property=\"og:description\" content=\"Rare Ros\u00e9 Vintage 2012 verrijkt de stijl van het huis met een nieuw facet. Drie families van aroma&#039;s, bloemig, fruitig en kruidig, zijn in evenwicht in de zelfverzekerde signatuur van deze nieuwe ros\u00e9. Een geweldige champagne, voor al uw speciale momenten.\" \/>\n<meta property=\"og:url\" content=\"https:\/\/www.champmarket.com\/nl\/champagne\/rare-rose-vintage-2012-fles\/\" \/>\n<meta property=\"og:site_name\" content=\"Champmarket\" \/>\n<meta property=\"article:publisher\" content=\"https:\/\/www.facebook.com\/ChampMarket\/\" \/>\n<meta property=\"article:modified_time\" content=\"2023-04-14T08:11:54+00:00\" \/>\n<meta property=\"og:image\" content=\"https:\/\/www.champmarket.com\/wp-content\/uploads\/2023\/01\/fiche-produit-rare-rose-millesime-2012-bouteille.jpg\" \/>\n\t<meta property=\"og:image:width\" content=\"1200\" \/>\n\t<meta property=\"og:image:height\" content=\"1200\" \/>\n\t<meta property=\"og:image:type\" content=\"image\/jpeg\" \/>\n<meta name=\"twitter:card\" content=\"summary_large_image\" \/>\n<meta name=\"twitter:site\" content=\"@champmarket\" \/>\n<meta name=\"twitter:label1\" content=\"Geschatte leestijd\" \/>\n\t<meta name=\"twitter:data1\" content=\"1 minuut\" \/>\n<script type=\"application\/ld+json\" class=\"yoast-schema-graph\">{\"@context\":\"https:\/\/schema.org\",\"@graph\":[{\"@type\":\"WebPage\",\"@id\":\"https:\/\/www.champmarket.com\/nl\/champagne\/rare-rose-vintage-2012-fles\/\",\"url\":\"https:\/\/www.champmarket.com\/nl\/champagne\/rare-rose-vintage-2012-fles\/\",\"name\":\"Rare Ros\u00e9 Vintage 2012 Fles - Champmarket\",\"isPartOf\":{\"@id\":\"https:\/\/www.champmarket.com\/#website\"},\"primaryImageOfPage\":{\"@id\":\"https:\/\/www.champmarket.com\/nl\/champagne\/rare-rose-vintage-2012-fles\/#primaryimage\"},\"image\":{\"@id\":\"https:\/\/www.champmarket.com\/nl\/champagne\/rare-rose-vintage-2012-fles\/#primaryimage\"},\"thumbnailUrl\":\"https:\/\/www.champmarket.com\/wp-content\/uploads\/2023\/01\/fiche-produit-rare-rose-millesime-2012-bouteille.webp\",\"datePublished\":\"2023-03-27T11:56:12+00:00\",\"dateModified\":\"2023-04-14T08:11:54+00:00\",\"description\":\"Rare Ros\u00e9 Vintage 2012 verrijkt de stijl van het huis met een nieuw facet. Drie families van aroma's, bloemig, fruitig en kruidig, zijn in evenwicht in de zelfverzekerde signatuur van deze nieuwe ros\u00e9. Een geweldige champagne, voor al uw speciale momenten.\",\"breadcrumb\":{\"@id\":\"https:\/\/www.champmarket.com\/nl\/champagne\/rare-rose-vintage-2012-fles\/#breadcrumb\"},\"inLanguage\":\"nl-NL\",\"potentialAction\":[{\"@type\":\"ReadAction\",\"target\":[\"https:\/\/www.champmarket.com\/nl\/champagne\/rare-rose-vintage-2012-fles\/\"]}]},{\"@type\":\"ImageObject\",\"inLanguage\":\"nl-NL\",\"@id\":\"https:\/\/www.champmarket.com\/nl\/champagne\/rare-rose-vintage-2012-fles\/#primaryimage\",\"url\":\"https:\/\/www.champmarket.com\/wp-content\/uploads\/2023\/01\/fiche-produit-rare-rose-millesime-2012-bouteille.webp\",\"contentUrl\":\"https:\/\/www.champmarket.com\/wp-content\/uploads\/2023\/01\/fiche-produit-rare-rose-millesime-2012-bouteille.webp\",\"width\":1200,\"height\":1200},{\"@type\":\"BreadcrumbList\",\"@id\":\"https:\/\/www.champmarket.com\/nl\/champagne\/rare-rose-vintage-2012-fles\/#breadcrumb\",\"itemListElement\":[{\"@type\":\"ListItem\",\"position\":1,\"name\":\"Accueil\",\"item\":\"https:\/\/www.champmarket.com\/nl\/\"},{\"@type\":\"ListItem\",\"position\":2,\"name\":\"Winkel\",\"item\":\"https:\/\/www.champmarket.com\/nl\/boutique\/\"},{\"@type\":\"ListItem\",\"position\":3,\"name\":\"Rare Champagne\",\"item\":\"https:\/\/www.champmarket.com\/nl\/maisons\/selectie-champagne-rare-nl\/\"},{\"@type\":\"ListItem\",\"position\":4,\"name\":\"Rare Ros\u00e9 Vintage 2012 Fles\"}]},{\"@type\":\"WebSite\",\"@id\":\"https:\/\/www.champmarket.com\/#website\",\"url\":\"https:\/\/www.champmarket.com\/\",\"name\":\"Champmarket\",\"description\":\"Champmarket, Champagnes, Cadeaus en Levenskunst\",\"publisher\":{\"@id\":\"https:\/\/www.champmarket.com\/#organization\"},\"potentialAction\":[{\"@type\":\"SearchAction\",\"target\":{\"@type\":\"EntryPoint\",\"urlTemplate\":\"https:\/\/www.champmarket.com\/?s={search_term_string}\"},\"query-input\":{\"@type\":\"PropertyValueSpecification\",\"valueRequired\":true,\"valueName\":\"search_term_string\"}}],\"inLanguage\":\"nl-NL\"},{\"@type\":\"Organization\",\"@id\":\"https:\/\/www.champmarket.com\/#organization\",\"name\":\"Champmarket\",\"url\":\"https:\/\/www.champmarket.com\/\",\"logo\":{\"@type\":\"ImageObject\",\"inLanguage\":\"nl-NL\",\"@id\":\"https:\/\/www.champmarket.com\/#\/schema\/logo\/image\/\",\"url\":\"https:\/\/www.champmarket.com\/wp-content\/uploads\/2024\/08\/logo2024-1.svg\",\"contentUrl\":\"https:\/\/www.champmarket.com\/wp-content\/uploads\/2024\/08\/logo2024-1.svg\",\"width\":579.8,\"height\":80,\"caption\":\"Champmarket\"},\"image\":{\"@id\":\"https:\/\/www.champmarket.com\/#\/schema\/logo\/image\/\"},\"sameAs\":[\"https:\/\/www.facebook.com\/ChampMarket\/\",\"https:\/\/x.com\/champmarket\",\"https:\/\/www.instagram.com\/champmarket.paris\/\",\"https:\/\/www.pinterest.fr\/champmarketparis\/\",\"https:\/\/www.linkedin.com\/company\/champmarket\/\"]}]}<\/script>\n<!-- \/ Yoast SEO plugin. -->","yoast_head_json":{"title":"Rare Ros\u00e9 Vintage 2012 Fles - Champmarket","description":"Rare Ros\u00e9 Vintage 2012 verrijkt de stijl van het huis met een nieuw facet. Drie families van aroma's, bloemig, fruitig en kruidig, zijn in evenwicht in de zelfverzekerde signatuur van deze nieuwe ros\u00e9. Een geweldige champagne, voor al uw speciale momenten.","robots":{"index":"index","follow":"follow","max-snippet":"max-snippet:-1","max-image-preview":"max-image-preview:large","max-video-preview":"max-video-preview:-1"},"canonical":"https:\/\/www.champmarket.com\/nl\/champagne\/rare-rose-vintage-2012-fles\/","og_locale":"nl_NL","og_type":"article","og_title":"Rare Ros\u00e9 Vintage 2012 Fles - Champmarket","og_description":"Rare Ros\u00e9 Vintage 2012 verrijkt de stijl van het huis met een nieuw facet. Drie families van aroma's, bloemig, fruitig en kruidig, zijn in evenwicht in de zelfverzekerde signatuur van deze nieuwe ros\u00e9. Een geweldige champagne, voor al uw speciale momenten.","og_url":"https:\/\/www.champmarket.com\/nl\/champagne\/rare-rose-vintage-2012-fles\/","og_site_name":"Champmarket","article_publisher":"https:\/\/www.facebook.com\/ChampMarket\/","article_modified_time":"2023-04-14T08:11:54+00:00","og_image":[{"width":1200,"height":1200,"url":"https:\/\/www.champmarket.com\/wp-content\/uploads\/2023\/01\/fiche-produit-rare-rose-millesime-2012-bouteille.jpg","type":"image\/jpeg"}],"twitter_card":"summary_large_image","twitter_site":"@champmarket","twitter_misc":{"Geschatte leestijd":"1 minuut"},"schema":{"@context":"https:\/\/schema.org","@graph":[{"@type":"WebPage","@id":"https:\/\/www.champmarket.com\/nl\/champagne\/rare-rose-vintage-2012-fles\/","url":"https:\/\/www.champmarket.com\/nl\/champagne\/rare-rose-vintage-2012-fles\/","name":"Rare Ros\u00e9 Vintage 2012 Fles - Champmarket","isPartOf":{"@id":"https:\/\/www.champmarket.com\/#website"},"primaryImageOfPage":{"@id":"https:\/\/www.champmarket.com\/nl\/champagne\/rare-rose-vintage-2012-fles\/#primaryimage"},"image":{"@id":"https:\/\/www.champmarket.com\/nl\/champagne\/rare-rose-vintage-2012-fles\/#primaryimage"},"thumbnailUrl":"https:\/\/www.champmarket.com\/wp-content\/uploads\/2023\/01\/fiche-produit-rare-rose-millesime-2012-bouteille.webp","datePublished":"2023-03-27T11:56:12+00:00","dateModified":"2023-04-14T08:11:54+00:00","description":"Rare Ros\u00e9 Vintage 2012 verrijkt de stijl van het huis met een nieuw facet. Drie families van aroma's, bloemig, fruitig en kruidig, zijn in evenwicht in de zelfverzekerde signatuur van deze nieuwe ros\u00e9. Een geweldige champagne, voor al uw speciale momenten.","breadcrumb":{"@id":"https:\/\/www.champmarket.com\/nl\/champagne\/rare-rose-vintage-2012-fles\/#breadcrumb"},"inLanguage":"nl-NL","potentialAction":[{"@type":"ReadAction","target":["https:\/\/www.champmarket.com\/nl\/champagne\/rare-rose-vintage-2012-fles\/"]}]},{"@type":"ImageObject","inLanguage":"nl-NL","@id":"https:\/\/www.champmarket.com\/nl\/champagne\/rare-rose-vintage-2012-fles\/#primaryimage","url":"https:\/\/www.champmarket.com\/wp-content\/uploads\/2023\/01\/fiche-produit-rare-rose-millesime-2012-bouteille.webp","contentUrl":"https:\/\/www.champmarket.com\/wp-content\/uploads\/2023\/01\/fiche-produit-rare-rose-millesime-2012-bouteille.webp","width":1200,"height":1200},{"@type":"BreadcrumbList","@id":"https:\/\/www.champmarket.com\/nl\/champagne\/rare-rose-vintage-2012-fles\/#breadcrumb","itemListElement":[{"@type":"ListItem","position":1,"name":"Accueil","item":"https:\/\/www.champmarket.com\/nl\/"},{"@type":"ListItem","position":2,"name":"Winkel","item":"https:\/\/www.champmarket.com\/nl\/boutique\/"},{"@type":"ListItem","position":3,"name":"Rare Champagne","item":"https:\/\/www.champmarket.com\/nl\/maisons\/selectie-champagne-rare-nl\/"},{"@type":"ListItem","position":4,"name":"Rare Ros\u00e9 Vintage 2012 Fles"}]},{"@type":"WebSite","@id":"https:\/\/www.champmarket.com\/#website","url":"https:\/\/www.champmarket.com\/","name":"Champmarket","description":"Champmarket, Champagnes, Cadeaus en Levenskunst","publisher":{"@id":"https:\/\/www.champmarket.com\/#organization"},"potentialAction":[{"@type":"SearchAction","target":{"@type":"EntryPoint","urlTemplate":"https:\/\/www.champmarket.com\/?s={search_term_string}"},"query-input":{"@type":"PropertyValueSpecification","valueRequired":true,"valueName":"search_term_string"}}],"inLanguage":"nl-NL"},{"@type":"Organization","@id":"https:\/\/www.champmarket.com\/#organization","name":"Champmarket","url":"https:\/\/www.champmarket.com\/","logo":{"@type":"ImageObject","inLanguage":"nl-NL","@id":"https:\/\/www.champmarket.com\/#\/schema\/logo\/image\/","url":"https:\/\/www.champmarket.com\/wp-content\/uploads\/2024\/08\/logo2024-1.svg","contentUrl":"https:\/\/www.champmarket.com\/wp-content\/uploads\/2024\/08\/logo2024-1.svg","width":579.8,"height":80,"caption":"Champmarket"},"image":{"@id":"https:\/\/www.champmarket.com\/#\/schema\/logo\/image\/"},"sameAs":["https:\/\/www.facebook.com\/ChampMarket\/","https:\/\/x.com\/champmarket","https:\/\/www.instagram.com\/champmarket.paris\/","https:\/\/www.pinterest.fr\/champmarketparis\/","https:\/\/www.linkedin.com\/company\/champmarket\/"]}]}},"_links":{"self":[{"href":"https:\/\/www.champmarket.com\/nl\/wp-json\/wp\/v2\/product\/50317","targetHints":{"allow":["GET"]}}],"collection":[{"href":"https:\/\/www.champmarket.com\/nl\/wp-json\/wp\/v2\/product"}],"about":[{"href":"https:\/\/www.champmarket.com\/nl\/wp-json\/wp\/v2\/types\/product"}],"version-history":[{"count":0,"href":"https:\/\/www.champmarket.com\/nl\/wp-json\/wp\/v2\/product\/50317\/revisions"}],"wp:featuredmedia":[{"embeddable":true,"href":"https:\/\/www.champmarket.com\/nl\/wp-json\/wp\/v2\/media\/49554"}],"wp:attachment":[{"href":"https:\/\/www.champmarket.com\/nl\/wp-json\/wp\/v2\/media?parent=50317"}],"wp:term":[{"taxonomy":"product_brand","embeddable":true,"href":"https:\/\/www.champmarket.com\/nl\/wp-json\/wp\/v2\/product_brand?post=50317"},{"taxonomy":"product_cat","embeddable":true,"href":"https:\/\/www.champmarket.com\/nl\/wp-json\/wp\/v2\/product_cat?post=50317"},{"taxonomy":"product_tag","embeddable":true,"href":"https:\/\/www.champmarket.com\/nl\/wp-json\/wp\/v2\/product_tag?post=50317"}],"curies":[{"name":"wp","href":"https:\/\/api.w.org\/{rel}","templated":true}]}}