{"id":50420,"date":"2022-03-22T10:56:44","date_gmt":"2022-03-22T09:56:44","guid":{"rendered":"https:\/\/www.champmarket.com\/champagne\/armand-de-brignac-rose-magnum-met-etui\/"},"modified":"2025-04-29T16:16:23","modified_gmt":"2025-04-29T14:16:23","slug":"armand-de-brignac-rose-magnum-etui","status":"publish","type":"product","link":"https:\/\/www.champmarket.com\/nl\/champagne\/armand-de-brignac-rose-magnum-etui\/","title":{"rendered":"Armand de Brignac Brut Ros\u00e9 Magnum met zakje"},"content":{"rendered":"<p class=\"p2\">Armand de Brignac Brut Ros\u00e9 Magnum met zakje is gemaakt met Pinot Noir druiven van oude wijnstokken geplant op de Montagne de Reims, die een druif produceren met een krachtige aromatische intensiteit. De resulterende cuv\u00e9e biedt levendige en frisse toetsen van rood fruit, aangevuld met koekjesaroma&#8217;s.<\/p>\n<p>Gepresenteerd in een satijnen stoffen zakje is deze uitzonderlijke champagne ideaal voor al uw speciale gelegenheden en geschenken.<\/p>\n","protected":false},"excerpt":{"rendered":"<p>De Armand de Brignac champagne Brut Ros\u00e9 Magnum met zakje is een prestigieuze cuv\u00e9e, gemaakt om het moment te sublimeren.<\/p>\n<p>Het Magnum-formaat is een grote fles met een inhoud van 1,5 liter, die staat voor 2 flessen champagne of 12 glazen. Dit grote formaat, gepresenteerd in zijn luxe etui, is ideaal voor uw recepties, diners, speciale gelegenheden en geschenken.<\/p>\n","protected":false},"featured_media":48779,"template":"","meta":{"_acf_changed":false},"product_brand":[],"product_cat":[3308,3140,3129,3132,3176,3117,3116,3170,3169,3171],"product_tag":[3187,3188,3190,3189,3195,3199,3196],"class_list":{"0":"post-50420","1":"product","2":"type-product","3":"status-publish","4":"has-post-thumbnail","6":"maisons-selectie-champagne-armand-de-brignac-nl","7":"product_cat-alle-champagnes-en-boxes","8":"product_cat-armand-de-brignac-nl","9":"product_cat-grote-flessen","10":"product_cat-magnum-nl","11":"product_cat-tous-les-champagnes-nl","12":"product_cat-rose-champagne","13":"product_cat-prestige-champagne","14":"product_cat-dessert-nl","15":"product_cat-aperitief","16":"product_cat-voor-een-prive-of-professioneel-evenement-een-cocktail","17":"product_tag-grand-flacon-nl","18":"product_tag-haute-couture-nl","19":"product_tag-la-vie-en-rose-nl","20":"product_tag-incontournable-nl","21":"product_tag-pour-offrir-nl","22":"product_tag-aperitif-nl","23":"product_tag-repas-champagne-nl","25":"first","26":"instock","27":"taxable","28":"shipping-taxable","29":"purchasable","30":"product-type-simple"},"acf":[],"yoast_head":"<!-- This site is optimized with the Yoast SEO plugin v26.4 - https:\/\/yoast.com\/wordpress\/plugins\/seo\/ -->\n<title>Armand de Brignac Brut Ros\u00e9 Magnum met zakje - Champmarket<\/title>\n<meta name=\"description\" content=\"De Armand de Brignac champagne Brut Ros\u00e9 Magnum met zakje is een prestigieuze cuv\u00e9e, gemaakt om het moment te sublimeren. Deze grote fles is ideaal voor geschenken en speciale gelegenheden, recepties en diners.\" \/>\n<meta name=\"robots\" content=\"index, follow, max-snippet:-1, max-image-preview:large, max-video-preview:-1\" \/>\n<link rel=\"canonical\" href=\"https:\/\/www.champmarket.com\/nl\/champagne\/armand-de-brignac-rose-magnum-etui\/\" \/>\n<meta property=\"og:locale\" content=\"nl_NL\" \/>\n<meta property=\"og:type\" content=\"article\" \/>\n<meta property=\"og:title\" content=\"Armand de Brignac Brut Ros\u00e9 Magnum met zakje - Champmarket\" \/>\n<meta property=\"og:description\" content=\"De Armand de Brignac champagne Brut Ros\u00e9 Magnum met zakje is een prestigieuze cuv\u00e9e, gemaakt om het moment te sublimeren. Deze grote fles is ideaal voor geschenken en speciale gelegenheden, recepties en diners.\" \/>\n<meta property=\"og:url\" content=\"https:\/\/www.champmarket.com\/nl\/champagne\/armand-de-brignac-rose-magnum-etui\/\" \/>\n<meta property=\"og:site_name\" content=\"Champmarket\" \/>\n<meta property=\"article:publisher\" content=\"https:\/\/www.facebook.com\/ChampMarket\/\" \/>\n<meta property=\"article:modified_time\" content=\"2025-04-29T14:16:23+00:00\" \/>\n<meta property=\"og:image\" content=\"https:\/\/www.champmarket.com\/wp-content\/uploads\/2022\/03\/armand-de-brignac-rose-magnum-pochon.jpg\" \/>\n\t<meta property=\"og:image:width\" content=\"2000\" \/>\n\t<meta property=\"og:image:height\" content=\"2000\" \/>\n\t<meta property=\"og:image:type\" content=\"image\/jpeg\" \/>\n<meta name=\"twitter:card\" content=\"summary_large_image\" \/>\n<meta name=\"twitter:site\" content=\"@champmarket\" \/>\n<script type=\"application\/ld+json\" class=\"yoast-schema-graph\">{\"@context\":\"https:\/\/schema.org\",\"@graph\":[{\"@type\":\"WebPage\",\"@id\":\"https:\/\/www.champmarket.com\/nl\/champagne\/armand-de-brignac-rose-magnum-etui\/\",\"url\":\"https:\/\/www.champmarket.com\/nl\/champagne\/armand-de-brignac-rose-magnum-etui\/\",\"name\":\"Armand de Brignac Brut Ros\u00e9 Magnum met zakje - Champmarket\",\"isPartOf\":{\"@id\":\"https:\/\/www.champmarket.com\/#website\"},\"primaryImageOfPage\":{\"@id\":\"https:\/\/www.champmarket.com\/nl\/champagne\/armand-de-brignac-rose-magnum-etui\/#primaryimage\"},\"image\":{\"@id\":\"https:\/\/www.champmarket.com\/nl\/champagne\/armand-de-brignac-rose-magnum-etui\/#primaryimage\"},\"thumbnailUrl\":\"https:\/\/www.champmarket.com\/wp-content\/uploads\/2022\/03\/armand-de-brignac-rose-magnum-pochon.jpg\",\"datePublished\":\"2022-03-22T09:56:44+00:00\",\"dateModified\":\"2025-04-29T14:16:23+00:00\",\"description\":\"De Armand de Brignac champagne Brut Ros\u00e9 Magnum met zakje is een prestigieuze cuv\u00e9e, gemaakt om het moment te sublimeren. Deze grote fles is ideaal voor geschenken en speciale gelegenheden, recepties en diners.\",\"breadcrumb\":{\"@id\":\"https:\/\/www.champmarket.com\/nl\/champagne\/armand-de-brignac-rose-magnum-etui\/#breadcrumb\"},\"inLanguage\":\"nl-NL\",\"potentialAction\":[{\"@type\":\"ReadAction\",\"target\":[\"https:\/\/www.champmarket.com\/nl\/champagne\/armand-de-brignac-rose-magnum-etui\/\"]}]},{\"@type\":\"ImageObject\",\"inLanguage\":\"nl-NL\",\"@id\":\"https:\/\/www.champmarket.com\/nl\/champagne\/armand-de-brignac-rose-magnum-etui\/#primaryimage\",\"url\":\"https:\/\/www.champmarket.com\/wp-content\/uploads\/2022\/03\/armand-de-brignac-rose-magnum-pochon.jpg\",\"contentUrl\":\"https:\/\/www.champmarket.com\/wp-content\/uploads\/2022\/03\/armand-de-brignac-rose-magnum-pochon.jpg\",\"width\":2000,\"height\":2000},{\"@type\":\"BreadcrumbList\",\"@id\":\"https:\/\/www.champmarket.com\/nl\/champagne\/armand-de-brignac-rose-magnum-etui\/#breadcrumb\",\"itemListElement\":[{\"@type\":\"ListItem\",\"position\":1,\"name\":\"Accueil\",\"item\":\"https:\/\/www.champmarket.com\/nl\/\"},{\"@type\":\"ListItem\",\"position\":2,\"name\":\"Winkel\",\"item\":\"https:\/\/www.champmarket.com\/nl\/boutique\/\"},{\"@type\":\"ListItem\",\"position\":3,\"name\":\"Armand de Brignac\",\"item\":\"https:\/\/www.champmarket.com\/nl\/maisons\/selectie-champagne-armand-de-brignac-nl\/\"},{\"@type\":\"ListItem\",\"position\":4,\"name\":\"Armand de Brignac Brut Ros\u00e9 Magnum met zakje\"}]},{\"@type\":\"WebSite\",\"@id\":\"https:\/\/www.champmarket.com\/#website\",\"url\":\"https:\/\/www.champmarket.com\/\",\"name\":\"Champmarket\",\"description\":\"Champmarket, Champagnes, Cadeaus en Levenskunst\",\"publisher\":{\"@id\":\"https:\/\/www.champmarket.com\/#organization\"},\"potentialAction\":[{\"@type\":\"SearchAction\",\"target\":{\"@type\":\"EntryPoint\",\"urlTemplate\":\"https:\/\/www.champmarket.com\/?s={search_term_string}\"},\"query-input\":{\"@type\":\"PropertyValueSpecification\",\"valueRequired\":true,\"valueName\":\"search_term_string\"}}],\"inLanguage\":\"nl-NL\"},{\"@type\":\"Organization\",\"@id\":\"https:\/\/www.champmarket.com\/#organization\",\"name\":\"Champmarket\",\"url\":\"https:\/\/www.champmarket.com\/\",\"logo\":{\"@type\":\"ImageObject\",\"inLanguage\":\"nl-NL\",\"@id\":\"https:\/\/www.champmarket.com\/#\/schema\/logo\/image\/\",\"url\":\"https:\/\/www.champmarket.com\/wp-content\/uploads\/2024\/08\/logo2024-1.svg\",\"contentUrl\":\"https:\/\/www.champmarket.com\/wp-content\/uploads\/2024\/08\/logo2024-1.svg\",\"width\":579.8,\"height\":80,\"caption\":\"Champmarket\"},\"image\":{\"@id\":\"https:\/\/www.champmarket.com\/#\/schema\/logo\/image\/\"},\"sameAs\":[\"https:\/\/www.facebook.com\/ChampMarket\/\",\"https:\/\/x.com\/champmarket\",\"https:\/\/www.instagram.com\/champmarket.paris\/\",\"https:\/\/www.pinterest.fr\/champmarketparis\/\",\"https:\/\/www.linkedin.com\/company\/champmarket\/\"]}]}<\/script>\n<!-- \/ Yoast SEO plugin. -->","yoast_head_json":{"title":"Armand de Brignac Brut Ros\u00e9 Magnum met zakje - Champmarket","description":"De Armand de Brignac champagne Brut Ros\u00e9 Magnum met zakje is een prestigieuze cuv\u00e9e, gemaakt om het moment te sublimeren. Deze grote fles is ideaal voor geschenken en speciale gelegenheden, recepties en diners.","robots":{"index":"index","follow":"follow","max-snippet":"max-snippet:-1","max-image-preview":"max-image-preview:large","max-video-preview":"max-video-preview:-1"},"canonical":"https:\/\/www.champmarket.com\/nl\/champagne\/armand-de-brignac-rose-magnum-etui\/","og_locale":"nl_NL","og_type":"article","og_title":"Armand de Brignac Brut Ros\u00e9 Magnum met zakje - Champmarket","og_description":"De Armand de Brignac champagne Brut Ros\u00e9 Magnum met zakje is een prestigieuze cuv\u00e9e, gemaakt om het moment te sublimeren. Deze grote fles is ideaal voor geschenken en speciale gelegenheden, recepties en diners.","og_url":"https:\/\/www.champmarket.com\/nl\/champagne\/armand-de-brignac-rose-magnum-etui\/","og_site_name":"Champmarket","article_publisher":"https:\/\/www.facebook.com\/ChampMarket\/","article_modified_time":"2025-04-29T14:16:23+00:00","og_image":[{"width":2000,"height":2000,"url":"https:\/\/www.champmarket.com\/wp-content\/uploads\/2022\/03\/armand-de-brignac-rose-magnum-pochon.jpg","type":"image\/jpeg"}],"twitter_card":"summary_large_image","twitter_site":"@champmarket","schema":{"@context":"https:\/\/schema.org","@graph":[{"@type":"WebPage","@id":"https:\/\/www.champmarket.com\/nl\/champagne\/armand-de-brignac-rose-magnum-etui\/","url":"https:\/\/www.champmarket.com\/nl\/champagne\/armand-de-brignac-rose-magnum-etui\/","name":"Armand de Brignac Brut Ros\u00e9 Magnum met zakje - Champmarket","isPartOf":{"@id":"https:\/\/www.champmarket.com\/#website"},"primaryImageOfPage":{"@id":"https:\/\/www.champmarket.com\/nl\/champagne\/armand-de-brignac-rose-magnum-etui\/#primaryimage"},"image":{"@id":"https:\/\/www.champmarket.com\/nl\/champagne\/armand-de-brignac-rose-magnum-etui\/#primaryimage"},"thumbnailUrl":"https:\/\/www.champmarket.com\/wp-content\/uploads\/2022\/03\/armand-de-brignac-rose-magnum-pochon.jpg","datePublished":"2022-03-22T09:56:44+00:00","dateModified":"2025-04-29T14:16:23+00:00","description":"De Armand de Brignac champagne Brut Ros\u00e9 Magnum met zakje is een prestigieuze cuv\u00e9e, gemaakt om het moment te sublimeren. Deze grote fles is ideaal voor geschenken en speciale gelegenheden, recepties en diners.","breadcrumb":{"@id":"https:\/\/www.champmarket.com\/nl\/champagne\/armand-de-brignac-rose-magnum-etui\/#breadcrumb"},"inLanguage":"nl-NL","potentialAction":[{"@type":"ReadAction","target":["https:\/\/www.champmarket.com\/nl\/champagne\/armand-de-brignac-rose-magnum-etui\/"]}]},{"@type":"ImageObject","inLanguage":"nl-NL","@id":"https:\/\/www.champmarket.com\/nl\/champagne\/armand-de-brignac-rose-magnum-etui\/#primaryimage","url":"https:\/\/www.champmarket.com\/wp-content\/uploads\/2022\/03\/armand-de-brignac-rose-magnum-pochon.jpg","contentUrl":"https:\/\/www.champmarket.com\/wp-content\/uploads\/2022\/03\/armand-de-brignac-rose-magnum-pochon.jpg","width":2000,"height":2000},{"@type":"BreadcrumbList","@id":"https:\/\/www.champmarket.com\/nl\/champagne\/armand-de-brignac-rose-magnum-etui\/#breadcrumb","itemListElement":[{"@type":"ListItem","position":1,"name":"Accueil","item":"https:\/\/www.champmarket.com\/nl\/"},{"@type":"ListItem","position":2,"name":"Winkel","item":"https:\/\/www.champmarket.com\/nl\/boutique\/"},{"@type":"ListItem","position":3,"name":"Armand de Brignac","item":"https:\/\/www.champmarket.com\/nl\/maisons\/selectie-champagne-armand-de-brignac-nl\/"},{"@type":"ListItem","position":4,"name":"Armand de Brignac Brut Ros\u00e9 Magnum met zakje"}]},{"@type":"WebSite","@id":"https:\/\/www.champmarket.com\/#website","url":"https:\/\/www.champmarket.com\/","name":"Champmarket","description":"Champmarket, Champagnes, Cadeaus en Levenskunst","publisher":{"@id":"https:\/\/www.champmarket.com\/#organization"},"potentialAction":[{"@type":"SearchAction","target":{"@type":"EntryPoint","urlTemplate":"https:\/\/www.champmarket.com\/?s={search_term_string}"},"query-input":{"@type":"PropertyValueSpecification","valueRequired":true,"valueName":"search_term_string"}}],"inLanguage":"nl-NL"},{"@type":"Organization","@id":"https:\/\/www.champmarket.com\/#organization","name":"Champmarket","url":"https:\/\/www.champmarket.com\/","logo":{"@type":"ImageObject","inLanguage":"nl-NL","@id":"https:\/\/www.champmarket.com\/#\/schema\/logo\/image\/","url":"https:\/\/www.champmarket.com\/wp-content\/uploads\/2024\/08\/logo2024-1.svg","contentUrl":"https:\/\/www.champmarket.com\/wp-content\/uploads\/2024\/08\/logo2024-1.svg","width":579.8,"height":80,"caption":"Champmarket"},"image":{"@id":"https:\/\/www.champmarket.com\/#\/schema\/logo\/image\/"},"sameAs":["https:\/\/www.facebook.com\/ChampMarket\/","https:\/\/x.com\/champmarket","https:\/\/www.instagram.com\/champmarket.paris\/","https:\/\/www.pinterest.fr\/champmarketparis\/","https:\/\/www.linkedin.com\/company\/champmarket\/"]}]}},"_links":{"self":[{"href":"https:\/\/www.champmarket.com\/nl\/wp-json\/wp\/v2\/product\/50420","targetHints":{"allow":["GET"]}}],"collection":[{"href":"https:\/\/www.champmarket.com\/nl\/wp-json\/wp\/v2\/product"}],"about":[{"href":"https:\/\/www.champmarket.com\/nl\/wp-json\/wp\/v2\/types\/product"}],"version-history":[{"count":1,"href":"https:\/\/www.champmarket.com\/nl\/wp-json\/wp\/v2\/product\/50420\/revisions"}],"predecessor-version":[{"id":78257,"href":"https:\/\/www.champmarket.com\/nl\/wp-json\/wp\/v2\/product\/50420\/revisions\/78257"}],"wp:featuredmedia":[{"embeddable":true,"href":"https:\/\/www.champmarket.com\/nl\/wp-json\/wp\/v2\/media\/48779"}],"wp:attachment":[{"href":"https:\/\/www.champmarket.com\/nl\/wp-json\/wp\/v2\/media?parent=50420"}],"wp:term":[{"taxonomy":"product_brand","embeddable":true,"href":"https:\/\/www.champmarket.com\/nl\/wp-json\/wp\/v2\/product_brand?post=50420"},{"taxonomy":"product_cat","embeddable":true,"href":"https:\/\/www.champmarket.com\/nl\/wp-json\/wp\/v2\/product_cat?post=50420"},{"taxonomy":"product_tag","embeddable":true,"href":"https:\/\/www.champmarket.com\/nl\/wp-json\/wp\/v2\/product_tag?post=50420"}],"curies":[{"name":"wp","href":"https:\/\/api.w.org\/{rel}","templated":true}]}}