{"id":50427,"date":"2022-03-31T18:54:08","date_gmt":"2023-03-28T15:04:14","guid":{"rendered":"https:\/\/www.champmarket.com\/champagne\/krug-rose-25e-editie-fles\/"},"modified":"2025-05-19T14:54:19","modified_gmt":"2025-05-19T12:54:19","slug":"krug-rose-25e-editie-fles","status":"publish","type":"product","link":"https:\/\/www.champmarket.com\/nl\/champagne\/krug-rose-25e-editie-fles\/","title":{"rendered":"Krug Ros\u00e9 25e Editie fles"},"content":{"rendered":"<p>Het editienummer komt overeen met het aantal keren dat de vijfde generatie droom in het Huis van Krug is herschapen. Het dient ook als referentie voor verzamelaars om later van te genieten. Zoals alle Krug Champagnes, zal de Krug Ros\u00e9 25e Editie met de tijd steeds beter worden.<\/p>\n<p>Het volledige verhaal van elke Editie wordt online onthuld via zijn Krug iD, de zes nummers op het achteretiket.<\/p>\n<p>De uiteindelijke samenstelling is 45% Pinot Noir, 30% Chardonnay en 25% Meunier. De compositie is vervolgens opgebouwd rond een traditioneel gemacereerde pinot noir, voor zijn kruidige karakter, kleur en structuur. De rijping voor ongeveer zeven jaar in de kelders van het Huis Krug geeft Krug Ros\u00e9 zijn verfijnde elegantie.<\/p>\n<p>Krug Ros\u00e9 <sup>25e<\/sup> Editie is de ideale champagne voor uw speciale gelegenheden en geweldige proefmomenten.<\/p>\n","protected":false},"excerpt":{"rendered":"<p>Geproduceerd in strikt beperkte hoeveelheden, Krug Ros\u00e9 25e Edition is geen klassieke ros\u00e9 champagne: het is origineel, voluptueus, mysterieus, geboren uit de droom van de vijfde generatie van de Krug familie om een originele, onverwachte, gedurfde en elegante ros\u00e9 champagne te cre\u00ebren die elk jaar opnieuw kan worden gemaakt.<\/p>\n<p>Krug Ros\u00e9 25e Editie is een blend van 28 wijnen uit 5 verschillende jaren. De jongste was in 2013 en de oudste in 2008.<\/p>\n","protected":false},"featured_media":48796,"template":"","meta":{"_acf_changed":false},"product_brand":[],"product_cat":[3353,3321,3308,3147,3106,3176,3117,3116,3168],"product_tag":[3188,3190,3196],"class_list":{"0":"post-50427","1":"product","2":"type-product","3":"status-publish","4":"has-post-thumbnail","6":"maisons-selectie-champagne-krug-nl","7":"product_cat-kerstchampagnes","8":"product_cat-beste-champagnes","9":"product_cat-alle-champagnes-en-boxes","10":"product_cat-krug-nl","11":"product_cat-flessen","12":"product_cat-tous-les-champagnes-nl","13":"product_cat-rose-champagne","14":"product_cat-prestige-champagne","15":"product_cat-repas-nl","16":"product_tag-haute-couture-nl","17":"product_tag-la-vie-en-rose-nl","18":"product_tag-repas-champagne-nl","20":"first","21":"outofstock","22":"taxable","23":"shipping-taxable","24":"purchasable","25":"product-type-simple"},"acf":[],"yoast_head":"<!-- This site is optimized with the Yoast SEO plugin v26.4 - https:\/\/yoast.com\/wordpress\/plugins\/seo\/ -->\n<title>Krug Ros\u00e9 25e Editie fles - Champmarket<\/title>\n<meta name=\"description\" content=\"Geproduceerd in strikt beperkte hoeveelheden, is Krug Ros\u00e9 25e Editie geen klassieke ros\u00e9 champagne: het is origineel, voluptueus en mysterieus.\" \/>\n<meta name=\"robots\" content=\"index, follow, max-snippet:-1, max-image-preview:large, max-video-preview:-1\" \/>\n<link rel=\"canonical\" href=\"https:\/\/www.champmarket.com\/nl\/champagne\/krug-rose-25e-editie-fles\/\" \/>\n<meta property=\"og:locale\" content=\"nl_NL\" \/>\n<meta property=\"og:type\" content=\"article\" \/>\n<meta property=\"og:title\" content=\"Krug Ros\u00e9 25e Editie fles - Champmarket\" \/>\n<meta property=\"og:description\" content=\"Geproduceerd in strikt beperkte hoeveelheden, is Krug Ros\u00e9 25e Editie geen klassieke ros\u00e9 champagne: het is origineel, voluptueus en mysterieus.\" \/>\n<meta property=\"og:url\" content=\"https:\/\/www.champmarket.com\/nl\/champagne\/krug-rose-25e-editie-fles\/\" \/>\n<meta property=\"og:site_name\" content=\"Champmarket\" \/>\n<meta property=\"article:publisher\" content=\"https:\/\/www.facebook.com\/ChampMarket\/\" \/>\n<meta property=\"article:modified_time\" content=\"2025-05-19T12:54:19+00:00\" \/>\n<meta property=\"og:image\" content=\"https:\/\/www.champmarket.com\/wp-content\/uploads\/2021\/09\/krug-rose-25-eme-edition-bouteille.webp\" \/>\n\t<meta property=\"og:image:width\" content=\"2000\" \/>\n\t<meta property=\"og:image:height\" content=\"2000\" \/>\n\t<meta property=\"og:image:type\" content=\"image\/jpeg\" \/>\n<meta name=\"twitter:card\" content=\"summary_large_image\" \/>\n<meta name=\"twitter:site\" content=\"@champmarket\" \/>\n<meta name=\"twitter:label1\" content=\"Geschatte leestijd\" \/>\n\t<meta name=\"twitter:data1\" content=\"1 minuut\" \/>\n<script type=\"application\/ld+json\" class=\"yoast-schema-graph\">{\"@context\":\"https:\/\/schema.org\",\"@graph\":[{\"@type\":\"WebPage\",\"@id\":\"https:\/\/www.champmarket.com\/nl\/champagne\/krug-rose-25e-editie-fles\/\",\"url\":\"https:\/\/www.champmarket.com\/nl\/champagne\/krug-rose-25e-editie-fles\/\",\"name\":\"Krug Ros\u00e9 25e Editie fles - Champmarket\",\"isPartOf\":{\"@id\":\"https:\/\/www.champmarket.com\/#website\"},\"primaryImageOfPage\":{\"@id\":\"https:\/\/www.champmarket.com\/nl\/champagne\/krug-rose-25e-editie-fles\/#primaryimage\"},\"image\":{\"@id\":\"https:\/\/www.champmarket.com\/nl\/champagne\/krug-rose-25e-editie-fles\/#primaryimage\"},\"thumbnailUrl\":\"https:\/\/www.champmarket.com\/wp-content\/uploads\/2021\/09\/krug-rose-25-eme-edition-bouteille.webp\",\"datePublished\":\"2023-03-28T15:04:14+00:00\",\"dateModified\":\"2025-05-19T12:54:19+00:00\",\"description\":\"Geproduceerd in strikt beperkte hoeveelheden, is Krug Ros\u00e9 25e Editie geen klassieke ros\u00e9 champagne: het is origineel, voluptueus en mysterieus.\",\"breadcrumb\":{\"@id\":\"https:\/\/www.champmarket.com\/nl\/champagne\/krug-rose-25e-editie-fles\/#breadcrumb\"},\"inLanguage\":\"nl-NL\",\"potentialAction\":[{\"@type\":\"ReadAction\",\"target\":[\"https:\/\/www.champmarket.com\/nl\/champagne\/krug-rose-25e-editie-fles\/\"]}]},{\"@type\":\"ImageObject\",\"inLanguage\":\"nl-NL\",\"@id\":\"https:\/\/www.champmarket.com\/nl\/champagne\/krug-rose-25e-editie-fles\/#primaryimage\",\"url\":\"https:\/\/www.champmarket.com\/wp-content\/uploads\/2021\/09\/krug-rose-25-eme-edition-bouteille.webp\",\"contentUrl\":\"https:\/\/www.champmarket.com\/wp-content\/uploads\/2021\/09\/krug-rose-25-eme-edition-bouteille.webp\",\"width\":2000,\"height\":2000},{\"@type\":\"BreadcrumbList\",\"@id\":\"https:\/\/www.champmarket.com\/nl\/champagne\/krug-rose-25e-editie-fles\/#breadcrumb\",\"itemListElement\":[{\"@type\":\"ListItem\",\"position\":1,\"name\":\"Accueil\",\"item\":\"https:\/\/www.champmarket.com\/nl\/\"},{\"@type\":\"ListItem\",\"position\":2,\"name\":\"Winkel\",\"item\":\"https:\/\/www.champmarket.com\/nl\/boutique\/\"},{\"@type\":\"ListItem\",\"position\":3,\"name\":\"Krug\",\"item\":\"https:\/\/www.champmarket.com\/nl\/maisons\/selectie-champagne-krug-nl\/\"},{\"@type\":\"ListItem\",\"position\":4,\"name\":\"Krug Ros\u00e9 25e Editie fles\"}]},{\"@type\":\"WebSite\",\"@id\":\"https:\/\/www.champmarket.com\/#website\",\"url\":\"https:\/\/www.champmarket.com\/\",\"name\":\"Champmarket\",\"description\":\"Champmarket, Champagnes, Cadeaus en Levenskunst\",\"publisher\":{\"@id\":\"https:\/\/www.champmarket.com\/#organization\"},\"potentialAction\":[{\"@type\":\"SearchAction\",\"target\":{\"@type\":\"EntryPoint\",\"urlTemplate\":\"https:\/\/www.champmarket.com\/?s={search_term_string}\"},\"query-input\":{\"@type\":\"PropertyValueSpecification\",\"valueRequired\":true,\"valueName\":\"search_term_string\"}}],\"inLanguage\":\"nl-NL\"},{\"@type\":\"Organization\",\"@id\":\"https:\/\/www.champmarket.com\/#organization\",\"name\":\"Champmarket\",\"url\":\"https:\/\/www.champmarket.com\/\",\"logo\":{\"@type\":\"ImageObject\",\"inLanguage\":\"nl-NL\",\"@id\":\"https:\/\/www.champmarket.com\/#\/schema\/logo\/image\/\",\"url\":\"https:\/\/www.champmarket.com\/wp-content\/uploads\/2024\/08\/logo2024-1.svg\",\"contentUrl\":\"https:\/\/www.champmarket.com\/wp-content\/uploads\/2024\/08\/logo2024-1.svg\",\"width\":579.8,\"height\":80,\"caption\":\"Champmarket\"},\"image\":{\"@id\":\"https:\/\/www.champmarket.com\/#\/schema\/logo\/image\/\"},\"sameAs\":[\"https:\/\/www.facebook.com\/ChampMarket\/\",\"https:\/\/x.com\/champmarket\",\"https:\/\/www.instagram.com\/champmarket.paris\/\",\"https:\/\/www.pinterest.fr\/champmarketparis\/\",\"https:\/\/www.linkedin.com\/company\/champmarket\/\"]}]}<\/script>\n<!-- \/ Yoast SEO plugin. -->","yoast_head_json":{"title":"Krug Ros\u00e9 25e Editie fles - Champmarket","description":"Geproduceerd in strikt beperkte hoeveelheden, is Krug Ros\u00e9 25e Editie geen klassieke ros\u00e9 champagne: het is origineel, voluptueus en mysterieus.","robots":{"index":"index","follow":"follow","max-snippet":"max-snippet:-1","max-image-preview":"max-image-preview:large","max-video-preview":"max-video-preview:-1"},"canonical":"https:\/\/www.champmarket.com\/nl\/champagne\/krug-rose-25e-editie-fles\/","og_locale":"nl_NL","og_type":"article","og_title":"Krug Ros\u00e9 25e Editie fles - Champmarket","og_description":"Geproduceerd in strikt beperkte hoeveelheden, is Krug Ros\u00e9 25e Editie geen klassieke ros\u00e9 champagne: het is origineel, voluptueus en mysterieus.","og_url":"https:\/\/www.champmarket.com\/nl\/champagne\/krug-rose-25e-editie-fles\/","og_site_name":"Champmarket","article_publisher":"https:\/\/www.facebook.com\/ChampMarket\/","article_modified_time":"2025-05-19T12:54:19+00:00","og_image":[{"width":2000,"height":2000,"url":"https:\/\/www.champmarket.com\/wp-content\/uploads\/2021\/09\/krug-rose-25-eme-edition-bouteille.webp","type":"image\/jpeg"}],"twitter_card":"summary_large_image","twitter_site":"@champmarket","twitter_misc":{"Geschatte leestijd":"1 minuut"},"schema":{"@context":"https:\/\/schema.org","@graph":[{"@type":"WebPage","@id":"https:\/\/www.champmarket.com\/nl\/champagne\/krug-rose-25e-editie-fles\/","url":"https:\/\/www.champmarket.com\/nl\/champagne\/krug-rose-25e-editie-fles\/","name":"Krug Ros\u00e9 25e Editie fles - Champmarket","isPartOf":{"@id":"https:\/\/www.champmarket.com\/#website"},"primaryImageOfPage":{"@id":"https:\/\/www.champmarket.com\/nl\/champagne\/krug-rose-25e-editie-fles\/#primaryimage"},"image":{"@id":"https:\/\/www.champmarket.com\/nl\/champagne\/krug-rose-25e-editie-fles\/#primaryimage"},"thumbnailUrl":"https:\/\/www.champmarket.com\/wp-content\/uploads\/2021\/09\/krug-rose-25-eme-edition-bouteille.webp","datePublished":"2023-03-28T15:04:14+00:00","dateModified":"2025-05-19T12:54:19+00:00","description":"Geproduceerd in strikt beperkte hoeveelheden, is Krug Ros\u00e9 25e Editie geen klassieke ros\u00e9 champagne: het is origineel, voluptueus en mysterieus.","breadcrumb":{"@id":"https:\/\/www.champmarket.com\/nl\/champagne\/krug-rose-25e-editie-fles\/#breadcrumb"},"inLanguage":"nl-NL","potentialAction":[{"@type":"ReadAction","target":["https:\/\/www.champmarket.com\/nl\/champagne\/krug-rose-25e-editie-fles\/"]}]},{"@type":"ImageObject","inLanguage":"nl-NL","@id":"https:\/\/www.champmarket.com\/nl\/champagne\/krug-rose-25e-editie-fles\/#primaryimage","url":"https:\/\/www.champmarket.com\/wp-content\/uploads\/2021\/09\/krug-rose-25-eme-edition-bouteille.webp","contentUrl":"https:\/\/www.champmarket.com\/wp-content\/uploads\/2021\/09\/krug-rose-25-eme-edition-bouteille.webp","width":2000,"height":2000},{"@type":"BreadcrumbList","@id":"https:\/\/www.champmarket.com\/nl\/champagne\/krug-rose-25e-editie-fles\/#breadcrumb","itemListElement":[{"@type":"ListItem","position":1,"name":"Accueil","item":"https:\/\/www.champmarket.com\/nl\/"},{"@type":"ListItem","position":2,"name":"Winkel","item":"https:\/\/www.champmarket.com\/nl\/boutique\/"},{"@type":"ListItem","position":3,"name":"Krug","item":"https:\/\/www.champmarket.com\/nl\/maisons\/selectie-champagne-krug-nl\/"},{"@type":"ListItem","position":4,"name":"Krug Ros\u00e9 25e Editie fles"}]},{"@type":"WebSite","@id":"https:\/\/www.champmarket.com\/#website","url":"https:\/\/www.champmarket.com\/","name":"Champmarket","description":"Champmarket, Champagnes, Cadeaus en Levenskunst","publisher":{"@id":"https:\/\/www.champmarket.com\/#organization"},"potentialAction":[{"@type":"SearchAction","target":{"@type":"EntryPoint","urlTemplate":"https:\/\/www.champmarket.com\/?s={search_term_string}"},"query-input":{"@type":"PropertyValueSpecification","valueRequired":true,"valueName":"search_term_string"}}],"inLanguage":"nl-NL"},{"@type":"Organization","@id":"https:\/\/www.champmarket.com\/#organization","name":"Champmarket","url":"https:\/\/www.champmarket.com\/","logo":{"@type":"ImageObject","inLanguage":"nl-NL","@id":"https:\/\/www.champmarket.com\/#\/schema\/logo\/image\/","url":"https:\/\/www.champmarket.com\/wp-content\/uploads\/2024\/08\/logo2024-1.svg","contentUrl":"https:\/\/www.champmarket.com\/wp-content\/uploads\/2024\/08\/logo2024-1.svg","width":579.8,"height":80,"caption":"Champmarket"},"image":{"@id":"https:\/\/www.champmarket.com\/#\/schema\/logo\/image\/"},"sameAs":["https:\/\/www.facebook.com\/ChampMarket\/","https:\/\/x.com\/champmarket","https:\/\/www.instagram.com\/champmarket.paris\/","https:\/\/www.pinterest.fr\/champmarketparis\/","https:\/\/www.linkedin.com\/company\/champmarket\/"]}]}},"_links":{"self":[{"href":"https:\/\/www.champmarket.com\/nl\/wp-json\/wp\/v2\/product\/50427","targetHints":{"allow":["GET"]}}],"collection":[{"href":"https:\/\/www.champmarket.com\/nl\/wp-json\/wp\/v2\/product"}],"about":[{"href":"https:\/\/www.champmarket.com\/nl\/wp-json\/wp\/v2\/types\/product"}],"version-history":[{"count":1,"href":"https:\/\/www.champmarket.com\/nl\/wp-json\/wp\/v2\/product\/50427\/revisions"}],"predecessor-version":[{"id":79234,"href":"https:\/\/www.champmarket.com\/nl\/wp-json\/wp\/v2\/product\/50427\/revisions\/79234"}],"wp:featuredmedia":[{"embeddable":true,"href":"https:\/\/www.champmarket.com\/nl\/wp-json\/wp\/v2\/media\/48796"}],"wp:attachment":[{"href":"https:\/\/www.champmarket.com\/nl\/wp-json\/wp\/v2\/media?parent=50427"}],"wp:term":[{"taxonomy":"product_brand","embeddable":true,"href":"https:\/\/www.champmarket.com\/nl\/wp-json\/wp\/v2\/product_brand?post=50427"},{"taxonomy":"product_cat","embeddable":true,"href":"https:\/\/www.champmarket.com\/nl\/wp-json\/wp\/v2\/product_cat?post=50427"},{"taxonomy":"product_tag","embeddable":true,"href":"https:\/\/www.champmarket.com\/nl\/wp-json\/wp\/v2\/product_tag?post=50427"}],"curies":[{"name":"wp","href":"https:\/\/api.w.org\/{rel}","templated":true}]}}