{"id":50428,"date":"2022-03-31T17:07:31","date_gmt":"2023-03-28T15:06:51","guid":{"rendered":"https:\/\/www.champmarket.com\/champagne\/krug-grande-cuvee-editie-168-magnum-met-koffer\/"},"modified":"2025-05-19T14:54:19","modified_gmt":"2025-05-19T12:54:19","slug":"krug-grande-cuvee-editie-168-magnum-koffer","status":"publish","type":"product","link":"https:\/\/www.champmarket.com\/nl\/champagne\/krug-grande-cuvee-editie-168-magnum-koffer\/","title":{"rendered":"Krug Grande Cuv\u00e9e Editie 168 Magnum met koffer"},"content":{"rendered":"<p>Krug Grande Cuv\u00e9e is de emblematische handtekening van het Champagnehuis Krug, geboren uit de verbeelding van \u00e9\u00e9n man, Joseph Krug, die ervan droomde elk jaar de best mogelijke champagne aan te bieden, ongeacht de grillen van het weer: een champagne van grote rijkdom en fijne elegantie, voorbij de jaargangen.<\/p>\n<p>Krug Grande Cuv\u00e9e 168e editie is gestructureerd rond de oogst van 2012. Naast de wijnen van het jaar die voor frisheid zorgen, heeft het Champagnehuis geput uit zijn indrukwekkende bibliotheek van reservewijnen, waarvan een zorgvuldig geselecteerde selectie 42% van de uiteindelijke blend leverde, die hem volheid en rondheid geven.<\/p>\n<p>Het Magnum-formaat is een grote fles met een inhoud van 1,5 liter, die staat voor 2 flessen champagne of 12 glazen. Dit grote formaat, gepresenteerd in een luxe koffer, is ideaal voor recepties, diners, speciale gelegenheden en geschenken.<\/p>\n","protected":false},"excerpt":{"rendered":"<p>Krug Grande Cuv\u00e9e Editie 168 Magnum met koffer is de rijkste uitdrukking van Krug champagne. Een wijn van grote rijkdom en fijne elegantie, voorbij de jaargangen. Deze grote fles is ideaal voor recepties, diners, speciale gelegenheden en geschenken.<\/p>\n","protected":false},"featured_media":48794,"template":"","meta":{"_acf_changed":false},"product_brand":[],"product_cat":[3147,3129,3132,3176,3116,3168],"product_tag":[3187,3188,3195,3196],"class_list":{"0":"post-50428","1":"product","2":"type-product","3":"status-publish","4":"has-post-thumbnail","6":"maisons-selectie-champagne-krug-nl","7":"product_cat-krug-nl","8":"product_cat-grote-flessen","9":"product_cat-magnum-nl","10":"product_cat-tous-les-champagnes-nl","11":"product_cat-prestige-champagne","12":"product_cat-repas-nl","13":"product_tag-grand-flacon-nl","14":"product_tag-haute-couture-nl","15":"product_tag-pour-offrir-nl","16":"product_tag-repas-champagne-nl","18":"first","19":"outofstock","20":"taxable","21":"shipping-taxable","22":"purchasable","23":"product-type-simple"},"acf":[],"yoast_head":"<!-- This site is optimized with the Yoast SEO plugin v26.4 - https:\/\/yoast.com\/wordpress\/plugins\/seo\/ -->\n<title>Krug Grande Cuv\u00e9e Editie 168 Magnum met koffer - Champmarket<\/title>\n<meta name=\"description\" content=\"Krug Grande Cuv\u00e9e Editie 168 Magnum met koffer is de rijkste uitdrukking van Krug champagne. Een wijn van grote rijkdom en fijne elegantie, voorbij de jaargangen.\" \/>\n<meta name=\"robots\" content=\"index, follow, max-snippet:-1, max-image-preview:large, max-video-preview:-1\" \/>\n<link rel=\"canonical\" href=\"https:\/\/www.champmarket.com\/nl\/champagne\/krug-grande-cuvee-editie-168-magnum-koffer\/\" \/>\n<meta property=\"og:locale\" content=\"nl_NL\" \/>\n<meta property=\"og:type\" content=\"article\" \/>\n<meta property=\"og:title\" content=\"Krug Grande Cuv\u00e9e Editie 168 Magnum met koffer - Champmarket\" \/>\n<meta property=\"og:description\" content=\"Krug Grande Cuv\u00e9e Editie 168 Magnum met koffer is de rijkste uitdrukking van Krug champagne. Een wijn van grote rijkdom en fijne elegantie, voorbij de jaargangen.\" \/>\n<meta property=\"og:url\" content=\"https:\/\/www.champmarket.com\/nl\/champagne\/krug-grande-cuvee-editie-168-magnum-koffer\/\" \/>\n<meta property=\"og:site_name\" content=\"Champmarket\" \/>\n<meta property=\"article:publisher\" content=\"https:\/\/www.facebook.com\/ChampMarket\/\" \/>\n<meta property=\"article:modified_time\" content=\"2025-05-19T12:54:19+00:00\" \/>\n<meta property=\"og:image\" content=\"https:\/\/www.champmarket.com\/wp-content\/uploads\/2022\/03\/krug-grande-cuvee-edition-168-magnum-coffret.webp\" \/>\n\t<meta property=\"og:image:width\" content=\"2000\" \/>\n\t<meta property=\"og:image:height\" content=\"2000\" \/>\n\t<meta property=\"og:image:type\" content=\"image\/jpeg\" \/>\n<meta name=\"twitter:card\" content=\"summary_large_image\" \/>\n<meta name=\"twitter:site\" content=\"@champmarket\" \/>\n<meta name=\"twitter:label1\" content=\"Geschatte leestijd\" \/>\n\t<meta name=\"twitter:data1\" content=\"1 minuut\" \/>\n<script type=\"application\/ld+json\" class=\"yoast-schema-graph\">{\"@context\":\"https:\/\/schema.org\",\"@graph\":[{\"@type\":\"WebPage\",\"@id\":\"https:\/\/www.champmarket.com\/nl\/champagne\/krug-grande-cuvee-editie-168-magnum-koffer\/\",\"url\":\"https:\/\/www.champmarket.com\/nl\/champagne\/krug-grande-cuvee-editie-168-magnum-koffer\/\",\"name\":\"Krug Grande Cuv\u00e9e Editie 168 Magnum met koffer - Champmarket\",\"isPartOf\":{\"@id\":\"https:\/\/www.champmarket.com\/#website\"},\"primaryImageOfPage\":{\"@id\":\"https:\/\/www.champmarket.com\/nl\/champagne\/krug-grande-cuvee-editie-168-magnum-koffer\/#primaryimage\"},\"image\":{\"@id\":\"https:\/\/www.champmarket.com\/nl\/champagne\/krug-grande-cuvee-editie-168-magnum-koffer\/#primaryimage\"},\"thumbnailUrl\":\"https:\/\/www.champmarket.com\/wp-content\/uploads\/2022\/03\/krug-grande-cuvee-edition-168-magnum-coffret.webp\",\"datePublished\":\"2023-03-28T15:06:51+00:00\",\"dateModified\":\"2025-05-19T12:54:19+00:00\",\"description\":\"Krug Grande Cuv\u00e9e Editie 168 Magnum met koffer is de rijkste uitdrukking van Krug champagne. Een wijn van grote rijkdom en fijne elegantie, voorbij de jaargangen.\",\"breadcrumb\":{\"@id\":\"https:\/\/www.champmarket.com\/nl\/champagne\/krug-grande-cuvee-editie-168-magnum-koffer\/#breadcrumb\"},\"inLanguage\":\"nl-NL\",\"potentialAction\":[{\"@type\":\"ReadAction\",\"target\":[\"https:\/\/www.champmarket.com\/nl\/champagne\/krug-grande-cuvee-editie-168-magnum-koffer\/\"]}]},{\"@type\":\"ImageObject\",\"inLanguage\":\"nl-NL\",\"@id\":\"https:\/\/www.champmarket.com\/nl\/champagne\/krug-grande-cuvee-editie-168-magnum-koffer\/#primaryimage\",\"url\":\"https:\/\/www.champmarket.com\/wp-content\/uploads\/2022\/03\/krug-grande-cuvee-edition-168-magnum-coffret.webp\",\"contentUrl\":\"https:\/\/www.champmarket.com\/wp-content\/uploads\/2022\/03\/krug-grande-cuvee-edition-168-magnum-coffret.webp\",\"width\":2000,\"height\":2000},{\"@type\":\"BreadcrumbList\",\"@id\":\"https:\/\/www.champmarket.com\/nl\/champagne\/krug-grande-cuvee-editie-168-magnum-koffer\/#breadcrumb\",\"itemListElement\":[{\"@type\":\"ListItem\",\"position\":1,\"name\":\"Accueil\",\"item\":\"https:\/\/www.champmarket.com\/nl\/\"},{\"@type\":\"ListItem\",\"position\":2,\"name\":\"Winkel\",\"item\":\"https:\/\/www.champmarket.com\/nl\/boutique\/\"},{\"@type\":\"ListItem\",\"position\":3,\"name\":\"Krug\",\"item\":\"https:\/\/www.champmarket.com\/nl\/maisons\/selectie-champagne-krug-nl\/\"},{\"@type\":\"ListItem\",\"position\":4,\"name\":\"Krug Grande Cuv\u00e9e Editie 168 Magnum met koffer\"}]},{\"@type\":\"WebSite\",\"@id\":\"https:\/\/www.champmarket.com\/#website\",\"url\":\"https:\/\/www.champmarket.com\/\",\"name\":\"Champmarket\",\"description\":\"Champmarket, Champagnes, Cadeaus en Levenskunst\",\"publisher\":{\"@id\":\"https:\/\/www.champmarket.com\/#organization\"},\"potentialAction\":[{\"@type\":\"SearchAction\",\"target\":{\"@type\":\"EntryPoint\",\"urlTemplate\":\"https:\/\/www.champmarket.com\/?s={search_term_string}\"},\"query-input\":{\"@type\":\"PropertyValueSpecification\",\"valueRequired\":true,\"valueName\":\"search_term_string\"}}],\"inLanguage\":\"nl-NL\"},{\"@type\":\"Organization\",\"@id\":\"https:\/\/www.champmarket.com\/#organization\",\"name\":\"Champmarket\",\"url\":\"https:\/\/www.champmarket.com\/\",\"logo\":{\"@type\":\"ImageObject\",\"inLanguage\":\"nl-NL\",\"@id\":\"https:\/\/www.champmarket.com\/#\/schema\/logo\/image\/\",\"url\":\"https:\/\/www.champmarket.com\/wp-content\/uploads\/2024\/08\/logo2024-1.svg\",\"contentUrl\":\"https:\/\/www.champmarket.com\/wp-content\/uploads\/2024\/08\/logo2024-1.svg\",\"width\":579.8,\"height\":80,\"caption\":\"Champmarket\"},\"image\":{\"@id\":\"https:\/\/www.champmarket.com\/#\/schema\/logo\/image\/\"},\"sameAs\":[\"https:\/\/www.facebook.com\/ChampMarket\/\",\"https:\/\/x.com\/champmarket\",\"https:\/\/www.instagram.com\/champmarket.paris\/\",\"https:\/\/www.pinterest.fr\/champmarketparis\/\",\"https:\/\/www.linkedin.com\/company\/champmarket\/\"]}]}<\/script>\n<!-- \/ Yoast SEO plugin. -->","yoast_head_json":{"title":"Krug Grande Cuv\u00e9e Editie 168 Magnum met koffer - Champmarket","description":"Krug Grande Cuv\u00e9e Editie 168 Magnum met koffer is de rijkste uitdrukking van Krug champagne. Een wijn van grote rijkdom en fijne elegantie, voorbij de jaargangen.","robots":{"index":"index","follow":"follow","max-snippet":"max-snippet:-1","max-image-preview":"max-image-preview:large","max-video-preview":"max-video-preview:-1"},"canonical":"https:\/\/www.champmarket.com\/nl\/champagne\/krug-grande-cuvee-editie-168-magnum-koffer\/","og_locale":"nl_NL","og_type":"article","og_title":"Krug Grande Cuv\u00e9e Editie 168 Magnum met koffer - Champmarket","og_description":"Krug Grande Cuv\u00e9e Editie 168 Magnum met koffer is de rijkste uitdrukking van Krug champagne. Een wijn van grote rijkdom en fijne elegantie, voorbij de jaargangen.","og_url":"https:\/\/www.champmarket.com\/nl\/champagne\/krug-grande-cuvee-editie-168-magnum-koffer\/","og_site_name":"Champmarket","article_publisher":"https:\/\/www.facebook.com\/ChampMarket\/","article_modified_time":"2025-05-19T12:54:19+00:00","og_image":[{"width":2000,"height":2000,"url":"https:\/\/www.champmarket.com\/wp-content\/uploads\/2022\/03\/krug-grande-cuvee-edition-168-magnum-coffret.webp","type":"image\/jpeg"}],"twitter_card":"summary_large_image","twitter_site":"@champmarket","twitter_misc":{"Geschatte leestijd":"1 minuut"},"schema":{"@context":"https:\/\/schema.org","@graph":[{"@type":"WebPage","@id":"https:\/\/www.champmarket.com\/nl\/champagne\/krug-grande-cuvee-editie-168-magnum-koffer\/","url":"https:\/\/www.champmarket.com\/nl\/champagne\/krug-grande-cuvee-editie-168-magnum-koffer\/","name":"Krug Grande Cuv\u00e9e Editie 168 Magnum met koffer - Champmarket","isPartOf":{"@id":"https:\/\/www.champmarket.com\/#website"},"primaryImageOfPage":{"@id":"https:\/\/www.champmarket.com\/nl\/champagne\/krug-grande-cuvee-editie-168-magnum-koffer\/#primaryimage"},"image":{"@id":"https:\/\/www.champmarket.com\/nl\/champagne\/krug-grande-cuvee-editie-168-magnum-koffer\/#primaryimage"},"thumbnailUrl":"https:\/\/www.champmarket.com\/wp-content\/uploads\/2022\/03\/krug-grande-cuvee-edition-168-magnum-coffret.webp","datePublished":"2023-03-28T15:06:51+00:00","dateModified":"2025-05-19T12:54:19+00:00","description":"Krug Grande Cuv\u00e9e Editie 168 Magnum met koffer is de rijkste uitdrukking van Krug champagne. Een wijn van grote rijkdom en fijne elegantie, voorbij de jaargangen.","breadcrumb":{"@id":"https:\/\/www.champmarket.com\/nl\/champagne\/krug-grande-cuvee-editie-168-magnum-koffer\/#breadcrumb"},"inLanguage":"nl-NL","potentialAction":[{"@type":"ReadAction","target":["https:\/\/www.champmarket.com\/nl\/champagne\/krug-grande-cuvee-editie-168-magnum-koffer\/"]}]},{"@type":"ImageObject","inLanguage":"nl-NL","@id":"https:\/\/www.champmarket.com\/nl\/champagne\/krug-grande-cuvee-editie-168-magnum-koffer\/#primaryimage","url":"https:\/\/www.champmarket.com\/wp-content\/uploads\/2022\/03\/krug-grande-cuvee-edition-168-magnum-coffret.webp","contentUrl":"https:\/\/www.champmarket.com\/wp-content\/uploads\/2022\/03\/krug-grande-cuvee-edition-168-magnum-coffret.webp","width":2000,"height":2000},{"@type":"BreadcrumbList","@id":"https:\/\/www.champmarket.com\/nl\/champagne\/krug-grande-cuvee-editie-168-magnum-koffer\/#breadcrumb","itemListElement":[{"@type":"ListItem","position":1,"name":"Accueil","item":"https:\/\/www.champmarket.com\/nl\/"},{"@type":"ListItem","position":2,"name":"Winkel","item":"https:\/\/www.champmarket.com\/nl\/boutique\/"},{"@type":"ListItem","position":3,"name":"Krug","item":"https:\/\/www.champmarket.com\/nl\/maisons\/selectie-champagne-krug-nl\/"},{"@type":"ListItem","position":4,"name":"Krug Grande Cuv\u00e9e Editie 168 Magnum met koffer"}]},{"@type":"WebSite","@id":"https:\/\/www.champmarket.com\/#website","url":"https:\/\/www.champmarket.com\/","name":"Champmarket","description":"Champmarket, Champagnes, Cadeaus en Levenskunst","publisher":{"@id":"https:\/\/www.champmarket.com\/#organization"},"potentialAction":[{"@type":"SearchAction","target":{"@type":"EntryPoint","urlTemplate":"https:\/\/www.champmarket.com\/?s={search_term_string}"},"query-input":{"@type":"PropertyValueSpecification","valueRequired":true,"valueName":"search_term_string"}}],"inLanguage":"nl-NL"},{"@type":"Organization","@id":"https:\/\/www.champmarket.com\/#organization","name":"Champmarket","url":"https:\/\/www.champmarket.com\/","logo":{"@type":"ImageObject","inLanguage":"nl-NL","@id":"https:\/\/www.champmarket.com\/#\/schema\/logo\/image\/","url":"https:\/\/www.champmarket.com\/wp-content\/uploads\/2024\/08\/logo2024-1.svg","contentUrl":"https:\/\/www.champmarket.com\/wp-content\/uploads\/2024\/08\/logo2024-1.svg","width":579.8,"height":80,"caption":"Champmarket"},"image":{"@id":"https:\/\/www.champmarket.com\/#\/schema\/logo\/image\/"},"sameAs":["https:\/\/www.facebook.com\/ChampMarket\/","https:\/\/x.com\/champmarket","https:\/\/www.instagram.com\/champmarket.paris\/","https:\/\/www.pinterest.fr\/champmarketparis\/","https:\/\/www.linkedin.com\/company\/champmarket\/"]}]}},"_links":{"self":[{"href":"https:\/\/www.champmarket.com\/nl\/wp-json\/wp\/v2\/product\/50428","targetHints":{"allow":["GET"]}}],"collection":[{"href":"https:\/\/www.champmarket.com\/nl\/wp-json\/wp\/v2\/product"}],"about":[{"href":"https:\/\/www.champmarket.com\/nl\/wp-json\/wp\/v2\/types\/product"}],"version-history":[{"count":1,"href":"https:\/\/www.champmarket.com\/nl\/wp-json\/wp\/v2\/product\/50428\/revisions"}],"predecessor-version":[{"id":79235,"href":"https:\/\/www.champmarket.com\/nl\/wp-json\/wp\/v2\/product\/50428\/revisions\/79235"}],"wp:featuredmedia":[{"embeddable":true,"href":"https:\/\/www.champmarket.com\/nl\/wp-json\/wp\/v2\/media\/48794"}],"wp:attachment":[{"href":"https:\/\/www.champmarket.com\/nl\/wp-json\/wp\/v2\/media?parent=50428"}],"wp:term":[{"taxonomy":"product_brand","embeddable":true,"href":"https:\/\/www.champmarket.com\/nl\/wp-json\/wp\/v2\/product_brand?post=50428"},{"taxonomy":"product_cat","embeddable":true,"href":"https:\/\/www.champmarket.com\/nl\/wp-json\/wp\/v2\/product_cat?post=50428"},{"taxonomy":"product_tag","embeddable":true,"href":"https:\/\/www.champmarket.com\/nl\/wp-json\/wp\/v2\/product_tag?post=50428"}],"curies":[{"name":"wp","href":"https:\/\/api.w.org\/{rel}","templated":true}]}}