{"id":50489,"date":"2021-02-18T16:01:52","date_gmt":"2021-02-18T15:01:52","guid":{"rendered":"https:\/\/www.champmarket.com\/champagne\/charles-heidsieck-rose-reserve-fles\/"},"modified":"2023-07-01T00:00:14","modified_gmt":"2023-06-30T22:00:14","slug":"charles-heidsieck-rose-reserve-fles","status":"publish","type":"product","link":"https:\/\/www.champmarket.com\/nl\/champagne\/charles-heidsieck-rose-reserve-fles\/","title":{"rendered":"Charles Heidsieck Ros\u00e9 R\u00e9serve Fles"},"content":{"rendered":"<p>Charles Heidsieck Ros\u00e9 R\u00e9serve is een blend van tot 35% reservewijnen, gemiddeld 5 jaar gerijpt. Hij is gebaseerd op de Brut R\u00e9serve blend, waaraan 5 tot 6% rode Champagnewijnen uit het dorp Riceys, de parel van de C\u00f4te des Bar, zijn toegevoegd.<br \/>\nEen selectie van 40 emblematische crus en sappen, uitsluitend afkomstig van de eerste persing, geven deze Ros\u00e9 d&#8217;assemblage al zijn precisie en delicatesse.<\/p>\n<p><strong>Complexiteit &#8211; Precisie &#8211; Generositeit &amp; Diepte:<\/strong> Om een ideaal evenwicht te bereiken tussen frisheid en kant enerzijds en structuur en complexiteit anderzijds, hanteert de Cellar Master een principe van het Huis: hij selecteert vrijwillig reservewijnen (tot 35%) die minder oud zijn dan die van de Brut R\u00e9serve, gemiddeld 5 jaar.<\/p>\n<p>Alle wijnen worden wijnjaar voor wijnjaar, druivenras voor druivenras, gevinifieerd in roestvrijstalen tanks. De 5 tot 6% in rode &#8220;Les Riceys&#8221; gevinifieerde wijn brengt zijn aromatische frisheid en versterkt de identiteit van de Ros\u00e9 R\u00e9serve (fruitig, gulzig, zuur).<\/p>\n<p>De Charles Heidsieck Ros\u00e9 R\u00e9serve profiteert ten slotte van een langere rijping van 3 tot 4 jaar in duizend jaar oude kalkputten, ver boven de normen van de Appellation.<\/p>\n","protected":false},"excerpt":{"rendered":"<p>Charles Heidsieck Ros\u00e9 R\u00e9serve is het resultaat van meerdere eisen en onderscheidt zich door zijn sterke inslag. Ros\u00e9 R\u00e9serve is een uiterst precieze champagne, vlezig en gulzig, delicaat en precies. Mooie expressiviteit, zoals Charles zou zeggen!<\/p>\n","protected":false},"featured_media":48864,"template":"","meta":{"_acf_changed":false},"product_brand":[],"product_cat":[3492,3352,3321,3175,3142,3106,3176,3117,3170,3168],"product_tag":[3190,3196,3194],"class_list":{"0":"post-50489","1":"product","2":"type-product","3":"status-publish","4":"has-post-thumbnail","6":"maisons-selectie-champagne-charles-heidsieck-nl","7":"product_cat-selection-voor-samengestelde-doos-van-6-flessen-rose","8":"product_cat-zomerse-champagnes","9":"product_cat-beste-champagnes","10":"product_cat-selectie-voor-samenstelbare-box-6-flessen-579e","11":"product_cat-charles-heidsieck-nl","12":"product_cat-flessen","13":"product_cat-tous-les-champagnes-nl","14":"product_cat-rose-champagne","15":"product_cat-dessert-nl","16":"product_cat-repas-nl","17":"product_tag-la-vie-en-rose-nl","18":"product_tag-repas-champagne-nl","19":"product_tag-dessert-gouter-nl","21":"first","22":"instock","23":"taxable","24":"shipping-taxable","25":"purchasable","26":"product-type-simple"},"acf":[],"yoast_head":"<!-- This site is optimized with the Yoast SEO plugin v26.4 - https:\/\/yoast.com\/wordpress\/plugins\/seo\/ -->\n<title>Charles Heidsieck Ros\u00e9 R\u00e9serve Fles - Champmarket<\/title>\n<meta name=\"description\" content=\"Charles Heidsieck Ros\u00e9 R\u00e9serve is het resultaat van meerdere eisen en onderscheidt zich door zijn sterke inslag. Ros\u00e9 R\u00e9serve is een uiterst precieze champagne, vlezig en gulzig, delicaat en precies. Mooie expressiviteit, zoals Charles zou zeggen!\" \/>\n<meta name=\"robots\" content=\"index, follow, max-snippet:-1, max-image-preview:large, max-video-preview:-1\" \/>\n<link rel=\"canonical\" href=\"https:\/\/www.champmarket.com\/nl\/champagne\/charles-heidsieck-rose-reserve-fles\/\" \/>\n<meta property=\"og:locale\" content=\"nl_NL\" \/>\n<meta property=\"og:type\" content=\"article\" \/>\n<meta property=\"og:title\" content=\"Charles Heidsieck Ros\u00e9 R\u00e9serve Fles - Champmarket\" \/>\n<meta property=\"og:description\" content=\"Charles Heidsieck Ros\u00e9 R\u00e9serve is het resultaat van meerdere eisen en onderscheidt zich door zijn sterke inslag. Ros\u00e9 R\u00e9serve is een uiterst precieze champagne, vlezig en gulzig, delicaat en precies. Mooie expressiviteit, zoals Charles zou zeggen!\" \/>\n<meta property=\"og:url\" content=\"https:\/\/www.champmarket.com\/nl\/champagne\/charles-heidsieck-rose-reserve-fles\/\" \/>\n<meta property=\"og:site_name\" content=\"Champmarket\" \/>\n<meta property=\"article:publisher\" content=\"https:\/\/www.facebook.com\/ChampMarket\/\" \/>\n<meta property=\"article:modified_time\" content=\"2023-06-30T22:00:14+00:00\" \/>\n<meta property=\"og:image\" content=\"https:\/\/www.champmarket.com\/wp-content\/uploads\/2021\/02\/charles-heidsieck-rose-reserve-bouteille-1.webp\" \/>\n\t<meta property=\"og:image:width\" content=\"2000\" \/>\n\t<meta property=\"og:image:height\" content=\"2000\" \/>\n\t<meta property=\"og:image:type\" content=\"image\/jpeg\" \/>\n<meta name=\"twitter:card\" content=\"summary_large_image\" \/>\n<meta name=\"twitter:site\" content=\"@champmarket\" \/>\n<meta name=\"twitter:label1\" content=\"Geschatte leestijd\" \/>\n\t<meta name=\"twitter:data1\" content=\"1 minuut\" \/>\n<script type=\"application\/ld+json\" class=\"yoast-schema-graph\">{\"@context\":\"https:\/\/schema.org\",\"@graph\":[{\"@type\":\"WebPage\",\"@id\":\"https:\/\/www.champmarket.com\/nl\/champagne\/charles-heidsieck-rose-reserve-fles\/\",\"url\":\"https:\/\/www.champmarket.com\/nl\/champagne\/charles-heidsieck-rose-reserve-fles\/\",\"name\":\"Charles Heidsieck Ros\u00e9 R\u00e9serve Fles - Champmarket\",\"isPartOf\":{\"@id\":\"https:\/\/www.champmarket.com\/#website\"},\"primaryImageOfPage\":{\"@id\":\"https:\/\/www.champmarket.com\/nl\/champagne\/charles-heidsieck-rose-reserve-fles\/#primaryimage\"},\"image\":{\"@id\":\"https:\/\/www.champmarket.com\/nl\/champagne\/charles-heidsieck-rose-reserve-fles\/#primaryimage\"},\"thumbnailUrl\":\"https:\/\/www.champmarket.com\/wp-content\/uploads\/2021\/02\/charles-heidsieck-rose-reserve-bouteille-1.webp\",\"datePublished\":\"2021-02-18T15:01:52+00:00\",\"dateModified\":\"2023-06-30T22:00:14+00:00\",\"description\":\"Charles Heidsieck Ros\u00e9 R\u00e9serve is het resultaat van meerdere eisen en onderscheidt zich door zijn sterke inslag. Ros\u00e9 R\u00e9serve is een uiterst precieze champagne, vlezig en gulzig, delicaat en precies. Mooie expressiviteit, zoals Charles zou zeggen!\",\"breadcrumb\":{\"@id\":\"https:\/\/www.champmarket.com\/nl\/champagne\/charles-heidsieck-rose-reserve-fles\/#breadcrumb\"},\"inLanguage\":\"nl-NL\",\"potentialAction\":[{\"@type\":\"ReadAction\",\"target\":[\"https:\/\/www.champmarket.com\/nl\/champagne\/charles-heidsieck-rose-reserve-fles\/\"]}]},{\"@type\":\"ImageObject\",\"inLanguage\":\"nl-NL\",\"@id\":\"https:\/\/www.champmarket.com\/nl\/champagne\/charles-heidsieck-rose-reserve-fles\/#primaryimage\",\"url\":\"https:\/\/www.champmarket.com\/wp-content\/uploads\/2021\/02\/charles-heidsieck-rose-reserve-bouteille-1.webp\",\"contentUrl\":\"https:\/\/www.champmarket.com\/wp-content\/uploads\/2021\/02\/charles-heidsieck-rose-reserve-bouteille-1.webp\",\"width\":2000,\"height\":2000},{\"@type\":\"BreadcrumbList\",\"@id\":\"https:\/\/www.champmarket.com\/nl\/champagne\/charles-heidsieck-rose-reserve-fles\/#breadcrumb\",\"itemListElement\":[{\"@type\":\"ListItem\",\"position\":1,\"name\":\"Accueil\",\"item\":\"https:\/\/www.champmarket.com\/nl\/\"},{\"@type\":\"ListItem\",\"position\":2,\"name\":\"Winkel\",\"item\":\"https:\/\/www.champmarket.com\/nl\/boutique\/\"},{\"@type\":\"ListItem\",\"position\":3,\"name\":\"Charles Heidsieck\",\"item\":\"https:\/\/www.champmarket.com\/nl\/maisons\/selectie-champagne-charles-heidsieck-nl\/\"},{\"@type\":\"ListItem\",\"position\":4,\"name\":\"Charles Heidsieck Ros\u00e9 R\u00e9serve Fles\"}]},{\"@type\":\"WebSite\",\"@id\":\"https:\/\/www.champmarket.com\/#website\",\"url\":\"https:\/\/www.champmarket.com\/\",\"name\":\"Champmarket\",\"description\":\"Champmarket, Champagnes, Cadeaus en Levenskunst\",\"publisher\":{\"@id\":\"https:\/\/www.champmarket.com\/#organization\"},\"potentialAction\":[{\"@type\":\"SearchAction\",\"target\":{\"@type\":\"EntryPoint\",\"urlTemplate\":\"https:\/\/www.champmarket.com\/?s={search_term_string}\"},\"query-input\":{\"@type\":\"PropertyValueSpecification\",\"valueRequired\":true,\"valueName\":\"search_term_string\"}}],\"inLanguage\":\"nl-NL\"},{\"@type\":\"Organization\",\"@id\":\"https:\/\/www.champmarket.com\/#organization\",\"name\":\"Champmarket\",\"url\":\"https:\/\/www.champmarket.com\/\",\"logo\":{\"@type\":\"ImageObject\",\"inLanguage\":\"nl-NL\",\"@id\":\"https:\/\/www.champmarket.com\/#\/schema\/logo\/image\/\",\"url\":\"https:\/\/www.champmarket.com\/wp-content\/uploads\/2024\/08\/logo2024-1.svg\",\"contentUrl\":\"https:\/\/www.champmarket.com\/wp-content\/uploads\/2024\/08\/logo2024-1.svg\",\"width\":579.8,\"height\":80,\"caption\":\"Champmarket\"},\"image\":{\"@id\":\"https:\/\/www.champmarket.com\/#\/schema\/logo\/image\/\"},\"sameAs\":[\"https:\/\/www.facebook.com\/ChampMarket\/\",\"https:\/\/x.com\/champmarket\",\"https:\/\/www.instagram.com\/champmarket.paris\/\",\"https:\/\/www.pinterest.fr\/champmarketparis\/\",\"https:\/\/www.linkedin.com\/company\/champmarket\/\"]}]}<\/script>\n<!-- \/ Yoast SEO plugin. -->","yoast_head_json":{"title":"Charles Heidsieck Ros\u00e9 R\u00e9serve Fles - Champmarket","description":"Charles Heidsieck Ros\u00e9 R\u00e9serve is het resultaat van meerdere eisen en onderscheidt zich door zijn sterke inslag. Ros\u00e9 R\u00e9serve is een uiterst precieze champagne, vlezig en gulzig, delicaat en precies. Mooie expressiviteit, zoals Charles zou zeggen!","robots":{"index":"index","follow":"follow","max-snippet":"max-snippet:-1","max-image-preview":"max-image-preview:large","max-video-preview":"max-video-preview:-1"},"canonical":"https:\/\/www.champmarket.com\/nl\/champagne\/charles-heidsieck-rose-reserve-fles\/","og_locale":"nl_NL","og_type":"article","og_title":"Charles Heidsieck Ros\u00e9 R\u00e9serve Fles - Champmarket","og_description":"Charles Heidsieck Ros\u00e9 R\u00e9serve is het resultaat van meerdere eisen en onderscheidt zich door zijn sterke inslag. Ros\u00e9 R\u00e9serve is een uiterst precieze champagne, vlezig en gulzig, delicaat en precies. Mooie expressiviteit, zoals Charles zou zeggen!","og_url":"https:\/\/www.champmarket.com\/nl\/champagne\/charles-heidsieck-rose-reserve-fles\/","og_site_name":"Champmarket","article_publisher":"https:\/\/www.facebook.com\/ChampMarket\/","article_modified_time":"2023-06-30T22:00:14+00:00","og_image":[{"width":2000,"height":2000,"url":"https:\/\/www.champmarket.com\/wp-content\/uploads\/2021\/02\/charles-heidsieck-rose-reserve-bouteille-1.webp","type":"image\/jpeg"}],"twitter_card":"summary_large_image","twitter_site":"@champmarket","twitter_misc":{"Geschatte leestijd":"1 minuut"},"schema":{"@context":"https:\/\/schema.org","@graph":[{"@type":"WebPage","@id":"https:\/\/www.champmarket.com\/nl\/champagne\/charles-heidsieck-rose-reserve-fles\/","url":"https:\/\/www.champmarket.com\/nl\/champagne\/charles-heidsieck-rose-reserve-fles\/","name":"Charles Heidsieck Ros\u00e9 R\u00e9serve Fles - Champmarket","isPartOf":{"@id":"https:\/\/www.champmarket.com\/#website"},"primaryImageOfPage":{"@id":"https:\/\/www.champmarket.com\/nl\/champagne\/charles-heidsieck-rose-reserve-fles\/#primaryimage"},"image":{"@id":"https:\/\/www.champmarket.com\/nl\/champagne\/charles-heidsieck-rose-reserve-fles\/#primaryimage"},"thumbnailUrl":"https:\/\/www.champmarket.com\/wp-content\/uploads\/2021\/02\/charles-heidsieck-rose-reserve-bouteille-1.webp","datePublished":"2021-02-18T15:01:52+00:00","dateModified":"2023-06-30T22:00:14+00:00","description":"Charles Heidsieck Ros\u00e9 R\u00e9serve is het resultaat van meerdere eisen en onderscheidt zich door zijn sterke inslag. Ros\u00e9 R\u00e9serve is een uiterst precieze champagne, vlezig en gulzig, delicaat en precies. Mooie expressiviteit, zoals Charles zou zeggen!","breadcrumb":{"@id":"https:\/\/www.champmarket.com\/nl\/champagne\/charles-heidsieck-rose-reserve-fles\/#breadcrumb"},"inLanguage":"nl-NL","potentialAction":[{"@type":"ReadAction","target":["https:\/\/www.champmarket.com\/nl\/champagne\/charles-heidsieck-rose-reserve-fles\/"]}]},{"@type":"ImageObject","inLanguage":"nl-NL","@id":"https:\/\/www.champmarket.com\/nl\/champagne\/charles-heidsieck-rose-reserve-fles\/#primaryimage","url":"https:\/\/www.champmarket.com\/wp-content\/uploads\/2021\/02\/charles-heidsieck-rose-reserve-bouteille-1.webp","contentUrl":"https:\/\/www.champmarket.com\/wp-content\/uploads\/2021\/02\/charles-heidsieck-rose-reserve-bouteille-1.webp","width":2000,"height":2000},{"@type":"BreadcrumbList","@id":"https:\/\/www.champmarket.com\/nl\/champagne\/charles-heidsieck-rose-reserve-fles\/#breadcrumb","itemListElement":[{"@type":"ListItem","position":1,"name":"Accueil","item":"https:\/\/www.champmarket.com\/nl\/"},{"@type":"ListItem","position":2,"name":"Winkel","item":"https:\/\/www.champmarket.com\/nl\/boutique\/"},{"@type":"ListItem","position":3,"name":"Charles Heidsieck","item":"https:\/\/www.champmarket.com\/nl\/maisons\/selectie-champagne-charles-heidsieck-nl\/"},{"@type":"ListItem","position":4,"name":"Charles Heidsieck Ros\u00e9 R\u00e9serve Fles"}]},{"@type":"WebSite","@id":"https:\/\/www.champmarket.com\/#website","url":"https:\/\/www.champmarket.com\/","name":"Champmarket","description":"Champmarket, Champagnes, Cadeaus en Levenskunst","publisher":{"@id":"https:\/\/www.champmarket.com\/#organization"},"potentialAction":[{"@type":"SearchAction","target":{"@type":"EntryPoint","urlTemplate":"https:\/\/www.champmarket.com\/?s={search_term_string}"},"query-input":{"@type":"PropertyValueSpecification","valueRequired":true,"valueName":"search_term_string"}}],"inLanguage":"nl-NL"},{"@type":"Organization","@id":"https:\/\/www.champmarket.com\/#organization","name":"Champmarket","url":"https:\/\/www.champmarket.com\/","logo":{"@type":"ImageObject","inLanguage":"nl-NL","@id":"https:\/\/www.champmarket.com\/#\/schema\/logo\/image\/","url":"https:\/\/www.champmarket.com\/wp-content\/uploads\/2024\/08\/logo2024-1.svg","contentUrl":"https:\/\/www.champmarket.com\/wp-content\/uploads\/2024\/08\/logo2024-1.svg","width":579.8,"height":80,"caption":"Champmarket"},"image":{"@id":"https:\/\/www.champmarket.com\/#\/schema\/logo\/image\/"},"sameAs":["https:\/\/www.facebook.com\/ChampMarket\/","https:\/\/x.com\/champmarket","https:\/\/www.instagram.com\/champmarket.paris\/","https:\/\/www.pinterest.fr\/champmarketparis\/","https:\/\/www.linkedin.com\/company\/champmarket\/"]}]}},"_links":{"self":[{"href":"https:\/\/www.champmarket.com\/nl\/wp-json\/wp\/v2\/product\/50489","targetHints":{"allow":["GET"]}}],"collection":[{"href":"https:\/\/www.champmarket.com\/nl\/wp-json\/wp\/v2\/product"}],"about":[{"href":"https:\/\/www.champmarket.com\/nl\/wp-json\/wp\/v2\/types\/product"}],"version-history":[{"count":0,"href":"https:\/\/www.champmarket.com\/nl\/wp-json\/wp\/v2\/product\/50489\/revisions"}],"wp:featuredmedia":[{"embeddable":true,"href":"https:\/\/www.champmarket.com\/nl\/wp-json\/wp\/v2\/media\/48864"}],"wp:attachment":[{"href":"https:\/\/www.champmarket.com\/nl\/wp-json\/wp\/v2\/media?parent=50489"}],"wp:term":[{"taxonomy":"product_brand","embeddable":true,"href":"https:\/\/www.champmarket.com\/nl\/wp-json\/wp\/v2\/product_brand?post=50489"},{"taxonomy":"product_cat","embeddable":true,"href":"https:\/\/www.champmarket.com\/nl\/wp-json\/wp\/v2\/product_cat?post=50489"},{"taxonomy":"product_tag","embeddable":true,"href":"https:\/\/www.champmarket.com\/nl\/wp-json\/wp\/v2\/product_tag?post=50489"}],"curies":[{"name":"wp","href":"https:\/\/api.w.org\/{rel}","templated":true}]}}