{"id":50559,"date":"2022-02-07T13:54:13","date_gmt":"2022-02-07T12:54:13","guid":{"rendered":"https:\/\/www.champmarket.com\/champagne\/ruinart-rose-halve-fles\/"},"modified":"2023-07-01T00:00:19","modified_gmt":"2023-06-30T22:00:19","slug":"ruinart-rose-halve-fles","status":"publish","type":"product","link":"https:\/\/www.champmarket.com\/nl\/champagne\/ruinart-rose-halve-fles\/","title":{"rendered":"Ruinart Ros\u00e9 halve fles"},"content":{"rendered":"<p>Wie het universum van Ruinart betreedt, ontdekt de keuzes van dit grote champagnehuis: een constante vraag, een zuivere en verfijnde geest, de stralende dominantie van chardonnay en een unieke fles, kenmerkend voor de champagnes van Ruinart.<\/p>\n<p>Het halve flesformaat (0,375l) is ideaal voor uw \u00e9\u00e9n-op-\u00e9\u00e9n proefmomenten, uw kleine attenties, uw geschenken en uw bedrijfsevenementen.<\/p>\n<p>&nbsp;<\/p>\n","protected":false},"excerpt":{"rendered":"<p>Ruinart Ros\u00e9 champagne is de gastronomische uitdrukking van de Ruinart smaak. Een fijne en elegante champagne.<\/p>\n","protected":false},"featured_media":77670,"template":"","meta":{"_acf_changed":false},"product_brand":[],"product_cat":[3547,3470,3352,3308,3159,3165,3166,3176,3117,3170,3169,3168],"product_tag":[3190,3195,3199,3196,3197,3194],"class_list":{"0":"post-50559","1":"product","2":"type-product","3":"status-publish","4":"has-post-thumbnail","6":"maisons-selectie-champagne-ruinart-nl","7":"product_cat-zachte-prijzen","8":"product_cat-onze-favorieten","9":"product_cat-zomerse-champagnes","10":"product_cat-alle-champagnes-en-boxes","11":"product_cat-ruinart-nl","12":"product_cat-kleine-flessen","13":"product_cat-demi-bouteille-nl","14":"product_cat-tous-les-champagnes-nl","15":"product_cat-rose-champagne","16":"product_cat-dessert-nl","17":"product_cat-aperitief","18":"product_cat-repas-nl","19":"product_tag-la-vie-en-rose-nl","20":"product_tag-pour-offrir-nl","21":"product_tag-aperitif-nl","22":"product_tag-repas-champagne-nl","23":"product_tag-tete-a-tete-nl","24":"product_tag-dessert-gouter-nl","26":"first","27":"instock","28":"taxable","29":"shipping-taxable","30":"purchasable","31":"product-type-simple"},"acf":[],"yoast_head":"<!-- This site is optimized with the Yoast SEO plugin v26.4 - https:\/\/yoast.com\/wordpress\/plugins\/seo\/ -->\n<title>Ruinart Ros\u00e9 halve fles - Champmarket<\/title>\n<meta name=\"description\" content=\"De Ros\u00e9 halve fles champagne van Ruinart is het ideale formaat voor uw geschenkmomenten en uw proeverijen alleen of met een partner.\" \/>\n<meta name=\"robots\" content=\"index, follow, max-snippet:-1, max-image-preview:large, max-video-preview:-1\" \/>\n<link rel=\"canonical\" href=\"https:\/\/www.champmarket.com\/nl\/champagne\/ruinart-rose-halve-fles\/\" \/>\n<meta property=\"og:locale\" content=\"nl_NL\" \/>\n<meta property=\"og:type\" content=\"article\" \/>\n<meta property=\"og:title\" content=\"Ruinart Ros\u00e9 halve fles - Champmarket\" \/>\n<meta property=\"og:description\" content=\"De Ros\u00e9 halve fles champagne van Ruinart is het ideale formaat voor uw geschenkmomenten en uw proeverijen alleen of met een partner.\" \/>\n<meta property=\"og:url\" content=\"https:\/\/www.champmarket.com\/nl\/champagne\/ruinart-rose-halve-fles\/\" \/>\n<meta property=\"og:site_name\" content=\"Champmarket\" \/>\n<meta property=\"article:publisher\" content=\"https:\/\/www.facebook.com\/ChampMarket\/\" \/>\n<meta property=\"article:modified_time\" content=\"2023-06-30T22:00:19+00:00\" \/>\n<meta property=\"og:image\" content=\"https:\/\/www.champmarket.com\/wp-content\/uploads\/2022\/02\/ruinart-rose-demi-bouteille-1.webp\" \/>\n\t<meta property=\"og:image:width\" content=\"1200\" \/>\n\t<meta property=\"og:image:height\" content=\"1200\" \/>\n\t<meta property=\"og:image:type\" content=\"image\/webp\" \/>\n<meta name=\"twitter:card\" content=\"summary_large_image\" \/>\n<meta name=\"twitter:site\" content=\"@champmarket\" \/>\n<script type=\"application\/ld+json\" class=\"yoast-schema-graph\">{\"@context\":\"https:\/\/schema.org\",\"@graph\":[{\"@type\":\"WebPage\",\"@id\":\"https:\/\/www.champmarket.com\/nl\/champagne\/ruinart-rose-halve-fles\/\",\"url\":\"https:\/\/www.champmarket.com\/nl\/champagne\/ruinart-rose-halve-fles\/\",\"name\":\"Ruinart Ros\u00e9 halve fles - Champmarket\",\"isPartOf\":{\"@id\":\"https:\/\/www.champmarket.com\/#website\"},\"primaryImageOfPage\":{\"@id\":\"https:\/\/www.champmarket.com\/nl\/champagne\/ruinart-rose-halve-fles\/#primaryimage\"},\"image\":{\"@id\":\"https:\/\/www.champmarket.com\/nl\/champagne\/ruinart-rose-halve-fles\/#primaryimage\"},\"thumbnailUrl\":\"https:\/\/www.champmarket.com\/wp-content\/uploads\/2022\/02\/ruinart-rose-demi-bouteille-1.webp\",\"datePublished\":\"2022-02-07T12:54:13+00:00\",\"dateModified\":\"2023-06-30T22:00:19+00:00\",\"description\":\"De Ros\u00e9 halve fles champagne van Ruinart is het ideale formaat voor uw geschenkmomenten en uw proeverijen alleen of met een partner.\",\"breadcrumb\":{\"@id\":\"https:\/\/www.champmarket.com\/nl\/champagne\/ruinart-rose-halve-fles\/#breadcrumb\"},\"inLanguage\":\"nl-NL\",\"potentialAction\":[{\"@type\":\"ReadAction\",\"target\":[\"https:\/\/www.champmarket.com\/nl\/champagne\/ruinart-rose-halve-fles\/\"]}]},{\"@type\":\"ImageObject\",\"inLanguage\":\"nl-NL\",\"@id\":\"https:\/\/www.champmarket.com\/nl\/champagne\/ruinart-rose-halve-fles\/#primaryimage\",\"url\":\"https:\/\/www.champmarket.com\/wp-content\/uploads\/2022\/02\/ruinart-rose-demi-bouteille-1.webp\",\"contentUrl\":\"https:\/\/www.champmarket.com\/wp-content\/uploads\/2022\/02\/ruinart-rose-demi-bouteille-1.webp\",\"width\":1200,\"height\":1200,\"caption\":\"Champagne Ruinart Ros\u00e9 Demi-Bouteille - Champmarket\"},{\"@type\":\"BreadcrumbList\",\"@id\":\"https:\/\/www.champmarket.com\/nl\/champagne\/ruinart-rose-halve-fles\/#breadcrumb\",\"itemListElement\":[{\"@type\":\"ListItem\",\"position\":1,\"name\":\"Accueil\",\"item\":\"https:\/\/www.champmarket.com\/nl\/\"},{\"@type\":\"ListItem\",\"position\":2,\"name\":\"Winkel\",\"item\":\"https:\/\/www.champmarket.com\/nl\/boutique\/\"},{\"@type\":\"ListItem\",\"position\":3,\"name\":\"Ruinart\",\"item\":\"https:\/\/www.champmarket.com\/nl\/maisons\/selectie-champagne-ruinart-nl\/\"},{\"@type\":\"ListItem\",\"position\":4,\"name\":\"Ruinart Ros\u00e9 halve fles\"}]},{\"@type\":\"WebSite\",\"@id\":\"https:\/\/www.champmarket.com\/#website\",\"url\":\"https:\/\/www.champmarket.com\/\",\"name\":\"Champmarket\",\"description\":\"Champmarket, Champagnes, Cadeaus en Levenskunst\",\"publisher\":{\"@id\":\"https:\/\/www.champmarket.com\/#organization\"},\"potentialAction\":[{\"@type\":\"SearchAction\",\"target\":{\"@type\":\"EntryPoint\",\"urlTemplate\":\"https:\/\/www.champmarket.com\/?s={search_term_string}\"},\"query-input\":{\"@type\":\"PropertyValueSpecification\",\"valueRequired\":true,\"valueName\":\"search_term_string\"}}],\"inLanguage\":\"nl-NL\"},{\"@type\":\"Organization\",\"@id\":\"https:\/\/www.champmarket.com\/#organization\",\"name\":\"Champmarket\",\"url\":\"https:\/\/www.champmarket.com\/\",\"logo\":{\"@type\":\"ImageObject\",\"inLanguage\":\"nl-NL\",\"@id\":\"https:\/\/www.champmarket.com\/#\/schema\/logo\/image\/\",\"url\":\"https:\/\/www.champmarket.com\/wp-content\/uploads\/2024\/08\/logo2024-1.svg\",\"contentUrl\":\"https:\/\/www.champmarket.com\/wp-content\/uploads\/2024\/08\/logo2024-1.svg\",\"width\":579.8,\"height\":80,\"caption\":\"Champmarket\"},\"image\":{\"@id\":\"https:\/\/www.champmarket.com\/#\/schema\/logo\/image\/\"},\"sameAs\":[\"https:\/\/www.facebook.com\/ChampMarket\/\",\"https:\/\/x.com\/champmarket\",\"https:\/\/www.instagram.com\/champmarket.paris\/\",\"https:\/\/www.pinterest.fr\/champmarketparis\/\",\"https:\/\/www.linkedin.com\/company\/champmarket\/\"]}]}<\/script>\n<!-- \/ Yoast SEO plugin. -->","yoast_head_json":{"title":"Ruinart Ros\u00e9 halve fles - Champmarket","description":"De Ros\u00e9 halve fles champagne van Ruinart is het ideale formaat voor uw geschenkmomenten en uw proeverijen alleen of met een partner.","robots":{"index":"index","follow":"follow","max-snippet":"max-snippet:-1","max-image-preview":"max-image-preview:large","max-video-preview":"max-video-preview:-1"},"canonical":"https:\/\/www.champmarket.com\/nl\/champagne\/ruinart-rose-halve-fles\/","og_locale":"nl_NL","og_type":"article","og_title":"Ruinart Ros\u00e9 halve fles - Champmarket","og_description":"De Ros\u00e9 halve fles champagne van Ruinart is het ideale formaat voor uw geschenkmomenten en uw proeverijen alleen of met een partner.","og_url":"https:\/\/www.champmarket.com\/nl\/champagne\/ruinart-rose-halve-fles\/","og_site_name":"Champmarket","article_publisher":"https:\/\/www.facebook.com\/ChampMarket\/","article_modified_time":"2023-06-30T22:00:19+00:00","og_image":[{"width":1200,"height":1200,"url":"https:\/\/www.champmarket.com\/wp-content\/uploads\/2022\/02\/ruinart-rose-demi-bouteille-1.webp","type":"image\/webp"}],"twitter_card":"summary_large_image","twitter_site":"@champmarket","schema":{"@context":"https:\/\/schema.org","@graph":[{"@type":"WebPage","@id":"https:\/\/www.champmarket.com\/nl\/champagne\/ruinart-rose-halve-fles\/","url":"https:\/\/www.champmarket.com\/nl\/champagne\/ruinart-rose-halve-fles\/","name":"Ruinart Ros\u00e9 halve fles - Champmarket","isPartOf":{"@id":"https:\/\/www.champmarket.com\/#website"},"primaryImageOfPage":{"@id":"https:\/\/www.champmarket.com\/nl\/champagne\/ruinart-rose-halve-fles\/#primaryimage"},"image":{"@id":"https:\/\/www.champmarket.com\/nl\/champagne\/ruinart-rose-halve-fles\/#primaryimage"},"thumbnailUrl":"https:\/\/www.champmarket.com\/wp-content\/uploads\/2022\/02\/ruinart-rose-demi-bouteille-1.webp","datePublished":"2022-02-07T12:54:13+00:00","dateModified":"2023-06-30T22:00:19+00:00","description":"De Ros\u00e9 halve fles champagne van Ruinart is het ideale formaat voor uw geschenkmomenten en uw proeverijen alleen of met een partner.","breadcrumb":{"@id":"https:\/\/www.champmarket.com\/nl\/champagne\/ruinart-rose-halve-fles\/#breadcrumb"},"inLanguage":"nl-NL","potentialAction":[{"@type":"ReadAction","target":["https:\/\/www.champmarket.com\/nl\/champagne\/ruinart-rose-halve-fles\/"]}]},{"@type":"ImageObject","inLanguage":"nl-NL","@id":"https:\/\/www.champmarket.com\/nl\/champagne\/ruinart-rose-halve-fles\/#primaryimage","url":"https:\/\/www.champmarket.com\/wp-content\/uploads\/2022\/02\/ruinart-rose-demi-bouteille-1.webp","contentUrl":"https:\/\/www.champmarket.com\/wp-content\/uploads\/2022\/02\/ruinart-rose-demi-bouteille-1.webp","width":1200,"height":1200,"caption":"Champagne Ruinart Ros\u00e9 Demi-Bouteille - Champmarket"},{"@type":"BreadcrumbList","@id":"https:\/\/www.champmarket.com\/nl\/champagne\/ruinart-rose-halve-fles\/#breadcrumb","itemListElement":[{"@type":"ListItem","position":1,"name":"Accueil","item":"https:\/\/www.champmarket.com\/nl\/"},{"@type":"ListItem","position":2,"name":"Winkel","item":"https:\/\/www.champmarket.com\/nl\/boutique\/"},{"@type":"ListItem","position":3,"name":"Ruinart","item":"https:\/\/www.champmarket.com\/nl\/maisons\/selectie-champagne-ruinart-nl\/"},{"@type":"ListItem","position":4,"name":"Ruinart Ros\u00e9 halve fles"}]},{"@type":"WebSite","@id":"https:\/\/www.champmarket.com\/#website","url":"https:\/\/www.champmarket.com\/","name":"Champmarket","description":"Champmarket, Champagnes, Cadeaus en Levenskunst","publisher":{"@id":"https:\/\/www.champmarket.com\/#organization"},"potentialAction":[{"@type":"SearchAction","target":{"@type":"EntryPoint","urlTemplate":"https:\/\/www.champmarket.com\/?s={search_term_string}"},"query-input":{"@type":"PropertyValueSpecification","valueRequired":true,"valueName":"search_term_string"}}],"inLanguage":"nl-NL"},{"@type":"Organization","@id":"https:\/\/www.champmarket.com\/#organization","name":"Champmarket","url":"https:\/\/www.champmarket.com\/","logo":{"@type":"ImageObject","inLanguage":"nl-NL","@id":"https:\/\/www.champmarket.com\/#\/schema\/logo\/image\/","url":"https:\/\/www.champmarket.com\/wp-content\/uploads\/2024\/08\/logo2024-1.svg","contentUrl":"https:\/\/www.champmarket.com\/wp-content\/uploads\/2024\/08\/logo2024-1.svg","width":579.8,"height":80,"caption":"Champmarket"},"image":{"@id":"https:\/\/www.champmarket.com\/#\/schema\/logo\/image\/"},"sameAs":["https:\/\/www.facebook.com\/ChampMarket\/","https:\/\/x.com\/champmarket","https:\/\/www.instagram.com\/champmarket.paris\/","https:\/\/www.pinterest.fr\/champmarketparis\/","https:\/\/www.linkedin.com\/company\/champmarket\/"]}]}},"_links":{"self":[{"href":"https:\/\/www.champmarket.com\/nl\/wp-json\/wp\/v2\/product\/50559","targetHints":{"allow":["GET"]}}],"collection":[{"href":"https:\/\/www.champmarket.com\/nl\/wp-json\/wp\/v2\/product"}],"about":[{"href":"https:\/\/www.champmarket.com\/nl\/wp-json\/wp\/v2\/types\/product"}],"version-history":[{"count":0,"href":"https:\/\/www.champmarket.com\/nl\/wp-json\/wp\/v2\/product\/50559\/revisions"}],"wp:featuredmedia":[{"embeddable":true,"href":"https:\/\/www.champmarket.com\/nl\/wp-json\/wp\/v2\/media\/77670"}],"wp:attachment":[{"href":"https:\/\/www.champmarket.com\/nl\/wp-json\/wp\/v2\/media?parent=50559"}],"wp:term":[{"taxonomy":"product_brand","embeddable":true,"href":"https:\/\/www.champmarket.com\/nl\/wp-json\/wp\/v2\/product_brand?post=50559"},{"taxonomy":"product_cat","embeddable":true,"href":"https:\/\/www.champmarket.com\/nl\/wp-json\/wp\/v2\/product_cat?post=50559"},{"taxonomy":"product_tag","embeddable":true,"href":"https:\/\/www.champmarket.com\/nl\/wp-json\/wp\/v2\/product_tag?post=50559"}],"curies":[{"name":"wp","href":"https:\/\/api.w.org\/{rel}","templated":true}]}}