{"id":50712,"date":"2022-09-21T11:32:12","date_gmt":"2023-03-30T09:50:26","guid":{"rendered":"https:\/\/www.champmarket.com\/champagne\/drappier-brut-nature-rose-les-riceys-fles\/"},"modified":"2025-05-09T14:47:45","modified_gmt":"2025-05-09T12:47:45","slug":"drappier-brut-nature-rose-les-riceys-fles","status":"publish","type":"product","link":"https:\/\/www.champmarket.com\/nl\/champagne\/drappier-brut-nature-rose-les-riceys-fles\/","title":{"rendered":"Drappier Brut Natuur Ros\u00e9 Les Riceys Fles"},"content":{"rendered":"<p>Met 866 hectare wijngaarden is Les Riceys het grootste terroir in de Champagnestreek en staat het op de Werelderfgoedlijst van UNESCO.<\/p>\n","protected":false},"excerpt":{"rendered":"<p>Drappier Brut Nature Ros\u00e9 Les Riceys is de perceelsgewijze expressie van de cuv\u00e9e Drappier Brut Nature Ros\u00e9. Hier biedt de familie Drappier haar interpretatie van het terroir van Riceys, door haar traditie van &#8220;saign\u00e9e&#8221; te combineren met een vinificatie zonder dosering. Deze cuv\u00e9e is biologisch gecertificeerd.  <\/p>\n","protected":false},"featured_media":48960,"template":"","meta":{"_acf_changed":false},"product_brand":[],"product_cat":[3492,3368,3352,3173,3308,3138,3144,3106,3176,3117,3114,3109,3169,3168],"product_tag":[3180,3554,3190,3184,3183,3199,3196],"class_list":{"0":"post-50712","1":"product","2":"type-product","3":"status-publish","4":"has-post-thumbnail","6":"maisons-selectie-champagne-drappier-nl","7":"product_cat-selection-voor-samengestelde-doos-van-6-flessen-rose","8":"product_cat-brut-nature-nl","9":"product_cat-zomerse-champagnes","10":"product_cat-selectie-voor-samenstelbare-boxes-6-flessen-399e","11":"product_cat-alle-champagnes-en-boxes","12":"product_cat-categorie-champagnehuizen","13":"product_cat-drappier-nl","14":"product_cat-flessen","15":"product_cat-tous-les-champagnes-nl","16":"product_cat-rose-champagne","17":"product_cat-champagne-extra-brut-non-dose-zero-dosage-nl","18":"product_cat-bio-champagne","19":"product_cat-aperitief","20":"product_cat-repas-nl","21":"product_tag-100-pinot-noir-nl","22":"product_tag-biologische-landbouw","23":"product_tag-la-vie-en-rose-nl","24":"product_tag-fruits-de-mer-nl","25":"product_tag-met-sushi","26":"product_tag-aperitif-nl","27":"product_tag-repas-champagne-nl","29":"first","30":"instock","31":"taxable","32":"shipping-taxable","33":"purchasable","34":"product-type-simple"},"acf":[],"yoast_head":"<!-- This site is optimized with the Yoast SEO plugin v26.4 - https:\/\/yoast.com\/wordpress\/plugins\/seo\/ -->\n<title>Drappier Brut Natuur Ros\u00e9 Les Riceys Fles - Champmarket<\/title>\n<meta name=\"description\" content=\"Drappier Brut Nature Ros\u00e9 Les Riceys is de perceelsgewijze expressie van de cuv\u00e9e Drappier Brut Nature Ros\u00e9. Een interpretatie van het terroir van Riceys, waarbij de traditie van &quot;saign\u00e9e&quot; en vinificatie zonder dosering worden gecombineerd.\" \/>\n<meta name=\"robots\" content=\"index, follow, max-snippet:-1, max-image-preview:large, max-video-preview:-1\" \/>\n<link rel=\"canonical\" href=\"https:\/\/www.champmarket.com\/nl\/champagne\/drappier-brut-nature-rose-les-riceys-fles\/\" \/>\n<meta property=\"og:locale\" content=\"nl_NL\" \/>\n<meta property=\"og:type\" content=\"article\" \/>\n<meta property=\"og:title\" content=\"Drappier Brut Natuur Ros\u00e9 Les Riceys Fles - Champmarket\" \/>\n<meta property=\"og:description\" content=\"Drappier Brut Nature Ros\u00e9 Les Riceys is de perceelsgewijze expressie van de cuv\u00e9e Drappier Brut Nature Ros\u00e9. Een interpretatie van het terroir van Riceys, waarbij de traditie van &quot;saign\u00e9e&quot; en vinificatie zonder dosering worden gecombineerd.\" \/>\n<meta property=\"og:url\" content=\"https:\/\/www.champmarket.com\/nl\/champagne\/drappier-brut-nature-rose-les-riceys-fles\/\" \/>\n<meta property=\"og:site_name\" content=\"Champmarket\" \/>\n<meta property=\"article:publisher\" content=\"https:\/\/www.facebook.com\/ChampMarket\/\" \/>\n<meta property=\"article:modified_time\" content=\"2025-05-09T12:47:45+00:00\" \/>\n<meta property=\"og:image\" content=\"https:\/\/www.champmarket.com\/wp-content\/uploads\/2022\/09\/drappier-rose-nature-les-riceys-vintage-2014-bouteille.webp\" \/>\n\t<meta property=\"og:image:width\" content=\"2000\" \/>\n\t<meta property=\"og:image:height\" content=\"2000\" \/>\n\t<meta property=\"og:image:type\" content=\"image\/jpeg\" \/>\n<meta name=\"twitter:card\" content=\"summary_large_image\" \/>\n<meta name=\"twitter:site\" content=\"@champmarket\" \/>\n<script type=\"application\/ld+json\" class=\"yoast-schema-graph\">{\"@context\":\"https:\/\/schema.org\",\"@graph\":[{\"@type\":\"WebPage\",\"@id\":\"https:\/\/www.champmarket.com\/nl\/champagne\/drappier-brut-nature-rose-les-riceys-fles\/\",\"url\":\"https:\/\/www.champmarket.com\/nl\/champagne\/drappier-brut-nature-rose-les-riceys-fles\/\",\"name\":\"Drappier Brut Natuur Ros\u00e9 Les Riceys Fles - Champmarket\",\"isPartOf\":{\"@id\":\"https:\/\/www.champmarket.com\/#website\"},\"primaryImageOfPage\":{\"@id\":\"https:\/\/www.champmarket.com\/nl\/champagne\/drappier-brut-nature-rose-les-riceys-fles\/#primaryimage\"},\"image\":{\"@id\":\"https:\/\/www.champmarket.com\/nl\/champagne\/drappier-brut-nature-rose-les-riceys-fles\/#primaryimage\"},\"thumbnailUrl\":\"https:\/\/www.champmarket.com\/wp-content\/uploads\/2022\/09\/drappier-rose-nature-les-riceys-vintage-2014-bouteille.webp\",\"datePublished\":\"2023-03-30T09:50:26+00:00\",\"dateModified\":\"2025-05-09T12:47:45+00:00\",\"description\":\"Drappier Brut Nature Ros\u00e9 Les Riceys is de perceelsgewijze expressie van de cuv\u00e9e Drappier Brut Nature Ros\u00e9. Een interpretatie van het terroir van Riceys, waarbij de traditie van \\\"saign\u00e9e\\\" en vinificatie zonder dosering worden gecombineerd.\",\"breadcrumb\":{\"@id\":\"https:\/\/www.champmarket.com\/nl\/champagne\/drappier-brut-nature-rose-les-riceys-fles\/#breadcrumb\"},\"inLanguage\":\"nl-NL\",\"potentialAction\":[{\"@type\":\"ReadAction\",\"target\":[\"https:\/\/www.champmarket.com\/nl\/champagne\/drappier-brut-nature-rose-les-riceys-fles\/\"]}]},{\"@type\":\"ImageObject\",\"inLanguage\":\"nl-NL\",\"@id\":\"https:\/\/www.champmarket.com\/nl\/champagne\/drappier-brut-nature-rose-les-riceys-fles\/#primaryimage\",\"url\":\"https:\/\/www.champmarket.com\/wp-content\/uploads\/2022\/09\/drappier-rose-nature-les-riceys-vintage-2014-bouteille.webp\",\"contentUrl\":\"https:\/\/www.champmarket.com\/wp-content\/uploads\/2022\/09\/drappier-rose-nature-les-riceys-vintage-2014-bouteille.webp\",\"width\":2000,\"height\":2000},{\"@type\":\"BreadcrumbList\",\"@id\":\"https:\/\/www.champmarket.com\/nl\/champagne\/drappier-brut-nature-rose-les-riceys-fles\/#breadcrumb\",\"itemListElement\":[{\"@type\":\"ListItem\",\"position\":1,\"name\":\"Accueil\",\"item\":\"https:\/\/www.champmarket.com\/nl\/\"},{\"@type\":\"ListItem\",\"position\":2,\"name\":\"Winkel\",\"item\":\"https:\/\/www.champmarket.com\/nl\/boutique\/\"},{\"@type\":\"ListItem\",\"position\":3,\"name\":\"Drappier\",\"item\":\"https:\/\/www.champmarket.com\/nl\/maisons\/selectie-champagne-drappier-nl\/\"},{\"@type\":\"ListItem\",\"position\":4,\"name\":\"Drappier Brut Natuur Ros\u00e9 Les Riceys Fles\"}]},{\"@type\":\"WebSite\",\"@id\":\"https:\/\/www.champmarket.com\/#website\",\"url\":\"https:\/\/www.champmarket.com\/\",\"name\":\"Champmarket\",\"description\":\"Champmarket, Champagnes, Cadeaus en Levenskunst\",\"publisher\":{\"@id\":\"https:\/\/www.champmarket.com\/#organization\"},\"potentialAction\":[{\"@type\":\"SearchAction\",\"target\":{\"@type\":\"EntryPoint\",\"urlTemplate\":\"https:\/\/www.champmarket.com\/?s={search_term_string}\"},\"query-input\":{\"@type\":\"PropertyValueSpecification\",\"valueRequired\":true,\"valueName\":\"search_term_string\"}}],\"inLanguage\":\"nl-NL\"},{\"@type\":\"Organization\",\"@id\":\"https:\/\/www.champmarket.com\/#organization\",\"name\":\"Champmarket\",\"url\":\"https:\/\/www.champmarket.com\/\",\"logo\":{\"@type\":\"ImageObject\",\"inLanguage\":\"nl-NL\",\"@id\":\"https:\/\/www.champmarket.com\/#\/schema\/logo\/image\/\",\"url\":\"https:\/\/www.champmarket.com\/wp-content\/uploads\/2024\/08\/logo2024-1.svg\",\"contentUrl\":\"https:\/\/www.champmarket.com\/wp-content\/uploads\/2024\/08\/logo2024-1.svg\",\"width\":579.8,\"height\":80,\"caption\":\"Champmarket\"},\"image\":{\"@id\":\"https:\/\/www.champmarket.com\/#\/schema\/logo\/image\/\"},\"sameAs\":[\"https:\/\/www.facebook.com\/ChampMarket\/\",\"https:\/\/x.com\/champmarket\",\"https:\/\/www.instagram.com\/champmarket.paris\/\",\"https:\/\/www.pinterest.fr\/champmarketparis\/\",\"https:\/\/www.linkedin.com\/company\/champmarket\/\"]}]}<\/script>\n<!-- \/ Yoast SEO plugin. -->","yoast_head_json":{"title":"Drappier Brut Natuur Ros\u00e9 Les Riceys Fles - Champmarket","description":"Drappier Brut Nature Ros\u00e9 Les Riceys is de perceelsgewijze expressie van de cuv\u00e9e Drappier Brut Nature Ros\u00e9. Een interpretatie van het terroir van Riceys, waarbij de traditie van \"saign\u00e9e\" en vinificatie zonder dosering worden gecombineerd.","robots":{"index":"index","follow":"follow","max-snippet":"max-snippet:-1","max-image-preview":"max-image-preview:large","max-video-preview":"max-video-preview:-1"},"canonical":"https:\/\/www.champmarket.com\/nl\/champagne\/drappier-brut-nature-rose-les-riceys-fles\/","og_locale":"nl_NL","og_type":"article","og_title":"Drappier Brut Natuur Ros\u00e9 Les Riceys Fles - Champmarket","og_description":"Drappier Brut Nature Ros\u00e9 Les Riceys is de perceelsgewijze expressie van de cuv\u00e9e Drappier Brut Nature Ros\u00e9. Een interpretatie van het terroir van Riceys, waarbij de traditie van \"saign\u00e9e\" en vinificatie zonder dosering worden gecombineerd.","og_url":"https:\/\/www.champmarket.com\/nl\/champagne\/drappier-brut-nature-rose-les-riceys-fles\/","og_site_name":"Champmarket","article_publisher":"https:\/\/www.facebook.com\/ChampMarket\/","article_modified_time":"2025-05-09T12:47:45+00:00","og_image":[{"width":2000,"height":2000,"url":"https:\/\/www.champmarket.com\/wp-content\/uploads\/2022\/09\/drappier-rose-nature-les-riceys-vintage-2014-bouteille.webp","type":"image\/jpeg"}],"twitter_card":"summary_large_image","twitter_site":"@champmarket","schema":{"@context":"https:\/\/schema.org","@graph":[{"@type":"WebPage","@id":"https:\/\/www.champmarket.com\/nl\/champagne\/drappier-brut-nature-rose-les-riceys-fles\/","url":"https:\/\/www.champmarket.com\/nl\/champagne\/drappier-brut-nature-rose-les-riceys-fles\/","name":"Drappier Brut Natuur Ros\u00e9 Les Riceys Fles - Champmarket","isPartOf":{"@id":"https:\/\/www.champmarket.com\/#website"},"primaryImageOfPage":{"@id":"https:\/\/www.champmarket.com\/nl\/champagne\/drappier-brut-nature-rose-les-riceys-fles\/#primaryimage"},"image":{"@id":"https:\/\/www.champmarket.com\/nl\/champagne\/drappier-brut-nature-rose-les-riceys-fles\/#primaryimage"},"thumbnailUrl":"https:\/\/www.champmarket.com\/wp-content\/uploads\/2022\/09\/drappier-rose-nature-les-riceys-vintage-2014-bouteille.webp","datePublished":"2023-03-30T09:50:26+00:00","dateModified":"2025-05-09T12:47:45+00:00","description":"Drappier Brut Nature Ros\u00e9 Les Riceys is de perceelsgewijze expressie van de cuv\u00e9e Drappier Brut Nature Ros\u00e9. Een interpretatie van het terroir van Riceys, waarbij de traditie van \"saign\u00e9e\" en vinificatie zonder dosering worden gecombineerd.","breadcrumb":{"@id":"https:\/\/www.champmarket.com\/nl\/champagne\/drappier-brut-nature-rose-les-riceys-fles\/#breadcrumb"},"inLanguage":"nl-NL","potentialAction":[{"@type":"ReadAction","target":["https:\/\/www.champmarket.com\/nl\/champagne\/drappier-brut-nature-rose-les-riceys-fles\/"]}]},{"@type":"ImageObject","inLanguage":"nl-NL","@id":"https:\/\/www.champmarket.com\/nl\/champagne\/drappier-brut-nature-rose-les-riceys-fles\/#primaryimage","url":"https:\/\/www.champmarket.com\/wp-content\/uploads\/2022\/09\/drappier-rose-nature-les-riceys-vintage-2014-bouteille.webp","contentUrl":"https:\/\/www.champmarket.com\/wp-content\/uploads\/2022\/09\/drappier-rose-nature-les-riceys-vintage-2014-bouteille.webp","width":2000,"height":2000},{"@type":"BreadcrumbList","@id":"https:\/\/www.champmarket.com\/nl\/champagne\/drappier-brut-nature-rose-les-riceys-fles\/#breadcrumb","itemListElement":[{"@type":"ListItem","position":1,"name":"Accueil","item":"https:\/\/www.champmarket.com\/nl\/"},{"@type":"ListItem","position":2,"name":"Winkel","item":"https:\/\/www.champmarket.com\/nl\/boutique\/"},{"@type":"ListItem","position":3,"name":"Drappier","item":"https:\/\/www.champmarket.com\/nl\/maisons\/selectie-champagne-drappier-nl\/"},{"@type":"ListItem","position":4,"name":"Drappier Brut Natuur Ros\u00e9 Les Riceys Fles"}]},{"@type":"WebSite","@id":"https:\/\/www.champmarket.com\/#website","url":"https:\/\/www.champmarket.com\/","name":"Champmarket","description":"Champmarket, Champagnes, Cadeaus en Levenskunst","publisher":{"@id":"https:\/\/www.champmarket.com\/#organization"},"potentialAction":[{"@type":"SearchAction","target":{"@type":"EntryPoint","urlTemplate":"https:\/\/www.champmarket.com\/?s={search_term_string}"},"query-input":{"@type":"PropertyValueSpecification","valueRequired":true,"valueName":"search_term_string"}}],"inLanguage":"nl-NL"},{"@type":"Organization","@id":"https:\/\/www.champmarket.com\/#organization","name":"Champmarket","url":"https:\/\/www.champmarket.com\/","logo":{"@type":"ImageObject","inLanguage":"nl-NL","@id":"https:\/\/www.champmarket.com\/#\/schema\/logo\/image\/","url":"https:\/\/www.champmarket.com\/wp-content\/uploads\/2024\/08\/logo2024-1.svg","contentUrl":"https:\/\/www.champmarket.com\/wp-content\/uploads\/2024\/08\/logo2024-1.svg","width":579.8,"height":80,"caption":"Champmarket"},"image":{"@id":"https:\/\/www.champmarket.com\/#\/schema\/logo\/image\/"},"sameAs":["https:\/\/www.facebook.com\/ChampMarket\/","https:\/\/x.com\/champmarket","https:\/\/www.instagram.com\/champmarket.paris\/","https:\/\/www.pinterest.fr\/champmarketparis\/","https:\/\/www.linkedin.com\/company\/champmarket\/"]}]}},"_links":{"self":[{"href":"https:\/\/www.champmarket.com\/nl\/wp-json\/wp\/v2\/product\/50712","targetHints":{"allow":["GET"]}}],"collection":[{"href":"https:\/\/www.champmarket.com\/nl\/wp-json\/wp\/v2\/product"}],"about":[{"href":"https:\/\/www.champmarket.com\/nl\/wp-json\/wp\/v2\/types\/product"}],"version-history":[{"count":1,"href":"https:\/\/www.champmarket.com\/nl\/wp-json\/wp\/v2\/product\/50712\/revisions"}],"predecessor-version":[{"id":78722,"href":"https:\/\/www.champmarket.com\/nl\/wp-json\/wp\/v2\/product\/50712\/revisions\/78722"}],"wp:featuredmedia":[{"embeddable":true,"href":"https:\/\/www.champmarket.com\/nl\/wp-json\/wp\/v2\/media\/48960"}],"wp:attachment":[{"href":"https:\/\/www.champmarket.com\/nl\/wp-json\/wp\/v2\/media?parent=50712"}],"wp:term":[{"taxonomy":"product_brand","embeddable":true,"href":"https:\/\/www.champmarket.com\/nl\/wp-json\/wp\/v2\/product_brand?post=50712"},{"taxonomy":"product_cat","embeddable":true,"href":"https:\/\/www.champmarket.com\/nl\/wp-json\/wp\/v2\/product_cat?post=50712"},{"taxonomy":"product_tag","embeddable":true,"href":"https:\/\/www.champmarket.com\/nl\/wp-json\/wp\/v2\/product_tag?post=50712"}],"curies":[{"name":"wp","href":"https:\/\/api.w.org\/{rel}","templated":true}]}}