{"id":50715,"date":"2022-02-22T12:55:37","date_gmt":"2023-03-30T09:56:25","guid":{"rendered":"https:\/\/www.champmarket.com\/champagne\/drappier-carte-dor-tete-a-tete-koffer-en-2-fluiten\/"},"modified":"2025-05-09T15:02:18","modified_gmt":"2025-05-09T13:02:18","slug":"drappier-carte-dor-tete-a-tete-koffer-fles-fluiten","status":"publish","type":"product","link":"https:\/\/www.champmarket.com\/nl\/champagne\/drappier-carte-dor-tete-a-tete-koffer-fles-fluiten\/","title":{"rendered":"Drappier Carte d&#8217;Or T\u00eate \u00e0 t\u00eate Koffer en 2 fluiten"},"content":{"rendered":"<p>Met de Cuv\u00e9e Carte d&#8217;Or heeft het Champagnehuis Drappier zijn stijl gestempeld: kracht, complexiteit en frisheid. De evenwichtige blend van Pinot Noir, Chardonnay en Pinot Meunier biedt een expressieve champagne met een interessante eigen persoonlijkheid.<\/p>\n<p>In de Drappier Carte d&#8217;Or champagne komen alle aroma&#8217;s van de beroemde zwarte druif met wit sap tot uiting. Hij is niet alleen gewild om zijn structuur, maar ook om zijn karakteristieke fijne rode fruittonen met kruidige boventonen.<\/p>\n<p>De T\u00eate \u00e0 T\u00eate koffer bevat een fles (0,75 liter) van de Carte D&#8217;Or vintage, de handtekening van het Champagnehuis Drappier, en twee kristallen fluiten om aan te bieden of om uzelf te trakteren op een moment voor twee.<\/p>\n","protected":false},"excerpt":{"rendered":"<p>De T\u00eate \u00e0 T\u00eate Carte d&#8217;Or koffer met twee fluiten is ideaal om een moment voor twee aan te bieden, of om jezelf aan te bieden.<\/p>\n","protected":false},"featured_media":48732,"template":"","meta":{"_acf_changed":false},"product_brand":[],"product_cat":[3308,3144,3106,3176,3112,3169,3171],"product_tag":[3189,3195,3199,3197],"class_list":{"0":"post-50715","1":"product","2":"type-product","3":"status-publish","4":"has-post-thumbnail","6":"maisons-selectie-champagne-drappier-nl","7":"product_cat-alle-champagnes-en-boxes","8":"product_cat-drappier-nl","9":"product_cat-flessen","10":"product_cat-tous-les-champagnes-nl","11":"product_cat-brut-champagne","12":"product_cat-aperitief","13":"product_cat-voor-een-prive-of-professioneel-evenement-een-cocktail","14":"product_tag-incontournable-nl","15":"product_tag-pour-offrir-nl","16":"product_tag-aperitif-nl","17":"product_tag-tete-a-tete-nl","19":"first","20":"instock","21":"taxable","22":"shipping-taxable","23":"purchasable","24":"product-type-simple"},"acf":[],"yoast_head":"<!-- This site is optimized with the Yoast SEO plugin v26.4 - https:\/\/yoast.com\/wordpress\/plugins\/seo\/ -->\n<title>Drappier Carte d&#039;Or T\u00eate \u00e0 t\u00eate Koffer en 2 fluiten - Champmarket<\/title>\n<meta name=\"description\" content=\"Drappier Carte d&#039;Or Koffer t\u00eate \u00e0 t\u00eate Fles en 2 fluiten is ideaal om een moment voor twee aan te bieden.\" \/>\n<meta name=\"robots\" content=\"index, follow, max-snippet:-1, max-image-preview:large, max-video-preview:-1\" \/>\n<link rel=\"canonical\" href=\"https:\/\/www.champmarket.com\/nl\/champagne\/drappier-carte-dor-tete-a-tete-koffer-fles-fluiten\/\" \/>\n<meta property=\"og:locale\" content=\"nl_NL\" \/>\n<meta property=\"og:type\" content=\"article\" \/>\n<meta property=\"og:title\" content=\"Drappier Carte d&#039;Or T\u00eate \u00e0 t\u00eate Koffer en 2 fluiten - Champmarket\" \/>\n<meta property=\"og:description\" content=\"Drappier Carte d&#039;Or Koffer t\u00eate \u00e0 t\u00eate Fles en 2 fluiten is ideaal om een moment voor twee aan te bieden.\" \/>\n<meta property=\"og:url\" content=\"https:\/\/www.champmarket.com\/nl\/champagne\/drappier-carte-dor-tete-a-tete-koffer-fles-fluiten\/\" \/>\n<meta property=\"og:site_name\" content=\"Champmarket\" \/>\n<meta property=\"article:publisher\" content=\"https:\/\/www.facebook.com\/ChampMarket\/\" \/>\n<meta property=\"article:modified_time\" content=\"2025-05-09T13:02:18+00:00\" \/>\n<meta property=\"og:image\" content=\"https:\/\/www.champmarket.com\/wp-content\/uploads\/2022\/02\/drappier-coffret-tete-a-tete-carte-d-or.webp\" \/>\n\t<meta property=\"og:image:width\" content=\"2000\" \/>\n\t<meta property=\"og:image:height\" content=\"2000\" \/>\n\t<meta property=\"og:image:type\" content=\"image\/jpeg\" \/>\n<meta name=\"twitter:card\" content=\"summary_large_image\" \/>\n<meta name=\"twitter:site\" content=\"@champmarket\" \/>\n<meta name=\"twitter:label1\" content=\"Geschatte leestijd\" \/>\n\t<meta name=\"twitter:data1\" content=\"1 minuut\" \/>\n<script type=\"application\/ld+json\" class=\"yoast-schema-graph\">{\"@context\":\"https:\/\/schema.org\",\"@graph\":[{\"@type\":\"WebPage\",\"@id\":\"https:\/\/www.champmarket.com\/nl\/champagne\/drappier-carte-dor-tete-a-tete-koffer-fles-fluiten\/\",\"url\":\"https:\/\/www.champmarket.com\/nl\/champagne\/drappier-carte-dor-tete-a-tete-koffer-fles-fluiten\/\",\"name\":\"Drappier Carte d'Or T\u00eate \u00e0 t\u00eate Koffer en 2 fluiten - Champmarket\",\"isPartOf\":{\"@id\":\"https:\/\/www.champmarket.com\/#website\"},\"primaryImageOfPage\":{\"@id\":\"https:\/\/www.champmarket.com\/nl\/champagne\/drappier-carte-dor-tete-a-tete-koffer-fles-fluiten\/#primaryimage\"},\"image\":{\"@id\":\"https:\/\/www.champmarket.com\/nl\/champagne\/drappier-carte-dor-tete-a-tete-koffer-fles-fluiten\/#primaryimage\"},\"thumbnailUrl\":\"https:\/\/www.champmarket.com\/wp-content\/uploads\/2022\/02\/drappier-coffret-tete-a-tete-carte-d-or.webp\",\"datePublished\":\"2023-03-30T09:56:25+00:00\",\"dateModified\":\"2025-05-09T13:02:18+00:00\",\"description\":\"Drappier Carte d'Or Koffer t\u00eate \u00e0 t\u00eate Fles en 2 fluiten is ideaal om een moment voor twee aan te bieden.\",\"breadcrumb\":{\"@id\":\"https:\/\/www.champmarket.com\/nl\/champagne\/drappier-carte-dor-tete-a-tete-koffer-fles-fluiten\/#breadcrumb\"},\"inLanguage\":\"nl-NL\",\"potentialAction\":[{\"@type\":\"ReadAction\",\"target\":[\"https:\/\/www.champmarket.com\/nl\/champagne\/drappier-carte-dor-tete-a-tete-koffer-fles-fluiten\/\"]}]},{\"@type\":\"ImageObject\",\"inLanguage\":\"nl-NL\",\"@id\":\"https:\/\/www.champmarket.com\/nl\/champagne\/drappier-carte-dor-tete-a-tete-koffer-fles-fluiten\/#primaryimage\",\"url\":\"https:\/\/www.champmarket.com\/wp-content\/uploads\/2022\/02\/drappier-coffret-tete-a-tete-carte-d-or.webp\",\"contentUrl\":\"https:\/\/www.champmarket.com\/wp-content\/uploads\/2022\/02\/drappier-coffret-tete-a-tete-carte-d-or.webp\",\"width\":2000,\"height\":2000},{\"@type\":\"BreadcrumbList\",\"@id\":\"https:\/\/www.champmarket.com\/nl\/champagne\/drappier-carte-dor-tete-a-tete-koffer-fles-fluiten\/#breadcrumb\",\"itemListElement\":[{\"@type\":\"ListItem\",\"position\":1,\"name\":\"Accueil\",\"item\":\"https:\/\/www.champmarket.com\/nl\/\"},{\"@type\":\"ListItem\",\"position\":2,\"name\":\"Winkel\",\"item\":\"https:\/\/www.champmarket.com\/nl\/boutique\/\"},{\"@type\":\"ListItem\",\"position\":3,\"name\":\"Drappier\",\"item\":\"https:\/\/www.champmarket.com\/nl\/maisons\/selectie-champagne-drappier-nl\/\"},{\"@type\":\"ListItem\",\"position\":4,\"name\":\"Drappier Carte d&#8217;Or T\u00eate \u00e0 t\u00eate Koffer en 2 fluiten\"}]},{\"@type\":\"WebSite\",\"@id\":\"https:\/\/www.champmarket.com\/#website\",\"url\":\"https:\/\/www.champmarket.com\/\",\"name\":\"Champmarket\",\"description\":\"Champmarket, Champagnes, Cadeaus en Levenskunst\",\"publisher\":{\"@id\":\"https:\/\/www.champmarket.com\/#organization\"},\"potentialAction\":[{\"@type\":\"SearchAction\",\"target\":{\"@type\":\"EntryPoint\",\"urlTemplate\":\"https:\/\/www.champmarket.com\/?s={search_term_string}\"},\"query-input\":{\"@type\":\"PropertyValueSpecification\",\"valueRequired\":true,\"valueName\":\"search_term_string\"}}],\"inLanguage\":\"nl-NL\"},{\"@type\":\"Organization\",\"@id\":\"https:\/\/www.champmarket.com\/#organization\",\"name\":\"Champmarket\",\"url\":\"https:\/\/www.champmarket.com\/\",\"logo\":{\"@type\":\"ImageObject\",\"inLanguage\":\"nl-NL\",\"@id\":\"https:\/\/www.champmarket.com\/#\/schema\/logo\/image\/\",\"url\":\"https:\/\/www.champmarket.com\/wp-content\/uploads\/2024\/08\/logo2024-1.svg\",\"contentUrl\":\"https:\/\/www.champmarket.com\/wp-content\/uploads\/2024\/08\/logo2024-1.svg\",\"width\":579.8,\"height\":80,\"caption\":\"Champmarket\"},\"image\":{\"@id\":\"https:\/\/www.champmarket.com\/#\/schema\/logo\/image\/\"},\"sameAs\":[\"https:\/\/www.facebook.com\/ChampMarket\/\",\"https:\/\/x.com\/champmarket\",\"https:\/\/www.instagram.com\/champmarket.paris\/\",\"https:\/\/www.pinterest.fr\/champmarketparis\/\",\"https:\/\/www.linkedin.com\/company\/champmarket\/\"]}]}<\/script>\n<!-- \/ Yoast SEO plugin. -->","yoast_head_json":{"title":"Drappier Carte d'Or T\u00eate \u00e0 t\u00eate Koffer en 2 fluiten - Champmarket","description":"Drappier Carte d'Or Koffer t\u00eate \u00e0 t\u00eate Fles en 2 fluiten is ideaal om een moment voor twee aan te bieden.","robots":{"index":"index","follow":"follow","max-snippet":"max-snippet:-1","max-image-preview":"max-image-preview:large","max-video-preview":"max-video-preview:-1"},"canonical":"https:\/\/www.champmarket.com\/nl\/champagne\/drappier-carte-dor-tete-a-tete-koffer-fles-fluiten\/","og_locale":"nl_NL","og_type":"article","og_title":"Drappier Carte d'Or T\u00eate \u00e0 t\u00eate Koffer en 2 fluiten - Champmarket","og_description":"Drappier Carte d'Or Koffer t\u00eate \u00e0 t\u00eate Fles en 2 fluiten is ideaal om een moment voor twee aan te bieden.","og_url":"https:\/\/www.champmarket.com\/nl\/champagne\/drappier-carte-dor-tete-a-tete-koffer-fles-fluiten\/","og_site_name":"Champmarket","article_publisher":"https:\/\/www.facebook.com\/ChampMarket\/","article_modified_time":"2025-05-09T13:02:18+00:00","og_image":[{"width":2000,"height":2000,"url":"https:\/\/www.champmarket.com\/wp-content\/uploads\/2022\/02\/drappier-coffret-tete-a-tete-carte-d-or.webp","type":"image\/jpeg"}],"twitter_card":"summary_large_image","twitter_site":"@champmarket","twitter_misc":{"Geschatte leestijd":"1 minuut"},"schema":{"@context":"https:\/\/schema.org","@graph":[{"@type":"WebPage","@id":"https:\/\/www.champmarket.com\/nl\/champagne\/drappier-carte-dor-tete-a-tete-koffer-fles-fluiten\/","url":"https:\/\/www.champmarket.com\/nl\/champagne\/drappier-carte-dor-tete-a-tete-koffer-fles-fluiten\/","name":"Drappier Carte d'Or T\u00eate \u00e0 t\u00eate Koffer en 2 fluiten - Champmarket","isPartOf":{"@id":"https:\/\/www.champmarket.com\/#website"},"primaryImageOfPage":{"@id":"https:\/\/www.champmarket.com\/nl\/champagne\/drappier-carte-dor-tete-a-tete-koffer-fles-fluiten\/#primaryimage"},"image":{"@id":"https:\/\/www.champmarket.com\/nl\/champagne\/drappier-carte-dor-tete-a-tete-koffer-fles-fluiten\/#primaryimage"},"thumbnailUrl":"https:\/\/www.champmarket.com\/wp-content\/uploads\/2022\/02\/drappier-coffret-tete-a-tete-carte-d-or.webp","datePublished":"2023-03-30T09:56:25+00:00","dateModified":"2025-05-09T13:02:18+00:00","description":"Drappier Carte d'Or Koffer t\u00eate \u00e0 t\u00eate Fles en 2 fluiten is ideaal om een moment voor twee aan te bieden.","breadcrumb":{"@id":"https:\/\/www.champmarket.com\/nl\/champagne\/drappier-carte-dor-tete-a-tete-koffer-fles-fluiten\/#breadcrumb"},"inLanguage":"nl-NL","potentialAction":[{"@type":"ReadAction","target":["https:\/\/www.champmarket.com\/nl\/champagne\/drappier-carte-dor-tete-a-tete-koffer-fles-fluiten\/"]}]},{"@type":"ImageObject","inLanguage":"nl-NL","@id":"https:\/\/www.champmarket.com\/nl\/champagne\/drappier-carte-dor-tete-a-tete-koffer-fles-fluiten\/#primaryimage","url":"https:\/\/www.champmarket.com\/wp-content\/uploads\/2022\/02\/drappier-coffret-tete-a-tete-carte-d-or.webp","contentUrl":"https:\/\/www.champmarket.com\/wp-content\/uploads\/2022\/02\/drappier-coffret-tete-a-tete-carte-d-or.webp","width":2000,"height":2000},{"@type":"BreadcrumbList","@id":"https:\/\/www.champmarket.com\/nl\/champagne\/drappier-carte-dor-tete-a-tete-koffer-fles-fluiten\/#breadcrumb","itemListElement":[{"@type":"ListItem","position":1,"name":"Accueil","item":"https:\/\/www.champmarket.com\/nl\/"},{"@type":"ListItem","position":2,"name":"Winkel","item":"https:\/\/www.champmarket.com\/nl\/boutique\/"},{"@type":"ListItem","position":3,"name":"Drappier","item":"https:\/\/www.champmarket.com\/nl\/maisons\/selectie-champagne-drappier-nl\/"},{"@type":"ListItem","position":4,"name":"Drappier Carte d&#8217;Or T\u00eate \u00e0 t\u00eate Koffer en 2 fluiten"}]},{"@type":"WebSite","@id":"https:\/\/www.champmarket.com\/#website","url":"https:\/\/www.champmarket.com\/","name":"Champmarket","description":"Champmarket, Champagnes, Cadeaus en Levenskunst","publisher":{"@id":"https:\/\/www.champmarket.com\/#organization"},"potentialAction":[{"@type":"SearchAction","target":{"@type":"EntryPoint","urlTemplate":"https:\/\/www.champmarket.com\/?s={search_term_string}"},"query-input":{"@type":"PropertyValueSpecification","valueRequired":true,"valueName":"search_term_string"}}],"inLanguage":"nl-NL"},{"@type":"Organization","@id":"https:\/\/www.champmarket.com\/#organization","name":"Champmarket","url":"https:\/\/www.champmarket.com\/","logo":{"@type":"ImageObject","inLanguage":"nl-NL","@id":"https:\/\/www.champmarket.com\/#\/schema\/logo\/image\/","url":"https:\/\/www.champmarket.com\/wp-content\/uploads\/2024\/08\/logo2024-1.svg","contentUrl":"https:\/\/www.champmarket.com\/wp-content\/uploads\/2024\/08\/logo2024-1.svg","width":579.8,"height":80,"caption":"Champmarket"},"image":{"@id":"https:\/\/www.champmarket.com\/#\/schema\/logo\/image\/"},"sameAs":["https:\/\/www.facebook.com\/ChampMarket\/","https:\/\/x.com\/champmarket","https:\/\/www.instagram.com\/champmarket.paris\/","https:\/\/www.pinterest.fr\/champmarketparis\/","https:\/\/www.linkedin.com\/company\/champmarket\/"]}]}},"_links":{"self":[{"href":"https:\/\/www.champmarket.com\/nl\/wp-json\/wp\/v2\/product\/50715","targetHints":{"allow":["GET"]}}],"collection":[{"href":"https:\/\/www.champmarket.com\/nl\/wp-json\/wp\/v2\/product"}],"about":[{"href":"https:\/\/www.champmarket.com\/nl\/wp-json\/wp\/v2\/types\/product"}],"version-history":[{"count":1,"href":"https:\/\/www.champmarket.com\/nl\/wp-json\/wp\/v2\/product\/50715\/revisions"}],"predecessor-version":[{"id":78733,"href":"https:\/\/www.champmarket.com\/nl\/wp-json\/wp\/v2\/product\/50715\/revisions\/78733"}],"wp:featuredmedia":[{"embeddable":true,"href":"https:\/\/www.champmarket.com\/nl\/wp-json\/wp\/v2\/media\/48732"}],"wp:attachment":[{"href":"https:\/\/www.champmarket.com\/nl\/wp-json\/wp\/v2\/media?parent=50715"}],"wp:term":[{"taxonomy":"product_brand","embeddable":true,"href":"https:\/\/www.champmarket.com\/nl\/wp-json\/wp\/v2\/product_brand?post=50715"},{"taxonomy":"product_cat","embeddable":true,"href":"https:\/\/www.champmarket.com\/nl\/wp-json\/wp\/v2\/product_cat?post=50715"},{"taxonomy":"product_tag","embeddable":true,"href":"https:\/\/www.champmarket.com\/nl\/wp-json\/wp\/v2\/product_tag?post=50715"}],"curies":[{"name":"wp","href":"https:\/\/api.w.org\/{rel}","templated":true}]}}