{"id":50721,"date":"2021-02-18T16:03:48","date_gmt":"2023-03-30T10:02:22","guid":{"rendered":"https:\/\/www.champmarket.com\/champagne\/drappier-rose-de-saignee-halve-fles\/"},"modified":"2025-05-09T15:33:45","modified_gmt":"2025-05-09T13:33:45","slug":"drappier-rose-de-saignee-halve-fles","status":"publish","type":"product","link":"https:\/\/www.champmarket.com\/nl\/champagne\/drappier-rose-de-saignee-halve-fles\/","title":{"rendered":"Drappier Ros\u00e9 de Saign\u00e9e Halve Fles"},"content":{"rendered":"<p>Fruitig en extravert, Drappier Ros\u00e9 de Saign\u00e9e is een mooi eerbetoon aan de Pinot Noir. Zijn mooie zalmkleur, zijn evenwicht en zijn prachtige bouquet van rode vruchten en viooltjes maken hem de ideale begeleider van het aperitief, maar ook van lichte en zomerse maaltijden.<\/p>\n<p>Het halve flesformaat (37,5 cl) is ideaal voor een \u00e9\u00e9n-op-\u00e9\u00e9n-proeverij of voor uw geschenken en bedrijfsevenementen.<\/p>\n","protected":false},"excerpt":{"rendered":"<p>Drappier Ros\u00e9 de Saign\u00e9e Halve Fles is een fruitige en extraverte champagne, een eerbetoon aan de Pinot Noir, de ideale begeleider van het aperitief.<\/p>\n","protected":false},"featured_media":45323,"template":"","meta":{"_acf_changed":false},"product_brand":[],"product_cat":[3308,3144,3165,3166,3176,3117,3168],"product_tag":[3180,3193,3190],"class_list":{"0":"post-50721","1":"product","2":"type-product","3":"status-publish","4":"has-post-thumbnail","6":"maisons-selectie-champagne-drappier-nl","7":"product_cat-alle-champagnes-en-boxes","8":"product_cat-drappier-nl","9":"product_cat-kleine-flessen","10":"product_cat-demi-bouteille-nl","11":"product_cat-tous-les-champagnes-nl","12":"product_cat-rose-champagne","13":"product_cat-repas-nl","14":"product_tag-100-pinot-noir-nl","15":"product_tag-petit-flacon-nl","16":"product_tag-la-vie-en-rose-nl","18":"first","19":"instock","20":"taxable","21":"shipping-taxable","22":"purchasable","23":"product-type-simple"},"acf":[],"yoast_head":"<!-- This site is optimized with the Yoast SEO plugin v26.4 - https:\/\/yoast.com\/wordpress\/plugins\/seo\/ -->\n<title>Drappier Ros\u00e9 de Saign\u00e9e Halve Fles - Champmarket<\/title>\n<meta name=\"description\" content=\"Drappier Ros\u00e9 de Saign\u00e9e Halve Fles is een fruitige en extraverte champagne, een eerbetoon aan de Pinot Noir, de ideale begeleider van het aperitief.\" \/>\n<meta name=\"robots\" content=\"index, follow, max-snippet:-1, max-image-preview:large, max-video-preview:-1\" \/>\n<link rel=\"canonical\" href=\"https:\/\/www.champmarket.com\/nl\/champagne\/drappier-rose-de-saignee-halve-fles\/\" \/>\n<meta property=\"og:locale\" content=\"nl_NL\" \/>\n<meta property=\"og:type\" content=\"article\" \/>\n<meta property=\"og:title\" content=\"Drappier Ros\u00e9 de Saign\u00e9e Halve Fles - Champmarket\" \/>\n<meta property=\"og:description\" content=\"Drappier Ros\u00e9 de Saign\u00e9e Halve Fles is een fruitige en extraverte champagne, een eerbetoon aan de Pinot Noir, de ideale begeleider van het aperitief.\" \/>\n<meta property=\"og:url\" content=\"https:\/\/www.champmarket.com\/nl\/champagne\/drappier-rose-de-saignee-halve-fles\/\" \/>\n<meta property=\"og:site_name\" content=\"Champmarket\" \/>\n<meta property=\"article:publisher\" content=\"https:\/\/www.facebook.com\/ChampMarket\/\" \/>\n<meta property=\"article:modified_time\" content=\"2025-05-09T13:33:45+00:00\" \/>\n<meta property=\"og:image\" content=\"https:\/\/www.champmarket.com\/wp-content\/uploads\/2021\/01\/drappier-rose-de-saignee-demi-bouteille.jpg\" \/>\n\t<meta property=\"og:image:width\" content=\"2000\" \/>\n\t<meta property=\"og:image:height\" content=\"2000\" \/>\n\t<meta property=\"og:image:type\" content=\"image\/jpeg\" \/>\n<meta name=\"twitter:card\" content=\"summary_large_image\" \/>\n<meta name=\"twitter:site\" content=\"@champmarket\" \/>\n<script type=\"application\/ld+json\" class=\"yoast-schema-graph\">{\"@context\":\"https:\/\/schema.org\",\"@graph\":[{\"@type\":\"WebPage\",\"@id\":\"https:\/\/www.champmarket.com\/nl\/champagne\/drappier-rose-de-saignee-halve-fles\/\",\"url\":\"https:\/\/www.champmarket.com\/nl\/champagne\/drappier-rose-de-saignee-halve-fles\/\",\"name\":\"Drappier Ros\u00e9 de Saign\u00e9e Halve Fles - Champmarket\",\"isPartOf\":{\"@id\":\"https:\/\/www.champmarket.com\/#website\"},\"primaryImageOfPage\":{\"@id\":\"https:\/\/www.champmarket.com\/nl\/champagne\/drappier-rose-de-saignee-halve-fles\/#primaryimage\"},\"image\":{\"@id\":\"https:\/\/www.champmarket.com\/nl\/champagne\/drappier-rose-de-saignee-halve-fles\/#primaryimage\"},\"thumbnailUrl\":\"https:\/\/www.champmarket.com\/wp-content\/uploads\/2021\/01\/drappier-rose-de-saignee-demi-bouteille.jpg\",\"datePublished\":\"2023-03-30T10:02:22+00:00\",\"dateModified\":\"2025-05-09T13:33:45+00:00\",\"description\":\"Drappier Ros\u00e9 de Saign\u00e9e Halve Fles is een fruitige en extraverte champagne, een eerbetoon aan de Pinot Noir, de ideale begeleider van het aperitief.\",\"breadcrumb\":{\"@id\":\"https:\/\/www.champmarket.com\/nl\/champagne\/drappier-rose-de-saignee-halve-fles\/#breadcrumb\"},\"inLanguage\":\"nl-NL\",\"potentialAction\":[{\"@type\":\"ReadAction\",\"target\":[\"https:\/\/www.champmarket.com\/nl\/champagne\/drappier-rose-de-saignee-halve-fles\/\"]}]},{\"@type\":\"ImageObject\",\"inLanguage\":\"nl-NL\",\"@id\":\"https:\/\/www.champmarket.com\/nl\/champagne\/drappier-rose-de-saignee-halve-fles\/#primaryimage\",\"url\":\"https:\/\/www.champmarket.com\/wp-content\/uploads\/2021\/01\/drappier-rose-de-saignee-demi-bouteille.jpg\",\"contentUrl\":\"https:\/\/www.champmarket.com\/wp-content\/uploads\/2021\/01\/drappier-rose-de-saignee-demi-bouteille.jpg\",\"width\":2000,\"height\":2000},{\"@type\":\"BreadcrumbList\",\"@id\":\"https:\/\/www.champmarket.com\/nl\/champagne\/drappier-rose-de-saignee-halve-fles\/#breadcrumb\",\"itemListElement\":[{\"@type\":\"ListItem\",\"position\":1,\"name\":\"Accueil\",\"item\":\"https:\/\/www.champmarket.com\/nl\/\"},{\"@type\":\"ListItem\",\"position\":2,\"name\":\"Winkel\",\"item\":\"https:\/\/www.champmarket.com\/nl\/boutique\/\"},{\"@type\":\"ListItem\",\"position\":3,\"name\":\"Drappier\",\"item\":\"https:\/\/www.champmarket.com\/nl\/maisons\/selectie-champagne-drappier-nl\/\"},{\"@type\":\"ListItem\",\"position\":4,\"name\":\"Drappier Ros\u00e9 de Saign\u00e9e Halve Fles\"}]},{\"@type\":\"WebSite\",\"@id\":\"https:\/\/www.champmarket.com\/#website\",\"url\":\"https:\/\/www.champmarket.com\/\",\"name\":\"Champmarket\",\"description\":\"Champmarket, Champagnes, Cadeaus en Levenskunst\",\"publisher\":{\"@id\":\"https:\/\/www.champmarket.com\/#organization\"},\"potentialAction\":[{\"@type\":\"SearchAction\",\"target\":{\"@type\":\"EntryPoint\",\"urlTemplate\":\"https:\/\/www.champmarket.com\/?s={search_term_string}\"},\"query-input\":{\"@type\":\"PropertyValueSpecification\",\"valueRequired\":true,\"valueName\":\"search_term_string\"}}],\"inLanguage\":\"nl-NL\"},{\"@type\":\"Organization\",\"@id\":\"https:\/\/www.champmarket.com\/#organization\",\"name\":\"Champmarket\",\"url\":\"https:\/\/www.champmarket.com\/\",\"logo\":{\"@type\":\"ImageObject\",\"inLanguage\":\"nl-NL\",\"@id\":\"https:\/\/www.champmarket.com\/#\/schema\/logo\/image\/\",\"url\":\"https:\/\/www.champmarket.com\/wp-content\/uploads\/2024\/08\/logo2024-1.svg\",\"contentUrl\":\"https:\/\/www.champmarket.com\/wp-content\/uploads\/2024\/08\/logo2024-1.svg\",\"width\":579.8,\"height\":80,\"caption\":\"Champmarket\"},\"image\":{\"@id\":\"https:\/\/www.champmarket.com\/#\/schema\/logo\/image\/\"},\"sameAs\":[\"https:\/\/www.facebook.com\/ChampMarket\/\",\"https:\/\/x.com\/champmarket\",\"https:\/\/www.instagram.com\/champmarket.paris\/\",\"https:\/\/www.pinterest.fr\/champmarketparis\/\",\"https:\/\/www.linkedin.com\/company\/champmarket\/\"]}]}<\/script>\n<!-- \/ Yoast SEO plugin. -->","yoast_head_json":{"title":"Drappier Ros\u00e9 de Saign\u00e9e Halve Fles - Champmarket","description":"Drappier Ros\u00e9 de Saign\u00e9e Halve Fles is een fruitige en extraverte champagne, een eerbetoon aan de Pinot Noir, de ideale begeleider van het aperitief.","robots":{"index":"index","follow":"follow","max-snippet":"max-snippet:-1","max-image-preview":"max-image-preview:large","max-video-preview":"max-video-preview:-1"},"canonical":"https:\/\/www.champmarket.com\/nl\/champagne\/drappier-rose-de-saignee-halve-fles\/","og_locale":"nl_NL","og_type":"article","og_title":"Drappier Ros\u00e9 de Saign\u00e9e Halve Fles - Champmarket","og_description":"Drappier Ros\u00e9 de Saign\u00e9e Halve Fles is een fruitige en extraverte champagne, een eerbetoon aan de Pinot Noir, de ideale begeleider van het aperitief.","og_url":"https:\/\/www.champmarket.com\/nl\/champagne\/drappier-rose-de-saignee-halve-fles\/","og_site_name":"Champmarket","article_publisher":"https:\/\/www.facebook.com\/ChampMarket\/","article_modified_time":"2025-05-09T13:33:45+00:00","og_image":[{"width":2000,"height":2000,"url":"https:\/\/www.champmarket.com\/wp-content\/uploads\/2021\/01\/drappier-rose-de-saignee-demi-bouteille.jpg","type":"image\/jpeg"}],"twitter_card":"summary_large_image","twitter_site":"@champmarket","schema":{"@context":"https:\/\/schema.org","@graph":[{"@type":"WebPage","@id":"https:\/\/www.champmarket.com\/nl\/champagne\/drappier-rose-de-saignee-halve-fles\/","url":"https:\/\/www.champmarket.com\/nl\/champagne\/drappier-rose-de-saignee-halve-fles\/","name":"Drappier Ros\u00e9 de Saign\u00e9e Halve Fles - Champmarket","isPartOf":{"@id":"https:\/\/www.champmarket.com\/#website"},"primaryImageOfPage":{"@id":"https:\/\/www.champmarket.com\/nl\/champagne\/drappier-rose-de-saignee-halve-fles\/#primaryimage"},"image":{"@id":"https:\/\/www.champmarket.com\/nl\/champagne\/drappier-rose-de-saignee-halve-fles\/#primaryimage"},"thumbnailUrl":"https:\/\/www.champmarket.com\/wp-content\/uploads\/2021\/01\/drappier-rose-de-saignee-demi-bouteille.jpg","datePublished":"2023-03-30T10:02:22+00:00","dateModified":"2025-05-09T13:33:45+00:00","description":"Drappier Ros\u00e9 de Saign\u00e9e Halve Fles is een fruitige en extraverte champagne, een eerbetoon aan de Pinot Noir, de ideale begeleider van het aperitief.","breadcrumb":{"@id":"https:\/\/www.champmarket.com\/nl\/champagne\/drappier-rose-de-saignee-halve-fles\/#breadcrumb"},"inLanguage":"nl-NL","potentialAction":[{"@type":"ReadAction","target":["https:\/\/www.champmarket.com\/nl\/champagne\/drappier-rose-de-saignee-halve-fles\/"]}]},{"@type":"ImageObject","inLanguage":"nl-NL","@id":"https:\/\/www.champmarket.com\/nl\/champagne\/drappier-rose-de-saignee-halve-fles\/#primaryimage","url":"https:\/\/www.champmarket.com\/wp-content\/uploads\/2021\/01\/drappier-rose-de-saignee-demi-bouteille.jpg","contentUrl":"https:\/\/www.champmarket.com\/wp-content\/uploads\/2021\/01\/drappier-rose-de-saignee-demi-bouteille.jpg","width":2000,"height":2000},{"@type":"BreadcrumbList","@id":"https:\/\/www.champmarket.com\/nl\/champagne\/drappier-rose-de-saignee-halve-fles\/#breadcrumb","itemListElement":[{"@type":"ListItem","position":1,"name":"Accueil","item":"https:\/\/www.champmarket.com\/nl\/"},{"@type":"ListItem","position":2,"name":"Winkel","item":"https:\/\/www.champmarket.com\/nl\/boutique\/"},{"@type":"ListItem","position":3,"name":"Drappier","item":"https:\/\/www.champmarket.com\/nl\/maisons\/selectie-champagne-drappier-nl\/"},{"@type":"ListItem","position":4,"name":"Drappier Ros\u00e9 de Saign\u00e9e Halve Fles"}]},{"@type":"WebSite","@id":"https:\/\/www.champmarket.com\/#website","url":"https:\/\/www.champmarket.com\/","name":"Champmarket","description":"Champmarket, Champagnes, Cadeaus en Levenskunst","publisher":{"@id":"https:\/\/www.champmarket.com\/#organization"},"potentialAction":[{"@type":"SearchAction","target":{"@type":"EntryPoint","urlTemplate":"https:\/\/www.champmarket.com\/?s={search_term_string}"},"query-input":{"@type":"PropertyValueSpecification","valueRequired":true,"valueName":"search_term_string"}}],"inLanguage":"nl-NL"},{"@type":"Organization","@id":"https:\/\/www.champmarket.com\/#organization","name":"Champmarket","url":"https:\/\/www.champmarket.com\/","logo":{"@type":"ImageObject","inLanguage":"nl-NL","@id":"https:\/\/www.champmarket.com\/#\/schema\/logo\/image\/","url":"https:\/\/www.champmarket.com\/wp-content\/uploads\/2024\/08\/logo2024-1.svg","contentUrl":"https:\/\/www.champmarket.com\/wp-content\/uploads\/2024\/08\/logo2024-1.svg","width":579.8,"height":80,"caption":"Champmarket"},"image":{"@id":"https:\/\/www.champmarket.com\/#\/schema\/logo\/image\/"},"sameAs":["https:\/\/www.facebook.com\/ChampMarket\/","https:\/\/x.com\/champmarket","https:\/\/www.instagram.com\/champmarket.paris\/","https:\/\/www.pinterest.fr\/champmarketparis\/","https:\/\/www.linkedin.com\/company\/champmarket\/"]}]}},"_links":{"self":[{"href":"https:\/\/www.champmarket.com\/nl\/wp-json\/wp\/v2\/product\/50721","targetHints":{"allow":["GET"]}}],"collection":[{"href":"https:\/\/www.champmarket.com\/nl\/wp-json\/wp\/v2\/product"}],"about":[{"href":"https:\/\/www.champmarket.com\/nl\/wp-json\/wp\/v2\/types\/product"}],"version-history":[{"count":1,"href":"https:\/\/www.champmarket.com\/nl\/wp-json\/wp\/v2\/product\/50721\/revisions"}],"predecessor-version":[{"id":78745,"href":"https:\/\/www.champmarket.com\/nl\/wp-json\/wp\/v2\/product\/50721\/revisions\/78745"}],"wp:featuredmedia":[{"embeddable":true,"href":"https:\/\/www.champmarket.com\/nl\/wp-json\/wp\/v2\/media\/45323"}],"wp:attachment":[{"href":"https:\/\/www.champmarket.com\/nl\/wp-json\/wp\/v2\/media?parent=50721"}],"wp:term":[{"taxonomy":"product_brand","embeddable":true,"href":"https:\/\/www.champmarket.com\/nl\/wp-json\/wp\/v2\/product_brand?post=50721"},{"taxonomy":"product_cat","embeddable":true,"href":"https:\/\/www.champmarket.com\/nl\/wp-json\/wp\/v2\/product_cat?post=50721"},{"taxonomy":"product_tag","embeddable":true,"href":"https:\/\/www.champmarket.com\/nl\/wp-json\/wp\/v2\/product_tag?post=50721"}],"curies":[{"name":"wp","href":"https:\/\/api.w.org\/{rel}","templated":true}]}}