{"id":50724,"date":"2021-02-18T16:03:45","date_gmt":"2023-03-30T10:05:03","guid":{"rendered":"https:\/\/www.champmarket.com\/champagne\/drappier-rose-de-saignee-fles-met-etui\/"},"modified":"2025-05-09T15:36:35","modified_gmt":"2025-05-09T13:36:35","slug":"drappier-rose-de-saignee-fles-etui","status":"publish","type":"product","link":"https:\/\/www.champmarket.com\/nl\/champagne\/drappier-rose-de-saignee-fles-etui\/","title":{"rendered":"Drappier Ros\u00e9 de Saign\u00e9e Fles met etui"},"content":{"rendered":"<p>Fruitig en extravert, Drappier Ros\u00e9 de Saign\u00e9e is een mooi eerbetoon aan de Pinot Noir. Zijn mooie zalmkleur, zijn evenwicht en zijn prachtige bouquet van rode vruchten en viooltjes maken hem de ideale begeleider van het aperitief, maar ook van lichte en zomerse maaltijden.<\/p>\n<p>Voor uzelf of als geschenk, de elegante etui is geschikt voor alle gelegenheden.<\/p>\n","protected":false},"excerpt":{"rendered":"<p>Drappier Ros\u00e9 de Saign\u00e9e Fles met etui is een fruitige en extraverte champagne, een eerbetoon aan de Pinot Noir, de ideale begeleider van het aperitief.<\/p>\n","protected":false},"featured_media":45321,"template":"","meta":{"_acf_changed":false},"product_brand":[],"product_cat":[3144,3106,3176,3117,3169,3168],"product_tag":[3180,3190],"class_list":{"0":"post-50724","1":"product","2":"type-product","3":"status-publish","4":"has-post-thumbnail","6":"maisons-selectie-champagne-drappier-nl","7":"product_cat-drappier-nl","8":"product_cat-flessen","9":"product_cat-tous-les-champagnes-nl","10":"product_cat-rose-champagne","11":"product_cat-aperitief","12":"product_cat-repas-nl","13":"product_tag-100-pinot-noir-nl","14":"product_tag-la-vie-en-rose-nl","16":"first","17":"instock","18":"taxable","19":"shipping-taxable","20":"purchasable","21":"product-type-simple"},"acf":[],"yoast_head":"<!-- This site is optimized with the Yoast SEO plugin v26.4 - https:\/\/yoast.com\/wordpress\/plugins\/seo\/ -->\n<title>Drappier Ros\u00e9 de Saign\u00e9e Fles met etui - Champmarket<\/title>\n<meta name=\"description\" content=\"Drappier Ros\u00e9 de Saign\u00e9e Fles met etui is een fruitige en extraverte champagne, een eerbetoon aan de Pinot Noir, de ideale begeleider van het aperitief.\" \/>\n<meta name=\"robots\" content=\"index, follow, max-snippet:-1, max-image-preview:large, max-video-preview:-1\" \/>\n<link rel=\"canonical\" href=\"https:\/\/www.champmarket.com\/nl\/champagne\/drappier-rose-de-saignee-fles-etui\/\" \/>\n<meta property=\"og:locale\" content=\"nl_NL\" \/>\n<meta property=\"og:type\" content=\"article\" \/>\n<meta property=\"og:title\" content=\"Drappier Ros\u00e9 de Saign\u00e9e Fles met etui - Champmarket\" \/>\n<meta property=\"og:description\" content=\"Drappier Ros\u00e9 de Saign\u00e9e Fles met etui is een fruitige en extraverte champagne, een eerbetoon aan de Pinot Noir, de ideale begeleider van het aperitief.\" \/>\n<meta property=\"og:url\" content=\"https:\/\/www.champmarket.com\/nl\/champagne\/drappier-rose-de-saignee-fles-etui\/\" \/>\n<meta property=\"og:site_name\" content=\"Champmarket\" \/>\n<meta property=\"article:publisher\" content=\"https:\/\/www.facebook.com\/ChampMarket\/\" \/>\n<meta property=\"article:modified_time\" content=\"2025-05-09T13:36:35+00:00\" \/>\n<meta property=\"og:image\" content=\"https:\/\/www.champmarket.com\/wp-content\/uploads\/2021\/01\/drappier-rose-de-saignee-bouteille-avec-etui.jpg\" \/>\n\t<meta property=\"og:image:width\" content=\"2000\" \/>\n\t<meta property=\"og:image:height\" content=\"2000\" \/>\n\t<meta property=\"og:image:type\" content=\"image\/jpeg\" \/>\n<meta name=\"twitter:card\" content=\"summary_large_image\" \/>\n<meta name=\"twitter:site\" content=\"@champmarket\" \/>\n<script type=\"application\/ld+json\" class=\"yoast-schema-graph\">{\"@context\":\"https:\/\/schema.org\",\"@graph\":[{\"@type\":\"WebPage\",\"@id\":\"https:\/\/www.champmarket.com\/nl\/champagne\/drappier-rose-de-saignee-fles-etui\/\",\"url\":\"https:\/\/www.champmarket.com\/nl\/champagne\/drappier-rose-de-saignee-fles-etui\/\",\"name\":\"Drappier Ros\u00e9 de Saign\u00e9e Fles met etui - Champmarket\",\"isPartOf\":{\"@id\":\"https:\/\/www.champmarket.com\/#website\"},\"primaryImageOfPage\":{\"@id\":\"https:\/\/www.champmarket.com\/nl\/champagne\/drappier-rose-de-saignee-fles-etui\/#primaryimage\"},\"image\":{\"@id\":\"https:\/\/www.champmarket.com\/nl\/champagne\/drappier-rose-de-saignee-fles-etui\/#primaryimage\"},\"thumbnailUrl\":\"https:\/\/www.champmarket.com\/wp-content\/uploads\/2021\/01\/drappier-rose-de-saignee-bouteille-avec-etui.jpg\",\"datePublished\":\"2023-03-30T10:05:03+00:00\",\"dateModified\":\"2025-05-09T13:36:35+00:00\",\"description\":\"Drappier Ros\u00e9 de Saign\u00e9e Fles met etui is een fruitige en extraverte champagne, een eerbetoon aan de Pinot Noir, de ideale begeleider van het aperitief.\",\"breadcrumb\":{\"@id\":\"https:\/\/www.champmarket.com\/nl\/champagne\/drappier-rose-de-saignee-fles-etui\/#breadcrumb\"},\"inLanguage\":\"nl-NL\",\"potentialAction\":[{\"@type\":\"ReadAction\",\"target\":[\"https:\/\/www.champmarket.com\/nl\/champagne\/drappier-rose-de-saignee-fles-etui\/\"]}]},{\"@type\":\"ImageObject\",\"inLanguage\":\"nl-NL\",\"@id\":\"https:\/\/www.champmarket.com\/nl\/champagne\/drappier-rose-de-saignee-fles-etui\/#primaryimage\",\"url\":\"https:\/\/www.champmarket.com\/wp-content\/uploads\/2021\/01\/drappier-rose-de-saignee-bouteille-avec-etui.jpg\",\"contentUrl\":\"https:\/\/www.champmarket.com\/wp-content\/uploads\/2021\/01\/drappier-rose-de-saignee-bouteille-avec-etui.jpg\",\"width\":2000,\"height\":2000},{\"@type\":\"BreadcrumbList\",\"@id\":\"https:\/\/www.champmarket.com\/nl\/champagne\/drappier-rose-de-saignee-fles-etui\/#breadcrumb\",\"itemListElement\":[{\"@type\":\"ListItem\",\"position\":1,\"name\":\"Accueil\",\"item\":\"https:\/\/www.champmarket.com\/nl\/\"},{\"@type\":\"ListItem\",\"position\":2,\"name\":\"Winkel\",\"item\":\"https:\/\/www.champmarket.com\/nl\/boutique\/\"},{\"@type\":\"ListItem\",\"position\":3,\"name\":\"Drappier\",\"item\":\"https:\/\/www.champmarket.com\/nl\/maisons\/selectie-champagne-drappier-nl\/\"},{\"@type\":\"ListItem\",\"position\":4,\"name\":\"Drappier Ros\u00e9 de Saign\u00e9e Fles met etui\"}]},{\"@type\":\"WebSite\",\"@id\":\"https:\/\/www.champmarket.com\/#website\",\"url\":\"https:\/\/www.champmarket.com\/\",\"name\":\"Champmarket\",\"description\":\"Champmarket, Champagnes, Cadeaus en Levenskunst\",\"publisher\":{\"@id\":\"https:\/\/www.champmarket.com\/#organization\"},\"potentialAction\":[{\"@type\":\"SearchAction\",\"target\":{\"@type\":\"EntryPoint\",\"urlTemplate\":\"https:\/\/www.champmarket.com\/?s={search_term_string}\"},\"query-input\":{\"@type\":\"PropertyValueSpecification\",\"valueRequired\":true,\"valueName\":\"search_term_string\"}}],\"inLanguage\":\"nl-NL\"},{\"@type\":\"Organization\",\"@id\":\"https:\/\/www.champmarket.com\/#organization\",\"name\":\"Champmarket\",\"url\":\"https:\/\/www.champmarket.com\/\",\"logo\":{\"@type\":\"ImageObject\",\"inLanguage\":\"nl-NL\",\"@id\":\"https:\/\/www.champmarket.com\/#\/schema\/logo\/image\/\",\"url\":\"https:\/\/www.champmarket.com\/wp-content\/uploads\/2024\/08\/logo2024-1.svg\",\"contentUrl\":\"https:\/\/www.champmarket.com\/wp-content\/uploads\/2024\/08\/logo2024-1.svg\",\"width\":579.8,\"height\":80,\"caption\":\"Champmarket\"},\"image\":{\"@id\":\"https:\/\/www.champmarket.com\/#\/schema\/logo\/image\/\"},\"sameAs\":[\"https:\/\/www.facebook.com\/ChampMarket\/\",\"https:\/\/x.com\/champmarket\",\"https:\/\/www.instagram.com\/champmarket.paris\/\",\"https:\/\/www.pinterest.fr\/champmarketparis\/\",\"https:\/\/www.linkedin.com\/company\/champmarket\/\"]}]}<\/script>\n<!-- \/ Yoast SEO plugin. -->","yoast_head_json":{"title":"Drappier Ros\u00e9 de Saign\u00e9e Fles met etui - Champmarket","description":"Drappier Ros\u00e9 de Saign\u00e9e Fles met etui is een fruitige en extraverte champagne, een eerbetoon aan de Pinot Noir, de ideale begeleider van het aperitief.","robots":{"index":"index","follow":"follow","max-snippet":"max-snippet:-1","max-image-preview":"max-image-preview:large","max-video-preview":"max-video-preview:-1"},"canonical":"https:\/\/www.champmarket.com\/nl\/champagne\/drappier-rose-de-saignee-fles-etui\/","og_locale":"nl_NL","og_type":"article","og_title":"Drappier Ros\u00e9 de Saign\u00e9e Fles met etui - Champmarket","og_description":"Drappier Ros\u00e9 de Saign\u00e9e Fles met etui is een fruitige en extraverte champagne, een eerbetoon aan de Pinot Noir, de ideale begeleider van het aperitief.","og_url":"https:\/\/www.champmarket.com\/nl\/champagne\/drappier-rose-de-saignee-fles-etui\/","og_site_name":"Champmarket","article_publisher":"https:\/\/www.facebook.com\/ChampMarket\/","article_modified_time":"2025-05-09T13:36:35+00:00","og_image":[{"width":2000,"height":2000,"url":"https:\/\/www.champmarket.com\/wp-content\/uploads\/2021\/01\/drappier-rose-de-saignee-bouteille-avec-etui.jpg","type":"image\/jpeg"}],"twitter_card":"summary_large_image","twitter_site":"@champmarket","schema":{"@context":"https:\/\/schema.org","@graph":[{"@type":"WebPage","@id":"https:\/\/www.champmarket.com\/nl\/champagne\/drappier-rose-de-saignee-fles-etui\/","url":"https:\/\/www.champmarket.com\/nl\/champagne\/drappier-rose-de-saignee-fles-etui\/","name":"Drappier Ros\u00e9 de Saign\u00e9e Fles met etui - Champmarket","isPartOf":{"@id":"https:\/\/www.champmarket.com\/#website"},"primaryImageOfPage":{"@id":"https:\/\/www.champmarket.com\/nl\/champagne\/drappier-rose-de-saignee-fles-etui\/#primaryimage"},"image":{"@id":"https:\/\/www.champmarket.com\/nl\/champagne\/drappier-rose-de-saignee-fles-etui\/#primaryimage"},"thumbnailUrl":"https:\/\/www.champmarket.com\/wp-content\/uploads\/2021\/01\/drappier-rose-de-saignee-bouteille-avec-etui.jpg","datePublished":"2023-03-30T10:05:03+00:00","dateModified":"2025-05-09T13:36:35+00:00","description":"Drappier Ros\u00e9 de Saign\u00e9e Fles met etui is een fruitige en extraverte champagne, een eerbetoon aan de Pinot Noir, de ideale begeleider van het aperitief.","breadcrumb":{"@id":"https:\/\/www.champmarket.com\/nl\/champagne\/drappier-rose-de-saignee-fles-etui\/#breadcrumb"},"inLanguage":"nl-NL","potentialAction":[{"@type":"ReadAction","target":["https:\/\/www.champmarket.com\/nl\/champagne\/drappier-rose-de-saignee-fles-etui\/"]}]},{"@type":"ImageObject","inLanguage":"nl-NL","@id":"https:\/\/www.champmarket.com\/nl\/champagne\/drappier-rose-de-saignee-fles-etui\/#primaryimage","url":"https:\/\/www.champmarket.com\/wp-content\/uploads\/2021\/01\/drappier-rose-de-saignee-bouteille-avec-etui.jpg","contentUrl":"https:\/\/www.champmarket.com\/wp-content\/uploads\/2021\/01\/drappier-rose-de-saignee-bouteille-avec-etui.jpg","width":2000,"height":2000},{"@type":"BreadcrumbList","@id":"https:\/\/www.champmarket.com\/nl\/champagne\/drappier-rose-de-saignee-fles-etui\/#breadcrumb","itemListElement":[{"@type":"ListItem","position":1,"name":"Accueil","item":"https:\/\/www.champmarket.com\/nl\/"},{"@type":"ListItem","position":2,"name":"Winkel","item":"https:\/\/www.champmarket.com\/nl\/boutique\/"},{"@type":"ListItem","position":3,"name":"Drappier","item":"https:\/\/www.champmarket.com\/nl\/maisons\/selectie-champagne-drappier-nl\/"},{"@type":"ListItem","position":4,"name":"Drappier Ros\u00e9 de Saign\u00e9e Fles met etui"}]},{"@type":"WebSite","@id":"https:\/\/www.champmarket.com\/#website","url":"https:\/\/www.champmarket.com\/","name":"Champmarket","description":"Champmarket, Champagnes, Cadeaus en Levenskunst","publisher":{"@id":"https:\/\/www.champmarket.com\/#organization"},"potentialAction":[{"@type":"SearchAction","target":{"@type":"EntryPoint","urlTemplate":"https:\/\/www.champmarket.com\/?s={search_term_string}"},"query-input":{"@type":"PropertyValueSpecification","valueRequired":true,"valueName":"search_term_string"}}],"inLanguage":"nl-NL"},{"@type":"Organization","@id":"https:\/\/www.champmarket.com\/#organization","name":"Champmarket","url":"https:\/\/www.champmarket.com\/","logo":{"@type":"ImageObject","inLanguage":"nl-NL","@id":"https:\/\/www.champmarket.com\/#\/schema\/logo\/image\/","url":"https:\/\/www.champmarket.com\/wp-content\/uploads\/2024\/08\/logo2024-1.svg","contentUrl":"https:\/\/www.champmarket.com\/wp-content\/uploads\/2024\/08\/logo2024-1.svg","width":579.8,"height":80,"caption":"Champmarket"},"image":{"@id":"https:\/\/www.champmarket.com\/#\/schema\/logo\/image\/"},"sameAs":["https:\/\/www.facebook.com\/ChampMarket\/","https:\/\/x.com\/champmarket","https:\/\/www.instagram.com\/champmarket.paris\/","https:\/\/www.pinterest.fr\/champmarketparis\/","https:\/\/www.linkedin.com\/company\/champmarket\/"]}]}},"_links":{"self":[{"href":"https:\/\/www.champmarket.com\/nl\/wp-json\/wp\/v2\/product\/50724","targetHints":{"allow":["GET"]}}],"collection":[{"href":"https:\/\/www.champmarket.com\/nl\/wp-json\/wp\/v2\/product"}],"about":[{"href":"https:\/\/www.champmarket.com\/nl\/wp-json\/wp\/v2\/types\/product"}],"version-history":[{"count":1,"href":"https:\/\/www.champmarket.com\/nl\/wp-json\/wp\/v2\/product\/50724\/revisions"}],"predecessor-version":[{"id":78754,"href":"https:\/\/www.champmarket.com\/nl\/wp-json\/wp\/v2\/product\/50724\/revisions\/78754"}],"wp:featuredmedia":[{"embeddable":true,"href":"https:\/\/www.champmarket.com\/nl\/wp-json\/wp\/v2\/media\/45321"}],"wp:attachment":[{"href":"https:\/\/www.champmarket.com\/nl\/wp-json\/wp\/v2\/media?parent=50724"}],"wp:term":[{"taxonomy":"product_brand","embeddable":true,"href":"https:\/\/www.champmarket.com\/nl\/wp-json\/wp\/v2\/product_brand?post=50724"},{"taxonomy":"product_cat","embeddable":true,"href":"https:\/\/www.champmarket.com\/nl\/wp-json\/wp\/v2\/product_cat?post=50724"},{"taxonomy":"product_tag","embeddable":true,"href":"https:\/\/www.champmarket.com\/nl\/wp-json\/wp\/v2\/product_tag?post=50724"}],"curies":[{"name":"wp","href":"https:\/\/api.w.org\/{rel}","templated":true}]}}