{"id":50739,"date":"2021-02-18T16:03:29","date_gmt":"2021-02-18T15:03:29","guid":{"rendered":"https:\/\/www.champmarket.com\/champagne\/drappier-cuvee-charles-de-gaulle-fles\/"},"modified":"2025-05-09T15:38:41","modified_gmt":"2025-05-09T13:38:41","slug":"drappier-cuvee-charles-de-gaulle-fles","status":"publish","type":"product","link":"https:\/\/www.champmarket.com\/nl\/champagne\/drappier-cuvee-charles-de-gaulle-fles\/","title":{"rendered":"Drappier Cuv\u00e9e Charles de Gaulle Fles"},"content":{"rendered":"<p>De champagne van Drappier had de eer door deze illustere persoonlijkheid te worden gekozen voor zijn priv\u00e9-recepties in Colombey-les-Deux-\u00e9glises waarbij hij graag een aromatische en authentieke champagne proefde.<\/p>\n<p>De Cuv\u00e9e Charles de Gaulle is samengesteld uit 80% Pinot Noir en 20% Chardonnay. Het is een karaktervolle wijn die krachtige aroma&#8217;s combineert met verfijning.<\/p>\n","protected":false},"excerpt":{"rendered":"<p>Cuv\u00e9e Collection Charles de Gaulle werd gelanceerd ter gelegenheid van de 50e verjaardag van de oproep van 18 juni in 1990, als eerbetoon aan de historische figuur die zijn stempel op de Champagne heeft gedrukt.<\/p>\n","protected":false},"featured_media":45311,"template":"","meta":{"_acf_changed":false},"product_brand":[],"product_cat":[3308,3144,3106,3176,3112,3168],"product_tag":[3199,3196],"class_list":{"0":"post-50739","1":"product","2":"type-product","3":"status-publish","4":"has-post-thumbnail","6":"maisons-selectie-champagne-drappier-nl","7":"product_cat-alle-champagnes-en-boxes","8":"product_cat-drappier-nl","9":"product_cat-flessen","10":"product_cat-tous-les-champagnes-nl","11":"product_cat-brut-champagne","12":"product_cat-repas-nl","13":"product_tag-aperitif-nl","14":"product_tag-repas-champagne-nl","16":"first","17":"instock","18":"taxable","19":"shipping-taxable","20":"purchasable","21":"product-type-simple"},"acf":[],"yoast_head":"<!-- This site is optimized with the Yoast SEO plugin v26.4 - https:\/\/yoast.com\/wordpress\/plugins\/seo\/ -->\n<title>Drappier Cuv\u00e9e Charles de Gaulle Fles - Champmarket<\/title>\n<meta name=\"description\" content=\"De Cuv\u00e9e Drappier Charles de Gaulle is gecre\u00eberd als eerbetoon aan de historische figuur die zijn stempel op de Champagne heeft gedrukt.\" \/>\n<meta name=\"robots\" content=\"index, follow, max-snippet:-1, max-image-preview:large, max-video-preview:-1\" \/>\n<link rel=\"canonical\" href=\"https:\/\/www.champmarket.com\/nl\/champagne\/drappier-cuvee-charles-de-gaulle-fles\/\" \/>\n<meta property=\"og:locale\" content=\"nl_NL\" \/>\n<meta property=\"og:type\" content=\"article\" \/>\n<meta property=\"og:title\" content=\"Drappier Cuv\u00e9e Charles de Gaulle Fles - Champmarket\" \/>\n<meta property=\"og:description\" content=\"De Cuv\u00e9e Drappier Charles de Gaulle is gecre\u00eberd als eerbetoon aan de historische figuur die zijn stempel op de Champagne heeft gedrukt.\" \/>\n<meta property=\"og:url\" content=\"https:\/\/www.champmarket.com\/nl\/champagne\/drappier-cuvee-charles-de-gaulle-fles\/\" \/>\n<meta property=\"og:site_name\" content=\"Champmarket\" \/>\n<meta property=\"article:publisher\" content=\"https:\/\/www.facebook.com\/ChampMarket\/\" \/>\n<meta property=\"article:modified_time\" content=\"2025-05-09T13:38:41+00:00\" \/>\n<meta property=\"og:image\" content=\"https:\/\/www.champmarket.com\/wp-content\/uploads\/2021\/01\/drappier-charles-de-gaulle-bouteille.jpg\" \/>\n\t<meta property=\"og:image:width\" content=\"2000\" \/>\n\t<meta property=\"og:image:height\" content=\"2000\" \/>\n\t<meta property=\"og:image:type\" content=\"image\/jpeg\" \/>\n<meta name=\"twitter:card\" content=\"summary_large_image\" \/>\n<meta name=\"twitter:site\" content=\"@champmarket\" \/>\n<script type=\"application\/ld+json\" class=\"yoast-schema-graph\">{\"@context\":\"https:\/\/schema.org\",\"@graph\":[{\"@type\":\"WebPage\",\"@id\":\"https:\/\/www.champmarket.com\/nl\/champagne\/drappier-cuvee-charles-de-gaulle-fles\/\",\"url\":\"https:\/\/www.champmarket.com\/nl\/champagne\/drappier-cuvee-charles-de-gaulle-fles\/\",\"name\":\"Drappier Cuv\u00e9e Charles de Gaulle Fles - Champmarket\",\"isPartOf\":{\"@id\":\"https:\/\/www.champmarket.com\/#website\"},\"primaryImageOfPage\":{\"@id\":\"https:\/\/www.champmarket.com\/nl\/champagne\/drappier-cuvee-charles-de-gaulle-fles\/#primaryimage\"},\"image\":{\"@id\":\"https:\/\/www.champmarket.com\/nl\/champagne\/drappier-cuvee-charles-de-gaulle-fles\/#primaryimage\"},\"thumbnailUrl\":\"https:\/\/www.champmarket.com\/wp-content\/uploads\/2021\/01\/drappier-charles-de-gaulle-bouteille.jpg\",\"datePublished\":\"2021-02-18T15:03:29+00:00\",\"dateModified\":\"2025-05-09T13:38:41+00:00\",\"description\":\"De Cuv\u00e9e Drappier Charles de Gaulle is gecre\u00eberd als eerbetoon aan de historische figuur die zijn stempel op de Champagne heeft gedrukt.\",\"breadcrumb\":{\"@id\":\"https:\/\/www.champmarket.com\/nl\/champagne\/drappier-cuvee-charles-de-gaulle-fles\/#breadcrumb\"},\"inLanguage\":\"nl-NL\",\"potentialAction\":[{\"@type\":\"ReadAction\",\"target\":[\"https:\/\/www.champmarket.com\/nl\/champagne\/drappier-cuvee-charles-de-gaulle-fles\/\"]}]},{\"@type\":\"ImageObject\",\"inLanguage\":\"nl-NL\",\"@id\":\"https:\/\/www.champmarket.com\/nl\/champagne\/drappier-cuvee-charles-de-gaulle-fles\/#primaryimage\",\"url\":\"https:\/\/www.champmarket.com\/wp-content\/uploads\/2021\/01\/drappier-charles-de-gaulle-bouteille.jpg\",\"contentUrl\":\"https:\/\/www.champmarket.com\/wp-content\/uploads\/2021\/01\/drappier-charles-de-gaulle-bouteille.jpg\",\"width\":2000,\"height\":2000},{\"@type\":\"BreadcrumbList\",\"@id\":\"https:\/\/www.champmarket.com\/nl\/champagne\/drappier-cuvee-charles-de-gaulle-fles\/#breadcrumb\",\"itemListElement\":[{\"@type\":\"ListItem\",\"position\":1,\"name\":\"Accueil\",\"item\":\"https:\/\/www.champmarket.com\/nl\/\"},{\"@type\":\"ListItem\",\"position\":2,\"name\":\"Winkel\",\"item\":\"https:\/\/www.champmarket.com\/nl\/boutique\/\"},{\"@type\":\"ListItem\",\"position\":3,\"name\":\"Drappier\",\"item\":\"https:\/\/www.champmarket.com\/nl\/maisons\/selectie-champagne-drappier-nl\/\"},{\"@type\":\"ListItem\",\"position\":4,\"name\":\"Drappier Cuv\u00e9e Charles de Gaulle Fles\"}]},{\"@type\":\"WebSite\",\"@id\":\"https:\/\/www.champmarket.com\/#website\",\"url\":\"https:\/\/www.champmarket.com\/\",\"name\":\"Champmarket\",\"description\":\"Champmarket, Champagnes, Cadeaus en Levenskunst\",\"publisher\":{\"@id\":\"https:\/\/www.champmarket.com\/#organization\"},\"potentialAction\":[{\"@type\":\"SearchAction\",\"target\":{\"@type\":\"EntryPoint\",\"urlTemplate\":\"https:\/\/www.champmarket.com\/?s={search_term_string}\"},\"query-input\":{\"@type\":\"PropertyValueSpecification\",\"valueRequired\":true,\"valueName\":\"search_term_string\"}}],\"inLanguage\":\"nl-NL\"},{\"@type\":\"Organization\",\"@id\":\"https:\/\/www.champmarket.com\/#organization\",\"name\":\"Champmarket\",\"url\":\"https:\/\/www.champmarket.com\/\",\"logo\":{\"@type\":\"ImageObject\",\"inLanguage\":\"nl-NL\",\"@id\":\"https:\/\/www.champmarket.com\/#\/schema\/logo\/image\/\",\"url\":\"https:\/\/www.champmarket.com\/wp-content\/uploads\/2024\/08\/logo2024-1.svg\",\"contentUrl\":\"https:\/\/www.champmarket.com\/wp-content\/uploads\/2024\/08\/logo2024-1.svg\",\"width\":579.8,\"height\":80,\"caption\":\"Champmarket\"},\"image\":{\"@id\":\"https:\/\/www.champmarket.com\/#\/schema\/logo\/image\/\"},\"sameAs\":[\"https:\/\/www.facebook.com\/ChampMarket\/\",\"https:\/\/x.com\/champmarket\",\"https:\/\/www.instagram.com\/champmarket.paris\/\",\"https:\/\/www.pinterest.fr\/champmarketparis\/\",\"https:\/\/www.linkedin.com\/company\/champmarket\/\"]}]}<\/script>\n<!-- \/ Yoast SEO plugin. -->","yoast_head_json":{"title":"Drappier Cuv\u00e9e Charles de Gaulle Fles - Champmarket","description":"De Cuv\u00e9e Drappier Charles de Gaulle is gecre\u00eberd als eerbetoon aan de historische figuur die zijn stempel op de Champagne heeft gedrukt.","robots":{"index":"index","follow":"follow","max-snippet":"max-snippet:-1","max-image-preview":"max-image-preview:large","max-video-preview":"max-video-preview:-1"},"canonical":"https:\/\/www.champmarket.com\/nl\/champagne\/drappier-cuvee-charles-de-gaulle-fles\/","og_locale":"nl_NL","og_type":"article","og_title":"Drappier Cuv\u00e9e Charles de Gaulle Fles - Champmarket","og_description":"De Cuv\u00e9e Drappier Charles de Gaulle is gecre\u00eberd als eerbetoon aan de historische figuur die zijn stempel op de Champagne heeft gedrukt.","og_url":"https:\/\/www.champmarket.com\/nl\/champagne\/drappier-cuvee-charles-de-gaulle-fles\/","og_site_name":"Champmarket","article_publisher":"https:\/\/www.facebook.com\/ChampMarket\/","article_modified_time":"2025-05-09T13:38:41+00:00","og_image":[{"width":2000,"height":2000,"url":"https:\/\/www.champmarket.com\/wp-content\/uploads\/2021\/01\/drappier-charles-de-gaulle-bouteille.jpg","type":"image\/jpeg"}],"twitter_card":"summary_large_image","twitter_site":"@champmarket","schema":{"@context":"https:\/\/schema.org","@graph":[{"@type":"WebPage","@id":"https:\/\/www.champmarket.com\/nl\/champagne\/drappier-cuvee-charles-de-gaulle-fles\/","url":"https:\/\/www.champmarket.com\/nl\/champagne\/drappier-cuvee-charles-de-gaulle-fles\/","name":"Drappier Cuv\u00e9e Charles de Gaulle Fles - Champmarket","isPartOf":{"@id":"https:\/\/www.champmarket.com\/#website"},"primaryImageOfPage":{"@id":"https:\/\/www.champmarket.com\/nl\/champagne\/drappier-cuvee-charles-de-gaulle-fles\/#primaryimage"},"image":{"@id":"https:\/\/www.champmarket.com\/nl\/champagne\/drappier-cuvee-charles-de-gaulle-fles\/#primaryimage"},"thumbnailUrl":"https:\/\/www.champmarket.com\/wp-content\/uploads\/2021\/01\/drappier-charles-de-gaulle-bouteille.jpg","datePublished":"2021-02-18T15:03:29+00:00","dateModified":"2025-05-09T13:38:41+00:00","description":"De Cuv\u00e9e Drappier Charles de Gaulle is gecre\u00eberd als eerbetoon aan de historische figuur die zijn stempel op de Champagne heeft gedrukt.","breadcrumb":{"@id":"https:\/\/www.champmarket.com\/nl\/champagne\/drappier-cuvee-charles-de-gaulle-fles\/#breadcrumb"},"inLanguage":"nl-NL","potentialAction":[{"@type":"ReadAction","target":["https:\/\/www.champmarket.com\/nl\/champagne\/drappier-cuvee-charles-de-gaulle-fles\/"]}]},{"@type":"ImageObject","inLanguage":"nl-NL","@id":"https:\/\/www.champmarket.com\/nl\/champagne\/drappier-cuvee-charles-de-gaulle-fles\/#primaryimage","url":"https:\/\/www.champmarket.com\/wp-content\/uploads\/2021\/01\/drappier-charles-de-gaulle-bouteille.jpg","contentUrl":"https:\/\/www.champmarket.com\/wp-content\/uploads\/2021\/01\/drappier-charles-de-gaulle-bouteille.jpg","width":2000,"height":2000},{"@type":"BreadcrumbList","@id":"https:\/\/www.champmarket.com\/nl\/champagne\/drappier-cuvee-charles-de-gaulle-fles\/#breadcrumb","itemListElement":[{"@type":"ListItem","position":1,"name":"Accueil","item":"https:\/\/www.champmarket.com\/nl\/"},{"@type":"ListItem","position":2,"name":"Winkel","item":"https:\/\/www.champmarket.com\/nl\/boutique\/"},{"@type":"ListItem","position":3,"name":"Drappier","item":"https:\/\/www.champmarket.com\/nl\/maisons\/selectie-champagne-drappier-nl\/"},{"@type":"ListItem","position":4,"name":"Drappier Cuv\u00e9e Charles de Gaulle Fles"}]},{"@type":"WebSite","@id":"https:\/\/www.champmarket.com\/#website","url":"https:\/\/www.champmarket.com\/","name":"Champmarket","description":"Champmarket, Champagnes, Cadeaus en Levenskunst","publisher":{"@id":"https:\/\/www.champmarket.com\/#organization"},"potentialAction":[{"@type":"SearchAction","target":{"@type":"EntryPoint","urlTemplate":"https:\/\/www.champmarket.com\/?s={search_term_string}"},"query-input":{"@type":"PropertyValueSpecification","valueRequired":true,"valueName":"search_term_string"}}],"inLanguage":"nl-NL"},{"@type":"Organization","@id":"https:\/\/www.champmarket.com\/#organization","name":"Champmarket","url":"https:\/\/www.champmarket.com\/","logo":{"@type":"ImageObject","inLanguage":"nl-NL","@id":"https:\/\/www.champmarket.com\/#\/schema\/logo\/image\/","url":"https:\/\/www.champmarket.com\/wp-content\/uploads\/2024\/08\/logo2024-1.svg","contentUrl":"https:\/\/www.champmarket.com\/wp-content\/uploads\/2024\/08\/logo2024-1.svg","width":579.8,"height":80,"caption":"Champmarket"},"image":{"@id":"https:\/\/www.champmarket.com\/#\/schema\/logo\/image\/"},"sameAs":["https:\/\/www.facebook.com\/ChampMarket\/","https:\/\/x.com\/champmarket","https:\/\/www.instagram.com\/champmarket.paris\/","https:\/\/www.pinterest.fr\/champmarketparis\/","https:\/\/www.linkedin.com\/company\/champmarket\/"]}]}},"_links":{"self":[{"href":"https:\/\/www.champmarket.com\/nl\/wp-json\/wp\/v2\/product\/50739","targetHints":{"allow":["GET"]}}],"collection":[{"href":"https:\/\/www.champmarket.com\/nl\/wp-json\/wp\/v2\/product"}],"about":[{"href":"https:\/\/www.champmarket.com\/nl\/wp-json\/wp\/v2\/types\/product"}],"version-history":[{"count":1,"href":"https:\/\/www.champmarket.com\/nl\/wp-json\/wp\/v2\/product\/50739\/revisions"}],"predecessor-version":[{"id":78761,"href":"https:\/\/www.champmarket.com\/nl\/wp-json\/wp\/v2\/product\/50739\/revisions\/78761"}],"wp:featuredmedia":[{"embeddable":true,"href":"https:\/\/www.champmarket.com\/nl\/wp-json\/wp\/v2\/media\/45311"}],"wp:attachment":[{"href":"https:\/\/www.champmarket.com\/nl\/wp-json\/wp\/v2\/media?parent=50739"}],"wp:term":[{"taxonomy":"product_brand","embeddable":true,"href":"https:\/\/www.champmarket.com\/nl\/wp-json\/wp\/v2\/product_brand?post=50739"},{"taxonomy":"product_cat","embeddable":true,"href":"https:\/\/www.champmarket.com\/nl\/wp-json\/wp\/v2\/product_cat?post=50739"},{"taxonomy":"product_tag","embeddable":true,"href":"https:\/\/www.champmarket.com\/nl\/wp-json\/wp\/v2\/product_tag?post=50739"}],"curies":[{"name":"wp","href":"https:\/\/api.w.org\/{rel}","templated":true}]}}