{"id":50756,"date":"2021-02-18T16:02:58","date_gmt":"2021-02-18T15:02:58","guid":{"rendered":"https:\/\/www.champmarket.com\/champagne\/drappier-brut-nature-zero-dosage-magnum-2\/"},"modified":"2025-05-09T15:46:06","modified_gmt":"2025-05-09T13:46:06","slug":"drappier-brut-nature-zero-dosage-magnum","status":"publish","type":"product","link":"https:\/\/www.champmarket.com\/nl\/champagne\/drappier-brut-nature-zero-dosage-magnum\/","title":{"rendered":"Drappier Brut Natuur Z\u00e9ro Dosage Magnum"},"content":{"rendered":"<p>De cuv\u00e9e Drappier Brut Nature, uitsluitend gemaakt van pinot noir, is een niet gedoseerde wijn. Hij is bedoeld voor proevers die van rechtlijnigheid, volume en mineraliteit houden. Een wijnjaar waarin de natuur zich volledig en vrij uitdrukt. Een ervaring, een avontuur.<\/p>\n<p>Het Magnum-formaat is een grote fles met een inhoud van 1,5 liter, die staat voor 2 flessen champagne of 12 glazen.<\/p>\n","protected":false},"excerpt":{"rendered":"<div class=\"woocommerce-product-details__short-description\">\n<p>De Drappier cuv\u00e9e Brut Nature Z\u00e9ro Dosage Magnum is een champagne met een levendige, ongekunstelde stijl, voor liefhebbers van pure sensaties. Een wijnjaar waarin de natuur zich volledig en vrij uitdrukt. Een ervaring, een avontuur.<\/p>\n<p>&nbsp;<\/p>\n<\/div>\n","protected":false},"featured_media":45300,"template":"","meta":{"_acf_changed":false},"product_brand":[],"product_cat":[3368,3355,3144,3129,3132,3176,3114,3168],"product_tag":[3187,3184,3183,3196],"class_list":{"0":"post-50756","1":"product","2":"type-product","3":"status-publish","4":"has-post-thumbnail","6":"maisons-selectie-champagne-drappier-nl","7":"product_cat-brut-nature-nl","8":"product_cat-champagne-en-oesters","9":"product_cat-drappier-nl","10":"product_cat-grote-flessen","11":"product_cat-magnum-nl","12":"product_cat-tous-les-champagnes-nl","13":"product_cat-champagne-extra-brut-non-dose-zero-dosage-nl","14":"product_cat-repas-nl","15":"product_tag-grand-flacon-nl","16":"product_tag-fruits-de-mer-nl","17":"product_tag-met-sushi","18":"product_tag-repas-champagne-nl","20":"first","21":"instock","22":"taxable","23":"shipping-taxable","24":"purchasable","25":"product-type-simple"},"acf":[],"yoast_head":"<!-- This site is optimized with the Yoast SEO plugin v26.4 - https:\/\/yoast.com\/wordpress\/plugins\/seo\/ -->\n<title>Drappier Brut Natuur Z\u00e9ro Dosage Magnum - Champmarket<\/title>\n<meta name=\"description\" content=\"De Drappier cuv\u00e9e Brut Nature Z\u00e9ro Dosage Magnum is een champagne met een levendige, ongekunstelde stijl, voor liefhebbers van pure sensaties.\" \/>\n<meta name=\"robots\" content=\"index, follow, max-snippet:-1, max-image-preview:large, max-video-preview:-1\" \/>\n<link rel=\"canonical\" href=\"https:\/\/www.champmarket.com\/nl\/champagne\/drappier-brut-nature-zero-dosage-magnum\/\" \/>\n<meta property=\"og:locale\" content=\"nl_NL\" \/>\n<meta property=\"og:type\" content=\"article\" \/>\n<meta property=\"og:title\" content=\"Drappier Brut Natuur Z\u00e9ro Dosage Magnum - Champmarket\" \/>\n<meta property=\"og:description\" content=\"De Drappier cuv\u00e9e Brut Nature Z\u00e9ro Dosage Magnum is een champagne met een levendige, ongekunstelde stijl, voor liefhebbers van pure sensaties.\" \/>\n<meta property=\"og:url\" content=\"https:\/\/www.champmarket.com\/nl\/champagne\/drappier-brut-nature-zero-dosage-magnum\/\" \/>\n<meta property=\"og:site_name\" content=\"Champmarket\" \/>\n<meta property=\"article:publisher\" content=\"https:\/\/www.facebook.com\/ChampMarket\/\" \/>\n<meta property=\"article:modified_time\" content=\"2025-05-09T13:46:06+00:00\" \/>\n<meta property=\"og:image\" content=\"https:\/\/www.champmarket.com\/wp-content\/uploads\/2021\/01\/drappier-brut-nature-magnum.jpg\" \/>\n\t<meta property=\"og:image:width\" content=\"2000\" \/>\n\t<meta property=\"og:image:height\" content=\"2000\" \/>\n\t<meta property=\"og:image:type\" content=\"image\/jpeg\" \/>\n<meta name=\"twitter:card\" content=\"summary_large_image\" \/>\n<meta name=\"twitter:site\" content=\"@champmarket\" \/>\n<script type=\"application\/ld+json\" class=\"yoast-schema-graph\">{\"@context\":\"https:\/\/schema.org\",\"@graph\":[{\"@type\":\"WebPage\",\"@id\":\"https:\/\/www.champmarket.com\/nl\/champagne\/drappier-brut-nature-zero-dosage-magnum\/\",\"url\":\"https:\/\/www.champmarket.com\/nl\/champagne\/drappier-brut-nature-zero-dosage-magnum\/\",\"name\":\"Drappier Brut Natuur Z\u00e9ro Dosage Magnum - Champmarket\",\"isPartOf\":{\"@id\":\"https:\/\/www.champmarket.com\/#website\"},\"primaryImageOfPage\":{\"@id\":\"https:\/\/www.champmarket.com\/nl\/champagne\/drappier-brut-nature-zero-dosage-magnum\/#primaryimage\"},\"image\":{\"@id\":\"https:\/\/www.champmarket.com\/nl\/champagne\/drappier-brut-nature-zero-dosage-magnum\/#primaryimage\"},\"thumbnailUrl\":\"https:\/\/www.champmarket.com\/wp-content\/uploads\/2021\/01\/drappier-brut-nature-magnum.jpg\",\"datePublished\":\"2021-02-18T15:02:58+00:00\",\"dateModified\":\"2025-05-09T13:46:06+00:00\",\"description\":\"De Drappier cuv\u00e9e Brut Nature Z\u00e9ro Dosage Magnum is een champagne met een levendige, ongekunstelde stijl, voor liefhebbers van pure sensaties.\",\"breadcrumb\":{\"@id\":\"https:\/\/www.champmarket.com\/nl\/champagne\/drappier-brut-nature-zero-dosage-magnum\/#breadcrumb\"},\"inLanguage\":\"nl-NL\",\"potentialAction\":[{\"@type\":\"ReadAction\",\"target\":[\"https:\/\/www.champmarket.com\/nl\/champagne\/drappier-brut-nature-zero-dosage-magnum\/\"]}]},{\"@type\":\"ImageObject\",\"inLanguage\":\"nl-NL\",\"@id\":\"https:\/\/www.champmarket.com\/nl\/champagne\/drappier-brut-nature-zero-dosage-magnum\/#primaryimage\",\"url\":\"https:\/\/www.champmarket.com\/wp-content\/uploads\/2021\/01\/drappier-brut-nature-magnum.jpg\",\"contentUrl\":\"https:\/\/www.champmarket.com\/wp-content\/uploads\/2021\/01\/drappier-brut-nature-magnum.jpg\",\"width\":2000,\"height\":2000},{\"@type\":\"BreadcrumbList\",\"@id\":\"https:\/\/www.champmarket.com\/nl\/champagne\/drappier-brut-nature-zero-dosage-magnum\/#breadcrumb\",\"itemListElement\":[{\"@type\":\"ListItem\",\"position\":1,\"name\":\"Accueil\",\"item\":\"https:\/\/www.champmarket.com\/nl\/\"},{\"@type\":\"ListItem\",\"position\":2,\"name\":\"Winkel\",\"item\":\"https:\/\/www.champmarket.com\/nl\/boutique\/\"},{\"@type\":\"ListItem\",\"position\":3,\"name\":\"Drappier\",\"item\":\"https:\/\/www.champmarket.com\/nl\/maisons\/selectie-champagne-drappier-nl\/\"},{\"@type\":\"ListItem\",\"position\":4,\"name\":\"Drappier Brut Natuur Z\u00e9ro Dosage Magnum\"}]},{\"@type\":\"WebSite\",\"@id\":\"https:\/\/www.champmarket.com\/#website\",\"url\":\"https:\/\/www.champmarket.com\/\",\"name\":\"Champmarket\",\"description\":\"Champmarket, Champagnes, Cadeaus en Levenskunst\",\"publisher\":{\"@id\":\"https:\/\/www.champmarket.com\/#organization\"},\"potentialAction\":[{\"@type\":\"SearchAction\",\"target\":{\"@type\":\"EntryPoint\",\"urlTemplate\":\"https:\/\/www.champmarket.com\/?s={search_term_string}\"},\"query-input\":{\"@type\":\"PropertyValueSpecification\",\"valueRequired\":true,\"valueName\":\"search_term_string\"}}],\"inLanguage\":\"nl-NL\"},{\"@type\":\"Organization\",\"@id\":\"https:\/\/www.champmarket.com\/#organization\",\"name\":\"Champmarket\",\"url\":\"https:\/\/www.champmarket.com\/\",\"logo\":{\"@type\":\"ImageObject\",\"inLanguage\":\"nl-NL\",\"@id\":\"https:\/\/www.champmarket.com\/#\/schema\/logo\/image\/\",\"url\":\"https:\/\/www.champmarket.com\/wp-content\/uploads\/2024\/08\/logo2024-1.svg\",\"contentUrl\":\"https:\/\/www.champmarket.com\/wp-content\/uploads\/2024\/08\/logo2024-1.svg\",\"width\":579.8,\"height\":80,\"caption\":\"Champmarket\"},\"image\":{\"@id\":\"https:\/\/www.champmarket.com\/#\/schema\/logo\/image\/\"},\"sameAs\":[\"https:\/\/www.facebook.com\/ChampMarket\/\",\"https:\/\/x.com\/champmarket\",\"https:\/\/www.instagram.com\/champmarket.paris\/\",\"https:\/\/www.pinterest.fr\/champmarketparis\/\",\"https:\/\/www.linkedin.com\/company\/champmarket\/\"]}]}<\/script>\n<!-- \/ Yoast SEO plugin. -->","yoast_head_json":{"title":"Drappier Brut Natuur Z\u00e9ro Dosage Magnum - Champmarket","description":"De Drappier cuv\u00e9e Brut Nature Z\u00e9ro Dosage Magnum is een champagne met een levendige, ongekunstelde stijl, voor liefhebbers van pure sensaties.","robots":{"index":"index","follow":"follow","max-snippet":"max-snippet:-1","max-image-preview":"max-image-preview:large","max-video-preview":"max-video-preview:-1"},"canonical":"https:\/\/www.champmarket.com\/nl\/champagne\/drappier-brut-nature-zero-dosage-magnum\/","og_locale":"nl_NL","og_type":"article","og_title":"Drappier Brut Natuur Z\u00e9ro Dosage Magnum - Champmarket","og_description":"De Drappier cuv\u00e9e Brut Nature Z\u00e9ro Dosage Magnum is een champagne met een levendige, ongekunstelde stijl, voor liefhebbers van pure sensaties.","og_url":"https:\/\/www.champmarket.com\/nl\/champagne\/drappier-brut-nature-zero-dosage-magnum\/","og_site_name":"Champmarket","article_publisher":"https:\/\/www.facebook.com\/ChampMarket\/","article_modified_time":"2025-05-09T13:46:06+00:00","og_image":[{"width":2000,"height":2000,"url":"https:\/\/www.champmarket.com\/wp-content\/uploads\/2021\/01\/drappier-brut-nature-magnum.jpg","type":"image\/jpeg"}],"twitter_card":"summary_large_image","twitter_site":"@champmarket","schema":{"@context":"https:\/\/schema.org","@graph":[{"@type":"WebPage","@id":"https:\/\/www.champmarket.com\/nl\/champagne\/drappier-brut-nature-zero-dosage-magnum\/","url":"https:\/\/www.champmarket.com\/nl\/champagne\/drappier-brut-nature-zero-dosage-magnum\/","name":"Drappier Brut Natuur Z\u00e9ro Dosage Magnum - Champmarket","isPartOf":{"@id":"https:\/\/www.champmarket.com\/#website"},"primaryImageOfPage":{"@id":"https:\/\/www.champmarket.com\/nl\/champagne\/drappier-brut-nature-zero-dosage-magnum\/#primaryimage"},"image":{"@id":"https:\/\/www.champmarket.com\/nl\/champagne\/drappier-brut-nature-zero-dosage-magnum\/#primaryimage"},"thumbnailUrl":"https:\/\/www.champmarket.com\/wp-content\/uploads\/2021\/01\/drappier-brut-nature-magnum.jpg","datePublished":"2021-02-18T15:02:58+00:00","dateModified":"2025-05-09T13:46:06+00:00","description":"De Drappier cuv\u00e9e Brut Nature Z\u00e9ro Dosage Magnum is een champagne met een levendige, ongekunstelde stijl, voor liefhebbers van pure sensaties.","breadcrumb":{"@id":"https:\/\/www.champmarket.com\/nl\/champagne\/drappier-brut-nature-zero-dosage-magnum\/#breadcrumb"},"inLanguage":"nl-NL","potentialAction":[{"@type":"ReadAction","target":["https:\/\/www.champmarket.com\/nl\/champagne\/drappier-brut-nature-zero-dosage-magnum\/"]}]},{"@type":"ImageObject","inLanguage":"nl-NL","@id":"https:\/\/www.champmarket.com\/nl\/champagne\/drappier-brut-nature-zero-dosage-magnum\/#primaryimage","url":"https:\/\/www.champmarket.com\/wp-content\/uploads\/2021\/01\/drappier-brut-nature-magnum.jpg","contentUrl":"https:\/\/www.champmarket.com\/wp-content\/uploads\/2021\/01\/drappier-brut-nature-magnum.jpg","width":2000,"height":2000},{"@type":"BreadcrumbList","@id":"https:\/\/www.champmarket.com\/nl\/champagne\/drappier-brut-nature-zero-dosage-magnum\/#breadcrumb","itemListElement":[{"@type":"ListItem","position":1,"name":"Accueil","item":"https:\/\/www.champmarket.com\/nl\/"},{"@type":"ListItem","position":2,"name":"Winkel","item":"https:\/\/www.champmarket.com\/nl\/boutique\/"},{"@type":"ListItem","position":3,"name":"Drappier","item":"https:\/\/www.champmarket.com\/nl\/maisons\/selectie-champagne-drappier-nl\/"},{"@type":"ListItem","position":4,"name":"Drappier Brut Natuur Z\u00e9ro Dosage Magnum"}]},{"@type":"WebSite","@id":"https:\/\/www.champmarket.com\/#website","url":"https:\/\/www.champmarket.com\/","name":"Champmarket","description":"Champmarket, Champagnes, Cadeaus en Levenskunst","publisher":{"@id":"https:\/\/www.champmarket.com\/#organization"},"potentialAction":[{"@type":"SearchAction","target":{"@type":"EntryPoint","urlTemplate":"https:\/\/www.champmarket.com\/?s={search_term_string}"},"query-input":{"@type":"PropertyValueSpecification","valueRequired":true,"valueName":"search_term_string"}}],"inLanguage":"nl-NL"},{"@type":"Organization","@id":"https:\/\/www.champmarket.com\/#organization","name":"Champmarket","url":"https:\/\/www.champmarket.com\/","logo":{"@type":"ImageObject","inLanguage":"nl-NL","@id":"https:\/\/www.champmarket.com\/#\/schema\/logo\/image\/","url":"https:\/\/www.champmarket.com\/wp-content\/uploads\/2024\/08\/logo2024-1.svg","contentUrl":"https:\/\/www.champmarket.com\/wp-content\/uploads\/2024\/08\/logo2024-1.svg","width":579.8,"height":80,"caption":"Champmarket"},"image":{"@id":"https:\/\/www.champmarket.com\/#\/schema\/logo\/image\/"},"sameAs":["https:\/\/www.facebook.com\/ChampMarket\/","https:\/\/x.com\/champmarket","https:\/\/www.instagram.com\/champmarket.paris\/","https:\/\/www.pinterest.fr\/champmarketparis\/","https:\/\/www.linkedin.com\/company\/champmarket\/"]}]}},"_links":{"self":[{"href":"https:\/\/www.champmarket.com\/nl\/wp-json\/wp\/v2\/product\/50756","targetHints":{"allow":["GET"]}}],"collection":[{"href":"https:\/\/www.champmarket.com\/nl\/wp-json\/wp\/v2\/product"}],"about":[{"href":"https:\/\/www.champmarket.com\/nl\/wp-json\/wp\/v2\/types\/product"}],"version-history":[{"count":1,"href":"https:\/\/www.champmarket.com\/nl\/wp-json\/wp\/v2\/product\/50756\/revisions"}],"predecessor-version":[{"id":78800,"href":"https:\/\/www.champmarket.com\/nl\/wp-json\/wp\/v2\/product\/50756\/revisions\/78800"}],"wp:featuredmedia":[{"embeddable":true,"href":"https:\/\/www.champmarket.com\/nl\/wp-json\/wp\/v2\/media\/45300"}],"wp:attachment":[{"href":"https:\/\/www.champmarket.com\/nl\/wp-json\/wp\/v2\/media?parent=50756"}],"wp:term":[{"taxonomy":"product_brand","embeddable":true,"href":"https:\/\/www.champmarket.com\/nl\/wp-json\/wp\/v2\/product_brand?post=50756"},{"taxonomy":"product_cat","embeddable":true,"href":"https:\/\/www.champmarket.com\/nl\/wp-json\/wp\/v2\/product_cat?post=50756"},{"taxonomy":"product_tag","embeddable":true,"href":"https:\/\/www.champmarket.com\/nl\/wp-json\/wp\/v2\/product_tag?post=50756"}],"curies":[{"name":"wp","href":"https:\/\/api.w.org\/{rel}","templated":true}]}}