{"id":50777,"date":"2022-10-14T10:54:55","date_gmt":"2023-03-30T12:49:23","guid":{"rendered":"https:\/\/www.champmarket.com\/champagne\/laurent-perrier-grand-siecle-iteration-n25-fles\/"},"modified":"2023-07-01T00:00:12","modified_gmt":"2023-06-30T22:00:12","slug":"laurent-perrier-grand-siecle-iteration-25-fles","status":"publish","type":"product","link":"https:\/\/www.champmarket.com\/nl\/champagne\/laurent-perrier-grand-siecle-iteration-25-fles\/","title":{"rendered":"Laurent-Perrier Grand Si\u00e8cle It\u00e9ration n\u00b025 Fles"},"content":{"rendered":"<p><strong>Het perfecte jaar herscheppen.<\/strong> Het Champagnejaar wordt algemeen beschouwd als synoniem voor uitmuntendheid voor de Cuv\u00e9es de Prestige. Anderzijds gelooft Laurent-Perrier dat de kunst van het mengen kan cre\u00ebren wat de natuur ons nooit zal geven: het perfecte jaar. De uitdrukking van het perfecte jaar is die van een grote Champagnewijn die een diepe aromatische intensiteit en complexiteit heeft ontwikkeld, terwijl hij zijn frisheid en zuurgraad in de loop der tijd heeft weten te behouden. Om deze wijn te cre\u00ebren, vertrouwt Laurent-Perrier op de kenmerken van de grote oogstjaren van de Champagne die frisheid, structuur en finesse bieden.<\/p>\n<p>Grand Si\u00e8cle It\u00e9ration N\u00b025 van Laurent-Perrier heeft een schitterende kleur en een fijne bruis. Zijn aroma&#8217;s van gebak, geroosterde amandelen met subtiele tonen van honing en peperkoek maken het een perfecte wijn om fijne gerechten te begeleiden.<\/p>\n<p>&nbsp;<\/p>\n","protected":false},"excerpt":{"rendered":"<p>De Grand Si\u00e8cle It\u00e9ration N\u00b025 van Laurent-Perrier is niet \u00e9\u00e9n, maar drie uitzonderlijke oogstjaren met complementaire aromatische profielen. Deze worden It\u00e9rations genoemd. Grand Si\u00e8cle It\u00e9ration N\u00b025 is een blend van de oogst 2008 (65%), 2007 (25%) en 2006 (10%).<\/p>\n","protected":false},"featured_media":48993,"template":"","meta":{"_acf_changed":false},"product_brand":[],"product_cat":[3353,3321,3308,3148,3106,3137,3176,3116,3169,3168],"product_tag":[3188,3189,3196],"class_list":{"0":"post-50777","1":"product","2":"type-product","3":"status-publish","4":"has-post-thumbnail","6":"maisons-selectie-champagne-laurent-perrier-nl","7":"product_cat-kerstchampagnes","8":"product_cat-beste-champagnes","9":"product_cat-alle-champagnes-en-boxes","10":"product_cat-laurent-perrier-nl","11":"product_cat-flessen","12":"product_cat-niet-te-missen","13":"product_cat-tous-les-champagnes-nl","14":"product_cat-prestige-champagne","15":"product_cat-aperitief","16":"product_cat-repas-nl","17":"product_tag-haute-couture-nl","18":"product_tag-incontournable-nl","19":"product_tag-repas-champagne-nl","21":"first","22":"instock","23":"taxable","24":"shipping-taxable","25":"purchasable","26":"product-type-simple"},"acf":[],"yoast_head":"<!-- This site is optimized with the Yoast SEO plugin v26.4 - https:\/\/yoast.com\/wordpress\/plugins\/seo\/ -->\n<title>- Champmarket<\/title>\n<meta name=\"description\" content=\"Grand Si\u00e8cle It\u00e9ration N\u00b025 van Laurent-Perrier is een blend van 3 uitzonderlijke jaargangen met complementaire aromatische profielen. Deze Prestige Cuv\u00e9e is de keuze van drie uitzonderlijke oogstjaren van Laurent-Perrier, ver voorbij de zeldzame wijnjaren. Deze worden It\u00e9rations genoemd.\" \/>\n<meta name=\"robots\" content=\"index, follow, max-snippet:-1, max-image-preview:large, max-video-preview:-1\" \/>\n<link rel=\"canonical\" href=\"https:\/\/www.champmarket.com\/nl\/champagne\/laurent-perrier-grand-siecle-iteration-25-fles\/\" \/>\n<meta property=\"og:locale\" content=\"nl_NL\" \/>\n<meta property=\"og:type\" content=\"article\" \/>\n<meta property=\"og:title\" content=\"- Champmarket\" \/>\n<meta property=\"og:description\" content=\"Grand Si\u00e8cle It\u00e9ration N\u00b025 van Laurent-Perrier is een blend van 3 uitzonderlijke jaargangen met complementaire aromatische profielen. Deze Prestige Cuv\u00e9e is de keuze van drie uitzonderlijke oogstjaren van Laurent-Perrier, ver voorbij de zeldzame wijnjaren. Deze worden It\u00e9rations genoemd.\" \/>\n<meta property=\"og:url\" content=\"https:\/\/www.champmarket.com\/nl\/champagne\/laurent-perrier-grand-siecle-iteration-25-fles\/\" \/>\n<meta property=\"og:site_name\" content=\"Champmarket\" \/>\n<meta property=\"article:publisher\" content=\"https:\/\/www.facebook.com\/ChampMarket\/\" \/>\n<meta property=\"article:modified_time\" content=\"2023-06-30T22:00:12+00:00\" \/>\n<meta property=\"og:image\" content=\"https:\/\/www.champmarket.com\/wp-content\/uploads\/2022\/10\/laurent-perrier-grand-siecle-iteration-25-bouteille.jpg\" \/>\n\t<meta property=\"og:image:width\" content=\"1200\" \/>\n\t<meta property=\"og:image:height\" content=\"1200\" \/>\n\t<meta property=\"og:image:type\" content=\"image\/jpeg\" \/>\n<meta name=\"twitter:card\" content=\"summary_large_image\" \/>\n<meta name=\"twitter:site\" content=\"@champmarket\" \/>\n<meta name=\"twitter:label1\" content=\"Geschatte leestijd\" \/>\n\t<meta name=\"twitter:data1\" content=\"1 minuut\" \/>\n<script type=\"application\/ld+json\" class=\"yoast-schema-graph\">{\"@context\":\"https:\/\/schema.org\",\"@graph\":[{\"@type\":\"WebPage\",\"@id\":\"https:\/\/www.champmarket.com\/nl\/champagne\/laurent-perrier-grand-siecle-iteration-25-fles\/\",\"url\":\"https:\/\/www.champmarket.com\/nl\/champagne\/laurent-perrier-grand-siecle-iteration-25-fles\/\",\"name\":\"- Champmarket\",\"isPartOf\":{\"@id\":\"https:\/\/www.champmarket.com\/#website\"},\"primaryImageOfPage\":{\"@id\":\"https:\/\/www.champmarket.com\/nl\/champagne\/laurent-perrier-grand-siecle-iteration-25-fles\/#primaryimage\"},\"image\":{\"@id\":\"https:\/\/www.champmarket.com\/nl\/champagne\/laurent-perrier-grand-siecle-iteration-25-fles\/#primaryimage\"},\"thumbnailUrl\":\"https:\/\/www.champmarket.com\/wp-content\/uploads\/2022\/10\/laurent-perrier-grand-siecle-iteration-25-bouteille.webp\",\"datePublished\":\"2023-03-30T12:49:23+00:00\",\"dateModified\":\"2023-06-30T22:00:12+00:00\",\"description\":\"Grand Si\u00e8cle It\u00e9ration N\u00b025 van Laurent-Perrier is een blend van 3 uitzonderlijke jaargangen met complementaire aromatische profielen. Deze Prestige Cuv\u00e9e is de keuze van drie uitzonderlijke oogstjaren van Laurent-Perrier, ver voorbij de zeldzame wijnjaren. Deze worden It\u00e9rations genoemd.\",\"breadcrumb\":{\"@id\":\"https:\/\/www.champmarket.com\/nl\/champagne\/laurent-perrier-grand-siecle-iteration-25-fles\/#breadcrumb\"},\"inLanguage\":\"nl-NL\",\"potentialAction\":[{\"@type\":\"ReadAction\",\"target\":[\"https:\/\/www.champmarket.com\/nl\/champagne\/laurent-perrier-grand-siecle-iteration-25-fles\/\"]}]},{\"@type\":\"ImageObject\",\"inLanguage\":\"nl-NL\",\"@id\":\"https:\/\/www.champmarket.com\/nl\/champagne\/laurent-perrier-grand-siecle-iteration-25-fles\/#primaryimage\",\"url\":\"https:\/\/www.champmarket.com\/wp-content\/uploads\/2022\/10\/laurent-perrier-grand-siecle-iteration-25-bouteille.webp\",\"contentUrl\":\"https:\/\/www.champmarket.com\/wp-content\/uploads\/2022\/10\/laurent-perrier-grand-siecle-iteration-25-bouteille.webp\",\"width\":1200,\"height\":1200},{\"@type\":\"BreadcrumbList\",\"@id\":\"https:\/\/www.champmarket.com\/nl\/champagne\/laurent-perrier-grand-siecle-iteration-25-fles\/#breadcrumb\",\"itemListElement\":[{\"@type\":\"ListItem\",\"position\":1,\"name\":\"Accueil\",\"item\":\"https:\/\/www.champmarket.com\/nl\/\"},{\"@type\":\"ListItem\",\"position\":2,\"name\":\"Winkel\",\"item\":\"https:\/\/www.champmarket.com\/nl\/boutique\/\"},{\"@type\":\"ListItem\",\"position\":3,\"name\":\"Laurent-Perrier\",\"item\":\"https:\/\/www.champmarket.com\/nl\/maisons\/selectie-champagne-laurent-perrier-nl\/\"},{\"@type\":\"ListItem\",\"position\":4,\"name\":\"Laurent-Perrier Grand Si\u00e8cle It\u00e9ration n\u00b025 Fles\"}]},{\"@type\":\"WebSite\",\"@id\":\"https:\/\/www.champmarket.com\/#website\",\"url\":\"https:\/\/www.champmarket.com\/\",\"name\":\"Champmarket\",\"description\":\"Champmarket, Champagnes, Cadeaus en Levenskunst\",\"publisher\":{\"@id\":\"https:\/\/www.champmarket.com\/#organization\"},\"potentialAction\":[{\"@type\":\"SearchAction\",\"target\":{\"@type\":\"EntryPoint\",\"urlTemplate\":\"https:\/\/www.champmarket.com\/?s={search_term_string}\"},\"query-input\":{\"@type\":\"PropertyValueSpecification\",\"valueRequired\":true,\"valueName\":\"search_term_string\"}}],\"inLanguage\":\"nl-NL\"},{\"@type\":\"Organization\",\"@id\":\"https:\/\/www.champmarket.com\/#organization\",\"name\":\"Champmarket\",\"url\":\"https:\/\/www.champmarket.com\/\",\"logo\":{\"@type\":\"ImageObject\",\"inLanguage\":\"nl-NL\",\"@id\":\"https:\/\/www.champmarket.com\/#\/schema\/logo\/image\/\",\"url\":\"https:\/\/www.champmarket.com\/wp-content\/uploads\/2024\/08\/logo2024-1.svg\",\"contentUrl\":\"https:\/\/www.champmarket.com\/wp-content\/uploads\/2024\/08\/logo2024-1.svg\",\"width\":579.8,\"height\":80,\"caption\":\"Champmarket\"},\"image\":{\"@id\":\"https:\/\/www.champmarket.com\/#\/schema\/logo\/image\/\"},\"sameAs\":[\"https:\/\/www.facebook.com\/ChampMarket\/\",\"https:\/\/x.com\/champmarket\",\"https:\/\/www.instagram.com\/champmarket.paris\/\",\"https:\/\/www.pinterest.fr\/champmarketparis\/\",\"https:\/\/www.linkedin.com\/company\/champmarket\/\"]}]}<\/script>\n<!-- \/ Yoast SEO plugin. -->","yoast_head_json":{"title":"- Champmarket","description":"Grand Si\u00e8cle It\u00e9ration N\u00b025 van Laurent-Perrier is een blend van 3 uitzonderlijke jaargangen met complementaire aromatische profielen. Deze Prestige Cuv\u00e9e is de keuze van drie uitzonderlijke oogstjaren van Laurent-Perrier, ver voorbij de zeldzame wijnjaren. Deze worden It\u00e9rations genoemd.","robots":{"index":"index","follow":"follow","max-snippet":"max-snippet:-1","max-image-preview":"max-image-preview:large","max-video-preview":"max-video-preview:-1"},"canonical":"https:\/\/www.champmarket.com\/nl\/champagne\/laurent-perrier-grand-siecle-iteration-25-fles\/","og_locale":"nl_NL","og_type":"article","og_title":"- Champmarket","og_description":"Grand Si\u00e8cle It\u00e9ration N\u00b025 van Laurent-Perrier is een blend van 3 uitzonderlijke jaargangen met complementaire aromatische profielen. Deze Prestige Cuv\u00e9e is de keuze van drie uitzonderlijke oogstjaren van Laurent-Perrier, ver voorbij de zeldzame wijnjaren. Deze worden It\u00e9rations genoemd.","og_url":"https:\/\/www.champmarket.com\/nl\/champagne\/laurent-perrier-grand-siecle-iteration-25-fles\/","og_site_name":"Champmarket","article_publisher":"https:\/\/www.facebook.com\/ChampMarket\/","article_modified_time":"2023-06-30T22:00:12+00:00","og_image":[{"width":1200,"height":1200,"url":"https:\/\/www.champmarket.com\/wp-content\/uploads\/2022\/10\/laurent-perrier-grand-siecle-iteration-25-bouteille.jpg","type":"image\/jpeg"}],"twitter_card":"summary_large_image","twitter_site":"@champmarket","twitter_misc":{"Geschatte leestijd":"1 minuut"},"schema":{"@context":"https:\/\/schema.org","@graph":[{"@type":"WebPage","@id":"https:\/\/www.champmarket.com\/nl\/champagne\/laurent-perrier-grand-siecle-iteration-25-fles\/","url":"https:\/\/www.champmarket.com\/nl\/champagne\/laurent-perrier-grand-siecle-iteration-25-fles\/","name":"- Champmarket","isPartOf":{"@id":"https:\/\/www.champmarket.com\/#website"},"primaryImageOfPage":{"@id":"https:\/\/www.champmarket.com\/nl\/champagne\/laurent-perrier-grand-siecle-iteration-25-fles\/#primaryimage"},"image":{"@id":"https:\/\/www.champmarket.com\/nl\/champagne\/laurent-perrier-grand-siecle-iteration-25-fles\/#primaryimage"},"thumbnailUrl":"https:\/\/www.champmarket.com\/wp-content\/uploads\/2022\/10\/laurent-perrier-grand-siecle-iteration-25-bouteille.webp","datePublished":"2023-03-30T12:49:23+00:00","dateModified":"2023-06-30T22:00:12+00:00","description":"Grand Si\u00e8cle It\u00e9ration N\u00b025 van Laurent-Perrier is een blend van 3 uitzonderlijke jaargangen met complementaire aromatische profielen. Deze Prestige Cuv\u00e9e is de keuze van drie uitzonderlijke oogstjaren van Laurent-Perrier, ver voorbij de zeldzame wijnjaren. Deze worden It\u00e9rations genoemd.","breadcrumb":{"@id":"https:\/\/www.champmarket.com\/nl\/champagne\/laurent-perrier-grand-siecle-iteration-25-fles\/#breadcrumb"},"inLanguage":"nl-NL","potentialAction":[{"@type":"ReadAction","target":["https:\/\/www.champmarket.com\/nl\/champagne\/laurent-perrier-grand-siecle-iteration-25-fles\/"]}]},{"@type":"ImageObject","inLanguage":"nl-NL","@id":"https:\/\/www.champmarket.com\/nl\/champagne\/laurent-perrier-grand-siecle-iteration-25-fles\/#primaryimage","url":"https:\/\/www.champmarket.com\/wp-content\/uploads\/2022\/10\/laurent-perrier-grand-siecle-iteration-25-bouteille.webp","contentUrl":"https:\/\/www.champmarket.com\/wp-content\/uploads\/2022\/10\/laurent-perrier-grand-siecle-iteration-25-bouteille.webp","width":1200,"height":1200},{"@type":"BreadcrumbList","@id":"https:\/\/www.champmarket.com\/nl\/champagne\/laurent-perrier-grand-siecle-iteration-25-fles\/#breadcrumb","itemListElement":[{"@type":"ListItem","position":1,"name":"Accueil","item":"https:\/\/www.champmarket.com\/nl\/"},{"@type":"ListItem","position":2,"name":"Winkel","item":"https:\/\/www.champmarket.com\/nl\/boutique\/"},{"@type":"ListItem","position":3,"name":"Laurent-Perrier","item":"https:\/\/www.champmarket.com\/nl\/maisons\/selectie-champagne-laurent-perrier-nl\/"},{"@type":"ListItem","position":4,"name":"Laurent-Perrier Grand Si\u00e8cle It\u00e9ration n\u00b025 Fles"}]},{"@type":"WebSite","@id":"https:\/\/www.champmarket.com\/#website","url":"https:\/\/www.champmarket.com\/","name":"Champmarket","description":"Champmarket, Champagnes, Cadeaus en Levenskunst","publisher":{"@id":"https:\/\/www.champmarket.com\/#organization"},"potentialAction":[{"@type":"SearchAction","target":{"@type":"EntryPoint","urlTemplate":"https:\/\/www.champmarket.com\/?s={search_term_string}"},"query-input":{"@type":"PropertyValueSpecification","valueRequired":true,"valueName":"search_term_string"}}],"inLanguage":"nl-NL"},{"@type":"Organization","@id":"https:\/\/www.champmarket.com\/#organization","name":"Champmarket","url":"https:\/\/www.champmarket.com\/","logo":{"@type":"ImageObject","inLanguage":"nl-NL","@id":"https:\/\/www.champmarket.com\/#\/schema\/logo\/image\/","url":"https:\/\/www.champmarket.com\/wp-content\/uploads\/2024\/08\/logo2024-1.svg","contentUrl":"https:\/\/www.champmarket.com\/wp-content\/uploads\/2024\/08\/logo2024-1.svg","width":579.8,"height":80,"caption":"Champmarket"},"image":{"@id":"https:\/\/www.champmarket.com\/#\/schema\/logo\/image\/"},"sameAs":["https:\/\/www.facebook.com\/ChampMarket\/","https:\/\/x.com\/champmarket","https:\/\/www.instagram.com\/champmarket.paris\/","https:\/\/www.pinterest.fr\/champmarketparis\/","https:\/\/www.linkedin.com\/company\/champmarket\/"]}]}},"_links":{"self":[{"href":"https:\/\/www.champmarket.com\/nl\/wp-json\/wp\/v2\/product\/50777","targetHints":{"allow":["GET"]}}],"collection":[{"href":"https:\/\/www.champmarket.com\/nl\/wp-json\/wp\/v2\/product"}],"about":[{"href":"https:\/\/www.champmarket.com\/nl\/wp-json\/wp\/v2\/types\/product"}],"version-history":[{"count":0,"href":"https:\/\/www.champmarket.com\/nl\/wp-json\/wp\/v2\/product\/50777\/revisions"}],"wp:featuredmedia":[{"embeddable":true,"href":"https:\/\/www.champmarket.com\/nl\/wp-json\/wp\/v2\/media\/48993"}],"wp:attachment":[{"href":"https:\/\/www.champmarket.com\/nl\/wp-json\/wp\/v2\/media?parent=50777"}],"wp:term":[{"taxonomy":"product_brand","embeddable":true,"href":"https:\/\/www.champmarket.com\/nl\/wp-json\/wp\/v2\/product_brand?post=50777"},{"taxonomy":"product_cat","embeddable":true,"href":"https:\/\/www.champmarket.com\/nl\/wp-json\/wp\/v2\/product_cat?post=50777"},{"taxonomy":"product_tag","embeddable":true,"href":"https:\/\/www.champmarket.com\/nl\/wp-json\/wp\/v2\/product_tag?post=50777"}],"curies":[{"name":"wp","href":"https:\/\/api.w.org\/{rel}","templated":true}]}}