{"id":50822,"date":"2022-09-20T10:48:56","date_gmt":"2023-03-30T13:06:15","guid":{"rendered":"https:\/\/www.champmarket.com\/champagne\/laurent-perrier-blanc-de-blancs-brut-nature-fles\/"},"modified":"2023-04-14T10:09:31","modified_gmt":"2023-04-14T08:09:31","slug":"laurent-perrier-blanc-de-blancs-brut-nature-fles","status":"publish","type":"product","link":"https:\/\/www.champmarket.com\/nl\/champagne\/laurent-perrier-blanc-de-blancs-brut-nature-fles\/","title":{"rendered":"Laurent-Perrier Blanc de Blancs Brut Nature Fles"},"content":{"rendered":"<p>Laurent-Perrier heeft altijd de voorkeur gegeven aan Chardonnay als belangrijkste druivensoort in al zijn cuv\u00e9es en was al in 1981 een voorloper van de categorie Brut Nature met de cuv\u00e9e Ultra Brut. Alleen de Coteaux de la Montagne de Reims en C\u00f4te des Blancs beplant met Chardonnay zijn geselecteerd en op perfecte rijpheid met lage zuurgraad geplukt om te worden gebruikt in de blend van deze Blanc de Blancs.<\/p>\n<p>Dankzij een perfecte beheersing van de vinificatie en rijping in roestvrijstalen tanks kan Laurent-Perrier deze Brut Nature champagne produceren (geen toegevoegde suiker, geen dosering).<\/p>\n","protected":false},"excerpt":{"rendered":"<p>Laurent-Perrier Blanc de Blancs Brut Nature is een gastronomische champagne, die door zijn frisheid en zure tonen perfect past bij de fijnste gerechten.<\/p>\n","protected":false},"featured_media":48958,"template":"","meta":{"_acf_changed":false},"product_brand":[],"product_cat":[3368,3355,3353,3352,3321,3308,3148,3106,3176,3110,3116,3114,3168],"product_tag":[3179,3188,3184,3183,3196],"class_list":{"0":"post-50822","1":"product","2":"type-product","3":"status-publish","4":"has-post-thumbnail","6":"maisons-selectie-champagne-laurent-perrier-nl","7":"product_cat-brut-nature-nl","8":"product_cat-champagne-en-oesters","9":"product_cat-kerstchampagnes","10":"product_cat-zomerse-champagnes","11":"product_cat-beste-champagnes","12":"product_cat-alle-champagnes-en-boxes","13":"product_cat-laurent-perrier-nl","14":"product_cat-flessen","15":"product_cat-tous-les-champagnes-nl","16":"product_cat-blanc-de-blancs-champagne","17":"product_cat-prestige-champagne","18":"product_cat-champagne-extra-brut-non-dose-zero-dosage-nl","19":"product_cat-repas-nl","20":"product_tag-100-chardonnay-nl","21":"product_tag-haute-couture-nl","22":"product_tag-fruits-de-mer-nl","23":"product_tag-met-sushi","24":"product_tag-repas-champagne-nl","26":"first","27":"instock","28":"taxable","29":"shipping-taxable","30":"purchasable","31":"product-type-simple"},"acf":[],"yoast_head":"<!-- This site is optimized with the Yoast SEO plugin v26.4 - https:\/\/yoast.com\/wordpress\/plugins\/seo\/ -->\n<title>Laurent-Perrier Blanc de Blancs Brut Nature Fles - Champmarket<\/title>\n<meta name=\"description\" content=\"Laurent-Perrier Blanc de Blancs Brut Nature is een gastronomische champagne, die door zijn frisheid en zure tonen perfect past bij de fijnste gerechten.\" \/>\n<meta name=\"robots\" content=\"index, follow, max-snippet:-1, max-image-preview:large, max-video-preview:-1\" \/>\n<link rel=\"canonical\" href=\"https:\/\/www.champmarket.com\/nl\/champagne\/laurent-perrier-blanc-de-blancs-brut-nature-fles\/\" \/>\n<meta property=\"og:locale\" content=\"nl_NL\" \/>\n<meta property=\"og:type\" content=\"article\" \/>\n<meta property=\"og:title\" content=\"Laurent-Perrier Blanc de Blancs Brut Nature Fles - Champmarket\" \/>\n<meta property=\"og:description\" content=\"Laurent-Perrier Blanc de Blancs Brut Nature is een gastronomische champagne, die door zijn frisheid en zure tonen perfect past bij de fijnste gerechten.\" \/>\n<meta property=\"og:url\" content=\"https:\/\/www.champmarket.com\/nl\/champagne\/laurent-perrier-blanc-de-blancs-brut-nature-fles\/\" \/>\n<meta property=\"og:site_name\" content=\"Champmarket\" \/>\n<meta property=\"article:publisher\" content=\"https:\/\/www.facebook.com\/ChampMarket\/\" \/>\n<meta property=\"article:modified_time\" content=\"2023-04-14T08:09:31+00:00\" \/>\n<meta property=\"og:image\" content=\"https:\/\/www.champmarket.com\/wp-content\/uploads\/2022\/09\/laurent-perrier-blanc-de-blancs-bouteille.jpg\" \/>\n\t<meta property=\"og:image:width\" content=\"2000\" \/>\n\t<meta property=\"og:image:height\" content=\"2000\" \/>\n\t<meta property=\"og:image:type\" content=\"image\/jpeg\" \/>\n<meta name=\"twitter:card\" content=\"summary_large_image\" \/>\n<meta name=\"twitter:site\" content=\"@champmarket\" \/>\n<script type=\"application\/ld+json\" class=\"yoast-schema-graph\">{\"@context\":\"https:\/\/schema.org\",\"@graph\":[{\"@type\":\"WebPage\",\"@id\":\"https:\/\/www.champmarket.com\/nl\/champagne\/laurent-perrier-blanc-de-blancs-brut-nature-fles\/\",\"url\":\"https:\/\/www.champmarket.com\/nl\/champagne\/laurent-perrier-blanc-de-blancs-brut-nature-fles\/\",\"name\":\"Laurent-Perrier Blanc de Blancs Brut Nature Fles - Champmarket\",\"isPartOf\":{\"@id\":\"https:\/\/www.champmarket.com\/#website\"},\"primaryImageOfPage\":{\"@id\":\"https:\/\/www.champmarket.com\/nl\/champagne\/laurent-perrier-blanc-de-blancs-brut-nature-fles\/#primaryimage\"},\"image\":{\"@id\":\"https:\/\/www.champmarket.com\/nl\/champagne\/laurent-perrier-blanc-de-blancs-brut-nature-fles\/#primaryimage\"},\"thumbnailUrl\":\"https:\/\/www.champmarket.com\/wp-content\/uploads\/2022\/09\/laurent-perrier-blanc-de-blancs-bouteille.webp\",\"datePublished\":\"2023-03-30T13:06:15+00:00\",\"dateModified\":\"2023-04-14T08:09:31+00:00\",\"description\":\"Laurent-Perrier Blanc de Blancs Brut Nature is een gastronomische champagne, die door zijn frisheid en zure tonen perfect past bij de fijnste gerechten.\",\"breadcrumb\":{\"@id\":\"https:\/\/www.champmarket.com\/nl\/champagne\/laurent-perrier-blanc-de-blancs-brut-nature-fles\/#breadcrumb\"},\"inLanguage\":\"nl-NL\",\"potentialAction\":[{\"@type\":\"ReadAction\",\"target\":[\"https:\/\/www.champmarket.com\/nl\/champagne\/laurent-perrier-blanc-de-blancs-brut-nature-fles\/\"]}]},{\"@type\":\"ImageObject\",\"inLanguage\":\"nl-NL\",\"@id\":\"https:\/\/www.champmarket.com\/nl\/champagne\/laurent-perrier-blanc-de-blancs-brut-nature-fles\/#primaryimage\",\"url\":\"https:\/\/www.champmarket.com\/wp-content\/uploads\/2022\/09\/laurent-perrier-blanc-de-blancs-bouteille.webp\",\"contentUrl\":\"https:\/\/www.champmarket.com\/wp-content\/uploads\/2022\/09\/laurent-perrier-blanc-de-blancs-bouteille.webp\",\"width\":2000,\"height\":2000},{\"@type\":\"BreadcrumbList\",\"@id\":\"https:\/\/www.champmarket.com\/nl\/champagne\/laurent-perrier-blanc-de-blancs-brut-nature-fles\/#breadcrumb\",\"itemListElement\":[{\"@type\":\"ListItem\",\"position\":1,\"name\":\"Accueil\",\"item\":\"https:\/\/www.champmarket.com\/nl\/\"},{\"@type\":\"ListItem\",\"position\":2,\"name\":\"Winkel\",\"item\":\"https:\/\/www.champmarket.com\/nl\/boutique\/\"},{\"@type\":\"ListItem\",\"position\":3,\"name\":\"Laurent-Perrier\",\"item\":\"https:\/\/www.champmarket.com\/nl\/maisons\/selectie-champagne-laurent-perrier-nl\/\"},{\"@type\":\"ListItem\",\"position\":4,\"name\":\"Laurent-Perrier Blanc de Blancs Brut Nature Fles\"}]},{\"@type\":\"WebSite\",\"@id\":\"https:\/\/www.champmarket.com\/#website\",\"url\":\"https:\/\/www.champmarket.com\/\",\"name\":\"Champmarket\",\"description\":\"Champmarket, Champagnes, Cadeaus en Levenskunst\",\"publisher\":{\"@id\":\"https:\/\/www.champmarket.com\/#organization\"},\"potentialAction\":[{\"@type\":\"SearchAction\",\"target\":{\"@type\":\"EntryPoint\",\"urlTemplate\":\"https:\/\/www.champmarket.com\/?s={search_term_string}\"},\"query-input\":{\"@type\":\"PropertyValueSpecification\",\"valueRequired\":true,\"valueName\":\"search_term_string\"}}],\"inLanguage\":\"nl-NL\"},{\"@type\":\"Organization\",\"@id\":\"https:\/\/www.champmarket.com\/#organization\",\"name\":\"Champmarket\",\"url\":\"https:\/\/www.champmarket.com\/\",\"logo\":{\"@type\":\"ImageObject\",\"inLanguage\":\"nl-NL\",\"@id\":\"https:\/\/www.champmarket.com\/#\/schema\/logo\/image\/\",\"url\":\"https:\/\/www.champmarket.com\/wp-content\/uploads\/2024\/08\/logo2024-1.svg\",\"contentUrl\":\"https:\/\/www.champmarket.com\/wp-content\/uploads\/2024\/08\/logo2024-1.svg\",\"width\":579.8,\"height\":80,\"caption\":\"Champmarket\"},\"image\":{\"@id\":\"https:\/\/www.champmarket.com\/#\/schema\/logo\/image\/\"},\"sameAs\":[\"https:\/\/www.facebook.com\/ChampMarket\/\",\"https:\/\/x.com\/champmarket\",\"https:\/\/www.instagram.com\/champmarket.paris\/\",\"https:\/\/www.pinterest.fr\/champmarketparis\/\",\"https:\/\/www.linkedin.com\/company\/champmarket\/\"]}]}<\/script>\n<!-- \/ Yoast SEO plugin. -->","yoast_head_json":{"title":"Laurent-Perrier Blanc de Blancs Brut Nature Fles - Champmarket","description":"Laurent-Perrier Blanc de Blancs Brut Nature is een gastronomische champagne, die door zijn frisheid en zure tonen perfect past bij de fijnste gerechten.","robots":{"index":"index","follow":"follow","max-snippet":"max-snippet:-1","max-image-preview":"max-image-preview:large","max-video-preview":"max-video-preview:-1"},"canonical":"https:\/\/www.champmarket.com\/nl\/champagne\/laurent-perrier-blanc-de-blancs-brut-nature-fles\/","og_locale":"nl_NL","og_type":"article","og_title":"Laurent-Perrier Blanc de Blancs Brut Nature Fles - Champmarket","og_description":"Laurent-Perrier Blanc de Blancs Brut Nature is een gastronomische champagne, die door zijn frisheid en zure tonen perfect past bij de fijnste gerechten.","og_url":"https:\/\/www.champmarket.com\/nl\/champagne\/laurent-perrier-blanc-de-blancs-brut-nature-fles\/","og_site_name":"Champmarket","article_publisher":"https:\/\/www.facebook.com\/ChampMarket\/","article_modified_time":"2023-04-14T08:09:31+00:00","og_image":[{"width":2000,"height":2000,"url":"https:\/\/www.champmarket.com\/wp-content\/uploads\/2022\/09\/laurent-perrier-blanc-de-blancs-bouteille.jpg","type":"image\/jpeg"}],"twitter_card":"summary_large_image","twitter_site":"@champmarket","schema":{"@context":"https:\/\/schema.org","@graph":[{"@type":"WebPage","@id":"https:\/\/www.champmarket.com\/nl\/champagne\/laurent-perrier-blanc-de-blancs-brut-nature-fles\/","url":"https:\/\/www.champmarket.com\/nl\/champagne\/laurent-perrier-blanc-de-blancs-brut-nature-fles\/","name":"Laurent-Perrier Blanc de Blancs Brut Nature Fles - Champmarket","isPartOf":{"@id":"https:\/\/www.champmarket.com\/#website"},"primaryImageOfPage":{"@id":"https:\/\/www.champmarket.com\/nl\/champagne\/laurent-perrier-blanc-de-blancs-brut-nature-fles\/#primaryimage"},"image":{"@id":"https:\/\/www.champmarket.com\/nl\/champagne\/laurent-perrier-blanc-de-blancs-brut-nature-fles\/#primaryimage"},"thumbnailUrl":"https:\/\/www.champmarket.com\/wp-content\/uploads\/2022\/09\/laurent-perrier-blanc-de-blancs-bouteille.webp","datePublished":"2023-03-30T13:06:15+00:00","dateModified":"2023-04-14T08:09:31+00:00","description":"Laurent-Perrier Blanc de Blancs Brut Nature is een gastronomische champagne, die door zijn frisheid en zure tonen perfect past bij de fijnste gerechten.","breadcrumb":{"@id":"https:\/\/www.champmarket.com\/nl\/champagne\/laurent-perrier-blanc-de-blancs-brut-nature-fles\/#breadcrumb"},"inLanguage":"nl-NL","potentialAction":[{"@type":"ReadAction","target":["https:\/\/www.champmarket.com\/nl\/champagne\/laurent-perrier-blanc-de-blancs-brut-nature-fles\/"]}]},{"@type":"ImageObject","inLanguage":"nl-NL","@id":"https:\/\/www.champmarket.com\/nl\/champagne\/laurent-perrier-blanc-de-blancs-brut-nature-fles\/#primaryimage","url":"https:\/\/www.champmarket.com\/wp-content\/uploads\/2022\/09\/laurent-perrier-blanc-de-blancs-bouteille.webp","contentUrl":"https:\/\/www.champmarket.com\/wp-content\/uploads\/2022\/09\/laurent-perrier-blanc-de-blancs-bouteille.webp","width":2000,"height":2000},{"@type":"BreadcrumbList","@id":"https:\/\/www.champmarket.com\/nl\/champagne\/laurent-perrier-blanc-de-blancs-brut-nature-fles\/#breadcrumb","itemListElement":[{"@type":"ListItem","position":1,"name":"Accueil","item":"https:\/\/www.champmarket.com\/nl\/"},{"@type":"ListItem","position":2,"name":"Winkel","item":"https:\/\/www.champmarket.com\/nl\/boutique\/"},{"@type":"ListItem","position":3,"name":"Laurent-Perrier","item":"https:\/\/www.champmarket.com\/nl\/maisons\/selectie-champagne-laurent-perrier-nl\/"},{"@type":"ListItem","position":4,"name":"Laurent-Perrier Blanc de Blancs Brut Nature Fles"}]},{"@type":"WebSite","@id":"https:\/\/www.champmarket.com\/#website","url":"https:\/\/www.champmarket.com\/","name":"Champmarket","description":"Champmarket, Champagnes, Cadeaus en Levenskunst","publisher":{"@id":"https:\/\/www.champmarket.com\/#organization"},"potentialAction":[{"@type":"SearchAction","target":{"@type":"EntryPoint","urlTemplate":"https:\/\/www.champmarket.com\/?s={search_term_string}"},"query-input":{"@type":"PropertyValueSpecification","valueRequired":true,"valueName":"search_term_string"}}],"inLanguage":"nl-NL"},{"@type":"Organization","@id":"https:\/\/www.champmarket.com\/#organization","name":"Champmarket","url":"https:\/\/www.champmarket.com\/","logo":{"@type":"ImageObject","inLanguage":"nl-NL","@id":"https:\/\/www.champmarket.com\/#\/schema\/logo\/image\/","url":"https:\/\/www.champmarket.com\/wp-content\/uploads\/2024\/08\/logo2024-1.svg","contentUrl":"https:\/\/www.champmarket.com\/wp-content\/uploads\/2024\/08\/logo2024-1.svg","width":579.8,"height":80,"caption":"Champmarket"},"image":{"@id":"https:\/\/www.champmarket.com\/#\/schema\/logo\/image\/"},"sameAs":["https:\/\/www.facebook.com\/ChampMarket\/","https:\/\/x.com\/champmarket","https:\/\/www.instagram.com\/champmarket.paris\/","https:\/\/www.pinterest.fr\/champmarketparis\/","https:\/\/www.linkedin.com\/company\/champmarket\/"]}]}},"_links":{"self":[{"href":"https:\/\/www.champmarket.com\/nl\/wp-json\/wp\/v2\/product\/50822","targetHints":{"allow":["GET"]}}],"collection":[{"href":"https:\/\/www.champmarket.com\/nl\/wp-json\/wp\/v2\/product"}],"about":[{"href":"https:\/\/www.champmarket.com\/nl\/wp-json\/wp\/v2\/types\/product"}],"version-history":[{"count":0,"href":"https:\/\/www.champmarket.com\/nl\/wp-json\/wp\/v2\/product\/50822\/revisions"}],"wp:featuredmedia":[{"embeddable":true,"href":"https:\/\/www.champmarket.com\/nl\/wp-json\/wp\/v2\/media\/48958"}],"wp:attachment":[{"href":"https:\/\/www.champmarket.com\/nl\/wp-json\/wp\/v2\/media?parent=50822"}],"wp:term":[{"taxonomy":"product_brand","embeddable":true,"href":"https:\/\/www.champmarket.com\/nl\/wp-json\/wp\/v2\/product_brand?post=50822"},{"taxonomy":"product_cat","embeddable":true,"href":"https:\/\/www.champmarket.com\/nl\/wp-json\/wp\/v2\/product_cat?post=50822"},{"taxonomy":"product_tag","embeddable":true,"href":"https:\/\/www.champmarket.com\/nl\/wp-json\/wp\/v2\/product_tag?post=50822"}],"curies":[{"name":"wp","href":"https:\/\/api.w.org\/{rel}","templated":true}]}}