{"id":50869,"date":"2021-02-18T16:01:58","date_gmt":"2021-02-18T15:01:58","guid":{"rendered":"https:\/\/www.champmarket.com\/champagne\/laurent-perrier-cuvee-rose-koffer-1-fles-en-2-glazen\/"},"modified":"2025-05-19T15:08:04","modified_gmt":"2025-05-19T13:08:04","slug":"laurent-perrier-cuvee-rose-koffer-1-fles-2-glazen","status":"publish","type":"product","link":"https:\/\/www.champmarket.com\/nl\/champagne\/laurent-perrier-cuvee-rose-koffer-1-fles-2-glazen\/","title":{"rendered":"Laurent-Perrier Cuv\u00e9e Ros\u00e9 Koffer 1 Fles en 2 glazen"},"content":{"rendered":"<p>Een geval dat past in de geschiedenis van de Cuv\u00e9e Ros\u00e9 Laurent-Perrier, een benchmark voor ros\u00e9 champagne, bestaande uit durf, innovatie en creativiteit. Een geschenk dat uitnodigt tot de medeplichtigheid van een gedeeld moment. De koffer Cuv\u00e9e Ros\u00e9 en 2 glazen is ideaal voor een verfijnde proeverij van de meest gedurfde en elegante momenten.<\/p>\n<p>Het ontwerp is een assemblage van tedere en zure kleuren die de frisheid en gulzigheid van de wijn oproepen, een ware mand met verse rode bessen in de neus en in de mond, een genot van frisheid.<\/p>\n","protected":false},"excerpt":{"rendered":"<p>De Cuv\u00e9e Ros\u00e9 Laurent-Perrier Koffer 1 Fles en 2 glazen viert kostbare momenten. Laurent-Perrier heeft in een weelderige koffer de Cuv\u00e9e Ros\u00e9, die vinositeit en grote frisheid combineert, een zeldzame combinatie in een champagne, en zijn iconische fles, gecombineerd met twee glazen champagne uit een wijnassortiment.<\/p>\n","protected":false},"featured_media":45608,"template":"","meta":{"_acf_changed":false},"product_brand":[],"product_cat":[3148,3106,3107,3176,3117,3170,3169,3168],"product_tag":[3180,3190,3195,3199,3196,3197,3194],"class_list":{"0":"post-50869","1":"product","2":"type-product","3":"status-publish","4":"has-post-thumbnail","6":"maisons-selectie-champagne-laurent-perrier-nl","7":"product_cat-laurent-perrier-nl","8":"product_cat-flessen","9":"product_cat-relatiegeschenken","10":"product_cat-tous-les-champagnes-nl","11":"product_cat-rose-champagne","12":"product_cat-dessert-nl","13":"product_cat-aperitief","14":"product_cat-repas-nl","15":"product_tag-100-pinot-noir-nl","16":"product_tag-la-vie-en-rose-nl","17":"product_tag-pour-offrir-nl","18":"product_tag-aperitif-nl","19":"product_tag-repas-champagne-nl","20":"product_tag-tete-a-tete-nl","21":"product_tag-dessert-gouter-nl","23":"first","24":"outofstock","25":"taxable","26":"shipping-taxable","27":"purchasable","28":"product-type-simple"},"acf":[],"yoast_head":"<!-- This site is optimized with the Yoast SEO plugin v26.4 - https:\/\/yoast.com\/wordpress\/plugins\/seo\/ -->\n<title>Laurent-Perrier Cuv\u00e9e Ros\u00e9 Koffer 1 Fles en 2 glazen - Champmarket<\/title>\n<meta name=\"description\" content=\"De Cuv\u00e9e Ros\u00e9 Laurent-Perrier Koffer 1 Fles en 2 glazen viert kostbare momenten. Laurent-Perrier heeft de Cuv\u00e9e Ros\u00e9 en zijn iconische fles gecombineerd met twee glazen champagne uit een wijnassortiment in een weelderige koffer.\" \/>\n<meta name=\"robots\" content=\"index, follow, max-snippet:-1, max-image-preview:large, max-video-preview:-1\" \/>\n<link rel=\"canonical\" href=\"https:\/\/www.champmarket.com\/nl\/champagne\/laurent-perrier-cuvee-rose-koffer-1-fles-2-glazen\/\" \/>\n<meta property=\"og:locale\" content=\"nl_NL\" \/>\n<meta property=\"og:type\" content=\"article\" \/>\n<meta property=\"og:title\" content=\"Laurent-Perrier Cuv\u00e9e Ros\u00e9 Koffer 1 Fles en 2 glazen - Champmarket\" \/>\n<meta property=\"og:description\" content=\"De Cuv\u00e9e Ros\u00e9 Laurent-Perrier Koffer 1 Fles en 2 glazen viert kostbare momenten. Laurent-Perrier heeft de Cuv\u00e9e Ros\u00e9 en zijn iconische fles gecombineerd met twee glazen champagne uit een wijnassortiment in een weelderige koffer.\" \/>\n<meta property=\"og:url\" content=\"https:\/\/www.champmarket.com\/nl\/champagne\/laurent-perrier-cuvee-rose-koffer-1-fles-2-glazen\/\" \/>\n<meta property=\"og:site_name\" content=\"Champmarket\" \/>\n<meta property=\"article:publisher\" content=\"https:\/\/www.facebook.com\/ChampMarket\/\" \/>\n<meta property=\"article:modified_time\" content=\"2025-05-19T13:08:04+00:00\" \/>\n<meta property=\"og:image\" content=\"https:\/\/www.champmarket.com\/wp-content\/uploads\/2021\/02\/laurent-perrier-cuvee-rose-bouteille-coffret-2-verres.webp\" \/>\n\t<meta property=\"og:image:width\" content=\"2000\" \/>\n\t<meta property=\"og:image:height\" content=\"2000\" \/>\n\t<meta property=\"og:image:type\" content=\"image\/jpeg\" \/>\n<meta name=\"twitter:card\" content=\"summary_large_image\" \/>\n<meta name=\"twitter:site\" content=\"@champmarket\" \/>\n<script type=\"application\/ld+json\" class=\"yoast-schema-graph\">{\"@context\":\"https:\/\/schema.org\",\"@graph\":[{\"@type\":\"WebPage\",\"@id\":\"https:\/\/www.champmarket.com\/nl\/champagne\/laurent-perrier-cuvee-rose-koffer-1-fles-2-glazen\/\",\"url\":\"https:\/\/www.champmarket.com\/nl\/champagne\/laurent-perrier-cuvee-rose-koffer-1-fles-2-glazen\/\",\"name\":\"Laurent-Perrier Cuv\u00e9e Ros\u00e9 Koffer 1 Fles en 2 glazen - Champmarket\",\"isPartOf\":{\"@id\":\"https:\/\/www.champmarket.com\/#website\"},\"primaryImageOfPage\":{\"@id\":\"https:\/\/www.champmarket.com\/nl\/champagne\/laurent-perrier-cuvee-rose-koffer-1-fles-2-glazen\/#primaryimage\"},\"image\":{\"@id\":\"https:\/\/www.champmarket.com\/nl\/champagne\/laurent-perrier-cuvee-rose-koffer-1-fles-2-glazen\/#primaryimage\"},\"thumbnailUrl\":\"https:\/\/www.champmarket.com\/wp-content\/uploads\/2021\/02\/laurent-perrier-cuvee-rose-bouteille-coffret-2-verres.webp\",\"datePublished\":\"2021-02-18T15:01:58+00:00\",\"dateModified\":\"2025-05-19T13:08:04+00:00\",\"description\":\"De Cuv\u00e9e Ros\u00e9 Laurent-Perrier Koffer 1 Fles en 2 glazen viert kostbare momenten. Laurent-Perrier heeft de Cuv\u00e9e Ros\u00e9 en zijn iconische fles gecombineerd met twee glazen champagne uit een wijnassortiment in een weelderige koffer.\",\"breadcrumb\":{\"@id\":\"https:\/\/www.champmarket.com\/nl\/champagne\/laurent-perrier-cuvee-rose-koffer-1-fles-2-glazen\/#breadcrumb\"},\"inLanguage\":\"nl-NL\",\"potentialAction\":[{\"@type\":\"ReadAction\",\"target\":[\"https:\/\/www.champmarket.com\/nl\/champagne\/laurent-perrier-cuvee-rose-koffer-1-fles-2-glazen\/\"]}]},{\"@type\":\"ImageObject\",\"inLanguage\":\"nl-NL\",\"@id\":\"https:\/\/www.champmarket.com\/nl\/champagne\/laurent-perrier-cuvee-rose-koffer-1-fles-2-glazen\/#primaryimage\",\"url\":\"https:\/\/www.champmarket.com\/wp-content\/uploads\/2021\/02\/laurent-perrier-cuvee-rose-bouteille-coffret-2-verres.webp\",\"contentUrl\":\"https:\/\/www.champmarket.com\/wp-content\/uploads\/2021\/02\/laurent-perrier-cuvee-rose-bouteille-coffret-2-verres.webp\",\"width\":2000,\"height\":2000},{\"@type\":\"BreadcrumbList\",\"@id\":\"https:\/\/www.champmarket.com\/nl\/champagne\/laurent-perrier-cuvee-rose-koffer-1-fles-2-glazen\/#breadcrumb\",\"itemListElement\":[{\"@type\":\"ListItem\",\"position\":1,\"name\":\"Accueil\",\"item\":\"https:\/\/www.champmarket.com\/nl\/\"},{\"@type\":\"ListItem\",\"position\":2,\"name\":\"Winkel\",\"item\":\"https:\/\/www.champmarket.com\/nl\/boutique\/\"},{\"@type\":\"ListItem\",\"position\":3,\"name\":\"Laurent-Perrier\",\"item\":\"https:\/\/www.champmarket.com\/nl\/maisons\/selectie-champagne-laurent-perrier-nl\/\"},{\"@type\":\"ListItem\",\"position\":4,\"name\":\"Laurent-Perrier Cuv\u00e9e Ros\u00e9 Koffer 1 Fles en 2 glazen\"}]},{\"@type\":\"WebSite\",\"@id\":\"https:\/\/www.champmarket.com\/#website\",\"url\":\"https:\/\/www.champmarket.com\/\",\"name\":\"Champmarket\",\"description\":\"Champmarket, Champagnes, Cadeaus en Levenskunst\",\"publisher\":{\"@id\":\"https:\/\/www.champmarket.com\/#organization\"},\"potentialAction\":[{\"@type\":\"SearchAction\",\"target\":{\"@type\":\"EntryPoint\",\"urlTemplate\":\"https:\/\/www.champmarket.com\/?s={search_term_string}\"},\"query-input\":{\"@type\":\"PropertyValueSpecification\",\"valueRequired\":true,\"valueName\":\"search_term_string\"}}],\"inLanguage\":\"nl-NL\"},{\"@type\":\"Organization\",\"@id\":\"https:\/\/www.champmarket.com\/#organization\",\"name\":\"Champmarket\",\"url\":\"https:\/\/www.champmarket.com\/\",\"logo\":{\"@type\":\"ImageObject\",\"inLanguage\":\"nl-NL\",\"@id\":\"https:\/\/www.champmarket.com\/#\/schema\/logo\/image\/\",\"url\":\"https:\/\/www.champmarket.com\/wp-content\/uploads\/2024\/08\/logo2024-1.svg\",\"contentUrl\":\"https:\/\/www.champmarket.com\/wp-content\/uploads\/2024\/08\/logo2024-1.svg\",\"width\":579.8,\"height\":80,\"caption\":\"Champmarket\"},\"image\":{\"@id\":\"https:\/\/www.champmarket.com\/#\/schema\/logo\/image\/\"},\"sameAs\":[\"https:\/\/www.facebook.com\/ChampMarket\/\",\"https:\/\/x.com\/champmarket\",\"https:\/\/www.instagram.com\/champmarket.paris\/\",\"https:\/\/www.pinterest.fr\/champmarketparis\/\",\"https:\/\/www.linkedin.com\/company\/champmarket\/\"]}]}<\/script>\n<!-- \/ Yoast SEO plugin. -->","yoast_head_json":{"title":"Laurent-Perrier Cuv\u00e9e Ros\u00e9 Koffer 1 Fles en 2 glazen - Champmarket","description":"De Cuv\u00e9e Ros\u00e9 Laurent-Perrier Koffer 1 Fles en 2 glazen viert kostbare momenten. Laurent-Perrier heeft de Cuv\u00e9e Ros\u00e9 en zijn iconische fles gecombineerd met twee glazen champagne uit een wijnassortiment in een weelderige koffer.","robots":{"index":"index","follow":"follow","max-snippet":"max-snippet:-1","max-image-preview":"max-image-preview:large","max-video-preview":"max-video-preview:-1"},"canonical":"https:\/\/www.champmarket.com\/nl\/champagne\/laurent-perrier-cuvee-rose-koffer-1-fles-2-glazen\/","og_locale":"nl_NL","og_type":"article","og_title":"Laurent-Perrier Cuv\u00e9e Ros\u00e9 Koffer 1 Fles en 2 glazen - Champmarket","og_description":"De Cuv\u00e9e Ros\u00e9 Laurent-Perrier Koffer 1 Fles en 2 glazen viert kostbare momenten. Laurent-Perrier heeft de Cuv\u00e9e Ros\u00e9 en zijn iconische fles gecombineerd met twee glazen champagne uit een wijnassortiment in een weelderige koffer.","og_url":"https:\/\/www.champmarket.com\/nl\/champagne\/laurent-perrier-cuvee-rose-koffer-1-fles-2-glazen\/","og_site_name":"Champmarket","article_publisher":"https:\/\/www.facebook.com\/ChampMarket\/","article_modified_time":"2025-05-19T13:08:04+00:00","og_image":[{"width":2000,"height":2000,"url":"https:\/\/www.champmarket.com\/wp-content\/uploads\/2021\/02\/laurent-perrier-cuvee-rose-bouteille-coffret-2-verres.webp","type":"image\/jpeg"}],"twitter_card":"summary_large_image","twitter_site":"@champmarket","schema":{"@context":"https:\/\/schema.org","@graph":[{"@type":"WebPage","@id":"https:\/\/www.champmarket.com\/nl\/champagne\/laurent-perrier-cuvee-rose-koffer-1-fles-2-glazen\/","url":"https:\/\/www.champmarket.com\/nl\/champagne\/laurent-perrier-cuvee-rose-koffer-1-fles-2-glazen\/","name":"Laurent-Perrier Cuv\u00e9e Ros\u00e9 Koffer 1 Fles en 2 glazen - Champmarket","isPartOf":{"@id":"https:\/\/www.champmarket.com\/#website"},"primaryImageOfPage":{"@id":"https:\/\/www.champmarket.com\/nl\/champagne\/laurent-perrier-cuvee-rose-koffer-1-fles-2-glazen\/#primaryimage"},"image":{"@id":"https:\/\/www.champmarket.com\/nl\/champagne\/laurent-perrier-cuvee-rose-koffer-1-fles-2-glazen\/#primaryimage"},"thumbnailUrl":"https:\/\/www.champmarket.com\/wp-content\/uploads\/2021\/02\/laurent-perrier-cuvee-rose-bouteille-coffret-2-verres.webp","datePublished":"2021-02-18T15:01:58+00:00","dateModified":"2025-05-19T13:08:04+00:00","description":"De Cuv\u00e9e Ros\u00e9 Laurent-Perrier Koffer 1 Fles en 2 glazen viert kostbare momenten. Laurent-Perrier heeft de Cuv\u00e9e Ros\u00e9 en zijn iconische fles gecombineerd met twee glazen champagne uit een wijnassortiment in een weelderige koffer.","breadcrumb":{"@id":"https:\/\/www.champmarket.com\/nl\/champagne\/laurent-perrier-cuvee-rose-koffer-1-fles-2-glazen\/#breadcrumb"},"inLanguage":"nl-NL","potentialAction":[{"@type":"ReadAction","target":["https:\/\/www.champmarket.com\/nl\/champagne\/laurent-perrier-cuvee-rose-koffer-1-fles-2-glazen\/"]}]},{"@type":"ImageObject","inLanguage":"nl-NL","@id":"https:\/\/www.champmarket.com\/nl\/champagne\/laurent-perrier-cuvee-rose-koffer-1-fles-2-glazen\/#primaryimage","url":"https:\/\/www.champmarket.com\/wp-content\/uploads\/2021\/02\/laurent-perrier-cuvee-rose-bouteille-coffret-2-verres.webp","contentUrl":"https:\/\/www.champmarket.com\/wp-content\/uploads\/2021\/02\/laurent-perrier-cuvee-rose-bouteille-coffret-2-verres.webp","width":2000,"height":2000},{"@type":"BreadcrumbList","@id":"https:\/\/www.champmarket.com\/nl\/champagne\/laurent-perrier-cuvee-rose-koffer-1-fles-2-glazen\/#breadcrumb","itemListElement":[{"@type":"ListItem","position":1,"name":"Accueil","item":"https:\/\/www.champmarket.com\/nl\/"},{"@type":"ListItem","position":2,"name":"Winkel","item":"https:\/\/www.champmarket.com\/nl\/boutique\/"},{"@type":"ListItem","position":3,"name":"Laurent-Perrier","item":"https:\/\/www.champmarket.com\/nl\/maisons\/selectie-champagne-laurent-perrier-nl\/"},{"@type":"ListItem","position":4,"name":"Laurent-Perrier Cuv\u00e9e Ros\u00e9 Koffer 1 Fles en 2 glazen"}]},{"@type":"WebSite","@id":"https:\/\/www.champmarket.com\/#website","url":"https:\/\/www.champmarket.com\/","name":"Champmarket","description":"Champmarket, Champagnes, Cadeaus en Levenskunst","publisher":{"@id":"https:\/\/www.champmarket.com\/#organization"},"potentialAction":[{"@type":"SearchAction","target":{"@type":"EntryPoint","urlTemplate":"https:\/\/www.champmarket.com\/?s={search_term_string}"},"query-input":{"@type":"PropertyValueSpecification","valueRequired":true,"valueName":"search_term_string"}}],"inLanguage":"nl-NL"},{"@type":"Organization","@id":"https:\/\/www.champmarket.com\/#organization","name":"Champmarket","url":"https:\/\/www.champmarket.com\/","logo":{"@type":"ImageObject","inLanguage":"nl-NL","@id":"https:\/\/www.champmarket.com\/#\/schema\/logo\/image\/","url":"https:\/\/www.champmarket.com\/wp-content\/uploads\/2024\/08\/logo2024-1.svg","contentUrl":"https:\/\/www.champmarket.com\/wp-content\/uploads\/2024\/08\/logo2024-1.svg","width":579.8,"height":80,"caption":"Champmarket"},"image":{"@id":"https:\/\/www.champmarket.com\/#\/schema\/logo\/image\/"},"sameAs":["https:\/\/www.facebook.com\/ChampMarket\/","https:\/\/x.com\/champmarket","https:\/\/www.instagram.com\/champmarket.paris\/","https:\/\/www.pinterest.fr\/champmarketparis\/","https:\/\/www.linkedin.com\/company\/champmarket\/"]}]}},"_links":{"self":[{"href":"https:\/\/www.champmarket.com\/nl\/wp-json\/wp\/v2\/product\/50869","targetHints":{"allow":["GET"]}}],"collection":[{"href":"https:\/\/www.champmarket.com\/nl\/wp-json\/wp\/v2\/product"}],"about":[{"href":"https:\/\/www.champmarket.com\/nl\/wp-json\/wp\/v2\/types\/product"}],"version-history":[{"count":1,"href":"https:\/\/www.champmarket.com\/nl\/wp-json\/wp\/v2\/product\/50869\/revisions"}],"predecessor-version":[{"id":79280,"href":"https:\/\/www.champmarket.com\/nl\/wp-json\/wp\/v2\/product\/50869\/revisions\/79280"}],"wp:featuredmedia":[{"embeddable":true,"href":"https:\/\/www.champmarket.com\/nl\/wp-json\/wp\/v2\/media\/45608"}],"wp:attachment":[{"href":"https:\/\/www.champmarket.com\/nl\/wp-json\/wp\/v2\/media?parent=50869"}],"wp:term":[{"taxonomy":"product_brand","embeddable":true,"href":"https:\/\/www.champmarket.com\/nl\/wp-json\/wp\/v2\/product_brand?post=50869"},{"taxonomy":"product_cat","embeddable":true,"href":"https:\/\/www.champmarket.com\/nl\/wp-json\/wp\/v2\/product_cat?post=50869"},{"taxonomy":"product_tag","embeddable":true,"href":"https:\/\/www.champmarket.com\/nl\/wp-json\/wp\/v2\/product_tag?post=50869"}],"curies":[{"name":"wp","href":"https:\/\/api.w.org\/{rel}","templated":true}]}}