{"id":50870,"date":"2021-02-18T16:01:56","date_gmt":"2021-02-18T15:01:56","guid":{"rendered":"https:\/\/www.champmarket.com\/champagne\/laurent-perrier-cuvee-rose-fles\/"},"modified":"2023-04-14T10:09:38","modified_gmt":"2023-04-14T08:09:38","slug":"laurent-perrier-cuvee-rose-fles","status":"publish","type":"product","link":"https:\/\/www.champmarket.com\/nl\/champagne\/laurent-perrier-cuvee-rose-fles\/","title":{"rendered":"Laurent-Perrier Cuv\u00e9e Ros\u00e9 Fles"},"content":{"rendered":"<p>Cuv\u00e9e Ros\u00e9 Laurent-Perrier is uitgegroeid tot de benchmark voor ros\u00e9 champagnes wereldwijd. Het is uniek in zijn geschiedenis, zijn uitwerking en zijn vrijgevigheid. V\u00f3\u00f3r 1968 was ros\u00e9 champagne zonder oogst bijna ondenkbaar. Te midden van een sociale en culturele revolutie gaf Bernard de Nonancourt er wortels en letters aan. Beter nog, hij is erin geslaagd er een nobele wijn van te maken, die ros\u00e9 champagne onlosmakelijk verbindt met Laurent-Perrier.<\/p>\n<p>Dankzij deze unieke en innovatieve knowhow combineert de Cuv\u00e9e Ros\u00e9 van Laurent-Perrier vinositeit en grote frisheid, een zeldzame combinatie in een champagne. De Cuv\u00e9e Ros\u00e9 verrast met zijn aroma&#8217;s van vers geplukt rood fruit: aardbei, morellen, zwarte bes, framboos&#8230; De aanzet is openhartig en zuur, de afdronk is soepel en teder, de neus is subtiel en de bruis is fijn.<\/p>\n","protected":false},"excerpt":{"rendered":"<p>La Cuv\u00e9e Ros\u00e9 Laurent-Perrier combineert vinositeit en grote frisheid, een zeldzame combinatie in een champagne. Het heeft zich wereldwijd gevestigd als de benchmark voor ros\u00e9 champagnes.<\/p>\n","protected":false},"featured_media":45610,"template":"","meta":{"_acf_changed":false},"product_brand":[],"product_cat":[3353,3352,3321,3148,3106,3137,3176,3117,3170,3169,3168],"product_tag":[3180,3190,3199,3196,3194],"class_list":{"0":"post-50870","1":"product","2":"type-product","3":"status-publish","4":"has-post-thumbnail","6":"maisons-selectie-champagne-laurent-perrier-nl","7":"product_cat-kerstchampagnes","8":"product_cat-zomerse-champagnes","9":"product_cat-beste-champagnes","10":"product_cat-laurent-perrier-nl","11":"product_cat-flessen","12":"product_cat-niet-te-missen","13":"product_cat-tous-les-champagnes-nl","14":"product_cat-rose-champagne","15":"product_cat-dessert-nl","16":"product_cat-aperitief","17":"product_cat-repas-nl","18":"product_tag-100-pinot-noir-nl","19":"product_tag-la-vie-en-rose-nl","20":"product_tag-aperitif-nl","21":"product_tag-repas-champagne-nl","22":"product_tag-dessert-gouter-nl","24":"first","25":"instock","26":"taxable","27":"shipping-taxable","28":"purchasable","29":"product-type-simple"},"acf":[],"yoast_head":"<!-- This site is optimized with the Yoast SEO plugin v26.4 - https:\/\/yoast.com\/wordpress\/plugins\/seo\/ -->\n<title>Laurent-Perrier Cuv\u00e9e Ros\u00e9 Fles - Champmarket<\/title>\n<meta name=\"description\" content=\"La Cuv\u00e9e Ros\u00e9 Laurent-Perrier combineert vinositeit en grote frisheid, een zeldzame combinatie in een champagne.\" \/>\n<meta name=\"robots\" content=\"index, follow, max-snippet:-1, max-image-preview:large, max-video-preview:-1\" \/>\n<link rel=\"canonical\" href=\"https:\/\/www.champmarket.com\/nl\/champagne\/laurent-perrier-cuvee-rose-fles\/\" \/>\n<meta property=\"og:locale\" content=\"nl_NL\" \/>\n<meta property=\"og:type\" content=\"article\" \/>\n<meta property=\"og:title\" content=\"Laurent-Perrier Cuv\u00e9e Ros\u00e9 Fles - Champmarket\" \/>\n<meta property=\"og:description\" content=\"La Cuv\u00e9e Ros\u00e9 Laurent-Perrier combineert vinositeit en grote frisheid, een zeldzame combinatie in een champagne.\" \/>\n<meta property=\"og:url\" content=\"https:\/\/www.champmarket.com\/nl\/champagne\/laurent-perrier-cuvee-rose-fles\/\" \/>\n<meta property=\"og:site_name\" content=\"Champmarket\" \/>\n<meta property=\"article:publisher\" content=\"https:\/\/www.facebook.com\/ChampMarket\/\" \/>\n<meta property=\"article:modified_time\" content=\"2023-04-14T08:09:38+00:00\" \/>\n<meta property=\"og:image\" content=\"https:\/\/www.champmarket.com\/wp-content\/uploads\/2021\/02\/laurent-perrier-cuvee-rose-bouteille.webp\" \/>\n\t<meta property=\"og:image:width\" content=\"2000\" \/>\n\t<meta property=\"og:image:height\" content=\"2000\" \/>\n\t<meta property=\"og:image:type\" content=\"image\/jpeg\" \/>\n<meta name=\"twitter:card\" content=\"summary_large_image\" \/>\n<meta name=\"twitter:site\" content=\"@champmarket\" \/>\n<meta name=\"twitter:label1\" content=\"Geschatte leestijd\" \/>\n\t<meta name=\"twitter:data1\" content=\"1 minuut\" \/>\n<script type=\"application\/ld+json\" class=\"yoast-schema-graph\">{\"@context\":\"https:\/\/schema.org\",\"@graph\":[{\"@type\":\"WebPage\",\"@id\":\"https:\/\/www.champmarket.com\/nl\/champagne\/laurent-perrier-cuvee-rose-fles\/\",\"url\":\"https:\/\/www.champmarket.com\/nl\/champagne\/laurent-perrier-cuvee-rose-fles\/\",\"name\":\"Laurent-Perrier Cuv\u00e9e Ros\u00e9 Fles - Champmarket\",\"isPartOf\":{\"@id\":\"https:\/\/www.champmarket.com\/#website\"},\"primaryImageOfPage\":{\"@id\":\"https:\/\/www.champmarket.com\/nl\/champagne\/laurent-perrier-cuvee-rose-fles\/#primaryimage\"},\"image\":{\"@id\":\"https:\/\/www.champmarket.com\/nl\/champagne\/laurent-perrier-cuvee-rose-fles\/#primaryimage\"},\"thumbnailUrl\":\"https:\/\/www.champmarket.com\/wp-content\/uploads\/2021\/02\/laurent-perrier-cuvee-rose-bouteille.webp\",\"datePublished\":\"2021-02-18T15:01:56+00:00\",\"dateModified\":\"2023-04-14T08:09:38+00:00\",\"description\":\"La Cuv\u00e9e Ros\u00e9 Laurent-Perrier combineert vinositeit en grote frisheid, een zeldzame combinatie in een champagne.\",\"breadcrumb\":{\"@id\":\"https:\/\/www.champmarket.com\/nl\/champagne\/laurent-perrier-cuvee-rose-fles\/#breadcrumb\"},\"inLanguage\":\"nl-NL\",\"potentialAction\":[{\"@type\":\"ReadAction\",\"target\":[\"https:\/\/www.champmarket.com\/nl\/champagne\/laurent-perrier-cuvee-rose-fles\/\"]}]},{\"@type\":\"ImageObject\",\"inLanguage\":\"nl-NL\",\"@id\":\"https:\/\/www.champmarket.com\/nl\/champagne\/laurent-perrier-cuvee-rose-fles\/#primaryimage\",\"url\":\"https:\/\/www.champmarket.com\/wp-content\/uploads\/2021\/02\/laurent-perrier-cuvee-rose-bouteille.webp\",\"contentUrl\":\"https:\/\/www.champmarket.com\/wp-content\/uploads\/2021\/02\/laurent-perrier-cuvee-rose-bouteille.webp\",\"width\":2000,\"height\":2000},{\"@type\":\"BreadcrumbList\",\"@id\":\"https:\/\/www.champmarket.com\/nl\/champagne\/laurent-perrier-cuvee-rose-fles\/#breadcrumb\",\"itemListElement\":[{\"@type\":\"ListItem\",\"position\":1,\"name\":\"Accueil\",\"item\":\"https:\/\/www.champmarket.com\/nl\/\"},{\"@type\":\"ListItem\",\"position\":2,\"name\":\"Winkel\",\"item\":\"https:\/\/www.champmarket.com\/nl\/boutique\/\"},{\"@type\":\"ListItem\",\"position\":3,\"name\":\"Laurent-Perrier\",\"item\":\"https:\/\/www.champmarket.com\/nl\/maisons\/selectie-champagne-laurent-perrier-nl\/\"},{\"@type\":\"ListItem\",\"position\":4,\"name\":\"Laurent-Perrier Cuv\u00e9e Ros\u00e9 Fles\"}]},{\"@type\":\"WebSite\",\"@id\":\"https:\/\/www.champmarket.com\/#website\",\"url\":\"https:\/\/www.champmarket.com\/\",\"name\":\"Champmarket\",\"description\":\"Champmarket, Champagnes, Cadeaus en Levenskunst\",\"publisher\":{\"@id\":\"https:\/\/www.champmarket.com\/#organization\"},\"potentialAction\":[{\"@type\":\"SearchAction\",\"target\":{\"@type\":\"EntryPoint\",\"urlTemplate\":\"https:\/\/www.champmarket.com\/?s={search_term_string}\"},\"query-input\":{\"@type\":\"PropertyValueSpecification\",\"valueRequired\":true,\"valueName\":\"search_term_string\"}}],\"inLanguage\":\"nl-NL\"},{\"@type\":\"Organization\",\"@id\":\"https:\/\/www.champmarket.com\/#organization\",\"name\":\"Champmarket\",\"url\":\"https:\/\/www.champmarket.com\/\",\"logo\":{\"@type\":\"ImageObject\",\"inLanguage\":\"nl-NL\",\"@id\":\"https:\/\/www.champmarket.com\/#\/schema\/logo\/image\/\",\"url\":\"https:\/\/www.champmarket.com\/wp-content\/uploads\/2024\/08\/logo2024-1.svg\",\"contentUrl\":\"https:\/\/www.champmarket.com\/wp-content\/uploads\/2024\/08\/logo2024-1.svg\",\"width\":579.8,\"height\":80,\"caption\":\"Champmarket\"},\"image\":{\"@id\":\"https:\/\/www.champmarket.com\/#\/schema\/logo\/image\/\"},\"sameAs\":[\"https:\/\/www.facebook.com\/ChampMarket\/\",\"https:\/\/x.com\/champmarket\",\"https:\/\/www.instagram.com\/champmarket.paris\/\",\"https:\/\/www.pinterest.fr\/champmarketparis\/\",\"https:\/\/www.linkedin.com\/company\/champmarket\/\"]}]}<\/script>\n<!-- \/ Yoast SEO plugin. -->","yoast_head_json":{"title":"Laurent-Perrier Cuv\u00e9e Ros\u00e9 Fles - Champmarket","description":"La Cuv\u00e9e Ros\u00e9 Laurent-Perrier combineert vinositeit en grote frisheid, een zeldzame combinatie in een champagne.","robots":{"index":"index","follow":"follow","max-snippet":"max-snippet:-1","max-image-preview":"max-image-preview:large","max-video-preview":"max-video-preview:-1"},"canonical":"https:\/\/www.champmarket.com\/nl\/champagne\/laurent-perrier-cuvee-rose-fles\/","og_locale":"nl_NL","og_type":"article","og_title":"Laurent-Perrier Cuv\u00e9e Ros\u00e9 Fles - Champmarket","og_description":"La Cuv\u00e9e Ros\u00e9 Laurent-Perrier combineert vinositeit en grote frisheid, een zeldzame combinatie in een champagne.","og_url":"https:\/\/www.champmarket.com\/nl\/champagne\/laurent-perrier-cuvee-rose-fles\/","og_site_name":"Champmarket","article_publisher":"https:\/\/www.facebook.com\/ChampMarket\/","article_modified_time":"2023-04-14T08:09:38+00:00","og_image":[{"width":2000,"height":2000,"url":"https:\/\/www.champmarket.com\/wp-content\/uploads\/2021\/02\/laurent-perrier-cuvee-rose-bouteille.webp","type":"image\/jpeg"}],"twitter_card":"summary_large_image","twitter_site":"@champmarket","twitter_misc":{"Geschatte leestijd":"1 minuut"},"schema":{"@context":"https:\/\/schema.org","@graph":[{"@type":"WebPage","@id":"https:\/\/www.champmarket.com\/nl\/champagne\/laurent-perrier-cuvee-rose-fles\/","url":"https:\/\/www.champmarket.com\/nl\/champagne\/laurent-perrier-cuvee-rose-fles\/","name":"Laurent-Perrier Cuv\u00e9e Ros\u00e9 Fles - Champmarket","isPartOf":{"@id":"https:\/\/www.champmarket.com\/#website"},"primaryImageOfPage":{"@id":"https:\/\/www.champmarket.com\/nl\/champagne\/laurent-perrier-cuvee-rose-fles\/#primaryimage"},"image":{"@id":"https:\/\/www.champmarket.com\/nl\/champagne\/laurent-perrier-cuvee-rose-fles\/#primaryimage"},"thumbnailUrl":"https:\/\/www.champmarket.com\/wp-content\/uploads\/2021\/02\/laurent-perrier-cuvee-rose-bouteille.webp","datePublished":"2021-02-18T15:01:56+00:00","dateModified":"2023-04-14T08:09:38+00:00","description":"La Cuv\u00e9e Ros\u00e9 Laurent-Perrier combineert vinositeit en grote frisheid, een zeldzame combinatie in een champagne.","breadcrumb":{"@id":"https:\/\/www.champmarket.com\/nl\/champagne\/laurent-perrier-cuvee-rose-fles\/#breadcrumb"},"inLanguage":"nl-NL","potentialAction":[{"@type":"ReadAction","target":["https:\/\/www.champmarket.com\/nl\/champagne\/laurent-perrier-cuvee-rose-fles\/"]}]},{"@type":"ImageObject","inLanguage":"nl-NL","@id":"https:\/\/www.champmarket.com\/nl\/champagne\/laurent-perrier-cuvee-rose-fles\/#primaryimage","url":"https:\/\/www.champmarket.com\/wp-content\/uploads\/2021\/02\/laurent-perrier-cuvee-rose-bouteille.webp","contentUrl":"https:\/\/www.champmarket.com\/wp-content\/uploads\/2021\/02\/laurent-perrier-cuvee-rose-bouteille.webp","width":2000,"height":2000},{"@type":"BreadcrumbList","@id":"https:\/\/www.champmarket.com\/nl\/champagne\/laurent-perrier-cuvee-rose-fles\/#breadcrumb","itemListElement":[{"@type":"ListItem","position":1,"name":"Accueil","item":"https:\/\/www.champmarket.com\/nl\/"},{"@type":"ListItem","position":2,"name":"Winkel","item":"https:\/\/www.champmarket.com\/nl\/boutique\/"},{"@type":"ListItem","position":3,"name":"Laurent-Perrier","item":"https:\/\/www.champmarket.com\/nl\/maisons\/selectie-champagne-laurent-perrier-nl\/"},{"@type":"ListItem","position":4,"name":"Laurent-Perrier Cuv\u00e9e Ros\u00e9 Fles"}]},{"@type":"WebSite","@id":"https:\/\/www.champmarket.com\/#website","url":"https:\/\/www.champmarket.com\/","name":"Champmarket","description":"Champmarket, Champagnes, Cadeaus en Levenskunst","publisher":{"@id":"https:\/\/www.champmarket.com\/#organization"},"potentialAction":[{"@type":"SearchAction","target":{"@type":"EntryPoint","urlTemplate":"https:\/\/www.champmarket.com\/?s={search_term_string}"},"query-input":{"@type":"PropertyValueSpecification","valueRequired":true,"valueName":"search_term_string"}}],"inLanguage":"nl-NL"},{"@type":"Organization","@id":"https:\/\/www.champmarket.com\/#organization","name":"Champmarket","url":"https:\/\/www.champmarket.com\/","logo":{"@type":"ImageObject","inLanguage":"nl-NL","@id":"https:\/\/www.champmarket.com\/#\/schema\/logo\/image\/","url":"https:\/\/www.champmarket.com\/wp-content\/uploads\/2024\/08\/logo2024-1.svg","contentUrl":"https:\/\/www.champmarket.com\/wp-content\/uploads\/2024\/08\/logo2024-1.svg","width":579.8,"height":80,"caption":"Champmarket"},"image":{"@id":"https:\/\/www.champmarket.com\/#\/schema\/logo\/image\/"},"sameAs":["https:\/\/www.facebook.com\/ChampMarket\/","https:\/\/x.com\/champmarket","https:\/\/www.instagram.com\/champmarket.paris\/","https:\/\/www.pinterest.fr\/champmarketparis\/","https:\/\/www.linkedin.com\/company\/champmarket\/"]}]}},"_links":{"self":[{"href":"https:\/\/www.champmarket.com\/nl\/wp-json\/wp\/v2\/product\/50870","targetHints":{"allow":["GET"]}}],"collection":[{"href":"https:\/\/www.champmarket.com\/nl\/wp-json\/wp\/v2\/product"}],"about":[{"href":"https:\/\/www.champmarket.com\/nl\/wp-json\/wp\/v2\/types\/product"}],"version-history":[{"count":0,"href":"https:\/\/www.champmarket.com\/nl\/wp-json\/wp\/v2\/product\/50870\/revisions"}],"wp:featuredmedia":[{"embeddable":true,"href":"https:\/\/www.champmarket.com\/nl\/wp-json\/wp\/v2\/media\/45610"}],"wp:attachment":[{"href":"https:\/\/www.champmarket.com\/nl\/wp-json\/wp\/v2\/media?parent=50870"}],"wp:term":[{"taxonomy":"product_brand","embeddable":true,"href":"https:\/\/www.champmarket.com\/nl\/wp-json\/wp\/v2\/product_brand?post=50870"},{"taxonomy":"product_cat","embeddable":true,"href":"https:\/\/www.champmarket.com\/nl\/wp-json\/wp\/v2\/product_cat?post=50870"},{"taxonomy":"product_tag","embeddable":true,"href":"https:\/\/www.champmarket.com\/nl\/wp-json\/wp\/v2\/product_tag?post=50870"}],"curies":[{"name":"wp","href":"https:\/\/api.w.org\/{rel}","templated":true}]}}