{"id":50874,"date":"2022-10-25T22:29:34","date_gmt":"2023-03-30T14:58:26","guid":{"rendered":"https:\/\/www.champmarket.com\/champagne\/moet-chandon-grand-vintage-rose-2015-fles\/"},"modified":"2023-07-01T00:00:11","modified_gmt":"2023-06-30T22:00:11","slug":"moet-chandon-grand-vintage-rose-2015-fles","status":"publish","type":"product","link":"https:\/\/www.champmarket.com\/nl\/champagne\/moet-chandon-grand-vintage-rose-2015-fles\/","title":{"rendered":"Mo\u00ebt &#038; Chandon Grand Vintage Ros\u00e9 2015 Fles"},"content":{"rendered":"<p>Mo\u00ebt &amp; Chandon Grand Vintage Ros\u00e9 2015 weerspiegelt een oogst van uitzonderlijk hoge kwaliteit zwarte druiven die een opmerkelijke rijpheid lieten zien, met een krachtige, fruitige neus en een vlezige afdronk.<\/p>\n<p>De chromatiek van de 2015: Grand Vintage Ros\u00e9 2015 roept een krachtig boeket op van rood of zwart fruit, warme tonen van garrigue, gefacetteerd met violette nuances. Zwart fruit (blauwe pruim, Quetsche, zwarte bes, bosbes, braam, vijg) getint met uitgesproken rood (wilde aardbei), struikgewas, heide.<\/p>\n","protected":false},"excerpt":{"rendered":"<p>Elke Grand Vintage is uniek en onthult een vrije en persoonlijke interpretatie van het jaar door de Chef de Cave. In Champagne was 2015 een jaar van onzekerheid, klimaatverandering en intense hitte. De resulterende Mo\u00ebt &amp; Chandon Grand Vintage Ros\u00e9 2015, de 45e jaargang in de geschiedenis van het Huis, is begiftigd met een onvergelijkbaar karakter. Hij biedt een weelderige smaak, de onverwachte uitdrukking van een bijzonder warm jaar. Zijn verhaal is er een van gecontroleerde kracht, gekanaliseerde intensiteit en onweerstaanbaar licht.<\/p>\n","protected":false},"featured_media":49065,"template":"","meta":{"_acf_changed":false},"product_brand":[],"product_cat":[3452,3492,3353,3321,3174,3308,3151,3106,3176,3117,3115,3116,3168],"product_tag":[3190,3200,3196],"class_list":{"0":"post-50874","1":"product","2":"type-product","3":"status-publish","4":"has-post-thumbnail","6":"maisons-selectie-champagne-moet-chandon-nl","7":"product_cat-selection-voor-composietdoos-met-6-flessen-vintage","8":"product_cat-selection-voor-samengestelde-doos-van-6-flessen-rose","9":"product_cat-kerstchampagnes","10":"product_cat-beste-champagnes","11":"product_cat-selectie-voor-samenstelbare-box-6-flessen-469e","12":"product_cat-alle-champagnes-en-boxes","13":"product_cat-moet-chandon-nl","14":"product_cat-flessen","15":"product_cat-tous-les-champagnes-nl","16":"product_cat-rose-champagne","17":"product_cat-vintage-champagne","18":"product_cat-prestige-champagne","19":"product_cat-repas-nl","20":"product_tag-la-vie-en-rose-nl","21":"product_tag-vintage-nl","22":"product_tag-repas-champagne-nl","24":"first","25":"instock","26":"taxable","27":"shipping-taxable","28":"purchasable","29":"product-type-simple"},"acf":[],"yoast_head":"<!-- This site is optimized with the Yoast SEO plugin v26.4 - https:\/\/yoast.com\/wordpress\/plugins\/seo\/ -->\n<title>Mo\u00ebt &amp; Chandon Grand Vintage Ros\u00e9 2015 Fles - Champmarket<\/title>\n<meta name=\"description\" content=\"In Champagne was 2015 een jaar van onzekerheid, klimaatverandering en intense hitte. De resulterende Mo\u00ebt &amp; Chandon Grand Vintage Ros\u00e9 2015, de 45e jaargang in de geschiedenis van het Huis, is begunstigd met een onvergelijkbaar karakter. Het biedt een weelderig pallet aan, ...\" \/>\n<meta name=\"robots\" content=\"index, follow, max-snippet:-1, max-image-preview:large, max-video-preview:-1\" \/>\n<link rel=\"canonical\" href=\"https:\/\/www.champmarket.com\/nl\/champagne\/moet-chandon-grand-vintage-rose-2015-fles\/\" \/>\n<meta property=\"og:locale\" content=\"nl_NL\" \/>\n<meta property=\"og:type\" content=\"article\" \/>\n<meta property=\"og:title\" content=\"Mo\u00ebt &amp; Chandon Grand Vintage Ros\u00e9 2015 Fles - Champmarket\" \/>\n<meta property=\"og:description\" content=\"In Champagne was 2015 een jaar van onzekerheid, klimaatverandering en intense hitte. De resulterende Mo\u00ebt &amp; Chandon Grand Vintage Ros\u00e9 2015, de 45e jaargang in de geschiedenis van het Huis, is begunstigd met een onvergelijkbaar karakter. Het biedt een weelderig pallet aan, ...\" \/>\n<meta property=\"og:url\" content=\"https:\/\/www.champmarket.com\/nl\/champagne\/moet-chandon-grand-vintage-rose-2015-fles\/\" \/>\n<meta property=\"og:site_name\" content=\"Champmarket\" \/>\n<meta property=\"article:publisher\" content=\"https:\/\/www.facebook.com\/ChampMarket\/\" \/>\n<meta property=\"article:modified_time\" content=\"2023-06-30T22:00:11+00:00\" \/>\n<meta property=\"og:image\" content=\"https:\/\/www.champmarket.com\/wp-content\/uploads\/2022\/10\/moet-et-chandon-grand-vintage-rose-2015-bouteille.webp\" \/>\n\t<meta property=\"og:image:width\" content=\"2000\" \/>\n\t<meta property=\"og:image:height\" content=\"2000\" \/>\n\t<meta property=\"og:image:type\" content=\"image\/jpeg\" \/>\n<meta name=\"twitter:card\" content=\"summary_large_image\" \/>\n<meta name=\"twitter:site\" content=\"@champmarket\" \/>\n<meta name=\"twitter:label1\" content=\"Geschatte leestijd\" \/>\n\t<meta name=\"twitter:data1\" content=\"1 minuut\" \/>\n<script type=\"application\/ld+json\" class=\"yoast-schema-graph\">{\"@context\":\"https:\/\/schema.org\",\"@graph\":[{\"@type\":\"WebPage\",\"@id\":\"https:\/\/www.champmarket.com\/nl\/champagne\/moet-chandon-grand-vintage-rose-2015-fles\/\",\"url\":\"https:\/\/www.champmarket.com\/nl\/champagne\/moet-chandon-grand-vintage-rose-2015-fles\/\",\"name\":\"Mo\u00ebt & Chandon Grand Vintage Ros\u00e9 2015 Fles - Champmarket\",\"isPartOf\":{\"@id\":\"https:\/\/www.champmarket.com\/#website\"},\"primaryImageOfPage\":{\"@id\":\"https:\/\/www.champmarket.com\/nl\/champagne\/moet-chandon-grand-vintage-rose-2015-fles\/#primaryimage\"},\"image\":{\"@id\":\"https:\/\/www.champmarket.com\/nl\/champagne\/moet-chandon-grand-vintage-rose-2015-fles\/#primaryimage\"},\"thumbnailUrl\":\"https:\/\/www.champmarket.com\/wp-content\/uploads\/2022\/10\/moet-et-chandon-grand-vintage-rose-2015-bouteille.webp\",\"datePublished\":\"2023-03-30T14:58:26+00:00\",\"dateModified\":\"2023-06-30T22:00:11+00:00\",\"description\":\"In Champagne was 2015 een jaar van onzekerheid, klimaatverandering en intense hitte. De resulterende Mo\u00ebt & Chandon Grand Vintage Ros\u00e9 2015, de 45e jaargang in de geschiedenis van het Huis, is begunstigd met een onvergelijkbaar karakter. Het biedt een weelderig pallet aan, ...\",\"breadcrumb\":{\"@id\":\"https:\/\/www.champmarket.com\/nl\/champagne\/moet-chandon-grand-vintage-rose-2015-fles\/#breadcrumb\"},\"inLanguage\":\"nl-NL\",\"potentialAction\":[{\"@type\":\"ReadAction\",\"target\":[\"https:\/\/www.champmarket.com\/nl\/champagne\/moet-chandon-grand-vintage-rose-2015-fles\/\"]}]},{\"@type\":\"ImageObject\",\"inLanguage\":\"nl-NL\",\"@id\":\"https:\/\/www.champmarket.com\/nl\/champagne\/moet-chandon-grand-vintage-rose-2015-fles\/#primaryimage\",\"url\":\"https:\/\/www.champmarket.com\/wp-content\/uploads\/2022\/10\/moet-et-chandon-grand-vintage-rose-2015-bouteille.webp\",\"contentUrl\":\"https:\/\/www.champmarket.com\/wp-content\/uploads\/2022\/10\/moet-et-chandon-grand-vintage-rose-2015-bouteille.webp\",\"width\":2000,\"height\":2000},{\"@type\":\"BreadcrumbList\",\"@id\":\"https:\/\/www.champmarket.com\/nl\/champagne\/moet-chandon-grand-vintage-rose-2015-fles\/#breadcrumb\",\"itemListElement\":[{\"@type\":\"ListItem\",\"position\":1,\"name\":\"Accueil\",\"item\":\"https:\/\/www.champmarket.com\/nl\/\"},{\"@type\":\"ListItem\",\"position\":2,\"name\":\"Winkel\",\"item\":\"https:\/\/www.champmarket.com\/nl\/boutique\/\"},{\"@type\":\"ListItem\",\"position\":3,\"name\":\"Mo\u00ebt &amp; Chandon\",\"item\":\"https:\/\/www.champmarket.com\/nl\/maisons\/selectie-champagne-moet-chandon-nl\/\"},{\"@type\":\"ListItem\",\"position\":4,\"name\":\"Mo\u00ebt &#038; Chandon Grand Vintage Ros\u00e9 2015 Fles\"}]},{\"@type\":\"WebSite\",\"@id\":\"https:\/\/www.champmarket.com\/#website\",\"url\":\"https:\/\/www.champmarket.com\/\",\"name\":\"Champmarket\",\"description\":\"Champmarket, Champagnes, Cadeaus en Levenskunst\",\"publisher\":{\"@id\":\"https:\/\/www.champmarket.com\/#organization\"},\"potentialAction\":[{\"@type\":\"SearchAction\",\"target\":{\"@type\":\"EntryPoint\",\"urlTemplate\":\"https:\/\/www.champmarket.com\/?s={search_term_string}\"},\"query-input\":{\"@type\":\"PropertyValueSpecification\",\"valueRequired\":true,\"valueName\":\"search_term_string\"}}],\"inLanguage\":\"nl-NL\"},{\"@type\":\"Organization\",\"@id\":\"https:\/\/www.champmarket.com\/#organization\",\"name\":\"Champmarket\",\"url\":\"https:\/\/www.champmarket.com\/\",\"logo\":{\"@type\":\"ImageObject\",\"inLanguage\":\"nl-NL\",\"@id\":\"https:\/\/www.champmarket.com\/#\/schema\/logo\/image\/\",\"url\":\"https:\/\/www.champmarket.com\/wp-content\/uploads\/2024\/08\/logo2024-1.svg\",\"contentUrl\":\"https:\/\/www.champmarket.com\/wp-content\/uploads\/2024\/08\/logo2024-1.svg\",\"width\":579.8,\"height\":80,\"caption\":\"Champmarket\"},\"image\":{\"@id\":\"https:\/\/www.champmarket.com\/#\/schema\/logo\/image\/\"},\"sameAs\":[\"https:\/\/www.facebook.com\/ChampMarket\/\",\"https:\/\/x.com\/champmarket\",\"https:\/\/www.instagram.com\/champmarket.paris\/\",\"https:\/\/www.pinterest.fr\/champmarketparis\/\",\"https:\/\/www.linkedin.com\/company\/champmarket\/\"]}]}<\/script>\n<!-- \/ Yoast SEO plugin. -->","yoast_head_json":{"title":"Mo\u00ebt & Chandon Grand Vintage Ros\u00e9 2015 Fles - Champmarket","description":"In Champagne was 2015 een jaar van onzekerheid, klimaatverandering en intense hitte. De resulterende Mo\u00ebt & Chandon Grand Vintage Ros\u00e9 2015, de 45e jaargang in de geschiedenis van het Huis, is begunstigd met een onvergelijkbaar karakter. Het biedt een weelderig pallet aan, ...","robots":{"index":"index","follow":"follow","max-snippet":"max-snippet:-1","max-image-preview":"max-image-preview:large","max-video-preview":"max-video-preview:-1"},"canonical":"https:\/\/www.champmarket.com\/nl\/champagne\/moet-chandon-grand-vintage-rose-2015-fles\/","og_locale":"nl_NL","og_type":"article","og_title":"Mo\u00ebt & Chandon Grand Vintage Ros\u00e9 2015 Fles - Champmarket","og_description":"In Champagne was 2015 een jaar van onzekerheid, klimaatverandering en intense hitte. De resulterende Mo\u00ebt & Chandon Grand Vintage Ros\u00e9 2015, de 45e jaargang in de geschiedenis van het Huis, is begunstigd met een onvergelijkbaar karakter. Het biedt een weelderig pallet aan, ...","og_url":"https:\/\/www.champmarket.com\/nl\/champagne\/moet-chandon-grand-vintage-rose-2015-fles\/","og_site_name":"Champmarket","article_publisher":"https:\/\/www.facebook.com\/ChampMarket\/","article_modified_time":"2023-06-30T22:00:11+00:00","og_image":[{"width":2000,"height":2000,"url":"https:\/\/www.champmarket.com\/wp-content\/uploads\/2022\/10\/moet-et-chandon-grand-vintage-rose-2015-bouteille.webp","type":"image\/jpeg"}],"twitter_card":"summary_large_image","twitter_site":"@champmarket","twitter_misc":{"Geschatte leestijd":"1 minuut"},"schema":{"@context":"https:\/\/schema.org","@graph":[{"@type":"WebPage","@id":"https:\/\/www.champmarket.com\/nl\/champagne\/moet-chandon-grand-vintage-rose-2015-fles\/","url":"https:\/\/www.champmarket.com\/nl\/champagne\/moet-chandon-grand-vintage-rose-2015-fles\/","name":"Mo\u00ebt & Chandon Grand Vintage Ros\u00e9 2015 Fles - Champmarket","isPartOf":{"@id":"https:\/\/www.champmarket.com\/#website"},"primaryImageOfPage":{"@id":"https:\/\/www.champmarket.com\/nl\/champagne\/moet-chandon-grand-vintage-rose-2015-fles\/#primaryimage"},"image":{"@id":"https:\/\/www.champmarket.com\/nl\/champagne\/moet-chandon-grand-vintage-rose-2015-fles\/#primaryimage"},"thumbnailUrl":"https:\/\/www.champmarket.com\/wp-content\/uploads\/2022\/10\/moet-et-chandon-grand-vintage-rose-2015-bouteille.webp","datePublished":"2023-03-30T14:58:26+00:00","dateModified":"2023-06-30T22:00:11+00:00","description":"In Champagne was 2015 een jaar van onzekerheid, klimaatverandering en intense hitte. De resulterende Mo\u00ebt & Chandon Grand Vintage Ros\u00e9 2015, de 45e jaargang in de geschiedenis van het Huis, is begunstigd met een onvergelijkbaar karakter. Het biedt een weelderig pallet aan, ...","breadcrumb":{"@id":"https:\/\/www.champmarket.com\/nl\/champagne\/moet-chandon-grand-vintage-rose-2015-fles\/#breadcrumb"},"inLanguage":"nl-NL","potentialAction":[{"@type":"ReadAction","target":["https:\/\/www.champmarket.com\/nl\/champagne\/moet-chandon-grand-vintage-rose-2015-fles\/"]}]},{"@type":"ImageObject","inLanguage":"nl-NL","@id":"https:\/\/www.champmarket.com\/nl\/champagne\/moet-chandon-grand-vintage-rose-2015-fles\/#primaryimage","url":"https:\/\/www.champmarket.com\/wp-content\/uploads\/2022\/10\/moet-et-chandon-grand-vintage-rose-2015-bouteille.webp","contentUrl":"https:\/\/www.champmarket.com\/wp-content\/uploads\/2022\/10\/moet-et-chandon-grand-vintage-rose-2015-bouteille.webp","width":2000,"height":2000},{"@type":"BreadcrumbList","@id":"https:\/\/www.champmarket.com\/nl\/champagne\/moet-chandon-grand-vintage-rose-2015-fles\/#breadcrumb","itemListElement":[{"@type":"ListItem","position":1,"name":"Accueil","item":"https:\/\/www.champmarket.com\/nl\/"},{"@type":"ListItem","position":2,"name":"Winkel","item":"https:\/\/www.champmarket.com\/nl\/boutique\/"},{"@type":"ListItem","position":3,"name":"Mo\u00ebt &amp; Chandon","item":"https:\/\/www.champmarket.com\/nl\/maisons\/selectie-champagne-moet-chandon-nl\/"},{"@type":"ListItem","position":4,"name":"Mo\u00ebt &#038; Chandon Grand Vintage Ros\u00e9 2015 Fles"}]},{"@type":"WebSite","@id":"https:\/\/www.champmarket.com\/#website","url":"https:\/\/www.champmarket.com\/","name":"Champmarket","description":"Champmarket, Champagnes, Cadeaus en Levenskunst","publisher":{"@id":"https:\/\/www.champmarket.com\/#organization"},"potentialAction":[{"@type":"SearchAction","target":{"@type":"EntryPoint","urlTemplate":"https:\/\/www.champmarket.com\/?s={search_term_string}"},"query-input":{"@type":"PropertyValueSpecification","valueRequired":true,"valueName":"search_term_string"}}],"inLanguage":"nl-NL"},{"@type":"Organization","@id":"https:\/\/www.champmarket.com\/#organization","name":"Champmarket","url":"https:\/\/www.champmarket.com\/","logo":{"@type":"ImageObject","inLanguage":"nl-NL","@id":"https:\/\/www.champmarket.com\/#\/schema\/logo\/image\/","url":"https:\/\/www.champmarket.com\/wp-content\/uploads\/2024\/08\/logo2024-1.svg","contentUrl":"https:\/\/www.champmarket.com\/wp-content\/uploads\/2024\/08\/logo2024-1.svg","width":579.8,"height":80,"caption":"Champmarket"},"image":{"@id":"https:\/\/www.champmarket.com\/#\/schema\/logo\/image\/"},"sameAs":["https:\/\/www.facebook.com\/ChampMarket\/","https:\/\/x.com\/champmarket","https:\/\/www.instagram.com\/champmarket.paris\/","https:\/\/www.pinterest.fr\/champmarketparis\/","https:\/\/www.linkedin.com\/company\/champmarket\/"]}]}},"_links":{"self":[{"href":"https:\/\/www.champmarket.com\/nl\/wp-json\/wp\/v2\/product\/50874","targetHints":{"allow":["GET"]}}],"collection":[{"href":"https:\/\/www.champmarket.com\/nl\/wp-json\/wp\/v2\/product"}],"about":[{"href":"https:\/\/www.champmarket.com\/nl\/wp-json\/wp\/v2\/types\/product"}],"version-history":[{"count":0,"href":"https:\/\/www.champmarket.com\/nl\/wp-json\/wp\/v2\/product\/50874\/revisions"}],"wp:featuredmedia":[{"embeddable":true,"href":"https:\/\/www.champmarket.com\/nl\/wp-json\/wp\/v2\/media\/49065"}],"wp:attachment":[{"href":"https:\/\/www.champmarket.com\/nl\/wp-json\/wp\/v2\/media?parent=50874"}],"wp:term":[{"taxonomy":"product_brand","embeddable":true,"href":"https:\/\/www.champmarket.com\/nl\/wp-json\/wp\/v2\/product_brand?post=50874"},{"taxonomy":"product_cat","embeddable":true,"href":"https:\/\/www.champmarket.com\/nl\/wp-json\/wp\/v2\/product_cat?post=50874"},{"taxonomy":"product_tag","embeddable":true,"href":"https:\/\/www.champmarket.com\/nl\/wp-json\/wp\/v2\/product_tag?post=50874"}],"curies":[{"name":"wp","href":"https:\/\/api.w.org\/{rel}","templated":true}]}}