{"id":50886,"date":"2021-02-18T16:07:54","date_gmt":"2023-03-30T15:36:38","guid":{"rendered":"https:\/\/www.champmarket.com\/champagne\/moet-chandon-ice-imperial-koffer-1-fles-en-2-glazen\/"},"modified":"2023-04-14T10:10:35","modified_gmt":"2023-04-14T08:10:35","slug":"moet-chandon-ice-imperial-koffer-1-fles-en-2-glazen","status":"publish","type":"product","link":"https:\/\/www.champmarket.com\/nl\/champagne\/moet-chandon-ice-imperial-koffer-1-fles-en-2-glazen\/","title":{"rendered":"Mo\u00ebt &amp; Chandon Ice Imp\u00e9rial Koffer 1 Fles en 2 glazen"},"content":{"rendered":"<p>Mo\u00ebt Ice Imp\u00e9rial champagne is gemaakt om speciaal op ijs te worden geserveerd. Met zijn fruitige intensiteit, zijn rijkdom in de mond en zijn uiteindelijke frisheid zal Mo\u00ebt Ice Imp\u00e9rial u de hele zomer vergezellen!<\/p>\n<p><strong><span style=\"color: #23b9f3;\">De Mo\u00ebt Ice ervaring:<\/span><\/strong> Een eenvoudig ritueel voor een kwaliteitsproeverij. Doe 3 ijsblokjes in een groot Cabernet wijnglas, giet de Mo\u00ebt Ice champagne erin, wacht even en geniet ijskoud!<\/p>\n","protected":false},"excerpt":{"rendered":"<p>Mo\u00ebt &amp; Chandon Ice Imp\u00e9rial Koffer 1 Fles en 2 glazen is een intense, fruitige en frisse champagne, speciaal gecre\u00eberd om op ijs geserveerd te worden voor een moment van absolute frisheid! Om uw zonnige dagen te begeleiden, vernieuwt Mo\u00ebt &amp; Chandon de kunst van het proeven met Mo\u00ebt Ice Imp\u00e9rial, een champagne om van te genieten op ijs.<\/p>\n","protected":false},"featured_media":48401,"template":"","meta":{"_acf_changed":false},"product_brand":[],"product_cat":[3151,3106,3176,3113,3169,3171,3128],"product_tag":[3185,3195,3199],"class_list":{"0":"post-50886","1":"product","2":"type-product","3":"status-publish","4":"has-post-thumbnail","6":"maisons-selectie-champagne-moet-chandon-nl","7":"product_cat-moet-chandon-nl","8":"product_cat-flessen","9":"product_cat-tous-les-champagnes-nl","10":"product_cat-demi-sec-doux-champagne","11":"product_cat-aperitief","12":"product_cat-voor-een-prive-of-professioneel-evenement-een-cocktail","13":"product_cat-experience-nl","14":"product_tag-cocktail-champagne-nl","15":"product_tag-pour-offrir-nl","16":"product_tag-aperitif-nl","18":"first","19":"onbackorder","20":"taxable","21":"shipping-taxable","22":"purchasable","23":"product-type-simple"},"acf":[],"yoast_head":"<!-- This site is optimized with the Yoast SEO plugin v26.4 - https:\/\/yoast.com\/wordpress\/plugins\/seo\/ -->\n<title>Mo\u00ebt &amp; Chandon Ice Imp\u00e9rial Koffer 1 Fles en 2 glazen - Champmarket<\/title>\n<meta name=\"description\" content=\"Mo\u00ebt &amp; Chandon Ice Imp\u00e9rial Koffer 1 Fles en 2 glazen is een intense, fruitige en frisse champagne, speciaal gecre\u00eberd om op ijs geserveerd te worden voor een moment van absolute frisheid!\" \/>\n<meta name=\"robots\" content=\"index, follow, max-snippet:-1, max-image-preview:large, max-video-preview:-1\" \/>\n<link rel=\"canonical\" href=\"https:\/\/www.champmarket.com\/nl\/champagne\/moet-chandon-ice-imperial-koffer-1-fles-en-2-glazen\/\" \/>\n<meta property=\"og:locale\" content=\"nl_NL\" \/>\n<meta property=\"og:type\" content=\"article\" \/>\n<meta property=\"og:title\" content=\"Mo\u00ebt &amp; Chandon Ice Imp\u00e9rial Koffer 1 Fles en 2 glazen - Champmarket\" \/>\n<meta property=\"og:description\" content=\"Mo\u00ebt &amp; Chandon Ice Imp\u00e9rial Koffer 1 Fles en 2 glazen is een intense, fruitige en frisse champagne, speciaal gecre\u00eberd om op ijs geserveerd te worden voor een moment van absolute frisheid!\" \/>\n<meta property=\"og:url\" content=\"https:\/\/www.champmarket.com\/nl\/champagne\/moet-chandon-ice-imperial-koffer-1-fles-en-2-glazen\/\" \/>\n<meta property=\"og:site_name\" content=\"Champmarket\" \/>\n<meta property=\"article:publisher\" content=\"https:\/\/www.facebook.com\/ChampMarket\/\" \/>\n<meta property=\"article:modified_time\" content=\"2023-04-14T08:10:35+00:00\" \/>\n<meta property=\"og:image\" content=\"https:\/\/www.champmarket.com\/wp-content\/uploads\/2021\/02\/moetetchandon-moet-ice-coffret-bouteille-verres.jpg\" \/>\n\t<meta property=\"og:image:width\" content=\"2000\" \/>\n\t<meta property=\"og:image:height\" content=\"2000\" \/>\n\t<meta property=\"og:image:type\" content=\"image\/jpeg\" \/>\n<meta name=\"twitter:card\" content=\"summary_large_image\" \/>\n<meta name=\"twitter:site\" content=\"@champmarket\" \/>\n<script type=\"application\/ld+json\" class=\"yoast-schema-graph\">{\"@context\":\"https:\/\/schema.org\",\"@graph\":[{\"@type\":\"WebPage\",\"@id\":\"https:\/\/www.champmarket.com\/nl\/champagne\/moet-chandon-ice-imperial-koffer-1-fles-en-2-glazen\/\",\"url\":\"https:\/\/www.champmarket.com\/nl\/champagne\/moet-chandon-ice-imperial-koffer-1-fles-en-2-glazen\/\",\"name\":\"Mo\u00ebt &amp; Chandon Ice Imp\u00e9rial Koffer 1 Fles en 2 glazen - Champmarket\",\"isPartOf\":{\"@id\":\"https:\/\/www.champmarket.com\/#website\"},\"primaryImageOfPage\":{\"@id\":\"https:\/\/www.champmarket.com\/nl\/champagne\/moet-chandon-ice-imperial-koffer-1-fles-en-2-glazen\/#primaryimage\"},\"image\":{\"@id\":\"https:\/\/www.champmarket.com\/nl\/champagne\/moet-chandon-ice-imperial-koffer-1-fles-en-2-glazen\/#primaryimage\"},\"thumbnailUrl\":\"https:\/\/www.champmarket.com\/wp-content\/uploads\/2021\/02\/moetetchandon-moet-ice-coffret-bouteille-verres.webp\",\"datePublished\":\"2023-03-30T15:36:38+00:00\",\"dateModified\":\"2023-04-14T08:10:35+00:00\",\"description\":\"Mo\u00ebt & Chandon Ice Imp\u00e9rial Koffer 1 Fles en 2 glazen is een intense, fruitige en frisse champagne, speciaal gecre\u00eberd om op ijs geserveerd te worden voor een moment van absolute frisheid!\",\"breadcrumb\":{\"@id\":\"https:\/\/www.champmarket.com\/nl\/champagne\/moet-chandon-ice-imperial-koffer-1-fles-en-2-glazen\/#breadcrumb\"},\"inLanguage\":\"nl-NL\",\"potentialAction\":[{\"@type\":\"ReadAction\",\"target\":[\"https:\/\/www.champmarket.com\/nl\/champagne\/moet-chandon-ice-imperial-koffer-1-fles-en-2-glazen\/\"]}]},{\"@type\":\"ImageObject\",\"inLanguage\":\"nl-NL\",\"@id\":\"https:\/\/www.champmarket.com\/nl\/champagne\/moet-chandon-ice-imperial-koffer-1-fles-en-2-glazen\/#primaryimage\",\"url\":\"https:\/\/www.champmarket.com\/wp-content\/uploads\/2021\/02\/moetetchandon-moet-ice-coffret-bouteille-verres.webp\",\"contentUrl\":\"https:\/\/www.champmarket.com\/wp-content\/uploads\/2021\/02\/moetetchandon-moet-ice-coffret-bouteille-verres.webp\",\"width\":2000,\"height\":2000},{\"@type\":\"BreadcrumbList\",\"@id\":\"https:\/\/www.champmarket.com\/nl\/champagne\/moet-chandon-ice-imperial-koffer-1-fles-en-2-glazen\/#breadcrumb\",\"itemListElement\":[{\"@type\":\"ListItem\",\"position\":1,\"name\":\"Accueil\",\"item\":\"https:\/\/www.champmarket.com\/nl\/\"},{\"@type\":\"ListItem\",\"position\":2,\"name\":\"Winkel\",\"item\":\"https:\/\/www.champmarket.com\/nl\/boutique\/\"},{\"@type\":\"ListItem\",\"position\":3,\"name\":\"Mo\u00ebt &amp; Chandon\",\"item\":\"https:\/\/www.champmarket.com\/nl\/maisons\/selectie-champagne-moet-chandon-nl\/\"},{\"@type\":\"ListItem\",\"position\":4,\"name\":\"Mo\u00ebt &amp; Chandon Ice Imp\u00e9rial Koffer 1 Fles en 2 glazen\"}]},{\"@type\":\"WebSite\",\"@id\":\"https:\/\/www.champmarket.com\/#website\",\"url\":\"https:\/\/www.champmarket.com\/\",\"name\":\"Champmarket\",\"description\":\"Champmarket, Champagnes, Cadeaus en Levenskunst\",\"publisher\":{\"@id\":\"https:\/\/www.champmarket.com\/#organization\"},\"potentialAction\":[{\"@type\":\"SearchAction\",\"target\":{\"@type\":\"EntryPoint\",\"urlTemplate\":\"https:\/\/www.champmarket.com\/?s={search_term_string}\"},\"query-input\":{\"@type\":\"PropertyValueSpecification\",\"valueRequired\":true,\"valueName\":\"search_term_string\"}}],\"inLanguage\":\"nl-NL\"},{\"@type\":\"Organization\",\"@id\":\"https:\/\/www.champmarket.com\/#organization\",\"name\":\"Champmarket\",\"url\":\"https:\/\/www.champmarket.com\/\",\"logo\":{\"@type\":\"ImageObject\",\"inLanguage\":\"nl-NL\",\"@id\":\"https:\/\/www.champmarket.com\/#\/schema\/logo\/image\/\",\"url\":\"https:\/\/www.champmarket.com\/wp-content\/uploads\/2024\/08\/logo2024-1.svg\",\"contentUrl\":\"https:\/\/www.champmarket.com\/wp-content\/uploads\/2024\/08\/logo2024-1.svg\",\"width\":579.8,\"height\":80,\"caption\":\"Champmarket\"},\"image\":{\"@id\":\"https:\/\/www.champmarket.com\/#\/schema\/logo\/image\/\"},\"sameAs\":[\"https:\/\/www.facebook.com\/ChampMarket\/\",\"https:\/\/x.com\/champmarket\",\"https:\/\/www.instagram.com\/champmarket.paris\/\",\"https:\/\/www.pinterest.fr\/champmarketparis\/\",\"https:\/\/www.linkedin.com\/company\/champmarket\/\"]}]}<\/script>\n<!-- \/ Yoast SEO plugin. -->","yoast_head_json":{"title":"Mo\u00ebt &amp; Chandon Ice Imp\u00e9rial Koffer 1 Fles en 2 glazen - Champmarket","description":"Mo\u00ebt & Chandon Ice Imp\u00e9rial Koffer 1 Fles en 2 glazen is een intense, fruitige en frisse champagne, speciaal gecre\u00eberd om op ijs geserveerd te worden voor een moment van absolute frisheid!","robots":{"index":"index","follow":"follow","max-snippet":"max-snippet:-1","max-image-preview":"max-image-preview:large","max-video-preview":"max-video-preview:-1"},"canonical":"https:\/\/www.champmarket.com\/nl\/champagne\/moet-chandon-ice-imperial-koffer-1-fles-en-2-glazen\/","og_locale":"nl_NL","og_type":"article","og_title":"Mo\u00ebt &amp; Chandon Ice Imp\u00e9rial Koffer 1 Fles en 2 glazen - Champmarket","og_description":"Mo\u00ebt & Chandon Ice Imp\u00e9rial Koffer 1 Fles en 2 glazen is een intense, fruitige en frisse champagne, speciaal gecre\u00eberd om op ijs geserveerd te worden voor een moment van absolute frisheid!","og_url":"https:\/\/www.champmarket.com\/nl\/champagne\/moet-chandon-ice-imperial-koffer-1-fles-en-2-glazen\/","og_site_name":"Champmarket","article_publisher":"https:\/\/www.facebook.com\/ChampMarket\/","article_modified_time":"2023-04-14T08:10:35+00:00","og_image":[{"width":2000,"height":2000,"url":"https:\/\/www.champmarket.com\/wp-content\/uploads\/2021\/02\/moetetchandon-moet-ice-coffret-bouteille-verres.jpg","type":"image\/jpeg"}],"twitter_card":"summary_large_image","twitter_site":"@champmarket","schema":{"@context":"https:\/\/schema.org","@graph":[{"@type":"WebPage","@id":"https:\/\/www.champmarket.com\/nl\/champagne\/moet-chandon-ice-imperial-koffer-1-fles-en-2-glazen\/","url":"https:\/\/www.champmarket.com\/nl\/champagne\/moet-chandon-ice-imperial-koffer-1-fles-en-2-glazen\/","name":"Mo\u00ebt &amp; Chandon Ice Imp\u00e9rial Koffer 1 Fles en 2 glazen - Champmarket","isPartOf":{"@id":"https:\/\/www.champmarket.com\/#website"},"primaryImageOfPage":{"@id":"https:\/\/www.champmarket.com\/nl\/champagne\/moet-chandon-ice-imperial-koffer-1-fles-en-2-glazen\/#primaryimage"},"image":{"@id":"https:\/\/www.champmarket.com\/nl\/champagne\/moet-chandon-ice-imperial-koffer-1-fles-en-2-glazen\/#primaryimage"},"thumbnailUrl":"https:\/\/www.champmarket.com\/wp-content\/uploads\/2021\/02\/moetetchandon-moet-ice-coffret-bouteille-verres.webp","datePublished":"2023-03-30T15:36:38+00:00","dateModified":"2023-04-14T08:10:35+00:00","description":"Mo\u00ebt & Chandon Ice Imp\u00e9rial Koffer 1 Fles en 2 glazen is een intense, fruitige en frisse champagne, speciaal gecre\u00eberd om op ijs geserveerd te worden voor een moment van absolute frisheid!","breadcrumb":{"@id":"https:\/\/www.champmarket.com\/nl\/champagne\/moet-chandon-ice-imperial-koffer-1-fles-en-2-glazen\/#breadcrumb"},"inLanguage":"nl-NL","potentialAction":[{"@type":"ReadAction","target":["https:\/\/www.champmarket.com\/nl\/champagne\/moet-chandon-ice-imperial-koffer-1-fles-en-2-glazen\/"]}]},{"@type":"ImageObject","inLanguage":"nl-NL","@id":"https:\/\/www.champmarket.com\/nl\/champagne\/moet-chandon-ice-imperial-koffer-1-fles-en-2-glazen\/#primaryimage","url":"https:\/\/www.champmarket.com\/wp-content\/uploads\/2021\/02\/moetetchandon-moet-ice-coffret-bouteille-verres.webp","contentUrl":"https:\/\/www.champmarket.com\/wp-content\/uploads\/2021\/02\/moetetchandon-moet-ice-coffret-bouteille-verres.webp","width":2000,"height":2000},{"@type":"BreadcrumbList","@id":"https:\/\/www.champmarket.com\/nl\/champagne\/moet-chandon-ice-imperial-koffer-1-fles-en-2-glazen\/#breadcrumb","itemListElement":[{"@type":"ListItem","position":1,"name":"Accueil","item":"https:\/\/www.champmarket.com\/nl\/"},{"@type":"ListItem","position":2,"name":"Winkel","item":"https:\/\/www.champmarket.com\/nl\/boutique\/"},{"@type":"ListItem","position":3,"name":"Mo\u00ebt &amp; Chandon","item":"https:\/\/www.champmarket.com\/nl\/maisons\/selectie-champagne-moet-chandon-nl\/"},{"@type":"ListItem","position":4,"name":"Mo\u00ebt &amp; Chandon Ice Imp\u00e9rial Koffer 1 Fles en 2 glazen"}]},{"@type":"WebSite","@id":"https:\/\/www.champmarket.com\/#website","url":"https:\/\/www.champmarket.com\/","name":"Champmarket","description":"Champmarket, Champagnes, Cadeaus en Levenskunst","publisher":{"@id":"https:\/\/www.champmarket.com\/#organization"},"potentialAction":[{"@type":"SearchAction","target":{"@type":"EntryPoint","urlTemplate":"https:\/\/www.champmarket.com\/?s={search_term_string}"},"query-input":{"@type":"PropertyValueSpecification","valueRequired":true,"valueName":"search_term_string"}}],"inLanguage":"nl-NL"},{"@type":"Organization","@id":"https:\/\/www.champmarket.com\/#organization","name":"Champmarket","url":"https:\/\/www.champmarket.com\/","logo":{"@type":"ImageObject","inLanguage":"nl-NL","@id":"https:\/\/www.champmarket.com\/#\/schema\/logo\/image\/","url":"https:\/\/www.champmarket.com\/wp-content\/uploads\/2024\/08\/logo2024-1.svg","contentUrl":"https:\/\/www.champmarket.com\/wp-content\/uploads\/2024\/08\/logo2024-1.svg","width":579.8,"height":80,"caption":"Champmarket"},"image":{"@id":"https:\/\/www.champmarket.com\/#\/schema\/logo\/image\/"},"sameAs":["https:\/\/www.facebook.com\/ChampMarket\/","https:\/\/x.com\/champmarket","https:\/\/www.instagram.com\/champmarket.paris\/","https:\/\/www.pinterest.fr\/champmarketparis\/","https:\/\/www.linkedin.com\/company\/champmarket\/"]}]}},"_links":{"self":[{"href":"https:\/\/www.champmarket.com\/nl\/wp-json\/wp\/v2\/product\/50886","targetHints":{"allow":["GET"]}}],"collection":[{"href":"https:\/\/www.champmarket.com\/nl\/wp-json\/wp\/v2\/product"}],"about":[{"href":"https:\/\/www.champmarket.com\/nl\/wp-json\/wp\/v2\/types\/product"}],"version-history":[{"count":0,"href":"https:\/\/www.champmarket.com\/nl\/wp-json\/wp\/v2\/product\/50886\/revisions"}],"wp:featuredmedia":[{"embeddable":true,"href":"https:\/\/www.champmarket.com\/nl\/wp-json\/wp\/v2\/media\/48401"}],"wp:attachment":[{"href":"https:\/\/www.champmarket.com\/nl\/wp-json\/wp\/v2\/media?parent=50886"}],"wp:term":[{"taxonomy":"product_brand","embeddable":true,"href":"https:\/\/www.champmarket.com\/nl\/wp-json\/wp\/v2\/product_brand?post=50886"},{"taxonomy":"product_cat","embeddable":true,"href":"https:\/\/www.champmarket.com\/nl\/wp-json\/wp\/v2\/product_cat?post=50886"},{"taxonomy":"product_tag","embeddable":true,"href":"https:\/\/www.champmarket.com\/nl\/wp-json\/wp\/v2\/product_tag?post=50886"}],"curies":[{"name":"wp","href":"https:\/\/api.w.org\/{rel}","templated":true}]}}