{"id":51008,"date":"2022-04-01T14:31:32","date_gmt":"2022-04-01T12:31:32","guid":{"rendered":"https:\/\/www.champmarket.com\/champagne\/veuve-clicquot-vintage-rose-2012-fles-met-koffer\/"},"modified":"2023-04-14T10:12:54","modified_gmt":"2023-04-14T08:12:54","slug":"veuve-clicquot-vintage-rose-2012-fles-koffer","status":"publish","type":"product","link":"https:\/\/www.champmarket.com\/nl\/champagne\/veuve-clicquot-vintage-rose-2012-fles-koffer\/","title":{"rendered":"Veuve Clicquot Vintage Ros\u00e9 2012 Fles met koffer"},"content":{"rendered":"<p>Madame Clicquot brak met de traditie en cre\u00eberde in 1810 de allereerste gemengde ros\u00e9 in de Champagne, een belangrijke uitvinding die geleidelijk door vele huizen werd overgenomen. Daartoe verving zij de traditionele &#8220;teinte&#8221;-methode, waarbij een vlierbessenlikeur werd gebruikt om de wijn te kleuren, door heldere witte wijnen te mengen met rode wijnen van haar Bouzy-wijngaard, waardoor de eerste zogenaamde &#8220;assemblage&#8221;-ros\u00e9 ontstond. Nogmaals, Madame Clicquot was een pionier in het veranderen van de regels. Dankzij de uitzonderlijke kwaliteit van zijn rode wijnen, afkomstig van de meest gewilde wijngaarden, kon hij deze revolutie tot stand brengen, waarvan het geheim in de assemblage ligt.<\/p>\n<p>Voor uzelf of als geschenk, de elegante koffer is geschikt voor alle gelegenheden.<\/p>\n","protected":false},"excerpt":{"rendered":"<p>Veuve Clicquot Vintage Ros\u00e9 2012 is de uitdrukking van een overvloedige oogst, waarbij de delicate klimaatomstandigheden in de Champagne worden genegeerd. Ook al was de hoeveelheid kleiner door de schade, de kwaliteit was optimaal, wat een goede rijping van de wijnen belooft. Veuve Clicquot Vintage Ros\u00e9 2012 met koffer is een persistente en levendige champagne, krachtig en voluptueus, met aroma&#8217;s van rood fruit. Hij eindigt met een frisheid en lengte in de mond, met een laatste toets van rood fruit en kersen.<\/p>\n","protected":false},"featured_media":48802,"template":"","meta":{"_acf_changed":false},"product_brand":[],"product_cat":[3308,3161,3106,3107,3176,3117,3115,3169,3168],"product_tag":[3190,3195,3199,3200,3196],"class_list":{"0":"post-51008","1":"product","2":"type-product","3":"status-publish","4":"has-post-thumbnail","6":"maisons-selectie-champagne-veuve-clicquot-nl","7":"product_cat-alle-champagnes-en-boxes","8":"product_cat-veuve-clicquot-nl","9":"product_cat-flessen","10":"product_cat-relatiegeschenken","11":"product_cat-tous-les-champagnes-nl","12":"product_cat-rose-champagne","13":"product_cat-vintage-champagne","14":"product_cat-aperitief","15":"product_cat-repas-nl","16":"product_tag-la-vie-en-rose-nl","17":"product_tag-pour-offrir-nl","18":"product_tag-aperitif-nl","19":"product_tag-vintage-nl","20":"product_tag-repas-champagne-nl","22":"first","23":"outofstock","24":"taxable","25":"shipping-taxable","26":"purchasable","27":"product-type-simple"},"acf":[],"yoast_head":"<!-- This site is optimized with the Yoast SEO plugin v26.4 - https:\/\/yoast.com\/wordpress\/plugins\/seo\/ -->\n<title>Veuve Clicquot Vintage Ros\u00e9 2012 Fles met koffer - Champmarket<\/title>\n<meta name=\"description\" content=\"Veuve Clicquot Vintage Ros\u00e9 2012 met koffer is de uitdrukking van een wonderbaarlijke oogst. Ook al was de hoeveelheid kleiner door de schade, de kwaliteit was optimaal, wat een goede rijping van de wijnen belooft.\" \/>\n<meta name=\"robots\" content=\"index, follow, max-snippet:-1, max-image-preview:large, max-video-preview:-1\" \/>\n<link rel=\"canonical\" href=\"https:\/\/www.champmarket.com\/nl\/champagne\/veuve-clicquot-vintage-rose-2012-fles-koffer\/\" \/>\n<meta property=\"og:locale\" content=\"nl_NL\" \/>\n<meta property=\"og:type\" content=\"article\" \/>\n<meta property=\"og:title\" content=\"Veuve Clicquot Vintage Ros\u00e9 2012 Fles met koffer - Champmarket\" \/>\n<meta property=\"og:description\" content=\"Veuve Clicquot Vintage Ros\u00e9 2012 met koffer is de uitdrukking van een wonderbaarlijke oogst. Ook al was de hoeveelheid kleiner door de schade, de kwaliteit was optimaal, wat een goede rijping van de wijnen belooft.\" \/>\n<meta property=\"og:url\" content=\"https:\/\/www.champmarket.com\/nl\/champagne\/veuve-clicquot-vintage-rose-2012-fles-koffer\/\" \/>\n<meta property=\"og:site_name\" content=\"Champmarket\" \/>\n<meta property=\"article:publisher\" content=\"https:\/\/www.facebook.com\/ChampMarket\/\" \/>\n<meta property=\"article:modified_time\" content=\"2023-04-14T08:12:54+00:00\" \/>\n<meta property=\"og:image\" content=\"https:\/\/www.champmarket.com\/wp-content\/uploads\/2022\/04\/moet-et-chandon-grand-vintage-rose-2012-bouteille-coffret.webp\" \/>\n\t<meta property=\"og:image:width\" content=\"2000\" \/>\n\t<meta property=\"og:image:height\" content=\"2000\" \/>\n\t<meta property=\"og:image:type\" content=\"image\/jpeg\" \/>\n<meta name=\"twitter:card\" content=\"summary_large_image\" \/>\n<meta name=\"twitter:site\" content=\"@champmarket\" \/>\n<meta name=\"twitter:label1\" content=\"Geschatte leestijd\" \/>\n\t<meta name=\"twitter:data1\" content=\"1 minuut\" \/>\n<script type=\"application\/ld+json\" class=\"yoast-schema-graph\">{\"@context\":\"https:\/\/schema.org\",\"@graph\":[{\"@type\":\"WebPage\",\"@id\":\"https:\/\/www.champmarket.com\/nl\/champagne\/veuve-clicquot-vintage-rose-2012-fles-koffer\/\",\"url\":\"https:\/\/www.champmarket.com\/nl\/champagne\/veuve-clicquot-vintage-rose-2012-fles-koffer\/\",\"name\":\"Veuve Clicquot Vintage Ros\u00e9 2012 Fles met koffer - Champmarket\",\"isPartOf\":{\"@id\":\"https:\/\/www.champmarket.com\/#website\"},\"primaryImageOfPage\":{\"@id\":\"https:\/\/www.champmarket.com\/nl\/champagne\/veuve-clicquot-vintage-rose-2012-fles-koffer\/#primaryimage\"},\"image\":{\"@id\":\"https:\/\/www.champmarket.com\/nl\/champagne\/veuve-clicquot-vintage-rose-2012-fles-koffer\/#primaryimage\"},\"thumbnailUrl\":\"https:\/\/www.champmarket.com\/wp-content\/uploads\/2022\/04\/moet-et-chandon-grand-vintage-rose-2012-bouteille-coffret.webp\",\"datePublished\":\"2022-04-01T12:31:32+00:00\",\"dateModified\":\"2023-04-14T08:12:54+00:00\",\"description\":\"Veuve Clicquot Vintage Ros\u00e9 2012 met koffer is de uitdrukking van een wonderbaarlijke oogst. Ook al was de hoeveelheid kleiner door de schade, de kwaliteit was optimaal, wat een goede rijping van de wijnen belooft.\",\"breadcrumb\":{\"@id\":\"https:\/\/www.champmarket.com\/nl\/champagne\/veuve-clicquot-vintage-rose-2012-fles-koffer\/#breadcrumb\"},\"inLanguage\":\"nl-NL\",\"potentialAction\":[{\"@type\":\"ReadAction\",\"target\":[\"https:\/\/www.champmarket.com\/nl\/champagne\/veuve-clicquot-vintage-rose-2012-fles-koffer\/\"]}]},{\"@type\":\"ImageObject\",\"inLanguage\":\"nl-NL\",\"@id\":\"https:\/\/www.champmarket.com\/nl\/champagne\/veuve-clicquot-vintage-rose-2012-fles-koffer\/#primaryimage\",\"url\":\"https:\/\/www.champmarket.com\/wp-content\/uploads\/2022\/04\/moet-et-chandon-grand-vintage-rose-2012-bouteille-coffret.webp\",\"contentUrl\":\"https:\/\/www.champmarket.com\/wp-content\/uploads\/2022\/04\/moet-et-chandon-grand-vintage-rose-2012-bouteille-coffret.webp\",\"width\":2000,\"height\":2000},{\"@type\":\"BreadcrumbList\",\"@id\":\"https:\/\/www.champmarket.com\/nl\/champagne\/veuve-clicquot-vintage-rose-2012-fles-koffer\/#breadcrumb\",\"itemListElement\":[{\"@type\":\"ListItem\",\"position\":1,\"name\":\"Accueil\",\"item\":\"https:\/\/www.champmarket.com\/nl\/\"},{\"@type\":\"ListItem\",\"position\":2,\"name\":\"Winkel\",\"item\":\"https:\/\/www.champmarket.com\/nl\/boutique\/\"},{\"@type\":\"ListItem\",\"position\":3,\"name\":\"Veuve Clicquot\",\"item\":\"https:\/\/www.champmarket.com\/nl\/maisons\/selectie-champagne-veuve-clicquot-nl\/\"},{\"@type\":\"ListItem\",\"position\":4,\"name\":\"Veuve Clicquot Vintage Ros\u00e9 2012 Fles met koffer\"}]},{\"@type\":\"WebSite\",\"@id\":\"https:\/\/www.champmarket.com\/#website\",\"url\":\"https:\/\/www.champmarket.com\/\",\"name\":\"Champmarket\",\"description\":\"Champmarket, Champagnes, Cadeaus en Levenskunst\",\"publisher\":{\"@id\":\"https:\/\/www.champmarket.com\/#organization\"},\"potentialAction\":[{\"@type\":\"SearchAction\",\"target\":{\"@type\":\"EntryPoint\",\"urlTemplate\":\"https:\/\/www.champmarket.com\/?s={search_term_string}\"},\"query-input\":{\"@type\":\"PropertyValueSpecification\",\"valueRequired\":true,\"valueName\":\"search_term_string\"}}],\"inLanguage\":\"nl-NL\"},{\"@type\":\"Organization\",\"@id\":\"https:\/\/www.champmarket.com\/#organization\",\"name\":\"Champmarket\",\"url\":\"https:\/\/www.champmarket.com\/\",\"logo\":{\"@type\":\"ImageObject\",\"inLanguage\":\"nl-NL\",\"@id\":\"https:\/\/www.champmarket.com\/#\/schema\/logo\/image\/\",\"url\":\"https:\/\/www.champmarket.com\/wp-content\/uploads\/2024\/08\/logo2024-1.svg\",\"contentUrl\":\"https:\/\/www.champmarket.com\/wp-content\/uploads\/2024\/08\/logo2024-1.svg\",\"width\":579.8,\"height\":80,\"caption\":\"Champmarket\"},\"image\":{\"@id\":\"https:\/\/www.champmarket.com\/#\/schema\/logo\/image\/\"},\"sameAs\":[\"https:\/\/www.facebook.com\/ChampMarket\/\",\"https:\/\/x.com\/champmarket\",\"https:\/\/www.instagram.com\/champmarket.paris\/\",\"https:\/\/www.pinterest.fr\/champmarketparis\/\",\"https:\/\/www.linkedin.com\/company\/champmarket\/\"]}]}<\/script>\n<!-- \/ Yoast SEO plugin. -->","yoast_head_json":{"title":"Veuve Clicquot Vintage Ros\u00e9 2012 Fles met koffer - Champmarket","description":"Veuve Clicquot Vintage Ros\u00e9 2012 met koffer is de uitdrukking van een wonderbaarlijke oogst. Ook al was de hoeveelheid kleiner door de schade, de kwaliteit was optimaal, wat een goede rijping van de wijnen belooft.","robots":{"index":"index","follow":"follow","max-snippet":"max-snippet:-1","max-image-preview":"max-image-preview:large","max-video-preview":"max-video-preview:-1"},"canonical":"https:\/\/www.champmarket.com\/nl\/champagne\/veuve-clicquot-vintage-rose-2012-fles-koffer\/","og_locale":"nl_NL","og_type":"article","og_title":"Veuve Clicquot Vintage Ros\u00e9 2012 Fles met koffer - Champmarket","og_description":"Veuve Clicquot Vintage Ros\u00e9 2012 met koffer is de uitdrukking van een wonderbaarlijke oogst. Ook al was de hoeveelheid kleiner door de schade, de kwaliteit was optimaal, wat een goede rijping van de wijnen belooft.","og_url":"https:\/\/www.champmarket.com\/nl\/champagne\/veuve-clicquot-vintage-rose-2012-fles-koffer\/","og_site_name":"Champmarket","article_publisher":"https:\/\/www.facebook.com\/ChampMarket\/","article_modified_time":"2023-04-14T08:12:54+00:00","og_image":[{"width":2000,"height":2000,"url":"https:\/\/www.champmarket.com\/wp-content\/uploads\/2022\/04\/moet-et-chandon-grand-vintage-rose-2012-bouteille-coffret.webp","type":"image\/jpeg"}],"twitter_card":"summary_large_image","twitter_site":"@champmarket","twitter_misc":{"Geschatte leestijd":"1 minuut"},"schema":{"@context":"https:\/\/schema.org","@graph":[{"@type":"WebPage","@id":"https:\/\/www.champmarket.com\/nl\/champagne\/veuve-clicquot-vintage-rose-2012-fles-koffer\/","url":"https:\/\/www.champmarket.com\/nl\/champagne\/veuve-clicquot-vintage-rose-2012-fles-koffer\/","name":"Veuve Clicquot Vintage Ros\u00e9 2012 Fles met koffer - Champmarket","isPartOf":{"@id":"https:\/\/www.champmarket.com\/#website"},"primaryImageOfPage":{"@id":"https:\/\/www.champmarket.com\/nl\/champagne\/veuve-clicquot-vintage-rose-2012-fles-koffer\/#primaryimage"},"image":{"@id":"https:\/\/www.champmarket.com\/nl\/champagne\/veuve-clicquot-vintage-rose-2012-fles-koffer\/#primaryimage"},"thumbnailUrl":"https:\/\/www.champmarket.com\/wp-content\/uploads\/2022\/04\/moet-et-chandon-grand-vintage-rose-2012-bouteille-coffret.webp","datePublished":"2022-04-01T12:31:32+00:00","dateModified":"2023-04-14T08:12:54+00:00","description":"Veuve Clicquot Vintage Ros\u00e9 2012 met koffer is de uitdrukking van een wonderbaarlijke oogst. Ook al was de hoeveelheid kleiner door de schade, de kwaliteit was optimaal, wat een goede rijping van de wijnen belooft.","breadcrumb":{"@id":"https:\/\/www.champmarket.com\/nl\/champagne\/veuve-clicquot-vintage-rose-2012-fles-koffer\/#breadcrumb"},"inLanguage":"nl-NL","potentialAction":[{"@type":"ReadAction","target":["https:\/\/www.champmarket.com\/nl\/champagne\/veuve-clicquot-vintage-rose-2012-fles-koffer\/"]}]},{"@type":"ImageObject","inLanguage":"nl-NL","@id":"https:\/\/www.champmarket.com\/nl\/champagne\/veuve-clicquot-vintage-rose-2012-fles-koffer\/#primaryimage","url":"https:\/\/www.champmarket.com\/wp-content\/uploads\/2022\/04\/moet-et-chandon-grand-vintage-rose-2012-bouteille-coffret.webp","contentUrl":"https:\/\/www.champmarket.com\/wp-content\/uploads\/2022\/04\/moet-et-chandon-grand-vintage-rose-2012-bouteille-coffret.webp","width":2000,"height":2000},{"@type":"BreadcrumbList","@id":"https:\/\/www.champmarket.com\/nl\/champagne\/veuve-clicquot-vintage-rose-2012-fles-koffer\/#breadcrumb","itemListElement":[{"@type":"ListItem","position":1,"name":"Accueil","item":"https:\/\/www.champmarket.com\/nl\/"},{"@type":"ListItem","position":2,"name":"Winkel","item":"https:\/\/www.champmarket.com\/nl\/boutique\/"},{"@type":"ListItem","position":3,"name":"Veuve Clicquot","item":"https:\/\/www.champmarket.com\/nl\/maisons\/selectie-champagne-veuve-clicquot-nl\/"},{"@type":"ListItem","position":4,"name":"Veuve Clicquot Vintage Ros\u00e9 2012 Fles met koffer"}]},{"@type":"WebSite","@id":"https:\/\/www.champmarket.com\/#website","url":"https:\/\/www.champmarket.com\/","name":"Champmarket","description":"Champmarket, Champagnes, Cadeaus en Levenskunst","publisher":{"@id":"https:\/\/www.champmarket.com\/#organization"},"potentialAction":[{"@type":"SearchAction","target":{"@type":"EntryPoint","urlTemplate":"https:\/\/www.champmarket.com\/?s={search_term_string}"},"query-input":{"@type":"PropertyValueSpecification","valueRequired":true,"valueName":"search_term_string"}}],"inLanguage":"nl-NL"},{"@type":"Organization","@id":"https:\/\/www.champmarket.com\/#organization","name":"Champmarket","url":"https:\/\/www.champmarket.com\/","logo":{"@type":"ImageObject","inLanguage":"nl-NL","@id":"https:\/\/www.champmarket.com\/#\/schema\/logo\/image\/","url":"https:\/\/www.champmarket.com\/wp-content\/uploads\/2024\/08\/logo2024-1.svg","contentUrl":"https:\/\/www.champmarket.com\/wp-content\/uploads\/2024\/08\/logo2024-1.svg","width":579.8,"height":80,"caption":"Champmarket"},"image":{"@id":"https:\/\/www.champmarket.com\/#\/schema\/logo\/image\/"},"sameAs":["https:\/\/www.facebook.com\/ChampMarket\/","https:\/\/x.com\/champmarket","https:\/\/www.instagram.com\/champmarket.paris\/","https:\/\/www.pinterest.fr\/champmarketparis\/","https:\/\/www.linkedin.com\/company\/champmarket\/"]}]}},"_links":{"self":[{"href":"https:\/\/www.champmarket.com\/nl\/wp-json\/wp\/v2\/product\/51008","targetHints":{"allow":["GET"]}}],"collection":[{"href":"https:\/\/www.champmarket.com\/nl\/wp-json\/wp\/v2\/product"}],"about":[{"href":"https:\/\/www.champmarket.com\/nl\/wp-json\/wp\/v2\/types\/product"}],"version-history":[{"count":0,"href":"https:\/\/www.champmarket.com\/nl\/wp-json\/wp\/v2\/product\/51008\/revisions"}],"wp:featuredmedia":[{"embeddable":true,"href":"https:\/\/www.champmarket.com\/nl\/wp-json\/wp\/v2\/media\/48802"}],"wp:attachment":[{"href":"https:\/\/www.champmarket.com\/nl\/wp-json\/wp\/v2\/media?parent=51008"}],"wp:term":[{"taxonomy":"product_brand","embeddable":true,"href":"https:\/\/www.champmarket.com\/nl\/wp-json\/wp\/v2\/product_brand?post=51008"},{"taxonomy":"product_cat","embeddable":true,"href":"https:\/\/www.champmarket.com\/nl\/wp-json\/wp\/v2\/product_cat?post=51008"},{"taxonomy":"product_tag","embeddable":true,"href":"https:\/\/www.champmarket.com\/nl\/wp-json\/wp\/v2\/product_tag?post=51008"}],"curies":[{"name":"wp","href":"https:\/\/api.w.org\/{rel}","templated":true}]}}