{"id":51068,"date":"2022-09-29T18:09:05","date_gmt":"2022-09-29T16:09:05","guid":{"rendered":"https:\/\/www.champmarket.com\/champagne\/louis-roederer-brut-nature-rose-2015-van-philippe-starck-fles\/"},"modified":"2023-07-01T00:00:13","modified_gmt":"2023-06-30T22:00:13","slug":"louis-roederer-brut-nature-rose-2015-philippe-starck-fles","status":"publish","type":"product","link":"https:\/\/www.champmarket.com\/nl\/champagne\/louis-roederer-brut-nature-rose-2015-philippe-starck-fles\/","title":{"rendered":"Louis Roederer Brut Nature Ros\u00e9 2015 van Philippe Starck Fles"},"content":{"rendered":"<p>Het verhaal van Brut Nature begon meer dan tien jaar geleden met een gesprek tussen Fr\u00e9d\u00e9ric Rouzaud, Voorzitter en CEO van Champagne Louis Roederer, Jean-Baptiste L\u00e9caillon, Chef de Caves, en de ontwerper Philippe Starck. De levendige en gepassioneerde uitwisseling die nu is uitgegroeid tot een echte vriendschap legde de basis voor deze minimalistische en levendige wijn. Dit vierde opus drukt op zijn beurt en op zijn eigen manier, zowel eigenzinnig als trouw aan de grondbeginselen van Brut Nature, de identiteit van de wijnboer zelf uit, een champagnewijn die zijn authenticiteit en originaliteit ontleent aan een gebaar dat even precies en scherp als vrij en emotioneel is.<\/p>\n<p>Deze cuv\u00e9e is de vrucht van een nieuwe verkenning van het terroir van Cumi\u00e8res, deze naar de zon gekeerde kleiachtige helling die baadt in al zijn licht, en in het bijzonder van drie aaneengesloten percelen &#8211; Les Pierreuses, Les Ch\u00e8vres, Les Clos &#8211; voorheen weidegronden. De koude, kleiachtige bodem, die contrasteert met de krijtachtige bodem van de Champagnestreek, biedt in de warmste jaren een ideale rijpheid en een superieure levendigheid, en vormt een mooi contrast tussen de intensiteit van het fruit en het zoutgehalte dat kenmerkend is voor Brut Nature.<\/p>\n<p>Louis Roederer Brut Nature Ros\u00e9 2015 Philippe Starck is heerlijk verfijnd met zijn delicate zoetheid en de indruk van Umami.<\/p>\n","protected":false},"excerpt":{"rendered":"<p>De Louis Roederer Brut Nature Ros\u00e9 2015 Philippe Starck, het vierde opus van de samenwerking tussen het Champagnehuis en de beroemde ontwerper, heeft een spectaculaire nieuwe jaargang. Continentaal en zonnig, de 2015 vintage biedt explosieve sap, prachtige concentratie en grote diepte, het spelen op de codes van de rijpheid met finesse.<\/p>\n<p><em>&#8220;Brut Nature is een laboratorium waarmee Louis Roederer dit leven, deze biodiversiteit tot het uiterste kan drijven om te zien in hoeverre het veel van onze praktijken kan overnemen.<\/em> Jean-Baptiste L\u00e9caillon, keldermeester Champagne Louis Roederer<\/p>\n<p>&#8221; L<em>e Brut Nature 2015 Ros\u00e9 is een mentaal spel, een unieke zintuiglijke en sentimentele ervaring waarbij je kleur drinkt, je drinkt roze. Teder en intiem, sprankelend en poederig. Het is een zonsondergang champagne. <\/em>&#8220;Philippe Starck<\/p>\n<p>&nbsp;<\/p>\n","protected":false},"featured_media":48967,"template":"","meta":{"_acf_changed":false},"product_brand":[],"product_cat":[3452,3368,3355,3352,3175,3308,3150,3106,3176,3117,3114,3168],"product_tag":[3190,3184,3183,3200,3196],"class_list":{"0":"post-51068","1":"product","2":"type-product","3":"status-publish","4":"has-post-thumbnail","6":"maisons-selectie-champagne-louis-roederer-nl","7":"product_cat-selection-voor-composietdoos-met-6-flessen-vintage","8":"product_cat-brut-nature-nl","9":"product_cat-champagne-en-oesters","10":"product_cat-zomerse-champagnes","11":"product_cat-selectie-voor-samenstelbare-box-6-flessen-579e","12":"product_cat-alle-champagnes-en-boxes","13":"product_cat-louis-roederer-nl","14":"product_cat-flessen","15":"product_cat-tous-les-champagnes-nl","16":"product_cat-rose-champagne","17":"product_cat-champagne-extra-brut-non-dose-zero-dosage-nl","18":"product_cat-repas-nl","19":"product_tag-la-vie-en-rose-nl","20":"product_tag-fruits-de-mer-nl","21":"product_tag-met-sushi","22":"product_tag-vintage-nl","23":"product_tag-repas-champagne-nl","25":"first","26":"instock","27":"taxable","28":"shipping-taxable","29":"purchasable","30":"product-type-simple"},"acf":[],"yoast_head":"<!-- This site is optimized with the Yoast SEO plugin v26.4 - https:\/\/yoast.com\/wordpress\/plugins\/seo\/ -->\n<title>Champagne Louis Roederer Brut Nature Ros\u00e9 2015 van Philippe Starck Fles%sep%Champmarket%<\/title>\n<meta name=\"description\" content=\"De Louis Roederer Brut Nature Ros\u00e9 2015 Philippe Starck, het vierde opus van de samenwerking tussen het Champagnehuis en de beroemde ontwerper, heeft een spectaculaire nieuwe jaargang.\" \/>\n<meta name=\"robots\" content=\"index, follow, max-snippet:-1, max-image-preview:large, max-video-preview:-1\" \/>\n<link rel=\"canonical\" href=\"https:\/\/www.champmarket.com\/nl\/champagne\/louis-roederer-brut-nature-rose-2015-philippe-starck-fles\/\" \/>\n<meta property=\"og:locale\" content=\"nl_NL\" \/>\n<meta property=\"og:type\" content=\"article\" \/>\n<meta property=\"og:title\" content=\"Champagne Louis Roederer Brut Nature Ros\u00e9 2015 van Philippe Starck Fles%sep%Champmarket%\" \/>\n<meta property=\"og:description\" content=\"De Louis Roederer Brut Nature Ros\u00e9 2015 Philippe Starck, het vierde opus van de samenwerking tussen het Champagnehuis en de beroemde ontwerper, heeft een spectaculaire nieuwe jaargang.\" \/>\n<meta property=\"og:url\" content=\"https:\/\/www.champmarket.com\/nl\/champagne\/louis-roederer-brut-nature-rose-2015-philippe-starck-fles\/\" \/>\n<meta property=\"og:site_name\" content=\"Champmarket\" \/>\n<meta property=\"article:publisher\" content=\"https:\/\/www.facebook.com\/ChampMarket\/\" \/>\n<meta property=\"article:modified_time\" content=\"2023-06-30T22:00:13+00:00\" \/>\n<meta property=\"og:image\" content=\"https:\/\/www.champmarket.com\/wp-content\/uploads\/2022\/09\/louis-roederer-brut-nature-rose-2015-philippe-starck-bouteille.webp\" \/>\n\t<meta property=\"og:image:width\" content=\"2000\" \/>\n\t<meta property=\"og:image:height\" content=\"2000\" \/>\n\t<meta property=\"og:image:type\" content=\"image\/jpeg\" \/>\n<meta name=\"twitter:card\" content=\"summary_large_image\" \/>\n<meta name=\"twitter:site\" content=\"@champmarket\" \/>\n<meta name=\"twitter:label1\" content=\"Geschatte leestijd\" \/>\n\t<meta name=\"twitter:data1\" content=\"1 minuut\" \/>\n<script type=\"application\/ld+json\" class=\"yoast-schema-graph\">{\"@context\":\"https:\/\/schema.org\",\"@graph\":[{\"@type\":\"WebPage\",\"@id\":\"https:\/\/www.champmarket.com\/nl\/champagne\/louis-roederer-brut-nature-rose-2015-philippe-starck-fles\/\",\"url\":\"https:\/\/www.champmarket.com\/nl\/champagne\/louis-roederer-brut-nature-rose-2015-philippe-starck-fles\/\",\"name\":\"Champagne Louis Roederer Brut Nature Ros\u00e9 2015 van Philippe Starck Fles%sep%Champmarket%\",\"isPartOf\":{\"@id\":\"https:\/\/www.champmarket.com\/#website\"},\"primaryImageOfPage\":{\"@id\":\"https:\/\/www.champmarket.com\/nl\/champagne\/louis-roederer-brut-nature-rose-2015-philippe-starck-fles\/#primaryimage\"},\"image\":{\"@id\":\"https:\/\/www.champmarket.com\/nl\/champagne\/louis-roederer-brut-nature-rose-2015-philippe-starck-fles\/#primaryimage\"},\"thumbnailUrl\":\"https:\/\/www.champmarket.com\/wp-content\/uploads\/2022\/09\/louis-roederer-brut-nature-rose-2015-philippe-starck-bouteille.webp\",\"datePublished\":\"2022-09-29T16:09:05+00:00\",\"dateModified\":\"2023-06-30T22:00:13+00:00\",\"description\":\"De Louis Roederer Brut Nature Ros\u00e9 2015 Philippe Starck, het vierde opus van de samenwerking tussen het Champagnehuis en de beroemde ontwerper, heeft een spectaculaire nieuwe jaargang.\",\"breadcrumb\":{\"@id\":\"https:\/\/www.champmarket.com\/nl\/champagne\/louis-roederer-brut-nature-rose-2015-philippe-starck-fles\/#breadcrumb\"},\"inLanguage\":\"nl-NL\",\"potentialAction\":[{\"@type\":\"ReadAction\",\"target\":[\"https:\/\/www.champmarket.com\/nl\/champagne\/louis-roederer-brut-nature-rose-2015-philippe-starck-fles\/\"]}]},{\"@type\":\"ImageObject\",\"inLanguage\":\"nl-NL\",\"@id\":\"https:\/\/www.champmarket.com\/nl\/champagne\/louis-roederer-brut-nature-rose-2015-philippe-starck-fles\/#primaryimage\",\"url\":\"https:\/\/www.champmarket.com\/wp-content\/uploads\/2022\/09\/louis-roederer-brut-nature-rose-2015-philippe-starck-bouteille.webp\",\"contentUrl\":\"https:\/\/www.champmarket.com\/wp-content\/uploads\/2022\/09\/louis-roederer-brut-nature-rose-2015-philippe-starck-bouteille.webp\",\"width\":2000,\"height\":2000},{\"@type\":\"BreadcrumbList\",\"@id\":\"https:\/\/www.champmarket.com\/nl\/champagne\/louis-roederer-brut-nature-rose-2015-philippe-starck-fles\/#breadcrumb\",\"itemListElement\":[{\"@type\":\"ListItem\",\"position\":1,\"name\":\"Accueil\",\"item\":\"https:\/\/www.champmarket.com\/nl\/\"},{\"@type\":\"ListItem\",\"position\":2,\"name\":\"Winkel\",\"item\":\"https:\/\/www.champmarket.com\/nl\/boutique\/\"},{\"@type\":\"ListItem\",\"position\":3,\"name\":\"Louis Roederer\",\"item\":\"https:\/\/www.champmarket.com\/nl\/maisons\/selectie-champagne-louis-roederer-nl\/\"},{\"@type\":\"ListItem\",\"position\":4,\"name\":\"Louis Roederer Brut Nature Ros\u00e9 2015 van Philippe Starck Fles\"}]},{\"@type\":\"WebSite\",\"@id\":\"https:\/\/www.champmarket.com\/#website\",\"url\":\"https:\/\/www.champmarket.com\/\",\"name\":\"Champmarket\",\"description\":\"Champmarket, Champagnes, Cadeaus en Levenskunst\",\"publisher\":{\"@id\":\"https:\/\/www.champmarket.com\/#organization\"},\"potentialAction\":[{\"@type\":\"SearchAction\",\"target\":{\"@type\":\"EntryPoint\",\"urlTemplate\":\"https:\/\/www.champmarket.com\/?s={search_term_string}\"},\"query-input\":{\"@type\":\"PropertyValueSpecification\",\"valueRequired\":true,\"valueName\":\"search_term_string\"}}],\"inLanguage\":\"nl-NL\"},{\"@type\":\"Organization\",\"@id\":\"https:\/\/www.champmarket.com\/#organization\",\"name\":\"Champmarket\",\"url\":\"https:\/\/www.champmarket.com\/\",\"logo\":{\"@type\":\"ImageObject\",\"inLanguage\":\"nl-NL\",\"@id\":\"https:\/\/www.champmarket.com\/#\/schema\/logo\/image\/\",\"url\":\"https:\/\/www.champmarket.com\/wp-content\/uploads\/2024\/08\/logo2024-1.svg\",\"contentUrl\":\"https:\/\/www.champmarket.com\/wp-content\/uploads\/2024\/08\/logo2024-1.svg\",\"width\":579.8,\"height\":80,\"caption\":\"Champmarket\"},\"image\":{\"@id\":\"https:\/\/www.champmarket.com\/#\/schema\/logo\/image\/\"},\"sameAs\":[\"https:\/\/www.facebook.com\/ChampMarket\/\",\"https:\/\/x.com\/champmarket\",\"https:\/\/www.instagram.com\/champmarket.paris\/\",\"https:\/\/www.pinterest.fr\/champmarketparis\/\",\"https:\/\/www.linkedin.com\/company\/champmarket\/\"]}]}<\/script>\n<!-- \/ Yoast SEO plugin. -->","yoast_head_json":{"title":"Champagne Louis Roederer Brut Nature Ros\u00e9 2015 van Philippe Starck Fles%sep%Champmarket%","description":"De Louis Roederer Brut Nature Ros\u00e9 2015 Philippe Starck, het vierde opus van de samenwerking tussen het Champagnehuis en de beroemde ontwerper, heeft een spectaculaire nieuwe jaargang.","robots":{"index":"index","follow":"follow","max-snippet":"max-snippet:-1","max-image-preview":"max-image-preview:large","max-video-preview":"max-video-preview:-1"},"canonical":"https:\/\/www.champmarket.com\/nl\/champagne\/louis-roederer-brut-nature-rose-2015-philippe-starck-fles\/","og_locale":"nl_NL","og_type":"article","og_title":"Champagne Louis Roederer Brut Nature Ros\u00e9 2015 van Philippe Starck Fles%sep%Champmarket%","og_description":"De Louis Roederer Brut Nature Ros\u00e9 2015 Philippe Starck, het vierde opus van de samenwerking tussen het Champagnehuis en de beroemde ontwerper, heeft een spectaculaire nieuwe jaargang.","og_url":"https:\/\/www.champmarket.com\/nl\/champagne\/louis-roederer-brut-nature-rose-2015-philippe-starck-fles\/","og_site_name":"Champmarket","article_publisher":"https:\/\/www.facebook.com\/ChampMarket\/","article_modified_time":"2023-06-30T22:00:13+00:00","og_image":[{"width":2000,"height":2000,"url":"https:\/\/www.champmarket.com\/wp-content\/uploads\/2022\/09\/louis-roederer-brut-nature-rose-2015-philippe-starck-bouteille.webp","type":"image\/jpeg"}],"twitter_card":"summary_large_image","twitter_site":"@champmarket","twitter_misc":{"Geschatte leestijd":"1 minuut"},"schema":{"@context":"https:\/\/schema.org","@graph":[{"@type":"WebPage","@id":"https:\/\/www.champmarket.com\/nl\/champagne\/louis-roederer-brut-nature-rose-2015-philippe-starck-fles\/","url":"https:\/\/www.champmarket.com\/nl\/champagne\/louis-roederer-brut-nature-rose-2015-philippe-starck-fles\/","name":"Champagne Louis Roederer Brut Nature Ros\u00e9 2015 van Philippe Starck Fles%sep%Champmarket%","isPartOf":{"@id":"https:\/\/www.champmarket.com\/#website"},"primaryImageOfPage":{"@id":"https:\/\/www.champmarket.com\/nl\/champagne\/louis-roederer-brut-nature-rose-2015-philippe-starck-fles\/#primaryimage"},"image":{"@id":"https:\/\/www.champmarket.com\/nl\/champagne\/louis-roederer-brut-nature-rose-2015-philippe-starck-fles\/#primaryimage"},"thumbnailUrl":"https:\/\/www.champmarket.com\/wp-content\/uploads\/2022\/09\/louis-roederer-brut-nature-rose-2015-philippe-starck-bouteille.webp","datePublished":"2022-09-29T16:09:05+00:00","dateModified":"2023-06-30T22:00:13+00:00","description":"De Louis Roederer Brut Nature Ros\u00e9 2015 Philippe Starck, het vierde opus van de samenwerking tussen het Champagnehuis en de beroemde ontwerper, heeft een spectaculaire nieuwe jaargang.","breadcrumb":{"@id":"https:\/\/www.champmarket.com\/nl\/champagne\/louis-roederer-brut-nature-rose-2015-philippe-starck-fles\/#breadcrumb"},"inLanguage":"nl-NL","potentialAction":[{"@type":"ReadAction","target":["https:\/\/www.champmarket.com\/nl\/champagne\/louis-roederer-brut-nature-rose-2015-philippe-starck-fles\/"]}]},{"@type":"ImageObject","inLanguage":"nl-NL","@id":"https:\/\/www.champmarket.com\/nl\/champagne\/louis-roederer-brut-nature-rose-2015-philippe-starck-fles\/#primaryimage","url":"https:\/\/www.champmarket.com\/wp-content\/uploads\/2022\/09\/louis-roederer-brut-nature-rose-2015-philippe-starck-bouteille.webp","contentUrl":"https:\/\/www.champmarket.com\/wp-content\/uploads\/2022\/09\/louis-roederer-brut-nature-rose-2015-philippe-starck-bouteille.webp","width":2000,"height":2000},{"@type":"BreadcrumbList","@id":"https:\/\/www.champmarket.com\/nl\/champagne\/louis-roederer-brut-nature-rose-2015-philippe-starck-fles\/#breadcrumb","itemListElement":[{"@type":"ListItem","position":1,"name":"Accueil","item":"https:\/\/www.champmarket.com\/nl\/"},{"@type":"ListItem","position":2,"name":"Winkel","item":"https:\/\/www.champmarket.com\/nl\/boutique\/"},{"@type":"ListItem","position":3,"name":"Louis Roederer","item":"https:\/\/www.champmarket.com\/nl\/maisons\/selectie-champagne-louis-roederer-nl\/"},{"@type":"ListItem","position":4,"name":"Louis Roederer Brut Nature Ros\u00e9 2015 van Philippe Starck Fles"}]},{"@type":"WebSite","@id":"https:\/\/www.champmarket.com\/#website","url":"https:\/\/www.champmarket.com\/","name":"Champmarket","description":"Champmarket, Champagnes, Cadeaus en Levenskunst","publisher":{"@id":"https:\/\/www.champmarket.com\/#organization"},"potentialAction":[{"@type":"SearchAction","target":{"@type":"EntryPoint","urlTemplate":"https:\/\/www.champmarket.com\/?s={search_term_string}"},"query-input":{"@type":"PropertyValueSpecification","valueRequired":true,"valueName":"search_term_string"}}],"inLanguage":"nl-NL"},{"@type":"Organization","@id":"https:\/\/www.champmarket.com\/#organization","name":"Champmarket","url":"https:\/\/www.champmarket.com\/","logo":{"@type":"ImageObject","inLanguage":"nl-NL","@id":"https:\/\/www.champmarket.com\/#\/schema\/logo\/image\/","url":"https:\/\/www.champmarket.com\/wp-content\/uploads\/2024\/08\/logo2024-1.svg","contentUrl":"https:\/\/www.champmarket.com\/wp-content\/uploads\/2024\/08\/logo2024-1.svg","width":579.8,"height":80,"caption":"Champmarket"},"image":{"@id":"https:\/\/www.champmarket.com\/#\/schema\/logo\/image\/"},"sameAs":["https:\/\/www.facebook.com\/ChampMarket\/","https:\/\/x.com\/champmarket","https:\/\/www.instagram.com\/champmarket.paris\/","https:\/\/www.pinterest.fr\/champmarketparis\/","https:\/\/www.linkedin.com\/company\/champmarket\/"]}]}},"_links":{"self":[{"href":"https:\/\/www.champmarket.com\/nl\/wp-json\/wp\/v2\/product\/51068","targetHints":{"allow":["GET"]}}],"collection":[{"href":"https:\/\/www.champmarket.com\/nl\/wp-json\/wp\/v2\/product"}],"about":[{"href":"https:\/\/www.champmarket.com\/nl\/wp-json\/wp\/v2\/types\/product"}],"version-history":[{"count":0,"href":"https:\/\/www.champmarket.com\/nl\/wp-json\/wp\/v2\/product\/51068\/revisions"}],"wp:featuredmedia":[{"embeddable":true,"href":"https:\/\/www.champmarket.com\/nl\/wp-json\/wp\/v2\/media\/48967"}],"wp:attachment":[{"href":"https:\/\/www.champmarket.com\/nl\/wp-json\/wp\/v2\/media?parent=51068"}],"wp:term":[{"taxonomy":"product_brand","embeddable":true,"href":"https:\/\/www.champmarket.com\/nl\/wp-json\/wp\/v2\/product_brand?post=51068"},{"taxonomy":"product_cat","embeddable":true,"href":"https:\/\/www.champmarket.com\/nl\/wp-json\/wp\/v2\/product_cat?post=51068"},{"taxonomy":"product_tag","embeddable":true,"href":"https:\/\/www.champmarket.com\/nl\/wp-json\/wp\/v2\/product_tag?post=51068"}],"curies":[{"name":"wp","href":"https:\/\/api.w.org\/{rel}","templated":true}]}}