{"id":51236,"date":"2021-02-18T16:08:00","date_gmt":"2021-02-18T15:08:00","guid":{"rendered":"https:\/\/www.champmarket.com\/champagne\/moet-chandon-mini-moet-imperial-kwartfles\/"},"modified":"2023-04-14T16:05:22","modified_gmt":"2023-04-14T14:05:22","slug":"moet-chandon-mini-moet-imperial-kwartfles","status":"publish","type":"product","link":"https:\/\/www.champmarket.com\/nl\/champagne\/moet-chandon-mini-moet-imperial-kwartfles\/","title":{"rendered":"Mo\u00ebt &#038; Chandon Mini Mo\u00ebt Imp\u00e9rial Kwartfles"},"content":{"rendered":"<p>Sinds 1869 is Mo\u00ebt Imp\u00e9rial de meest volmaakte en universele uitdrukking van Mo\u00ebt &amp; Chandon. Mo\u00ebt Imp\u00e9rial is levendig en gul en onderscheidt zich door zijn heldere fruitigheid, zijn hartige smaak en zijn elegante rijpheid, die voortdurend verleiden en verrukken. Hij onderscheidt zich ook door een elegante gouden kleur en tonen van peer en witte perzik, aangevuld met bloemige, brioche en frisse nootachtige tonen.<\/p>\n<p>Het kwartflesformaat (20 cl) is ideaal voor uw geschenken, uw kleine attenties of uw bevoorrechte momenten.<\/p>\n","protected":false},"excerpt":{"rendered":"<p>Mo\u00ebt Imp\u00e9rial, een emblematische cuvee van het Champagnehuis Mo\u00ebt &amp; Chandon, is nu verkrijgbaar in een nieuw formaat van 20 cl, de Mini Mo\u00ebt. Een nieuwe proefervaring die resoluut modern, chic en spontaan is.<\/p>\n","protected":false},"featured_media":48588,"template":"","meta":{"_acf_changed":false},"product_brand":[],"product_cat":[3308,3151,3165,3167,3176,3112,3169,3171],"product_tag":[3193,3198],"class_list":{"0":"post-51236","1":"product","2":"type-product","3":"status-publish","4":"has-post-thumbnail","6":"maisons-selectie-champagne-moet-chandon-nl","7":"product_cat-alle-champagnes-en-boxes","8":"product_cat-moet-chandon-nl","9":"product_cat-kleine-flessen","10":"product_cat-kwartflessen","11":"product_cat-tous-les-champagnes-nl","12":"product_cat-brut-champagne","13":"product_cat-aperitief","14":"product_cat-voor-een-prive-of-professioneel-evenement-een-cocktail","15":"product_tag-petit-flacon-nl","16":"product_tag-cocktail-event-nl","18":"first","19":"instock","20":"taxable","21":"shipping-taxable","22":"purchasable","23":"product-type-simple"},"acf":[],"yoast_head":"<!-- This site is optimized with the Yoast SEO plugin v26.4 - https:\/\/yoast.com\/wordpress\/plugins\/seo\/ -->\n<title>Mo\u00ebt &amp; Chandon Mini Mo\u00ebt Imp\u00e9rial Kwartfles - Champmarket<\/title>\n<meta name=\"description\" content=\"Mo\u00ebt Imp\u00e9rial, een emblematische cuvee van het Champagnehuis Mo\u00ebt &amp; Chandon, is nu verkrijgbaar in een nieuw formaat van 20 cl, de Mini Mo\u00ebt.\" \/>\n<meta name=\"robots\" content=\"index, follow, max-snippet:-1, max-image-preview:large, max-video-preview:-1\" \/>\n<link rel=\"canonical\" href=\"https:\/\/www.champmarket.com\/nl\/champagne\/moet-chandon-mini-moet-imperial-kwartfles\/\" \/>\n<meta property=\"og:locale\" content=\"nl_NL\" \/>\n<meta property=\"og:type\" content=\"article\" \/>\n<meta property=\"og:title\" content=\"Mo\u00ebt &amp; Chandon Mini Mo\u00ebt Imp\u00e9rial Kwartfles - Champmarket\" \/>\n<meta property=\"og:description\" content=\"Mo\u00ebt Imp\u00e9rial, een emblematische cuvee van het Champagnehuis Mo\u00ebt &amp; Chandon, is nu verkrijgbaar in een nieuw formaat van 20 cl, de Mini Mo\u00ebt.\" \/>\n<meta property=\"og:url\" content=\"https:\/\/www.champmarket.com\/nl\/champagne\/moet-chandon-mini-moet-imperial-kwartfles\/\" \/>\n<meta property=\"og:site_name\" content=\"Champmarket\" \/>\n<meta property=\"article:publisher\" content=\"https:\/\/www.facebook.com\/ChampMarket\/\" \/>\n<meta property=\"article:modified_time\" content=\"2023-04-14T14:05:22+00:00\" \/>\n<meta property=\"og:image\" content=\"https:\/\/www.champmarket.com\/wp-content\/uploads\/2021\/02\/moet-chandon-brut-imperial-mini-moet-quart-de-bouteille.webp\" \/>\n\t<meta property=\"og:image:width\" content=\"2000\" \/>\n\t<meta property=\"og:image:height\" content=\"2000\" \/>\n\t<meta property=\"og:image:type\" content=\"image\/jpeg\" \/>\n<meta name=\"twitter:card\" content=\"summary_large_image\" \/>\n<meta name=\"twitter:site\" content=\"@champmarket\" \/>\n<meta name=\"twitter:label1\" content=\"Geschatte leestijd\" \/>\n\t<meta name=\"twitter:data1\" content=\"1 minuut\" \/>\n<script type=\"application\/ld+json\" class=\"yoast-schema-graph\">{\"@context\":\"https:\/\/schema.org\",\"@graph\":[{\"@type\":\"WebPage\",\"@id\":\"https:\/\/www.champmarket.com\/nl\/champagne\/moet-chandon-mini-moet-imperial-kwartfles\/\",\"url\":\"https:\/\/www.champmarket.com\/nl\/champagne\/moet-chandon-mini-moet-imperial-kwartfles\/\",\"name\":\"Mo\u00ebt & Chandon Mini Mo\u00ebt Imp\u00e9rial Kwartfles - Champmarket\",\"isPartOf\":{\"@id\":\"https:\/\/www.champmarket.com\/#website\"},\"primaryImageOfPage\":{\"@id\":\"https:\/\/www.champmarket.com\/nl\/champagne\/moet-chandon-mini-moet-imperial-kwartfles\/#primaryimage\"},\"image\":{\"@id\":\"https:\/\/www.champmarket.com\/nl\/champagne\/moet-chandon-mini-moet-imperial-kwartfles\/#primaryimage\"},\"thumbnailUrl\":\"https:\/\/www.champmarket.com\/wp-content\/uploads\/2021\/02\/moet-chandon-brut-imperial-mini-moet-quart-de-bouteille.webp\",\"datePublished\":\"2021-02-18T15:08:00+00:00\",\"dateModified\":\"2023-04-14T14:05:22+00:00\",\"description\":\"Mo\u00ebt Imp\u00e9rial, een emblematische cuvee van het Champagnehuis Mo\u00ebt & Chandon, is nu verkrijgbaar in een nieuw formaat van 20 cl, de Mini Mo\u00ebt.\",\"breadcrumb\":{\"@id\":\"https:\/\/www.champmarket.com\/nl\/champagne\/moet-chandon-mini-moet-imperial-kwartfles\/#breadcrumb\"},\"inLanguage\":\"nl-NL\",\"potentialAction\":[{\"@type\":\"ReadAction\",\"target\":[\"https:\/\/www.champmarket.com\/nl\/champagne\/moet-chandon-mini-moet-imperial-kwartfles\/\"]}]},{\"@type\":\"ImageObject\",\"inLanguage\":\"nl-NL\",\"@id\":\"https:\/\/www.champmarket.com\/nl\/champagne\/moet-chandon-mini-moet-imperial-kwartfles\/#primaryimage\",\"url\":\"https:\/\/www.champmarket.com\/wp-content\/uploads\/2021\/02\/moet-chandon-brut-imperial-mini-moet-quart-de-bouteille.webp\",\"contentUrl\":\"https:\/\/www.champmarket.com\/wp-content\/uploads\/2021\/02\/moet-chandon-brut-imperial-mini-moet-quart-de-bouteille.webp\",\"width\":2000,\"height\":2000},{\"@type\":\"BreadcrumbList\",\"@id\":\"https:\/\/www.champmarket.com\/nl\/champagne\/moet-chandon-mini-moet-imperial-kwartfles\/#breadcrumb\",\"itemListElement\":[{\"@type\":\"ListItem\",\"position\":1,\"name\":\"Accueil\",\"item\":\"https:\/\/www.champmarket.com\/nl\/\"},{\"@type\":\"ListItem\",\"position\":2,\"name\":\"Winkel\",\"item\":\"https:\/\/www.champmarket.com\/nl\/boutique\/\"},{\"@type\":\"ListItem\",\"position\":3,\"name\":\"Mo\u00ebt &amp; Chandon\",\"item\":\"https:\/\/www.champmarket.com\/nl\/maisons\/selectie-champagne-moet-chandon-nl\/\"},{\"@type\":\"ListItem\",\"position\":4,\"name\":\"Mo\u00ebt &#038; Chandon Mini Mo\u00ebt Imp\u00e9rial Kwartfles\"}]},{\"@type\":\"WebSite\",\"@id\":\"https:\/\/www.champmarket.com\/#website\",\"url\":\"https:\/\/www.champmarket.com\/\",\"name\":\"Champmarket\",\"description\":\"Champmarket, Champagnes, Cadeaus en Levenskunst\",\"publisher\":{\"@id\":\"https:\/\/www.champmarket.com\/#organization\"},\"potentialAction\":[{\"@type\":\"SearchAction\",\"target\":{\"@type\":\"EntryPoint\",\"urlTemplate\":\"https:\/\/www.champmarket.com\/?s={search_term_string}\"},\"query-input\":{\"@type\":\"PropertyValueSpecification\",\"valueRequired\":true,\"valueName\":\"search_term_string\"}}],\"inLanguage\":\"nl-NL\"},{\"@type\":\"Organization\",\"@id\":\"https:\/\/www.champmarket.com\/#organization\",\"name\":\"Champmarket\",\"url\":\"https:\/\/www.champmarket.com\/\",\"logo\":{\"@type\":\"ImageObject\",\"inLanguage\":\"nl-NL\",\"@id\":\"https:\/\/www.champmarket.com\/#\/schema\/logo\/image\/\",\"url\":\"https:\/\/www.champmarket.com\/wp-content\/uploads\/2024\/08\/logo2024-1.svg\",\"contentUrl\":\"https:\/\/www.champmarket.com\/wp-content\/uploads\/2024\/08\/logo2024-1.svg\",\"width\":579.8,\"height\":80,\"caption\":\"Champmarket\"},\"image\":{\"@id\":\"https:\/\/www.champmarket.com\/#\/schema\/logo\/image\/\"},\"sameAs\":[\"https:\/\/www.facebook.com\/ChampMarket\/\",\"https:\/\/x.com\/champmarket\",\"https:\/\/www.instagram.com\/champmarket.paris\/\",\"https:\/\/www.pinterest.fr\/champmarketparis\/\",\"https:\/\/www.linkedin.com\/company\/champmarket\/\"]}]}<\/script>\n<!-- \/ Yoast SEO plugin. -->","yoast_head_json":{"title":"Mo\u00ebt & Chandon Mini Mo\u00ebt Imp\u00e9rial Kwartfles - Champmarket","description":"Mo\u00ebt Imp\u00e9rial, een emblematische cuvee van het Champagnehuis Mo\u00ebt & Chandon, is nu verkrijgbaar in een nieuw formaat van 20 cl, de Mini Mo\u00ebt.","robots":{"index":"index","follow":"follow","max-snippet":"max-snippet:-1","max-image-preview":"max-image-preview:large","max-video-preview":"max-video-preview:-1"},"canonical":"https:\/\/www.champmarket.com\/nl\/champagne\/moet-chandon-mini-moet-imperial-kwartfles\/","og_locale":"nl_NL","og_type":"article","og_title":"Mo\u00ebt & Chandon Mini Mo\u00ebt Imp\u00e9rial Kwartfles - Champmarket","og_description":"Mo\u00ebt Imp\u00e9rial, een emblematische cuvee van het Champagnehuis Mo\u00ebt & Chandon, is nu verkrijgbaar in een nieuw formaat van 20 cl, de Mini Mo\u00ebt.","og_url":"https:\/\/www.champmarket.com\/nl\/champagne\/moet-chandon-mini-moet-imperial-kwartfles\/","og_site_name":"Champmarket","article_publisher":"https:\/\/www.facebook.com\/ChampMarket\/","article_modified_time":"2023-04-14T14:05:22+00:00","og_image":[{"width":2000,"height":2000,"url":"https:\/\/www.champmarket.com\/wp-content\/uploads\/2021\/02\/moet-chandon-brut-imperial-mini-moet-quart-de-bouteille.webp","type":"image\/jpeg"}],"twitter_card":"summary_large_image","twitter_site":"@champmarket","twitter_misc":{"Geschatte leestijd":"1 minuut"},"schema":{"@context":"https:\/\/schema.org","@graph":[{"@type":"WebPage","@id":"https:\/\/www.champmarket.com\/nl\/champagne\/moet-chandon-mini-moet-imperial-kwartfles\/","url":"https:\/\/www.champmarket.com\/nl\/champagne\/moet-chandon-mini-moet-imperial-kwartfles\/","name":"Mo\u00ebt & Chandon Mini Mo\u00ebt Imp\u00e9rial Kwartfles - Champmarket","isPartOf":{"@id":"https:\/\/www.champmarket.com\/#website"},"primaryImageOfPage":{"@id":"https:\/\/www.champmarket.com\/nl\/champagne\/moet-chandon-mini-moet-imperial-kwartfles\/#primaryimage"},"image":{"@id":"https:\/\/www.champmarket.com\/nl\/champagne\/moet-chandon-mini-moet-imperial-kwartfles\/#primaryimage"},"thumbnailUrl":"https:\/\/www.champmarket.com\/wp-content\/uploads\/2021\/02\/moet-chandon-brut-imperial-mini-moet-quart-de-bouteille.webp","datePublished":"2021-02-18T15:08:00+00:00","dateModified":"2023-04-14T14:05:22+00:00","description":"Mo\u00ebt Imp\u00e9rial, een emblematische cuvee van het Champagnehuis Mo\u00ebt & Chandon, is nu verkrijgbaar in een nieuw formaat van 20 cl, de Mini Mo\u00ebt.","breadcrumb":{"@id":"https:\/\/www.champmarket.com\/nl\/champagne\/moet-chandon-mini-moet-imperial-kwartfles\/#breadcrumb"},"inLanguage":"nl-NL","potentialAction":[{"@type":"ReadAction","target":["https:\/\/www.champmarket.com\/nl\/champagne\/moet-chandon-mini-moet-imperial-kwartfles\/"]}]},{"@type":"ImageObject","inLanguage":"nl-NL","@id":"https:\/\/www.champmarket.com\/nl\/champagne\/moet-chandon-mini-moet-imperial-kwartfles\/#primaryimage","url":"https:\/\/www.champmarket.com\/wp-content\/uploads\/2021\/02\/moet-chandon-brut-imperial-mini-moet-quart-de-bouteille.webp","contentUrl":"https:\/\/www.champmarket.com\/wp-content\/uploads\/2021\/02\/moet-chandon-brut-imperial-mini-moet-quart-de-bouteille.webp","width":2000,"height":2000},{"@type":"BreadcrumbList","@id":"https:\/\/www.champmarket.com\/nl\/champagne\/moet-chandon-mini-moet-imperial-kwartfles\/#breadcrumb","itemListElement":[{"@type":"ListItem","position":1,"name":"Accueil","item":"https:\/\/www.champmarket.com\/nl\/"},{"@type":"ListItem","position":2,"name":"Winkel","item":"https:\/\/www.champmarket.com\/nl\/boutique\/"},{"@type":"ListItem","position":3,"name":"Mo\u00ebt &amp; Chandon","item":"https:\/\/www.champmarket.com\/nl\/maisons\/selectie-champagne-moet-chandon-nl\/"},{"@type":"ListItem","position":4,"name":"Mo\u00ebt &#038; Chandon Mini Mo\u00ebt Imp\u00e9rial Kwartfles"}]},{"@type":"WebSite","@id":"https:\/\/www.champmarket.com\/#website","url":"https:\/\/www.champmarket.com\/","name":"Champmarket","description":"Champmarket, Champagnes, Cadeaus en Levenskunst","publisher":{"@id":"https:\/\/www.champmarket.com\/#organization"},"potentialAction":[{"@type":"SearchAction","target":{"@type":"EntryPoint","urlTemplate":"https:\/\/www.champmarket.com\/?s={search_term_string}"},"query-input":{"@type":"PropertyValueSpecification","valueRequired":true,"valueName":"search_term_string"}}],"inLanguage":"nl-NL"},{"@type":"Organization","@id":"https:\/\/www.champmarket.com\/#organization","name":"Champmarket","url":"https:\/\/www.champmarket.com\/","logo":{"@type":"ImageObject","inLanguage":"nl-NL","@id":"https:\/\/www.champmarket.com\/#\/schema\/logo\/image\/","url":"https:\/\/www.champmarket.com\/wp-content\/uploads\/2024\/08\/logo2024-1.svg","contentUrl":"https:\/\/www.champmarket.com\/wp-content\/uploads\/2024\/08\/logo2024-1.svg","width":579.8,"height":80,"caption":"Champmarket"},"image":{"@id":"https:\/\/www.champmarket.com\/#\/schema\/logo\/image\/"},"sameAs":["https:\/\/www.facebook.com\/ChampMarket\/","https:\/\/x.com\/champmarket","https:\/\/www.instagram.com\/champmarket.paris\/","https:\/\/www.pinterest.fr\/champmarketparis\/","https:\/\/www.linkedin.com\/company\/champmarket\/"]}]}},"_links":{"self":[{"href":"https:\/\/www.champmarket.com\/nl\/wp-json\/wp\/v2\/product\/51236","targetHints":{"allow":["GET"]}}],"collection":[{"href":"https:\/\/www.champmarket.com\/nl\/wp-json\/wp\/v2\/product"}],"about":[{"href":"https:\/\/www.champmarket.com\/nl\/wp-json\/wp\/v2\/types\/product"}],"version-history":[{"count":0,"href":"https:\/\/www.champmarket.com\/nl\/wp-json\/wp\/v2\/product\/51236\/revisions"}],"wp:featuredmedia":[{"embeddable":true,"href":"https:\/\/www.champmarket.com\/nl\/wp-json\/wp\/v2\/media\/48588"}],"wp:attachment":[{"href":"https:\/\/www.champmarket.com\/nl\/wp-json\/wp\/v2\/media?parent=51236"}],"wp:term":[{"taxonomy":"product_brand","embeddable":true,"href":"https:\/\/www.champmarket.com\/nl\/wp-json\/wp\/v2\/product_brand?post=51236"},{"taxonomy":"product_cat","embeddable":true,"href":"https:\/\/www.champmarket.com\/nl\/wp-json\/wp\/v2\/product_cat?post=51236"},{"taxonomy":"product_tag","embeddable":true,"href":"https:\/\/www.champmarket.com\/nl\/wp-json\/wp\/v2\/product_tag?post=51236"}],"curies":[{"name":"wp","href":"https:\/\/api.w.org\/{rel}","templated":true}]}}