{"id":51241,"date":"2021-02-18T16:07:34","date_gmt":"2023-04-05T09:48:15","guid":{"rendered":"https:\/\/www.champmarket.com\/champagne\/moet-chandon-brut-imperial-jeroboam\/"},"modified":"2023-07-01T00:00:15","modified_gmt":"2023-06-30T22:00:15","slug":"moet-chandon-brut-imperial-jeroboam","status":"publish","type":"product","link":"https:\/\/www.champmarket.com\/nl\/champagne\/moet-chandon-brut-imperial-jeroboam\/","title":{"rendered":"Mo\u00ebt &amp; Chandon Brut Imperial Jeroboam"},"content":{"rendered":"<p>Mo\u00ebt Imp\u00e9rial Brut champagne onderscheidt zich door zijn gouden kleur, zijn heldere fruitigheid en zijn hartige smaak, waar tonen van peer en witte perzik worden aangevuld met florale nuances, brioche en verse noten.<\/p>\n<p>Het J\u00e9roboam formaat is een grote fles met een inhoud van 3 liter, wat overeenkomt met 4 flessen champagne of 24 glazen. Dit grote formaat is ideaal voor recepties en speciale gelegenheden.<\/p>\n","protected":false},"excerpt":{"rendered":"<p>Mo\u00ebt &amp; Chandon Brut Imperial Jeroboam is een levendige en gulle champagne die zich onderscheidt door zijn heldere fruitigheid, hartige smaak en elegante rijpheid.<\/p>\n","protected":false},"featured_media":48877,"template":"","meta":{"_acf_changed":false},"product_brand":[],"product_cat":[3467,3308,3151,3129,3131,3176,3112,3169,3171],"product_tag":[3187,3195,3199,3198],"class_list":{"0":"post-51241","1":"product","2":"type-product","3":"status-publish","4":"has-post-thumbnail","6":"maisons-selectie-champagne-moet-chandon-nl","7":"product_cat-selection-grands-flacons","8":"product_cat-alle-champagnes-en-boxes","9":"product_cat-moet-chandon-nl","10":"product_cat-grote-flessen","11":"product_cat-jeroboam-nl","12":"product_cat-tous-les-champagnes-nl","13":"product_cat-brut-champagne","14":"product_cat-aperitief","15":"product_cat-voor-een-prive-of-professioneel-evenement-een-cocktail","16":"product_tag-grand-flacon-nl","17":"product_tag-pour-offrir-nl","18":"product_tag-aperitif-nl","19":"product_tag-cocktail-event-nl","21":"first","22":"instock","23":"sold-individually","24":"taxable","25":"shipping-taxable","26":"purchasable","27":"product-type-simple"},"acf":[],"yoast_head":"<!-- This site is optimized with the Yoast SEO plugin v26.4 - https:\/\/yoast.com\/wordpress\/plugins\/seo\/ -->\n<title>Mo\u00ebt &amp; Chandon Brut Imperial Jeroboam - Champmarket<\/title>\n<meta name=\"description\" content=\"Mo\u00ebt &amp; Chandon Brut Imperial Jeroboam is een levendige en gulle champagne die zich onderscheidt door zijn heldere fruitigheid, hartige smaak en elegante rijpheid.\" \/>\n<meta name=\"robots\" content=\"index, follow, max-snippet:-1, max-image-preview:large, max-video-preview:-1\" \/>\n<link rel=\"canonical\" href=\"https:\/\/www.champmarket.com\/nl\/champagne\/moet-chandon-brut-imperial-jeroboam\/\" \/>\n<meta property=\"og:locale\" content=\"nl_NL\" \/>\n<meta property=\"og:type\" content=\"article\" \/>\n<meta property=\"og:title\" content=\"Mo\u00ebt &amp; Chandon Brut Imperial Jeroboam - Champmarket\" \/>\n<meta property=\"og:description\" content=\"Mo\u00ebt &amp; Chandon Brut Imperial Jeroboam is een levendige en gulle champagne die zich onderscheidt door zijn heldere fruitigheid, hartige smaak en elegante rijpheid.\" \/>\n<meta property=\"og:url\" content=\"https:\/\/www.champmarket.com\/nl\/champagne\/moet-chandon-brut-imperial-jeroboam\/\" \/>\n<meta property=\"og:site_name\" content=\"Champmarket\" \/>\n<meta property=\"article:publisher\" content=\"https:\/\/www.facebook.com\/ChampMarket\/\" \/>\n<meta property=\"article:modified_time\" content=\"2023-06-30T22:00:15+00:00\" \/>\n<meta property=\"og:image\" content=\"https:\/\/www.champmarket.com\/wp-content\/uploads\/2021\/02\/moet-et-chandon-brut-imperial-jeroboam-1.jpg\" \/>\n\t<meta property=\"og:image:width\" content=\"2000\" \/>\n\t<meta property=\"og:image:height\" content=\"2000\" \/>\n\t<meta property=\"og:image:type\" content=\"image\/jpeg\" \/>\n<meta name=\"twitter:card\" content=\"summary_large_image\" \/>\n<meta name=\"twitter:site\" content=\"@champmarket\" \/>\n<script type=\"application\/ld+json\" class=\"yoast-schema-graph\">{\"@context\":\"https:\/\/schema.org\",\"@graph\":[{\"@type\":\"WebPage\",\"@id\":\"https:\/\/www.champmarket.com\/nl\/champagne\/moet-chandon-brut-imperial-jeroboam\/\",\"url\":\"https:\/\/www.champmarket.com\/nl\/champagne\/moet-chandon-brut-imperial-jeroboam\/\",\"name\":\"Mo\u00ebt &amp; Chandon Brut Imperial Jeroboam - Champmarket\",\"isPartOf\":{\"@id\":\"https:\/\/www.champmarket.com\/#website\"},\"primaryImageOfPage\":{\"@id\":\"https:\/\/www.champmarket.com\/nl\/champagne\/moet-chandon-brut-imperial-jeroboam\/#primaryimage\"},\"image\":{\"@id\":\"https:\/\/www.champmarket.com\/nl\/champagne\/moet-chandon-brut-imperial-jeroboam\/#primaryimage\"},\"thumbnailUrl\":\"https:\/\/www.champmarket.com\/wp-content\/uploads\/2021\/02\/moet-et-chandon-brut-imperial-jeroboam-1.jpg\",\"datePublished\":\"2023-04-05T09:48:15+00:00\",\"dateModified\":\"2023-06-30T22:00:15+00:00\",\"description\":\"Mo\u00ebt & Chandon Brut Imperial Jeroboam is een levendige en gulle champagne die zich onderscheidt door zijn heldere fruitigheid, hartige smaak en elegante rijpheid.\",\"breadcrumb\":{\"@id\":\"https:\/\/www.champmarket.com\/nl\/champagne\/moet-chandon-brut-imperial-jeroboam\/#breadcrumb\"},\"inLanguage\":\"nl-NL\",\"potentialAction\":[{\"@type\":\"ReadAction\",\"target\":[\"https:\/\/www.champmarket.com\/nl\/champagne\/moet-chandon-brut-imperial-jeroboam\/\"]}]},{\"@type\":\"ImageObject\",\"inLanguage\":\"nl-NL\",\"@id\":\"https:\/\/www.champmarket.com\/nl\/champagne\/moet-chandon-brut-imperial-jeroboam\/#primaryimage\",\"url\":\"https:\/\/www.champmarket.com\/wp-content\/uploads\/2021\/02\/moet-et-chandon-brut-imperial-jeroboam-1.jpg\",\"contentUrl\":\"https:\/\/www.champmarket.com\/wp-content\/uploads\/2021\/02\/moet-et-chandon-brut-imperial-jeroboam-1.jpg\",\"width\":2000,\"height\":2000},{\"@type\":\"BreadcrumbList\",\"@id\":\"https:\/\/www.champmarket.com\/nl\/champagne\/moet-chandon-brut-imperial-jeroboam\/#breadcrumb\",\"itemListElement\":[{\"@type\":\"ListItem\",\"position\":1,\"name\":\"Accueil\",\"item\":\"https:\/\/www.champmarket.com\/nl\/\"},{\"@type\":\"ListItem\",\"position\":2,\"name\":\"Winkel\",\"item\":\"https:\/\/www.champmarket.com\/nl\/boutique\/\"},{\"@type\":\"ListItem\",\"position\":3,\"name\":\"Mo\u00ebt &amp; Chandon\",\"item\":\"https:\/\/www.champmarket.com\/nl\/maisons\/selectie-champagne-moet-chandon-nl\/\"},{\"@type\":\"ListItem\",\"position\":4,\"name\":\"Mo\u00ebt &amp; Chandon Brut Imperial Jeroboam\"}]},{\"@type\":\"WebSite\",\"@id\":\"https:\/\/www.champmarket.com\/#website\",\"url\":\"https:\/\/www.champmarket.com\/\",\"name\":\"Champmarket\",\"description\":\"Champmarket, Champagnes, Cadeaus en Levenskunst\",\"publisher\":{\"@id\":\"https:\/\/www.champmarket.com\/#organization\"},\"potentialAction\":[{\"@type\":\"SearchAction\",\"target\":{\"@type\":\"EntryPoint\",\"urlTemplate\":\"https:\/\/www.champmarket.com\/?s={search_term_string}\"},\"query-input\":{\"@type\":\"PropertyValueSpecification\",\"valueRequired\":true,\"valueName\":\"search_term_string\"}}],\"inLanguage\":\"nl-NL\"},{\"@type\":\"Organization\",\"@id\":\"https:\/\/www.champmarket.com\/#organization\",\"name\":\"Champmarket\",\"url\":\"https:\/\/www.champmarket.com\/\",\"logo\":{\"@type\":\"ImageObject\",\"inLanguage\":\"nl-NL\",\"@id\":\"https:\/\/www.champmarket.com\/#\/schema\/logo\/image\/\",\"url\":\"https:\/\/www.champmarket.com\/wp-content\/uploads\/2024\/08\/logo2024-1.svg\",\"contentUrl\":\"https:\/\/www.champmarket.com\/wp-content\/uploads\/2024\/08\/logo2024-1.svg\",\"width\":579.8,\"height\":80,\"caption\":\"Champmarket\"},\"image\":{\"@id\":\"https:\/\/www.champmarket.com\/#\/schema\/logo\/image\/\"},\"sameAs\":[\"https:\/\/www.facebook.com\/ChampMarket\/\",\"https:\/\/x.com\/champmarket\",\"https:\/\/www.instagram.com\/champmarket.paris\/\",\"https:\/\/www.pinterest.fr\/champmarketparis\/\",\"https:\/\/www.linkedin.com\/company\/champmarket\/\"]}]}<\/script>\n<!-- \/ Yoast SEO plugin. -->","yoast_head_json":{"title":"Mo\u00ebt &amp; Chandon Brut Imperial Jeroboam - Champmarket","description":"Mo\u00ebt & Chandon Brut Imperial Jeroboam is een levendige en gulle champagne die zich onderscheidt door zijn heldere fruitigheid, hartige smaak en elegante rijpheid.","robots":{"index":"index","follow":"follow","max-snippet":"max-snippet:-1","max-image-preview":"max-image-preview:large","max-video-preview":"max-video-preview:-1"},"canonical":"https:\/\/www.champmarket.com\/nl\/champagne\/moet-chandon-brut-imperial-jeroboam\/","og_locale":"nl_NL","og_type":"article","og_title":"Mo\u00ebt &amp; Chandon Brut Imperial Jeroboam - Champmarket","og_description":"Mo\u00ebt & Chandon Brut Imperial Jeroboam is een levendige en gulle champagne die zich onderscheidt door zijn heldere fruitigheid, hartige smaak en elegante rijpheid.","og_url":"https:\/\/www.champmarket.com\/nl\/champagne\/moet-chandon-brut-imperial-jeroboam\/","og_site_name":"Champmarket","article_publisher":"https:\/\/www.facebook.com\/ChampMarket\/","article_modified_time":"2023-06-30T22:00:15+00:00","og_image":[{"width":2000,"height":2000,"url":"https:\/\/www.champmarket.com\/wp-content\/uploads\/2021\/02\/moet-et-chandon-brut-imperial-jeroboam-1.jpg","type":"image\/jpeg"}],"twitter_card":"summary_large_image","twitter_site":"@champmarket","schema":{"@context":"https:\/\/schema.org","@graph":[{"@type":"WebPage","@id":"https:\/\/www.champmarket.com\/nl\/champagne\/moet-chandon-brut-imperial-jeroboam\/","url":"https:\/\/www.champmarket.com\/nl\/champagne\/moet-chandon-brut-imperial-jeroboam\/","name":"Mo\u00ebt &amp; Chandon Brut Imperial Jeroboam - Champmarket","isPartOf":{"@id":"https:\/\/www.champmarket.com\/#website"},"primaryImageOfPage":{"@id":"https:\/\/www.champmarket.com\/nl\/champagne\/moet-chandon-brut-imperial-jeroboam\/#primaryimage"},"image":{"@id":"https:\/\/www.champmarket.com\/nl\/champagne\/moet-chandon-brut-imperial-jeroboam\/#primaryimage"},"thumbnailUrl":"https:\/\/www.champmarket.com\/wp-content\/uploads\/2021\/02\/moet-et-chandon-brut-imperial-jeroboam-1.jpg","datePublished":"2023-04-05T09:48:15+00:00","dateModified":"2023-06-30T22:00:15+00:00","description":"Mo\u00ebt & Chandon Brut Imperial Jeroboam is een levendige en gulle champagne die zich onderscheidt door zijn heldere fruitigheid, hartige smaak en elegante rijpheid.","breadcrumb":{"@id":"https:\/\/www.champmarket.com\/nl\/champagne\/moet-chandon-brut-imperial-jeroboam\/#breadcrumb"},"inLanguage":"nl-NL","potentialAction":[{"@type":"ReadAction","target":["https:\/\/www.champmarket.com\/nl\/champagne\/moet-chandon-brut-imperial-jeroboam\/"]}]},{"@type":"ImageObject","inLanguage":"nl-NL","@id":"https:\/\/www.champmarket.com\/nl\/champagne\/moet-chandon-brut-imperial-jeroboam\/#primaryimage","url":"https:\/\/www.champmarket.com\/wp-content\/uploads\/2021\/02\/moet-et-chandon-brut-imperial-jeroboam-1.jpg","contentUrl":"https:\/\/www.champmarket.com\/wp-content\/uploads\/2021\/02\/moet-et-chandon-brut-imperial-jeroboam-1.jpg","width":2000,"height":2000},{"@type":"BreadcrumbList","@id":"https:\/\/www.champmarket.com\/nl\/champagne\/moet-chandon-brut-imperial-jeroboam\/#breadcrumb","itemListElement":[{"@type":"ListItem","position":1,"name":"Accueil","item":"https:\/\/www.champmarket.com\/nl\/"},{"@type":"ListItem","position":2,"name":"Winkel","item":"https:\/\/www.champmarket.com\/nl\/boutique\/"},{"@type":"ListItem","position":3,"name":"Mo\u00ebt &amp; Chandon","item":"https:\/\/www.champmarket.com\/nl\/maisons\/selectie-champagne-moet-chandon-nl\/"},{"@type":"ListItem","position":4,"name":"Mo\u00ebt &amp; Chandon Brut Imperial Jeroboam"}]},{"@type":"WebSite","@id":"https:\/\/www.champmarket.com\/#website","url":"https:\/\/www.champmarket.com\/","name":"Champmarket","description":"Champmarket, Champagnes, Cadeaus en Levenskunst","publisher":{"@id":"https:\/\/www.champmarket.com\/#organization"},"potentialAction":[{"@type":"SearchAction","target":{"@type":"EntryPoint","urlTemplate":"https:\/\/www.champmarket.com\/?s={search_term_string}"},"query-input":{"@type":"PropertyValueSpecification","valueRequired":true,"valueName":"search_term_string"}}],"inLanguage":"nl-NL"},{"@type":"Organization","@id":"https:\/\/www.champmarket.com\/#organization","name":"Champmarket","url":"https:\/\/www.champmarket.com\/","logo":{"@type":"ImageObject","inLanguage":"nl-NL","@id":"https:\/\/www.champmarket.com\/#\/schema\/logo\/image\/","url":"https:\/\/www.champmarket.com\/wp-content\/uploads\/2024\/08\/logo2024-1.svg","contentUrl":"https:\/\/www.champmarket.com\/wp-content\/uploads\/2024\/08\/logo2024-1.svg","width":579.8,"height":80,"caption":"Champmarket"},"image":{"@id":"https:\/\/www.champmarket.com\/#\/schema\/logo\/image\/"},"sameAs":["https:\/\/www.facebook.com\/ChampMarket\/","https:\/\/x.com\/champmarket","https:\/\/www.instagram.com\/champmarket.paris\/","https:\/\/www.pinterest.fr\/champmarketparis\/","https:\/\/www.linkedin.com\/company\/champmarket\/"]}]}},"_links":{"self":[{"href":"https:\/\/www.champmarket.com\/nl\/wp-json\/wp\/v2\/product\/51241","targetHints":{"allow":["GET"]}}],"collection":[{"href":"https:\/\/www.champmarket.com\/nl\/wp-json\/wp\/v2\/product"}],"about":[{"href":"https:\/\/www.champmarket.com\/nl\/wp-json\/wp\/v2\/types\/product"}],"version-history":[{"count":0,"href":"https:\/\/www.champmarket.com\/nl\/wp-json\/wp\/v2\/product\/51241\/revisions"}],"wp:featuredmedia":[{"embeddable":true,"href":"https:\/\/www.champmarket.com\/nl\/wp-json\/wp\/v2\/media\/48877"}],"wp:attachment":[{"href":"https:\/\/www.champmarket.com\/nl\/wp-json\/wp\/v2\/media?parent=51241"}],"wp:term":[{"taxonomy":"product_brand","embeddable":true,"href":"https:\/\/www.champmarket.com\/nl\/wp-json\/wp\/v2\/product_brand?post=51241"},{"taxonomy":"product_cat","embeddable":true,"href":"https:\/\/www.champmarket.com\/nl\/wp-json\/wp\/v2\/product_cat?post=51241"},{"taxonomy":"product_tag","embeddable":true,"href":"https:\/\/www.champmarket.com\/nl\/wp-json\/wp\/v2\/product_tag?post=51241"}],"curies":[{"name":"wp","href":"https:\/\/api.w.org\/{rel}","templated":true}]}}