{"id":51251,"date":"2023-04-29T07:00:34","date_gmt":"2023-04-29T05:00:34","guid":{"rendered":"https:\/\/www.champmarket.com\/?post_type=product&#038;p=51251"},"modified":"2023-04-29T10:34:28","modified_gmt":"2023-04-29T08:34:28","slug":"roger-desivry-cuvee-rose-fles-etui","status":"publish","type":"product","link":"https:\/\/www.champmarket.com\/nl\/champagne\/roger-desivry-cuvee-rose-fles-etui\/","title":{"rendered":"Roger Desivry Cuv\u00e9e Ros\u00e9 Fles met etui"},"content":{"rendered":"<p>De Pinots Noirs, zorgvuldig geselecteerd voor de productie van de rode wijnen, zijn afkomstig van oude wijnstokken (gemiddeld 55 jaar). Het zijn deze die, geplukt aan het einde van de oogst, een aroma van rode vruchten en gekonfijte Morello-kersen onthullen in de Roger Desivry Cuv\u00e9e Ros\u00e9.<\/p>\n","protected":false},"excerpt":{"rendered":"<p>De Roger Desivry Cuv\u00e9e Ros\u00e9 wordt op dezelfde manier gemaakt als in 1923 en is een mengeling van de grote rode en grote witte wijnen van de Champagne. Een complexe en gestructureerde wijn, deze champagne is gemaakt voor gastronomische momenten en wijn-spijs combinaties.<br \/>\nVoor uzelf of als geschenk, de elegante etui is geschikt voor alle gelegenheden.<\/p>\n","protected":false},"featured_media":49599,"template":"","meta":{"_acf_changed":false},"product_brand":[],"product_cat":[3308,3341,3106,3176,3117,3168],"product_tag":[3190,3195,3196],"class_list":{"0":"post-51251","1":"product","2":"type-product","3":"status-publish","4":"has-post-thumbnail","6":"maisons-roger-desivry-nl","7":"product_cat-alle-champagnes-en-boxes","8":"product_cat-roger-desivry-nl","9":"product_cat-flessen","10":"product_cat-tous-les-champagnes-nl","11":"product_cat-rose-champagne","12":"product_cat-repas-nl","13":"product_tag-la-vie-en-rose-nl","14":"product_tag-pour-offrir-nl","15":"product_tag-repas-champagne-nl","17":"first","18":"outofstock","19":"taxable","20":"shipping-taxable","21":"purchasable","22":"product-type-simple"},"acf":[],"yoast_head":"<!-- This site is optimized with the Yoast SEO plugin v26.4 - https:\/\/yoast.com\/wordpress\/plugins\/seo\/ -->\n<title>Roger Desivry Cuv\u00e9e Ros\u00e9 Fles met etui - Champmarket<\/title>\n<meta name=\"description\" content=\"De Roger Desivry Cuv\u00e9e Ros\u00e9 met etui wordt op dezelfde manier gemaakt als in 1923 en is een mengeling van de grote rode en grote witte wijnen van de Champagne. Een complexe en gestructureerde wijn, deze champagne is gemaakt voor gastronomische momenten en wijn-spijs combinaties.\" \/>\n<meta name=\"robots\" content=\"index, follow, max-snippet:-1, max-image-preview:large, max-video-preview:-1\" \/>\n<link rel=\"canonical\" href=\"https:\/\/www.champmarket.com\/nl\/champagne\/roger-desivry-cuvee-rose-fles-etui\/\" \/>\n<meta property=\"og:locale\" content=\"nl_NL\" \/>\n<meta property=\"og:type\" content=\"article\" \/>\n<meta property=\"og:title\" content=\"Roger Desivry Cuv\u00e9e Ros\u00e9 Fles met etui - Champmarket\" \/>\n<meta property=\"og:description\" content=\"De Roger Desivry Cuv\u00e9e Ros\u00e9 met etui wordt op dezelfde manier gemaakt als in 1923 en is een mengeling van de grote rode en grote witte wijnen van de Champagne. Een complexe en gestructureerde wijn, deze champagne is gemaakt voor gastronomische momenten en wijn-spijs combinaties.\" \/>\n<meta property=\"og:url\" content=\"https:\/\/www.champmarket.com\/nl\/champagne\/roger-desivry-cuvee-rose-fles-etui\/\" \/>\n<meta property=\"og:site_name\" content=\"Champmarket\" \/>\n<meta property=\"article:publisher\" content=\"https:\/\/www.facebook.com\/ChampMarket\/\" \/>\n<meta property=\"article:modified_time\" content=\"2023-04-29T08:34:28+00:00\" \/>\n<meta property=\"og:image\" content=\"https:\/\/www.champmarket.com\/wp-content\/uploads\/2023\/02\/fiche-produit-roger-desivry-cuvee-rose-bouteille-etui.webp\" \/>\n\t<meta property=\"og:image:width\" content=\"1200\" \/>\n\t<meta property=\"og:image:height\" content=\"1200\" \/>\n\t<meta property=\"og:image:type\" content=\"image\/jpeg\" \/>\n<meta name=\"twitter:card\" content=\"summary_large_image\" \/>\n<meta name=\"twitter:site\" content=\"@champmarket\" \/>\n<meta name=\"twitter:label1\" content=\"Geschatte leestijd\" \/>\n\t<meta name=\"twitter:data1\" content=\"1 minuut\" \/>\n<script type=\"application\/ld+json\" class=\"yoast-schema-graph\">{\"@context\":\"https:\/\/schema.org\",\"@graph\":[{\"@type\":\"WebPage\",\"@id\":\"https:\/\/www.champmarket.com\/nl\/champagne\/roger-desivry-cuvee-rose-fles-etui\/\",\"url\":\"https:\/\/www.champmarket.com\/nl\/champagne\/roger-desivry-cuvee-rose-fles-etui\/\",\"name\":\"Roger Desivry Cuv\u00e9e Ros\u00e9 Fles met etui - Champmarket\",\"isPartOf\":{\"@id\":\"https:\/\/www.champmarket.com\/#website\"},\"primaryImageOfPage\":{\"@id\":\"https:\/\/www.champmarket.com\/nl\/champagne\/roger-desivry-cuvee-rose-fles-etui\/#primaryimage\"},\"image\":{\"@id\":\"https:\/\/www.champmarket.com\/nl\/champagne\/roger-desivry-cuvee-rose-fles-etui\/#primaryimage\"},\"thumbnailUrl\":\"https:\/\/www.champmarket.com\/wp-content\/uploads\/2023\/02\/fiche-produit-roger-desivry-cuvee-rose-bouteille-etui.webp\",\"datePublished\":\"2023-04-29T05:00:34+00:00\",\"dateModified\":\"2023-04-29T08:34:28+00:00\",\"description\":\"De Roger Desivry Cuv\u00e9e Ros\u00e9 met etui wordt op dezelfde manier gemaakt als in 1923 en is een mengeling van de grote rode en grote witte wijnen van de Champagne. Een complexe en gestructureerde wijn, deze champagne is gemaakt voor gastronomische momenten en wijn-spijs combinaties.\",\"breadcrumb\":{\"@id\":\"https:\/\/www.champmarket.com\/nl\/champagne\/roger-desivry-cuvee-rose-fles-etui\/#breadcrumb\"},\"inLanguage\":\"nl-NL\",\"potentialAction\":[{\"@type\":\"ReadAction\",\"target\":[\"https:\/\/www.champmarket.com\/nl\/champagne\/roger-desivry-cuvee-rose-fles-etui\/\"]}]},{\"@type\":\"ImageObject\",\"inLanguage\":\"nl-NL\",\"@id\":\"https:\/\/www.champmarket.com\/nl\/champagne\/roger-desivry-cuvee-rose-fles-etui\/#primaryimage\",\"url\":\"https:\/\/www.champmarket.com\/wp-content\/uploads\/2023\/02\/fiche-produit-roger-desivry-cuvee-rose-bouteille-etui.webp\",\"contentUrl\":\"https:\/\/www.champmarket.com\/wp-content\/uploads\/2023\/02\/fiche-produit-roger-desivry-cuvee-rose-bouteille-etui.webp\",\"width\":1200,\"height\":1200},{\"@type\":\"BreadcrumbList\",\"@id\":\"https:\/\/www.champmarket.com\/nl\/champagne\/roger-desivry-cuvee-rose-fles-etui\/#breadcrumb\",\"itemListElement\":[{\"@type\":\"ListItem\",\"position\":1,\"name\":\"Accueil\",\"item\":\"https:\/\/www.champmarket.com\/nl\/\"},{\"@type\":\"ListItem\",\"position\":2,\"name\":\"Winkel\",\"item\":\"https:\/\/www.champmarket.com\/nl\/boutique\/\"},{\"@type\":\"ListItem\",\"position\":3,\"name\":\"Roger Desivry\",\"item\":\"https:\/\/www.champmarket.com\/nl\/maisons\/roger-desivry-nl\/\"},{\"@type\":\"ListItem\",\"position\":4,\"name\":\"Roger Desivry Cuv\u00e9e Ros\u00e9 Fles met etui\"}]},{\"@type\":\"WebSite\",\"@id\":\"https:\/\/www.champmarket.com\/#website\",\"url\":\"https:\/\/www.champmarket.com\/\",\"name\":\"Champmarket\",\"description\":\"Champmarket, Champagnes, Cadeaus en Levenskunst\",\"publisher\":{\"@id\":\"https:\/\/www.champmarket.com\/#organization\"},\"potentialAction\":[{\"@type\":\"SearchAction\",\"target\":{\"@type\":\"EntryPoint\",\"urlTemplate\":\"https:\/\/www.champmarket.com\/?s={search_term_string}\"},\"query-input\":{\"@type\":\"PropertyValueSpecification\",\"valueRequired\":true,\"valueName\":\"search_term_string\"}}],\"inLanguage\":\"nl-NL\"},{\"@type\":\"Organization\",\"@id\":\"https:\/\/www.champmarket.com\/#organization\",\"name\":\"Champmarket\",\"url\":\"https:\/\/www.champmarket.com\/\",\"logo\":{\"@type\":\"ImageObject\",\"inLanguage\":\"nl-NL\",\"@id\":\"https:\/\/www.champmarket.com\/#\/schema\/logo\/image\/\",\"url\":\"https:\/\/www.champmarket.com\/wp-content\/uploads\/2024\/08\/logo2024-1.svg\",\"contentUrl\":\"https:\/\/www.champmarket.com\/wp-content\/uploads\/2024\/08\/logo2024-1.svg\",\"width\":579.8,\"height\":80,\"caption\":\"Champmarket\"},\"image\":{\"@id\":\"https:\/\/www.champmarket.com\/#\/schema\/logo\/image\/\"},\"sameAs\":[\"https:\/\/www.facebook.com\/ChampMarket\/\",\"https:\/\/x.com\/champmarket\",\"https:\/\/www.instagram.com\/champmarket.paris\/\",\"https:\/\/www.pinterest.fr\/champmarketparis\/\",\"https:\/\/www.linkedin.com\/company\/champmarket\/\"]}]}<\/script>\n<!-- \/ Yoast SEO plugin. -->","yoast_head_json":{"title":"Roger Desivry Cuv\u00e9e Ros\u00e9 Fles met etui - Champmarket","description":"De Roger Desivry Cuv\u00e9e Ros\u00e9 met etui wordt op dezelfde manier gemaakt als in 1923 en is een mengeling van de grote rode en grote witte wijnen van de Champagne. Een complexe en gestructureerde wijn, deze champagne is gemaakt voor gastronomische momenten en wijn-spijs combinaties.","robots":{"index":"index","follow":"follow","max-snippet":"max-snippet:-1","max-image-preview":"max-image-preview:large","max-video-preview":"max-video-preview:-1"},"canonical":"https:\/\/www.champmarket.com\/nl\/champagne\/roger-desivry-cuvee-rose-fles-etui\/","og_locale":"nl_NL","og_type":"article","og_title":"Roger Desivry Cuv\u00e9e Ros\u00e9 Fles met etui - Champmarket","og_description":"De Roger Desivry Cuv\u00e9e Ros\u00e9 met etui wordt op dezelfde manier gemaakt als in 1923 en is een mengeling van de grote rode en grote witte wijnen van de Champagne. Een complexe en gestructureerde wijn, deze champagne is gemaakt voor gastronomische momenten en wijn-spijs combinaties.","og_url":"https:\/\/www.champmarket.com\/nl\/champagne\/roger-desivry-cuvee-rose-fles-etui\/","og_site_name":"Champmarket","article_publisher":"https:\/\/www.facebook.com\/ChampMarket\/","article_modified_time":"2023-04-29T08:34:28+00:00","og_image":[{"width":1200,"height":1200,"url":"https:\/\/www.champmarket.com\/wp-content\/uploads\/2023\/02\/fiche-produit-roger-desivry-cuvee-rose-bouteille-etui.webp","type":"image\/jpeg"}],"twitter_card":"summary_large_image","twitter_site":"@champmarket","twitter_misc":{"Geschatte leestijd":"1 minuut"},"schema":{"@context":"https:\/\/schema.org","@graph":[{"@type":"WebPage","@id":"https:\/\/www.champmarket.com\/nl\/champagne\/roger-desivry-cuvee-rose-fles-etui\/","url":"https:\/\/www.champmarket.com\/nl\/champagne\/roger-desivry-cuvee-rose-fles-etui\/","name":"Roger Desivry Cuv\u00e9e Ros\u00e9 Fles met etui - Champmarket","isPartOf":{"@id":"https:\/\/www.champmarket.com\/#website"},"primaryImageOfPage":{"@id":"https:\/\/www.champmarket.com\/nl\/champagne\/roger-desivry-cuvee-rose-fles-etui\/#primaryimage"},"image":{"@id":"https:\/\/www.champmarket.com\/nl\/champagne\/roger-desivry-cuvee-rose-fles-etui\/#primaryimage"},"thumbnailUrl":"https:\/\/www.champmarket.com\/wp-content\/uploads\/2023\/02\/fiche-produit-roger-desivry-cuvee-rose-bouteille-etui.webp","datePublished":"2023-04-29T05:00:34+00:00","dateModified":"2023-04-29T08:34:28+00:00","description":"De Roger Desivry Cuv\u00e9e Ros\u00e9 met etui wordt op dezelfde manier gemaakt als in 1923 en is een mengeling van de grote rode en grote witte wijnen van de Champagne. Een complexe en gestructureerde wijn, deze champagne is gemaakt voor gastronomische momenten en wijn-spijs combinaties.","breadcrumb":{"@id":"https:\/\/www.champmarket.com\/nl\/champagne\/roger-desivry-cuvee-rose-fles-etui\/#breadcrumb"},"inLanguage":"nl-NL","potentialAction":[{"@type":"ReadAction","target":["https:\/\/www.champmarket.com\/nl\/champagne\/roger-desivry-cuvee-rose-fles-etui\/"]}]},{"@type":"ImageObject","inLanguage":"nl-NL","@id":"https:\/\/www.champmarket.com\/nl\/champagne\/roger-desivry-cuvee-rose-fles-etui\/#primaryimage","url":"https:\/\/www.champmarket.com\/wp-content\/uploads\/2023\/02\/fiche-produit-roger-desivry-cuvee-rose-bouteille-etui.webp","contentUrl":"https:\/\/www.champmarket.com\/wp-content\/uploads\/2023\/02\/fiche-produit-roger-desivry-cuvee-rose-bouteille-etui.webp","width":1200,"height":1200},{"@type":"BreadcrumbList","@id":"https:\/\/www.champmarket.com\/nl\/champagne\/roger-desivry-cuvee-rose-fles-etui\/#breadcrumb","itemListElement":[{"@type":"ListItem","position":1,"name":"Accueil","item":"https:\/\/www.champmarket.com\/nl\/"},{"@type":"ListItem","position":2,"name":"Winkel","item":"https:\/\/www.champmarket.com\/nl\/boutique\/"},{"@type":"ListItem","position":3,"name":"Roger Desivry","item":"https:\/\/www.champmarket.com\/nl\/maisons\/roger-desivry-nl\/"},{"@type":"ListItem","position":4,"name":"Roger Desivry Cuv\u00e9e Ros\u00e9 Fles met etui"}]},{"@type":"WebSite","@id":"https:\/\/www.champmarket.com\/#website","url":"https:\/\/www.champmarket.com\/","name":"Champmarket","description":"Champmarket, Champagnes, Cadeaus en Levenskunst","publisher":{"@id":"https:\/\/www.champmarket.com\/#organization"},"potentialAction":[{"@type":"SearchAction","target":{"@type":"EntryPoint","urlTemplate":"https:\/\/www.champmarket.com\/?s={search_term_string}"},"query-input":{"@type":"PropertyValueSpecification","valueRequired":true,"valueName":"search_term_string"}}],"inLanguage":"nl-NL"},{"@type":"Organization","@id":"https:\/\/www.champmarket.com\/#organization","name":"Champmarket","url":"https:\/\/www.champmarket.com\/","logo":{"@type":"ImageObject","inLanguage":"nl-NL","@id":"https:\/\/www.champmarket.com\/#\/schema\/logo\/image\/","url":"https:\/\/www.champmarket.com\/wp-content\/uploads\/2024\/08\/logo2024-1.svg","contentUrl":"https:\/\/www.champmarket.com\/wp-content\/uploads\/2024\/08\/logo2024-1.svg","width":579.8,"height":80,"caption":"Champmarket"},"image":{"@id":"https:\/\/www.champmarket.com\/#\/schema\/logo\/image\/"},"sameAs":["https:\/\/www.facebook.com\/ChampMarket\/","https:\/\/x.com\/champmarket","https:\/\/www.instagram.com\/champmarket.paris\/","https:\/\/www.pinterest.fr\/champmarketparis\/","https:\/\/www.linkedin.com\/company\/champmarket\/"]}]}},"_links":{"self":[{"href":"https:\/\/www.champmarket.com\/nl\/wp-json\/wp\/v2\/product\/51251","targetHints":{"allow":["GET"]}}],"collection":[{"href":"https:\/\/www.champmarket.com\/nl\/wp-json\/wp\/v2\/product"}],"about":[{"href":"https:\/\/www.champmarket.com\/nl\/wp-json\/wp\/v2\/types\/product"}],"version-history":[{"count":0,"href":"https:\/\/www.champmarket.com\/nl\/wp-json\/wp\/v2\/product\/51251\/revisions"}],"wp:featuredmedia":[{"embeddable":true,"href":"https:\/\/www.champmarket.com\/nl\/wp-json\/wp\/v2\/media\/49599"}],"wp:attachment":[{"href":"https:\/\/www.champmarket.com\/nl\/wp-json\/wp\/v2\/media?parent=51251"}],"wp:term":[{"taxonomy":"product_brand","embeddable":true,"href":"https:\/\/www.champmarket.com\/nl\/wp-json\/wp\/v2\/product_brand?post=51251"},{"taxonomy":"product_cat","embeddable":true,"href":"https:\/\/www.champmarket.com\/nl\/wp-json\/wp\/v2\/product_cat?post=51251"},{"taxonomy":"product_tag","embeddable":true,"href":"https:\/\/www.champmarket.com\/nl\/wp-json\/wp\/v2\/product_tag?post=51251"}],"curies":[{"name":"wp","href":"https:\/\/api.w.org\/{rel}","templated":true}]}}