{"id":51253,"date":"2023-04-29T07:00:14","date_gmt":"2023-04-29T05:00:14","guid":{"rendered":"https:\/\/www.champmarket.com\/?post_type=product&#038;p=51253"},"modified":"2023-04-29T10:32:46","modified_gmt":"2023-04-29T08:32:46","slug":"roger-desivry-cuvee-demi-sec-fles-etui","status":"publish","type":"product","link":"https:\/\/www.champmarket.com\/nl\/champagne\/roger-desivry-cuvee-demi-sec-fles-etui\/","title":{"rendered":"Roger Desivry Cuv\u00e9e Demi-Sec Fles met etui"},"content":{"rendered":"<p>Gemaakt van dezelfde druivensoorten als de Cuv\u00e9e Brut en in vergelijkbare verhoudingen, onthullen de zachte, geroosterde toetsen van de Roger Desivry Cuv\u00e9e Demi-Sec champagne zich op elegante wijze bij desserts, met name bij een citroenschuimtaart of met een gebakken foie gras op een bedje van vijgen.<br \/>\nVoor uzelf of als geschenk, de elegante etui is geschikt voor alle gelegenheden.<\/p>\n","protected":false},"excerpt":{"rendered":"<p>De Roger Desivry Cuv\u00e9e Demi-Sec champagne met etui dompelt ons onder in de Champagne recepten van weleer. De cuv\u00e9e Demi-Sec, gemaakt van de drie druivenrassen van de Champagne, keert terug naar het smaakgenot van de 18e eeuw en richt zich tot liefhebbers van gastronomische en weelderige champagnes.<\/p>\n","protected":false},"featured_media":49597,"template":"","meta":{"_acf_changed":false},"product_brand":[],"product_cat":[3308,3341,3106,3176,3113,3170,3168],"product_tag":[3195,3196,3194],"class_list":{"0":"post-51253","1":"product","2":"type-product","3":"status-publish","4":"has-post-thumbnail","6":"maisons-roger-desivry-nl","7":"product_cat-alle-champagnes-en-boxes","8":"product_cat-roger-desivry-nl","9":"product_cat-flessen","10":"product_cat-tous-les-champagnes-nl","11":"product_cat-demi-sec-doux-champagne","12":"product_cat-dessert-nl","13":"product_cat-repas-nl","14":"product_tag-pour-offrir-nl","15":"product_tag-repas-champagne-nl","16":"product_tag-dessert-gouter-nl","18":"first","19":"outofstock","20":"taxable","21":"shipping-taxable","22":"purchasable","23":"product-type-simple"},"acf":[],"yoast_head":"<!-- This site is optimized with the Yoast SEO plugin v26.4 - https:\/\/yoast.com\/wordpress\/plugins\/seo\/ -->\n<title>Roger Desivry Cuv\u00e9e Demi-Sec Fles met etui - Champmarket<\/title>\n<meta name=\"description\" content=\"De Roger Desivry Cuv\u00e9e Demi-Sec champagne met etui dompelt ons onder in de Champagne recepten van weleer. La cuv\u00e9e Demi-Sec, gemaakt van de drie druivensoorten van de Champagne, is een terugkeer naar de smaak van de 18e eeuw en richt zich op liefhebbers van gastronomische en weelderige champagnes.\" \/>\n<meta name=\"robots\" content=\"index, follow, max-snippet:-1, max-image-preview:large, max-video-preview:-1\" \/>\n<link rel=\"canonical\" href=\"https:\/\/www.champmarket.com\/nl\/champagne\/roger-desivry-cuvee-demi-sec-fles-etui\/\" \/>\n<meta property=\"og:locale\" content=\"nl_NL\" \/>\n<meta property=\"og:type\" content=\"article\" \/>\n<meta property=\"og:title\" content=\"Roger Desivry Cuv\u00e9e Demi-Sec Fles met etui - Champmarket\" \/>\n<meta property=\"og:description\" content=\"De Roger Desivry Cuv\u00e9e Demi-Sec champagne met etui dompelt ons onder in de Champagne recepten van weleer. La cuv\u00e9e Demi-Sec, gemaakt van de drie druivensoorten van de Champagne, is een terugkeer naar de smaak van de 18e eeuw en richt zich op liefhebbers van gastronomische en weelderige champagnes.\" \/>\n<meta property=\"og:url\" content=\"https:\/\/www.champmarket.com\/nl\/champagne\/roger-desivry-cuvee-demi-sec-fles-etui\/\" \/>\n<meta property=\"og:site_name\" content=\"Champmarket\" \/>\n<meta property=\"article:publisher\" content=\"https:\/\/www.facebook.com\/ChampMarket\/\" \/>\n<meta property=\"article:modified_time\" content=\"2023-04-29T08:32:46+00:00\" \/>\n<meta property=\"og:image\" content=\"https:\/\/www.champmarket.com\/wp-content\/uploads\/2023\/02\/fiche-produit-roger-desivry-cuvee-demi-sec-bouteille-etui.webp\" \/>\n\t<meta property=\"og:image:width\" content=\"1200\" \/>\n\t<meta property=\"og:image:height\" content=\"1200\" \/>\n\t<meta property=\"og:image:type\" content=\"image\/jpeg\" \/>\n<meta name=\"twitter:card\" content=\"summary_large_image\" \/>\n<meta name=\"twitter:site\" content=\"@champmarket\" \/>\n<meta name=\"twitter:label1\" content=\"Geschatte leestijd\" \/>\n\t<meta name=\"twitter:data1\" content=\"1 minuut\" \/>\n<script type=\"application\/ld+json\" class=\"yoast-schema-graph\">{\"@context\":\"https:\/\/schema.org\",\"@graph\":[{\"@type\":\"WebPage\",\"@id\":\"https:\/\/www.champmarket.com\/nl\/champagne\/roger-desivry-cuvee-demi-sec-fles-etui\/\",\"url\":\"https:\/\/www.champmarket.com\/nl\/champagne\/roger-desivry-cuvee-demi-sec-fles-etui\/\",\"name\":\"Roger Desivry Cuv\u00e9e Demi-Sec Fles met etui - Champmarket\",\"isPartOf\":{\"@id\":\"https:\/\/www.champmarket.com\/#website\"},\"primaryImageOfPage\":{\"@id\":\"https:\/\/www.champmarket.com\/nl\/champagne\/roger-desivry-cuvee-demi-sec-fles-etui\/#primaryimage\"},\"image\":{\"@id\":\"https:\/\/www.champmarket.com\/nl\/champagne\/roger-desivry-cuvee-demi-sec-fles-etui\/#primaryimage\"},\"thumbnailUrl\":\"https:\/\/www.champmarket.com\/wp-content\/uploads\/2023\/02\/fiche-produit-roger-desivry-cuvee-demi-sec-bouteille-etui.webp\",\"datePublished\":\"2023-04-29T05:00:14+00:00\",\"dateModified\":\"2023-04-29T08:32:46+00:00\",\"description\":\"De Roger Desivry Cuv\u00e9e Demi-Sec champagne met etui dompelt ons onder in de Champagne recepten van weleer. La cuv\u00e9e Demi-Sec, gemaakt van de drie druivensoorten van de Champagne, is een terugkeer naar de smaak van de 18e eeuw en richt zich op liefhebbers van gastronomische en weelderige champagnes.\",\"breadcrumb\":{\"@id\":\"https:\/\/www.champmarket.com\/nl\/champagne\/roger-desivry-cuvee-demi-sec-fles-etui\/#breadcrumb\"},\"inLanguage\":\"nl-NL\",\"potentialAction\":[{\"@type\":\"ReadAction\",\"target\":[\"https:\/\/www.champmarket.com\/nl\/champagne\/roger-desivry-cuvee-demi-sec-fles-etui\/\"]}]},{\"@type\":\"ImageObject\",\"inLanguage\":\"nl-NL\",\"@id\":\"https:\/\/www.champmarket.com\/nl\/champagne\/roger-desivry-cuvee-demi-sec-fles-etui\/#primaryimage\",\"url\":\"https:\/\/www.champmarket.com\/wp-content\/uploads\/2023\/02\/fiche-produit-roger-desivry-cuvee-demi-sec-bouteille-etui.webp\",\"contentUrl\":\"https:\/\/www.champmarket.com\/wp-content\/uploads\/2023\/02\/fiche-produit-roger-desivry-cuvee-demi-sec-bouteille-etui.webp\",\"width\":1200,\"height\":1200},{\"@type\":\"BreadcrumbList\",\"@id\":\"https:\/\/www.champmarket.com\/nl\/champagne\/roger-desivry-cuvee-demi-sec-fles-etui\/#breadcrumb\",\"itemListElement\":[{\"@type\":\"ListItem\",\"position\":1,\"name\":\"Accueil\",\"item\":\"https:\/\/www.champmarket.com\/nl\/\"},{\"@type\":\"ListItem\",\"position\":2,\"name\":\"Winkel\",\"item\":\"https:\/\/www.champmarket.com\/nl\/boutique\/\"},{\"@type\":\"ListItem\",\"position\":3,\"name\":\"Roger Desivry\",\"item\":\"https:\/\/www.champmarket.com\/nl\/maisons\/roger-desivry-nl\/\"},{\"@type\":\"ListItem\",\"position\":4,\"name\":\"Roger Desivry Cuv\u00e9e Demi-Sec Fles met etui\"}]},{\"@type\":\"WebSite\",\"@id\":\"https:\/\/www.champmarket.com\/#website\",\"url\":\"https:\/\/www.champmarket.com\/\",\"name\":\"Champmarket\",\"description\":\"Champmarket, Champagnes, Cadeaus en Levenskunst\",\"publisher\":{\"@id\":\"https:\/\/www.champmarket.com\/#organization\"},\"potentialAction\":[{\"@type\":\"SearchAction\",\"target\":{\"@type\":\"EntryPoint\",\"urlTemplate\":\"https:\/\/www.champmarket.com\/?s={search_term_string}\"},\"query-input\":{\"@type\":\"PropertyValueSpecification\",\"valueRequired\":true,\"valueName\":\"search_term_string\"}}],\"inLanguage\":\"nl-NL\"},{\"@type\":\"Organization\",\"@id\":\"https:\/\/www.champmarket.com\/#organization\",\"name\":\"Champmarket\",\"url\":\"https:\/\/www.champmarket.com\/\",\"logo\":{\"@type\":\"ImageObject\",\"inLanguage\":\"nl-NL\",\"@id\":\"https:\/\/www.champmarket.com\/#\/schema\/logo\/image\/\",\"url\":\"https:\/\/www.champmarket.com\/wp-content\/uploads\/2024\/08\/logo2024-1.svg\",\"contentUrl\":\"https:\/\/www.champmarket.com\/wp-content\/uploads\/2024\/08\/logo2024-1.svg\",\"width\":579.8,\"height\":80,\"caption\":\"Champmarket\"},\"image\":{\"@id\":\"https:\/\/www.champmarket.com\/#\/schema\/logo\/image\/\"},\"sameAs\":[\"https:\/\/www.facebook.com\/ChampMarket\/\",\"https:\/\/x.com\/champmarket\",\"https:\/\/www.instagram.com\/champmarket.paris\/\",\"https:\/\/www.pinterest.fr\/champmarketparis\/\",\"https:\/\/www.linkedin.com\/company\/champmarket\/\"]}]}<\/script>\n<!-- \/ Yoast SEO plugin. -->","yoast_head_json":{"title":"Roger Desivry Cuv\u00e9e Demi-Sec Fles met etui - Champmarket","description":"De Roger Desivry Cuv\u00e9e Demi-Sec champagne met etui dompelt ons onder in de Champagne recepten van weleer. La cuv\u00e9e Demi-Sec, gemaakt van de drie druivensoorten van de Champagne, is een terugkeer naar de smaak van de 18e eeuw en richt zich op liefhebbers van gastronomische en weelderige champagnes.","robots":{"index":"index","follow":"follow","max-snippet":"max-snippet:-1","max-image-preview":"max-image-preview:large","max-video-preview":"max-video-preview:-1"},"canonical":"https:\/\/www.champmarket.com\/nl\/champagne\/roger-desivry-cuvee-demi-sec-fles-etui\/","og_locale":"nl_NL","og_type":"article","og_title":"Roger Desivry Cuv\u00e9e Demi-Sec Fles met etui - Champmarket","og_description":"De Roger Desivry Cuv\u00e9e Demi-Sec champagne met etui dompelt ons onder in de Champagne recepten van weleer. La cuv\u00e9e Demi-Sec, gemaakt van de drie druivensoorten van de Champagne, is een terugkeer naar de smaak van de 18e eeuw en richt zich op liefhebbers van gastronomische en weelderige champagnes.","og_url":"https:\/\/www.champmarket.com\/nl\/champagne\/roger-desivry-cuvee-demi-sec-fles-etui\/","og_site_name":"Champmarket","article_publisher":"https:\/\/www.facebook.com\/ChampMarket\/","article_modified_time":"2023-04-29T08:32:46+00:00","og_image":[{"width":1200,"height":1200,"url":"https:\/\/www.champmarket.com\/wp-content\/uploads\/2023\/02\/fiche-produit-roger-desivry-cuvee-demi-sec-bouteille-etui.webp","type":"image\/jpeg"}],"twitter_card":"summary_large_image","twitter_site":"@champmarket","twitter_misc":{"Geschatte leestijd":"1 minuut"},"schema":{"@context":"https:\/\/schema.org","@graph":[{"@type":"WebPage","@id":"https:\/\/www.champmarket.com\/nl\/champagne\/roger-desivry-cuvee-demi-sec-fles-etui\/","url":"https:\/\/www.champmarket.com\/nl\/champagne\/roger-desivry-cuvee-demi-sec-fles-etui\/","name":"Roger Desivry Cuv\u00e9e Demi-Sec Fles met etui - Champmarket","isPartOf":{"@id":"https:\/\/www.champmarket.com\/#website"},"primaryImageOfPage":{"@id":"https:\/\/www.champmarket.com\/nl\/champagne\/roger-desivry-cuvee-demi-sec-fles-etui\/#primaryimage"},"image":{"@id":"https:\/\/www.champmarket.com\/nl\/champagne\/roger-desivry-cuvee-demi-sec-fles-etui\/#primaryimage"},"thumbnailUrl":"https:\/\/www.champmarket.com\/wp-content\/uploads\/2023\/02\/fiche-produit-roger-desivry-cuvee-demi-sec-bouteille-etui.webp","datePublished":"2023-04-29T05:00:14+00:00","dateModified":"2023-04-29T08:32:46+00:00","description":"De Roger Desivry Cuv\u00e9e Demi-Sec champagne met etui dompelt ons onder in de Champagne recepten van weleer. La cuv\u00e9e Demi-Sec, gemaakt van de drie druivensoorten van de Champagne, is een terugkeer naar de smaak van de 18e eeuw en richt zich op liefhebbers van gastronomische en weelderige champagnes.","breadcrumb":{"@id":"https:\/\/www.champmarket.com\/nl\/champagne\/roger-desivry-cuvee-demi-sec-fles-etui\/#breadcrumb"},"inLanguage":"nl-NL","potentialAction":[{"@type":"ReadAction","target":["https:\/\/www.champmarket.com\/nl\/champagne\/roger-desivry-cuvee-demi-sec-fles-etui\/"]}]},{"@type":"ImageObject","inLanguage":"nl-NL","@id":"https:\/\/www.champmarket.com\/nl\/champagne\/roger-desivry-cuvee-demi-sec-fles-etui\/#primaryimage","url":"https:\/\/www.champmarket.com\/wp-content\/uploads\/2023\/02\/fiche-produit-roger-desivry-cuvee-demi-sec-bouteille-etui.webp","contentUrl":"https:\/\/www.champmarket.com\/wp-content\/uploads\/2023\/02\/fiche-produit-roger-desivry-cuvee-demi-sec-bouteille-etui.webp","width":1200,"height":1200},{"@type":"BreadcrumbList","@id":"https:\/\/www.champmarket.com\/nl\/champagne\/roger-desivry-cuvee-demi-sec-fles-etui\/#breadcrumb","itemListElement":[{"@type":"ListItem","position":1,"name":"Accueil","item":"https:\/\/www.champmarket.com\/nl\/"},{"@type":"ListItem","position":2,"name":"Winkel","item":"https:\/\/www.champmarket.com\/nl\/boutique\/"},{"@type":"ListItem","position":3,"name":"Roger Desivry","item":"https:\/\/www.champmarket.com\/nl\/maisons\/roger-desivry-nl\/"},{"@type":"ListItem","position":4,"name":"Roger Desivry Cuv\u00e9e Demi-Sec Fles met etui"}]},{"@type":"WebSite","@id":"https:\/\/www.champmarket.com\/#website","url":"https:\/\/www.champmarket.com\/","name":"Champmarket","description":"Champmarket, Champagnes, Cadeaus en Levenskunst","publisher":{"@id":"https:\/\/www.champmarket.com\/#organization"},"potentialAction":[{"@type":"SearchAction","target":{"@type":"EntryPoint","urlTemplate":"https:\/\/www.champmarket.com\/?s={search_term_string}"},"query-input":{"@type":"PropertyValueSpecification","valueRequired":true,"valueName":"search_term_string"}}],"inLanguage":"nl-NL"},{"@type":"Organization","@id":"https:\/\/www.champmarket.com\/#organization","name":"Champmarket","url":"https:\/\/www.champmarket.com\/","logo":{"@type":"ImageObject","inLanguage":"nl-NL","@id":"https:\/\/www.champmarket.com\/#\/schema\/logo\/image\/","url":"https:\/\/www.champmarket.com\/wp-content\/uploads\/2024\/08\/logo2024-1.svg","contentUrl":"https:\/\/www.champmarket.com\/wp-content\/uploads\/2024\/08\/logo2024-1.svg","width":579.8,"height":80,"caption":"Champmarket"},"image":{"@id":"https:\/\/www.champmarket.com\/#\/schema\/logo\/image\/"},"sameAs":["https:\/\/www.facebook.com\/ChampMarket\/","https:\/\/x.com\/champmarket","https:\/\/www.instagram.com\/champmarket.paris\/","https:\/\/www.pinterest.fr\/champmarketparis\/","https:\/\/www.linkedin.com\/company\/champmarket\/"]}]}},"_links":{"self":[{"href":"https:\/\/www.champmarket.com\/nl\/wp-json\/wp\/v2\/product\/51253","targetHints":{"allow":["GET"]}}],"collection":[{"href":"https:\/\/www.champmarket.com\/nl\/wp-json\/wp\/v2\/product"}],"about":[{"href":"https:\/\/www.champmarket.com\/nl\/wp-json\/wp\/v2\/types\/product"}],"version-history":[{"count":0,"href":"https:\/\/www.champmarket.com\/nl\/wp-json\/wp\/v2\/product\/51253\/revisions"}],"wp:featuredmedia":[{"embeddable":true,"href":"https:\/\/www.champmarket.com\/nl\/wp-json\/wp\/v2\/media\/49597"}],"wp:attachment":[{"href":"https:\/\/www.champmarket.com\/nl\/wp-json\/wp\/v2\/media?parent=51253"}],"wp:term":[{"taxonomy":"product_brand","embeddable":true,"href":"https:\/\/www.champmarket.com\/nl\/wp-json\/wp\/v2\/product_brand?post=51253"},{"taxonomy":"product_cat","embeddable":true,"href":"https:\/\/www.champmarket.com\/nl\/wp-json\/wp\/v2\/product_cat?post=51253"},{"taxonomy":"product_tag","embeddable":true,"href":"https:\/\/www.champmarket.com\/nl\/wp-json\/wp\/v2\/product_tag?post=51253"}],"curies":[{"name":"wp","href":"https:\/\/api.w.org\/{rel}","templated":true}]}}