{"id":52830,"date":"2023-05-13T22:55:47","date_gmt":"2023-05-15T15:13:54","guid":{"rendered":"https:\/\/www.champmarket.com\/champagne\/louis-roederer-cristal-rose-millesime-2014-fles\/"},"modified":"2023-06-19T14:58:18","modified_gmt":"2023-06-19T12:58:18","slug":"louis-roederer-cristal-rose-vintage-2014-fles","status":"publish","type":"product","link":"https:\/\/www.champmarket.com\/nl\/champagne\/louis-roederer-cristal-rose-vintage-2014-fles\/","title":{"rendered":"Louis Roederer Cristal Ros\u00e9 Mill\u00e9sim\u00e9 2014 Fles"},"content":{"rendered":"<p><em>&#8220;Intens, fris en precies, het bouquet onthult een vol en complex smakenpalet &#8211; zijdeachtig, vlezig, smeltend, luchtig<\/em> en met<em>een grote aromatische zuiverheid<\/em>. &#8220;Jean-Baptiste L\u00e9caillon, keldermeester<\/p>\n<p>Louis Roederer Cristal Ros\u00e9 Vintage 2014 heeft geprofiteerd van de geheimzinnigheid van de kelders van Louis Roederer, de tijd om het punt van perfecte harmonie te bereiken, waar zijn ongelooflijke precisie en de hoge intensiteit van de smaak die hem kenmerkt uitbarsten.<\/p>\n<div id=\"USE_CHAT_GPT_AI_ROOT\" style=\"display: none; z-index: -1; position: absolute; top: -10000px; left: -10000px; width: 1px; height: 1px; overflow: hidden; opacity: 0; pointer-events: none;\">usechatgpt init succes<\/div>\n<div id=\"USE_CHAT_GPT_AI_ROOT\" style=\"display: none; z-index: -1; position: absolute; top: -10000px; left: -10000px; width: 1px; height: 1px; overflow: hidden; opacity: 0; pointer-events: none;\">usechatgpt init succes<\/div>\n<div id=\"USE_CHAT_GPT_AI_ROOT\" style=\"display: none; z-index: -1; position: absolute; top: -10000px; left: -10000px; width: 1px; height: 1px; overflow: hidden; opacity: 0; pointer-events: none;\">usechatgpt init succes<\/div>\n<div id=\"USE_CHAT_GPT_AI_ROOT\" style=\"display: none; z-index: -1; position: absolute; top: -10000px; left: -10000px; width: 1px; height: 1px; overflow: hidden; opacity: 0; pointer-events: none;\">usechatgpt init succes<\/div>\n<div id=\"USE_CHAT_GPT_AI_ROOT\" style=\"display: none; z-index: -1; position: absolute; top: -10000px; left: -10000px; width: 1px; height: 1px; overflow: hidden; opacity: 0; pointer-events: none;\">usechatgpt init succes<\/div>\n<div id=\"USE_CHAT_GPT_AI_ROOT\" style=\"display: none; z-index: -1; position: absolute; top: -10000px; left: -10000px; width: 1px; height: 1px; overflow: hidden; opacity: 0; pointer-events: none;\">usechatgpt init succes<\/div>\n<div id=\"USE_CHAT_GPT_AI_ROOT\" style=\"display: none; z-index: -1; position: absolute; top: -10000px; left: -10000px; width: 1px; height: 1px; overflow: hidden; opacity: 0; pointer-events: none;\">usechatgpt init succes<\/div>\n<div id=\"USE_CHAT_GPT_AI_ROOT\" style=\"display: none; z-index: -1; position: absolute; top: -10000px; left: -10000px; width: 1px; height: 1px; overflow: hidden; opacity: 0; pointer-events: none;\">usechatgpt init succes<\/div>\n<div id=\"USE_CHAT_GPT_AI_ROOT\" style=\"display: none; z-index: -1; position: absolute; top: -10000px; left: -10000px; width: 1px; height: 1px; overflow: hidden; opacity: 0; pointer-events: none;\">usechatgpt init succes<\/div>\n","protected":false},"excerpt":{"rendered":"<p>Louis Roederer Cristal Ros\u00e9 Vintage 2014 is een wijnjaar met rijp, geconcentreerd en slank fruit en een heerlijke textuur. Ongelooflijk precies, bijna elektrisch, wordt hij gekenmerkt door een hoge intensiteit van de smaak.<\/p>\n<div id=\"USE_CHAT_GPT_AI_ROOT\" style=\"display: none; z-index: -1; position: absolute; top: -10000px; left: -10000px; width: 1px; height: 1px; overflow: hidden; opacity: 0; pointer-events: none;\">usechatgpt init succes<\/div>\n<div id=\"USE_CHAT_GPT_AI_ROOT\" style=\"display: none; z-index: -1; position: absolute; top: -10000px; left: -10000px; width: 1px; height: 1px; overflow: hidden; opacity: 0; pointer-events: none;\">usechatgpt init succes<\/div>\n<div id=\"USE_CHAT_GPT_AI_ROOT\" style=\"display: none; z-index: -1; position: absolute; top: -10000px; left: -10000px; width: 1px; height: 1px; overflow: hidden; opacity: 0; pointer-events: none;\">usechatgpt init succes<\/div>\n<div id=\"USE_CHAT_GPT_AI_ROOT\" style=\"display: none; z-index: -1; position: absolute; top: -10000px; left: -10000px; width: 1px; height: 1px; overflow: hidden; opacity: 0; pointer-events: none;\">usechatgpt init succes<\/div>\n<div id=\"USE_CHAT_GPT_AI_ROOT\" style=\"display: none; z-index: -1; position: absolute; top: -10000px; left: -10000px; width: 1px; height: 1px; overflow: hidden; opacity: 0; pointer-events: none;\">usechatgpt init succes<\/div>\n<div id=\"USE_CHAT_GPT_AI_ROOT\" style=\"display: none; z-index: -1; position: absolute; top: -10000px; left: -10000px; width: 1px; height: 1px; overflow: hidden; opacity: 0; pointer-events: none;\">usechatgpt init succes<\/div>\n<div id=\"USE_CHAT_GPT_AI_ROOT\" style=\"display: none; z-index: -1; position: absolute; top: -10000px; left: -10000px; width: 1px; height: 1px; overflow: hidden; opacity: 0; pointer-events: none;\">usechatgpt init succes<\/div>\n<div id=\"USE_CHAT_GPT_AI_ROOT\" style=\"display: none; z-index: -1; position: absolute; top: -10000px; left: -10000px; width: 1px; height: 1px; overflow: hidden; opacity: 0; pointer-events: none;\">usechatgpt init succes<\/div>\n<div id=\"USE_CHAT_GPT_AI_ROOT\" style=\"display: none; z-index: -1; position: absolute; top: -10000px; left: -10000px; width: 1px; height: 1px; overflow: hidden; opacity: 0; pointer-events: none;\">usechatgpt init succes<\/div>\n","protected":false},"featured_media":52796,"template":"","meta":{"_acf_changed":false},"product_brand":[],"product_cat":[3308,3150,3106,3176,3117,3115,3116,3169,3168],"product_tag":[3188,3190,3199,3200,3196],"class_list":{"0":"post-52830","1":"product","2":"type-product","3":"status-publish","4":"has-post-thumbnail","6":"maisons-selectie-champagne-louis-roederer-nl","7":"product_cat-alle-champagnes-en-boxes","8":"product_cat-louis-roederer-nl","9":"product_cat-flessen","10":"product_cat-tous-les-champagnes-nl","11":"product_cat-rose-champagne","12":"product_cat-vintage-champagne","13":"product_cat-prestige-champagne","14":"product_cat-aperitief","15":"product_cat-repas-nl","16":"product_tag-haute-couture-nl","17":"product_tag-la-vie-en-rose-nl","18":"product_tag-aperitif-nl","19":"product_tag-vintage-nl","20":"product_tag-repas-champagne-nl","22":"first","23":"instock","24":"sold-individually","25":"taxable","26":"shipping-taxable","27":"purchasable","28":"product-type-simple"},"acf":[],"yoast_head":"<!-- This site is optimized with the Yoast SEO plugin v26.4 - https:\/\/yoast.com\/wordpress\/plugins\/seo\/ -->\n<title>Louis Roederer Cristal Ros\u00e9 Vintage 2013 Fles - Champmarket<\/title>\n<meta name=\"description\" content=\"Louis Roederer Cristal Ros\u00e9 Vintage 2014 is een wijnjaar met rijp, geconcentreerd en slank fruit en een heerlijke textuur. Hij is ongelooflijk precies en heeft een hoge smaakintensiteit.\" \/>\n<meta name=\"robots\" content=\"index, follow, max-snippet:-1, max-image-preview:large, max-video-preview:-1\" \/>\n<link rel=\"canonical\" href=\"https:\/\/www.champmarket.com\/nl\/champagne\/louis-roederer-cristal-rose-vintage-2014-fles\/\" \/>\n<meta property=\"og:locale\" content=\"nl_NL\" \/>\n<meta property=\"og:type\" content=\"article\" \/>\n<meta property=\"og:title\" content=\"Louis Roederer Cristal Ros\u00e9 Vintage 2013 Fles - Champmarket\" \/>\n<meta property=\"og:description\" content=\"Louis Roederer Cristal Ros\u00e9 Vintage 2014 is een wijnjaar met rijp, geconcentreerd en slank fruit en een heerlijke textuur. Hij is ongelooflijk precies en heeft een hoge smaakintensiteit.\" \/>\n<meta property=\"og:url\" content=\"https:\/\/www.champmarket.com\/nl\/champagne\/louis-roederer-cristal-rose-vintage-2014-fles\/\" \/>\n<meta property=\"og:site_name\" content=\"Champmarket\" \/>\n<meta property=\"article:publisher\" content=\"https:\/\/www.facebook.com\/ChampMarket\/\" \/>\n<meta property=\"article:modified_time\" content=\"2023-06-19T12:58:18+00:00\" \/>\n<meta property=\"og:image\" content=\"https:\/\/www.champmarket.com\/wp-content\/uploads\/2023\/05\/louis-roederer-cristal-rose-2014-bouteille.jpg\" \/>\n\t<meta property=\"og:image:width\" content=\"2000\" \/>\n\t<meta property=\"og:image:height\" content=\"2000\" \/>\n\t<meta property=\"og:image:type\" content=\"image\/jpeg\" \/>\n<meta name=\"twitter:card\" content=\"summary_large_image\" \/>\n<meta name=\"twitter:site\" content=\"@champmarket\" \/>\n<meta name=\"twitter:label1\" content=\"Geschatte leestijd\" \/>\n\t<meta name=\"twitter:data1\" content=\"1 minuut\" \/>\n<script type=\"application\/ld+json\" class=\"yoast-schema-graph\">{\"@context\":\"https:\/\/schema.org\",\"@graph\":[{\"@type\":\"WebPage\",\"@id\":\"https:\/\/www.champmarket.com\/nl\/champagne\/louis-roederer-cristal-rose-vintage-2014-fles\/\",\"url\":\"https:\/\/www.champmarket.com\/nl\/champagne\/louis-roederer-cristal-rose-vintage-2014-fles\/\",\"name\":\"Louis Roederer Cristal Ros\u00e9 Vintage 2013 Fles - Champmarket\",\"isPartOf\":{\"@id\":\"https:\/\/www.champmarket.com\/#website\"},\"primaryImageOfPage\":{\"@id\":\"https:\/\/www.champmarket.com\/nl\/champagne\/louis-roederer-cristal-rose-vintage-2014-fles\/#primaryimage\"},\"image\":{\"@id\":\"https:\/\/www.champmarket.com\/nl\/champagne\/louis-roederer-cristal-rose-vintage-2014-fles\/#primaryimage\"},\"thumbnailUrl\":\"https:\/\/www.champmarket.com\/wp-content\/uploads\/2023\/05\/louis-roederer-cristal-rose-2014-bouteille.webp\",\"datePublished\":\"2023-05-15T15:13:54+00:00\",\"dateModified\":\"2023-06-19T12:58:18+00:00\",\"description\":\"Louis Roederer Cristal Ros\u00e9 Vintage 2014 is een wijnjaar met rijp, geconcentreerd en slank fruit en een heerlijke textuur. Hij is ongelooflijk precies en heeft een hoge smaakintensiteit.\",\"breadcrumb\":{\"@id\":\"https:\/\/www.champmarket.com\/nl\/champagne\/louis-roederer-cristal-rose-vintage-2014-fles\/#breadcrumb\"},\"inLanguage\":\"nl-NL\",\"potentialAction\":[{\"@type\":\"ReadAction\",\"target\":[\"https:\/\/www.champmarket.com\/nl\/champagne\/louis-roederer-cristal-rose-vintage-2014-fles\/\"]}]},{\"@type\":\"ImageObject\",\"inLanguage\":\"nl-NL\",\"@id\":\"https:\/\/www.champmarket.com\/nl\/champagne\/louis-roederer-cristal-rose-vintage-2014-fles\/#primaryimage\",\"url\":\"https:\/\/www.champmarket.com\/wp-content\/uploads\/2023\/05\/louis-roederer-cristal-rose-2014-bouteille.webp\",\"contentUrl\":\"https:\/\/www.champmarket.com\/wp-content\/uploads\/2023\/05\/louis-roederer-cristal-rose-2014-bouteille.webp\",\"width\":2000,\"height\":2000,\"caption\":\"Champagne Louis Roederer Cristal Ros\u00e9 2014 Bouteille - Champmarket\"},{\"@type\":\"BreadcrumbList\",\"@id\":\"https:\/\/www.champmarket.com\/nl\/champagne\/louis-roederer-cristal-rose-vintage-2014-fles\/#breadcrumb\",\"itemListElement\":[{\"@type\":\"ListItem\",\"position\":1,\"name\":\"Accueil\",\"item\":\"https:\/\/www.champmarket.com\/nl\/\"},{\"@type\":\"ListItem\",\"position\":2,\"name\":\"Winkel\",\"item\":\"https:\/\/www.champmarket.com\/nl\/boutique\/\"},{\"@type\":\"ListItem\",\"position\":3,\"name\":\"Louis Roederer\",\"item\":\"https:\/\/www.champmarket.com\/nl\/maisons\/selectie-champagne-louis-roederer-nl\/\"},{\"@type\":\"ListItem\",\"position\":4,\"name\":\"Louis Roederer Cristal Ros\u00e9 Mill\u00e9sim\u00e9 2014 Fles\"}]},{\"@type\":\"WebSite\",\"@id\":\"https:\/\/www.champmarket.com\/#website\",\"url\":\"https:\/\/www.champmarket.com\/\",\"name\":\"Champmarket\",\"description\":\"Champmarket, Champagnes, Cadeaus en Levenskunst\",\"publisher\":{\"@id\":\"https:\/\/www.champmarket.com\/#organization\"},\"potentialAction\":[{\"@type\":\"SearchAction\",\"target\":{\"@type\":\"EntryPoint\",\"urlTemplate\":\"https:\/\/www.champmarket.com\/?s={search_term_string}\"},\"query-input\":{\"@type\":\"PropertyValueSpecification\",\"valueRequired\":true,\"valueName\":\"search_term_string\"}}],\"inLanguage\":\"nl-NL\"},{\"@type\":\"Organization\",\"@id\":\"https:\/\/www.champmarket.com\/#organization\",\"name\":\"Champmarket\",\"url\":\"https:\/\/www.champmarket.com\/\",\"logo\":{\"@type\":\"ImageObject\",\"inLanguage\":\"nl-NL\",\"@id\":\"https:\/\/www.champmarket.com\/#\/schema\/logo\/image\/\",\"url\":\"https:\/\/www.champmarket.com\/wp-content\/uploads\/2024\/08\/logo2024-1.svg\",\"contentUrl\":\"https:\/\/www.champmarket.com\/wp-content\/uploads\/2024\/08\/logo2024-1.svg\",\"width\":579.8,\"height\":80,\"caption\":\"Champmarket\"},\"image\":{\"@id\":\"https:\/\/www.champmarket.com\/#\/schema\/logo\/image\/\"},\"sameAs\":[\"https:\/\/www.facebook.com\/ChampMarket\/\",\"https:\/\/x.com\/champmarket\",\"https:\/\/www.instagram.com\/champmarket.paris\/\",\"https:\/\/www.pinterest.fr\/champmarketparis\/\",\"https:\/\/www.linkedin.com\/company\/champmarket\/\"]}]}<\/script>\n<!-- \/ Yoast SEO plugin. -->","yoast_head_json":{"title":"Louis Roederer Cristal Ros\u00e9 Vintage 2013 Fles - Champmarket","description":"Louis Roederer Cristal Ros\u00e9 Vintage 2014 is een wijnjaar met rijp, geconcentreerd en slank fruit en een heerlijke textuur. Hij is ongelooflijk precies en heeft een hoge smaakintensiteit.","robots":{"index":"index","follow":"follow","max-snippet":"max-snippet:-1","max-image-preview":"max-image-preview:large","max-video-preview":"max-video-preview:-1"},"canonical":"https:\/\/www.champmarket.com\/nl\/champagne\/louis-roederer-cristal-rose-vintage-2014-fles\/","og_locale":"nl_NL","og_type":"article","og_title":"Louis Roederer Cristal Ros\u00e9 Vintage 2013 Fles - Champmarket","og_description":"Louis Roederer Cristal Ros\u00e9 Vintage 2014 is een wijnjaar met rijp, geconcentreerd en slank fruit en een heerlijke textuur. Hij is ongelooflijk precies en heeft een hoge smaakintensiteit.","og_url":"https:\/\/www.champmarket.com\/nl\/champagne\/louis-roederer-cristal-rose-vintage-2014-fles\/","og_site_name":"Champmarket","article_publisher":"https:\/\/www.facebook.com\/ChampMarket\/","article_modified_time":"2023-06-19T12:58:18+00:00","og_image":[{"width":2000,"height":2000,"url":"https:\/\/www.champmarket.com\/wp-content\/uploads\/2023\/05\/louis-roederer-cristal-rose-2014-bouteille.jpg","type":"image\/jpeg"}],"twitter_card":"summary_large_image","twitter_site":"@champmarket","twitter_misc":{"Geschatte leestijd":"1 minuut"},"schema":{"@context":"https:\/\/schema.org","@graph":[{"@type":"WebPage","@id":"https:\/\/www.champmarket.com\/nl\/champagne\/louis-roederer-cristal-rose-vintage-2014-fles\/","url":"https:\/\/www.champmarket.com\/nl\/champagne\/louis-roederer-cristal-rose-vintage-2014-fles\/","name":"Louis Roederer Cristal Ros\u00e9 Vintage 2013 Fles - Champmarket","isPartOf":{"@id":"https:\/\/www.champmarket.com\/#website"},"primaryImageOfPage":{"@id":"https:\/\/www.champmarket.com\/nl\/champagne\/louis-roederer-cristal-rose-vintage-2014-fles\/#primaryimage"},"image":{"@id":"https:\/\/www.champmarket.com\/nl\/champagne\/louis-roederer-cristal-rose-vintage-2014-fles\/#primaryimage"},"thumbnailUrl":"https:\/\/www.champmarket.com\/wp-content\/uploads\/2023\/05\/louis-roederer-cristal-rose-2014-bouteille.webp","datePublished":"2023-05-15T15:13:54+00:00","dateModified":"2023-06-19T12:58:18+00:00","description":"Louis Roederer Cristal Ros\u00e9 Vintage 2014 is een wijnjaar met rijp, geconcentreerd en slank fruit en een heerlijke textuur. Hij is ongelooflijk precies en heeft een hoge smaakintensiteit.","breadcrumb":{"@id":"https:\/\/www.champmarket.com\/nl\/champagne\/louis-roederer-cristal-rose-vintage-2014-fles\/#breadcrumb"},"inLanguage":"nl-NL","potentialAction":[{"@type":"ReadAction","target":["https:\/\/www.champmarket.com\/nl\/champagne\/louis-roederer-cristal-rose-vintage-2014-fles\/"]}]},{"@type":"ImageObject","inLanguage":"nl-NL","@id":"https:\/\/www.champmarket.com\/nl\/champagne\/louis-roederer-cristal-rose-vintage-2014-fles\/#primaryimage","url":"https:\/\/www.champmarket.com\/wp-content\/uploads\/2023\/05\/louis-roederer-cristal-rose-2014-bouteille.webp","contentUrl":"https:\/\/www.champmarket.com\/wp-content\/uploads\/2023\/05\/louis-roederer-cristal-rose-2014-bouteille.webp","width":2000,"height":2000,"caption":"Champagne Louis Roederer Cristal Ros\u00e9 2014 Bouteille - Champmarket"},{"@type":"BreadcrumbList","@id":"https:\/\/www.champmarket.com\/nl\/champagne\/louis-roederer-cristal-rose-vintage-2014-fles\/#breadcrumb","itemListElement":[{"@type":"ListItem","position":1,"name":"Accueil","item":"https:\/\/www.champmarket.com\/nl\/"},{"@type":"ListItem","position":2,"name":"Winkel","item":"https:\/\/www.champmarket.com\/nl\/boutique\/"},{"@type":"ListItem","position":3,"name":"Louis Roederer","item":"https:\/\/www.champmarket.com\/nl\/maisons\/selectie-champagne-louis-roederer-nl\/"},{"@type":"ListItem","position":4,"name":"Louis Roederer Cristal Ros\u00e9 Mill\u00e9sim\u00e9 2014 Fles"}]},{"@type":"WebSite","@id":"https:\/\/www.champmarket.com\/#website","url":"https:\/\/www.champmarket.com\/","name":"Champmarket","description":"Champmarket, Champagnes, Cadeaus en Levenskunst","publisher":{"@id":"https:\/\/www.champmarket.com\/#organization"},"potentialAction":[{"@type":"SearchAction","target":{"@type":"EntryPoint","urlTemplate":"https:\/\/www.champmarket.com\/?s={search_term_string}"},"query-input":{"@type":"PropertyValueSpecification","valueRequired":true,"valueName":"search_term_string"}}],"inLanguage":"nl-NL"},{"@type":"Organization","@id":"https:\/\/www.champmarket.com\/#organization","name":"Champmarket","url":"https:\/\/www.champmarket.com\/","logo":{"@type":"ImageObject","inLanguage":"nl-NL","@id":"https:\/\/www.champmarket.com\/#\/schema\/logo\/image\/","url":"https:\/\/www.champmarket.com\/wp-content\/uploads\/2024\/08\/logo2024-1.svg","contentUrl":"https:\/\/www.champmarket.com\/wp-content\/uploads\/2024\/08\/logo2024-1.svg","width":579.8,"height":80,"caption":"Champmarket"},"image":{"@id":"https:\/\/www.champmarket.com\/#\/schema\/logo\/image\/"},"sameAs":["https:\/\/www.facebook.com\/ChampMarket\/","https:\/\/x.com\/champmarket","https:\/\/www.instagram.com\/champmarket.paris\/","https:\/\/www.pinterest.fr\/champmarketparis\/","https:\/\/www.linkedin.com\/company\/champmarket\/"]}]}},"_links":{"self":[{"href":"https:\/\/www.champmarket.com\/nl\/wp-json\/wp\/v2\/product\/52830","targetHints":{"allow":["GET"]}}],"collection":[{"href":"https:\/\/www.champmarket.com\/nl\/wp-json\/wp\/v2\/product"}],"about":[{"href":"https:\/\/www.champmarket.com\/nl\/wp-json\/wp\/v2\/types\/product"}],"version-history":[{"count":0,"href":"https:\/\/www.champmarket.com\/nl\/wp-json\/wp\/v2\/product\/52830\/revisions"}],"wp:featuredmedia":[{"embeddable":true,"href":"https:\/\/www.champmarket.com\/nl\/wp-json\/wp\/v2\/media\/52796"}],"wp:attachment":[{"href":"https:\/\/www.champmarket.com\/nl\/wp-json\/wp\/v2\/media?parent=52830"}],"wp:term":[{"taxonomy":"product_brand","embeddable":true,"href":"https:\/\/www.champmarket.com\/nl\/wp-json\/wp\/v2\/product_brand?post=52830"},{"taxonomy":"product_cat","embeddable":true,"href":"https:\/\/www.champmarket.com\/nl\/wp-json\/wp\/v2\/product_cat?post=52830"},{"taxonomy":"product_tag","embeddable":true,"href":"https:\/\/www.champmarket.com\/nl\/wp-json\/wp\/v2\/product_tag?post=52830"}],"curies":[{"name":"wp","href":"https:\/\/api.w.org\/{rel}","templated":true}]}}