{"id":57450,"date":"2023-09-05T15:14:53","date_gmt":"2023-09-05T13:14:54","guid":{"rendered":"https:\/\/www.champmarket.com\/?post_type=product&#038;p=57450"},"modified":"2023-10-02T17:37:08","modified_gmt":"2023-10-02T15:37:08","slug":"dom-perignon-vintage-rose-2009-bouteille","status":"publish","type":"product","link":"https:\/\/www.champmarket.com\/nl\/champagne\/dom-perignon-vintage-rose-2009-bouteille\/","title":{"rendered":"Dom P\u00e9rignon Vintage Ros\u00e9 2009 Fles"},"content":{"rendered":"<p>Dom P\u00e9rignon Ros\u00e9 werd geboren om de grenzen van creatie te verleggen. Het weerspiegelt een diepgeworteld verlangen om zichzelf uit te dagen, risico&#8217;s te nemen, vrij te experimenteren en altijd verder te gaan. Dom P\u00e9rignon Ros\u00e9, getemd gedurende bijna twaalf jaar van langzame, gecontroleerde transformatie in de kelder, belichaamt de levendigheid van clair-obscur. Toegewijd aan creatie, verkent het radicaal het veld van mogelijkheden.<\/p>\n<p>De keldermeester heeft van deze levendige, dwingende aanwezigheid de hoeksteen gemaakt van de Dom P\u00e9rignon Vintage Ros\u00e9 2009 blend. De oneindige gulheid van de blend benadrukt de aroma&#8217;s, met alle aromatische nuances van pinot noir &#8211; framboos, vijg, aardbei, kers &#8211; verrijkt met de delicatesse, minerale elegantie en lichte toetsen van chardonnay. Vlezig en omhullend, rond en romig, zoet en voluptueus, het fruit laat zijn aanwezigheid voelen. Zijn frisheid en de knapperige sensatie die doet denken aan net geplukte druiven maken er een ideale wijn van, die op een radicale manier wordt bevestigd door de rijping in de kelder: het fruit is intens, evenwichtig maar licht, krachtig maar beheerst. Hij is een kloppend hart.<\/p>\n","protected":false},"excerpt":{"rendered":"<p>Een volleerde Champagne, Dom P\u00e9rignon Vintage Ros\u00e9 2009 is zowel intiem als strelend: deze intens levendige wijn is een ware belichaming van het fruit van de oogst. De Vintage 2009, geboren uit een hete, droge en zonnige zomer, is stralend en de druiven tonen hun volle majesteit, rijpheid en rijkdom.<\/p>\n","protected":false},"featured_media":58469,"template":"","meta":{"_acf_changed":false},"product_brand":[],"product_cat":[3353,3321,3308,3138,3143,3106,3176,3117,3115,3116,3168],"product_tag":[3188,3190,3200],"class_list":{"0":"post-57450","1":"product","2":"type-product","3":"status-publish","4":"has-post-thumbnail","6":"maisons-selectie-champagne-dom-perignon-nl","7":"product_cat-kerstchampagnes","8":"product_cat-beste-champagnes","9":"product_cat-alle-champagnes-en-boxes","10":"product_cat-categorie-champagnehuizen","11":"product_cat-dom-perignon-nl","12":"product_cat-flessen","13":"product_cat-tous-les-champagnes-nl","14":"product_cat-rose-champagne","15":"product_cat-vintage-champagne","16":"product_cat-prestige-champagne","17":"product_cat-repas-nl","18":"product_tag-haute-couture-nl","19":"product_tag-la-vie-en-rose-nl","20":"product_tag-vintage-nl","22":"first","23":"instock","24":"taxable","25":"shipping-taxable","26":"purchasable","27":"product-type-simple"},"acf":[],"yoast_head":"<!-- This site is optimized with the Yoast SEO plugin v26.4 - https:\/\/yoast.com\/wordpress\/plugins\/seo\/ -->\n<title>Dom P\u00e9rignon Vintage Ros\u00e9 2009 Fles - Champmarket<\/title>\n<meta name=\"description\" content=\"Een volleerde Champagne, Dom P\u00e9rignon Vintage Ros\u00e9 2009 is zowel intiem als strelend. De Vintage 2009, geboren uit een hete, droge en zonnige zomer, is stralend en de druiven tonen hun volle majesteit, rijpheid en rijkdom.\" \/>\n<meta name=\"robots\" content=\"index, follow, max-snippet:-1, max-image-preview:large, max-video-preview:-1\" \/>\n<link rel=\"canonical\" href=\"https:\/\/www.champmarket.com\/nl\/champagne\/dom-perignon-vintage-rose-2009-bouteille\/\" \/>\n<meta property=\"og:locale\" content=\"nl_NL\" \/>\n<meta property=\"og:type\" content=\"article\" \/>\n<meta property=\"og:title\" content=\"Dom P\u00e9rignon Vintage Ros\u00e9 2009 Fles - Champmarket\" \/>\n<meta property=\"og:description\" content=\"Een volleerde Champagne, Dom P\u00e9rignon Vintage Ros\u00e9 2009 is zowel intiem als strelend. De Vintage 2009, geboren uit een hete, droge en zonnige zomer, is stralend en de druiven tonen hun volle majesteit, rijpheid en rijkdom.\" \/>\n<meta property=\"og:url\" content=\"https:\/\/www.champmarket.com\/nl\/champagne\/dom-perignon-vintage-rose-2009-bouteille\/\" \/>\n<meta property=\"og:site_name\" content=\"Champmarket\" \/>\n<meta property=\"article:publisher\" content=\"https:\/\/www.facebook.com\/ChampMarket\/\" \/>\n<meta property=\"article:modified_time\" content=\"2023-10-02T15:37:08+00:00\" \/>\n<meta property=\"og:image\" content=\"https:\/\/www.champmarket.com\/wp-content\/uploads\/2023\/09\/fiche-produit-dom-perignon-vintage-rose-2009-bouteille.jpg\" \/>\n\t<meta property=\"og:image:width\" content=\"2000\" \/>\n\t<meta property=\"og:image:height\" content=\"2000\" \/>\n\t<meta property=\"og:image:type\" content=\"image\/jpeg\" \/>\n<meta name=\"twitter:card\" content=\"summary_large_image\" \/>\n<meta name=\"twitter:site\" content=\"@champmarket\" \/>\n<meta name=\"twitter:label1\" content=\"Geschatte leestijd\" \/>\n\t<meta name=\"twitter:data1\" content=\"1 minuut\" \/>\n<script type=\"application\/ld+json\" class=\"yoast-schema-graph\">{\"@context\":\"https:\/\/schema.org\",\"@graph\":[{\"@type\":\"WebPage\",\"@id\":\"https:\/\/www.champmarket.com\/nl\/champagne\/dom-perignon-vintage-rose-2009-bouteille\/\",\"url\":\"https:\/\/www.champmarket.com\/nl\/champagne\/dom-perignon-vintage-rose-2009-bouteille\/\",\"name\":\"Dom P\u00e9rignon Vintage Ros\u00e9 2009 Fles - Champmarket\",\"isPartOf\":{\"@id\":\"https:\/\/www.champmarket.com\/#website\"},\"primaryImageOfPage\":{\"@id\":\"https:\/\/www.champmarket.com\/nl\/champagne\/dom-perignon-vintage-rose-2009-bouteille\/#primaryimage\"},\"image\":{\"@id\":\"https:\/\/www.champmarket.com\/nl\/champagne\/dom-perignon-vintage-rose-2009-bouteille\/#primaryimage\"},\"thumbnailUrl\":\"https:\/\/www.champmarket.com\/wp-content\/uploads\/2023\/09\/fiche-produit-dom-perignon-vintage-rose-2009-bouteille.jpg\",\"datePublished\":\"2023-09-05T13:14:54+00:00\",\"dateModified\":\"2023-10-02T15:37:08+00:00\",\"description\":\"Een volleerde Champagne, Dom P\u00e9rignon Vintage Ros\u00e9 2009 is zowel intiem als strelend. De Vintage 2009, geboren uit een hete, droge en zonnige zomer, is stralend en de druiven tonen hun volle majesteit, rijpheid en rijkdom.\",\"breadcrumb\":{\"@id\":\"https:\/\/www.champmarket.com\/nl\/champagne\/dom-perignon-vintage-rose-2009-bouteille\/#breadcrumb\"},\"inLanguage\":\"nl-NL\",\"potentialAction\":[{\"@type\":\"ReadAction\",\"target\":[\"https:\/\/www.champmarket.com\/nl\/champagne\/dom-perignon-vintage-rose-2009-bouteille\/\"]}]},{\"@type\":\"ImageObject\",\"inLanguage\":\"nl-NL\",\"@id\":\"https:\/\/www.champmarket.com\/nl\/champagne\/dom-perignon-vintage-rose-2009-bouteille\/#primaryimage\",\"url\":\"https:\/\/www.champmarket.com\/wp-content\/uploads\/2023\/09\/fiche-produit-dom-perignon-vintage-rose-2009-bouteille.jpg\",\"contentUrl\":\"https:\/\/www.champmarket.com\/wp-content\/uploads\/2023\/09\/fiche-produit-dom-perignon-vintage-rose-2009-bouteille.jpg\",\"width\":2000,\"height\":2000,\"caption\":\"Champagne Dom P\u00e9rignon Vintage Ros\u00e9 2009 - Champmarket\"},{\"@type\":\"BreadcrumbList\",\"@id\":\"https:\/\/www.champmarket.com\/nl\/champagne\/dom-perignon-vintage-rose-2009-bouteille\/#breadcrumb\",\"itemListElement\":[{\"@type\":\"ListItem\",\"position\":1,\"name\":\"Accueil\",\"item\":\"https:\/\/www.champmarket.com\/nl\/\"},{\"@type\":\"ListItem\",\"position\":2,\"name\":\"Winkel\",\"item\":\"https:\/\/www.champmarket.com\/nl\/boutique\/\"},{\"@type\":\"ListItem\",\"position\":3,\"name\":\"Dom P\u00e9rignon\",\"item\":\"https:\/\/www.champmarket.com\/nl\/maisons\/selectie-champagne-dom-perignon-nl\/\"},{\"@type\":\"ListItem\",\"position\":4,\"name\":\"Dom P\u00e9rignon Vintage Ros\u00e9 2009 Fles\"}]},{\"@type\":\"WebSite\",\"@id\":\"https:\/\/www.champmarket.com\/#website\",\"url\":\"https:\/\/www.champmarket.com\/\",\"name\":\"Champmarket\",\"description\":\"Champmarket, Champagnes, Cadeaus en Levenskunst\",\"publisher\":{\"@id\":\"https:\/\/www.champmarket.com\/#organization\"},\"potentialAction\":[{\"@type\":\"SearchAction\",\"target\":{\"@type\":\"EntryPoint\",\"urlTemplate\":\"https:\/\/www.champmarket.com\/?s={search_term_string}\"},\"query-input\":{\"@type\":\"PropertyValueSpecification\",\"valueRequired\":true,\"valueName\":\"search_term_string\"}}],\"inLanguage\":\"nl-NL\"},{\"@type\":\"Organization\",\"@id\":\"https:\/\/www.champmarket.com\/#organization\",\"name\":\"Champmarket\",\"url\":\"https:\/\/www.champmarket.com\/\",\"logo\":{\"@type\":\"ImageObject\",\"inLanguage\":\"nl-NL\",\"@id\":\"https:\/\/www.champmarket.com\/#\/schema\/logo\/image\/\",\"url\":\"https:\/\/www.champmarket.com\/wp-content\/uploads\/2024\/08\/logo2024-1.svg\",\"contentUrl\":\"https:\/\/www.champmarket.com\/wp-content\/uploads\/2024\/08\/logo2024-1.svg\",\"width\":579.8,\"height\":80,\"caption\":\"Champmarket\"},\"image\":{\"@id\":\"https:\/\/www.champmarket.com\/#\/schema\/logo\/image\/\"},\"sameAs\":[\"https:\/\/www.facebook.com\/ChampMarket\/\",\"https:\/\/x.com\/champmarket\",\"https:\/\/www.instagram.com\/champmarket.paris\/\",\"https:\/\/www.pinterest.fr\/champmarketparis\/\",\"https:\/\/www.linkedin.com\/company\/champmarket\/\"]}]}<\/script>\n<!-- \/ Yoast SEO plugin. -->","yoast_head_json":{"title":"Dom P\u00e9rignon Vintage Ros\u00e9 2009 Fles - Champmarket","description":"Een volleerde Champagne, Dom P\u00e9rignon Vintage Ros\u00e9 2009 is zowel intiem als strelend. De Vintage 2009, geboren uit een hete, droge en zonnige zomer, is stralend en de druiven tonen hun volle majesteit, rijpheid en rijkdom.","robots":{"index":"index","follow":"follow","max-snippet":"max-snippet:-1","max-image-preview":"max-image-preview:large","max-video-preview":"max-video-preview:-1"},"canonical":"https:\/\/www.champmarket.com\/nl\/champagne\/dom-perignon-vintage-rose-2009-bouteille\/","og_locale":"nl_NL","og_type":"article","og_title":"Dom P\u00e9rignon Vintage Ros\u00e9 2009 Fles - Champmarket","og_description":"Een volleerde Champagne, Dom P\u00e9rignon Vintage Ros\u00e9 2009 is zowel intiem als strelend. De Vintage 2009, geboren uit een hete, droge en zonnige zomer, is stralend en de druiven tonen hun volle majesteit, rijpheid en rijkdom.","og_url":"https:\/\/www.champmarket.com\/nl\/champagne\/dom-perignon-vintage-rose-2009-bouteille\/","og_site_name":"Champmarket","article_publisher":"https:\/\/www.facebook.com\/ChampMarket\/","article_modified_time":"2023-10-02T15:37:08+00:00","og_image":[{"width":2000,"height":2000,"url":"https:\/\/www.champmarket.com\/wp-content\/uploads\/2023\/09\/fiche-produit-dom-perignon-vintage-rose-2009-bouteille.jpg","type":"image\/jpeg"}],"twitter_card":"summary_large_image","twitter_site":"@champmarket","twitter_misc":{"Geschatte leestijd":"1 minuut"},"schema":{"@context":"https:\/\/schema.org","@graph":[{"@type":"WebPage","@id":"https:\/\/www.champmarket.com\/nl\/champagne\/dom-perignon-vintage-rose-2009-bouteille\/","url":"https:\/\/www.champmarket.com\/nl\/champagne\/dom-perignon-vintage-rose-2009-bouteille\/","name":"Dom P\u00e9rignon Vintage Ros\u00e9 2009 Fles - Champmarket","isPartOf":{"@id":"https:\/\/www.champmarket.com\/#website"},"primaryImageOfPage":{"@id":"https:\/\/www.champmarket.com\/nl\/champagne\/dom-perignon-vintage-rose-2009-bouteille\/#primaryimage"},"image":{"@id":"https:\/\/www.champmarket.com\/nl\/champagne\/dom-perignon-vintage-rose-2009-bouteille\/#primaryimage"},"thumbnailUrl":"https:\/\/www.champmarket.com\/wp-content\/uploads\/2023\/09\/fiche-produit-dom-perignon-vintage-rose-2009-bouteille.jpg","datePublished":"2023-09-05T13:14:54+00:00","dateModified":"2023-10-02T15:37:08+00:00","description":"Een volleerde Champagne, Dom P\u00e9rignon Vintage Ros\u00e9 2009 is zowel intiem als strelend. De Vintage 2009, geboren uit een hete, droge en zonnige zomer, is stralend en de druiven tonen hun volle majesteit, rijpheid en rijkdom.","breadcrumb":{"@id":"https:\/\/www.champmarket.com\/nl\/champagne\/dom-perignon-vintage-rose-2009-bouteille\/#breadcrumb"},"inLanguage":"nl-NL","potentialAction":[{"@type":"ReadAction","target":["https:\/\/www.champmarket.com\/nl\/champagne\/dom-perignon-vintage-rose-2009-bouteille\/"]}]},{"@type":"ImageObject","inLanguage":"nl-NL","@id":"https:\/\/www.champmarket.com\/nl\/champagne\/dom-perignon-vintage-rose-2009-bouteille\/#primaryimage","url":"https:\/\/www.champmarket.com\/wp-content\/uploads\/2023\/09\/fiche-produit-dom-perignon-vintage-rose-2009-bouteille.jpg","contentUrl":"https:\/\/www.champmarket.com\/wp-content\/uploads\/2023\/09\/fiche-produit-dom-perignon-vintage-rose-2009-bouteille.jpg","width":2000,"height":2000,"caption":"Champagne Dom P\u00e9rignon Vintage Ros\u00e9 2009 - Champmarket"},{"@type":"BreadcrumbList","@id":"https:\/\/www.champmarket.com\/nl\/champagne\/dom-perignon-vintage-rose-2009-bouteille\/#breadcrumb","itemListElement":[{"@type":"ListItem","position":1,"name":"Accueil","item":"https:\/\/www.champmarket.com\/nl\/"},{"@type":"ListItem","position":2,"name":"Winkel","item":"https:\/\/www.champmarket.com\/nl\/boutique\/"},{"@type":"ListItem","position":3,"name":"Dom P\u00e9rignon","item":"https:\/\/www.champmarket.com\/nl\/maisons\/selectie-champagne-dom-perignon-nl\/"},{"@type":"ListItem","position":4,"name":"Dom P\u00e9rignon Vintage Ros\u00e9 2009 Fles"}]},{"@type":"WebSite","@id":"https:\/\/www.champmarket.com\/#website","url":"https:\/\/www.champmarket.com\/","name":"Champmarket","description":"Champmarket, Champagnes, Cadeaus en Levenskunst","publisher":{"@id":"https:\/\/www.champmarket.com\/#organization"},"potentialAction":[{"@type":"SearchAction","target":{"@type":"EntryPoint","urlTemplate":"https:\/\/www.champmarket.com\/?s={search_term_string}"},"query-input":{"@type":"PropertyValueSpecification","valueRequired":true,"valueName":"search_term_string"}}],"inLanguage":"nl-NL"},{"@type":"Organization","@id":"https:\/\/www.champmarket.com\/#organization","name":"Champmarket","url":"https:\/\/www.champmarket.com\/","logo":{"@type":"ImageObject","inLanguage":"nl-NL","@id":"https:\/\/www.champmarket.com\/#\/schema\/logo\/image\/","url":"https:\/\/www.champmarket.com\/wp-content\/uploads\/2024\/08\/logo2024-1.svg","contentUrl":"https:\/\/www.champmarket.com\/wp-content\/uploads\/2024\/08\/logo2024-1.svg","width":579.8,"height":80,"caption":"Champmarket"},"image":{"@id":"https:\/\/www.champmarket.com\/#\/schema\/logo\/image\/"},"sameAs":["https:\/\/www.facebook.com\/ChampMarket\/","https:\/\/x.com\/champmarket","https:\/\/www.instagram.com\/champmarket.paris\/","https:\/\/www.pinterest.fr\/champmarketparis\/","https:\/\/www.linkedin.com\/company\/champmarket\/"]}]}},"_links":{"self":[{"href":"https:\/\/www.champmarket.com\/nl\/wp-json\/wp\/v2\/product\/57450","targetHints":{"allow":["GET"]}}],"collection":[{"href":"https:\/\/www.champmarket.com\/nl\/wp-json\/wp\/v2\/product"}],"about":[{"href":"https:\/\/www.champmarket.com\/nl\/wp-json\/wp\/v2\/types\/product"}],"version-history":[{"count":1,"href":"https:\/\/www.champmarket.com\/nl\/wp-json\/wp\/v2\/product\/57450\/revisions"}],"predecessor-version":[{"id":59253,"href":"https:\/\/www.champmarket.com\/nl\/wp-json\/wp\/v2\/product\/57450\/revisions\/59253"}],"wp:featuredmedia":[{"embeddable":true,"href":"https:\/\/www.champmarket.com\/nl\/wp-json\/wp\/v2\/media\/58469"}],"wp:attachment":[{"href":"https:\/\/www.champmarket.com\/nl\/wp-json\/wp\/v2\/media?parent=57450"}],"wp:term":[{"taxonomy":"product_brand","embeddable":true,"href":"https:\/\/www.champmarket.com\/nl\/wp-json\/wp\/v2\/product_brand?post=57450"},{"taxonomy":"product_cat","embeddable":true,"href":"https:\/\/www.champmarket.com\/nl\/wp-json\/wp\/v2\/product_cat?post=57450"},{"taxonomy":"product_tag","embeddable":true,"href":"https:\/\/www.champmarket.com\/nl\/wp-json\/wp\/v2\/product_tag?post=57450"}],"curies":[{"name":"wp","href":"https:\/\/api.w.org\/{rel}","templated":true}]}}