{"id":59103,"date":"2023-09-29T09:03:44","date_gmt":"2023-09-29T07:03:45","guid":{"rendered":"https:\/\/www.champmarket.com\/?post_type=product&#038;p=59103"},"modified":"2023-10-09T10:31:37","modified_gmt":"2023-10-09T08:31:37","slug":"dom-perignon-rose-vintage-2008-magnum-coffret","status":"publish","type":"product","link":"https:\/\/www.champmarket.com\/nl\/champagne\/dom-perignon-rose-vintage-2008-magnum-coffret\/","title":{"rendered":"Dom P\u00e9rignon Ros\u00e9 Vintage 2008 Magnum met kist"},"content":{"rendered":"<p>Dom P\u00e9rignon Ros\u00e9 Vintage 2008 magnum met doos is een grote fles met een inhoud van 1,5 liter, wat overeenkomt met 2 flessen champagne of 12 glazen.<\/p>\n<p>Wanneer Dom P\u00e9rignon champagne ros\u00e9 wordt, is dat in naam van de durf: de durf om zich te bevrijden van de conventies van de champagneproductie, om voortdurend de grenzen van de creatie te verleggen. Dom P\u00e9rignon Ros\u00e9, geboren uit deze bereidheid om te durven, vangt het rood van Pinot Noir in zijn oorspronkelijke schittering en vangt zijn complexiteit in een gedurfde en assertieve blend.<\/p>\n","protected":false},"excerpt":{"rendered":"<p>Dom P\u00e9rignon Ros\u00e9 2008 is ontwikkeld gedurende bijna twaalf jaar van langzame, gecontroleerde transformatie in de kelder en is intens en pittig, licht en donker, magnetisch. Een fruitige, gestructureerde, volle champagne. Dom P\u00e9rignon Ros\u00e9 Vintage 2008 magnum met doos is het ideale geschenk en de perfecte verpakking voor je recepties, diners of speciale gelegenheden.<\/p>\n","protected":false},"featured_media":59110,"template":"","meta":{"_acf_changed":false},"product_brand":[],"product_cat":[3321,3308,3138,3143,3129,3132,3176,3117,3115,3116,3168],"product_tag":[3187,3188,3190,3195],"class_list":{"0":"post-59103","1":"product","2":"type-product","3":"status-publish","4":"has-post-thumbnail","6":"maisons-selectie-champagne-dom-perignon-nl","7":"product_cat-beste-champagnes","8":"product_cat-alle-champagnes-en-boxes","9":"product_cat-categorie-champagnehuizen","10":"product_cat-dom-perignon-nl","11":"product_cat-grote-flessen","12":"product_cat-magnum-nl","13":"product_cat-tous-les-champagnes-nl","14":"product_cat-rose-champagne","15":"product_cat-vintage-champagne","16":"product_cat-prestige-champagne","17":"product_cat-repas-nl","18":"product_tag-grand-flacon-nl","19":"product_tag-haute-couture-nl","20":"product_tag-la-vie-en-rose-nl","21":"product_tag-pour-offrir-nl","23":"first","24":"instock","25":"taxable","26":"shipping-taxable","27":"purchasable","28":"product-type-simple"},"acf":[],"yoast_head":"<!-- This site is optimized with the Yoast SEO plugin v26.4 - https:\/\/yoast.com\/wordpress\/plugins\/seo\/ -->\n<title>Dom P\u00e9rignon Ros\u00e9 Vintage 2008 Magnum met kist - Champmarket<\/title>\n<meta name=\"description\" content=\"De Dom P\u00e9rignon Ros\u00e9 Vintage 2008 magnum champagne met doos, intens en pittig, licht en donker, magnetisch, is het ideale geschenk.\" \/>\n<meta name=\"robots\" content=\"index, follow, max-snippet:-1, max-image-preview:large, max-video-preview:-1\" \/>\n<link rel=\"canonical\" href=\"https:\/\/www.champmarket.com\/nl\/champagne\/dom-perignon-rose-vintage-2008-magnum-coffret\/\" \/>\n<meta property=\"og:locale\" content=\"nl_NL\" \/>\n<meta property=\"og:type\" content=\"article\" \/>\n<meta property=\"og:title\" content=\"Dom P\u00e9rignon Ros\u00e9 Vintage 2008 Magnum met kist - Champmarket\" \/>\n<meta property=\"og:description\" content=\"De Dom P\u00e9rignon Ros\u00e9 Vintage 2008 magnum champagne met doos, intens en pittig, licht en donker, magnetisch, is het ideale geschenk.\" \/>\n<meta property=\"og:url\" content=\"https:\/\/www.champmarket.com\/nl\/champagne\/dom-perignon-rose-vintage-2008-magnum-coffret\/\" \/>\n<meta property=\"og:site_name\" content=\"Champmarket\" \/>\n<meta property=\"article:publisher\" content=\"https:\/\/www.facebook.com\/ChampMarket\/\" \/>\n<meta property=\"article:modified_time\" content=\"2023-10-09T08:31:37+00:00\" \/>\n<meta property=\"og:image\" content=\"https:\/\/www.champmarket.com\/wp-content\/uploads\/2023\/09\/dom-perignon-rose-vintage-2008-magnum-coffret.webp\" \/>\n\t<meta property=\"og:image:width\" content=\"1200\" \/>\n\t<meta property=\"og:image:height\" content=\"1200\" \/>\n\t<meta property=\"og:image:type\" content=\"image\/webp\" \/>\n<meta name=\"twitter:card\" content=\"summary_large_image\" \/>\n<meta name=\"twitter:site\" content=\"@champmarket\" \/>\n<meta name=\"twitter:label1\" content=\"Geschatte leestijd\" \/>\n\t<meta name=\"twitter:data1\" content=\"1 minuut\" \/>\n<script type=\"application\/ld+json\" class=\"yoast-schema-graph\">{\"@context\":\"https:\/\/schema.org\",\"@graph\":[{\"@type\":\"WebPage\",\"@id\":\"https:\/\/www.champmarket.com\/nl\/champagne\/dom-perignon-rose-vintage-2008-magnum-coffret\/\",\"url\":\"https:\/\/www.champmarket.com\/nl\/champagne\/dom-perignon-rose-vintage-2008-magnum-coffret\/\",\"name\":\"Dom P\u00e9rignon Ros\u00e9 Vintage 2008 Magnum met kist - Champmarket\",\"isPartOf\":{\"@id\":\"https:\/\/www.champmarket.com\/#website\"},\"primaryImageOfPage\":{\"@id\":\"https:\/\/www.champmarket.com\/nl\/champagne\/dom-perignon-rose-vintage-2008-magnum-coffret\/#primaryimage\"},\"image\":{\"@id\":\"https:\/\/www.champmarket.com\/nl\/champagne\/dom-perignon-rose-vintage-2008-magnum-coffret\/#primaryimage\"},\"thumbnailUrl\":\"https:\/\/www.champmarket.com\/wp-content\/uploads\/2023\/09\/dom-perignon-rose-vintage-2008-magnum-coffret.webp\",\"datePublished\":\"2023-09-29T07:03:45+00:00\",\"dateModified\":\"2023-10-09T08:31:37+00:00\",\"description\":\"De Dom P\u00e9rignon Ros\u00e9 Vintage 2008 magnum champagne met doos, intens en pittig, licht en donker, magnetisch, is het ideale geschenk.\",\"breadcrumb\":{\"@id\":\"https:\/\/www.champmarket.com\/nl\/champagne\/dom-perignon-rose-vintage-2008-magnum-coffret\/#breadcrumb\"},\"inLanguage\":\"nl-NL\",\"potentialAction\":[{\"@type\":\"ReadAction\",\"target\":[\"https:\/\/www.champmarket.com\/nl\/champagne\/dom-perignon-rose-vintage-2008-magnum-coffret\/\"]}]},{\"@type\":\"ImageObject\",\"inLanguage\":\"nl-NL\",\"@id\":\"https:\/\/www.champmarket.com\/nl\/champagne\/dom-perignon-rose-vintage-2008-magnum-coffret\/#primaryimage\",\"url\":\"https:\/\/www.champmarket.com\/wp-content\/uploads\/2023\/09\/dom-perignon-rose-vintage-2008-magnum-coffret.webp\",\"contentUrl\":\"https:\/\/www.champmarket.com\/wp-content\/uploads\/2023\/09\/dom-perignon-rose-vintage-2008-magnum-coffret.webp\",\"width\":1200,\"height\":1200,\"caption\":\"Champagne Dom P\u00e9rignon Ros\u00e9 Vintage 2008 Magnum avec coffret - Champmarket\"},{\"@type\":\"BreadcrumbList\",\"@id\":\"https:\/\/www.champmarket.com\/nl\/champagne\/dom-perignon-rose-vintage-2008-magnum-coffret\/#breadcrumb\",\"itemListElement\":[{\"@type\":\"ListItem\",\"position\":1,\"name\":\"Accueil\",\"item\":\"https:\/\/www.champmarket.com\/nl\/\"},{\"@type\":\"ListItem\",\"position\":2,\"name\":\"Winkel\",\"item\":\"https:\/\/www.champmarket.com\/nl\/boutique\/\"},{\"@type\":\"ListItem\",\"position\":3,\"name\":\"Dom P\u00e9rignon\",\"item\":\"https:\/\/www.champmarket.com\/nl\/maisons\/selectie-champagne-dom-perignon-nl\/\"},{\"@type\":\"ListItem\",\"position\":4,\"name\":\"Dom P\u00e9rignon Ros\u00e9 Vintage 2008 Magnum met kist\"}]},{\"@type\":\"WebSite\",\"@id\":\"https:\/\/www.champmarket.com\/#website\",\"url\":\"https:\/\/www.champmarket.com\/\",\"name\":\"Champmarket\",\"description\":\"Champmarket, Champagnes, Cadeaus en Levenskunst\",\"publisher\":{\"@id\":\"https:\/\/www.champmarket.com\/#organization\"},\"potentialAction\":[{\"@type\":\"SearchAction\",\"target\":{\"@type\":\"EntryPoint\",\"urlTemplate\":\"https:\/\/www.champmarket.com\/?s={search_term_string}\"},\"query-input\":{\"@type\":\"PropertyValueSpecification\",\"valueRequired\":true,\"valueName\":\"search_term_string\"}}],\"inLanguage\":\"nl-NL\"},{\"@type\":\"Organization\",\"@id\":\"https:\/\/www.champmarket.com\/#organization\",\"name\":\"Champmarket\",\"url\":\"https:\/\/www.champmarket.com\/\",\"logo\":{\"@type\":\"ImageObject\",\"inLanguage\":\"nl-NL\",\"@id\":\"https:\/\/www.champmarket.com\/#\/schema\/logo\/image\/\",\"url\":\"https:\/\/www.champmarket.com\/wp-content\/uploads\/2024\/08\/logo2024-1.svg\",\"contentUrl\":\"https:\/\/www.champmarket.com\/wp-content\/uploads\/2024\/08\/logo2024-1.svg\",\"width\":579.8,\"height\":80,\"caption\":\"Champmarket\"},\"image\":{\"@id\":\"https:\/\/www.champmarket.com\/#\/schema\/logo\/image\/\"},\"sameAs\":[\"https:\/\/www.facebook.com\/ChampMarket\/\",\"https:\/\/x.com\/champmarket\",\"https:\/\/www.instagram.com\/champmarket.paris\/\",\"https:\/\/www.pinterest.fr\/champmarketparis\/\",\"https:\/\/www.linkedin.com\/company\/champmarket\/\"]}]}<\/script>\n<!-- \/ Yoast SEO plugin. -->","yoast_head_json":{"title":"Dom P\u00e9rignon Ros\u00e9 Vintage 2008 Magnum met kist - Champmarket","description":"De Dom P\u00e9rignon Ros\u00e9 Vintage 2008 magnum champagne met doos, intens en pittig, licht en donker, magnetisch, is het ideale geschenk.","robots":{"index":"index","follow":"follow","max-snippet":"max-snippet:-1","max-image-preview":"max-image-preview:large","max-video-preview":"max-video-preview:-1"},"canonical":"https:\/\/www.champmarket.com\/nl\/champagne\/dom-perignon-rose-vintage-2008-magnum-coffret\/","og_locale":"nl_NL","og_type":"article","og_title":"Dom P\u00e9rignon Ros\u00e9 Vintage 2008 Magnum met kist - Champmarket","og_description":"De Dom P\u00e9rignon Ros\u00e9 Vintage 2008 magnum champagne met doos, intens en pittig, licht en donker, magnetisch, is het ideale geschenk.","og_url":"https:\/\/www.champmarket.com\/nl\/champagne\/dom-perignon-rose-vintage-2008-magnum-coffret\/","og_site_name":"Champmarket","article_publisher":"https:\/\/www.facebook.com\/ChampMarket\/","article_modified_time":"2023-10-09T08:31:37+00:00","og_image":[{"width":1200,"height":1200,"url":"https:\/\/www.champmarket.com\/wp-content\/uploads\/2023\/09\/dom-perignon-rose-vintage-2008-magnum-coffret.webp","type":"image\/webp"}],"twitter_card":"summary_large_image","twitter_site":"@champmarket","twitter_misc":{"Geschatte leestijd":"1 minuut"},"schema":{"@context":"https:\/\/schema.org","@graph":[{"@type":"WebPage","@id":"https:\/\/www.champmarket.com\/nl\/champagne\/dom-perignon-rose-vintage-2008-magnum-coffret\/","url":"https:\/\/www.champmarket.com\/nl\/champagne\/dom-perignon-rose-vintage-2008-magnum-coffret\/","name":"Dom P\u00e9rignon Ros\u00e9 Vintage 2008 Magnum met kist - Champmarket","isPartOf":{"@id":"https:\/\/www.champmarket.com\/#website"},"primaryImageOfPage":{"@id":"https:\/\/www.champmarket.com\/nl\/champagne\/dom-perignon-rose-vintage-2008-magnum-coffret\/#primaryimage"},"image":{"@id":"https:\/\/www.champmarket.com\/nl\/champagne\/dom-perignon-rose-vintage-2008-magnum-coffret\/#primaryimage"},"thumbnailUrl":"https:\/\/www.champmarket.com\/wp-content\/uploads\/2023\/09\/dom-perignon-rose-vintage-2008-magnum-coffret.webp","datePublished":"2023-09-29T07:03:45+00:00","dateModified":"2023-10-09T08:31:37+00:00","description":"De Dom P\u00e9rignon Ros\u00e9 Vintage 2008 magnum champagne met doos, intens en pittig, licht en donker, magnetisch, is het ideale geschenk.","breadcrumb":{"@id":"https:\/\/www.champmarket.com\/nl\/champagne\/dom-perignon-rose-vintage-2008-magnum-coffret\/#breadcrumb"},"inLanguage":"nl-NL","potentialAction":[{"@type":"ReadAction","target":["https:\/\/www.champmarket.com\/nl\/champagne\/dom-perignon-rose-vintage-2008-magnum-coffret\/"]}]},{"@type":"ImageObject","inLanguage":"nl-NL","@id":"https:\/\/www.champmarket.com\/nl\/champagne\/dom-perignon-rose-vintage-2008-magnum-coffret\/#primaryimage","url":"https:\/\/www.champmarket.com\/wp-content\/uploads\/2023\/09\/dom-perignon-rose-vintage-2008-magnum-coffret.webp","contentUrl":"https:\/\/www.champmarket.com\/wp-content\/uploads\/2023\/09\/dom-perignon-rose-vintage-2008-magnum-coffret.webp","width":1200,"height":1200,"caption":"Champagne Dom P\u00e9rignon Ros\u00e9 Vintage 2008 Magnum avec coffret - Champmarket"},{"@type":"BreadcrumbList","@id":"https:\/\/www.champmarket.com\/nl\/champagne\/dom-perignon-rose-vintage-2008-magnum-coffret\/#breadcrumb","itemListElement":[{"@type":"ListItem","position":1,"name":"Accueil","item":"https:\/\/www.champmarket.com\/nl\/"},{"@type":"ListItem","position":2,"name":"Winkel","item":"https:\/\/www.champmarket.com\/nl\/boutique\/"},{"@type":"ListItem","position":3,"name":"Dom P\u00e9rignon","item":"https:\/\/www.champmarket.com\/nl\/maisons\/selectie-champagne-dom-perignon-nl\/"},{"@type":"ListItem","position":4,"name":"Dom P\u00e9rignon Ros\u00e9 Vintage 2008 Magnum met kist"}]},{"@type":"WebSite","@id":"https:\/\/www.champmarket.com\/#website","url":"https:\/\/www.champmarket.com\/","name":"Champmarket","description":"Champmarket, Champagnes, Cadeaus en Levenskunst","publisher":{"@id":"https:\/\/www.champmarket.com\/#organization"},"potentialAction":[{"@type":"SearchAction","target":{"@type":"EntryPoint","urlTemplate":"https:\/\/www.champmarket.com\/?s={search_term_string}"},"query-input":{"@type":"PropertyValueSpecification","valueRequired":true,"valueName":"search_term_string"}}],"inLanguage":"nl-NL"},{"@type":"Organization","@id":"https:\/\/www.champmarket.com\/#organization","name":"Champmarket","url":"https:\/\/www.champmarket.com\/","logo":{"@type":"ImageObject","inLanguage":"nl-NL","@id":"https:\/\/www.champmarket.com\/#\/schema\/logo\/image\/","url":"https:\/\/www.champmarket.com\/wp-content\/uploads\/2024\/08\/logo2024-1.svg","contentUrl":"https:\/\/www.champmarket.com\/wp-content\/uploads\/2024\/08\/logo2024-1.svg","width":579.8,"height":80,"caption":"Champmarket"},"image":{"@id":"https:\/\/www.champmarket.com\/#\/schema\/logo\/image\/"},"sameAs":["https:\/\/www.facebook.com\/ChampMarket\/","https:\/\/x.com\/champmarket","https:\/\/www.instagram.com\/champmarket.paris\/","https:\/\/www.pinterest.fr\/champmarketparis\/","https:\/\/www.linkedin.com\/company\/champmarket\/"]}]}},"_links":{"self":[{"href":"https:\/\/www.champmarket.com\/nl\/wp-json\/wp\/v2\/product\/59103","targetHints":{"allow":["GET"]}}],"collection":[{"href":"https:\/\/www.champmarket.com\/nl\/wp-json\/wp\/v2\/product"}],"about":[{"href":"https:\/\/www.champmarket.com\/nl\/wp-json\/wp\/v2\/types\/product"}],"version-history":[{"count":1,"href":"https:\/\/www.champmarket.com\/nl\/wp-json\/wp\/v2\/product\/59103\/revisions"}],"predecessor-version":[{"id":59256,"href":"https:\/\/www.champmarket.com\/nl\/wp-json\/wp\/v2\/product\/59103\/revisions\/59256"}],"wp:featuredmedia":[{"embeddable":true,"href":"https:\/\/www.champmarket.com\/nl\/wp-json\/wp\/v2\/media\/59110"}],"wp:attachment":[{"href":"https:\/\/www.champmarket.com\/nl\/wp-json\/wp\/v2\/media?parent=59103"}],"wp:term":[{"taxonomy":"product_brand","embeddable":true,"href":"https:\/\/www.champmarket.com\/nl\/wp-json\/wp\/v2\/product_brand?post=59103"},{"taxonomy":"product_cat","embeddable":true,"href":"https:\/\/www.champmarket.com\/nl\/wp-json\/wp\/v2\/product_cat?post=59103"},{"taxonomy":"product_tag","embeddable":true,"href":"https:\/\/www.champmarket.com\/nl\/wp-json\/wp\/v2\/product_tag?post=59103"}],"curies":[{"name":"wp","href":"https:\/\/api.w.org\/{rel}","templated":true}]}}