{"id":59468,"date":"2023-10-05T11:57:35","date_gmt":"2023-10-05T09:57:37","guid":{"rendered":"https:\/\/www.champmarket.com\/?post_type=product&#038;p=59468"},"modified":"2023-10-09T10:55:03","modified_gmt":"2023-10-09T08:55:03","slug":"moet-chandon-brut-imperial-bouteille-new","status":"publish","type":"product","link":"https:\/\/www.champmarket.com\/nl\/champagne\/moet-chandon-brut-imperial-bouteille-new\/","title":{"rendered":"Mo\u00ebt &amp; Chandon Brut Imperial Fles"},"content":{"rendered":"<p>Mo\u00ebt &amp; Chandon Brut Imp\u00e9rial onderscheidt zich door zijn gouden kleur, heldere fruitigheid en heerlijke smaak, met tonen van peer en witte perzik, aangevuld met florale nuances, brioche en verse walnoot.<\/p>\n","protected":false},"excerpt":{"rendered":"<p>Mo\u00ebt &amp; Chandon Brut Imp\u00e9rial is een emblematische cuvee van het Huis sinds 1869 en is zijn meest volmaakte en universele expressie. Deze levendige en gulle champagne onderscheidt zich door zijn heldere fruitigheid, hartige smaak en elegante rijpheid.<\/p>\n","protected":false},"featured_media":59471,"template":"","meta":{"_acf_changed":false},"product_brand":[],"product_cat":[3535,3446,3470,3352,3321,3173,3308,3138,3151,3106,3137,3176,3112,3169,3171],"product_tag":[3189,3199,3198],"class_list":{"0":"post-59468","1":"product","2":"type-product","3":"status-publish","4":"has-post-thumbnail","6":"maisons-selectie-champagne-moet-chandon-nl","7":"product_cat-b2b-groothandel-fles-aanbieding","8":"product_cat-voor-uw-bedrijfsevenementen-cocktailpartys-en-privefeesten","9":"product_cat-onze-favorieten","10":"product_cat-zomerse-champagnes","11":"product_cat-beste-champagnes","12":"product_cat-selectie-voor-samenstelbare-boxes-6-flessen-399e","13":"product_cat-alle-champagnes-en-boxes","14":"product_cat-categorie-champagnehuizen","15":"product_cat-moet-chandon-nl","16":"product_cat-flessen","17":"product_cat-niet-te-missen","18":"product_cat-tous-les-champagnes-nl","19":"product_cat-brut-champagne","20":"product_cat-aperitief","21":"product_cat-voor-een-prive-of-professioneel-evenement-een-cocktail","22":"product_tag-incontournable-nl","23":"product_tag-aperitif-nl","24":"product_tag-cocktail-event-nl","26":"first","27":"instock","28":"taxable","29":"shipping-taxable","30":"purchasable","31":"product-type-simple"},"acf":[],"yoast_head":"<!-- This site is optimized with the Yoast SEO plugin v26.4 - https:\/\/yoast.com\/wordpress\/plugins\/seo\/ -->\n<title>Mo\u00ebt &amp; Chandon Brut Imperial Fles - Champmarket<\/title>\n<meta name=\"description\" content=\"Mo\u00ebt &amp; Chandon Brut Imp\u00e9rial is een levendige en gulle champagne, die zich onderscheidt door zijn heldere fruitigheid, hartige smaak en elegante rijpheid.\" \/>\n<meta name=\"robots\" content=\"index, follow, max-snippet:-1, max-image-preview:large, max-video-preview:-1\" \/>\n<link rel=\"canonical\" href=\"https:\/\/www.champmarket.com\/nl\/champagne\/moet-chandon-brut-imperial-bouteille-new\/\" \/>\n<meta property=\"og:locale\" content=\"nl_NL\" \/>\n<meta property=\"og:type\" content=\"article\" \/>\n<meta property=\"og:title\" content=\"Mo\u00ebt &amp; Chandon Brut Imperial Fles - Champmarket\" \/>\n<meta property=\"og:description\" content=\"Mo\u00ebt &amp; Chandon Brut Imp\u00e9rial is een levendige en gulle champagne, die zich onderscheidt door zijn heldere fruitigheid, hartige smaak en elegante rijpheid.\" \/>\n<meta property=\"og:url\" content=\"https:\/\/www.champmarket.com\/nl\/champagne\/moet-chandon-brut-imperial-bouteille-new\/\" \/>\n<meta property=\"og:site_name\" content=\"Champmarket\" \/>\n<meta property=\"article:publisher\" content=\"https:\/\/www.facebook.com\/ChampMarket\/\" \/>\n<meta property=\"article:modified_time\" content=\"2023-10-09T08:55:03+00:00\" \/>\n<meta property=\"og:image\" content=\"https:\/\/www.champmarket.com\/wp-content\/uploads\/2023\/10\/moet-et-chandon-brut-imperial-bouteille-new.webp\" \/>\n\t<meta property=\"og:image:width\" content=\"2000\" \/>\n\t<meta property=\"og:image:height\" content=\"2000\" \/>\n\t<meta property=\"og:image:type\" content=\"image\/webp\" \/>\n<meta name=\"twitter:card\" content=\"summary_large_image\" \/>\n<meta name=\"twitter:site\" content=\"@champmarket\" \/>\n<meta name=\"twitter:label1\" content=\"Geschatte leestijd\" \/>\n\t<meta name=\"twitter:data1\" content=\"1 minuut\" \/>\n<script type=\"application\/ld+json\" class=\"yoast-schema-graph\">{\"@context\":\"https:\/\/schema.org\",\"@graph\":[{\"@type\":\"WebPage\",\"@id\":\"https:\/\/www.champmarket.com\/nl\/champagne\/moet-chandon-brut-imperial-bouteille-new\/\",\"url\":\"https:\/\/www.champmarket.com\/nl\/champagne\/moet-chandon-brut-imperial-bouteille-new\/\",\"name\":\"Mo\u00ebt &amp; Chandon Brut Imperial Fles - Champmarket\",\"isPartOf\":{\"@id\":\"https:\/\/www.champmarket.com\/#website\"},\"primaryImageOfPage\":{\"@id\":\"https:\/\/www.champmarket.com\/nl\/champagne\/moet-chandon-brut-imperial-bouteille-new\/#primaryimage\"},\"image\":{\"@id\":\"https:\/\/www.champmarket.com\/nl\/champagne\/moet-chandon-brut-imperial-bouteille-new\/#primaryimage\"},\"thumbnailUrl\":\"https:\/\/www.champmarket.com\/wp-content\/uploads\/2023\/10\/moet-et-chandon-brut-imperial-bouteille-new.webp\",\"datePublished\":\"2023-10-05T09:57:37+00:00\",\"dateModified\":\"2023-10-09T08:55:03+00:00\",\"description\":\"Mo\u00ebt & Chandon Brut Imp\u00e9rial is een levendige en gulle champagne, die zich onderscheidt door zijn heldere fruitigheid, hartige smaak en elegante rijpheid.\",\"breadcrumb\":{\"@id\":\"https:\/\/www.champmarket.com\/nl\/champagne\/moet-chandon-brut-imperial-bouteille-new\/#breadcrumb\"},\"inLanguage\":\"nl-NL\",\"potentialAction\":[{\"@type\":\"ReadAction\",\"target\":[\"https:\/\/www.champmarket.com\/nl\/champagne\/moet-chandon-brut-imperial-bouteille-new\/\"]}]},{\"@type\":\"ImageObject\",\"inLanguage\":\"nl-NL\",\"@id\":\"https:\/\/www.champmarket.com\/nl\/champagne\/moet-chandon-brut-imperial-bouteille-new\/#primaryimage\",\"url\":\"https:\/\/www.champmarket.com\/wp-content\/uploads\/2023\/10\/moet-et-chandon-brut-imperial-bouteille-new.webp\",\"contentUrl\":\"https:\/\/www.champmarket.com\/wp-content\/uploads\/2023\/10\/moet-et-chandon-brut-imperial-bouteille-new.webp\",\"width\":2000,\"height\":2000,\"caption\":\"Champagne Mo\u00ebt & Chandon Brut Imp\u00e9rial - Champmarket\"},{\"@type\":\"BreadcrumbList\",\"@id\":\"https:\/\/www.champmarket.com\/nl\/champagne\/moet-chandon-brut-imperial-bouteille-new\/#breadcrumb\",\"itemListElement\":[{\"@type\":\"ListItem\",\"position\":1,\"name\":\"Accueil\",\"item\":\"https:\/\/www.champmarket.com\/nl\/\"},{\"@type\":\"ListItem\",\"position\":2,\"name\":\"Winkel\",\"item\":\"https:\/\/www.champmarket.com\/nl\/boutique\/\"},{\"@type\":\"ListItem\",\"position\":3,\"name\":\"Mo\u00ebt &amp; Chandon\",\"item\":\"https:\/\/www.champmarket.com\/nl\/maisons\/selectie-champagne-moet-chandon-nl\/\"},{\"@type\":\"ListItem\",\"position\":4,\"name\":\"Mo\u00ebt &amp; Chandon Brut Imperial Fles\"}]},{\"@type\":\"WebSite\",\"@id\":\"https:\/\/www.champmarket.com\/#website\",\"url\":\"https:\/\/www.champmarket.com\/\",\"name\":\"Champmarket\",\"description\":\"Champmarket, Champagnes, Cadeaus en Levenskunst\",\"publisher\":{\"@id\":\"https:\/\/www.champmarket.com\/#organization\"},\"potentialAction\":[{\"@type\":\"SearchAction\",\"target\":{\"@type\":\"EntryPoint\",\"urlTemplate\":\"https:\/\/www.champmarket.com\/?s={search_term_string}\"},\"query-input\":{\"@type\":\"PropertyValueSpecification\",\"valueRequired\":true,\"valueName\":\"search_term_string\"}}],\"inLanguage\":\"nl-NL\"},{\"@type\":\"Organization\",\"@id\":\"https:\/\/www.champmarket.com\/#organization\",\"name\":\"Champmarket\",\"url\":\"https:\/\/www.champmarket.com\/\",\"logo\":{\"@type\":\"ImageObject\",\"inLanguage\":\"nl-NL\",\"@id\":\"https:\/\/www.champmarket.com\/#\/schema\/logo\/image\/\",\"url\":\"https:\/\/www.champmarket.com\/wp-content\/uploads\/2024\/08\/logo2024-1.svg\",\"contentUrl\":\"https:\/\/www.champmarket.com\/wp-content\/uploads\/2024\/08\/logo2024-1.svg\",\"width\":579.8,\"height\":80,\"caption\":\"Champmarket\"},\"image\":{\"@id\":\"https:\/\/www.champmarket.com\/#\/schema\/logo\/image\/\"},\"sameAs\":[\"https:\/\/www.facebook.com\/ChampMarket\/\",\"https:\/\/x.com\/champmarket\",\"https:\/\/www.instagram.com\/champmarket.paris\/\",\"https:\/\/www.pinterest.fr\/champmarketparis\/\",\"https:\/\/www.linkedin.com\/company\/champmarket\/\"]}]}<\/script>\n<!-- \/ Yoast SEO plugin. -->","yoast_head_json":{"title":"Mo\u00ebt &amp; Chandon Brut Imperial Fles - Champmarket","description":"Mo\u00ebt & Chandon Brut Imp\u00e9rial is een levendige en gulle champagne, die zich onderscheidt door zijn heldere fruitigheid, hartige smaak en elegante rijpheid.","robots":{"index":"index","follow":"follow","max-snippet":"max-snippet:-1","max-image-preview":"max-image-preview:large","max-video-preview":"max-video-preview:-1"},"canonical":"https:\/\/www.champmarket.com\/nl\/champagne\/moet-chandon-brut-imperial-bouteille-new\/","og_locale":"nl_NL","og_type":"article","og_title":"Mo\u00ebt &amp; Chandon Brut Imperial Fles - Champmarket","og_description":"Mo\u00ebt & Chandon Brut Imp\u00e9rial is een levendige en gulle champagne, die zich onderscheidt door zijn heldere fruitigheid, hartige smaak en elegante rijpheid.","og_url":"https:\/\/www.champmarket.com\/nl\/champagne\/moet-chandon-brut-imperial-bouteille-new\/","og_site_name":"Champmarket","article_publisher":"https:\/\/www.facebook.com\/ChampMarket\/","article_modified_time":"2023-10-09T08:55:03+00:00","og_image":[{"width":2000,"height":2000,"url":"https:\/\/www.champmarket.com\/wp-content\/uploads\/2023\/10\/moet-et-chandon-brut-imperial-bouteille-new.webp","type":"image\/webp"}],"twitter_card":"summary_large_image","twitter_site":"@champmarket","twitter_misc":{"Geschatte leestijd":"1 minuut"},"schema":{"@context":"https:\/\/schema.org","@graph":[{"@type":"WebPage","@id":"https:\/\/www.champmarket.com\/nl\/champagne\/moet-chandon-brut-imperial-bouteille-new\/","url":"https:\/\/www.champmarket.com\/nl\/champagne\/moet-chandon-brut-imperial-bouteille-new\/","name":"Mo\u00ebt &amp; Chandon Brut Imperial Fles - Champmarket","isPartOf":{"@id":"https:\/\/www.champmarket.com\/#website"},"primaryImageOfPage":{"@id":"https:\/\/www.champmarket.com\/nl\/champagne\/moet-chandon-brut-imperial-bouteille-new\/#primaryimage"},"image":{"@id":"https:\/\/www.champmarket.com\/nl\/champagne\/moet-chandon-brut-imperial-bouteille-new\/#primaryimage"},"thumbnailUrl":"https:\/\/www.champmarket.com\/wp-content\/uploads\/2023\/10\/moet-et-chandon-brut-imperial-bouteille-new.webp","datePublished":"2023-10-05T09:57:37+00:00","dateModified":"2023-10-09T08:55:03+00:00","description":"Mo\u00ebt & Chandon Brut Imp\u00e9rial is een levendige en gulle champagne, die zich onderscheidt door zijn heldere fruitigheid, hartige smaak en elegante rijpheid.","breadcrumb":{"@id":"https:\/\/www.champmarket.com\/nl\/champagne\/moet-chandon-brut-imperial-bouteille-new\/#breadcrumb"},"inLanguage":"nl-NL","potentialAction":[{"@type":"ReadAction","target":["https:\/\/www.champmarket.com\/nl\/champagne\/moet-chandon-brut-imperial-bouteille-new\/"]}]},{"@type":"ImageObject","inLanguage":"nl-NL","@id":"https:\/\/www.champmarket.com\/nl\/champagne\/moet-chandon-brut-imperial-bouteille-new\/#primaryimage","url":"https:\/\/www.champmarket.com\/wp-content\/uploads\/2023\/10\/moet-et-chandon-brut-imperial-bouteille-new.webp","contentUrl":"https:\/\/www.champmarket.com\/wp-content\/uploads\/2023\/10\/moet-et-chandon-brut-imperial-bouteille-new.webp","width":2000,"height":2000,"caption":"Champagne Mo\u00ebt & Chandon Brut Imp\u00e9rial - Champmarket"},{"@type":"BreadcrumbList","@id":"https:\/\/www.champmarket.com\/nl\/champagne\/moet-chandon-brut-imperial-bouteille-new\/#breadcrumb","itemListElement":[{"@type":"ListItem","position":1,"name":"Accueil","item":"https:\/\/www.champmarket.com\/nl\/"},{"@type":"ListItem","position":2,"name":"Winkel","item":"https:\/\/www.champmarket.com\/nl\/boutique\/"},{"@type":"ListItem","position":3,"name":"Mo\u00ebt &amp; Chandon","item":"https:\/\/www.champmarket.com\/nl\/maisons\/selectie-champagne-moet-chandon-nl\/"},{"@type":"ListItem","position":4,"name":"Mo\u00ebt &amp; Chandon Brut Imperial Fles"}]},{"@type":"WebSite","@id":"https:\/\/www.champmarket.com\/#website","url":"https:\/\/www.champmarket.com\/","name":"Champmarket","description":"Champmarket, Champagnes, Cadeaus en Levenskunst","publisher":{"@id":"https:\/\/www.champmarket.com\/#organization"},"potentialAction":[{"@type":"SearchAction","target":{"@type":"EntryPoint","urlTemplate":"https:\/\/www.champmarket.com\/?s={search_term_string}"},"query-input":{"@type":"PropertyValueSpecification","valueRequired":true,"valueName":"search_term_string"}}],"inLanguage":"nl-NL"},{"@type":"Organization","@id":"https:\/\/www.champmarket.com\/#organization","name":"Champmarket","url":"https:\/\/www.champmarket.com\/","logo":{"@type":"ImageObject","inLanguage":"nl-NL","@id":"https:\/\/www.champmarket.com\/#\/schema\/logo\/image\/","url":"https:\/\/www.champmarket.com\/wp-content\/uploads\/2024\/08\/logo2024-1.svg","contentUrl":"https:\/\/www.champmarket.com\/wp-content\/uploads\/2024\/08\/logo2024-1.svg","width":579.8,"height":80,"caption":"Champmarket"},"image":{"@id":"https:\/\/www.champmarket.com\/#\/schema\/logo\/image\/"},"sameAs":["https:\/\/www.facebook.com\/ChampMarket\/","https:\/\/x.com\/champmarket","https:\/\/www.instagram.com\/champmarket.paris\/","https:\/\/www.pinterest.fr\/champmarketparis\/","https:\/\/www.linkedin.com\/company\/champmarket\/"]}]}},"_links":{"self":[{"href":"https:\/\/www.champmarket.com\/nl\/wp-json\/wp\/v2\/product\/59468","targetHints":{"allow":["GET"]}}],"collection":[{"href":"https:\/\/www.champmarket.com\/nl\/wp-json\/wp\/v2\/product"}],"about":[{"href":"https:\/\/www.champmarket.com\/nl\/wp-json\/wp\/v2\/types\/product"}],"version-history":[{"count":1,"href":"https:\/\/www.champmarket.com\/nl\/wp-json\/wp\/v2\/product\/59468\/revisions"}],"predecessor-version":[{"id":59672,"href":"https:\/\/www.champmarket.com\/nl\/wp-json\/wp\/v2\/product\/59468\/revisions\/59672"}],"wp:featuredmedia":[{"embeddable":true,"href":"https:\/\/www.champmarket.com\/nl\/wp-json\/wp\/v2\/media\/59471"}],"wp:attachment":[{"href":"https:\/\/www.champmarket.com\/nl\/wp-json\/wp\/v2\/media?parent=59468"}],"wp:term":[{"taxonomy":"product_brand","embeddable":true,"href":"https:\/\/www.champmarket.com\/nl\/wp-json\/wp\/v2\/product_brand?post=59468"},{"taxonomy":"product_cat","embeddable":true,"href":"https:\/\/www.champmarket.com\/nl\/wp-json\/wp\/v2\/product_cat?post=59468"},{"taxonomy":"product_tag","embeddable":true,"href":"https:\/\/www.champmarket.com\/nl\/wp-json\/wp\/v2\/product_tag?post=59468"}],"curies":[{"name":"wp","href":"https:\/\/api.w.org\/{rel}","templated":true}]}}