{"id":59866,"date":"2023-10-10T16:25:19","date_gmt":"2023-10-10T14:25:19","guid":{"rendered":"https:\/\/www.champmarket.com\/?post_type=product&#038;p=59866"},"modified":"2024-07-22T14:14:33","modified_gmt":"2024-07-22T12:14:33","slug":"veuve-clicquot-vintage-rose-2015-fles-met-doos","status":"publish","type":"product","link":"https:\/\/www.champmarket.com\/nl\/champagne\/veuve-clicquot-vintage-rose-2015-fles-met-doos\/","title":{"rendered":"Veuve Clicquot Vintage Ros\u00e9 2015 Fles met doos"},"content":{"rendered":"<p>In 1810 brak Madame Clicquot met de traditie en cre\u00eberde ze de allereerste gemengde ros\u00e9 in de Champagne. Hiervoor verving ze de traditionele \u201cteinte\u201d methode, waarbij vlierbessenlikeur werd gebruikt om de wijn te kleuren, door lichte witte wijnen te mengen met rode wijnen van haar Bouzy wijngaard, waardoor de eerste \u201cassemblage\u201d ros\u00e9 ontstond. Nogmaals, door de regels te veranderen, sloeg Madame Clicquot nieuwe wegen in. De uitzonderlijke kwaliteit van haar rode wijnen, afkomstig van de meest gewilde wijngaarden, stelde haar in staat deze revolutie teweeg te brengen, waarvan het geheim in het mengen lag.<\/p>\n","protected":false},"excerpt":{"rendered":"<p>Veuve Clicquot Vintage Ros\u00e9 2015 met doos is de uitdrukking van een overvloedige oogst, die de delicate weersomstandigheden in de Champagne trotseerde. Het overwicht van Pinot Noir, de subtiele toets van 10% van de wijnen gemaakt in eikenhouten vaten en de langdurige rijping op de droesem geven hem de kracht en aromatische rijkdom die zo typisch is voor de Veuve Clicquot Vintage stijl. \u201cVintage Ros\u00e9 2015 verrast ons met zijn complexe neus en prachtige energie in de mond. Noten van sinaasappelbloesem, yuzu en mandarijn voegen frisheid toe, terwijl aroma&#8217;s van kers, anijs en Weens brood heerlijkheid toevoegen\u201d.<\/p>\n","protected":false},"featured_media":59844,"template":"","meta":{"_acf_changed":false},"product_brand":[],"product_cat":[3321,3138,3161,3106,3107,3176,3117,3115,3169,3168],"product_tag":[3190,3199,3200,3196],"class_list":{"0":"post-59866","1":"product","2":"type-product","3":"status-publish","4":"has-post-thumbnail","6":"maisons-selectie-champagne-veuve-clicquot-nl","7":"product_cat-beste-champagnes","8":"product_cat-categorie-champagnehuizen","9":"product_cat-veuve-clicquot-nl","10":"product_cat-flessen","11":"product_cat-relatiegeschenken","12":"product_cat-tous-les-champagnes-nl","13":"product_cat-rose-champagne","14":"product_cat-vintage-champagne","15":"product_cat-aperitief","16":"product_cat-repas-nl","17":"product_tag-la-vie-en-rose-nl","18":"product_tag-aperitif-nl","19":"product_tag-vintage-nl","20":"product_tag-repas-champagne-nl","22":"first","23":"instock","24":"taxable","25":"shipping-taxable","26":"purchasable","27":"product-type-simple"},"acf":[],"yoast_head":"<!-- This site is optimized with the Yoast SEO plugin v26.4 - https:\/\/yoast.com\/wordpress\/plugins\/seo\/ -->\n<title>Veuve Clicquot Vintage Ros\u00e9 2015 Fles met doos - Champmarket<\/title>\n<meta name=\"description\" content=\"Veuve Clicquot Vintage Ros\u00e9 2015 met doos is de uitdrukking van een overvloedige oogst, die de delicate weersomstandigheden in de Champagne trotseerde. Met een kracht en aromatische rijkdom die typisch zijn voor de Veuve Clicquot Vintage stijl.\" \/>\n<meta name=\"robots\" content=\"index, follow, max-snippet:-1, max-image-preview:large, max-video-preview:-1\" \/>\n<link rel=\"canonical\" href=\"https:\/\/www.champmarket.com\/nl\/champagne\/veuve-clicquot-vintage-rose-2015-fles-met-doos\/\" \/>\n<meta property=\"og:locale\" content=\"nl_NL\" \/>\n<meta property=\"og:type\" content=\"article\" \/>\n<meta property=\"og:title\" content=\"Veuve Clicquot Vintage Ros\u00e9 2015 Fles met doos - Champmarket\" \/>\n<meta property=\"og:description\" content=\"Veuve Clicquot Vintage Ros\u00e9 2015 met doos is de uitdrukking van een overvloedige oogst, die de delicate weersomstandigheden in de Champagne trotseerde. Met een kracht en aromatische rijkdom die typisch zijn voor de Veuve Clicquot Vintage stijl.\" \/>\n<meta property=\"og:url\" content=\"https:\/\/www.champmarket.com\/nl\/champagne\/veuve-clicquot-vintage-rose-2015-fles-met-doos\/\" \/>\n<meta property=\"og:site_name\" content=\"Champmarket\" \/>\n<meta property=\"article:publisher\" content=\"https:\/\/www.facebook.com\/ChampMarket\/\" \/>\n<meta property=\"article:modified_time\" content=\"2024-07-22T12:14:33+00:00\" \/>\n<meta property=\"og:image\" content=\"https:\/\/www.champmarket.com\/wp-content\/uploads\/2023\/10\/veuve-clicquot-vintage-rose-2015-bouteille-coffret.webp\" \/>\n\t<meta property=\"og:image:width\" content=\"1400\" \/>\n\t<meta property=\"og:image:height\" content=\"1400\" \/>\n\t<meta property=\"og:image:type\" content=\"image\/webp\" \/>\n<meta name=\"twitter:card\" content=\"summary_large_image\" \/>\n<meta name=\"twitter:site\" content=\"@champmarket\" \/>\n<meta name=\"twitter:label1\" content=\"Geschatte leestijd\" \/>\n\t<meta name=\"twitter:data1\" content=\"1 minuut\" \/>\n<script type=\"application\/ld+json\" class=\"yoast-schema-graph\">{\"@context\":\"https:\/\/schema.org\",\"@graph\":[{\"@type\":\"WebPage\",\"@id\":\"https:\/\/www.champmarket.com\/nl\/champagne\/veuve-clicquot-vintage-rose-2015-fles-met-doos\/\",\"url\":\"https:\/\/www.champmarket.com\/nl\/champagne\/veuve-clicquot-vintage-rose-2015-fles-met-doos\/\",\"name\":\"Veuve Clicquot Vintage Ros\u00e9 2015 Fles met doos - Champmarket\",\"isPartOf\":{\"@id\":\"https:\/\/www.champmarket.com\/#website\"},\"primaryImageOfPage\":{\"@id\":\"https:\/\/www.champmarket.com\/nl\/champagne\/veuve-clicquot-vintage-rose-2015-fles-met-doos\/#primaryimage\"},\"image\":{\"@id\":\"https:\/\/www.champmarket.com\/nl\/champagne\/veuve-clicquot-vintage-rose-2015-fles-met-doos\/#primaryimage\"},\"thumbnailUrl\":\"https:\/\/www.champmarket.com\/wp-content\/uploads\/2023\/10\/veuve-clicquot-vintage-rose-2015-bouteille-coffret.webp\",\"datePublished\":\"2023-10-10T14:25:19+00:00\",\"dateModified\":\"2024-07-22T12:14:33+00:00\",\"description\":\"Veuve Clicquot Vintage Ros\u00e9 2015 met doos is de uitdrukking van een overvloedige oogst, die de delicate weersomstandigheden in de Champagne trotseerde. Met een kracht en aromatische rijkdom die typisch zijn voor de Veuve Clicquot Vintage stijl.\",\"breadcrumb\":{\"@id\":\"https:\/\/www.champmarket.com\/nl\/champagne\/veuve-clicquot-vintage-rose-2015-fles-met-doos\/#breadcrumb\"},\"inLanguage\":\"nl-NL\",\"potentialAction\":[{\"@type\":\"ReadAction\",\"target\":[\"https:\/\/www.champmarket.com\/nl\/champagne\/veuve-clicquot-vintage-rose-2015-fles-met-doos\/\"]}]},{\"@type\":\"ImageObject\",\"inLanguage\":\"nl-NL\",\"@id\":\"https:\/\/www.champmarket.com\/nl\/champagne\/veuve-clicquot-vintage-rose-2015-fles-met-doos\/#primaryimage\",\"url\":\"https:\/\/www.champmarket.com\/wp-content\/uploads\/2023\/10\/veuve-clicquot-vintage-rose-2015-bouteille-coffret.webp\",\"contentUrl\":\"https:\/\/www.champmarket.com\/wp-content\/uploads\/2023\/10\/veuve-clicquot-vintage-rose-2015-bouteille-coffret.webp\",\"width\":1400,\"height\":1400,\"caption\":\"Champagne Veuve Clicquot Vintage Ros\u00e9 2015 - Champmarket\"},{\"@type\":\"BreadcrumbList\",\"@id\":\"https:\/\/www.champmarket.com\/nl\/champagne\/veuve-clicquot-vintage-rose-2015-fles-met-doos\/#breadcrumb\",\"itemListElement\":[{\"@type\":\"ListItem\",\"position\":1,\"name\":\"Accueil\",\"item\":\"https:\/\/www.champmarket.com\/nl\/\"},{\"@type\":\"ListItem\",\"position\":2,\"name\":\"Winkel\",\"item\":\"https:\/\/www.champmarket.com\/nl\/boutique\/\"},{\"@type\":\"ListItem\",\"position\":3,\"name\":\"Veuve Clicquot\",\"item\":\"https:\/\/www.champmarket.com\/nl\/maisons\/selectie-champagne-veuve-clicquot-nl\/\"},{\"@type\":\"ListItem\",\"position\":4,\"name\":\"Veuve Clicquot Vintage Ros\u00e9 2015 Fles met doos\"}]},{\"@type\":\"WebSite\",\"@id\":\"https:\/\/www.champmarket.com\/#website\",\"url\":\"https:\/\/www.champmarket.com\/\",\"name\":\"Champmarket\",\"description\":\"Champmarket, Champagnes, Cadeaus en Levenskunst\",\"publisher\":{\"@id\":\"https:\/\/www.champmarket.com\/#organization\"},\"potentialAction\":[{\"@type\":\"SearchAction\",\"target\":{\"@type\":\"EntryPoint\",\"urlTemplate\":\"https:\/\/www.champmarket.com\/?s={search_term_string}\"},\"query-input\":{\"@type\":\"PropertyValueSpecification\",\"valueRequired\":true,\"valueName\":\"search_term_string\"}}],\"inLanguage\":\"nl-NL\"},{\"@type\":\"Organization\",\"@id\":\"https:\/\/www.champmarket.com\/#organization\",\"name\":\"Champmarket\",\"url\":\"https:\/\/www.champmarket.com\/\",\"logo\":{\"@type\":\"ImageObject\",\"inLanguage\":\"nl-NL\",\"@id\":\"https:\/\/www.champmarket.com\/#\/schema\/logo\/image\/\",\"url\":\"https:\/\/www.champmarket.com\/wp-content\/uploads\/2024\/08\/logo2024-1.svg\",\"contentUrl\":\"https:\/\/www.champmarket.com\/wp-content\/uploads\/2024\/08\/logo2024-1.svg\",\"width\":579.8,\"height\":80,\"caption\":\"Champmarket\"},\"image\":{\"@id\":\"https:\/\/www.champmarket.com\/#\/schema\/logo\/image\/\"},\"sameAs\":[\"https:\/\/www.facebook.com\/ChampMarket\/\",\"https:\/\/x.com\/champmarket\",\"https:\/\/www.instagram.com\/champmarket.paris\/\",\"https:\/\/www.pinterest.fr\/champmarketparis\/\",\"https:\/\/www.linkedin.com\/company\/champmarket\/\"]}]}<\/script>\n<!-- \/ Yoast SEO plugin. -->","yoast_head_json":{"title":"Veuve Clicquot Vintage Ros\u00e9 2015 Fles met doos - Champmarket","description":"Veuve Clicquot Vintage Ros\u00e9 2015 met doos is de uitdrukking van een overvloedige oogst, die de delicate weersomstandigheden in de Champagne trotseerde. Met een kracht en aromatische rijkdom die typisch zijn voor de Veuve Clicquot Vintage stijl.","robots":{"index":"index","follow":"follow","max-snippet":"max-snippet:-1","max-image-preview":"max-image-preview:large","max-video-preview":"max-video-preview:-1"},"canonical":"https:\/\/www.champmarket.com\/nl\/champagne\/veuve-clicquot-vintage-rose-2015-fles-met-doos\/","og_locale":"nl_NL","og_type":"article","og_title":"Veuve Clicquot Vintage Ros\u00e9 2015 Fles met doos - Champmarket","og_description":"Veuve Clicquot Vintage Ros\u00e9 2015 met doos is de uitdrukking van een overvloedige oogst, die de delicate weersomstandigheden in de Champagne trotseerde. Met een kracht en aromatische rijkdom die typisch zijn voor de Veuve Clicquot Vintage stijl.","og_url":"https:\/\/www.champmarket.com\/nl\/champagne\/veuve-clicquot-vintage-rose-2015-fles-met-doos\/","og_site_name":"Champmarket","article_publisher":"https:\/\/www.facebook.com\/ChampMarket\/","article_modified_time":"2024-07-22T12:14:33+00:00","og_image":[{"width":1400,"height":1400,"url":"https:\/\/www.champmarket.com\/wp-content\/uploads\/2023\/10\/veuve-clicquot-vintage-rose-2015-bouteille-coffret.webp","type":"image\/webp"}],"twitter_card":"summary_large_image","twitter_site":"@champmarket","twitter_misc":{"Geschatte leestijd":"1 minuut"},"schema":{"@context":"https:\/\/schema.org","@graph":[{"@type":"WebPage","@id":"https:\/\/www.champmarket.com\/nl\/champagne\/veuve-clicquot-vintage-rose-2015-fles-met-doos\/","url":"https:\/\/www.champmarket.com\/nl\/champagne\/veuve-clicquot-vintage-rose-2015-fles-met-doos\/","name":"Veuve Clicquot Vintage Ros\u00e9 2015 Fles met doos - Champmarket","isPartOf":{"@id":"https:\/\/www.champmarket.com\/#website"},"primaryImageOfPage":{"@id":"https:\/\/www.champmarket.com\/nl\/champagne\/veuve-clicquot-vintage-rose-2015-fles-met-doos\/#primaryimage"},"image":{"@id":"https:\/\/www.champmarket.com\/nl\/champagne\/veuve-clicquot-vintage-rose-2015-fles-met-doos\/#primaryimage"},"thumbnailUrl":"https:\/\/www.champmarket.com\/wp-content\/uploads\/2023\/10\/veuve-clicquot-vintage-rose-2015-bouteille-coffret.webp","datePublished":"2023-10-10T14:25:19+00:00","dateModified":"2024-07-22T12:14:33+00:00","description":"Veuve Clicquot Vintage Ros\u00e9 2015 met doos is de uitdrukking van een overvloedige oogst, die de delicate weersomstandigheden in de Champagne trotseerde. Met een kracht en aromatische rijkdom die typisch zijn voor de Veuve Clicquot Vintage stijl.","breadcrumb":{"@id":"https:\/\/www.champmarket.com\/nl\/champagne\/veuve-clicquot-vintage-rose-2015-fles-met-doos\/#breadcrumb"},"inLanguage":"nl-NL","potentialAction":[{"@type":"ReadAction","target":["https:\/\/www.champmarket.com\/nl\/champagne\/veuve-clicquot-vintage-rose-2015-fles-met-doos\/"]}]},{"@type":"ImageObject","inLanguage":"nl-NL","@id":"https:\/\/www.champmarket.com\/nl\/champagne\/veuve-clicquot-vintage-rose-2015-fles-met-doos\/#primaryimage","url":"https:\/\/www.champmarket.com\/wp-content\/uploads\/2023\/10\/veuve-clicquot-vintage-rose-2015-bouteille-coffret.webp","contentUrl":"https:\/\/www.champmarket.com\/wp-content\/uploads\/2023\/10\/veuve-clicquot-vintage-rose-2015-bouteille-coffret.webp","width":1400,"height":1400,"caption":"Champagne Veuve Clicquot Vintage Ros\u00e9 2015 - Champmarket"},{"@type":"BreadcrumbList","@id":"https:\/\/www.champmarket.com\/nl\/champagne\/veuve-clicquot-vintage-rose-2015-fles-met-doos\/#breadcrumb","itemListElement":[{"@type":"ListItem","position":1,"name":"Accueil","item":"https:\/\/www.champmarket.com\/nl\/"},{"@type":"ListItem","position":2,"name":"Winkel","item":"https:\/\/www.champmarket.com\/nl\/boutique\/"},{"@type":"ListItem","position":3,"name":"Veuve Clicquot","item":"https:\/\/www.champmarket.com\/nl\/maisons\/selectie-champagne-veuve-clicquot-nl\/"},{"@type":"ListItem","position":4,"name":"Veuve Clicquot Vintage Ros\u00e9 2015 Fles met doos"}]},{"@type":"WebSite","@id":"https:\/\/www.champmarket.com\/#website","url":"https:\/\/www.champmarket.com\/","name":"Champmarket","description":"Champmarket, Champagnes, Cadeaus en Levenskunst","publisher":{"@id":"https:\/\/www.champmarket.com\/#organization"},"potentialAction":[{"@type":"SearchAction","target":{"@type":"EntryPoint","urlTemplate":"https:\/\/www.champmarket.com\/?s={search_term_string}"},"query-input":{"@type":"PropertyValueSpecification","valueRequired":true,"valueName":"search_term_string"}}],"inLanguage":"nl-NL"},{"@type":"Organization","@id":"https:\/\/www.champmarket.com\/#organization","name":"Champmarket","url":"https:\/\/www.champmarket.com\/","logo":{"@type":"ImageObject","inLanguage":"nl-NL","@id":"https:\/\/www.champmarket.com\/#\/schema\/logo\/image\/","url":"https:\/\/www.champmarket.com\/wp-content\/uploads\/2024\/08\/logo2024-1.svg","contentUrl":"https:\/\/www.champmarket.com\/wp-content\/uploads\/2024\/08\/logo2024-1.svg","width":579.8,"height":80,"caption":"Champmarket"},"image":{"@id":"https:\/\/www.champmarket.com\/#\/schema\/logo\/image\/"},"sameAs":["https:\/\/www.facebook.com\/ChampMarket\/","https:\/\/x.com\/champmarket","https:\/\/www.instagram.com\/champmarket.paris\/","https:\/\/www.pinterest.fr\/champmarketparis\/","https:\/\/www.linkedin.com\/company\/champmarket\/"]}]}},"_links":{"self":[{"href":"https:\/\/www.champmarket.com\/nl\/wp-json\/wp\/v2\/product\/59866","targetHints":{"allow":["GET"]}}],"collection":[{"href":"https:\/\/www.champmarket.com\/nl\/wp-json\/wp\/v2\/product"}],"about":[{"href":"https:\/\/www.champmarket.com\/nl\/wp-json\/wp\/v2\/types\/product"}],"version-history":[{"count":2,"href":"https:\/\/www.champmarket.com\/nl\/wp-json\/wp\/v2\/product\/59866\/revisions"}],"predecessor-version":[{"id":69765,"href":"https:\/\/www.champmarket.com\/nl\/wp-json\/wp\/v2\/product\/59866\/revisions\/69765"}],"wp:featuredmedia":[{"embeddable":true,"href":"https:\/\/www.champmarket.com\/nl\/wp-json\/wp\/v2\/media\/59844"}],"wp:attachment":[{"href":"https:\/\/www.champmarket.com\/nl\/wp-json\/wp\/v2\/media?parent=59866"}],"wp:term":[{"taxonomy":"product_brand","embeddable":true,"href":"https:\/\/www.champmarket.com\/nl\/wp-json\/wp\/v2\/product_brand?post=59866"},{"taxonomy":"product_cat","embeddable":true,"href":"https:\/\/www.champmarket.com\/nl\/wp-json\/wp\/v2\/product_cat?post=59866"},{"taxonomy":"product_tag","embeddable":true,"href":"https:\/\/www.champmarket.com\/nl\/wp-json\/wp\/v2\/product_tag?post=59866"}],"curies":[{"name":"wp","href":"https:\/\/api.w.org\/{rel}","templated":true}]}}