{"id":60394,"date":"2023-10-12T12:07:41","date_gmt":"2023-10-25T15:07:29","guid":{"rendered":"https:\/\/www.champmarket.com\/champagne\/vranken-diamant-brut-jeroboam-met-houten-kist\/"},"modified":"2023-10-25T17:07:29","modified_gmt":"2023-10-25T15:07:29","slug":"vranken-diamant-brut-jeroboam-caisse-bois","status":"publish","type":"product","link":"https:\/\/www.champmarket.com\/nl\/champagne\/vranken-diamant-brut-jeroboam-caisse-bois\/","title":{"rendered":"Vranken Diamant Brut Jeroboam met Houten Kist"},"content":{"rendered":"<p>Een zorgvuldige mix van Chardonnay en Pinot Noir uitsluitend afkomstig van Grands Crus en Premier Crus geselecteerd om hun karakter, aromatische palet en structuur om de complexiteit, elegantie en vrijgevigheid van de Vranken Diamant Brut Magnum te bereiken.<\/p>\n<p>Het J\u00e9roboam formaat is een grote fles met een inhoud van 3 liter, wat overeenkomt met 4 flessen champagne of 24 glazen. Dit grote formaat verpakt in een Houten Kist is ideaal voor recepties, diners, speciale gelegenheden en geschenken.<\/p>\n","protected":false},"excerpt":{"rendered":"<p>Vranken Diamant Brut J\u00e9roboam avec Houten Kist is een cuv\u00e9e die zowel po\u00ebtisch als tijdloos is, en een extreme verfijning weerspiegelt die kwaliteit met schoonheid mengt. Diamant is een magische naam voor een legendarische cuv\u00e9e die estheten en liefhebbers van fijne flessen in verrukking zal brengen.<\/p>\n","protected":false},"featured_media":59989,"template":"","meta":{"_acf_changed":false},"product_brand":[],"product_cat":[3138,3431,3129,3131,3176,3112,3169,3171],"product_tag":[3187,3195,3199,3198],"class_list":{"0":"post-60394","1":"product","2":"type-product","3":"status-publish","4":"has-post-thumbnail","6":"maisons-selectie-champagne-vranken-nl","7":"product_cat-categorie-champagnehuizen","8":"product_cat-vranken-nl","9":"product_cat-grote-flessen","10":"product_cat-jeroboam-nl","11":"product_cat-tous-les-champagnes-nl","12":"product_cat-brut-champagne","13":"product_cat-aperitief","14":"product_cat-voor-een-prive-of-professioneel-evenement-een-cocktail","15":"product_tag-grand-flacon-nl","16":"product_tag-pour-offrir-nl","17":"product_tag-aperitif-nl","18":"product_tag-cocktail-event-nl","20":"first","21":"instock","22":"taxable","23":"shipping-taxable","24":"purchasable","25":"product-type-simple"},"acf":[],"yoast_head":"<!-- This site is optimized with the Yoast SEO plugin v26.4 - https:\/\/yoast.com\/wordpress\/plugins\/seo\/ -->\n<title>Vranken Diamant Brut Jeroboam met Houten Kist - Champmarket<\/title>\n<meta name=\"description\" content=\"Vranken Diamant Brut J\u00e9roboam avec Houten Kist is een cuv\u00e9e die zowel po\u00ebtisch als tijdloos is, en een extreme verfijning weerspiegelt die kwaliteit met schoonheid mengt. Diamant is een magische naam...\" \/>\n<meta name=\"robots\" content=\"index, follow, max-snippet:-1, max-image-preview:large, max-video-preview:-1\" \/>\n<link rel=\"canonical\" href=\"https:\/\/www.champmarket.com\/nl\/champagne\/vranken-diamant-brut-jeroboam-caisse-bois\/\" \/>\n<meta property=\"og:locale\" content=\"nl_NL\" \/>\n<meta property=\"og:type\" content=\"article\" \/>\n<meta property=\"og:title\" content=\"Vranken Diamant Brut Jeroboam met Houten Kist - Champmarket\" \/>\n<meta property=\"og:description\" content=\"Vranken Diamant Brut J\u00e9roboam avec Houten Kist is een cuv\u00e9e die zowel po\u00ebtisch als tijdloos is, en een extreme verfijning weerspiegelt die kwaliteit met schoonheid mengt. Diamant is een magische naam...\" \/>\n<meta property=\"og:url\" content=\"https:\/\/www.champmarket.com\/nl\/champagne\/vranken-diamant-brut-jeroboam-caisse-bois\/\" \/>\n<meta property=\"og:site_name\" content=\"Champmarket\" \/>\n<meta property=\"article:publisher\" content=\"https:\/\/www.facebook.com\/ChampMarket\/\" \/>\n<meta property=\"og:image\" content=\"https:\/\/www.champmarket.com\/wp-content\/uploads\/2023\/10\/vranken-diamant-brut-jeroboam-caisse-bois.jpg\" \/>\n\t<meta property=\"og:image:width\" content=\"1400\" \/>\n\t<meta property=\"og:image:height\" content=\"1400\" \/>\n\t<meta property=\"og:image:type\" content=\"image\/jpeg\" \/>\n<meta name=\"twitter:card\" content=\"summary_large_image\" \/>\n<meta name=\"twitter:site\" content=\"@champmarket\" \/>\n<script type=\"application\/ld+json\" class=\"yoast-schema-graph\">{\"@context\":\"https:\/\/schema.org\",\"@graph\":[{\"@type\":\"WebPage\",\"@id\":\"https:\/\/www.champmarket.com\/nl\/champagne\/vranken-diamant-brut-jeroboam-caisse-bois\/\",\"url\":\"https:\/\/www.champmarket.com\/nl\/champagne\/vranken-diamant-brut-jeroboam-caisse-bois\/\",\"name\":\"Vranken Diamant Brut Jeroboam met Houten Kist - Champmarket\",\"isPartOf\":{\"@id\":\"https:\/\/www.champmarket.com\/#website\"},\"primaryImageOfPage\":{\"@id\":\"https:\/\/www.champmarket.com\/nl\/champagne\/vranken-diamant-brut-jeroboam-caisse-bois\/#primaryimage\"},\"image\":{\"@id\":\"https:\/\/www.champmarket.com\/nl\/champagne\/vranken-diamant-brut-jeroboam-caisse-bois\/#primaryimage\"},\"thumbnailUrl\":\"https:\/\/www.champmarket.com\/wp-content\/uploads\/2023\/10\/vranken-diamant-brut-jeroboam-caisse-bois.jpg\",\"datePublished\":\"2023-10-25T15:07:29+00:00\",\"description\":\"Vranken Diamant Brut J\u00e9roboam avec Houten Kist is een cuv\u00e9e die zowel po\u00ebtisch als tijdloos is, en een extreme verfijning weerspiegelt die kwaliteit met schoonheid mengt. Diamant is een magische naam...\",\"breadcrumb\":{\"@id\":\"https:\/\/www.champmarket.com\/nl\/champagne\/vranken-diamant-brut-jeroboam-caisse-bois\/#breadcrumb\"},\"inLanguage\":\"nl-NL\",\"potentialAction\":[{\"@type\":\"ReadAction\",\"target\":[\"https:\/\/www.champmarket.com\/nl\/champagne\/vranken-diamant-brut-jeroboam-caisse-bois\/\"]}]},{\"@type\":\"ImageObject\",\"inLanguage\":\"nl-NL\",\"@id\":\"https:\/\/www.champmarket.com\/nl\/champagne\/vranken-diamant-brut-jeroboam-caisse-bois\/#primaryimage\",\"url\":\"https:\/\/www.champmarket.com\/wp-content\/uploads\/2023\/10\/vranken-diamant-brut-jeroboam-caisse-bois.jpg\",\"contentUrl\":\"https:\/\/www.champmarket.com\/wp-content\/uploads\/2023\/10\/vranken-diamant-brut-jeroboam-caisse-bois.jpg\",\"width\":1400,\"height\":1400,\"caption\":\"Champagne Vranken Diamant Brut J\u00e9roboam avec Caisse Bois - Champmarket\"},{\"@type\":\"BreadcrumbList\",\"@id\":\"https:\/\/www.champmarket.com\/nl\/champagne\/vranken-diamant-brut-jeroboam-caisse-bois\/#breadcrumb\",\"itemListElement\":[{\"@type\":\"ListItem\",\"position\":1,\"name\":\"Accueil\",\"item\":\"https:\/\/www.champmarket.com\/nl\/\"},{\"@type\":\"ListItem\",\"position\":2,\"name\":\"Winkel\",\"item\":\"https:\/\/www.champmarket.com\/nl\/boutique\/\"},{\"@type\":\"ListItem\",\"position\":3,\"name\":\"Vranken\",\"item\":\"https:\/\/www.champmarket.com\/nl\/maisons\/selectie-champagne-vranken-nl\/\"},{\"@type\":\"ListItem\",\"position\":4,\"name\":\"Vranken Diamant Brut Jeroboam met Houten Kist\"}]},{\"@type\":\"WebSite\",\"@id\":\"https:\/\/www.champmarket.com\/#website\",\"url\":\"https:\/\/www.champmarket.com\/\",\"name\":\"Champmarket\",\"description\":\"Champmarket, Champagnes, Cadeaus en Levenskunst\",\"publisher\":{\"@id\":\"https:\/\/www.champmarket.com\/#organization\"},\"potentialAction\":[{\"@type\":\"SearchAction\",\"target\":{\"@type\":\"EntryPoint\",\"urlTemplate\":\"https:\/\/www.champmarket.com\/?s={search_term_string}\"},\"query-input\":{\"@type\":\"PropertyValueSpecification\",\"valueRequired\":true,\"valueName\":\"search_term_string\"}}],\"inLanguage\":\"nl-NL\"},{\"@type\":\"Organization\",\"@id\":\"https:\/\/www.champmarket.com\/#organization\",\"name\":\"Champmarket\",\"url\":\"https:\/\/www.champmarket.com\/\",\"logo\":{\"@type\":\"ImageObject\",\"inLanguage\":\"nl-NL\",\"@id\":\"https:\/\/www.champmarket.com\/#\/schema\/logo\/image\/\",\"url\":\"https:\/\/www.champmarket.com\/wp-content\/uploads\/2024\/08\/logo2024-1.svg\",\"contentUrl\":\"https:\/\/www.champmarket.com\/wp-content\/uploads\/2024\/08\/logo2024-1.svg\",\"width\":579.8,\"height\":80,\"caption\":\"Champmarket\"},\"image\":{\"@id\":\"https:\/\/www.champmarket.com\/#\/schema\/logo\/image\/\"},\"sameAs\":[\"https:\/\/www.facebook.com\/ChampMarket\/\",\"https:\/\/x.com\/champmarket\",\"https:\/\/www.instagram.com\/champmarket.paris\/\",\"https:\/\/www.pinterest.fr\/champmarketparis\/\",\"https:\/\/www.linkedin.com\/company\/champmarket\/\"]}]}<\/script>\n<!-- \/ Yoast SEO plugin. -->","yoast_head_json":{"title":"Vranken Diamant Brut Jeroboam met Houten Kist - Champmarket","description":"Vranken Diamant Brut J\u00e9roboam avec Houten Kist is een cuv\u00e9e die zowel po\u00ebtisch als tijdloos is, en een extreme verfijning weerspiegelt die kwaliteit met schoonheid mengt. Diamant is een magische naam...","robots":{"index":"index","follow":"follow","max-snippet":"max-snippet:-1","max-image-preview":"max-image-preview:large","max-video-preview":"max-video-preview:-1"},"canonical":"https:\/\/www.champmarket.com\/nl\/champagne\/vranken-diamant-brut-jeroboam-caisse-bois\/","og_locale":"nl_NL","og_type":"article","og_title":"Vranken Diamant Brut Jeroboam met Houten Kist - Champmarket","og_description":"Vranken Diamant Brut J\u00e9roboam avec Houten Kist is een cuv\u00e9e die zowel po\u00ebtisch als tijdloos is, en een extreme verfijning weerspiegelt die kwaliteit met schoonheid mengt. Diamant is een magische naam...","og_url":"https:\/\/www.champmarket.com\/nl\/champagne\/vranken-diamant-brut-jeroboam-caisse-bois\/","og_site_name":"Champmarket","article_publisher":"https:\/\/www.facebook.com\/ChampMarket\/","og_image":[{"width":1400,"height":1400,"url":"https:\/\/www.champmarket.com\/wp-content\/uploads\/2023\/10\/vranken-diamant-brut-jeroboam-caisse-bois.jpg","type":"image\/jpeg"}],"twitter_card":"summary_large_image","twitter_site":"@champmarket","schema":{"@context":"https:\/\/schema.org","@graph":[{"@type":"WebPage","@id":"https:\/\/www.champmarket.com\/nl\/champagne\/vranken-diamant-brut-jeroboam-caisse-bois\/","url":"https:\/\/www.champmarket.com\/nl\/champagne\/vranken-diamant-brut-jeroboam-caisse-bois\/","name":"Vranken Diamant Brut Jeroboam met Houten Kist - Champmarket","isPartOf":{"@id":"https:\/\/www.champmarket.com\/#website"},"primaryImageOfPage":{"@id":"https:\/\/www.champmarket.com\/nl\/champagne\/vranken-diamant-brut-jeroboam-caisse-bois\/#primaryimage"},"image":{"@id":"https:\/\/www.champmarket.com\/nl\/champagne\/vranken-diamant-brut-jeroboam-caisse-bois\/#primaryimage"},"thumbnailUrl":"https:\/\/www.champmarket.com\/wp-content\/uploads\/2023\/10\/vranken-diamant-brut-jeroboam-caisse-bois.jpg","datePublished":"2023-10-25T15:07:29+00:00","description":"Vranken Diamant Brut J\u00e9roboam avec Houten Kist is een cuv\u00e9e die zowel po\u00ebtisch als tijdloos is, en een extreme verfijning weerspiegelt die kwaliteit met schoonheid mengt. Diamant is een magische naam...","breadcrumb":{"@id":"https:\/\/www.champmarket.com\/nl\/champagne\/vranken-diamant-brut-jeroboam-caisse-bois\/#breadcrumb"},"inLanguage":"nl-NL","potentialAction":[{"@type":"ReadAction","target":["https:\/\/www.champmarket.com\/nl\/champagne\/vranken-diamant-brut-jeroboam-caisse-bois\/"]}]},{"@type":"ImageObject","inLanguage":"nl-NL","@id":"https:\/\/www.champmarket.com\/nl\/champagne\/vranken-diamant-brut-jeroboam-caisse-bois\/#primaryimage","url":"https:\/\/www.champmarket.com\/wp-content\/uploads\/2023\/10\/vranken-diamant-brut-jeroboam-caisse-bois.jpg","contentUrl":"https:\/\/www.champmarket.com\/wp-content\/uploads\/2023\/10\/vranken-diamant-brut-jeroboam-caisse-bois.jpg","width":1400,"height":1400,"caption":"Champagne Vranken Diamant Brut J\u00e9roboam avec Caisse Bois - Champmarket"},{"@type":"BreadcrumbList","@id":"https:\/\/www.champmarket.com\/nl\/champagne\/vranken-diamant-brut-jeroboam-caisse-bois\/#breadcrumb","itemListElement":[{"@type":"ListItem","position":1,"name":"Accueil","item":"https:\/\/www.champmarket.com\/nl\/"},{"@type":"ListItem","position":2,"name":"Winkel","item":"https:\/\/www.champmarket.com\/nl\/boutique\/"},{"@type":"ListItem","position":3,"name":"Vranken","item":"https:\/\/www.champmarket.com\/nl\/maisons\/selectie-champagne-vranken-nl\/"},{"@type":"ListItem","position":4,"name":"Vranken Diamant Brut Jeroboam met Houten Kist"}]},{"@type":"WebSite","@id":"https:\/\/www.champmarket.com\/#website","url":"https:\/\/www.champmarket.com\/","name":"Champmarket","description":"Champmarket, Champagnes, Cadeaus en Levenskunst","publisher":{"@id":"https:\/\/www.champmarket.com\/#organization"},"potentialAction":[{"@type":"SearchAction","target":{"@type":"EntryPoint","urlTemplate":"https:\/\/www.champmarket.com\/?s={search_term_string}"},"query-input":{"@type":"PropertyValueSpecification","valueRequired":true,"valueName":"search_term_string"}}],"inLanguage":"nl-NL"},{"@type":"Organization","@id":"https:\/\/www.champmarket.com\/#organization","name":"Champmarket","url":"https:\/\/www.champmarket.com\/","logo":{"@type":"ImageObject","inLanguage":"nl-NL","@id":"https:\/\/www.champmarket.com\/#\/schema\/logo\/image\/","url":"https:\/\/www.champmarket.com\/wp-content\/uploads\/2024\/08\/logo2024-1.svg","contentUrl":"https:\/\/www.champmarket.com\/wp-content\/uploads\/2024\/08\/logo2024-1.svg","width":579.8,"height":80,"caption":"Champmarket"},"image":{"@id":"https:\/\/www.champmarket.com\/#\/schema\/logo\/image\/"},"sameAs":["https:\/\/www.facebook.com\/ChampMarket\/","https:\/\/x.com\/champmarket","https:\/\/www.instagram.com\/champmarket.paris\/","https:\/\/www.pinterest.fr\/champmarketparis\/","https:\/\/www.linkedin.com\/company\/champmarket\/"]}]}},"_links":{"self":[{"href":"https:\/\/www.champmarket.com\/nl\/wp-json\/wp\/v2\/product\/60394","targetHints":{"allow":["GET"]}}],"collection":[{"href":"https:\/\/www.champmarket.com\/nl\/wp-json\/wp\/v2\/product"}],"about":[{"href":"https:\/\/www.champmarket.com\/nl\/wp-json\/wp\/v2\/types\/product"}],"version-history":[{"count":0,"href":"https:\/\/www.champmarket.com\/nl\/wp-json\/wp\/v2\/product\/60394\/revisions"}],"wp:featuredmedia":[{"embeddable":true,"href":"https:\/\/www.champmarket.com\/nl\/wp-json\/wp\/v2\/media\/59989"}],"wp:attachment":[{"href":"https:\/\/www.champmarket.com\/nl\/wp-json\/wp\/v2\/media?parent=60394"}],"wp:term":[{"taxonomy":"product_brand","embeddable":true,"href":"https:\/\/www.champmarket.com\/nl\/wp-json\/wp\/v2\/product_brand?post=60394"},{"taxonomy":"product_cat","embeddable":true,"href":"https:\/\/www.champmarket.com\/nl\/wp-json\/wp\/v2\/product_cat?post=60394"},{"taxonomy":"product_tag","embeddable":true,"href":"https:\/\/www.champmarket.com\/nl\/wp-json\/wp\/v2\/product_tag?post=60394"}],"curies":[{"name":"wp","href":"https:\/\/api.w.org\/{rel}","templated":true}]}}